{"id":25043,"date":"2021-05-02T11:39:05","date_gmt":"2021-05-02T11:39:05","guid":{"rendered":"https:\/\/coffeelounge.delonghi.com\/?post_type=product&#038;p=25043"},"modified":"2024-03-04T08:34:39","modified_gmt":"2024-03-04T08:34:39","slug":"caffe-panama-geisha-finca-lerida-specialty-coffee-lady-caffe","status":"publish","type":"product","link":"https:\/\/coffeelounge.delonghi.com\/it\/product\/caffe-panama-geisha-finca-lerida-specialty-coffee-lady-caffe\/","title":{"rendered":"Caff\u00e8 PANAMA GEISHA FINCA LERIDA &#8211; Specialty coffee"},"content":{"rendered":"<p>Finca Lerida, \u00e8 una delle pi\u00f9 storiche e importanti realt\u00e0 panamensi per la coltivazione del caff\u00e8. Fu fondata a Boquete, alle pendici del vulcano Bar\u00f9, nel 1911 dall\u2019ingegnere norvegese Tollef M\u00f6nniche che qui vi si ritir\u00f2 in pensione.<\/p>\n<p>L\u2019ingegner M\u00f6nniche, oltre ad aver progettato le chiuse del canale di Panama, ha anche brevettato un sifone per la separazione delle bacche mature di caff\u00e8 dal resto del raccolto, tale sistema \u00e8 ancora attualmente in uso in gran parte dell\u2019America Latina.<\/p>\n<p>Siamo vicini al confine con il Costa Rica, immersi in una foresta tropicale dove il territorio vulcanico e il particolare microclima della zona donano ai caff\u00e8 caratteristiche uniche tali da far vincere numerosi premi ai caff\u00e8 di Finca Lerida, tra cui \u201cMiglior caff\u00e8 al mondo\u201d con il GEISHA nel 2003 secondo la American Specialty Coffee Association (SCAA).<\/p>\n<p>Questo caff\u00e8 fa parte del nostro progetto di selezione Specialty e Top Excellence.<\/p>\n<p>&nbsp;<\/p>\n","protected":false},"excerpt":{"rendered":"<p>Finca Lerida, \u00e8 una delle pi\u00f9 storiche e importanti realt\u00e0 panamensi per la coltivazione del caff\u00e8. Fu fondata a Boquete, alle pendici del vulcano Bar\u00f9, nel 1911 dall\u2019ingegnere norvegese Tollef M\u00f6nniche che qui vi si ritir\u00f2 in pensione. L\u2019ingegner M\u00f6nniche, oltre ad aver progettato le chiuse del canale di Panama, ha anche brevettato un sifone [&hellip;]<\/p>\n","protected":false},"featured_media":418848,"comment_status":"closed","ping_status":"closed","template":"","meta":{"_acf_changed":false},"product_cat":[74,26],"product_tag":[],"class_list":{"0":"post-25043","1":"product","2":"type-product","3":"status-publish","4":"has-post-thumbnail","6":"product_cat-tutti","7":"product_cat-specialita","9":"first","10":"instock","11":"taxable","12":"shipping-taxable","13":"purchasable","14":"product-type-variable"},"acf":[],"yoast_head":"<!-- This site is optimized with the Yoast SEO Premium plugin v24.5 (Yoast SEO v24.5) - https:\/\/yoast.com\/wordpress\/plugins\/seo\/ -->\n<title>Caff\u00e8 PANAMA GEISHA FINCA LERIDA - Specialty coffee | De&#039;Longhi<\/title>\n<meta name=\"description\" content=\"Caff\u00e8 PANAMA GEISHA. Finca Lerida, \u00e8 una delle pi\u00f9 storiche e importanti realt\u00e0 panamensi per la coltivazione del caff\u00e8.\" \/>\n<meta name=\"robots\" content=\"index, follow, max-snippet:-1, max-image-preview:large, max-video-preview:-1\" \/>\n<meta name=\"twitter:card\" content=\"summary_large_image\" \/>\n<meta name=\"twitter:title\" content=\"Caff\u00e8 PANAMA GEISHA FINCA LERIDA - Specialty coffee | De&#039;Longhi\" \/>\n<meta name=\"twitter:description\" content=\"Caff\u00e8 PANAMA GEISHA. Finca Lerida, \u00e8 una delle pi\u00f9 storiche e importanti realt\u00e0 panamensi per la coltivazione del caff\u00e8.\" \/>\n<meta name=\"twitter:image\" content=\"https:\/\/coffeelounge.delonghi.com\/wp-content\/uploads\/2021\/05\/PANAMA_GEISHA_FINCA_LERIDA\u2013Specialty_coffee_Lady-Pack4.png\" \/>\n<script type=\"application\/ld+json\" class=\"yoast-schema-graph\">{\"@context\":\"https:\/\/schema.org\",\"@graph\":[{\"@type\":\"WebPage\",\"@id\":\"https:\/\/coffeelounge.delonghi.com\/it\/product\/caffe-panama-geisha-finca-lerida-specialty-coffee-lady-caffe\/\",\"url\":\"https:\/\/coffeelounge.delonghi.com\/it\/product\/caffe-panama-geisha-finca-lerida-specialty-coffee-lady-caffe\/\",\"name\":\"Caff\u00e8 PANAMA GEISHA FINCA LERIDA - Specialty coffee | De&#039;Longhi\",\"isPartOf\":{\"@id\":\"https:\/\/coffeelounge.delonghi.com\/it\/#website\"},\"primaryImageOfPage\":{\"@id\":\"https:\/\/coffeelounge.delonghi.com\/it\/product\/caffe-panama-geisha-finca-lerida-specialty-coffee-lady-caffe\/#primaryimage\"},\"image\":{\"@id\":\"https:\/\/coffeelounge.delonghi.com\/it\/product\/caffe-panama-geisha-finca-lerida-specialty-coffee-lady-caffe\/#primaryimage\"},\"thumbnailUrl\":\"https:\/\/coffeelounge.delonghi.com\/wp-content\/uploads\/2021\/05\/PANAMA_GEISHA_FINCA_LERIDA\u2013Specialty_coffee_Lady-Pack4.png\",\"datePublished\":\"2021-05-02T11:39:05+00:00\",\"dateModified\":\"2024-03-04T08:34:39+00:00\",\"description\":\"Caff\u00e8 PANAMA GEISHA. Finca Lerida, \u00e8 una delle pi\u00f9 storiche e importanti realt\u00e0 panamensi per la coltivazione del caff\u00e8.\",\"breadcrumb\":{\"@id\":\"https:\/\/coffeelounge.delonghi.com\/it\/product\/caffe-panama-geisha-finca-lerida-specialty-coffee-lady-caffe\/#breadcrumb\"},\"inLanguage\":\"it-IT\",\"potentialAction\":[{\"@type\":\"ReadAction\",\"target\":[\"https:\/\/coffeelounge.delonghi.com\/it\/product\/caffe-panama-geisha-finca-lerida-specialty-coffee-lady-caffe\/\"]}]},{\"@type\":\"ImageObject\",\"inLanguage\":\"it-IT\",\"@id\":\"https:\/\/coffeelounge.delonghi.com\/it\/product\/caffe-panama-geisha-finca-lerida-specialty-coffee-lady-caffe\/#primaryimage\",\"url\":\"https:\/\/coffeelounge.delonghi.com\/wp-content\/uploads\/2021\/05\/PANAMA_GEISHA_FINCA_LERIDA\u2013Specialty_coffee_Lady-Pack4.png\",\"contentUrl\":\"https:\/\/coffeelounge.delonghi.com\/wp-content\/uploads\/2021\/05\/PANAMA_GEISHA_FINCA_LERIDA\u2013Specialty_coffee_Lady-Pack4.png\",\"width\":450,\"height\":450},{\"@type\":\"BreadcrumbList\",\"@id\":\"https:\/\/coffeelounge.delonghi.com\/it\/product\/caffe-panama-geisha-finca-lerida-specialty-coffee-lady-caffe\/#breadcrumb\",\"itemListElement\":[{\"@type\":\"ListItem\",\"position\":1,\"name\":\"Home\",\"item\":\"https:\/\/coffeelounge.delonghi.com\/it\/\"},{\"@type\":\"ListItem\",\"position\":2,\"name\":\"Boutique\",\"item\":\"https:\/\/coffeelounge.delonghi.com\/fr\/?page_id=36\"},{\"@type\":\"ListItem\",\"position\":3,\"name\":\"Caff\u00e8 PANAMA GEISHA FINCA LERIDA &#8211; Specialty coffee\"}]},{\"@type\":\"WebSite\",\"@id\":\"https:\/\/coffeelounge.delonghi.com\/it\/#website\",\"url\":\"https:\/\/coffeelounge.delonghi.com\/it\/\",\"name\":\"De&#039;Longhi\",\"description\":\"Coffee Lounge\",\"publisher\":{\"@id\":\"https:\/\/coffeelounge.delonghi.com\/it\/#organization\"},\"potentialAction\":[{\"@type\":\"SearchAction\",\"target\":{\"@type\":\"EntryPoint\",\"urlTemplate\":\"https:\/\/coffeelounge.delonghi.com\/it\/?s={search_term_string}\"},\"query-input\":{\"@type\":\"PropertyValueSpecification\",\"valueRequired\":true,\"valueName\":\"search_term_string\"}}],\"inLanguage\":\"it-IT\"},{\"@type\":\"Organization\",\"@id\":\"https:\/\/coffeelounge.delonghi.com\/it\/#organization\",\"name\":\"De'Longhi Coffee Lounge\",\"url\":\"https:\/\/coffeelounge.delonghi.com\/it\/\",\"logo\":{\"@type\":\"ImageObject\",\"inLanguage\":\"it-IT\",\"@id\":\"https:\/\/coffeelounge.delonghi.com\/it\/#\/schema\/logo\/image\/\",\"url\":\"https:\/\/coffeelounge.delonghi.com\/wp-content\/uploads\/2020\/05\/delonghi-coffee-lounge-logo-nederland.png\",\"contentUrl\":\"https:\/\/coffeelounge.delonghi.com\/wp-content\/uploads\/2020\/05\/delonghi-coffee-lounge-logo-nederland.png\",\"width\":2337,\"height\":724,\"caption\":\"De'Longhi Coffee Lounge\"},\"image\":{\"@id\":\"https:\/\/coffeelounge.delonghi.com\/it\/#\/schema\/logo\/image\/\"}}]}<\/script>\n<!-- \/ Yoast SEO Premium plugin. -->","yoast_head_json":{"title":"Caff\u00e8 PANAMA GEISHA FINCA LERIDA - Specialty coffee | De&#039;Longhi","description":"Caff\u00e8 PANAMA GEISHA. Finca Lerida, \u00e8 una delle pi\u00f9 storiche e importanti realt\u00e0 panamensi per la coltivazione del caff\u00e8.","robots":{"index":"index","follow":"follow","max-snippet":"max-snippet:-1","max-image-preview":"max-image-preview:large","max-video-preview":"max-video-preview:-1"},"twitter_card":"summary_large_image","twitter_title":"Caff\u00e8 PANAMA GEISHA FINCA LERIDA - Specialty coffee | De&#039;Longhi","twitter_description":"Caff\u00e8 PANAMA GEISHA. Finca Lerida, \u00e8 una delle pi\u00f9 storiche e importanti realt\u00e0 panamensi per la coltivazione del caff\u00e8.","twitter_image":"https:\/\/coffeelounge.delonghi.com\/wp-content\/uploads\/2021\/05\/PANAMA_GEISHA_FINCA_LERIDA\u2013Specialty_coffee_Lady-Pack4.png","schema":{"@context":"https:\/\/schema.org","@graph":[{"@type":"WebPage","@id":"https:\/\/coffeelounge.delonghi.com\/it\/product\/caffe-panama-geisha-finca-lerida-specialty-coffee-lady-caffe\/","url":"https:\/\/coffeelounge.delonghi.com\/it\/product\/caffe-panama-geisha-finca-lerida-specialty-coffee-lady-caffe\/","name":"Caff\u00e8 PANAMA GEISHA FINCA LERIDA - Specialty coffee | De&#039;Longhi","isPartOf":{"@id":"https:\/\/coffeelounge.delonghi.com\/it\/#website"},"primaryImageOfPage":{"@id":"https:\/\/coffeelounge.delonghi.com\/it\/product\/caffe-panama-geisha-finca-lerida-specialty-coffee-lady-caffe\/#primaryimage"},"image":{"@id":"https:\/\/coffeelounge.delonghi.com\/it\/product\/caffe-panama-geisha-finca-lerida-specialty-coffee-lady-caffe\/#primaryimage"},"thumbnailUrl":"https:\/\/coffeelounge.delonghi.com\/wp-content\/uploads\/2021\/05\/PANAMA_GEISHA_FINCA_LERIDA\u2013Specialty_coffee_Lady-Pack4.png","datePublished":"2021-05-02T11:39:05+00:00","dateModified":"2024-03-04T08:34:39+00:00","description":"Caff\u00e8 PANAMA GEISHA. Finca Lerida, \u00e8 una delle pi\u00f9 storiche e importanti realt\u00e0 panamensi per la coltivazione del caff\u00e8.","breadcrumb":{"@id":"https:\/\/coffeelounge.delonghi.com\/it\/product\/caffe-panama-geisha-finca-lerida-specialty-coffee-lady-caffe\/#breadcrumb"},"inLanguage":"it-IT","potentialAction":[{"@type":"ReadAction","target":["https:\/\/coffeelounge.delonghi.com\/it\/product\/caffe-panama-geisha-finca-lerida-specialty-coffee-lady-caffe\/"]}]},{"@type":"ImageObject","inLanguage":"it-IT","@id":"https:\/\/coffeelounge.delonghi.com\/it\/product\/caffe-panama-geisha-finca-lerida-specialty-coffee-lady-caffe\/#primaryimage","url":"https:\/\/coffeelounge.delonghi.com\/wp-content\/uploads\/2021\/05\/PANAMA_GEISHA_FINCA_LERIDA\u2013Specialty_coffee_Lady-Pack4.png","contentUrl":"https:\/\/coffeelounge.delonghi.com\/wp-content\/uploads\/2021\/05\/PANAMA_GEISHA_FINCA_LERIDA\u2013Specialty_coffee_Lady-Pack4.png","width":450,"height":450},{"@type":"BreadcrumbList","@id":"https:\/\/coffeelounge.delonghi.com\/it\/product\/caffe-panama-geisha-finca-lerida-specialty-coffee-lady-caffe\/#breadcrumb","itemListElement":[{"@type":"ListItem","position":1,"name":"Home","item":"https:\/\/coffeelounge.delonghi.com\/it\/"},{"@type":"ListItem","position":2,"name":"Boutique","item":"https:\/\/coffeelounge.delonghi.com\/fr\/?page_id=36"},{"@type":"ListItem","position":3,"name":"Caff\u00e8 PANAMA GEISHA FINCA LERIDA &#8211; Specialty coffee"}]},{"@type":"WebSite","@id":"https:\/\/coffeelounge.delonghi.com\/it\/#website","url":"https:\/\/coffeelounge.delonghi.com\/it\/","name":"De&#039;Longhi","description":"Coffee Lounge","publisher":{"@id":"https:\/\/coffeelounge.delonghi.com\/it\/#organization"},"potentialAction":[{"@type":"SearchAction","target":{"@type":"EntryPoint","urlTemplate":"https:\/\/coffeelounge.delonghi.com\/it\/?s={search_term_string}"},"query-input":{"@type":"PropertyValueSpecification","valueRequired":true,"valueName":"search_term_string"}}],"inLanguage":"it-IT"},{"@type":"Organization","@id":"https:\/\/coffeelounge.delonghi.com\/it\/#organization","name":"De'Longhi Coffee Lounge","url":"https:\/\/coffeelounge.delonghi.com\/it\/","logo":{"@type":"ImageObject","inLanguage":"it-IT","@id":"https:\/\/coffeelounge.delonghi.com\/it\/#\/schema\/logo\/image\/","url":"https:\/\/coffeelounge.delonghi.com\/wp-content\/uploads\/2020\/05\/delonghi-coffee-lounge-logo-nederland.png","contentUrl":"https:\/\/coffeelounge.delonghi.com\/wp-content\/uploads\/2020\/05\/delonghi-coffee-lounge-logo-nederland.png","width":2337,"height":724,"caption":"De'Longhi Coffee Lounge"},"image":{"@id":"https:\/\/coffeelounge.delonghi.com\/it\/#\/schema\/logo\/image\/"}}]}},"_links":{"self":[{"href":"https:\/\/coffeelounge.delonghi.com\/it\/wp-json\/wp\/v2\/product\/25043","targetHints":{"allow":["GET"]}}],"collection":[{"href":"https:\/\/coffeelounge.delonghi.com\/it\/wp-json\/wp\/v2\/product"}],"about":[{"href":"https:\/\/coffeelounge.delonghi.com\/it\/wp-json\/wp\/v2\/types\/product"}],"replies":[{"embeddable":true,"href":"https:\/\/coffeelounge.delonghi.com\/it\/wp-json\/wp\/v2\/comments?post=25043"}],"version-history":[{"count":2,"href":"https:\/\/coffeelounge.delonghi.com\/it\/wp-json\/wp\/v2\/product\/25043\/revisions"}],"predecessor-version":[{"id":422024,"href":"https:\/\/coffeelounge.delonghi.com\/it\/wp-json\/wp\/v2\/product\/25043\/revisions\/422024"}],"wp:featuredmedia":[{"embeddable":true,"href":"https:\/\/coffeelounge.delonghi.com\/it\/wp-json\/wp\/v2\/media\/418848"}],"wp:attachment":[{"href":"https:\/\/coffeelounge.delonghi.com\/it\/wp-json\/wp\/v2\/media?parent=25043"}],"wp:term":[{"taxonomy":"product_cat","embeddable":true,"href":"https:\/\/coffeelounge.delonghi.com\/it\/wp-json\/wp\/v2\/product_cat?post=25043"},{"taxonomy":"product_tag","embeddable":true,"href":"https:\/\/coffeelounge.delonghi.com\/it\/wp-json\/wp\/v2\/product_tag?post=25043"}],"curies":[{"name":"wp","href":"https:\/\/api.w.org\/{rel}","templated":true}]}}