{"id":25022,"date":"2021-05-02T11:15:50","date_gmt":"2021-05-02T11:15:50","guid":{"rendered":"https:\/\/coffeelounge.delonghi.com\/?post_type=product&#038;p=25022"},"modified":"2024-03-04T08:34:56","modified_gmt":"2024-03-04T08:34:56","slug":"caffe-noe-f-portillo-honduras-specialty-coffee-lady-caffe","status":"publish","type":"product","link":"https:\/\/coffeelounge.delonghi.com\/it\/product\/caffe-noe-f-portillo-honduras-specialty-coffee-lady-caffe\/","title":{"rendered":"Caff\u00e8 NOE F.PORTILLO HONDURAS &#8211; Specialty coffee"},"content":{"rendered":"<p>Noe \u00e8 un piccolo produttore di caff\u00e8 che da qualche anno ha iniziato a produrre dei micro lotti di caff\u00e8 mono varietale arabica Parainema. Lo raccoglie a mano, ciliegia per ciliegia, riuscendo a selezionare solo quelle perfettamente mature. Dopo la spolpatura e la lavorazione del caff\u00e8 con il metodo della fermentazione honey, i chicchi in pergamino vengono asciutati naturalmente nella sua serra. Il suo caff\u00e8 \u00e8 caratterizzato da un chicco dalla forma riconoscibile e da una qualit\u00e0 in tazza di grande pregio.<\/p>\n<p>Finca_San_Fernando<\/p>\n<p>Finca San Fernando \u00e8 un progetto di responsabilit\u00e0 sociale che appartiene alla cooperativa del caff\u00e8 locale.<\/p>\n<p>Essa svolge diversi progetti sociali come: insegnamento ai bambini e giovani con una biblioteca virtuale, politica di sviluppo e formazione sulla prevenzione del lavoro minorile, accademia giovanile di calcio, clinica medica rurale.<\/p>\n<p>Finca San Fernando preserva l\u2019ambiente con la diversificazione del prodotto, le pratiche agricole sostenibili, riforestazione, produzione di caff\u00e8 honey di alta qualit\u00e0, protezione del fiume. Questo caff\u00e8 fa parte del nostro progetto di selezione Specialty.<\/p>\n<p><strong>Certificazioni<\/strong>: No possiede certificazioni al momento, ma fa parte di un progetto sociale che si chiama Finca San Fernando<\/p>\n","protected":false},"excerpt":{"rendered":"<p>Noe \u00e8 un piccolo produttore di caff\u00e8 che da qualche anno ha iniziato a produrre dei micro lotti di caff\u00e8 mono varietale arabica Parainema. Lo raccoglie a mano, ciliegia per ciliegia, riuscendo a selezionare solo quelle perfettamente mature. Dopo la spolpatura e la lavorazione del caff\u00e8 con il metodo della fermentazione honey, i chicchi in [&hellip;]<\/p>\n","protected":false},"featured_media":418874,"comment_status":"closed","ping_status":"closed","template":"","meta":{"_acf_changed":false},"product_cat":[74,26],"product_tag":[],"class_list":{"0":"post-25022","1":"product","2":"type-product","3":"status-publish","4":"has-post-thumbnail","6":"product_cat-tutti","7":"product_cat-specialita","9":"first","10":"instock","11":"taxable","12":"shipping-taxable","13":"purchasable","14":"product-type-variable"},"acf":[],"yoast_head":"<!-- This site is optimized with the Yoast SEO Premium plugin v24.5 (Yoast SEO v24.5) - https:\/\/yoast.com\/wordpress\/plugins\/seo\/ -->\n<title>Caff\u00e8 NOE F.PORTILLO HONDURAS - Specialty coffee | De&#039;Longhi<\/title>\n<meta name=\"description\" content=\"Noe \u00e8 un piccolo produttore di caff\u00e8 che da qualche anno ha iniziato a produrre dei micro lotti di caff\u00e8 mono varietale arabica Parainema.\" \/>\n<meta name=\"robots\" content=\"index, follow, max-snippet:-1, max-image-preview:large, max-video-preview:-1\" \/>\n<meta name=\"twitter:card\" content=\"summary_large_image\" \/>\n<meta name=\"twitter:title\" content=\"Caff\u00e8 NOE F.PORTILLO HONDURAS - Specialty coffee | De&#039;Longhi\" \/>\n<meta name=\"twitter:description\" content=\"Noe \u00e8 un piccolo produttore di caff\u00e8 che da qualche anno ha iniziato a produrre dei micro lotti di caff\u00e8 mono varietale arabica Parainema.\" \/>\n<meta name=\"twitter:image\" content=\"https:\/\/coffeelounge.delonghi.com\/wp-content\/uploads\/2021\/05\/NOE_F_PORTILLO_HONDURAS\u2013Specialty_coffee_Lady-Pack2.png\" \/>\n<script type=\"application\/ld+json\" class=\"yoast-schema-graph\">{\"@context\":\"https:\/\/schema.org\",\"@graph\":[{\"@type\":\"WebPage\",\"@id\":\"https:\/\/coffeelounge.delonghi.com\/it\/product\/caffe-noe-f-portillo-honduras-specialty-coffee-lady-caffe\/\",\"url\":\"https:\/\/coffeelounge.delonghi.com\/it\/product\/caffe-noe-f-portillo-honduras-specialty-coffee-lady-caffe\/\",\"name\":\"Caff\u00e8 NOE F.PORTILLO HONDURAS - Specialty coffee | De&#039;Longhi\",\"isPartOf\":{\"@id\":\"https:\/\/coffeelounge.delonghi.com\/it\/#website\"},\"primaryImageOfPage\":{\"@id\":\"https:\/\/coffeelounge.delonghi.com\/it\/product\/caffe-noe-f-portillo-honduras-specialty-coffee-lady-caffe\/#primaryimage\"},\"image\":{\"@id\":\"https:\/\/coffeelounge.delonghi.com\/it\/product\/caffe-noe-f-portillo-honduras-specialty-coffee-lady-caffe\/#primaryimage\"},\"thumbnailUrl\":\"https:\/\/coffeelounge.delonghi.com\/wp-content\/uploads\/2021\/05\/NOE_F_PORTILLO_HONDURAS\u2013Specialty_coffee_Lady-Pack2.png\",\"datePublished\":\"2021-05-02T11:15:50+00:00\",\"dateModified\":\"2024-03-04T08:34:56+00:00\",\"description\":\"Noe \u00e8 un piccolo produttore di caff\u00e8 che da qualche anno ha iniziato a produrre dei micro lotti di caff\u00e8 mono varietale arabica Parainema.\",\"breadcrumb\":{\"@id\":\"https:\/\/coffeelounge.delonghi.com\/it\/product\/caffe-noe-f-portillo-honduras-specialty-coffee-lady-caffe\/#breadcrumb\"},\"inLanguage\":\"it-IT\",\"potentialAction\":[{\"@type\":\"ReadAction\",\"target\":[\"https:\/\/coffeelounge.delonghi.com\/it\/product\/caffe-noe-f-portillo-honduras-specialty-coffee-lady-caffe\/\"]}]},{\"@type\":\"ImageObject\",\"inLanguage\":\"it-IT\",\"@id\":\"https:\/\/coffeelounge.delonghi.com\/it\/product\/caffe-noe-f-portillo-honduras-specialty-coffee-lady-caffe\/#primaryimage\",\"url\":\"https:\/\/coffeelounge.delonghi.com\/wp-content\/uploads\/2021\/05\/NOE_F_PORTILLO_HONDURAS\u2013Specialty_coffee_Lady-Pack2.png\",\"contentUrl\":\"https:\/\/coffeelounge.delonghi.com\/wp-content\/uploads\/2021\/05\/NOE_F_PORTILLO_HONDURAS\u2013Specialty_coffee_Lady-Pack2.png\",\"width\":450,\"height\":450},{\"@type\":\"BreadcrumbList\",\"@id\":\"https:\/\/coffeelounge.delonghi.com\/it\/product\/caffe-noe-f-portillo-honduras-specialty-coffee-lady-caffe\/#breadcrumb\",\"itemListElement\":[{\"@type\":\"ListItem\",\"position\":1,\"name\":\"Home\",\"item\":\"https:\/\/coffeelounge.delonghi.com\/it\/\"},{\"@type\":\"ListItem\",\"position\":2,\"name\":\"Boutique\",\"item\":\"https:\/\/coffeelounge.delonghi.com\/fr\/?page_id=36\"},{\"@type\":\"ListItem\",\"position\":3,\"name\":\"Caff\u00e8 NOE F.PORTILLO HONDURAS &#8211; Specialty coffee\"}]},{\"@type\":\"WebSite\",\"@id\":\"https:\/\/coffeelounge.delonghi.com\/it\/#website\",\"url\":\"https:\/\/coffeelounge.delonghi.com\/it\/\",\"name\":\"De&#039;Longhi\",\"description\":\"Coffee Lounge\",\"publisher\":{\"@id\":\"https:\/\/coffeelounge.delonghi.com\/it\/#organization\"},\"potentialAction\":[{\"@type\":\"SearchAction\",\"target\":{\"@type\":\"EntryPoint\",\"urlTemplate\":\"https:\/\/coffeelounge.delonghi.com\/it\/?s={search_term_string}\"},\"query-input\":{\"@type\":\"PropertyValueSpecification\",\"valueRequired\":true,\"valueName\":\"search_term_string\"}}],\"inLanguage\":\"it-IT\"},{\"@type\":\"Organization\",\"@id\":\"https:\/\/coffeelounge.delonghi.com\/it\/#organization\",\"name\":\"De'Longhi Coffee Lounge\",\"url\":\"https:\/\/coffeelounge.delonghi.com\/it\/\",\"logo\":{\"@type\":\"ImageObject\",\"inLanguage\":\"it-IT\",\"@id\":\"https:\/\/coffeelounge.delonghi.com\/it\/#\/schema\/logo\/image\/\",\"url\":\"https:\/\/coffeelounge.delonghi.com\/wp-content\/uploads\/2020\/05\/delonghi-coffee-lounge-logo-nederland.png\",\"contentUrl\":\"https:\/\/coffeelounge.delonghi.com\/wp-content\/uploads\/2020\/05\/delonghi-coffee-lounge-logo-nederland.png\",\"width\":2337,\"height\":724,\"caption\":\"De'Longhi Coffee Lounge\"},\"image\":{\"@id\":\"https:\/\/coffeelounge.delonghi.com\/it\/#\/schema\/logo\/image\/\"}}]}<\/script>\n<!-- \/ Yoast SEO Premium plugin. -->","yoast_head_json":{"title":"Caff\u00e8 NOE F.PORTILLO HONDURAS - Specialty coffee | De&#039;Longhi","description":"Noe \u00e8 un piccolo produttore di caff\u00e8 che da qualche anno ha iniziato a produrre dei micro lotti di caff\u00e8 mono varietale arabica Parainema.","robots":{"index":"index","follow":"follow","max-snippet":"max-snippet:-1","max-image-preview":"max-image-preview:large","max-video-preview":"max-video-preview:-1"},"twitter_card":"summary_large_image","twitter_title":"Caff\u00e8 NOE F.PORTILLO HONDURAS - Specialty coffee | De&#039;Longhi","twitter_description":"Noe \u00e8 un piccolo produttore di caff\u00e8 che da qualche anno ha iniziato a produrre dei micro lotti di caff\u00e8 mono varietale arabica Parainema.","twitter_image":"https:\/\/coffeelounge.delonghi.com\/wp-content\/uploads\/2021\/05\/NOE_F_PORTILLO_HONDURAS\u2013Specialty_coffee_Lady-Pack2.png","schema":{"@context":"https:\/\/schema.org","@graph":[{"@type":"WebPage","@id":"https:\/\/coffeelounge.delonghi.com\/it\/product\/caffe-noe-f-portillo-honduras-specialty-coffee-lady-caffe\/","url":"https:\/\/coffeelounge.delonghi.com\/it\/product\/caffe-noe-f-portillo-honduras-specialty-coffee-lady-caffe\/","name":"Caff\u00e8 NOE F.PORTILLO HONDURAS - Specialty coffee | De&#039;Longhi","isPartOf":{"@id":"https:\/\/coffeelounge.delonghi.com\/it\/#website"},"primaryImageOfPage":{"@id":"https:\/\/coffeelounge.delonghi.com\/it\/product\/caffe-noe-f-portillo-honduras-specialty-coffee-lady-caffe\/#primaryimage"},"image":{"@id":"https:\/\/coffeelounge.delonghi.com\/it\/product\/caffe-noe-f-portillo-honduras-specialty-coffee-lady-caffe\/#primaryimage"},"thumbnailUrl":"https:\/\/coffeelounge.delonghi.com\/wp-content\/uploads\/2021\/05\/NOE_F_PORTILLO_HONDURAS\u2013Specialty_coffee_Lady-Pack2.png","datePublished":"2021-05-02T11:15:50+00:00","dateModified":"2024-03-04T08:34:56+00:00","description":"Noe \u00e8 un piccolo produttore di caff\u00e8 che da qualche anno ha iniziato a produrre dei micro lotti di caff\u00e8 mono varietale arabica Parainema.","breadcrumb":{"@id":"https:\/\/coffeelounge.delonghi.com\/it\/product\/caffe-noe-f-portillo-honduras-specialty-coffee-lady-caffe\/#breadcrumb"},"inLanguage":"it-IT","potentialAction":[{"@type":"ReadAction","target":["https:\/\/coffeelounge.delonghi.com\/it\/product\/caffe-noe-f-portillo-honduras-specialty-coffee-lady-caffe\/"]}]},{"@type":"ImageObject","inLanguage":"it-IT","@id":"https:\/\/coffeelounge.delonghi.com\/it\/product\/caffe-noe-f-portillo-honduras-specialty-coffee-lady-caffe\/#primaryimage","url":"https:\/\/coffeelounge.delonghi.com\/wp-content\/uploads\/2021\/05\/NOE_F_PORTILLO_HONDURAS\u2013Specialty_coffee_Lady-Pack2.png","contentUrl":"https:\/\/coffeelounge.delonghi.com\/wp-content\/uploads\/2021\/05\/NOE_F_PORTILLO_HONDURAS\u2013Specialty_coffee_Lady-Pack2.png","width":450,"height":450},{"@type":"BreadcrumbList","@id":"https:\/\/coffeelounge.delonghi.com\/it\/product\/caffe-noe-f-portillo-honduras-specialty-coffee-lady-caffe\/#breadcrumb","itemListElement":[{"@type":"ListItem","position":1,"name":"Home","item":"https:\/\/coffeelounge.delonghi.com\/it\/"},{"@type":"ListItem","position":2,"name":"Boutique","item":"https:\/\/coffeelounge.delonghi.com\/fr\/?page_id=36"},{"@type":"ListItem","position":3,"name":"Caff\u00e8 NOE F.PORTILLO HONDURAS &#8211; Specialty coffee"}]},{"@type":"WebSite","@id":"https:\/\/coffeelounge.delonghi.com\/it\/#website","url":"https:\/\/coffeelounge.delonghi.com\/it\/","name":"De&#039;Longhi","description":"Coffee Lounge","publisher":{"@id":"https:\/\/coffeelounge.delonghi.com\/it\/#organization"},"potentialAction":[{"@type":"SearchAction","target":{"@type":"EntryPoint","urlTemplate":"https:\/\/coffeelounge.delonghi.com\/it\/?s={search_term_string}"},"query-input":{"@type":"PropertyValueSpecification","valueRequired":true,"valueName":"search_term_string"}}],"inLanguage":"it-IT"},{"@type":"Organization","@id":"https:\/\/coffeelounge.delonghi.com\/it\/#organization","name":"De'Longhi Coffee Lounge","url":"https:\/\/coffeelounge.delonghi.com\/it\/","logo":{"@type":"ImageObject","inLanguage":"it-IT","@id":"https:\/\/coffeelounge.delonghi.com\/it\/#\/schema\/logo\/image\/","url":"https:\/\/coffeelounge.delonghi.com\/wp-content\/uploads\/2020\/05\/delonghi-coffee-lounge-logo-nederland.png","contentUrl":"https:\/\/coffeelounge.delonghi.com\/wp-content\/uploads\/2020\/05\/delonghi-coffee-lounge-logo-nederland.png","width":2337,"height":724,"caption":"De'Longhi Coffee Lounge"},"image":{"@id":"https:\/\/coffeelounge.delonghi.com\/it\/#\/schema\/logo\/image\/"}}]}},"_links":{"self":[{"href":"https:\/\/coffeelounge.delonghi.com\/it\/wp-json\/wp\/v2\/product\/25022","targetHints":{"allow":["GET"]}}],"collection":[{"href":"https:\/\/coffeelounge.delonghi.com\/it\/wp-json\/wp\/v2\/product"}],"about":[{"href":"https:\/\/coffeelounge.delonghi.com\/it\/wp-json\/wp\/v2\/types\/product"}],"replies":[{"embeddable":true,"href":"https:\/\/coffeelounge.delonghi.com\/it\/wp-json\/wp\/v2\/comments?post=25022"}],"version-history":[{"count":2,"href":"https:\/\/coffeelounge.delonghi.com\/it\/wp-json\/wp\/v2\/product\/25022\/revisions"}],"predecessor-version":[{"id":422026,"href":"https:\/\/coffeelounge.delonghi.com\/it\/wp-json\/wp\/v2\/product\/25022\/revisions\/422026"}],"wp:featuredmedia":[{"embeddable":true,"href":"https:\/\/coffeelounge.delonghi.com\/it\/wp-json\/wp\/v2\/media\/418874"}],"wp:attachment":[{"href":"https:\/\/coffeelounge.delonghi.com\/it\/wp-json\/wp\/v2\/media?parent=25022"}],"wp:term":[{"taxonomy":"product_cat","embeddable":true,"href":"https:\/\/coffeelounge.delonghi.com\/it\/wp-json\/wp\/v2\/product_cat?post=25022"},{"taxonomy":"product_tag","embeddable":true,"href":"https:\/\/coffeelounge.delonghi.com\/it\/wp-json\/wp\/v2\/product_tag?post=25022"}],"curies":[{"name":"wp","href":"https:\/\/api.w.org\/{rel}","templated":true}]}}