{"id":24959,"date":"2021-05-02T09:28:31","date_gmt":"2021-05-02T09:28:31","guid":{"rendered":"https:\/\/coffeelounge.delonghi.com\/?post_type=product&#038;p=24959"},"modified":"2024-03-04T08:36:45","modified_gmt":"2024-03-04T08:36:45","slug":"di-bernardo-caffe-24-k","status":"publish","type":"product","link":"https:\/\/coffeelounge.delonghi.com\/it\/product\/di-bernardo-caffe-24-k\/","title":{"rendered":"Miscela Professionale di Caff\u00e8 in Grani &#8211; Di Bernardo Caff\u00e8 24 K"},"content":{"rendered":"<p>E\u2019 una miscela composta da diverse monorigini di caff\u00e8. La parte arabica comprende al suo interno una selezione di caff\u00e8 pregiati sia naturali che lavati che vengono accoppiati, nella miscelazione, a dell\u2019ottima robusta che ne conferisce spiccate qualit\u00e0 tattili. Questa miscela porta ad un risultato in tazza sorprendente. Un equilibrio di sapori e caratteristiche ben bilanciato, in cui si avvertono le spaziature ed i profumi delle arabiche perfettamente amalgamate alla densit\u00e0, allo spessore ed alla cremosit\u00e0 delle robuste di qualit\u00e0.<\/p>\n<p>E\u2019 un 60\/40, vale a dire il 60% di parte arabica perfettamente equilibrato con un 40% di robusta.<\/p>\n<p><strong>Certificazione<\/strong>: Fairtrade<\/p>\n<p><strong>Parametro consigliato per la macchina da caff\u00e8 espresso<\/strong>: macinatura fine<\/p>\n","protected":false},"excerpt":{"rendered":"<p>E\u2019 una miscela composta da diverse monorigini di caff\u00e8. La parte arabica comprende al suo interno una selezione di caff\u00e8 pregiati sia naturali che lavati che vengono accoppiati, nella miscelazione, a dell\u2019ottima robusta che ne conferisce spiccate qualit\u00e0 tattili. Questa miscela porta ad un risultato in tazza sorprendente. Un equilibrio di sapori e caratteristiche ben [&hellip;]<\/p>\n","protected":false},"featured_media":418931,"comment_status":"closed","ping_status":"closed","template":"","meta":{"_acf_changed":false},"product_cat":[74,29],"product_tag":[],"class_list":{"0":"post-24959","1":"product","2":"type-product","3":"status-publish","4":"has-post-thumbnail","6":"product_cat-tutti","7":"product_cat-miscela","9":"first","10":"instock","11":"taxable","12":"shipping-taxable","13":"purchasable","14":"product-type-variable"},"acf":[],"yoast_head":"<!-- This site is optimized with the Yoast SEO Premium plugin v24.5 (Yoast SEO v24.5) - https:\/\/yoast.com\/wordpress\/plugins\/seo\/ -->\n<title>Caff\u00e8 in Grani 24 K, Di Bernardo Caff\u00e8 | Coffee Lounge IT<\/title>\n<meta name=\"description\" content=\"Miscela Professionale di Caff\u00e8 in Grani - Di Bernardo Caff\u00e8 24 K. E\u2019 una miscela composta da diverse monorigini di caff\u00e8.\" \/>\n<meta name=\"robots\" content=\"index, follow, max-snippet:-1, max-image-preview:large, max-video-preview:-1\" \/>\n<meta name=\"twitter:card\" content=\"summary_large_image\" \/>\n<meta name=\"twitter:title\" content=\"Caff\u00e8 in Grani 24 K, Di Bernardo Caff\u00e8 | Coffee Lounge IT\" \/>\n<meta name=\"twitter:description\" content=\"Miscela Professionale di Caff\u00e8 in Grani - Di Bernardo Caff\u00e8 24 K. E\u2019 una miscela composta da diverse monorigini di caff\u00e8.\" \/>\n<meta name=\"twitter:image\" content=\"https:\/\/coffeelounge.delonghi.com\/wp-content\/uploads\/2021\/05\/Di-Bernardo-Caffe-Pack1.png\" \/>\n<script type=\"application\/ld+json\" class=\"yoast-schema-graph\">{\"@context\":\"https:\/\/schema.org\",\"@graph\":[{\"@type\":\"WebPage\",\"@id\":\"https:\/\/coffeelounge.delonghi.com\/it\/product\/di-bernardo-caffe-24-k\/\",\"url\":\"https:\/\/coffeelounge.delonghi.com\/it\/product\/di-bernardo-caffe-24-k\/\",\"name\":\"Caff\u00e8 in Grani 24 K, Di Bernardo Caff\u00e8 | Coffee Lounge IT\",\"isPartOf\":{\"@id\":\"https:\/\/coffeelounge.delonghi.com\/it\/#website\"},\"primaryImageOfPage\":{\"@id\":\"https:\/\/coffeelounge.delonghi.com\/it\/product\/di-bernardo-caffe-24-k\/#primaryimage\"},\"image\":{\"@id\":\"https:\/\/coffeelounge.delonghi.com\/it\/product\/di-bernardo-caffe-24-k\/#primaryimage\"},\"thumbnailUrl\":\"https:\/\/coffeelounge.delonghi.com\/wp-content\/uploads\/2021\/05\/Di-Bernardo-Caffe-Pack1.png\",\"datePublished\":\"2021-05-02T09:28:31+00:00\",\"dateModified\":\"2024-03-04T08:36:45+00:00\",\"description\":\"Miscela Professionale di Caff\u00e8 in Grani - Di Bernardo Caff\u00e8 24 K. E\u2019 una miscela composta da diverse monorigini di caff\u00e8.\",\"breadcrumb\":{\"@id\":\"https:\/\/coffeelounge.delonghi.com\/it\/product\/di-bernardo-caffe-24-k\/#breadcrumb\"},\"inLanguage\":\"it-IT\",\"potentialAction\":[{\"@type\":\"ReadAction\",\"target\":[\"https:\/\/coffeelounge.delonghi.com\/it\/product\/di-bernardo-caffe-24-k\/\"]}]},{\"@type\":\"ImageObject\",\"inLanguage\":\"it-IT\",\"@id\":\"https:\/\/coffeelounge.delonghi.com\/it\/product\/di-bernardo-caffe-24-k\/#primaryimage\",\"url\":\"https:\/\/coffeelounge.delonghi.com\/wp-content\/uploads\/2021\/05\/Di-Bernardo-Caffe-Pack1.png\",\"contentUrl\":\"https:\/\/coffeelounge.delonghi.com\/wp-content\/uploads\/2021\/05\/Di-Bernardo-Caffe-Pack1.png\",\"width\":450,\"height\":450},{\"@type\":\"BreadcrumbList\",\"@id\":\"https:\/\/coffeelounge.delonghi.com\/it\/product\/di-bernardo-caffe-24-k\/#breadcrumb\",\"itemListElement\":[{\"@type\":\"ListItem\",\"position\":1,\"name\":\"Home\",\"item\":\"https:\/\/coffeelounge.delonghi.com\/it\/\"},{\"@type\":\"ListItem\",\"position\":2,\"name\":\"Boutique\",\"item\":\"https:\/\/coffeelounge.delonghi.com\/fr\/?page_id=36\"},{\"@type\":\"ListItem\",\"position\":3,\"name\":\"Miscela Professionale di Caff\u00e8 in Grani &#8211; Di Bernardo Caff\u00e8 24 K\"}]},{\"@type\":\"WebSite\",\"@id\":\"https:\/\/coffeelounge.delonghi.com\/it\/#website\",\"url\":\"https:\/\/coffeelounge.delonghi.com\/it\/\",\"name\":\"De&#039;Longhi\",\"description\":\"Coffee Lounge\",\"publisher\":{\"@id\":\"https:\/\/coffeelounge.delonghi.com\/it\/#organization\"},\"potentialAction\":[{\"@type\":\"SearchAction\",\"target\":{\"@type\":\"EntryPoint\",\"urlTemplate\":\"https:\/\/coffeelounge.delonghi.com\/it\/?s={search_term_string}\"},\"query-input\":{\"@type\":\"PropertyValueSpecification\",\"valueRequired\":true,\"valueName\":\"search_term_string\"}}],\"inLanguage\":\"it-IT\"},{\"@type\":\"Organization\",\"@id\":\"https:\/\/coffeelounge.delonghi.com\/it\/#organization\",\"name\":\"De'Longhi Coffee Lounge\",\"url\":\"https:\/\/coffeelounge.delonghi.com\/it\/\",\"logo\":{\"@type\":\"ImageObject\",\"inLanguage\":\"it-IT\",\"@id\":\"https:\/\/coffeelounge.delonghi.com\/it\/#\/schema\/logo\/image\/\",\"url\":\"https:\/\/coffeelounge.delonghi.com\/wp-content\/uploads\/2020\/05\/delonghi-coffee-lounge-logo-nederland.png\",\"contentUrl\":\"https:\/\/coffeelounge.delonghi.com\/wp-content\/uploads\/2020\/05\/delonghi-coffee-lounge-logo-nederland.png\",\"width\":2337,\"height\":724,\"caption\":\"De'Longhi Coffee Lounge\"},\"image\":{\"@id\":\"https:\/\/coffeelounge.delonghi.com\/it\/#\/schema\/logo\/image\/\"}}]}<\/script>\n<!-- \/ Yoast SEO Premium plugin. -->","yoast_head_json":{"title":"Caff\u00e8 in Grani 24 K, Di Bernardo Caff\u00e8 | Coffee Lounge IT","description":"Miscela Professionale di Caff\u00e8 in Grani - Di Bernardo Caff\u00e8 24 K. E\u2019 una miscela composta da diverse monorigini di caff\u00e8.","robots":{"index":"index","follow":"follow","max-snippet":"max-snippet:-1","max-image-preview":"max-image-preview:large","max-video-preview":"max-video-preview:-1"},"twitter_card":"summary_large_image","twitter_title":"Caff\u00e8 in Grani 24 K, Di Bernardo Caff\u00e8 | Coffee Lounge IT","twitter_description":"Miscela Professionale di Caff\u00e8 in Grani - Di Bernardo Caff\u00e8 24 K. E\u2019 una miscela composta da diverse monorigini di caff\u00e8.","twitter_image":"https:\/\/coffeelounge.delonghi.com\/wp-content\/uploads\/2021\/05\/Di-Bernardo-Caffe-Pack1.png","schema":{"@context":"https:\/\/schema.org","@graph":[{"@type":"WebPage","@id":"https:\/\/coffeelounge.delonghi.com\/it\/product\/di-bernardo-caffe-24-k\/","url":"https:\/\/coffeelounge.delonghi.com\/it\/product\/di-bernardo-caffe-24-k\/","name":"Caff\u00e8 in Grani 24 K, Di Bernardo Caff\u00e8 | Coffee Lounge IT","isPartOf":{"@id":"https:\/\/coffeelounge.delonghi.com\/it\/#website"},"primaryImageOfPage":{"@id":"https:\/\/coffeelounge.delonghi.com\/it\/product\/di-bernardo-caffe-24-k\/#primaryimage"},"image":{"@id":"https:\/\/coffeelounge.delonghi.com\/it\/product\/di-bernardo-caffe-24-k\/#primaryimage"},"thumbnailUrl":"https:\/\/coffeelounge.delonghi.com\/wp-content\/uploads\/2021\/05\/Di-Bernardo-Caffe-Pack1.png","datePublished":"2021-05-02T09:28:31+00:00","dateModified":"2024-03-04T08:36:45+00:00","description":"Miscela Professionale di Caff\u00e8 in Grani - Di Bernardo Caff\u00e8 24 K. E\u2019 una miscela composta da diverse monorigini di caff\u00e8.","breadcrumb":{"@id":"https:\/\/coffeelounge.delonghi.com\/it\/product\/di-bernardo-caffe-24-k\/#breadcrumb"},"inLanguage":"it-IT","potentialAction":[{"@type":"ReadAction","target":["https:\/\/coffeelounge.delonghi.com\/it\/product\/di-bernardo-caffe-24-k\/"]}]},{"@type":"ImageObject","inLanguage":"it-IT","@id":"https:\/\/coffeelounge.delonghi.com\/it\/product\/di-bernardo-caffe-24-k\/#primaryimage","url":"https:\/\/coffeelounge.delonghi.com\/wp-content\/uploads\/2021\/05\/Di-Bernardo-Caffe-Pack1.png","contentUrl":"https:\/\/coffeelounge.delonghi.com\/wp-content\/uploads\/2021\/05\/Di-Bernardo-Caffe-Pack1.png","width":450,"height":450},{"@type":"BreadcrumbList","@id":"https:\/\/coffeelounge.delonghi.com\/it\/product\/di-bernardo-caffe-24-k\/#breadcrumb","itemListElement":[{"@type":"ListItem","position":1,"name":"Home","item":"https:\/\/coffeelounge.delonghi.com\/it\/"},{"@type":"ListItem","position":2,"name":"Boutique","item":"https:\/\/coffeelounge.delonghi.com\/fr\/?page_id=36"},{"@type":"ListItem","position":3,"name":"Miscela Professionale di Caff\u00e8 in Grani &#8211; Di Bernardo Caff\u00e8 24 K"}]},{"@type":"WebSite","@id":"https:\/\/coffeelounge.delonghi.com\/it\/#website","url":"https:\/\/coffeelounge.delonghi.com\/it\/","name":"De&#039;Longhi","description":"Coffee Lounge","publisher":{"@id":"https:\/\/coffeelounge.delonghi.com\/it\/#organization"},"potentialAction":[{"@type":"SearchAction","target":{"@type":"EntryPoint","urlTemplate":"https:\/\/coffeelounge.delonghi.com\/it\/?s={search_term_string}"},"query-input":{"@type":"PropertyValueSpecification","valueRequired":true,"valueName":"search_term_string"}}],"inLanguage":"it-IT"},{"@type":"Organization","@id":"https:\/\/coffeelounge.delonghi.com\/it\/#organization","name":"De'Longhi Coffee Lounge","url":"https:\/\/coffeelounge.delonghi.com\/it\/","logo":{"@type":"ImageObject","inLanguage":"it-IT","@id":"https:\/\/coffeelounge.delonghi.com\/it\/#\/schema\/logo\/image\/","url":"https:\/\/coffeelounge.delonghi.com\/wp-content\/uploads\/2020\/05\/delonghi-coffee-lounge-logo-nederland.png","contentUrl":"https:\/\/coffeelounge.delonghi.com\/wp-content\/uploads\/2020\/05\/delonghi-coffee-lounge-logo-nederland.png","width":2337,"height":724,"caption":"De'Longhi Coffee Lounge"},"image":{"@id":"https:\/\/coffeelounge.delonghi.com\/it\/#\/schema\/logo\/image\/"}}]}},"_links":{"self":[{"href":"https:\/\/coffeelounge.delonghi.com\/it\/wp-json\/wp\/v2\/product\/24959","targetHints":{"allow":["GET"]}}],"collection":[{"href":"https:\/\/coffeelounge.delonghi.com\/it\/wp-json\/wp\/v2\/product"}],"about":[{"href":"https:\/\/coffeelounge.delonghi.com\/it\/wp-json\/wp\/v2\/types\/product"}],"replies":[{"embeddable":true,"href":"https:\/\/coffeelounge.delonghi.com\/it\/wp-json\/wp\/v2\/comments?post=24959"}],"version-history":[{"count":2,"href":"https:\/\/coffeelounge.delonghi.com\/it\/wp-json\/wp\/v2\/product\/24959\/revisions"}],"predecessor-version":[{"id":422036,"href":"https:\/\/coffeelounge.delonghi.com\/it\/wp-json\/wp\/v2\/product\/24959\/revisions\/422036"}],"wp:featuredmedia":[{"embeddable":true,"href":"https:\/\/coffeelounge.delonghi.com\/it\/wp-json\/wp\/v2\/media\/418931"}],"wp:attachment":[{"href":"https:\/\/coffeelounge.delonghi.com\/it\/wp-json\/wp\/v2\/media?parent=24959"}],"wp:term":[{"taxonomy":"product_cat","embeddable":true,"href":"https:\/\/coffeelounge.delonghi.com\/it\/wp-json\/wp\/v2\/product_cat?post=24959"},{"taxonomy":"product_tag","embeddable":true,"href":"https:\/\/coffeelounge.delonghi.com\/it\/wp-json\/wp\/v2\/product_tag?post=24959"}],"curies":[{"name":"wp","href":"https:\/\/api.w.org\/{rel}","templated":true}]}}