{"id":205211,"date":"2022-06-28T10:34:20","date_gmt":"2022-06-28T10:34:20","guid":{"rendered":"https:\/\/coffeelounge.delonghi.com\/?post_type=product&#038;p=205211"},"modified":"2024-03-04T07:46:27","modified_gmt":"2024-03-04T07:46:27","slug":"100-arabica","status":"publish","type":"product","link":"https:\/\/coffeelounge.delonghi.com\/it\/product\/100-arabica\/","title":{"rendered":"san giusto caff\u00e8 &#8211; miscela blu 100% Arabica in grani"},"content":{"rendered":"<p>Dolce, delicato e straordinariamente aromatico.<br \/>\nMiscela di caff\u00e8 tostato in confezione con valvola salva-aroma.<br \/>\nLe pi\u00f9 pregiate qualit\u00e0 di caff\u00e8 Arabica del Brasile, del Centroamerica e dell&#8217;Etiopia. Corpo leggero, note fruttate e floreali, con una spiccata acidit\u00e0. Miscela con basso contenuto di caffeina, caratteristica dei caff\u00e8 Arabica. Ideale in ogni momento della giornata, per una degustazione da veri intenditori.<\/p>\n<p>Miscela creata, tostata artigianalmente e confezionata a Trieste, la citt\u00e0 del caff\u00e8<\/p>\n","protected":false},"excerpt":{"rendered":"<p>Dolce, delicato e straordinariamente aromatico. Miscela di caff\u00e8 tostato in confezione con valvola salva-aroma. Le pi\u00f9 pregiate qualit\u00e0 di caff\u00e8 Arabica del Brasile, del Centroamerica e dell&#8217;Etiopia. Corpo leggero, note fruttate e floreali, con una spiccata acidit\u00e0. Miscela con basso contenuto di caffeina, caratteristica dei caff\u00e8 Arabica. Ideale in ogni momento della giornata, per una [&hellip;]<\/p>\n","protected":false},"featured_media":415704,"comment_status":"closed","ping_status":"closed","template":"","meta":{"_acf_changed":false},"product_cat":[74,29],"product_tag":[],"class_list":{"0":"post-205211","1":"product","2":"type-product","3":"status-publish","4":"has-post-thumbnail","6":"product_cat-tutti","7":"product_cat-miscela","9":"first","10":"instock","11":"taxable","12":"shipping-taxable","13":"purchasable","14":"product-type-variable"},"acf":[],"yoast_head":"<!-- This site is optimized with the Yoast SEO Premium plugin v24.5 (Yoast SEO v24.5) - https:\/\/yoast.com\/wordpress\/plugins\/seo\/ -->\n<title>san giusto caff\u00e8 - miscela blu 100% Arabica in grani | De&#039;Longhi<\/title>\n<meta name=\"description\" content=\"Miscela di caff\u00e8 tostato in confezione con valvola salva-aroma. Le pi\u00f9 pregiate qualit\u00e0 di caff\u00e8 Arabica del Brasile\" \/>\n<meta name=\"robots\" content=\"index, follow, max-snippet:-1, max-image-preview:large, max-video-preview:-1\" \/>\n<meta name=\"twitter:card\" content=\"summary_large_image\" \/>\n<meta name=\"twitter:title\" content=\"san giusto caff\u00e8 - miscela blu 100% Arabica in grani | De&#039;Longhi\" \/>\n<meta name=\"twitter:description\" content=\"Miscela di caff\u00e8 tostato in confezione con valvola salva-aroma. Le pi\u00f9 pregiate qualit\u00e0 di caff\u00e8 Arabica del Brasile\" \/>\n<meta name=\"twitter:image\" content=\"https:\/\/coffeelounge.delonghi.com\/wp-content\/uploads\/2022\/06\/san-giusto-caffe-blu-Torrefazione-Caffe-San-Giusto.png\" \/>\n<script type=\"application\/ld+json\" class=\"yoast-schema-graph\">{\"@context\":\"https:\/\/schema.org\",\"@graph\":[{\"@type\":\"WebPage\",\"@id\":\"https:\/\/coffeelounge.delonghi.com\/it\/product\/100-arabica\/\",\"url\":\"https:\/\/coffeelounge.delonghi.com\/it\/product\/100-arabica\/\",\"name\":\"san giusto caff\u00e8 - miscela blu 100% Arabica in grani | De&#039;Longhi\",\"isPartOf\":{\"@id\":\"https:\/\/coffeelounge.delonghi.com\/it\/#website\"},\"primaryImageOfPage\":{\"@id\":\"https:\/\/coffeelounge.delonghi.com\/it\/product\/100-arabica\/#primaryimage\"},\"image\":{\"@id\":\"https:\/\/coffeelounge.delonghi.com\/it\/product\/100-arabica\/#primaryimage\"},\"thumbnailUrl\":\"https:\/\/coffeelounge.delonghi.com\/wp-content\/uploads\/2022\/06\/san-giusto-caffe-blu-Torrefazione-Caffe-San-Giusto.png\",\"datePublished\":\"2022-06-28T10:34:20+00:00\",\"dateModified\":\"2024-03-04T07:46:27+00:00\",\"description\":\"Miscela di caff\u00e8 tostato in confezione con valvola salva-aroma. Le pi\u00f9 pregiate qualit\u00e0 di caff\u00e8 Arabica del Brasile\",\"breadcrumb\":{\"@id\":\"https:\/\/coffeelounge.delonghi.com\/it\/product\/100-arabica\/#breadcrumb\"},\"inLanguage\":\"it-IT\",\"potentialAction\":[{\"@type\":\"ReadAction\",\"target\":[\"https:\/\/coffeelounge.delonghi.com\/it\/product\/100-arabica\/\"]}]},{\"@type\":\"ImageObject\",\"inLanguage\":\"it-IT\",\"@id\":\"https:\/\/coffeelounge.delonghi.com\/it\/product\/100-arabica\/#primaryimage\",\"url\":\"https:\/\/coffeelounge.delonghi.com\/wp-content\/uploads\/2022\/06\/san-giusto-caffe-blu-Torrefazione-Caffe-San-Giusto.png\",\"contentUrl\":\"https:\/\/coffeelounge.delonghi.com\/wp-content\/uploads\/2022\/06\/san-giusto-caffe-blu-Torrefazione-Caffe-San-Giusto.png\",\"width\":500,\"height\":500},{\"@type\":\"BreadcrumbList\",\"@id\":\"https:\/\/coffeelounge.delonghi.com\/it\/product\/100-arabica\/#breadcrumb\",\"itemListElement\":[{\"@type\":\"ListItem\",\"position\":1,\"name\":\"Home\",\"item\":\"https:\/\/coffeelounge.delonghi.com\/it\/\"},{\"@type\":\"ListItem\",\"position\":2,\"name\":\"Boutique\",\"item\":\"https:\/\/coffeelounge.delonghi.com\/fr\/?page_id=36\"},{\"@type\":\"ListItem\",\"position\":3,\"name\":\"san giusto caff\u00e8 &#8211; miscela blu 100% Arabica in grani\"}]},{\"@type\":\"WebSite\",\"@id\":\"https:\/\/coffeelounge.delonghi.com\/it\/#website\",\"url\":\"https:\/\/coffeelounge.delonghi.com\/it\/\",\"name\":\"De&#039;Longhi\",\"description\":\"Coffee Lounge\",\"publisher\":{\"@id\":\"https:\/\/coffeelounge.delonghi.com\/it\/#organization\"},\"potentialAction\":[{\"@type\":\"SearchAction\",\"target\":{\"@type\":\"EntryPoint\",\"urlTemplate\":\"https:\/\/coffeelounge.delonghi.com\/it\/?s={search_term_string}\"},\"query-input\":{\"@type\":\"PropertyValueSpecification\",\"valueRequired\":true,\"valueName\":\"search_term_string\"}}],\"inLanguage\":\"it-IT\"},{\"@type\":\"Organization\",\"@id\":\"https:\/\/coffeelounge.delonghi.com\/it\/#organization\",\"name\":\"De'Longhi Coffee Lounge\",\"url\":\"https:\/\/coffeelounge.delonghi.com\/it\/\",\"logo\":{\"@type\":\"ImageObject\",\"inLanguage\":\"it-IT\",\"@id\":\"https:\/\/coffeelounge.delonghi.com\/it\/#\/schema\/logo\/image\/\",\"url\":\"https:\/\/coffeelounge.delonghi.com\/wp-content\/uploads\/2020\/05\/delonghi-coffee-lounge-logo-nederland.png\",\"contentUrl\":\"https:\/\/coffeelounge.delonghi.com\/wp-content\/uploads\/2020\/05\/delonghi-coffee-lounge-logo-nederland.png\",\"width\":2337,\"height\":724,\"caption\":\"De'Longhi Coffee Lounge\"},\"image\":{\"@id\":\"https:\/\/coffeelounge.delonghi.com\/it\/#\/schema\/logo\/image\/\"}}]}<\/script>\n<!-- \/ Yoast SEO Premium plugin. -->","yoast_head_json":{"title":"san giusto caff\u00e8 - miscela blu 100% Arabica in grani | De&#039;Longhi","description":"Miscela di caff\u00e8 tostato in confezione con valvola salva-aroma. Le pi\u00f9 pregiate qualit\u00e0 di caff\u00e8 Arabica del Brasile","robots":{"index":"index","follow":"follow","max-snippet":"max-snippet:-1","max-image-preview":"max-image-preview:large","max-video-preview":"max-video-preview:-1"},"twitter_card":"summary_large_image","twitter_title":"san giusto caff\u00e8 - miscela blu 100% Arabica in grani | De&#039;Longhi","twitter_description":"Miscela di caff\u00e8 tostato in confezione con valvola salva-aroma. Le pi\u00f9 pregiate qualit\u00e0 di caff\u00e8 Arabica del Brasile","twitter_image":"https:\/\/coffeelounge.delonghi.com\/wp-content\/uploads\/2022\/06\/san-giusto-caffe-blu-Torrefazione-Caffe-San-Giusto.png","schema":{"@context":"https:\/\/schema.org","@graph":[{"@type":"WebPage","@id":"https:\/\/coffeelounge.delonghi.com\/it\/product\/100-arabica\/","url":"https:\/\/coffeelounge.delonghi.com\/it\/product\/100-arabica\/","name":"san giusto caff\u00e8 - miscela blu 100% Arabica in grani | De&#039;Longhi","isPartOf":{"@id":"https:\/\/coffeelounge.delonghi.com\/it\/#website"},"primaryImageOfPage":{"@id":"https:\/\/coffeelounge.delonghi.com\/it\/product\/100-arabica\/#primaryimage"},"image":{"@id":"https:\/\/coffeelounge.delonghi.com\/it\/product\/100-arabica\/#primaryimage"},"thumbnailUrl":"https:\/\/coffeelounge.delonghi.com\/wp-content\/uploads\/2022\/06\/san-giusto-caffe-blu-Torrefazione-Caffe-San-Giusto.png","datePublished":"2022-06-28T10:34:20+00:00","dateModified":"2024-03-04T07:46:27+00:00","description":"Miscela di caff\u00e8 tostato in confezione con valvola salva-aroma. Le pi\u00f9 pregiate qualit\u00e0 di caff\u00e8 Arabica del Brasile","breadcrumb":{"@id":"https:\/\/coffeelounge.delonghi.com\/it\/product\/100-arabica\/#breadcrumb"},"inLanguage":"it-IT","potentialAction":[{"@type":"ReadAction","target":["https:\/\/coffeelounge.delonghi.com\/it\/product\/100-arabica\/"]}]},{"@type":"ImageObject","inLanguage":"it-IT","@id":"https:\/\/coffeelounge.delonghi.com\/it\/product\/100-arabica\/#primaryimage","url":"https:\/\/coffeelounge.delonghi.com\/wp-content\/uploads\/2022\/06\/san-giusto-caffe-blu-Torrefazione-Caffe-San-Giusto.png","contentUrl":"https:\/\/coffeelounge.delonghi.com\/wp-content\/uploads\/2022\/06\/san-giusto-caffe-blu-Torrefazione-Caffe-San-Giusto.png","width":500,"height":500},{"@type":"BreadcrumbList","@id":"https:\/\/coffeelounge.delonghi.com\/it\/product\/100-arabica\/#breadcrumb","itemListElement":[{"@type":"ListItem","position":1,"name":"Home","item":"https:\/\/coffeelounge.delonghi.com\/it\/"},{"@type":"ListItem","position":2,"name":"Boutique","item":"https:\/\/coffeelounge.delonghi.com\/fr\/?page_id=36"},{"@type":"ListItem","position":3,"name":"san giusto caff\u00e8 &#8211; miscela blu 100% Arabica in grani"}]},{"@type":"WebSite","@id":"https:\/\/coffeelounge.delonghi.com\/it\/#website","url":"https:\/\/coffeelounge.delonghi.com\/it\/","name":"De&#039;Longhi","description":"Coffee Lounge","publisher":{"@id":"https:\/\/coffeelounge.delonghi.com\/it\/#organization"},"potentialAction":[{"@type":"SearchAction","target":{"@type":"EntryPoint","urlTemplate":"https:\/\/coffeelounge.delonghi.com\/it\/?s={search_term_string}"},"query-input":{"@type":"PropertyValueSpecification","valueRequired":true,"valueName":"search_term_string"}}],"inLanguage":"it-IT"},{"@type":"Organization","@id":"https:\/\/coffeelounge.delonghi.com\/it\/#organization","name":"De'Longhi Coffee Lounge","url":"https:\/\/coffeelounge.delonghi.com\/it\/","logo":{"@type":"ImageObject","inLanguage":"it-IT","@id":"https:\/\/coffeelounge.delonghi.com\/it\/#\/schema\/logo\/image\/","url":"https:\/\/coffeelounge.delonghi.com\/wp-content\/uploads\/2020\/05\/delonghi-coffee-lounge-logo-nederland.png","contentUrl":"https:\/\/coffeelounge.delonghi.com\/wp-content\/uploads\/2020\/05\/delonghi-coffee-lounge-logo-nederland.png","width":2337,"height":724,"caption":"De'Longhi Coffee Lounge"},"image":{"@id":"https:\/\/coffeelounge.delonghi.com\/it\/#\/schema\/logo\/image\/"}}]}},"_links":{"self":[{"href":"https:\/\/coffeelounge.delonghi.com\/it\/wp-json\/wp\/v2\/product\/205211","targetHints":{"allow":["GET"]}}],"collection":[{"href":"https:\/\/coffeelounge.delonghi.com\/it\/wp-json\/wp\/v2\/product"}],"about":[{"href":"https:\/\/coffeelounge.delonghi.com\/it\/wp-json\/wp\/v2\/types\/product"}],"replies":[{"embeddable":true,"href":"https:\/\/coffeelounge.delonghi.com\/it\/wp-json\/wp\/v2\/comments?post=205211"}],"version-history":[{"count":2,"href":"https:\/\/coffeelounge.delonghi.com\/it\/wp-json\/wp\/v2\/product\/205211\/revisions"}],"predecessor-version":[{"id":421866,"href":"https:\/\/coffeelounge.delonghi.com\/it\/wp-json\/wp\/v2\/product\/205211\/revisions\/421866"}],"wp:featuredmedia":[{"embeddable":true,"href":"https:\/\/coffeelounge.delonghi.com\/it\/wp-json\/wp\/v2\/media\/415704"}],"wp:attachment":[{"href":"https:\/\/coffeelounge.delonghi.com\/it\/wp-json\/wp\/v2\/media?parent=205211"}],"wp:term":[{"taxonomy":"product_cat","embeddable":true,"href":"https:\/\/coffeelounge.delonghi.com\/it\/wp-json\/wp\/v2\/product_cat?post=205211"},{"taxonomy":"product_tag","embeddable":true,"href":"https:\/\/coffeelounge.delonghi.com\/it\/wp-json\/wp\/v2\/product_tag?post=205211"}],"curies":[{"name":"wp","href":"https:\/\/api.w.org\/{rel}","templated":true}]}}