{"id":136608,"date":"2022-02-22T15:16:36","date_gmt":"2022-02-22T15:16:36","guid":{"rendered":"https:\/\/coffeelounge.delonghi.com\/?post_type=product&#038;p=136608"},"modified":"2024-03-04T07:48:27","modified_gmt":"2024-03-04T07:48:27","slug":"colombia-women-coffee-project","status":"publish","type":"product","link":"https:\/\/coffeelounge.delonghi.com\/it\/product\/colombia-women-coffee-project\/","title":{"rendered":"colombia women&#8217;s coffee project"},"content":{"rendered":"<p>Il ricercato lotto di caff\u00e8 Arabica selezionato &#8211; colombia women coffee project | antioquia &#8211; proviene dal Dipartimento di Antioquia, in Colombia, regione molto produttiva confinante con il Mar dei Caraibi ed attraversata dal fiume Magdalena. Ad un\u2019altitudine di circa 1800 metri sopra il livello del mare, si estendono piccole piantagioni di caff\u00e8 Arabica, le cui variet\u00e0 Castillo, Caturra e Colombia vengono raccolte da novembre a gennaio. I preziosi chicchi vengono successivamente lavati con fermentazione di 14-15 ore ed asciugati naturalmente. In aggiunta, \u00e8 importante sottolineare la storia di questi chicchi che appartengono al progetto di tracciabilit\u00e0 a cui abbiamo aderito con entusiasmo e che ambisce a supportare iniziative concrete di inclusione e parit\u00e0 di genere. Nello specifico, lo speciale caff\u00e8 \u00e8 frutto del lavoro di 18 donne emancipate che gestiscono, in completa autonomia, 20 accurate piantagioni di caff\u00e8 e la propria attivit\u00e0. Dal punto di vista organolettico, i chicchi di caff\u00e8, una volta tostati e preparati con estrema cura, sprigionano note di uvetta e frutta candita che si uniscono a sentori di pandolce e caramello.<\/p>\n<p><strong>Certificazioni<\/strong>: Traceability project &#8211; Sandalj Trading Company<\/p>\n","protected":false},"excerpt":{"rendered":"<p>Il ricercato lotto di caff\u00e8 Arabica selezionato &#8211; colombia women coffee project | antioquia &#8211; proviene dal Dipartimento di Antioquia, in Colombia, regione molto produttiva confinante con il Mar dei Caraibi ed attraversata dal fiume Magdalena. Ad un\u2019altitudine di circa 1800 metri sopra il livello del mare, si estendono piccole piantagioni di caff\u00e8 Arabica, le [&hellip;]<\/p>\n","protected":false},"featured_media":415783,"comment_status":"closed","ping_status":"closed","template":"","meta":{"_acf_changed":false},"product_cat":[74,30],"product_tag":[],"class_list":{"0":"post-136608","1":"product","2":"type-product","3":"status-publish","4":"has-post-thumbnail","6":"product_cat-tutti","7":"product_cat-monorigine","9":"first","10":"instock","11":"taxable","12":"shipping-taxable","13":"purchasable","14":"product-type-variable"},"acf":[],"yoast_head":"<!-- This site is optimized with the Yoast SEO Premium plugin v24.5 (Yoast SEO v24.5) - https:\/\/yoast.com\/wordpress\/plugins\/seo\/ -->\n<title>colombia women&#039;s coffee project | De&#039;Longhi<\/title>\n<meta name=\"description\" content=\"Il ricercato lotto di caff\u00e8 Arabica selezionato - colombia women coffee project\" \/>\n<meta name=\"robots\" content=\"index, follow, max-snippet:-1, max-image-preview:large, max-video-preview:-1\" \/>\n<meta name=\"twitter:card\" content=\"summary_large_image\" \/>\n<meta name=\"twitter:title\" content=\"colombia women&#039;s coffee project | De&#039;Longhi\" \/>\n<meta name=\"twitter:description\" content=\"Il ricercato lotto di caff\u00e8 Arabica selezionato - colombia women coffee project\" \/>\n<meta name=\"twitter:image\" content=\"https:\/\/coffeelounge.delonghi.com\/wp-content\/uploads\/2022\/02\/colombia_women_coffee_project-_antioquia_guatemalatorrefazionecaffe-Giovanna-Zerial-1.png\" \/>\n<script type=\"application\/ld+json\" class=\"yoast-schema-graph\">{\"@context\":\"https:\/\/schema.org\",\"@graph\":[{\"@type\":\"WebPage\",\"@id\":\"https:\/\/coffeelounge.delonghi.com\/it\/product\/colombia-women-coffee-project\/\",\"url\":\"https:\/\/coffeelounge.delonghi.com\/it\/product\/colombia-women-coffee-project\/\",\"name\":\"colombia women's coffee project | De&#039;Longhi\",\"isPartOf\":{\"@id\":\"https:\/\/coffeelounge.delonghi.com\/it\/#website\"},\"primaryImageOfPage\":{\"@id\":\"https:\/\/coffeelounge.delonghi.com\/it\/product\/colombia-women-coffee-project\/#primaryimage\"},\"image\":{\"@id\":\"https:\/\/coffeelounge.delonghi.com\/it\/product\/colombia-women-coffee-project\/#primaryimage\"},\"thumbnailUrl\":\"https:\/\/coffeelounge.delonghi.com\/wp-content\/uploads\/2022\/02\/colombia_women_coffee_project-_antioquia_guatemalatorrefazionecaffe-Giovanna-Zerial-1.png\",\"datePublished\":\"2022-02-22T15:16:36+00:00\",\"dateModified\":\"2024-03-04T07:48:27+00:00\",\"description\":\"Il ricercato lotto di caff\u00e8 Arabica selezionato - colombia women coffee project\",\"breadcrumb\":{\"@id\":\"https:\/\/coffeelounge.delonghi.com\/it\/product\/colombia-women-coffee-project\/#breadcrumb\"},\"inLanguage\":\"it-IT\",\"potentialAction\":[{\"@type\":\"ReadAction\",\"target\":[\"https:\/\/coffeelounge.delonghi.com\/it\/product\/colombia-women-coffee-project\/\"]}]},{\"@type\":\"ImageObject\",\"inLanguage\":\"it-IT\",\"@id\":\"https:\/\/coffeelounge.delonghi.com\/it\/product\/colombia-women-coffee-project\/#primaryimage\",\"url\":\"https:\/\/coffeelounge.delonghi.com\/wp-content\/uploads\/2022\/02\/colombia_women_coffee_project-_antioquia_guatemalatorrefazionecaffe-Giovanna-Zerial-1.png\",\"contentUrl\":\"https:\/\/coffeelounge.delonghi.com\/wp-content\/uploads\/2022\/02\/colombia_women_coffee_project-_antioquia_guatemalatorrefazionecaffe-Giovanna-Zerial-1.png\",\"width\":500,\"height\":500},{\"@type\":\"BreadcrumbList\",\"@id\":\"https:\/\/coffeelounge.delonghi.com\/it\/product\/colombia-women-coffee-project\/#breadcrumb\",\"itemListElement\":[{\"@type\":\"ListItem\",\"position\":1,\"name\":\"Home\",\"item\":\"https:\/\/coffeelounge.delonghi.com\/it\/\"},{\"@type\":\"ListItem\",\"position\":2,\"name\":\"Boutique\",\"item\":\"https:\/\/coffeelounge.delonghi.com\/fr\/?page_id=36\"},{\"@type\":\"ListItem\",\"position\":3,\"name\":\"colombia women&#8217;s coffee project\"}]},{\"@type\":\"WebSite\",\"@id\":\"https:\/\/coffeelounge.delonghi.com\/it\/#website\",\"url\":\"https:\/\/coffeelounge.delonghi.com\/it\/\",\"name\":\"De&#039;Longhi\",\"description\":\"Coffee Lounge\",\"publisher\":{\"@id\":\"https:\/\/coffeelounge.delonghi.com\/it\/#organization\"},\"potentialAction\":[{\"@type\":\"SearchAction\",\"target\":{\"@type\":\"EntryPoint\",\"urlTemplate\":\"https:\/\/coffeelounge.delonghi.com\/it\/?s={search_term_string}\"},\"query-input\":{\"@type\":\"PropertyValueSpecification\",\"valueRequired\":true,\"valueName\":\"search_term_string\"}}],\"inLanguage\":\"it-IT\"},{\"@type\":\"Organization\",\"@id\":\"https:\/\/coffeelounge.delonghi.com\/it\/#organization\",\"name\":\"De'Longhi Coffee Lounge\",\"url\":\"https:\/\/coffeelounge.delonghi.com\/it\/\",\"logo\":{\"@type\":\"ImageObject\",\"inLanguage\":\"it-IT\",\"@id\":\"https:\/\/coffeelounge.delonghi.com\/it\/#\/schema\/logo\/image\/\",\"url\":\"https:\/\/coffeelounge.delonghi.com\/wp-content\/uploads\/2020\/05\/delonghi-coffee-lounge-logo-nederland.png\",\"contentUrl\":\"https:\/\/coffeelounge.delonghi.com\/wp-content\/uploads\/2020\/05\/delonghi-coffee-lounge-logo-nederland.png\",\"width\":2337,\"height\":724,\"caption\":\"De'Longhi Coffee Lounge\"},\"image\":{\"@id\":\"https:\/\/coffeelounge.delonghi.com\/it\/#\/schema\/logo\/image\/\"}}]}<\/script>\n<!-- \/ Yoast SEO Premium plugin. -->","yoast_head_json":{"title":"colombia women's coffee project | De&#039;Longhi","description":"Il ricercato lotto di caff\u00e8 Arabica selezionato - colombia women coffee project","robots":{"index":"index","follow":"follow","max-snippet":"max-snippet:-1","max-image-preview":"max-image-preview:large","max-video-preview":"max-video-preview:-1"},"twitter_card":"summary_large_image","twitter_title":"colombia women's coffee project | De&#039;Longhi","twitter_description":"Il ricercato lotto di caff\u00e8 Arabica selezionato - colombia women coffee project","twitter_image":"https:\/\/coffeelounge.delonghi.com\/wp-content\/uploads\/2022\/02\/colombia_women_coffee_project-_antioquia_guatemalatorrefazionecaffe-Giovanna-Zerial-1.png","schema":{"@context":"https:\/\/schema.org","@graph":[{"@type":"WebPage","@id":"https:\/\/coffeelounge.delonghi.com\/it\/product\/colombia-women-coffee-project\/","url":"https:\/\/coffeelounge.delonghi.com\/it\/product\/colombia-women-coffee-project\/","name":"colombia women's coffee project | De&#039;Longhi","isPartOf":{"@id":"https:\/\/coffeelounge.delonghi.com\/it\/#website"},"primaryImageOfPage":{"@id":"https:\/\/coffeelounge.delonghi.com\/it\/product\/colombia-women-coffee-project\/#primaryimage"},"image":{"@id":"https:\/\/coffeelounge.delonghi.com\/it\/product\/colombia-women-coffee-project\/#primaryimage"},"thumbnailUrl":"https:\/\/coffeelounge.delonghi.com\/wp-content\/uploads\/2022\/02\/colombia_women_coffee_project-_antioquia_guatemalatorrefazionecaffe-Giovanna-Zerial-1.png","datePublished":"2022-02-22T15:16:36+00:00","dateModified":"2024-03-04T07:48:27+00:00","description":"Il ricercato lotto di caff\u00e8 Arabica selezionato - colombia women coffee project","breadcrumb":{"@id":"https:\/\/coffeelounge.delonghi.com\/it\/product\/colombia-women-coffee-project\/#breadcrumb"},"inLanguage":"it-IT","potentialAction":[{"@type":"ReadAction","target":["https:\/\/coffeelounge.delonghi.com\/it\/product\/colombia-women-coffee-project\/"]}]},{"@type":"ImageObject","inLanguage":"it-IT","@id":"https:\/\/coffeelounge.delonghi.com\/it\/product\/colombia-women-coffee-project\/#primaryimage","url":"https:\/\/coffeelounge.delonghi.com\/wp-content\/uploads\/2022\/02\/colombia_women_coffee_project-_antioquia_guatemalatorrefazionecaffe-Giovanna-Zerial-1.png","contentUrl":"https:\/\/coffeelounge.delonghi.com\/wp-content\/uploads\/2022\/02\/colombia_women_coffee_project-_antioquia_guatemalatorrefazionecaffe-Giovanna-Zerial-1.png","width":500,"height":500},{"@type":"BreadcrumbList","@id":"https:\/\/coffeelounge.delonghi.com\/it\/product\/colombia-women-coffee-project\/#breadcrumb","itemListElement":[{"@type":"ListItem","position":1,"name":"Home","item":"https:\/\/coffeelounge.delonghi.com\/it\/"},{"@type":"ListItem","position":2,"name":"Boutique","item":"https:\/\/coffeelounge.delonghi.com\/fr\/?page_id=36"},{"@type":"ListItem","position":3,"name":"colombia women&#8217;s coffee project"}]},{"@type":"WebSite","@id":"https:\/\/coffeelounge.delonghi.com\/it\/#website","url":"https:\/\/coffeelounge.delonghi.com\/it\/","name":"De&#039;Longhi","description":"Coffee Lounge","publisher":{"@id":"https:\/\/coffeelounge.delonghi.com\/it\/#organization"},"potentialAction":[{"@type":"SearchAction","target":{"@type":"EntryPoint","urlTemplate":"https:\/\/coffeelounge.delonghi.com\/it\/?s={search_term_string}"},"query-input":{"@type":"PropertyValueSpecification","valueRequired":true,"valueName":"search_term_string"}}],"inLanguage":"it-IT"},{"@type":"Organization","@id":"https:\/\/coffeelounge.delonghi.com\/it\/#organization","name":"De'Longhi Coffee Lounge","url":"https:\/\/coffeelounge.delonghi.com\/it\/","logo":{"@type":"ImageObject","inLanguage":"it-IT","@id":"https:\/\/coffeelounge.delonghi.com\/it\/#\/schema\/logo\/image\/","url":"https:\/\/coffeelounge.delonghi.com\/wp-content\/uploads\/2020\/05\/delonghi-coffee-lounge-logo-nederland.png","contentUrl":"https:\/\/coffeelounge.delonghi.com\/wp-content\/uploads\/2020\/05\/delonghi-coffee-lounge-logo-nederland.png","width":2337,"height":724,"caption":"De'Longhi Coffee Lounge"},"image":{"@id":"https:\/\/coffeelounge.delonghi.com\/it\/#\/schema\/logo\/image\/"}}]}},"_links":{"self":[{"href":"https:\/\/coffeelounge.delonghi.com\/it\/wp-json\/wp\/v2\/product\/136608","targetHints":{"allow":["GET"]}}],"collection":[{"href":"https:\/\/coffeelounge.delonghi.com\/it\/wp-json\/wp\/v2\/product"}],"about":[{"href":"https:\/\/coffeelounge.delonghi.com\/it\/wp-json\/wp\/v2\/types\/product"}],"replies":[{"embeddable":true,"href":"https:\/\/coffeelounge.delonghi.com\/it\/wp-json\/wp\/v2\/comments?post=136608"}],"version-history":[{"count":3,"href":"https:\/\/coffeelounge.delonghi.com\/it\/wp-json\/wp\/v2\/product\/136608\/revisions"}],"predecessor-version":[{"id":421871,"href":"https:\/\/coffeelounge.delonghi.com\/it\/wp-json\/wp\/v2\/product\/136608\/revisions\/421871"}],"wp:featuredmedia":[{"embeddable":true,"href":"https:\/\/coffeelounge.delonghi.com\/it\/wp-json\/wp\/v2\/media\/415783"}],"wp:attachment":[{"href":"https:\/\/coffeelounge.delonghi.com\/it\/wp-json\/wp\/v2\/media?parent=136608"}],"wp:term":[{"taxonomy":"product_cat","embeddable":true,"href":"https:\/\/coffeelounge.delonghi.com\/it\/wp-json\/wp\/v2\/product_cat?post=136608"},{"taxonomy":"product_tag","embeddable":true,"href":"https:\/\/coffeelounge.delonghi.com\/it\/wp-json\/wp\/v2\/product_tag?post=136608"}],"curies":[{"name":"wp","href":"https:\/\/api.w.org\/{rel}","templated":true}]}}