{"id":136103,"date":"2022-02-22T10:52:57","date_gmt":"2022-02-22T10:52:57","guid":{"rendered":"https:\/\/coffeelounge.delonghi.com\/?post_type=product&#038;p=136103"},"modified":"2024-03-04T07:49:16","modified_gmt":"2024-03-04T07:49:16","slug":"centopercentoarabica","status":"publish","type":"product","link":"https:\/\/coffeelounge.delonghi.com\/it\/product\/centopercentoarabica\/","title":{"rendered":"centopercentoarabica"},"content":{"rendered":"<div class=\"freebirdFormviewerViewItemsItemItemHeader\">\n<div class=\"freebirdFormviewerViewItemsItemItemTitleDescContainer\">\n<div class=\"freebirdFormviewerViewItemsItemItemTitleContainer\">\n<div class=\"freebirdFormviewerViewItemsItemItemTitle exportItemTitle freebirdCustomFont\" role=\"heading\" aria-level=\"3\" aria-describedby=\"i.desc.2008393179 c3353\">Creare una miscela di caff\u00e8 significa disegnare un&#8217;intrigante e piacevole unione di profumi ed aromi. La nostra miscela &#8211; centopercentoarabica &#8211; frutto dell&#8217;esperienza artigianale, \u00e8 elaborata per far affiorare tutta la complessit\u00e0 di pregiati caff\u00e8, esclusivamente Arabica. Aromatica e molto ben bilanciata. Il profilo di tostatura adottato in Laboratorio, unito ad una corretta preparazione della bevanda, consente di sprigionare in tazzina una gradevole acidit\u00e0 di frutta, avvolta dalla dolcezza del cioccolato e della mandorla.<\/div>\n<\/div>\n<\/div>\n<\/div>\n","protected":false},"excerpt":{"rendered":"<p>Creare una miscela di caff\u00e8 significa disegnare un&#8217;intrigante e piacevole unione di profumi ed aromi. La nostra miscela &#8211; centopercentoarabica &#8211; frutto dell&#8217;esperienza artigianale, \u00e8 elaborata per far affiorare tutta la complessit\u00e0 di pregiati caff\u00e8, esclusivamente Arabica. Aromatica e molto ben bilanciata. Il profilo di tostatura adottato in Laboratorio, unito ad una corretta preparazione della [&hellip;]<\/p>\n","protected":false},"featured_media":415850,"comment_status":"closed","ping_status":"closed","template":"","meta":{"_acf_changed":false},"product_cat":[74,29],"product_tag":[],"class_list":{"0":"post-136103","1":"product","2":"type-product","3":"status-publish","4":"has-post-thumbnail","6":"product_cat-tutti","7":"product_cat-miscela","9":"first","10":"instock","11":"taxable","12":"shipping-taxable","13":"purchasable","14":"product-type-variable","15":"has-default-attributes"},"acf":[],"yoast_head":"<!-- This site is optimized with the Yoast SEO Premium plugin v24.5 (Yoast SEO v24.5) - https:\/\/yoast.com\/wordpress\/plugins\/seo\/ -->\n<title>centopercentoarabica | De&#039;Longhi<\/title>\n<meta name=\"description\" content=\"Creare una miscela di caff\u00e8 significa disegnare un&#039;intrigante e piacevole unione di profumi ed aromi. centopercentoarabica\" \/>\n<meta name=\"robots\" content=\"index, follow, max-snippet:-1, max-image-preview:large, max-video-preview:-1\" \/>\n<meta name=\"twitter:card\" content=\"summary_large_image\" \/>\n<meta name=\"twitter:title\" content=\"centopercentoarabica | De&#039;Longhi\" \/>\n<meta name=\"twitter:description\" content=\"Creare una miscela di caff\u00e8 significa disegnare un&#039;intrigante e piacevole unione di profumi ed aromi. centopercentoarabica\" \/>\n<meta name=\"twitter:image\" content=\"https:\/\/coffeelounge.delonghi.com\/wp-content\/uploads\/2022\/02\/centopercentoarabica_guatemalatorrefazionecaffe-Giovanna-Zerial-1-1.png\" \/>\n<script type=\"application\/ld+json\" class=\"yoast-schema-graph\">{\"@context\":\"https:\/\/schema.org\",\"@graph\":[{\"@type\":\"WebPage\",\"@id\":\"https:\/\/coffeelounge.delonghi.com\/it\/product\/centopercentoarabica\/\",\"url\":\"https:\/\/coffeelounge.delonghi.com\/it\/product\/centopercentoarabica\/\",\"name\":\"centopercentoarabica | De&#039;Longhi\",\"isPartOf\":{\"@id\":\"https:\/\/coffeelounge.delonghi.com\/it\/#website\"},\"primaryImageOfPage\":{\"@id\":\"https:\/\/coffeelounge.delonghi.com\/it\/product\/centopercentoarabica\/#primaryimage\"},\"image\":{\"@id\":\"https:\/\/coffeelounge.delonghi.com\/it\/product\/centopercentoarabica\/#primaryimage\"},\"thumbnailUrl\":\"https:\/\/coffeelounge.delonghi.com\/wp-content\/uploads\/2022\/02\/centopercentoarabica_guatemalatorrefazionecaffe-Giovanna-Zerial-1-1.png\",\"datePublished\":\"2022-02-22T10:52:57+00:00\",\"dateModified\":\"2024-03-04T07:49:16+00:00\",\"description\":\"Creare una miscela di caff\u00e8 significa disegnare un'intrigante e piacevole unione di profumi ed aromi. centopercentoarabica\",\"breadcrumb\":{\"@id\":\"https:\/\/coffeelounge.delonghi.com\/it\/product\/centopercentoarabica\/#breadcrumb\"},\"inLanguage\":\"it-IT\",\"potentialAction\":[{\"@type\":\"ReadAction\",\"target\":[\"https:\/\/coffeelounge.delonghi.com\/it\/product\/centopercentoarabica\/\"]}]},{\"@type\":\"ImageObject\",\"inLanguage\":\"it-IT\",\"@id\":\"https:\/\/coffeelounge.delonghi.com\/it\/product\/centopercentoarabica\/#primaryimage\",\"url\":\"https:\/\/coffeelounge.delonghi.com\/wp-content\/uploads\/2022\/02\/centopercentoarabica_guatemalatorrefazionecaffe-Giovanna-Zerial-1-1.png\",\"contentUrl\":\"https:\/\/coffeelounge.delonghi.com\/wp-content\/uploads\/2022\/02\/centopercentoarabica_guatemalatorrefazionecaffe-Giovanna-Zerial-1-1.png\",\"width\":500,\"height\":500},{\"@type\":\"BreadcrumbList\",\"@id\":\"https:\/\/coffeelounge.delonghi.com\/it\/product\/centopercentoarabica\/#breadcrumb\",\"itemListElement\":[{\"@type\":\"ListItem\",\"position\":1,\"name\":\"Home\",\"item\":\"https:\/\/coffeelounge.delonghi.com\/it\/\"},{\"@type\":\"ListItem\",\"position\":2,\"name\":\"Boutique\",\"item\":\"https:\/\/coffeelounge.delonghi.com\/fr\/?page_id=36\"},{\"@type\":\"ListItem\",\"position\":3,\"name\":\"centopercentoarabica\"}]},{\"@type\":\"WebSite\",\"@id\":\"https:\/\/coffeelounge.delonghi.com\/it\/#website\",\"url\":\"https:\/\/coffeelounge.delonghi.com\/it\/\",\"name\":\"De&#039;Longhi\",\"description\":\"Coffee Lounge\",\"publisher\":{\"@id\":\"https:\/\/coffeelounge.delonghi.com\/it\/#organization\"},\"potentialAction\":[{\"@type\":\"SearchAction\",\"target\":{\"@type\":\"EntryPoint\",\"urlTemplate\":\"https:\/\/coffeelounge.delonghi.com\/it\/?s={search_term_string}\"},\"query-input\":{\"@type\":\"PropertyValueSpecification\",\"valueRequired\":true,\"valueName\":\"search_term_string\"}}],\"inLanguage\":\"it-IT\"},{\"@type\":\"Organization\",\"@id\":\"https:\/\/coffeelounge.delonghi.com\/it\/#organization\",\"name\":\"De'Longhi Coffee Lounge\",\"url\":\"https:\/\/coffeelounge.delonghi.com\/it\/\",\"logo\":{\"@type\":\"ImageObject\",\"inLanguage\":\"it-IT\",\"@id\":\"https:\/\/coffeelounge.delonghi.com\/it\/#\/schema\/logo\/image\/\",\"url\":\"https:\/\/coffeelounge.delonghi.com\/wp-content\/uploads\/2020\/05\/delonghi-coffee-lounge-logo-nederland.png\",\"contentUrl\":\"https:\/\/coffeelounge.delonghi.com\/wp-content\/uploads\/2020\/05\/delonghi-coffee-lounge-logo-nederland.png\",\"width\":2337,\"height\":724,\"caption\":\"De'Longhi Coffee Lounge\"},\"image\":{\"@id\":\"https:\/\/coffeelounge.delonghi.com\/it\/#\/schema\/logo\/image\/\"}}]}<\/script>\n<!-- \/ Yoast SEO Premium plugin. -->","yoast_head_json":{"title":"centopercentoarabica | De&#039;Longhi","description":"Creare una miscela di caff\u00e8 significa disegnare un'intrigante e piacevole unione di profumi ed aromi. centopercentoarabica","robots":{"index":"index","follow":"follow","max-snippet":"max-snippet:-1","max-image-preview":"max-image-preview:large","max-video-preview":"max-video-preview:-1"},"twitter_card":"summary_large_image","twitter_title":"centopercentoarabica | De&#039;Longhi","twitter_description":"Creare una miscela di caff\u00e8 significa disegnare un'intrigante e piacevole unione di profumi ed aromi. centopercentoarabica","twitter_image":"https:\/\/coffeelounge.delonghi.com\/wp-content\/uploads\/2022\/02\/centopercentoarabica_guatemalatorrefazionecaffe-Giovanna-Zerial-1-1.png","schema":{"@context":"https:\/\/schema.org","@graph":[{"@type":"WebPage","@id":"https:\/\/coffeelounge.delonghi.com\/it\/product\/centopercentoarabica\/","url":"https:\/\/coffeelounge.delonghi.com\/it\/product\/centopercentoarabica\/","name":"centopercentoarabica | De&#039;Longhi","isPartOf":{"@id":"https:\/\/coffeelounge.delonghi.com\/it\/#website"},"primaryImageOfPage":{"@id":"https:\/\/coffeelounge.delonghi.com\/it\/product\/centopercentoarabica\/#primaryimage"},"image":{"@id":"https:\/\/coffeelounge.delonghi.com\/it\/product\/centopercentoarabica\/#primaryimage"},"thumbnailUrl":"https:\/\/coffeelounge.delonghi.com\/wp-content\/uploads\/2022\/02\/centopercentoarabica_guatemalatorrefazionecaffe-Giovanna-Zerial-1-1.png","datePublished":"2022-02-22T10:52:57+00:00","dateModified":"2024-03-04T07:49:16+00:00","description":"Creare una miscela di caff\u00e8 significa disegnare un'intrigante e piacevole unione di profumi ed aromi. centopercentoarabica","breadcrumb":{"@id":"https:\/\/coffeelounge.delonghi.com\/it\/product\/centopercentoarabica\/#breadcrumb"},"inLanguage":"it-IT","potentialAction":[{"@type":"ReadAction","target":["https:\/\/coffeelounge.delonghi.com\/it\/product\/centopercentoarabica\/"]}]},{"@type":"ImageObject","inLanguage":"it-IT","@id":"https:\/\/coffeelounge.delonghi.com\/it\/product\/centopercentoarabica\/#primaryimage","url":"https:\/\/coffeelounge.delonghi.com\/wp-content\/uploads\/2022\/02\/centopercentoarabica_guatemalatorrefazionecaffe-Giovanna-Zerial-1-1.png","contentUrl":"https:\/\/coffeelounge.delonghi.com\/wp-content\/uploads\/2022\/02\/centopercentoarabica_guatemalatorrefazionecaffe-Giovanna-Zerial-1-1.png","width":500,"height":500},{"@type":"BreadcrumbList","@id":"https:\/\/coffeelounge.delonghi.com\/it\/product\/centopercentoarabica\/#breadcrumb","itemListElement":[{"@type":"ListItem","position":1,"name":"Home","item":"https:\/\/coffeelounge.delonghi.com\/it\/"},{"@type":"ListItem","position":2,"name":"Boutique","item":"https:\/\/coffeelounge.delonghi.com\/fr\/?page_id=36"},{"@type":"ListItem","position":3,"name":"centopercentoarabica"}]},{"@type":"WebSite","@id":"https:\/\/coffeelounge.delonghi.com\/it\/#website","url":"https:\/\/coffeelounge.delonghi.com\/it\/","name":"De&#039;Longhi","description":"Coffee Lounge","publisher":{"@id":"https:\/\/coffeelounge.delonghi.com\/it\/#organization"},"potentialAction":[{"@type":"SearchAction","target":{"@type":"EntryPoint","urlTemplate":"https:\/\/coffeelounge.delonghi.com\/it\/?s={search_term_string}"},"query-input":{"@type":"PropertyValueSpecification","valueRequired":true,"valueName":"search_term_string"}}],"inLanguage":"it-IT"},{"@type":"Organization","@id":"https:\/\/coffeelounge.delonghi.com\/it\/#organization","name":"De'Longhi Coffee Lounge","url":"https:\/\/coffeelounge.delonghi.com\/it\/","logo":{"@type":"ImageObject","inLanguage":"it-IT","@id":"https:\/\/coffeelounge.delonghi.com\/it\/#\/schema\/logo\/image\/","url":"https:\/\/coffeelounge.delonghi.com\/wp-content\/uploads\/2020\/05\/delonghi-coffee-lounge-logo-nederland.png","contentUrl":"https:\/\/coffeelounge.delonghi.com\/wp-content\/uploads\/2020\/05\/delonghi-coffee-lounge-logo-nederland.png","width":2337,"height":724,"caption":"De'Longhi Coffee Lounge"},"image":{"@id":"https:\/\/coffeelounge.delonghi.com\/it\/#\/schema\/logo\/image\/"}}]}},"_links":{"self":[{"href":"https:\/\/coffeelounge.delonghi.com\/it\/wp-json\/wp\/v2\/product\/136103","targetHints":{"allow":["GET"]}}],"collection":[{"href":"https:\/\/coffeelounge.delonghi.com\/it\/wp-json\/wp\/v2\/product"}],"about":[{"href":"https:\/\/coffeelounge.delonghi.com\/it\/wp-json\/wp\/v2\/types\/product"}],"replies":[{"embeddable":true,"href":"https:\/\/coffeelounge.delonghi.com\/it\/wp-json\/wp\/v2\/comments?post=136103"}],"version-history":[{"count":2,"href":"https:\/\/coffeelounge.delonghi.com\/it\/wp-json\/wp\/v2\/product\/136103\/revisions"}],"predecessor-version":[{"id":421876,"href":"https:\/\/coffeelounge.delonghi.com\/it\/wp-json\/wp\/v2\/product\/136103\/revisions\/421876"}],"wp:featuredmedia":[{"embeddable":true,"href":"https:\/\/coffeelounge.delonghi.com\/it\/wp-json\/wp\/v2\/media\/415850"}],"wp:attachment":[{"href":"https:\/\/coffeelounge.delonghi.com\/it\/wp-json\/wp\/v2\/media?parent=136103"}],"wp:term":[{"taxonomy":"product_cat","embeddable":true,"href":"https:\/\/coffeelounge.delonghi.com\/it\/wp-json\/wp\/v2\/product_cat?post=136103"},{"taxonomy":"product_tag","embeddable":true,"href":"https:\/\/coffeelounge.delonghi.com\/it\/wp-json\/wp\/v2\/product_tag?post=136103"}],"curies":[{"name":"wp","href":"https:\/\/api.w.org\/{rel}","templated":true}]}}