{"id":1726,"date":"2020-07-23T15:49:03","date_gmt":"2020-07-23T15:49:03","guid":{"rendered":"https:\/\/delonghi-dev.logicworks.it\/?page_id=1726"},"modified":"2024-02-07T15:48:32","modified_gmt":"2024-02-07T15:48:32","slug":"quiz","status":"publish","type":"page","link":"https:\/\/coffeelounge.delonghi.com\/it\/quiz\/","title":{"rendered":"Quiz"},"content":{"rendered":"\t\t<div data-elementor-type=\"wp-page\" data-elementor-id=\"1726\" class=\"elementor elementor-1726\" data-elementor-post-type=\"page\">\n\t\t\t\t\t\t<section data-dce-background-color=\"#C37455\" data-dce-background-overlay-color=\"rgba(19, 21, 24, 0.16)\" data-dce-background-image-url=\"https:\/\/coffeelounge.delonghi.com\/wp-content\/uploads\/2020\/10\/INTRO-1.1-velina.jpg\" class=\"elementor-section elementor-top-section elementor-element elementor-element-d6b0494 elementor-section-full_width elementor-section-height-min-height elementor-section-items-stretch elementor-section-content-top static_header_container elementor-section-height-default\" data-id=\"d6b0494\" data-element_type=\"section\" data-settings=\"{&quot;background_background&quot;:&quot;classic&quot;}\">\n\t\t\t\t\t\t\t<div class=\"elementor-background-overlay\"><\/div>\n\t\t\t\t\t\t\t<div class=\"elementor-container elementor-column-gap-no\">\n\t\t\t\t\t<div class=\"elementor-column elementor-col-100 elementor-top-column elementor-element elementor-element-1259f72\" data-id=\"1259f72\" data-element_type=\"column\" data-settings=\"{&quot;background_background&quot;:&quot;classic&quot;}\">\n\t\t\t<div class=\"elementor-widget-wrap elementor-element-populated\">\n\t\t\t\t\t\t<section class=\"elementor-section elementor-inner-section elementor-element elementor-element-9f47780 elementor-section-boxed elementor-section-height-default elementor-section-height-default\" data-id=\"9f47780\" data-element_type=\"section\" data-settings=\"{&quot;background_background&quot;:&quot;classic&quot;}\">\n\t\t\t\t\t\t<div class=\"elementor-container elementor-column-gap-default\">\n\t\t\t\t\t<div class=\"elementor-column elementor-col-100 elementor-inner-column elementor-element elementor-element-65ffe97\" data-id=\"65ffe97\" data-element_type=\"column\" data-settings=\"{&quot;background_background&quot;:&quot;classic&quot;}\">\n\t\t\t<div class=\"elementor-widget-wrap elementor-element-populated\">\n\t\t\t\t\t\t<div class=\"elementor-element elementor-element-1114eb9 static_header_title elementor-widget elementor-widget-heading\" data-id=\"1114eb9\" data-element_type=\"widget\" data-widget_type=\"heading.default\">\n\t\t\t\t<div class=\"elementor-widget-container\">\n\t\t\t\t\t<h1 class=\"elementor-heading-title elementor-size-default\">Scopri il caff\u00e8<br>per te<\/h1>\t\t\t\t<\/div>\n\t\t\t\t<\/div>\n\t\t\t\t<div class=\"elementor-element elementor-element-d61771b static_header_text elementor-widget elementor-widget-text-editor\" data-id=\"d61771b\" data-element_type=\"widget\" data-widget_type=\"text-editor.default\">\n\t\t\t\t<div class=\"elementor-widget-container\">\n\t\t\t\t\t\t\t\t\t<p>Con cos\u00ec tante opzioni tra cui scegliere, \u00e8 difficile trovare la tazza perfetta.<br \/>Lascia che ti aiutiamo noi ad abbinarti al caff\u00e8 che pi\u00f9 ti si addice!<\/p>\t\t\t\t\t\t\t\t<\/div>\n\t\t\t\t<\/div>\n\t\t\t\t\t<\/div>\n\t\t<\/div>\n\t\t\t\t\t<\/div>\n\t\t<\/section>\n\t\t\t\t<section class=\"elementor-section elementor-inner-section elementor-element elementor-element-f5762b6 elementor-section-content-bottom cta_scrolldown_container elementor-section-boxed elementor-section-height-default elementor-section-height-default\" data-id=\"f5762b6\" data-element_type=\"section\">\n\t\t\t\t\t\t<div class=\"elementor-container elementor-column-gap-no\">\n\t\t\t\t\t<div class=\"elementor-column elementor-col-100 elementor-inner-column elementor-element elementor-element-015c084\" data-id=\"015c084\" data-element_type=\"column\">\n\t\t\t<div class=\"elementor-widget-wrap elementor-element-populated\">\n\t\t\t\t\t\t<div class=\"elementor-element elementor-element-5577f34 elementor-align-center btn_scrolldown elementor-widget__width-auto elementor-widget elementor-widget-button\" data-id=\"5577f34\" data-element_type=\"widget\" data-widget_type=\"button.default\">\n\t\t\t\t<div class=\"elementor-widget-container\">\n\t\t\t\t\t\t\t\t\t<div class=\"elementor-button-wrapper\">\n\t\t\t\t\t<a class=\"elementor-button elementor-button-link elementor-size-sm\" href=\"#\">\n\t\t\t\t\t\t<span class=\"elementor-button-content-wrapper\">\n\t\t\t\t\t\t<span class=\"elementor-button-icon\">\n\t\t\t\t<svg xmlns=\"http:\/\/www.w3.org\/2000\/svg\" xmlns:xlink=\"http:\/\/www.w3.org\/1999\/xlink\" id=\"Layer_1\" x=\"0px\" y=\"0px\" width=\"32px\" height=\"96px\" viewBox=\"0 0 32 96\" xml:space=\"preserve\">  <image id=\"image0\" width=\"32\" height=\"96\" x=\"0\" y=\"0\" xlink:href=\"data:image\/png;base64,iVBORw0KGgoAAAANSUhEUgAAACAAAABgCAQAAADWK7gTAAAABGdBTUEAALGPC\/xhBQAAACBjSFJNAAB6JgAAgIQAAPoAAACA6AAAdTAAAOpgAAA6mAAAF3CculE8AAAAAmJLR0QA\/4ePzL8AAAAHdElNRQfkBwYRFwNXJGyTAAAAfklEQVRYw+2WsQ3AIBDEMgL7LwMbwEaXhiIIwj9IkRLFLuHt+o4D4FWoKCq4LoOiYv+cJGU7oaAsKY0+ip2oehle2YmpbidMfZ5w6fcJtz5OLOl9YllvE1t6k9jTL4ldvSaS0rYOAPBZ2AeeBPuAfQAA8C\/YB54E+4B9APAwJyW8C9i0u7MIAAAAJXRFWHRkYXRlOmNyZWF0ZQAyMDIwLTA3LTA2VDE3OjIzOjAzKzAzOjAwZUnUwgAAACV0RVh0ZGF0ZTptb2RpZnkAMjAyMC0wNy0wNlQxNzoyMzowMyswMzowMBQUbH4AAAAASUVORK5CYII=\"><\/image><\/svg>\t\t\t<\/span>\n\t\t\t\t\t\t\t\t<\/span>\n\t\t\t\t\t<\/a>\n\t\t\t\t<\/div>\n\t\t\t\t\t\t\t\t<\/div>\n\t\t\t\t<\/div>\n\t\t\t\t\t<\/div>\n\t\t<\/div>\n\t\t\t\t\t<\/div>\n\t\t<\/section>\n\t\t\t\t\t<\/div>\n\t\t<\/div>\n\t\t\t\t\t<\/div>\n\t\t<\/section>\n\t\t<!-- dce invisible element 55aecb4 -->\t\t<section class=\"elementor-section elementor-top-section elementor-element elementor-element-625b276 elementor-section-full_width text_wysiwyg_container elementor-section-height-default elementor-section-height-default\" data-id=\"625b276\" data-element_type=\"section\">\n\t\t\t\t\t\t<div class=\"elementor-container elementor-column-gap-no\">\n\t\t\t\t\t<div class=\"elementor-column elementor-col-100 elementor-top-column elementor-element elementor-element-0aca761\" data-id=\"0aca761\" data-element_type=\"column\">\n\t\t\t<div class=\"elementor-widget-wrap\">\n\t\t\t\t\t\t\t<\/div>\n\t\t<\/div>\n\t\t\t\t\t<\/div>\n\t\t<\/section>\n\t\t\t\t<section class=\"elementor-section elementor-top-section elementor-element elementor-element-7e036b9d elementor-section-full_width text_wysiwyg_container elementor-section-height-default elementor-section-height-default\" data-id=\"7e036b9d\" data-element_type=\"section\">\n\t\t\t\t\t\t<div class=\"elementor-container elementor-column-gap-no\">\n\t\t\t\t\t<div class=\"elementor-column elementor-col-100 elementor-top-column elementor-element elementor-element-1fc513f2\" data-id=\"1fc513f2\" data-element_type=\"column\">\n\t\t\t<div class=\"elementor-widget-wrap elementor-element-populated\">\n\t\t\t\t\t\t<div class=\"elementor-element elementor-element-133ad790 text_wysiwyg_intro elementor-widget elementor-widget-heading\" data-id=\"133ad790\" data-element_type=\"widget\" data-widget_type=\"heading.default\">\n\t\t\t\t<div class=\"elementor-widget-container\">\n\t\t\t\t\t<h2 class=\"elementor-heading-title elementor-size-default\">Ti consideri un consumatore di caff\u00e8 o un esperto?\n<\/h2>\t\t\t\t<\/div>\n\t\t\t\t<\/div>\n\t\t\t\t\t<\/div>\n\t\t<\/div>\n\t\t\t\t\t<\/div>\n\t\t<\/section>\n\t\t\t\t<section class=\"elementor-section elementor-top-section elementor-element elementor-element-f05cf10 elementor-section-full_width quiz_intro_image_cards elementor-section-height-default elementor-section-height-default\" data-id=\"f05cf10\" data-element_type=\"section\">\n\t\t\t\t\t\t<div class=\"elementor-container elementor-column-gap-no\">\n\t\t\t\t\t<div class=\"elementor-column elementor-col-50 elementor-top-column elementor-element elementor-element-8a076ad\" data-id=\"8a076ad\" data-element_type=\"column\">\n\t\t\t<div class=\"elementor-widget-wrap elementor-element-populated\">\n\t\t\t\t\t\t<div class=\"elementor-element elementor-element-d76b2b5 eael-flipbox-content-align-center elementor-widget elementor-widget-eael-flip-box\" data-id=\"d76b2b5\" data-element_type=\"widget\" data-widget_type=\"eael-flip-box.default\">\n\t\t\t\t<div class=\"elementor-widget-container\">\n\t\t\t\t\t\n        <div class=\"eael-elements-flip-box-container eael-animate-flip eael-animate-left eael-content eael-flip-box-hover\">\n\n            <a class=\"eael-elements-flip-box-flip-card\" href=\"\/it\/quiz\/quiz-1\/\">\n                <div class=\"eael-elements-flip-box-front-container\">\n\n                    \n                        <div class=\"eael-elements-slider-display-table\">\n                            <div class=\"eael-elements-flip-box-vertical-align\">\n                                <div class=\"eael-elements-flip-box-padding\">\n                                    <div class=\"eael-elements-flip-box-icon-image\">\n                                                                            <\/div>\n                                    <h2 class=\"eael-elements-flip-box-heading\">Consumatore<\/h2>                                    <div class=\"eael-elements-flip-box-content\">\n\t                                    <p><span style=\"font-weight: 400;\">Ho principalmente una conoscenza di base del caff\u00e8 o non lo conosco per nulla.<\/span><\/p>                                    <\/div>\n                                <\/div>\n                            <\/div>\n                        <\/div>\n                                    <\/div>\n\n                <div class=\"eael-elements-flip-box-rear-container\">\n\n                                            <div class=\"eael-elements-slider-display-table\">\n                            <div class=\"eael-elements-flip-box-vertical-align\">\n                                <div class=\"eael-elements-flip-box-padding\">\n                                                                            <div class=\"eael-elements-flip-box-icon-image\">\n                                                                                            <\/div>\n                                                                                                            <h2 class=\"eael-elements-flip-box-heading\">Consumatore<\/h2>\n                                                                        <div class=\"eael-elements-flip-box-content\">\n                                        <p><span style=\"font-weight: 400;\">Non ho preferenze sulle variet\u00e0 botaniche e sul livello di tostatura dei miei chicchi di caff\u00e8, sono abituato a gustare le solite marche di caff\u00e8. Mentre bevo la mia tazza di caff\u00e8 mi godo il momento.<\/span><\/p><p><span style=\"font-weight: 400;\">\u00a0<\/span><\/p>                                    <\/div>\n\n                                                                    <\/div>\n                            <\/div>\n                        <\/div>\n                                    <\/div>\n            <\/a>\n        <\/div>\n\n        <script>\n            jQuery(document).ready(function( $ ) {\n                $(\".eael-flip-box-click\").off('click').on( 'click', function( event ) {\n                    $(this).toggleClass( '--active' );\n                });\n            });\n        <\/script>\n\n\t\t\t\t<\/div>\n\t\t\t\t<\/div>\n\t\t\t\t\t<\/div>\n\t\t<\/div>\n\t\t\t\t<div class=\"elementor-column elementor-col-50 elementor-top-column elementor-element elementor-element-cd0e617\" data-id=\"cd0e617\" data-element_type=\"column\">\n\t\t\t<div class=\"elementor-widget-wrap elementor-element-populated\">\n\t\t\t\t\t\t<div class=\"elementor-element elementor-element-7d11a38 eael-flipbox-content-align-center elementor-widget elementor-widget-eael-flip-box\" data-id=\"7d11a38\" data-element_type=\"widget\" data-widget_type=\"eael-flip-box.default\">\n\t\t\t\t<div class=\"elementor-widget-container\">\n\t\t\t\t\t\n        <div class=\"eael-elements-flip-box-container eael-animate-flip eael-animate-left eael-content eael-flip-box-hover\">\n\n            <a class=\"eael-elements-flip-box-flip-card\" href=\"\/it\/quiz\/quiz-2\/\">\n                <div class=\"eael-elements-flip-box-front-container\">\n\n                    \n                        <div class=\"eael-elements-slider-display-table\">\n                            <div class=\"eael-elements-flip-box-vertical-align\">\n                                <div class=\"eael-elements-flip-box-padding\">\n                                    <div class=\"eael-elements-flip-box-icon-image\">\n                                                                            <\/div>\n                                    <h2 class=\"eael-elements-flip-box-heading\">Esperto di caff\u00e8<\/h2>                                    <div class=\"eael-elements-flip-box-content\">\n\t                                    <p><span style=\"font-weight: 400;\">Ho principalmente una buona conoscenza del caff\u00e8.<\/span><\/p>                                    <\/div>\n                                <\/div>\n                            <\/div>\n                        <\/div>\n                                    <\/div>\n\n                <div class=\"eael-elements-flip-box-rear-container\">\n\n                                            <div class=\"eael-elements-slider-display-table\">\n                            <div class=\"eael-elements-flip-box-vertical-align\">\n                                <div class=\"eael-elements-flip-box-padding\">\n                                                                                                            <h2 class=\"eael-elements-flip-box-heading\">Esperto di caff\u00e8<\/h2>\n                                                                        <div class=\"eael-elements-flip-box-content\">\n                                        <p><span style=\"font-weight: 400;\">Mi piace selezionare il livello botanico e di tostatura dei miei chicchi perch\u00e9 mi piace esplorare nuovi caff\u00e8. Sono abituato a gustare il caff\u00e8 nei suoi diversi aromi e aspetti sensoriali.<\/span><\/p>                                    <\/div>\n\n                                                                    <\/div>\n                            <\/div>\n                        <\/div>\n                                    <\/div>\n            <\/a>\n        <\/div>\n\n        <script>\n            jQuery(document).ready(function( $ ) {\n                $(\".eael-flip-box-click\").off('click').on( 'click', function( event ) {\n                    $(this).toggleClass( '--active' );\n                });\n            });\n        <\/script>\n\n\t\t\t\t<\/div>\n\t\t\t\t<\/div>\n\t\t\t\t\t<\/div>\n\t\t<\/div>\n\t\t\t\t\t<\/div>\n\t\t<\/section>\n\t\t\t\t<\/div>\n\t\t","protected":false},"excerpt":{"rendered":"<p>Scopri il caff\u00e8per te Con cos\u00ec tante opzioni tra cui scegliere, \u00e8 difficile trovare la tazza perfetta.Lascia che ti aiutiamo noi ad abbinarti al caff\u00e8 che pi\u00f9 ti si addice! Prima di iniziare, entra nella Coffee Lounge per salvare il tuo profilo di gusto di caff\u00e8 e ricevere suggerimenti personalizzati. Iscriviti ora al Coffee Lounge [&hellip;]<\/p>\n","protected":false},"author":1,"featured_media":7469,"parent":0,"menu_order":0,"comment_status":"closed","ping_status":"closed","template":"elementor_header_footer","meta":{"_acf_changed":false,"footnotes":""},"class_list":["post-1726","page","type-page","status-publish","has-post-thumbnail","hentry"],"acf":[],"yoast_head":"<!-- This site is optimized with the Yoast SEO Premium plugin v24.5 (Yoast SEO v24.5) - https:\/\/yoast.com\/wordpress\/plugins\/seo\/ -->\n<title>Quiz | De&#039;Longhi<\/title>\n<meta name=\"robots\" content=\"index, follow, max-snippet:-1, max-image-preview:large, max-video-preview:-1\" \/>\n<meta name=\"twitter:card\" content=\"summary_large_image\" \/>\n<meta name=\"twitter:title\" content=\"Quiz | De&#039;Longhi\" \/>\n<meta name=\"twitter:description\" content=\"Scopri il caff\u00e8per te Con cos\u00ec tante opzioni tra cui scegliere, \u00e8 difficile trovare la tazza perfetta.Lascia che ti aiutiamo noi ad abbinarti al caff\u00e8 che pi\u00f9 ti si addice! Prima di iniziare, entra nella Coffee Lounge per salvare il tuo profilo di gusto di caff\u00e8 e ricevere suggerimenti personalizzati. Iscriviti ora al Coffee Lounge [&hellip;]\" \/>\n<meta name=\"twitter:image\" content=\"https:\/\/coffeelounge.delonghi.com\/wp-content\/uploads\/2020\/10\/INTRO-1.1-velina.jpg\" \/>\n<script type=\"application\/ld+json\" class=\"yoast-schema-graph\">{\"@context\":\"https:\/\/schema.org\",\"@graph\":[{\"@type\":\"WebPage\",\"@id\":\"https:\/\/coffeelounge.delonghi.com\/it\/quiz\/\",\"url\":\"https:\/\/coffeelounge.delonghi.com\/it\/quiz\/\",\"name\":\"Quiz | De&#039;Longhi\",\"isPartOf\":{\"@id\":\"https:\/\/coffeelounge.delonghi.com\/it\/#website\"},\"primaryImageOfPage\":{\"@id\":\"https:\/\/coffeelounge.delonghi.com\/it\/quiz\/#primaryimage\"},\"image\":{\"@id\":\"https:\/\/coffeelounge.delonghi.com\/it\/quiz\/#primaryimage\"},\"thumbnailUrl\":\"https:\/\/coffeelounge.delonghi.com\/wp-content\/uploads\/2020\/10\/INTRO-1.1-velina.jpg\",\"datePublished\":\"2020-07-23T15:49:03+00:00\",\"dateModified\":\"2024-02-07T15:48:32+00:00\",\"breadcrumb\":{\"@id\":\"https:\/\/coffeelounge.delonghi.com\/it\/quiz\/#breadcrumb\"},\"inLanguage\":\"it-IT\",\"potentialAction\":[{\"@type\":\"ReadAction\",\"target\":[\"https:\/\/coffeelounge.delonghi.com\/it\/quiz\/\"]}]},{\"@type\":\"ImageObject\",\"inLanguage\":\"it-IT\",\"@id\":\"https:\/\/coffeelounge.delonghi.com\/it\/quiz\/#primaryimage\",\"url\":\"https:\/\/coffeelounge.delonghi.com\/wp-content\/uploads\/2020\/10\/INTRO-1.1-velina.jpg\",\"contentUrl\":\"https:\/\/coffeelounge.delonghi.com\/wp-content\/uploads\/2020\/10\/INTRO-1.1-velina.jpg\",\"width\":1440,\"height\":900},{\"@type\":\"BreadcrumbList\",\"@id\":\"https:\/\/coffeelounge.delonghi.com\/it\/quiz\/#breadcrumb\",\"itemListElement\":[{\"@type\":\"ListItem\",\"position\":1,\"name\":\"Home\",\"item\":\"https:\/\/coffeelounge.delonghi.com\/it\/\"},{\"@type\":\"ListItem\",\"position\":2,\"name\":\"Quiz\"}]},{\"@type\":\"WebSite\",\"@id\":\"https:\/\/coffeelounge.delonghi.com\/it\/#website\",\"url\":\"https:\/\/coffeelounge.delonghi.com\/it\/\",\"name\":\"De&#039;Longhi\",\"description\":\"Coffee Lounge\",\"publisher\":{\"@id\":\"https:\/\/coffeelounge.delonghi.com\/it\/#organization\"},\"potentialAction\":[{\"@type\":\"SearchAction\",\"target\":{\"@type\":\"EntryPoint\",\"urlTemplate\":\"https:\/\/coffeelounge.delonghi.com\/it\/?s={search_term_string}\"},\"query-input\":{\"@type\":\"PropertyValueSpecification\",\"valueRequired\":true,\"valueName\":\"search_term_string\"}}],\"inLanguage\":\"it-IT\"},{\"@type\":\"Organization\",\"@id\":\"https:\/\/coffeelounge.delonghi.com\/it\/#organization\",\"name\":\"De'Longhi Coffee Lounge\",\"url\":\"https:\/\/coffeelounge.delonghi.com\/it\/\",\"logo\":{\"@type\":\"ImageObject\",\"inLanguage\":\"it-IT\",\"@id\":\"https:\/\/coffeelounge.delonghi.com\/it\/#\/schema\/logo\/image\/\",\"url\":\"https:\/\/coffeelounge.delonghi.com\/wp-content\/uploads\/2020\/05\/delonghi-coffee-lounge-logo-nederland.png\",\"contentUrl\":\"https:\/\/coffeelounge.delonghi.com\/wp-content\/uploads\/2020\/05\/delonghi-coffee-lounge-logo-nederland.png\",\"width\":2337,\"height\":724,\"caption\":\"De'Longhi Coffee Lounge\"},\"image\":{\"@id\":\"https:\/\/coffeelounge.delonghi.com\/it\/#\/schema\/logo\/image\/\"}}]}<\/script>\n<!-- \/ Yoast SEO Premium plugin. -->","yoast_head_json":{"title":"Quiz | De&#039;Longhi","robots":{"index":"index","follow":"follow","max-snippet":"max-snippet:-1","max-image-preview":"max-image-preview:large","max-video-preview":"max-video-preview:-1"},"twitter_card":"summary_large_image","twitter_title":"Quiz | De&#039;Longhi","twitter_description":"Scopri il caff\u00e8per te Con cos\u00ec tante opzioni tra cui scegliere, \u00e8 difficile trovare la tazza perfetta.Lascia che ti aiutiamo noi ad abbinarti al caff\u00e8 che pi\u00f9 ti si addice! Prima di iniziare, entra nella Coffee Lounge per salvare il tuo profilo di gusto di caff\u00e8 e ricevere suggerimenti personalizzati. Iscriviti ora al Coffee Lounge [&hellip;]","twitter_image":"https:\/\/coffeelounge.delonghi.com\/wp-content\/uploads\/2020\/10\/INTRO-1.1-velina.jpg","schema":{"@context":"https:\/\/schema.org","@graph":[{"@type":"WebPage","@id":"https:\/\/coffeelounge.delonghi.com\/it\/quiz\/","url":"https:\/\/coffeelounge.delonghi.com\/it\/quiz\/","name":"Quiz | De&#039;Longhi","isPartOf":{"@id":"https:\/\/coffeelounge.delonghi.com\/it\/#website"},"primaryImageOfPage":{"@id":"https:\/\/coffeelounge.delonghi.com\/it\/quiz\/#primaryimage"},"image":{"@id":"https:\/\/coffeelounge.delonghi.com\/it\/quiz\/#primaryimage"},"thumbnailUrl":"https:\/\/coffeelounge.delonghi.com\/wp-content\/uploads\/2020\/10\/INTRO-1.1-velina.jpg","datePublished":"2020-07-23T15:49:03+00:00","dateModified":"2024-02-07T15:48:32+00:00","breadcrumb":{"@id":"https:\/\/coffeelounge.delonghi.com\/it\/quiz\/#breadcrumb"},"inLanguage":"it-IT","potentialAction":[{"@type":"ReadAction","target":["https:\/\/coffeelounge.delonghi.com\/it\/quiz\/"]}]},{"@type":"ImageObject","inLanguage":"it-IT","@id":"https:\/\/coffeelounge.delonghi.com\/it\/quiz\/#primaryimage","url":"https:\/\/coffeelounge.delonghi.com\/wp-content\/uploads\/2020\/10\/INTRO-1.1-velina.jpg","contentUrl":"https:\/\/coffeelounge.delonghi.com\/wp-content\/uploads\/2020\/10\/INTRO-1.1-velina.jpg","width":1440,"height":900},{"@type":"BreadcrumbList","@id":"https:\/\/coffeelounge.delonghi.com\/it\/quiz\/#breadcrumb","itemListElement":[{"@type":"ListItem","position":1,"name":"Home","item":"https:\/\/coffeelounge.delonghi.com\/it\/"},{"@type":"ListItem","position":2,"name":"Quiz"}]},{"@type":"WebSite","@id":"https:\/\/coffeelounge.delonghi.com\/it\/#website","url":"https:\/\/coffeelounge.delonghi.com\/it\/","name":"De&#039;Longhi","description":"Coffee Lounge","publisher":{"@id":"https:\/\/coffeelounge.delonghi.com\/it\/#organization"},"potentialAction":[{"@type":"SearchAction","target":{"@type":"EntryPoint","urlTemplate":"https:\/\/coffeelounge.delonghi.com\/it\/?s={search_term_string}"},"query-input":{"@type":"PropertyValueSpecification","valueRequired":true,"valueName":"search_term_string"}}],"inLanguage":"it-IT"},{"@type":"Organization","@id":"https:\/\/coffeelounge.delonghi.com\/it\/#organization","name":"De'Longhi Coffee Lounge","url":"https:\/\/coffeelounge.delonghi.com\/it\/","logo":{"@type":"ImageObject","inLanguage":"it-IT","@id":"https:\/\/coffeelounge.delonghi.com\/it\/#\/schema\/logo\/image\/","url":"https:\/\/coffeelounge.delonghi.com\/wp-content\/uploads\/2020\/05\/delonghi-coffee-lounge-logo-nederland.png","contentUrl":"https:\/\/coffeelounge.delonghi.com\/wp-content\/uploads\/2020\/05\/delonghi-coffee-lounge-logo-nederland.png","width":2337,"height":724,"caption":"De'Longhi Coffee Lounge"},"image":{"@id":"https:\/\/coffeelounge.delonghi.com\/it\/#\/schema\/logo\/image\/"}}]}},"_links":{"self":[{"href":"https:\/\/coffeelounge.delonghi.com\/it\/wp-json\/wp\/v2\/pages\/1726","targetHints":{"allow":["GET"]}}],"collection":[{"href":"https:\/\/coffeelounge.delonghi.com\/it\/wp-json\/wp\/v2\/pages"}],"about":[{"href":"https:\/\/coffeelounge.delonghi.com\/it\/wp-json\/wp\/v2\/types\/page"}],"author":[{"embeddable":true,"href":"https:\/\/coffeelounge.delonghi.com\/it\/wp-json\/wp\/v2\/users\/1"}],"replies":[{"embeddable":true,"href":"https:\/\/coffeelounge.delonghi.com\/it\/wp-json\/wp\/v2\/comments?post=1726"}],"version-history":[{"count":6,"href":"https:\/\/coffeelounge.delonghi.com\/it\/wp-json\/wp\/v2\/pages\/1726\/revisions"}],"predecessor-version":[{"id":413224,"href":"https:\/\/coffeelounge.delonghi.com\/it\/wp-json\/wp\/v2\/pages\/1726\/revisions\/413224"}],"wp:featuredmedia":[{"embeddable":true,"href":"https:\/\/coffeelounge.delonghi.com\/it\/wp-json\/wp\/v2\/media\/7469"}],"wp:attachment":[{"href":"https:\/\/coffeelounge.delonghi.com\/it\/wp-json\/wp\/v2\/media?parent=1726"}],"curies":[{"name":"wp","href":"https:\/\/api.w.org\/{rel}","templated":true}]}}