{"id":19936,"date":"2021-01-25T09:21:33","date_gmt":"2021-01-25T09:21:33","guid":{"rendered":"https:\/\/coffeelounge.delonghi.com\/?post_type=product&#038;p=19936"},"modified":"2024-03-04T09:38:00","modified_gmt":"2024-03-04T09:38:00","slug":"perou-el-condor-huabal","status":"publish","type":"product","link":"https:\/\/coffeelounge.delonghi.com\/fr\/produit\/perou-el-condor-huabal\/","title":{"rendered":"P\u00e9rou el condor huabal"},"content":{"rendered":"<p>Ce caf\u00e9 issu de la r\u00e9gion de Cajamarca, rend hommage au majestueux condor des Andes et se distingue d\u2019ailleurs par son profil aromatique hors du commun offrant \u00e0 la fois des notes gourmandes de noisette et une l\u00e9g\u00e8re touche fruit\u00e9e de citron &amp; d\u2019orange.<\/p>\n","protected":false},"excerpt":{"rendered":"<p>A big contender with a powerful hit. The Number 8 is Stong yet smooth, a true carrier of sweet notes of caramel and sugar, sticky toffee pudding and roasted nuts.<\/p>\n","protected":false},"featured_media":419525,"comment_status":"open","ping_status":"closed","template":"","meta":{"_acf_changed":false},"product_cat":[115,118,121,28],"product_tag":[],"class_list":{"0":"post-19936","1":"product","2":"type-product","3":"status-publish","4":"has-post-thumbnail","6":"product_cat-cafe-en-grain","7":"product_cat-blends-fr","8":"product_cat-single-origin-fr","9":"product_cat-specialty-fr","11":"first","12":"instock","13":"taxable","14":"shipping-taxable","15":"purchasable","16":"product-type-variable"},"acf":[],"yoast_head":"<!-- This site is optimized with the Yoast SEO Premium plugin v24.5 (Yoast SEO v24.5) - https:\/\/yoast.com\/wordpress\/plugins\/seo\/ -->\n<title>P\u00e9rou el condor huabal | De&#039;Longhi<\/title>\n<meta name=\"robots\" content=\"index, follow, max-snippet:-1, max-image-preview:large, max-video-preview:-1\" \/>\n<meta name=\"twitter:card\" content=\"summary_large_image\" \/>\n<meta name=\"twitter:title\" content=\"P\u00e9rou el condor huabal | De&#039;Longhi\" \/>\n<meta name=\"twitter:description\" content=\"A big contender with a powerful hit. The Number 8 is Stong yet smooth, a true carrier of sweet notes of caramel and sugar, sticky toffee pudding and roasted nuts.\" \/>\n<meta name=\"twitter:image\" content=\"https:\/\/coffeelounge.delonghi.com\/wp-content\/uploads\/2021\/01\/Perou_el_condor_huabal-Celtik.png\" \/>\n<script type=\"application\/ld+json\" class=\"yoast-schema-graph\">{\"@context\":\"https:\/\/schema.org\",\"@graph\":[{\"@type\":\"WebPage\",\"@id\":\"https:\/\/coffeelounge.delonghi.com\/fr\/produit\/perou-el-condor-huabal\/\",\"url\":\"https:\/\/coffeelounge.delonghi.com\/fr\/produit\/perou-el-condor-huabal\/\",\"name\":\"P\u00e9rou el condor huabal | De&#039;Longhi\",\"isPartOf\":{\"@id\":\"https:\/\/coffeelounge.delonghi.com\/fr\/#website\"},\"primaryImageOfPage\":{\"@id\":\"https:\/\/coffeelounge.delonghi.com\/fr\/produit\/perou-el-condor-huabal\/#primaryimage\"},\"image\":{\"@id\":\"https:\/\/coffeelounge.delonghi.com\/fr\/produit\/perou-el-condor-huabal\/#primaryimage\"},\"thumbnailUrl\":\"https:\/\/coffeelounge.delonghi.com\/wp-content\/uploads\/2021\/01\/Perou_el_condor_huabal-Celtik.png\",\"datePublished\":\"2021-01-25T09:21:33+00:00\",\"dateModified\":\"2024-03-04T09:38:00+00:00\",\"breadcrumb\":{\"@id\":\"https:\/\/coffeelounge.delonghi.com\/fr\/produit\/perou-el-condor-huabal\/#breadcrumb\"},\"inLanguage\":\"fr-FR\",\"potentialAction\":[{\"@type\":\"ReadAction\",\"target\":[\"https:\/\/coffeelounge.delonghi.com\/fr\/produit\/perou-el-condor-huabal\/\"]}]},{\"@type\":\"ImageObject\",\"inLanguage\":\"fr-FR\",\"@id\":\"https:\/\/coffeelounge.delonghi.com\/fr\/produit\/perou-el-condor-huabal\/#primaryimage\",\"url\":\"https:\/\/coffeelounge.delonghi.com\/wp-content\/uploads\/2021\/01\/Perou_el_condor_huabal-Celtik.png\",\"contentUrl\":\"https:\/\/coffeelounge.delonghi.com\/wp-content\/uploads\/2021\/01\/Perou_el_condor_huabal-Celtik.png\",\"width\":432,\"height\":432},{\"@type\":\"BreadcrumbList\",\"@id\":\"https:\/\/coffeelounge.delonghi.com\/fr\/produit\/perou-el-condor-huabal\/#breadcrumb\",\"itemListElement\":[{\"@type\":\"ListItem\",\"position\":1,\"name\":\"Home\",\"item\":\"https:\/\/coffeelounge.delonghi.com\/fr\/\"},{\"@type\":\"ListItem\",\"position\":2,\"name\":\"Boutique\",\"item\":\"https:\/\/coffeelounge.delonghi.com\/fr\/?page_id=36\"},{\"@type\":\"ListItem\",\"position\":3,\"name\":\"P\u00e9rou el condor huabal\"}]},{\"@type\":\"WebSite\",\"@id\":\"https:\/\/coffeelounge.delonghi.com\/fr\/#website\",\"url\":\"https:\/\/coffeelounge.delonghi.com\/fr\/\",\"name\":\"De&#039;Longhi\",\"description\":\"Coffee Lounge\",\"publisher\":{\"@id\":\"https:\/\/coffeelounge.delonghi.com\/fr\/#organization\"},\"potentialAction\":[{\"@type\":\"SearchAction\",\"target\":{\"@type\":\"EntryPoint\",\"urlTemplate\":\"https:\/\/coffeelounge.delonghi.com\/fr\/?s={search_term_string}\"},\"query-input\":{\"@type\":\"PropertyValueSpecification\",\"valueRequired\":true,\"valueName\":\"search_term_string\"}}],\"inLanguage\":\"fr-FR\"},{\"@type\":\"Organization\",\"@id\":\"https:\/\/coffeelounge.delonghi.com\/fr\/#organization\",\"name\":\"De'Longhi Coffee Lounge\",\"url\":\"https:\/\/coffeelounge.delonghi.com\/fr\/\",\"logo\":{\"@type\":\"ImageObject\",\"inLanguage\":\"fr-FR\",\"@id\":\"https:\/\/coffeelounge.delonghi.com\/fr\/#\/schema\/logo\/image\/\",\"url\":\"https:\/\/coffeelounge.delonghi.com\/wp-content\/uploads\/2020\/05\/delonghi-coffee-lounge-logo-nederland.png\",\"contentUrl\":\"https:\/\/coffeelounge.delonghi.com\/wp-content\/uploads\/2020\/05\/delonghi-coffee-lounge-logo-nederland.png\",\"width\":2337,\"height\":724,\"caption\":\"De'Longhi Coffee Lounge\"},\"image\":{\"@id\":\"https:\/\/coffeelounge.delonghi.com\/fr\/#\/schema\/logo\/image\/\"}}]}<\/script>\n<!-- \/ Yoast SEO Premium plugin. -->","yoast_head_json":{"title":"P\u00e9rou el condor huabal | De&#039;Longhi","robots":{"index":"index","follow":"follow","max-snippet":"max-snippet:-1","max-image-preview":"max-image-preview:large","max-video-preview":"max-video-preview:-1"},"twitter_card":"summary_large_image","twitter_title":"P\u00e9rou el condor huabal | De&#039;Longhi","twitter_description":"A big contender with a powerful hit. The Number 8 is Stong yet smooth, a true carrier of sweet notes of caramel and sugar, sticky toffee pudding and roasted nuts.","twitter_image":"https:\/\/coffeelounge.delonghi.com\/wp-content\/uploads\/2021\/01\/Perou_el_condor_huabal-Celtik.png","schema":{"@context":"https:\/\/schema.org","@graph":[{"@type":"WebPage","@id":"https:\/\/coffeelounge.delonghi.com\/fr\/produit\/perou-el-condor-huabal\/","url":"https:\/\/coffeelounge.delonghi.com\/fr\/produit\/perou-el-condor-huabal\/","name":"P\u00e9rou el condor huabal | De&#039;Longhi","isPartOf":{"@id":"https:\/\/coffeelounge.delonghi.com\/fr\/#website"},"primaryImageOfPage":{"@id":"https:\/\/coffeelounge.delonghi.com\/fr\/produit\/perou-el-condor-huabal\/#primaryimage"},"image":{"@id":"https:\/\/coffeelounge.delonghi.com\/fr\/produit\/perou-el-condor-huabal\/#primaryimage"},"thumbnailUrl":"https:\/\/coffeelounge.delonghi.com\/wp-content\/uploads\/2021\/01\/Perou_el_condor_huabal-Celtik.png","datePublished":"2021-01-25T09:21:33+00:00","dateModified":"2024-03-04T09:38:00+00:00","breadcrumb":{"@id":"https:\/\/coffeelounge.delonghi.com\/fr\/produit\/perou-el-condor-huabal\/#breadcrumb"},"inLanguage":"fr-FR","potentialAction":[{"@type":"ReadAction","target":["https:\/\/coffeelounge.delonghi.com\/fr\/produit\/perou-el-condor-huabal\/"]}]},{"@type":"ImageObject","inLanguage":"fr-FR","@id":"https:\/\/coffeelounge.delonghi.com\/fr\/produit\/perou-el-condor-huabal\/#primaryimage","url":"https:\/\/coffeelounge.delonghi.com\/wp-content\/uploads\/2021\/01\/Perou_el_condor_huabal-Celtik.png","contentUrl":"https:\/\/coffeelounge.delonghi.com\/wp-content\/uploads\/2021\/01\/Perou_el_condor_huabal-Celtik.png","width":432,"height":432},{"@type":"BreadcrumbList","@id":"https:\/\/coffeelounge.delonghi.com\/fr\/produit\/perou-el-condor-huabal\/#breadcrumb","itemListElement":[{"@type":"ListItem","position":1,"name":"Home","item":"https:\/\/coffeelounge.delonghi.com\/fr\/"},{"@type":"ListItem","position":2,"name":"Boutique","item":"https:\/\/coffeelounge.delonghi.com\/fr\/?page_id=36"},{"@type":"ListItem","position":3,"name":"P\u00e9rou el condor huabal"}]},{"@type":"WebSite","@id":"https:\/\/coffeelounge.delonghi.com\/fr\/#website","url":"https:\/\/coffeelounge.delonghi.com\/fr\/","name":"De&#039;Longhi","description":"Coffee Lounge","publisher":{"@id":"https:\/\/coffeelounge.delonghi.com\/fr\/#organization"},"potentialAction":[{"@type":"SearchAction","target":{"@type":"EntryPoint","urlTemplate":"https:\/\/coffeelounge.delonghi.com\/fr\/?s={search_term_string}"},"query-input":{"@type":"PropertyValueSpecification","valueRequired":true,"valueName":"search_term_string"}}],"inLanguage":"fr-FR"},{"@type":"Organization","@id":"https:\/\/coffeelounge.delonghi.com\/fr\/#organization","name":"De'Longhi Coffee Lounge","url":"https:\/\/coffeelounge.delonghi.com\/fr\/","logo":{"@type":"ImageObject","inLanguage":"fr-FR","@id":"https:\/\/coffeelounge.delonghi.com\/fr\/#\/schema\/logo\/image\/","url":"https:\/\/coffeelounge.delonghi.com\/wp-content\/uploads\/2020\/05\/delonghi-coffee-lounge-logo-nederland.png","contentUrl":"https:\/\/coffeelounge.delonghi.com\/wp-content\/uploads\/2020\/05\/delonghi-coffee-lounge-logo-nederland.png","width":2337,"height":724,"caption":"De'Longhi Coffee Lounge"},"image":{"@id":"https:\/\/coffeelounge.delonghi.com\/fr\/#\/schema\/logo\/image\/"}}]}},"_links":{"self":[{"href":"https:\/\/coffeelounge.delonghi.com\/fr\/wp-json\/wp\/v2\/product\/19936","targetHints":{"allow":["GET"]}}],"collection":[{"href":"https:\/\/coffeelounge.delonghi.com\/fr\/wp-json\/wp\/v2\/product"}],"about":[{"href":"https:\/\/coffeelounge.delonghi.com\/fr\/wp-json\/wp\/v2\/types\/product"}],"replies":[{"embeddable":true,"href":"https:\/\/coffeelounge.delonghi.com\/fr\/wp-json\/wp\/v2\/comments?post=19936"}],"version-history":[{"count":2,"href":"https:\/\/coffeelounge.delonghi.com\/fr\/wp-json\/wp\/v2\/product\/19936\/revisions"}],"predecessor-version":[{"id":422176,"href":"https:\/\/coffeelounge.delonghi.com\/fr\/wp-json\/wp\/v2\/product\/19936\/revisions\/422176"}],"wp:featuredmedia":[{"embeddable":true,"href":"https:\/\/coffeelounge.delonghi.com\/fr\/wp-json\/wp\/v2\/media\/419525"}],"wp:attachment":[{"href":"https:\/\/coffeelounge.delonghi.com\/fr\/wp-json\/wp\/v2\/media?parent=19936"}],"wp:term":[{"taxonomy":"product_cat","embeddable":true,"href":"https:\/\/coffeelounge.delonghi.com\/fr\/wp-json\/wp\/v2\/product_cat?post=19936"},{"taxonomy":"product_tag","embeddable":true,"href":"https:\/\/coffeelounge.delonghi.com\/fr\/wp-json\/wp\/v2\/product_tag?post=19936"}],"curies":[{"name":"wp","href":"https:\/\/api.w.org\/{rel}","templated":true}]}}