{"id":19033,"date":"2020-12-22T15:49:48","date_gmt":"2020-12-22T15:49:48","guid":{"rendered":"https:\/\/coffeelounge.delonghi.com\/?post_type=product&#038;p=19033"},"modified":"2024-02-27T13:03:49","modified_gmt":"2024-02-27T13:03:49","slug":"costa-rica-volcan-azul-caturra","status":"publish","type":"product","link":"https:\/\/coffeelounge.delonghi.com\/fr\/produit\/costa-rica-volcan-azul-caturra\/","title":{"rendered":"Costa Rica volcan azul caturra"},"content":{"rendered":"<p>\u00c9lu \u00c9picure d&#8217;Or aux \u00c9picures de l\u2019\u00c9picerie Fine 2018 dans la cat\u00e9gorie &#8220;Caf\u00e9s&#8221;*<\/p>\n<p>R\u00e9colte 2019\/2020 : Alejo Castro joue avec les process et devient virtuose ann\u00e9e apr\u00e8s ann\u00e9e. Ici les caturra de la ferme qui gagnent en maturit\u00e9 et s\u00e9ch\u00e9s au cordeau pour un mill\u00e9sime de grande classe.<\/p>\n","protected":false},"excerpt":{"rendered":"<p>A big contender with a powerful hit. The Number 8 is Stong yet smooth, a true carrier of sweet notes of caramel and sugar, sticky toffee pudding and roasted nuts.<\/p>\n","protected":false},"featured_media":419616,"comment_status":"open","ping_status":"closed","template":"","meta":{"_acf_changed":false},"product_cat":[115,121,28],"product_tag":[],"class_list":{"0":"post-19033","1":"product","2":"type-product","3":"status-publish","4":"has-post-thumbnail","6":"product_cat-cafe-en-grain","7":"product_cat-single-origin-fr","8":"product_cat-specialty-fr","10":"first","11":"instock","12":"taxable","13":"shipping-taxable","14":"purchasable","15":"product-type-variable"},"acf":[],"yoast_head":"<!-- This site is optimized with the Yoast SEO Premium plugin v24.5 (Yoast SEO v24.5) - https:\/\/yoast.com\/wordpress\/plugins\/seo\/ -->\n<title>Costa Rica volcan azul caturra | De&#039;Longhi<\/title>\n<meta name=\"robots\" content=\"index, follow, max-snippet:-1, max-image-preview:large, max-video-preview:-1\" \/>\n<meta name=\"twitter:card\" content=\"summary_large_image\" \/>\n<meta name=\"twitter:title\" content=\"Costa Rica volcan azul caturra | De&#039;Longhi\" \/>\n<meta name=\"twitter:description\" content=\"A big contender with a powerful hit. The Number 8 is Stong yet smooth, a true carrier of sweet notes of caramel and sugar, sticky toffee pudding and roasted nuts.\" \/>\n<meta name=\"twitter:image\" content=\"https:\/\/coffeelounge.delonghi.com\/wp-content\/uploads\/2020\/12\/Volcan-Azul-Caturra-TERRES_DE_CAFE.png\" \/>\n<script type=\"application\/ld+json\" class=\"yoast-schema-graph\">{\"@context\":\"https:\/\/schema.org\",\"@graph\":[{\"@type\":\"WebPage\",\"@id\":\"https:\/\/coffeelounge.delonghi.com\/fr\/produit\/costa-rica-volcan-azul-caturra\/\",\"url\":\"https:\/\/coffeelounge.delonghi.com\/fr\/produit\/costa-rica-volcan-azul-caturra\/\",\"name\":\"Costa Rica volcan azul caturra | De&#039;Longhi\",\"isPartOf\":{\"@id\":\"https:\/\/coffeelounge.delonghi.com\/fr\/#website\"},\"primaryImageOfPage\":{\"@id\":\"https:\/\/coffeelounge.delonghi.com\/fr\/produit\/costa-rica-volcan-azul-caturra\/#primaryimage\"},\"image\":{\"@id\":\"https:\/\/coffeelounge.delonghi.com\/fr\/produit\/costa-rica-volcan-azul-caturra\/#primaryimage\"},\"thumbnailUrl\":\"https:\/\/coffeelounge.delonghi.com\/wp-content\/uploads\/2020\/12\/Volcan-Azul-Caturra-TERRES_DE_CAFE.png\",\"datePublished\":\"2020-12-22T15:49:48+00:00\",\"dateModified\":\"2024-02-27T13:03:49+00:00\",\"breadcrumb\":{\"@id\":\"https:\/\/coffeelounge.delonghi.com\/fr\/produit\/costa-rica-volcan-azul-caturra\/#breadcrumb\"},\"inLanguage\":\"fr-FR\",\"potentialAction\":[{\"@type\":\"ReadAction\",\"target\":[\"https:\/\/coffeelounge.delonghi.com\/fr\/produit\/costa-rica-volcan-azul-caturra\/\"]}]},{\"@type\":\"ImageObject\",\"inLanguage\":\"fr-FR\",\"@id\":\"https:\/\/coffeelounge.delonghi.com\/fr\/produit\/costa-rica-volcan-azul-caturra\/#primaryimage\",\"url\":\"https:\/\/coffeelounge.delonghi.com\/wp-content\/uploads\/2020\/12\/Volcan-Azul-Caturra-TERRES_DE_CAFE.png\",\"contentUrl\":\"https:\/\/coffeelounge.delonghi.com\/wp-content\/uploads\/2020\/12\/Volcan-Azul-Caturra-TERRES_DE_CAFE.png\",\"width\":432,\"height\":432},{\"@type\":\"BreadcrumbList\",\"@id\":\"https:\/\/coffeelounge.delonghi.com\/fr\/produit\/costa-rica-volcan-azul-caturra\/#breadcrumb\",\"itemListElement\":[{\"@type\":\"ListItem\",\"position\":1,\"name\":\"Home\",\"item\":\"https:\/\/coffeelounge.delonghi.com\/fr\/\"},{\"@type\":\"ListItem\",\"position\":2,\"name\":\"Boutique\",\"item\":\"https:\/\/coffeelounge.delonghi.com\/fr\/?page_id=36\"},{\"@type\":\"ListItem\",\"position\":3,\"name\":\"Costa Rica volcan azul caturra\"}]},{\"@type\":\"WebSite\",\"@id\":\"https:\/\/coffeelounge.delonghi.com\/fr\/#website\",\"url\":\"https:\/\/coffeelounge.delonghi.com\/fr\/\",\"name\":\"De&#039;Longhi\",\"description\":\"Coffee Lounge\",\"publisher\":{\"@id\":\"https:\/\/coffeelounge.delonghi.com\/fr\/#organization\"},\"potentialAction\":[{\"@type\":\"SearchAction\",\"target\":{\"@type\":\"EntryPoint\",\"urlTemplate\":\"https:\/\/coffeelounge.delonghi.com\/fr\/?s={search_term_string}\"},\"query-input\":{\"@type\":\"PropertyValueSpecification\",\"valueRequired\":true,\"valueName\":\"search_term_string\"}}],\"inLanguage\":\"fr-FR\"},{\"@type\":\"Organization\",\"@id\":\"https:\/\/coffeelounge.delonghi.com\/fr\/#organization\",\"name\":\"De'Longhi Coffee Lounge\",\"url\":\"https:\/\/coffeelounge.delonghi.com\/fr\/\",\"logo\":{\"@type\":\"ImageObject\",\"inLanguage\":\"fr-FR\",\"@id\":\"https:\/\/coffeelounge.delonghi.com\/fr\/#\/schema\/logo\/image\/\",\"url\":\"https:\/\/coffeelounge.delonghi.com\/wp-content\/uploads\/2020\/05\/delonghi-coffee-lounge-logo-nederland.png\",\"contentUrl\":\"https:\/\/coffeelounge.delonghi.com\/wp-content\/uploads\/2020\/05\/delonghi-coffee-lounge-logo-nederland.png\",\"width\":2337,\"height\":724,\"caption\":\"De'Longhi Coffee Lounge\"},\"image\":{\"@id\":\"https:\/\/coffeelounge.delonghi.com\/fr\/#\/schema\/logo\/image\/\"}}]}<\/script>\n<!-- \/ Yoast SEO Premium plugin. -->","yoast_head_json":{"title":"Costa Rica volcan azul caturra | De&#039;Longhi","robots":{"index":"index","follow":"follow","max-snippet":"max-snippet:-1","max-image-preview":"max-image-preview:large","max-video-preview":"max-video-preview:-1"},"twitter_card":"summary_large_image","twitter_title":"Costa Rica volcan azul caturra | De&#039;Longhi","twitter_description":"A big contender with a powerful hit. The Number 8 is Stong yet smooth, a true carrier of sweet notes of caramel and sugar, sticky toffee pudding and roasted nuts.","twitter_image":"https:\/\/coffeelounge.delonghi.com\/wp-content\/uploads\/2020\/12\/Volcan-Azul-Caturra-TERRES_DE_CAFE.png","schema":{"@context":"https:\/\/schema.org","@graph":[{"@type":"WebPage","@id":"https:\/\/coffeelounge.delonghi.com\/fr\/produit\/costa-rica-volcan-azul-caturra\/","url":"https:\/\/coffeelounge.delonghi.com\/fr\/produit\/costa-rica-volcan-azul-caturra\/","name":"Costa Rica volcan azul caturra | De&#039;Longhi","isPartOf":{"@id":"https:\/\/coffeelounge.delonghi.com\/fr\/#website"},"primaryImageOfPage":{"@id":"https:\/\/coffeelounge.delonghi.com\/fr\/produit\/costa-rica-volcan-azul-caturra\/#primaryimage"},"image":{"@id":"https:\/\/coffeelounge.delonghi.com\/fr\/produit\/costa-rica-volcan-azul-caturra\/#primaryimage"},"thumbnailUrl":"https:\/\/coffeelounge.delonghi.com\/wp-content\/uploads\/2020\/12\/Volcan-Azul-Caturra-TERRES_DE_CAFE.png","datePublished":"2020-12-22T15:49:48+00:00","dateModified":"2024-02-27T13:03:49+00:00","breadcrumb":{"@id":"https:\/\/coffeelounge.delonghi.com\/fr\/produit\/costa-rica-volcan-azul-caturra\/#breadcrumb"},"inLanguage":"fr-FR","potentialAction":[{"@type":"ReadAction","target":["https:\/\/coffeelounge.delonghi.com\/fr\/produit\/costa-rica-volcan-azul-caturra\/"]}]},{"@type":"ImageObject","inLanguage":"fr-FR","@id":"https:\/\/coffeelounge.delonghi.com\/fr\/produit\/costa-rica-volcan-azul-caturra\/#primaryimage","url":"https:\/\/coffeelounge.delonghi.com\/wp-content\/uploads\/2020\/12\/Volcan-Azul-Caturra-TERRES_DE_CAFE.png","contentUrl":"https:\/\/coffeelounge.delonghi.com\/wp-content\/uploads\/2020\/12\/Volcan-Azul-Caturra-TERRES_DE_CAFE.png","width":432,"height":432},{"@type":"BreadcrumbList","@id":"https:\/\/coffeelounge.delonghi.com\/fr\/produit\/costa-rica-volcan-azul-caturra\/#breadcrumb","itemListElement":[{"@type":"ListItem","position":1,"name":"Home","item":"https:\/\/coffeelounge.delonghi.com\/fr\/"},{"@type":"ListItem","position":2,"name":"Boutique","item":"https:\/\/coffeelounge.delonghi.com\/fr\/?page_id=36"},{"@type":"ListItem","position":3,"name":"Costa Rica volcan azul caturra"}]},{"@type":"WebSite","@id":"https:\/\/coffeelounge.delonghi.com\/fr\/#website","url":"https:\/\/coffeelounge.delonghi.com\/fr\/","name":"De&#039;Longhi","description":"Coffee Lounge","publisher":{"@id":"https:\/\/coffeelounge.delonghi.com\/fr\/#organization"},"potentialAction":[{"@type":"SearchAction","target":{"@type":"EntryPoint","urlTemplate":"https:\/\/coffeelounge.delonghi.com\/fr\/?s={search_term_string}"},"query-input":{"@type":"PropertyValueSpecification","valueRequired":true,"valueName":"search_term_string"}}],"inLanguage":"fr-FR"},{"@type":"Organization","@id":"https:\/\/coffeelounge.delonghi.com\/fr\/#organization","name":"De'Longhi Coffee Lounge","url":"https:\/\/coffeelounge.delonghi.com\/fr\/","logo":{"@type":"ImageObject","inLanguage":"fr-FR","@id":"https:\/\/coffeelounge.delonghi.com\/fr\/#\/schema\/logo\/image\/","url":"https:\/\/coffeelounge.delonghi.com\/wp-content\/uploads\/2020\/05\/delonghi-coffee-lounge-logo-nederland.png","contentUrl":"https:\/\/coffeelounge.delonghi.com\/wp-content\/uploads\/2020\/05\/delonghi-coffee-lounge-logo-nederland.png","width":2337,"height":724,"caption":"De'Longhi Coffee Lounge"},"image":{"@id":"https:\/\/coffeelounge.delonghi.com\/fr\/#\/schema\/logo\/image\/"}}]}},"_links":{"self":[{"href":"https:\/\/coffeelounge.delonghi.com\/fr\/wp-json\/wp\/v2\/product\/19033","targetHints":{"allow":["GET"]}}],"collection":[{"href":"https:\/\/coffeelounge.delonghi.com\/fr\/wp-json\/wp\/v2\/product"}],"about":[{"href":"https:\/\/coffeelounge.delonghi.com\/fr\/wp-json\/wp\/v2\/types\/product"}],"replies":[{"embeddable":true,"href":"https:\/\/coffeelounge.delonghi.com\/fr\/wp-json\/wp\/v2\/comments?post=19033"}],"version-history":[{"count":1,"href":"https:\/\/coffeelounge.delonghi.com\/fr\/wp-json\/wp\/v2\/product\/19033\/revisions"}],"predecessor-version":[{"id":419628,"href":"https:\/\/coffeelounge.delonghi.com\/fr\/wp-json\/wp\/v2\/product\/19033\/revisions\/419628"}],"wp:featuredmedia":[{"embeddable":true,"href":"https:\/\/coffeelounge.delonghi.com\/fr\/wp-json\/wp\/v2\/media\/419616"}],"wp:attachment":[{"href":"https:\/\/coffeelounge.delonghi.com\/fr\/wp-json\/wp\/v2\/media?parent=19033"}],"wp:term":[{"taxonomy":"product_cat","embeddable":true,"href":"https:\/\/coffeelounge.delonghi.com\/fr\/wp-json\/wp\/v2\/product_cat?post=19033"},{"taxonomy":"product_tag","embeddable":true,"href":"https:\/\/coffeelounge.delonghi.com\/fr\/wp-json\/wp\/v2\/product_tag?post=19033"}],"curies":[{"name":"wp","href":"https:\/\/api.w.org\/{rel}","templated":true}]}}