{"id":15586,"date":"2020-11-09T17:47:03","date_gmt":"2020-11-09T17:47:03","guid":{"rendered":"https:\/\/delonghi-dev.logicworks.it\/?post_type=product&#038;p=15586"},"modified":"2024-03-04T09:42:30","modified_gmt":"2024-03-04T09:42:30","slug":"moka-sidama-nyala","status":"publish","type":"product","link":"https:\/\/coffeelounge.delonghi.com\/fr\/produit\/moka-sidama-nyala\/","title":{"rendered":"Moka Sidama Nyala"},"content":{"rendered":"<p>Un caf\u00e9 vif et intense caract\u00e9ris\u00e9 par une dominante d\u2019agrumes qui, d\u00e8s la premi\u00e8re gorg\u00e9e, passe subtilement sur des notes plus suave de citron confit. Sa longueur en bouche florale aux notes subtiles de jasmin est surprenante.<\/p>\n","protected":false},"excerpt":{"rendered":"<p>A big contender with a powerful hit. The Number 8 is Stong yet smooth, a true carrier of sweet notes of caramel and sugar, sticky toffee pudding and roasted nuts.<\/p>\n","protected":false},"featured_media":419811,"comment_status":"open","ping_status":"closed","template":"","meta":{"_acf_changed":false},"product_cat":[115,121,28],"product_tag":[],"class_list":{"0":"post-15586","1":"product","2":"type-product","3":"status-publish","4":"has-post-thumbnail","6":"product_cat-cafe-en-grain","7":"product_cat-single-origin-fr","8":"product_cat-specialty-fr","10":"first","11":"instock","12":"taxable","13":"shipping-taxable","14":"purchasable","15":"product-type-variable"},"acf":[],"yoast_head":"<!-- This site is optimized with the Yoast SEO Premium plugin v24.5 (Yoast SEO v24.5) - https:\/\/yoast.com\/wordpress\/plugins\/seo\/ -->\n<title>Moka Sidama Nyala | De&#039;Longhi<\/title>\n<meta name=\"robots\" content=\"index, follow, max-snippet:-1, max-image-preview:large, max-video-preview:-1\" \/>\n<meta name=\"twitter:card\" content=\"summary_large_image\" \/>\n<meta name=\"twitter:title\" content=\"Moka Sidama Nyala | De&#039;Longhi\" \/>\n<meta name=\"twitter:description\" content=\"A big contender with a powerful hit. The Number 8 is Stong yet smooth, a true carrier of sweet notes of caramel and sugar, sticky toffee pudding and roasted nuts.\" \/>\n<meta name=\"twitter:image\" content=\"https:\/\/coffeelounge.delonghi.com\/wp-content\/uploads\/2020\/11\/Cafe_Lugat_250g_Moka_Sidama_Nyala.png\" \/>\n<script type=\"application\/ld+json\" class=\"yoast-schema-graph\">{\"@context\":\"https:\/\/schema.org\",\"@graph\":[{\"@type\":\"WebPage\",\"@id\":\"https:\/\/coffeelounge.delonghi.com\/fr\/produit\/moka-sidama-nyala\/\",\"url\":\"https:\/\/coffeelounge.delonghi.com\/fr\/produit\/moka-sidama-nyala\/\",\"name\":\"Moka Sidama Nyala | De&#039;Longhi\",\"isPartOf\":{\"@id\":\"https:\/\/coffeelounge.delonghi.com\/fr\/#website\"},\"primaryImageOfPage\":{\"@id\":\"https:\/\/coffeelounge.delonghi.com\/fr\/produit\/moka-sidama-nyala\/#primaryimage\"},\"image\":{\"@id\":\"https:\/\/coffeelounge.delonghi.com\/fr\/produit\/moka-sidama-nyala\/#primaryimage\"},\"thumbnailUrl\":\"https:\/\/coffeelounge.delonghi.com\/wp-content\/uploads\/2020\/11\/Cafe_Lugat_250g_Moka_Sidama_Nyala.png\",\"datePublished\":\"2020-11-09T17:47:03+00:00\",\"dateModified\":\"2024-03-04T09:42:30+00:00\",\"breadcrumb\":{\"@id\":\"https:\/\/coffeelounge.delonghi.com\/fr\/produit\/moka-sidama-nyala\/#breadcrumb\"},\"inLanguage\":\"fr-FR\",\"potentialAction\":[{\"@type\":\"ReadAction\",\"target\":[\"https:\/\/coffeelounge.delonghi.com\/fr\/produit\/moka-sidama-nyala\/\"]}]},{\"@type\":\"ImageObject\",\"inLanguage\":\"fr-FR\",\"@id\":\"https:\/\/coffeelounge.delonghi.com\/fr\/produit\/moka-sidama-nyala\/#primaryimage\",\"url\":\"https:\/\/coffeelounge.delonghi.com\/wp-content\/uploads\/2020\/11\/Cafe_Lugat_250g_Moka_Sidama_Nyala.png\",\"contentUrl\":\"https:\/\/coffeelounge.delonghi.com\/wp-content\/uploads\/2020\/11\/Cafe_Lugat_250g_Moka_Sidama_Nyala.png\",\"width\":432,\"height\":432},{\"@type\":\"BreadcrumbList\",\"@id\":\"https:\/\/coffeelounge.delonghi.com\/fr\/produit\/moka-sidama-nyala\/#breadcrumb\",\"itemListElement\":[{\"@type\":\"ListItem\",\"position\":1,\"name\":\"Home\",\"item\":\"https:\/\/coffeelounge.delonghi.com\/fr\/\"},{\"@type\":\"ListItem\",\"position\":2,\"name\":\"Boutique\",\"item\":\"https:\/\/coffeelounge.delonghi.com\/fr\/?page_id=36\"},{\"@type\":\"ListItem\",\"position\":3,\"name\":\"Moka Sidama Nyala\"}]},{\"@type\":\"WebSite\",\"@id\":\"https:\/\/coffeelounge.delonghi.com\/fr\/#website\",\"url\":\"https:\/\/coffeelounge.delonghi.com\/fr\/\",\"name\":\"De&#039;Longhi\",\"description\":\"Coffee Lounge\",\"publisher\":{\"@id\":\"https:\/\/coffeelounge.delonghi.com\/fr\/#organization\"},\"potentialAction\":[{\"@type\":\"SearchAction\",\"target\":{\"@type\":\"EntryPoint\",\"urlTemplate\":\"https:\/\/coffeelounge.delonghi.com\/fr\/?s={search_term_string}\"},\"query-input\":{\"@type\":\"PropertyValueSpecification\",\"valueRequired\":true,\"valueName\":\"search_term_string\"}}],\"inLanguage\":\"fr-FR\"},{\"@type\":\"Organization\",\"@id\":\"https:\/\/coffeelounge.delonghi.com\/fr\/#organization\",\"name\":\"De'Longhi Coffee Lounge\",\"url\":\"https:\/\/coffeelounge.delonghi.com\/fr\/\",\"logo\":{\"@type\":\"ImageObject\",\"inLanguage\":\"fr-FR\",\"@id\":\"https:\/\/coffeelounge.delonghi.com\/fr\/#\/schema\/logo\/image\/\",\"url\":\"https:\/\/coffeelounge.delonghi.com\/wp-content\/uploads\/2020\/05\/delonghi-coffee-lounge-logo-nederland.png\",\"contentUrl\":\"https:\/\/coffeelounge.delonghi.com\/wp-content\/uploads\/2020\/05\/delonghi-coffee-lounge-logo-nederland.png\",\"width\":2337,\"height\":724,\"caption\":\"De'Longhi Coffee Lounge\"},\"image\":{\"@id\":\"https:\/\/coffeelounge.delonghi.com\/fr\/#\/schema\/logo\/image\/\"}}]}<\/script>\n<!-- \/ Yoast SEO Premium plugin. -->","yoast_head_json":{"title":"Moka Sidama Nyala | De&#039;Longhi","robots":{"index":"index","follow":"follow","max-snippet":"max-snippet:-1","max-image-preview":"max-image-preview:large","max-video-preview":"max-video-preview:-1"},"twitter_card":"summary_large_image","twitter_title":"Moka Sidama Nyala | De&#039;Longhi","twitter_description":"A big contender with a powerful hit. The Number 8 is Stong yet smooth, a true carrier of sweet notes of caramel and sugar, sticky toffee pudding and roasted nuts.","twitter_image":"https:\/\/coffeelounge.delonghi.com\/wp-content\/uploads\/2020\/11\/Cafe_Lugat_250g_Moka_Sidama_Nyala.png","schema":{"@context":"https:\/\/schema.org","@graph":[{"@type":"WebPage","@id":"https:\/\/coffeelounge.delonghi.com\/fr\/produit\/moka-sidama-nyala\/","url":"https:\/\/coffeelounge.delonghi.com\/fr\/produit\/moka-sidama-nyala\/","name":"Moka Sidama Nyala | De&#039;Longhi","isPartOf":{"@id":"https:\/\/coffeelounge.delonghi.com\/fr\/#website"},"primaryImageOfPage":{"@id":"https:\/\/coffeelounge.delonghi.com\/fr\/produit\/moka-sidama-nyala\/#primaryimage"},"image":{"@id":"https:\/\/coffeelounge.delonghi.com\/fr\/produit\/moka-sidama-nyala\/#primaryimage"},"thumbnailUrl":"https:\/\/coffeelounge.delonghi.com\/wp-content\/uploads\/2020\/11\/Cafe_Lugat_250g_Moka_Sidama_Nyala.png","datePublished":"2020-11-09T17:47:03+00:00","dateModified":"2024-03-04T09:42:30+00:00","breadcrumb":{"@id":"https:\/\/coffeelounge.delonghi.com\/fr\/produit\/moka-sidama-nyala\/#breadcrumb"},"inLanguage":"fr-FR","potentialAction":[{"@type":"ReadAction","target":["https:\/\/coffeelounge.delonghi.com\/fr\/produit\/moka-sidama-nyala\/"]}]},{"@type":"ImageObject","inLanguage":"fr-FR","@id":"https:\/\/coffeelounge.delonghi.com\/fr\/produit\/moka-sidama-nyala\/#primaryimage","url":"https:\/\/coffeelounge.delonghi.com\/wp-content\/uploads\/2020\/11\/Cafe_Lugat_250g_Moka_Sidama_Nyala.png","contentUrl":"https:\/\/coffeelounge.delonghi.com\/wp-content\/uploads\/2020\/11\/Cafe_Lugat_250g_Moka_Sidama_Nyala.png","width":432,"height":432},{"@type":"BreadcrumbList","@id":"https:\/\/coffeelounge.delonghi.com\/fr\/produit\/moka-sidama-nyala\/#breadcrumb","itemListElement":[{"@type":"ListItem","position":1,"name":"Home","item":"https:\/\/coffeelounge.delonghi.com\/fr\/"},{"@type":"ListItem","position":2,"name":"Boutique","item":"https:\/\/coffeelounge.delonghi.com\/fr\/?page_id=36"},{"@type":"ListItem","position":3,"name":"Moka Sidama Nyala"}]},{"@type":"WebSite","@id":"https:\/\/coffeelounge.delonghi.com\/fr\/#website","url":"https:\/\/coffeelounge.delonghi.com\/fr\/","name":"De&#039;Longhi","description":"Coffee Lounge","publisher":{"@id":"https:\/\/coffeelounge.delonghi.com\/fr\/#organization"},"potentialAction":[{"@type":"SearchAction","target":{"@type":"EntryPoint","urlTemplate":"https:\/\/coffeelounge.delonghi.com\/fr\/?s={search_term_string}"},"query-input":{"@type":"PropertyValueSpecification","valueRequired":true,"valueName":"search_term_string"}}],"inLanguage":"fr-FR"},{"@type":"Organization","@id":"https:\/\/coffeelounge.delonghi.com\/fr\/#organization","name":"De'Longhi Coffee Lounge","url":"https:\/\/coffeelounge.delonghi.com\/fr\/","logo":{"@type":"ImageObject","inLanguage":"fr-FR","@id":"https:\/\/coffeelounge.delonghi.com\/fr\/#\/schema\/logo\/image\/","url":"https:\/\/coffeelounge.delonghi.com\/wp-content\/uploads\/2020\/05\/delonghi-coffee-lounge-logo-nederland.png","contentUrl":"https:\/\/coffeelounge.delonghi.com\/wp-content\/uploads\/2020\/05\/delonghi-coffee-lounge-logo-nederland.png","width":2337,"height":724,"caption":"De'Longhi Coffee Lounge"},"image":{"@id":"https:\/\/coffeelounge.delonghi.com\/fr\/#\/schema\/logo\/image\/"}}]}},"_links":{"self":[{"href":"https:\/\/coffeelounge.delonghi.com\/fr\/wp-json\/wp\/v2\/product\/15586","targetHints":{"allow":["GET"]}}],"collection":[{"href":"https:\/\/coffeelounge.delonghi.com\/fr\/wp-json\/wp\/v2\/product"}],"about":[{"href":"https:\/\/coffeelounge.delonghi.com\/fr\/wp-json\/wp\/v2\/types\/product"}],"replies":[{"embeddable":true,"href":"https:\/\/coffeelounge.delonghi.com\/fr\/wp-json\/wp\/v2\/comments?post=15586"}],"version-history":[{"count":2,"href":"https:\/\/coffeelounge.delonghi.com\/fr\/wp-json\/wp\/v2\/product\/15586\/revisions"}],"predecessor-version":[{"id":422197,"href":"https:\/\/coffeelounge.delonghi.com\/fr\/wp-json\/wp\/v2\/product\/15586\/revisions\/422197"}],"wp:featuredmedia":[{"embeddable":true,"href":"https:\/\/coffeelounge.delonghi.com\/fr\/wp-json\/wp\/v2\/media\/419811"}],"wp:attachment":[{"href":"https:\/\/coffeelounge.delonghi.com\/fr\/wp-json\/wp\/v2\/media?parent=15586"}],"wp:term":[{"taxonomy":"product_cat","embeddable":true,"href":"https:\/\/coffeelounge.delonghi.com\/fr\/wp-json\/wp\/v2\/product_cat?post=15586"},{"taxonomy":"product_tag","embeddable":true,"href":"https:\/\/coffeelounge.delonghi.com\/fr\/wp-json\/wp\/v2\/product_tag?post=15586"}],"curies":[{"name":"wp","href":"https:\/\/api.w.org\/{rel}","templated":true}]}}