{"id":11662,"date":"2020-10-23T13:46:04","date_gmt":"2020-10-23T13:46:04","guid":{"rendered":"https:\/\/delonghi-dev.logicworks.it\/?post_type=product&#038;p=11662"},"modified":"2024-03-04T09:46:06","modified_gmt":"2024-03-04T09:46:06","slug":"blue-mountain-wallenford-grade-1","status":"publish","type":"product","link":"https:\/\/coffeelounge.delonghi.com\/fr\/produit\/blue-mountain-wallenford-grade-1\/","title":{"rendered":"Blue Mountain Wallenford Grade 1"},"content":{"rendered":"<p>Le Blue Mountain est l&#8217;un des caf\u00e9s les plus prestigieux qui soit, sa notori\u00e9t\u00e9 est mondiale. De toutes les plantations de Blue Mountain (l&#8217;\u00e9quivalent d&#8217;une AOC chez nous) la plantation Wallenford est la plus ancienne de l&#8217;\u00eele et la plus recherch\u00e9e.<\/p>\n","protected":false},"excerpt":{"rendered":"<p>A big contender with a powerful hit. The Number 8 is Stong yet smooth, a true carrier of sweet notes of caramel and sugar, sticky toffee pudding and roasted nuts.<\/p>\n","protected":false},"featured_media":420034,"comment_status":"open","ping_status":"closed","template":"","meta":{"_acf_changed":false},"product_cat":[115,121],"product_tag":[],"class_list":{"0":"post-11662","1":"product","2":"type-product","3":"status-publish","4":"has-post-thumbnail","6":"product_cat-cafe-en-grain","7":"product_cat-single-origin-fr","9":"first","10":"instock","11":"taxable","12":"shipping-taxable","13":"purchasable","14":"product-type-variable"},"acf":[],"yoast_head":"<!-- This site is optimized with the Yoast SEO Premium plugin v24.5 (Yoast SEO v24.5) - https:\/\/yoast.com\/wordpress\/plugins\/seo\/ -->\n<title>Blue Mountain Wallenford Grade 1 | De&#039;Longhi<\/title>\n<meta name=\"robots\" content=\"index, follow, max-snippet:-1, max-image-preview:large, max-video-preview:-1\" \/>\n<meta name=\"twitter:card\" content=\"summary_large_image\" \/>\n<meta name=\"twitter:title\" content=\"Blue Mountain Wallenford Grade 1 | De&#039;Longhi\" \/>\n<meta name=\"twitter:description\" content=\"A big contender with a powerful hit. The Number 8 is Stong yet smooth, a true carrier of sweet notes of caramel and sugar, sticky toffee pudding and roasted nuts.\" \/>\n<meta name=\"twitter:image\" content=\"https:\/\/coffeelounge.delonghi.com\/wp-content\/uploads\/2020\/10\/Blue_Mountain_Wallenford_Grade_1-Vans_HoosSons.png\" \/>\n<script type=\"application\/ld+json\" class=\"yoast-schema-graph\">{\"@context\":\"https:\/\/schema.org\",\"@graph\":[{\"@type\":\"WebPage\",\"@id\":\"https:\/\/coffeelounge.delonghi.com\/fr\/produit\/blue-mountain-wallenford-grade-1\/\",\"url\":\"https:\/\/coffeelounge.delonghi.com\/fr\/produit\/blue-mountain-wallenford-grade-1\/\",\"name\":\"Blue Mountain Wallenford Grade 1 | De&#039;Longhi\",\"isPartOf\":{\"@id\":\"https:\/\/coffeelounge.delonghi.com\/fr\/#website\"},\"primaryImageOfPage\":{\"@id\":\"https:\/\/coffeelounge.delonghi.com\/fr\/produit\/blue-mountain-wallenford-grade-1\/#primaryimage\"},\"image\":{\"@id\":\"https:\/\/coffeelounge.delonghi.com\/fr\/produit\/blue-mountain-wallenford-grade-1\/#primaryimage\"},\"thumbnailUrl\":\"https:\/\/coffeelounge.delonghi.com\/wp-content\/uploads\/2020\/10\/Blue_Mountain_Wallenford_Grade_1-Vans_HoosSons.png\",\"datePublished\":\"2020-10-23T13:46:04+00:00\",\"dateModified\":\"2024-03-04T09:46:06+00:00\",\"breadcrumb\":{\"@id\":\"https:\/\/coffeelounge.delonghi.com\/fr\/produit\/blue-mountain-wallenford-grade-1\/#breadcrumb\"},\"inLanguage\":\"fr-FR\",\"potentialAction\":[{\"@type\":\"ReadAction\",\"target\":[\"https:\/\/coffeelounge.delonghi.com\/fr\/produit\/blue-mountain-wallenford-grade-1\/\"]}]},{\"@type\":\"ImageObject\",\"inLanguage\":\"fr-FR\",\"@id\":\"https:\/\/coffeelounge.delonghi.com\/fr\/produit\/blue-mountain-wallenford-grade-1\/#primaryimage\",\"url\":\"https:\/\/coffeelounge.delonghi.com\/wp-content\/uploads\/2020\/10\/Blue_Mountain_Wallenford_Grade_1-Vans_HoosSons.png\",\"contentUrl\":\"https:\/\/coffeelounge.delonghi.com\/wp-content\/uploads\/2020\/10\/Blue_Mountain_Wallenford_Grade_1-Vans_HoosSons.png\",\"width\":450,\"height\":450},{\"@type\":\"BreadcrumbList\",\"@id\":\"https:\/\/coffeelounge.delonghi.com\/fr\/produit\/blue-mountain-wallenford-grade-1\/#breadcrumb\",\"itemListElement\":[{\"@type\":\"ListItem\",\"position\":1,\"name\":\"Home\",\"item\":\"https:\/\/coffeelounge.delonghi.com\/fr\/\"},{\"@type\":\"ListItem\",\"position\":2,\"name\":\"Boutique\",\"item\":\"https:\/\/coffeelounge.delonghi.com\/fr\/?page_id=36\"},{\"@type\":\"ListItem\",\"position\":3,\"name\":\"Blue Mountain Wallenford Grade 1\"}]},{\"@type\":\"WebSite\",\"@id\":\"https:\/\/coffeelounge.delonghi.com\/fr\/#website\",\"url\":\"https:\/\/coffeelounge.delonghi.com\/fr\/\",\"name\":\"De&#039;Longhi\",\"description\":\"Coffee Lounge\",\"publisher\":{\"@id\":\"https:\/\/coffeelounge.delonghi.com\/fr\/#organization\"},\"potentialAction\":[{\"@type\":\"SearchAction\",\"target\":{\"@type\":\"EntryPoint\",\"urlTemplate\":\"https:\/\/coffeelounge.delonghi.com\/fr\/?s={search_term_string}\"},\"query-input\":{\"@type\":\"PropertyValueSpecification\",\"valueRequired\":true,\"valueName\":\"search_term_string\"}}],\"inLanguage\":\"fr-FR\"},{\"@type\":\"Organization\",\"@id\":\"https:\/\/coffeelounge.delonghi.com\/fr\/#organization\",\"name\":\"De'Longhi Coffee Lounge\",\"url\":\"https:\/\/coffeelounge.delonghi.com\/fr\/\",\"logo\":{\"@type\":\"ImageObject\",\"inLanguage\":\"fr-FR\",\"@id\":\"https:\/\/coffeelounge.delonghi.com\/fr\/#\/schema\/logo\/image\/\",\"url\":\"https:\/\/coffeelounge.delonghi.com\/wp-content\/uploads\/2020\/05\/delonghi-coffee-lounge-logo-nederland.png\",\"contentUrl\":\"https:\/\/coffeelounge.delonghi.com\/wp-content\/uploads\/2020\/05\/delonghi-coffee-lounge-logo-nederland.png\",\"width\":2337,\"height\":724,\"caption\":\"De'Longhi Coffee Lounge\"},\"image\":{\"@id\":\"https:\/\/coffeelounge.delonghi.com\/fr\/#\/schema\/logo\/image\/\"}}]}<\/script>\n<!-- \/ Yoast SEO Premium plugin. -->","yoast_head_json":{"title":"Blue Mountain Wallenford Grade 1 | De&#039;Longhi","robots":{"index":"index","follow":"follow","max-snippet":"max-snippet:-1","max-image-preview":"max-image-preview:large","max-video-preview":"max-video-preview:-1"},"twitter_card":"summary_large_image","twitter_title":"Blue Mountain Wallenford Grade 1 | De&#039;Longhi","twitter_description":"A big contender with a powerful hit. The Number 8 is Stong yet smooth, a true carrier of sweet notes of caramel and sugar, sticky toffee pudding and roasted nuts.","twitter_image":"https:\/\/coffeelounge.delonghi.com\/wp-content\/uploads\/2020\/10\/Blue_Mountain_Wallenford_Grade_1-Vans_HoosSons.png","schema":{"@context":"https:\/\/schema.org","@graph":[{"@type":"WebPage","@id":"https:\/\/coffeelounge.delonghi.com\/fr\/produit\/blue-mountain-wallenford-grade-1\/","url":"https:\/\/coffeelounge.delonghi.com\/fr\/produit\/blue-mountain-wallenford-grade-1\/","name":"Blue Mountain Wallenford Grade 1 | De&#039;Longhi","isPartOf":{"@id":"https:\/\/coffeelounge.delonghi.com\/fr\/#website"},"primaryImageOfPage":{"@id":"https:\/\/coffeelounge.delonghi.com\/fr\/produit\/blue-mountain-wallenford-grade-1\/#primaryimage"},"image":{"@id":"https:\/\/coffeelounge.delonghi.com\/fr\/produit\/blue-mountain-wallenford-grade-1\/#primaryimage"},"thumbnailUrl":"https:\/\/coffeelounge.delonghi.com\/wp-content\/uploads\/2020\/10\/Blue_Mountain_Wallenford_Grade_1-Vans_HoosSons.png","datePublished":"2020-10-23T13:46:04+00:00","dateModified":"2024-03-04T09:46:06+00:00","breadcrumb":{"@id":"https:\/\/coffeelounge.delonghi.com\/fr\/produit\/blue-mountain-wallenford-grade-1\/#breadcrumb"},"inLanguage":"fr-FR","potentialAction":[{"@type":"ReadAction","target":["https:\/\/coffeelounge.delonghi.com\/fr\/produit\/blue-mountain-wallenford-grade-1\/"]}]},{"@type":"ImageObject","inLanguage":"fr-FR","@id":"https:\/\/coffeelounge.delonghi.com\/fr\/produit\/blue-mountain-wallenford-grade-1\/#primaryimage","url":"https:\/\/coffeelounge.delonghi.com\/wp-content\/uploads\/2020\/10\/Blue_Mountain_Wallenford_Grade_1-Vans_HoosSons.png","contentUrl":"https:\/\/coffeelounge.delonghi.com\/wp-content\/uploads\/2020\/10\/Blue_Mountain_Wallenford_Grade_1-Vans_HoosSons.png","width":450,"height":450},{"@type":"BreadcrumbList","@id":"https:\/\/coffeelounge.delonghi.com\/fr\/produit\/blue-mountain-wallenford-grade-1\/#breadcrumb","itemListElement":[{"@type":"ListItem","position":1,"name":"Home","item":"https:\/\/coffeelounge.delonghi.com\/fr\/"},{"@type":"ListItem","position":2,"name":"Boutique","item":"https:\/\/coffeelounge.delonghi.com\/fr\/?page_id=36"},{"@type":"ListItem","position":3,"name":"Blue Mountain Wallenford Grade 1"}]},{"@type":"WebSite","@id":"https:\/\/coffeelounge.delonghi.com\/fr\/#website","url":"https:\/\/coffeelounge.delonghi.com\/fr\/","name":"De&#039;Longhi","description":"Coffee Lounge","publisher":{"@id":"https:\/\/coffeelounge.delonghi.com\/fr\/#organization"},"potentialAction":[{"@type":"SearchAction","target":{"@type":"EntryPoint","urlTemplate":"https:\/\/coffeelounge.delonghi.com\/fr\/?s={search_term_string}"},"query-input":{"@type":"PropertyValueSpecification","valueRequired":true,"valueName":"search_term_string"}}],"inLanguage":"fr-FR"},{"@type":"Organization","@id":"https:\/\/coffeelounge.delonghi.com\/fr\/#organization","name":"De'Longhi Coffee Lounge","url":"https:\/\/coffeelounge.delonghi.com\/fr\/","logo":{"@type":"ImageObject","inLanguage":"fr-FR","@id":"https:\/\/coffeelounge.delonghi.com\/fr\/#\/schema\/logo\/image\/","url":"https:\/\/coffeelounge.delonghi.com\/wp-content\/uploads\/2020\/05\/delonghi-coffee-lounge-logo-nederland.png","contentUrl":"https:\/\/coffeelounge.delonghi.com\/wp-content\/uploads\/2020\/05\/delonghi-coffee-lounge-logo-nederland.png","width":2337,"height":724,"caption":"De'Longhi Coffee Lounge"},"image":{"@id":"https:\/\/coffeelounge.delonghi.com\/fr\/#\/schema\/logo\/image\/"}}]}},"_links":{"self":[{"href":"https:\/\/coffeelounge.delonghi.com\/fr\/wp-json\/wp\/v2\/product\/11662","targetHints":{"allow":["GET"]}}],"collection":[{"href":"https:\/\/coffeelounge.delonghi.com\/fr\/wp-json\/wp\/v2\/product"}],"about":[{"href":"https:\/\/coffeelounge.delonghi.com\/fr\/wp-json\/wp\/v2\/types\/product"}],"replies":[{"embeddable":true,"href":"https:\/\/coffeelounge.delonghi.com\/fr\/wp-json\/wp\/v2\/comments?post=11662"}],"version-history":[{"count":2,"href":"https:\/\/coffeelounge.delonghi.com\/fr\/wp-json\/wp\/v2\/product\/11662\/revisions"}],"predecessor-version":[{"id":422212,"href":"https:\/\/coffeelounge.delonghi.com\/fr\/wp-json\/wp\/v2\/product\/11662\/revisions\/422212"}],"wp:featuredmedia":[{"embeddable":true,"href":"https:\/\/coffeelounge.delonghi.com\/fr\/wp-json\/wp\/v2\/media\/420034"}],"wp:attachment":[{"href":"https:\/\/coffeelounge.delonghi.com\/fr\/wp-json\/wp\/v2\/media?parent=11662"}],"wp:term":[{"taxonomy":"product_cat","embeddable":true,"href":"https:\/\/coffeelounge.delonghi.com\/fr\/wp-json\/wp\/v2\/product_cat?post=11662"},{"taxonomy":"product_tag","embeddable":true,"href":"https:\/\/coffeelounge.delonghi.com\/fr\/wp-json\/wp\/v2\/product_tag?post=11662"}],"curies":[{"name":"wp","href":"https:\/\/api.w.org\/{rel}","templated":true}]}}