{"id":10197,"date":"2020-10-20T15:04:30","date_gmt":"2020-10-20T15:04:30","guid":{"rendered":"https:\/\/delonghi-dev.logicworks.it\/?post_type=product&#038;p=10197"},"modified":"2024-02-27T15:26:13","modified_gmt":"2024-02-27T15:26:13","slug":"arco-iris-melange-des-peuples","status":"publish","type":"product","link":"https:\/\/coffeelounge.delonghi.com\/fr\/produit\/arco-iris-melange-des-peuples\/","title":{"rendered":"Arco Iris, m\u00e9lange des peuples"},"content":{"rendered":"<p>Notre assemblage moderne ! Avec un r\u00e9sultat complexe et d\u00e9licat, cette alliance de deux caf\u00e9s d\u2019un m\u00eame terroir, s\u00e9ch\u00e9s diff\u00e9remment, pr\u00e9sente un profil vif, florale, avec des notes de bergamotes, \u00e9quilibr\u00e9es par des notes de fruits rouges, de fruits tropicaux et de une belle sucrosit\u00e9.<\/p>\n","protected":false},"excerpt":{"rendered":"<p>A big contender with a powerful hit. The Number 8 is Stong yet smooth, a true carrier of sweet notes of caramel and sugar, sticky toffee pudding and roasted nuts.<\/p>\n","protected":false},"featured_media":420190,"comment_status":"open","ping_status":"closed","template":"","meta":{"_acf_changed":false},"product_cat":[115,28],"product_tag":[],"class_list":{"0":"post-10197","1":"product","2":"type-product","3":"status-publish","4":"has-post-thumbnail","6":"product_cat-cafe-en-grain","7":"product_cat-specialty-fr","9":"first","10":"instock","11":"taxable","12":"shipping-taxable","13":"purchasable","14":"product-type-variable"},"acf":[],"yoast_head":"<!-- This site is optimized with the Yoast SEO Premium plugin v24.5 (Yoast SEO v24.5) - https:\/\/yoast.com\/wordpress\/plugins\/seo\/ -->\n<title>Arco Iris, m\u00e9lange des peuples | De&#039;Longhi<\/title>\n<meta name=\"robots\" content=\"index, follow, max-snippet:-1, max-image-preview:large, max-video-preview:-1\" \/>\n<meta name=\"twitter:card\" content=\"summary_large_image\" \/>\n<meta name=\"twitter:title\" content=\"Arco Iris, m\u00e9lange des peuples | De&#039;Longhi\" \/>\n<meta name=\"twitter:description\" content=\"A big contender with a powerful hit. The Number 8 is Stong yet smooth, a true carrier of sweet notes of caramel and sugar, sticky toffee pudding and roasted nuts.\" \/>\n<meta name=\"twitter:image\" content=\"https:\/\/coffeelounge.delonghi.com\/wp-content\/uploads\/2020\/10\/Esperanza-Cafe-sac-250g-Arco-Iris-1.png\" \/>\n<script type=\"application\/ld+json\" class=\"yoast-schema-graph\">{\"@context\":\"https:\/\/schema.org\",\"@graph\":[{\"@type\":\"WebPage\",\"@id\":\"https:\/\/coffeelounge.delonghi.com\/fr\/produit\/arco-iris-melange-des-peuples\/\",\"url\":\"https:\/\/coffeelounge.delonghi.com\/fr\/produit\/arco-iris-melange-des-peuples\/\",\"name\":\"Arco Iris, m\u00e9lange des peuples | De&#039;Longhi\",\"isPartOf\":{\"@id\":\"https:\/\/coffeelounge.delonghi.com\/fr\/#website\"},\"primaryImageOfPage\":{\"@id\":\"https:\/\/coffeelounge.delonghi.com\/fr\/produit\/arco-iris-melange-des-peuples\/#primaryimage\"},\"image\":{\"@id\":\"https:\/\/coffeelounge.delonghi.com\/fr\/produit\/arco-iris-melange-des-peuples\/#primaryimage\"},\"thumbnailUrl\":\"https:\/\/coffeelounge.delonghi.com\/wp-content\/uploads\/2020\/10\/Esperanza-Cafe-sac-250g-Arco-Iris-1.png\",\"datePublished\":\"2020-10-20T15:04:30+00:00\",\"dateModified\":\"2024-02-27T15:26:13+00:00\",\"breadcrumb\":{\"@id\":\"https:\/\/coffeelounge.delonghi.com\/fr\/produit\/arco-iris-melange-des-peuples\/#breadcrumb\"},\"inLanguage\":\"fr-FR\",\"potentialAction\":[{\"@type\":\"ReadAction\",\"target\":[\"https:\/\/coffeelounge.delonghi.com\/fr\/produit\/arco-iris-melange-des-peuples\/\"]}]},{\"@type\":\"ImageObject\",\"inLanguage\":\"fr-FR\",\"@id\":\"https:\/\/coffeelounge.delonghi.com\/fr\/produit\/arco-iris-melange-des-peuples\/#primaryimage\",\"url\":\"https:\/\/coffeelounge.delonghi.com\/wp-content\/uploads\/2020\/10\/Esperanza-Cafe-sac-250g-Arco-Iris-1.png\",\"contentUrl\":\"https:\/\/coffeelounge.delonghi.com\/wp-content\/uploads\/2020\/10\/Esperanza-Cafe-sac-250g-Arco-Iris-1.png\",\"width\":450,\"height\":450},{\"@type\":\"BreadcrumbList\",\"@id\":\"https:\/\/coffeelounge.delonghi.com\/fr\/produit\/arco-iris-melange-des-peuples\/#breadcrumb\",\"itemListElement\":[{\"@type\":\"ListItem\",\"position\":1,\"name\":\"Home\",\"item\":\"https:\/\/coffeelounge.delonghi.com\/fr\/\"},{\"@type\":\"ListItem\",\"position\":2,\"name\":\"Boutique\",\"item\":\"https:\/\/coffeelounge.delonghi.com\/fr\/?page_id=36\"},{\"@type\":\"ListItem\",\"position\":3,\"name\":\"Arco Iris, m\u00e9lange des peuples\"}]},{\"@type\":\"WebSite\",\"@id\":\"https:\/\/coffeelounge.delonghi.com\/fr\/#website\",\"url\":\"https:\/\/coffeelounge.delonghi.com\/fr\/\",\"name\":\"De&#039;Longhi\",\"description\":\"Coffee Lounge\",\"publisher\":{\"@id\":\"https:\/\/coffeelounge.delonghi.com\/fr\/#organization\"},\"potentialAction\":[{\"@type\":\"SearchAction\",\"target\":{\"@type\":\"EntryPoint\",\"urlTemplate\":\"https:\/\/coffeelounge.delonghi.com\/fr\/?s={search_term_string}\"},\"query-input\":{\"@type\":\"PropertyValueSpecification\",\"valueRequired\":true,\"valueName\":\"search_term_string\"}}],\"inLanguage\":\"fr-FR\"},{\"@type\":\"Organization\",\"@id\":\"https:\/\/coffeelounge.delonghi.com\/fr\/#organization\",\"name\":\"De'Longhi Coffee Lounge\",\"url\":\"https:\/\/coffeelounge.delonghi.com\/fr\/\",\"logo\":{\"@type\":\"ImageObject\",\"inLanguage\":\"fr-FR\",\"@id\":\"https:\/\/coffeelounge.delonghi.com\/fr\/#\/schema\/logo\/image\/\",\"url\":\"https:\/\/coffeelounge.delonghi.com\/wp-content\/uploads\/2020\/05\/delonghi-coffee-lounge-logo-nederland.png\",\"contentUrl\":\"https:\/\/coffeelounge.delonghi.com\/wp-content\/uploads\/2020\/05\/delonghi-coffee-lounge-logo-nederland.png\",\"width\":2337,\"height\":724,\"caption\":\"De'Longhi Coffee Lounge\"},\"image\":{\"@id\":\"https:\/\/coffeelounge.delonghi.com\/fr\/#\/schema\/logo\/image\/\"}}]}<\/script>\n<!-- \/ Yoast SEO Premium plugin. -->","yoast_head_json":{"title":"Arco Iris, m\u00e9lange des peuples | De&#039;Longhi","robots":{"index":"index","follow":"follow","max-snippet":"max-snippet:-1","max-image-preview":"max-image-preview:large","max-video-preview":"max-video-preview:-1"},"twitter_card":"summary_large_image","twitter_title":"Arco Iris, m\u00e9lange des peuples | De&#039;Longhi","twitter_description":"A big contender with a powerful hit. The Number 8 is Stong yet smooth, a true carrier of sweet notes of caramel and sugar, sticky toffee pudding and roasted nuts.","twitter_image":"https:\/\/coffeelounge.delonghi.com\/wp-content\/uploads\/2020\/10\/Esperanza-Cafe-sac-250g-Arco-Iris-1.png","schema":{"@context":"https:\/\/schema.org","@graph":[{"@type":"WebPage","@id":"https:\/\/coffeelounge.delonghi.com\/fr\/produit\/arco-iris-melange-des-peuples\/","url":"https:\/\/coffeelounge.delonghi.com\/fr\/produit\/arco-iris-melange-des-peuples\/","name":"Arco Iris, m\u00e9lange des peuples | De&#039;Longhi","isPartOf":{"@id":"https:\/\/coffeelounge.delonghi.com\/fr\/#website"},"primaryImageOfPage":{"@id":"https:\/\/coffeelounge.delonghi.com\/fr\/produit\/arco-iris-melange-des-peuples\/#primaryimage"},"image":{"@id":"https:\/\/coffeelounge.delonghi.com\/fr\/produit\/arco-iris-melange-des-peuples\/#primaryimage"},"thumbnailUrl":"https:\/\/coffeelounge.delonghi.com\/wp-content\/uploads\/2020\/10\/Esperanza-Cafe-sac-250g-Arco-Iris-1.png","datePublished":"2020-10-20T15:04:30+00:00","dateModified":"2024-02-27T15:26:13+00:00","breadcrumb":{"@id":"https:\/\/coffeelounge.delonghi.com\/fr\/produit\/arco-iris-melange-des-peuples\/#breadcrumb"},"inLanguage":"fr-FR","potentialAction":[{"@type":"ReadAction","target":["https:\/\/coffeelounge.delonghi.com\/fr\/produit\/arco-iris-melange-des-peuples\/"]}]},{"@type":"ImageObject","inLanguage":"fr-FR","@id":"https:\/\/coffeelounge.delonghi.com\/fr\/produit\/arco-iris-melange-des-peuples\/#primaryimage","url":"https:\/\/coffeelounge.delonghi.com\/wp-content\/uploads\/2020\/10\/Esperanza-Cafe-sac-250g-Arco-Iris-1.png","contentUrl":"https:\/\/coffeelounge.delonghi.com\/wp-content\/uploads\/2020\/10\/Esperanza-Cafe-sac-250g-Arco-Iris-1.png","width":450,"height":450},{"@type":"BreadcrumbList","@id":"https:\/\/coffeelounge.delonghi.com\/fr\/produit\/arco-iris-melange-des-peuples\/#breadcrumb","itemListElement":[{"@type":"ListItem","position":1,"name":"Home","item":"https:\/\/coffeelounge.delonghi.com\/fr\/"},{"@type":"ListItem","position":2,"name":"Boutique","item":"https:\/\/coffeelounge.delonghi.com\/fr\/?page_id=36"},{"@type":"ListItem","position":3,"name":"Arco Iris, m\u00e9lange des peuples"}]},{"@type":"WebSite","@id":"https:\/\/coffeelounge.delonghi.com\/fr\/#website","url":"https:\/\/coffeelounge.delonghi.com\/fr\/","name":"De&#039;Longhi","description":"Coffee Lounge","publisher":{"@id":"https:\/\/coffeelounge.delonghi.com\/fr\/#organization"},"potentialAction":[{"@type":"SearchAction","target":{"@type":"EntryPoint","urlTemplate":"https:\/\/coffeelounge.delonghi.com\/fr\/?s={search_term_string}"},"query-input":{"@type":"PropertyValueSpecification","valueRequired":true,"valueName":"search_term_string"}}],"inLanguage":"fr-FR"},{"@type":"Organization","@id":"https:\/\/coffeelounge.delonghi.com\/fr\/#organization","name":"De'Longhi Coffee Lounge","url":"https:\/\/coffeelounge.delonghi.com\/fr\/","logo":{"@type":"ImageObject","inLanguage":"fr-FR","@id":"https:\/\/coffeelounge.delonghi.com\/fr\/#\/schema\/logo\/image\/","url":"https:\/\/coffeelounge.delonghi.com\/wp-content\/uploads\/2020\/05\/delonghi-coffee-lounge-logo-nederland.png","contentUrl":"https:\/\/coffeelounge.delonghi.com\/wp-content\/uploads\/2020\/05\/delonghi-coffee-lounge-logo-nederland.png","width":2337,"height":724,"caption":"De'Longhi Coffee Lounge"},"image":{"@id":"https:\/\/coffeelounge.delonghi.com\/fr\/#\/schema\/logo\/image\/"}}]}},"_links":{"self":[{"href":"https:\/\/coffeelounge.delonghi.com\/fr\/wp-json\/wp\/v2\/product\/10197","targetHints":{"allow":["GET"]}}],"collection":[{"href":"https:\/\/coffeelounge.delonghi.com\/fr\/wp-json\/wp\/v2\/product"}],"about":[{"href":"https:\/\/coffeelounge.delonghi.com\/fr\/wp-json\/wp\/v2\/types\/product"}],"replies":[{"embeddable":true,"href":"https:\/\/coffeelounge.delonghi.com\/fr\/wp-json\/wp\/v2\/comments?post=10197"}],"version-history":[{"count":1,"href":"https:\/\/coffeelounge.delonghi.com\/fr\/wp-json\/wp\/v2\/product\/10197\/revisions"}],"predecessor-version":[{"id":420202,"href":"https:\/\/coffeelounge.delonghi.com\/fr\/wp-json\/wp\/v2\/product\/10197\/revisions\/420202"}],"wp:featuredmedia":[{"embeddable":true,"href":"https:\/\/coffeelounge.delonghi.com\/fr\/wp-json\/wp\/v2\/media\/420190"}],"wp:attachment":[{"href":"https:\/\/coffeelounge.delonghi.com\/fr\/wp-json\/wp\/v2\/media?parent=10197"}],"wp:term":[{"taxonomy":"product_cat","embeddable":true,"href":"https:\/\/coffeelounge.delonghi.com\/fr\/wp-json\/wp\/v2\/product_cat?post=10197"},{"taxonomy":"product_tag","embeddable":true,"href":"https:\/\/coffeelounge.delonghi.com\/fr\/wp-json\/wp\/v2\/product_tag?post=10197"}],"curies":[{"name":"wp","href":"https:\/\/api.w.org\/{rel}","templated":true}]}}