{"id":9104,"date":"2020-10-15T06:31:34","date_gmt":"2020-10-15T06:31:34","guid":{"rendered":"https:\/\/delonghi-dev.logicworks.it\/?page_id=9104"},"modified":"2024-07-19T07:52:43","modified_gmt":"2024-07-19T07:52:43","slug":"de-longhi-coffee-lounge","status":"publish","type":"page","link":"https:\/\/coffeelounge.delonghi.com\/","title":{"rendered":"De Longhi &#8211; Coffee Lounge"},"content":{"rendered":"\t\t<div data-elementor-type=\"wp-page\" data-elementor-id=\"9104\" class=\"elementor elementor-9104\" data-elementor-post-type=\"page\">\n\t\t\t\t\t\t<section class=\"elementor-section elementor-top-section elementor-element elementor-element-05396f9 elementor-section-boxed elementor-section-height-default elementor-section-height-default\" data-id=\"05396f9\" data-element_type=\"section\">\n\t\t\t\t\t\t<div class=\"elementor-container elementor-column-gap-default\">\n\t\t\t\t\t<div class=\"elementor-column elementor-col-100 elementor-top-column elementor-element elementor-element-1a09a5d\" data-id=\"1a09a5d\" data-element_type=\"column\">\n\t\t\t<div class=\"elementor-widget-wrap\">\n\t\t\t\t\t\t\t<\/div>\n\t\t<\/div>\n\t\t\t\t\t<\/div>\n\t\t<\/section>\n\t\t\t\t<section class=\"elementor-section elementor-top-section elementor-element elementor-element-0882d09 elementor-section-boxed elementor-section-height-default elementor-section-height-default\" data-id=\"0882d09\" data-element_type=\"section\">\n\t\t\t\t\t\t<div class=\"elementor-container elementor-column-gap-default\">\n\t\t\t\t\t<div class=\"elementor-column elementor-col-100 elementor-top-column elementor-element elementor-element-3efe1d8e\" data-id=\"3efe1d8e\" data-element_type=\"column\">\n\t\t\t<div class=\"elementor-widget-wrap elementor-element-populated\">\n\t\t\t\t\t\t<div class=\"elementor-element elementor-element-2cac86e3 elementor-hidden-tablet elementor-hidden-mobile elementor-widget elementor-widget-html\" data-id=\"2cac86e3\" data-element_type=\"widget\" data-widget_type=\"html.default\">\n\t\t\t\t<div class=\"elementor-widget-container\">\n\t\t\t\t\t<style>\r\n    .popup_lingua{\r\n        background: #FFFFFF;\r\n        margin: 40px auto;\r\n        padding: 10px 20px;\r\n        position: relative;\r\n        color: #333;\r\n    }\r\n    \r\n    .overlay_lingua{\r\n        font-family: \"Futura PT Book\", Sans-serif;\r\n        position: fixed; \r\n        top: 0;\r\n        left: 0;\r\n        right: 0;\r\n        bottom: 0;\r\n        height: 100vh;\r\n        text-align: center;\r\n    }\r\n\ttable, tbody, tr, th, td{\r\n\t\tbackground-color: rgba(0, 0, 0, 0.0) !important;\r\n\t\tborder:none !important;\r\n\t\tborder-color: rgba(0, 0, 0, 0.0) !important;\r\n\t}\r\n\t.global{\r\n\t    position:absolute;\r\n\t    margin: auto;\r\n\t    font-family: \"Futura PT Book\", Sans-serif;\r\n        font-size:26px;\r\n        color:black;\r\n        text-align:left;\r\n\t}\r\n\t\r\n\t.btnfooter{\r\n        z-index:600;\r\n        border: 2px solid #002645;\r\n        color: white;\r\n        background-color: #002645;\r\n        display: flex;\r\n        align-items: center;\r\n        justify-content: center;\r\n        margin-right:2%;\r\n        max-width: 204px;\r\n        height: 46px;\r\n        font-size:16px !important;\r\n        text-align: center;\r\n    }\r\n    .btnfooter:hover {\r\n        background-color: #002645 !important;\r\n        color: white !important;\r\n    }\r\n\r\n\t\r\n    <\/style>\r\n    \r\n    <div class=\"overlay_lingua\" id=\"pop_lingua\">\r\n        <div class=\"popup_lingua\">\r\n            <div style=\"left:0px; text-align:left; font-size:26px;\"><b>De'Longhi Coffee Lounge<\/b><\/div>\r\n            <table style=\"margin-left:5%; margin-right:5%; margin-top:2%;\">\r\n\t\t\t\t<tr>\r\n\t\t\t    \r\n\t\t\t\t\t<td style=\"border: 0; width:300px;\"><div style=\"display: flex; align-items:center; width:300px;\"><img decoding=\"async\" src=\"https:\/\/www.delonghi.com\/_ui\/dist\/assets\/images\/flags\/4x3\/au.svg\" width=\"30px\"><a href=\"https:\/\/coffeelounge.delonghi.com\/aus\/\"><span><font color=\"#7a7a7a\">&nbsp;&nbsp;Australia<\/font> <b><font color=\"#000000\">&nbsp;EN<\/font><\/b><\/span><\/a><\/div><\/td>\r\n\t\t\t\t\t\r\n\t\t\t\t\t<td style=\"border: 0; width:300px;\"><div style=\"display: flex; align-items:center; width:300px;\"><img decoding=\"async\" src=\"https:\/\/www.delonghi.com\/_ui\/dist\/assets\/images\/flags\/4x3\/be.svg\" width=\"30px\"><span><a href=\"https:\/\/coffeelounge.delonghi.com\/fr-be\/\"><font color=\"#7a7a7a\">&nbsp;&nbsp;Belgique<\/font> <b><font color=\"#000000\">&nbsp;FR<\/font><\/b><\/a><a href=\"https:\/\/coffeelounge.delonghi.com\/nl-be\/\"><font color=\"#7a7a7a\">&nbsp;&nbsp;&nbsp;&nbsp;Belgi\u00eb<\/font> <b><font color=\"#000000\">&nbsp;NL<\/font><\/b><\/a><\/span><\/div><\/td>\r\n\t\t\t\t\t\r\n\t\t\t\t\t<td style=\"border: 0; width:300px;\"><div style=\"display: flex; align-items:center; width:300px;\"><img decoding=\"async\" src=\"https:\/\/www.delonghi.com\/_ui\/dist\/assets\/images\/flags\/4x3\/de.svg\" width=\"30px\"><a href=\"https:\/\/coffeelounge.delonghi.com\/de\/\"><span><font color=\"#7a7a7a\">&nbsp;&nbsp;Deutschland<\/font> <b><font color=\"#000000\">&nbsp;DE<\/font><\/b><\/span><\/a><\/div><\/td>\r\n\t\t\t\t\t<td style=\"border: 0; width:300px;\"><div style=\"display: flex; align-items:center; width:300px;\"><img decoding=\"async\" src=\"https:\/\/www.delonghi.com\/_ui\/dist\/assets\/images\/flags\/4x3\/es.svg\" width=\"30px\"><a href=\"https:\/\/coffeelounge.delonghi.com\/es-es\/\"><span><font color=\"#7a7a7a\">&nbsp;&nbsp;Espa\u00f1a<\/font> <b><font color=\"#000000\">&nbsp;ES<\/font><\/b><\/span><\/a><\/div><\/td>\r\n\t\t\t\t\t\r\n\t\t\t\t\t\r\n\t\t\t\t\t\r\n\t\t\t\t<\/tr>\r\n\t\t\t\t\r\n\t\t\t\t<tr>\r\n\t\t\t\t    <td style=\"border: 0; width:300px;\"><div style=\"display: flex; align-items:center; width:300px;\"><img decoding=\"async\" src=\"https:\/\/www.delonghi.com\/_ui\/dist\/assets\/images\/flags\/4x3\/fr.svg\" width=\"30px\"><a href=\"https:\/\/coffeelounge.delonghi.com\/fr\/\"><span><font color=\"#7a7a7a\">&nbsp;&nbsp;France<\/font> <b><font color=\"#000000\">&nbsp;FR<\/font><\/b><\/span><\/a><\/div><\/td>\r\n\t\t\t\t\t<td style=\"border: 0; width:300px;\"><div style=\"display: flex; align-items:center; width:300px;\"><img decoding=\"async\" src=\"https:\/\/www.delonghi.com\/_ui\/dist\/assets\/images\/flags\/4x3\/it.svg\" width=\"30px\"><a href=\"https:\/\/coffeelounge.delonghi.com\/it\/\"><span><font color=\"#7a7a7a\">&nbsp;&nbsp;Italia<\/font> <b><font color=\"#000000\">&nbsp;IT<\/font><\/b><\/span><\/a><\/div><\/td>\r\n\t\t\t\t\t<td style=\"border: 0; width:300px;\"><div style=\"display: flex; align-items:center; width:300px;\"><img decoding=\"async\" src=\"https:\/\/www.delonghi.com\/_ui\/dist\/assets\/images\/flags\/4x3\/nl.svg\" width=\"30px\"><a href=\"https:\/\/coffeelounge.delonghi.com\/nl-nl\/\"><span><font color=\"#7a7a7a\">&nbsp;&nbsp;Nederland <\/font> <b><font color=\"#000000\">&nbsp;NL<\/font><\/b><\/span><\/a><\/div><\/td>\r\n\t\t\t\t\t<td style=\"border: 0; width:300px;\"><div style=\"display: flex; align-items:center; width:300px;\"><img decoding=\"async\" src=\"https:\/\/www.delonghi.com\/_ui\/dist\/assets\/images\/flags\/4x3\/at.svg\" width=\"30px\"><a href=\"https:\/\/coffeelounge.delonghi.com\/de-at\/\"><span><font color=\"#7a7a7a\">&nbsp;&nbsp;\u00d6sterreich<\/font> <b><font color=\"#000000\">&nbsp;DE<\/font><\/b><\/span><\/a><\/div><\/td>\r\n\t\t\t\t<\/tr>\r\n\t\t\t\t\r\n\t\t\t\t<tr>\r\n\t\t\t\t<td style=\"border: 0; width:300px;\"><div style=\"display: flex; align-items:center; width:300px;\"><img decoding=\"async\" src=\"https:\/\/www.delonghi.com\/_ui\/dist\/assets\/images\/flags\/4x3\/pt.svg\" width=\"30px\"><a href=\"https:\/\/coffeelounge.delonghi.com\/pt-pt\/\"><span><font color=\"#7a7a7a\">&nbsp;&nbsp;Portugal<\/font> <b><font color=\"#000000\">&nbsp;PT<\/font><\/b><\/span><\/a><\/div><\/td>\r\n\t\t\t<\/tr>\r\n\t\t\t\t\r\n\t\t\t<\/table>\r\n\t\t\t<div class=\"global\">\r\n\t\t\t    <div style=\"margin-top:90%\"><b>Global<\/b><\/div>\r\n                <div style=\"font-size:16px; margin-top:6%;\">Click here to access to our global website<\/div>\r\n                <button type=\"button\" onclick= \"location.href='https:\/\/coffeelounge.delonghi.com\/en-int';\" class=\"btnfooter\"  style=\"margin-top:10%;\">Coffee Lounge Global<\/button>\r\n\t\t\t<\/div>\r\n            \r\n        <\/div>\r\n    <\/div>\r\n\t\t\t\t<\/div>\n\t\t\t\t<\/div>\n\t\t\t\t<div class=\"elementor-element elementor-element-49318a83 elementor-hidden-desktop elementor-widget elementor-widget-html\" data-id=\"49318a83\" data-element_type=\"widget\" data-widget_type=\"html.default\">\n\t\t\t\t<div class=\"elementor-widget-container\">\n\t\t\t\t\t<style>\r\n    .global2{\r\n\t    position:absolute;\r\n\t    margin:auto;\r\n\t    top:70%;\r\n\t    font-family: \"Futura PT Book\", Sans-serif\r\n        font-size:26px;\r\n        color:black;\r\n        text-align:left;\r\n\t}\r\n\r\n\t\r\n\t.btnfooter2{\r\n        z-index:600;\r\n        border: 2px solid #002645;\r\n        color: white;\r\n        background-color: #002645;\r\n        height: 48px;\r\n        width: 270px;\r\n        font-size:16px !important;\r\n    }\r\n    .btnfooter2:hover {\r\n        background-color: #002645 !important;\r\n        color: white !important;\r\n    }\r\n\t\r\n    <\/style>\r\n    \r\n    <div class=\"overlay_lingua\" id=\"pop_lingua2\">\r\n        <div class=\"popup_lingua\">\r\n            <div style=\"left:0px; text-align:left; font-size:26px;\"><b>De'Longhi Coffee Lounge<\/b><\/div>\r\n            <table style=\"margin-left:5%; margin-right:5%; margin-top:2%;\">\r\n            <tr>\r\n\t\t\t\t<td style=\"border: 0\"><div style=\"display: flex; align-items:center;\"><img decoding=\"async\" src=\"https:\/\/www.delonghi.com\/_ui\/dist\/assets\/images\/flags\/4x3\/au.svg\" width=\"30px\"><a href=\"https:\/\/coffeelounge.delonghi.com\/aus\/\"><span><font color=\"#7a7a7a\">&nbsp;&nbsp;Australia<\/font> <b><font color=\"#000000\">&nbsp;EN<\/font><\/b><\/span><\/a><\/div><\/td>\r\n\t\t\t<\/tr>\r\n\t\t\t\r\n\t\t\t<tr>\r\n\t\t\t\t<td style=\"border: 0\"><div style=\"display: flex; align-items:center;\"><img decoding=\"async\" src=\"https:\/\/www.delonghi.com\/_ui\/dist\/assets\/images\/flags\/4x3\/be.svg\" width=\"30px\"><span><a href=\"https:\/\/coffeelounge.delonghi.com\/fr-be\/\"><font color=\"#7a7a7a\">&nbsp;&nbsp;Belgique<\/font> <b><font color=\"#000000\">&nbsp;FR<\/font><\/b><\/a><a href=\"https:\/\/coffeelounge.delonghi.com\/nl-be\/\"><font color=\"#7a7a7a\">&nbsp;&nbsp;&nbsp;&nbsp;Belgi\u00eb<\/font> <b><font color=\"#000000\">&nbsp;NL<\/font><\/b><\/a><\/span><\/div><\/td>\r\n\t\t\t<\/tr>\r\n\t\t\t\r\n\t\t\t<tr>\r\n\t\t\t\t<td style=\"border: 0\"><div style=\"display: flex; align-items:center;\"><img decoding=\"async\" src=\"https:\/\/www.delonghi.com\/_ui\/dist\/assets\/images\/flags\/4x3\/de.svg\" width=\"30px\"><a href=\"https:\/\/coffeelounge.delonghi.com\/de\/\"><span><font color=\"#7a7a7a\">&nbsp;&nbsp;Deutschland<\/font> <b><font color=\"#000000\">&nbsp;DE<\/font><\/b><\/span><\/a><\/div><\/td>\r\n\t\t\t<\/tr>\r\n\t\t\t<tr>\r\n\t\t\t\t<td style=\"border: 0\"><div style=\"display: flex; align-items:center;\"><img decoding=\"async\" src=\"https:\/\/www.delonghi.com\/_ui\/dist\/assets\/images\/flags\/4x3\/es.svg\" width=\"30px\"><a href=\"https:\/\/coffeelounge.delonghi.com\/es-es\/\"><span><font color=\"#7a7a7a\">&nbsp;&nbsp;Espa\u00f1a<\/font> <b><font color=\"#000000\">&nbsp;ES<\/font><\/b><\/span><\/a><\/div><\/td>\r\n\t\t\t<\/tr>\r\n\t\t\t<tr>\r\n\t\t\t\t<td style=\"border: 0\"><div style=\"display: flex; align-items:center;\"><img decoding=\"async\" src=\"https:\/\/www.delonghi.com\/_ui\/dist\/assets\/images\/flags\/4x3\/fr.svg\" width=\"30px\"><a href=\"https:\/\/coffeelounge.delonghi.com\/fr\/\"><span><font color=\"#7a7a7a\">&nbsp;&nbsp;France<\/font> <b><font color=\"#000000\">&nbsp;FR<\/font><\/b><\/span><\/a><\/div><\/td>\r\n\t\t\t\t<\/tr>\r\n\t\t\t<tr>\r\n\t\t\t\t<td style=\"border: 0\"><div style=\"display: flex; align-items:center;\"><img decoding=\"async\" src=\"https:\/\/www.delonghi.com\/_ui\/dist\/assets\/images\/flags\/4x3\/it.svg\" width=\"30px\"><a href=\"https:\/\/coffeelounge.delonghi.com\/it\/\"><span><font color=\"#7a7a7a\">&nbsp;&nbsp;Italia<\/font> <b><font color=\"#000000\">&nbsp;IT<\/font><\/b><\/span><\/a><\/div><\/td>\r\n\t\t\t\t<\/tr>\r\n\t\t\t<tr>\r\n\t\t\t\t<td style=\"border: 0\"><div style=\"display: flex; align-items:center;\"><img decoding=\"async\" src=\"https:\/\/www.delonghi.com\/_ui\/dist\/assets\/images\/flags\/4x3\/nl.svg\" width=\"30px\"><a href=\"https:\/\/coffeelounge.delonghi.com\/nl-nl\/\"><span><font color=\"#7a7a7a\">&nbsp;&nbsp;Nederland<\/font> <b><font color=\"#000000\">&nbsp;NL<\/font><\/b><\/span><\/a><\/div><\/td>\r\n\t\t\t<\/tr>\r\n\t\t\t<tr>\r\n\t\t\t\t<td style=\"border: 0\"><div style=\"display: flex; align-items:center;\"><img decoding=\"async\" src=\"https:\/\/www.delonghi.com\/_ui\/dist\/assets\/images\/flags\/4x3\/at.svg\" width=\"30px\"><a href=\"https:\/\/coffeelounge.delonghi.com\/de-at\/\"><span><font color=\"#7a7a7a\">&nbsp;&nbsp;\u00d6sterreich<\/font> <b><font color=\"#000000\">&nbsp;DE<\/font><\/b><\/span><\/a><\/div><\/td>\r\n\t\t\t\t<\/tr>\r\n\t\t\t\t<tr>\r\n\t\t\t\t<td style=\"border: 0\"><div style=\"display: flex; align-items:center;\"><img decoding=\"async\" src=\"https:\/\/www.delonghi.com\/_ui\/dist\/assets\/images\/flags\/4x3\/pt.svg\" width=\"30px\"><a href=\"https:\/\/coffeelounge.delonghi.com\/pt-pt\/\"><span><font color=\"#7a7a7a\">&nbsp;&nbsp;Portugal<\/font> <b><font color=\"#000000\">&nbsp;PT<\/font><\/b><\/span><\/a><\/div><\/td>\r\n\t\t\t\t<\/tr>\r\n\t\t\t\r\n\t\t\t<\/table>\r\n            <div class=\"global2\">\r\n\t\t\t    <div style=\"margin-top:60%\"><b>Global<\/b><\/div>\r\n                <div style=\"font-size:16px; margin-top:1%;\">Click here to access to our global website<\/div>\r\n                <button type=\"button\" onclick= \"location.href='https:\/\/coffeelounge.delonghi.com\/en-int';\" class=\"btnfooter2\">Coffee Lounge Global<\/button>\r\n\t\t\t<\/div>\r\n\t\t\t<\/div>\r\n        <\/div>\r\n\t\t\t\t<\/div>\n\t\t\t\t<\/div>\n\t\t\t\t\t<\/div>\n\t\t<\/div>\n\t\t\t\t\t<\/div>\n\t\t<\/section>\n\t\t\t\t<\/div>\n\t\t","protected":false},"excerpt":{"rendered":"<p>De&#8217;Longhi Coffee Lounge &nbsp;&nbsp;Australia &nbsp;EN &nbsp;&nbsp;Belgique &nbsp;FR&nbsp;&nbsp;&nbsp;&nbsp;Belgi\u00eb &nbsp;NL &nbsp;&nbsp;Deutschland &nbsp;DE &nbsp;&nbsp;Espa\u00f1a &nbsp;ES &nbsp;&nbsp;France &nbsp;FR &nbsp;&nbsp;Italia &nbsp;IT &nbsp;&nbsp;Nederland &nbsp;NL &nbsp;&nbsp;\u00d6sterreich &nbsp;DE &nbsp;&nbsp;Portugal &nbsp;PT Global Click here to access to our global website Coffee Lounge Global De&#8217;Longhi Coffee Lounge &nbsp;&nbsp;Australia &nbsp;EN &nbsp;&nbsp;Belgique &nbsp;FR&nbsp;&nbsp;&nbsp;&nbsp;Belgi\u00eb &nbsp;NL &nbsp;&nbsp;Deutschland &nbsp;DE &nbsp;&nbsp;Espa\u00f1a &nbsp;ES &nbsp;&nbsp;France &nbsp;FR &nbsp;&nbsp;Italia &nbsp;IT &nbsp;&nbsp;Nederland &nbsp;NL &nbsp;&nbsp;\u00d6sterreich &nbsp;DE &nbsp;&nbsp;Portugal [&hellip;]<\/p>\n","protected":false},"author":2,"featured_media":0,"parent":0,"menu_order":0,"comment_status":"closed","ping_status":"closed","template":"elementor_canvas","meta":{"_acf_changed":false,"footnotes":""},"class_list":["post-9104","page","type-page","status-publish","hentry"],"acf":[],"yoast_head":"<!-- This site is optimized with the Yoast SEO Premium plugin v24.5 (Yoast SEO v24.5) - https:\/\/yoast.com\/wordpress\/plugins\/seo\/ -->\n<title>De&#039;Longhi Coffee Lounge: the home of coffee perfection<\/title>\n<meta name=\"description\" content=\"Welcome to the Coffee Lounge \u2013 your personal place to explore, enjoy and discover the world of coffee.\" \/>\n<meta name=\"robots\" content=\"index, follow, max-snippet:-1, max-image-preview:large, max-video-preview:-1\" \/>\n<meta name=\"twitter:card\" content=\"summary_large_image\" \/>\n<meta name=\"twitter:title\" content=\"De&#039;Longhi Coffee Lounge: the home of coffee perfection\" \/>\n<meta name=\"twitter:description\" content=\"Welcome to the Coffee Lounge \u2013 your personal place to explore, enjoy and discover the world of coffee.\" \/>\n<meta name=\"twitter:image\" content=\"https:\/\/www.delonghi.com\/_ui\/dist\/assets\/images\/flags\/4x3\/au.svg\" \/>\n<script type=\"application\/ld+json\" class=\"yoast-schema-graph\">{\"@context\":\"https:\/\/schema.org\",\"@graph\":[{\"@type\":\"WebPage\",\"@id\":\"https:\/\/coffeelounge.delonghi.com\/\",\"url\":\"https:\/\/coffeelounge.delonghi.com\/\",\"name\":\"De'Longhi Coffee Lounge: the home of coffee perfection\",\"isPartOf\":{\"@id\":\"https:\/\/coffeelounge.delonghi.com\/fr\/#website\"},\"primaryImageOfPage\":{\"@id\":\"https:\/\/coffeelounge.delonghi.com\/#primaryimage\"},\"image\":{\"@id\":\"https:\/\/coffeelounge.delonghi.com\/#primaryimage\"},\"thumbnailUrl\":\"https:\/\/www.delonghi.com\/_ui\/dist\/assets\/images\/flags\/4x3\/au.svg\",\"datePublished\":\"2020-10-15T06:31:34+00:00\",\"dateModified\":\"2024-07-19T07:52:43+00:00\",\"description\":\"Welcome to the Coffee Lounge \u2013 your personal place to explore, enjoy and discover the world of coffee.\",\"breadcrumb\":{\"@id\":\"https:\/\/coffeelounge.delonghi.com\/#breadcrumb\"},\"inLanguage\":\"fr-FR\",\"potentialAction\":[{\"@type\":\"ReadAction\",\"target\":[\"https:\/\/coffeelounge.delonghi.com\/\"]}]},{\"@type\":\"ImageObject\",\"inLanguage\":\"fr-FR\",\"@id\":\"https:\/\/coffeelounge.delonghi.com\/#primaryimage\",\"url\":\"https:\/\/www.delonghi.com\/_ui\/dist\/assets\/images\/flags\/4x3\/au.svg\",\"contentUrl\":\"https:\/\/www.delonghi.com\/_ui\/dist\/assets\/images\/flags\/4x3\/au.svg\"},{\"@type\":\"BreadcrumbList\",\"@id\":\"https:\/\/coffeelounge.delonghi.com\/#breadcrumb\",\"itemListElement\":[{\"@type\":\"ListItem\",\"position\":1,\"name\":\"Home\",\"item\":\"https:\/\/coffeelounge.delonghi.com\/fr\/\"},{\"@type\":\"ListItem\",\"position\":2,\"name\":\"De Longhi &#8211; Coffee Lounge\"}]},{\"@type\":\"WebSite\",\"@id\":\"https:\/\/coffeelounge.delonghi.com\/fr\/#website\",\"url\":\"https:\/\/coffeelounge.delonghi.com\/fr\/\",\"name\":\"De&#039;Longhi\",\"description\":\"Coffee Lounge\",\"publisher\":{\"@id\":\"https:\/\/coffeelounge.delonghi.com\/fr\/#organization\"},\"potentialAction\":[{\"@type\":\"SearchAction\",\"target\":{\"@type\":\"EntryPoint\",\"urlTemplate\":\"https:\/\/coffeelounge.delonghi.com\/fr\/?s={search_term_string}\"},\"query-input\":{\"@type\":\"PropertyValueSpecification\",\"valueRequired\":true,\"valueName\":\"search_term_string\"}}],\"inLanguage\":\"fr-FR\"},{\"@type\":\"Organization\",\"@id\":\"https:\/\/coffeelounge.delonghi.com\/fr\/#organization\",\"name\":\"De'Longhi Coffee Lounge\",\"url\":\"https:\/\/coffeelounge.delonghi.com\/fr\/\",\"logo\":{\"@type\":\"ImageObject\",\"inLanguage\":\"fr-FR\",\"@id\":\"https:\/\/coffeelounge.delonghi.com\/fr\/#\/schema\/logo\/image\/\",\"url\":\"https:\/\/coffeelounge.delonghi.com\/wp-content\/uploads\/2020\/05\/delonghi-coffee-lounge-logo-nederland.png\",\"contentUrl\":\"https:\/\/coffeelounge.delonghi.com\/wp-content\/uploads\/2020\/05\/delonghi-coffee-lounge-logo-nederland.png\",\"width\":2337,\"height\":724,\"caption\":\"De'Longhi Coffee Lounge\"},\"image\":{\"@id\":\"https:\/\/coffeelounge.delonghi.com\/fr\/#\/schema\/logo\/image\/\"}}]}<\/script>\n<!-- \/ Yoast SEO Premium plugin. -->","yoast_head_json":{"title":"De'Longhi Coffee Lounge: the home of coffee perfection","description":"Welcome to the Coffee Lounge \u2013 your personal place to explore, enjoy and discover the world of coffee.","robots":{"index":"index","follow":"follow","max-snippet":"max-snippet:-1","max-image-preview":"max-image-preview:large","max-video-preview":"max-video-preview:-1"},"twitter_card":"summary_large_image","twitter_title":"De'Longhi Coffee Lounge: the home of coffee perfection","twitter_description":"Welcome to the Coffee Lounge \u2013 your personal place to explore, enjoy and discover the world of coffee.","twitter_image":"https:\/\/www.delonghi.com\/_ui\/dist\/assets\/images\/flags\/4x3\/au.svg","schema":{"@context":"https:\/\/schema.org","@graph":[{"@type":"WebPage","@id":"https:\/\/coffeelounge.delonghi.com\/","url":"https:\/\/coffeelounge.delonghi.com\/","name":"De'Longhi Coffee Lounge: the home of coffee perfection","isPartOf":{"@id":"https:\/\/coffeelounge.delonghi.com\/fr\/#website"},"primaryImageOfPage":{"@id":"https:\/\/coffeelounge.delonghi.com\/#primaryimage"},"image":{"@id":"https:\/\/coffeelounge.delonghi.com\/#primaryimage"},"thumbnailUrl":"https:\/\/www.delonghi.com\/_ui\/dist\/assets\/images\/flags\/4x3\/au.svg","datePublished":"2020-10-15T06:31:34+00:00","dateModified":"2024-07-19T07:52:43+00:00","description":"Welcome to the Coffee Lounge \u2013 your personal place to explore, enjoy and discover the world of coffee.","breadcrumb":{"@id":"https:\/\/coffeelounge.delonghi.com\/#breadcrumb"},"inLanguage":"fr-FR","potentialAction":[{"@type":"ReadAction","target":["https:\/\/coffeelounge.delonghi.com\/"]}]},{"@type":"ImageObject","inLanguage":"fr-FR","@id":"https:\/\/coffeelounge.delonghi.com\/#primaryimage","url":"https:\/\/www.delonghi.com\/_ui\/dist\/assets\/images\/flags\/4x3\/au.svg","contentUrl":"https:\/\/www.delonghi.com\/_ui\/dist\/assets\/images\/flags\/4x3\/au.svg"},{"@type":"BreadcrumbList","@id":"https:\/\/coffeelounge.delonghi.com\/#breadcrumb","itemListElement":[{"@type":"ListItem","position":1,"name":"Home","item":"https:\/\/coffeelounge.delonghi.com\/fr\/"},{"@type":"ListItem","position":2,"name":"De Longhi &#8211; Coffee Lounge"}]},{"@type":"WebSite","@id":"https:\/\/coffeelounge.delonghi.com\/fr\/#website","url":"https:\/\/coffeelounge.delonghi.com\/fr\/","name":"De&#039;Longhi","description":"Coffee Lounge","publisher":{"@id":"https:\/\/coffeelounge.delonghi.com\/fr\/#organization"},"potentialAction":[{"@type":"SearchAction","target":{"@type":"EntryPoint","urlTemplate":"https:\/\/coffeelounge.delonghi.com\/fr\/?s={search_term_string}"},"query-input":{"@type":"PropertyValueSpecification","valueRequired":true,"valueName":"search_term_string"}}],"inLanguage":"fr-FR"},{"@type":"Organization","@id":"https:\/\/coffeelounge.delonghi.com\/fr\/#organization","name":"De'Longhi Coffee Lounge","url":"https:\/\/coffeelounge.delonghi.com\/fr\/","logo":{"@type":"ImageObject","inLanguage":"fr-FR","@id":"https:\/\/coffeelounge.delonghi.com\/fr\/#\/schema\/logo\/image\/","url":"https:\/\/coffeelounge.delonghi.com\/wp-content\/uploads\/2020\/05\/delonghi-coffee-lounge-logo-nederland.png","contentUrl":"https:\/\/coffeelounge.delonghi.com\/wp-content\/uploads\/2020\/05\/delonghi-coffee-lounge-logo-nederland.png","width":2337,"height":724,"caption":"De'Longhi Coffee Lounge"},"image":{"@id":"https:\/\/coffeelounge.delonghi.com\/fr\/#\/schema\/logo\/image\/"}}]}},"_links":{"self":[{"href":"https:\/\/coffeelounge.delonghi.com\/fr\/wp-json\/wp\/v2\/pages\/9104","targetHints":{"allow":["GET"]}}],"collection":[{"href":"https:\/\/coffeelounge.delonghi.com\/fr\/wp-json\/wp\/v2\/pages"}],"about":[{"href":"https:\/\/coffeelounge.delonghi.com\/fr\/wp-json\/wp\/v2\/types\/page"}],"author":[{"embeddable":true,"href":"https:\/\/coffeelounge.delonghi.com\/fr\/wp-json\/wp\/v2\/users\/2"}],"replies":[{"embeddable":true,"href":"https:\/\/coffeelounge.delonghi.com\/fr\/wp-json\/wp\/v2\/comments?post=9104"}],"version-history":[{"count":3,"href":"https:\/\/coffeelounge.delonghi.com\/fr\/wp-json\/wp\/v2\/pages\/9104\/revisions"}],"predecessor-version":[{"id":429632,"href":"https:\/\/coffeelounge.delonghi.com\/fr\/wp-json\/wp\/v2\/pages\/9104\/revisions\/429632"}],"wp:attachment":[{"href":"https:\/\/coffeelounge.delonghi.com\/fr\/wp-json\/wp\/v2\/media?parent=9104"}],"curies":[{"name":"wp","href":"https:\/\/api.w.org\/{rel}","templated":true}]}}