{"id":433612,"date":"2025-06-10T13:00:53","date_gmt":"2025-06-10T13:00:53","guid":{"rendered":"https:\/\/coffeelounge.delonghi.com\/?post_type=product&#038;p=433612"},"modified":"2025-06-25T12:48:23","modified_gmt":"2025-06-25T12:48:23","slug":"zero","status":"publish","type":"product","link":"https:\/\/coffeelounge.delonghi.com\/fr-be\/product\/zero\/","title":{"rendered":"ZERO"},"content":{"rendered":"<p>Le caf\u00e9 en grains ZERO de Mister Barish est un caf\u00e9 100% Arabica de Colombie. Gr\u00e2ce \u00e0 la m\u00e9thode naturelle de d\u00e9caf\u00e9ination \u00e0 la canne \u00e0 sucre, ce caf\u00e9 conserve tout son corps et ses saveurs douces. Il en r\u00e9sulte un caf\u00e9 subtil et doux, avec des notes de chocolat noir et de sucre b\u00e2tard, mais sans caf\u00e9ine. Les grains de caf\u00e9 de l&#8217;origine unique ZERO sont sp\u00e9cialement s\u00e9lectionn\u00e9s et torr\u00e9fi\u00e9s pour les machines \u00e0 caf\u00e9 automatiques et semi-automatiques.<\/p>\n","protected":false},"excerpt":{"rendered":"<p>Le caf\u00e9 en grains ZERO de Mister Barish est un caf\u00e9 100% Arabica de Colombie. Gr\u00e2ce \u00e0 la m\u00e9thode naturelle de d\u00e9caf\u00e9ination \u00e0 la canne \u00e0 sucre, ce caf\u00e9 conserve tout son corps et ses saveurs douces. Il en r\u00e9sulte un caf\u00e9 subtil et doux, avec des notes de chocolat noir et de sucre b\u00e2tard, [&hellip;]<\/p>\n","protected":false},"featured_media":433528,"comment_status":"closed","ping_status":"closed","template":"","meta":{"_acf_changed":false},"product_cat":[1210,477,479],"product_tag":[],"class_list":{"0":"post-433612","1":"product","2":"type-product","3":"status-publish","4":"has-post-thumbnail","6":"product_cat-decaf-decaf","7":"product_cat-tous-les-cafes","8":"product_cat-pure-origine","10":"first","11":"instock","12":"taxable","13":"shipping-taxable","14":"purchasable","15":"product-type-variable"},"acf":[],"yoast_head":"<!-- This site is optimized with the Yoast SEO Premium plugin v24.5 (Yoast SEO v24.5) - https:\/\/yoast.com\/wordpress\/plugins\/seo\/ -->\n<title>ZERO | De&#039;Longhi<\/title>\n<meta name=\"description\" content=\"Le caf\u00e9 en grains ZERO de Mister Barish est un caf\u00e9 100% Arabica de Colombie. Gr\u00e2ce \u00e0 la m\u00e9thode naturelle de d\u00e9caf\u00e9ination \u00e0 la canne \u00e0 sucre, ce caf\u00e9 conserve tout son corps et ses saveurs douces.\" \/>\n<meta name=\"robots\" content=\"index, follow, max-snippet:-1, max-image-preview:large, max-video-preview:-1\" \/>\n<meta name=\"twitter:card\" content=\"summary_large_image\" \/>\n<meta name=\"twitter:title\" content=\"ZERO | De&#039;Longhi\" \/>\n<meta name=\"twitter:description\" content=\"Le caf\u00e9 en grains ZERO de Mister Barish est un caf\u00e9 100% Arabica de Colombie. Gr\u00e2ce \u00e0 la m\u00e9thode naturelle de d\u00e9caf\u00e9ination \u00e0 la canne \u00e0 sucre, ce caf\u00e9 conserve tout son corps et ses saveurs douces.\" \/>\n<meta name=\"twitter:image\" content=\"https:\/\/coffeelounge.delonghi.com\/wp-content\/uploads\/2025\/06\/zero.png\" \/>\n<script type=\"application\/ld+json\" class=\"yoast-schema-graph\">{\"@context\":\"https:\/\/schema.org\",\"@graph\":[{\"@type\":\"WebPage\",\"@id\":\"https:\/\/coffeelounge.delonghi.com\/fr-be\/product\/zero\/\",\"url\":\"https:\/\/coffeelounge.delonghi.com\/fr-be\/product\/zero\/\",\"name\":\"ZERO | De&#039;Longhi\",\"isPartOf\":{\"@id\":\"https:\/\/coffeelounge.delonghi.com\/fr-be\/#website\"},\"primaryImageOfPage\":{\"@id\":\"https:\/\/coffeelounge.delonghi.com\/fr-be\/product\/zero\/#primaryimage\"},\"image\":{\"@id\":\"https:\/\/coffeelounge.delonghi.com\/fr-be\/product\/zero\/#primaryimage\"},\"thumbnailUrl\":\"https:\/\/coffeelounge.delonghi.com\/wp-content\/uploads\/2025\/06\/zero.png\",\"datePublished\":\"2025-06-10T13:00:53+00:00\",\"dateModified\":\"2025-06-25T12:48:23+00:00\",\"description\":\"Le caf\u00e9 en grains ZERO de Mister Barish est un caf\u00e9 100% Arabica de Colombie. Gr\u00e2ce \u00e0 la m\u00e9thode naturelle de d\u00e9caf\u00e9ination \u00e0 la canne \u00e0 sucre, ce caf\u00e9 conserve tout son corps et ses saveurs douces.\",\"breadcrumb\":{\"@id\":\"https:\/\/coffeelounge.delonghi.com\/fr-be\/product\/zero\/#breadcrumb\"},\"inLanguage\":\"fr-be\",\"potentialAction\":[{\"@type\":\"ReadAction\",\"target\":[\"https:\/\/coffeelounge.delonghi.com\/fr-be\/product\/zero\/\"]}]},{\"@type\":\"ImageObject\",\"inLanguage\":\"fr-be\",\"@id\":\"https:\/\/coffeelounge.delonghi.com\/fr-be\/product\/zero\/#primaryimage\",\"url\":\"https:\/\/coffeelounge.delonghi.com\/wp-content\/uploads\/2025\/06\/zero.png\",\"contentUrl\":\"https:\/\/coffeelounge.delonghi.com\/wp-content\/uploads\/2025\/06\/zero.png\",\"width\":1200,\"height\":1316},{\"@type\":\"BreadcrumbList\",\"@id\":\"https:\/\/coffeelounge.delonghi.com\/fr-be\/product\/zero\/#breadcrumb\",\"itemListElement\":[{\"@type\":\"ListItem\",\"position\":1,\"name\":\"Home\",\"item\":\"https:\/\/coffeelounge.delonghi.com\/fr-be\/\"},{\"@type\":\"ListItem\",\"position\":2,\"name\":\"Boutique\",\"item\":\"https:\/\/coffeelounge.delonghi.com\/fr\/?page_id=36\"},{\"@type\":\"ListItem\",\"position\":3,\"name\":\"ZERO\"}]},{\"@type\":\"WebSite\",\"@id\":\"https:\/\/coffeelounge.delonghi.com\/fr-be\/#website\",\"url\":\"https:\/\/coffeelounge.delonghi.com\/fr-be\/\",\"name\":\"De&#039;Longhi\",\"description\":\"Coffee Lounge\",\"publisher\":{\"@id\":\"https:\/\/coffeelounge.delonghi.com\/fr-be\/#organization\"},\"potentialAction\":[{\"@type\":\"SearchAction\",\"target\":{\"@type\":\"EntryPoint\",\"urlTemplate\":\"https:\/\/coffeelounge.delonghi.com\/fr-be\/?s={search_term_string}\"},\"query-input\":{\"@type\":\"PropertyValueSpecification\",\"valueRequired\":true,\"valueName\":\"search_term_string\"}}],\"inLanguage\":\"fr-be\"},{\"@type\":\"Organization\",\"@id\":\"https:\/\/coffeelounge.delonghi.com\/fr-be\/#organization\",\"name\":\"De'Longhi Coffee Lounge\",\"url\":\"https:\/\/coffeelounge.delonghi.com\/fr-be\/\",\"logo\":{\"@type\":\"ImageObject\",\"inLanguage\":\"fr-be\",\"@id\":\"https:\/\/coffeelounge.delonghi.com\/fr-be\/#\/schema\/logo\/image\/\",\"url\":\"https:\/\/coffeelounge.delonghi.com\/wp-content\/uploads\/2020\/05\/delonghi-coffee-lounge-logo-nederland.png\",\"contentUrl\":\"https:\/\/coffeelounge.delonghi.com\/wp-content\/uploads\/2020\/05\/delonghi-coffee-lounge-logo-nederland.png\",\"width\":2337,\"height\":724,\"caption\":\"De'Longhi Coffee Lounge\"},\"image\":{\"@id\":\"https:\/\/coffeelounge.delonghi.com\/fr-be\/#\/schema\/logo\/image\/\"}}]}<\/script>\n<!-- \/ Yoast SEO Premium plugin. -->","yoast_head_json":{"title":"ZERO | De&#039;Longhi","description":"Le caf\u00e9 en grains ZERO de Mister Barish est un caf\u00e9 100% Arabica de Colombie. Gr\u00e2ce \u00e0 la m\u00e9thode naturelle de d\u00e9caf\u00e9ination \u00e0 la canne \u00e0 sucre, ce caf\u00e9 conserve tout son corps et ses saveurs douces.","robots":{"index":"index","follow":"follow","max-snippet":"max-snippet:-1","max-image-preview":"max-image-preview:large","max-video-preview":"max-video-preview:-1"},"twitter_card":"summary_large_image","twitter_title":"ZERO | De&#039;Longhi","twitter_description":"Le caf\u00e9 en grains ZERO de Mister Barish est un caf\u00e9 100% Arabica de Colombie. Gr\u00e2ce \u00e0 la m\u00e9thode naturelle de d\u00e9caf\u00e9ination \u00e0 la canne \u00e0 sucre, ce caf\u00e9 conserve tout son corps et ses saveurs douces.","twitter_image":"https:\/\/coffeelounge.delonghi.com\/wp-content\/uploads\/2025\/06\/zero.png","schema":{"@context":"https:\/\/schema.org","@graph":[{"@type":"WebPage","@id":"https:\/\/coffeelounge.delonghi.com\/fr-be\/product\/zero\/","url":"https:\/\/coffeelounge.delonghi.com\/fr-be\/product\/zero\/","name":"ZERO | De&#039;Longhi","isPartOf":{"@id":"https:\/\/coffeelounge.delonghi.com\/fr-be\/#website"},"primaryImageOfPage":{"@id":"https:\/\/coffeelounge.delonghi.com\/fr-be\/product\/zero\/#primaryimage"},"image":{"@id":"https:\/\/coffeelounge.delonghi.com\/fr-be\/product\/zero\/#primaryimage"},"thumbnailUrl":"https:\/\/coffeelounge.delonghi.com\/wp-content\/uploads\/2025\/06\/zero.png","datePublished":"2025-06-10T13:00:53+00:00","dateModified":"2025-06-25T12:48:23+00:00","description":"Le caf\u00e9 en grains ZERO de Mister Barish est un caf\u00e9 100% Arabica de Colombie. Gr\u00e2ce \u00e0 la m\u00e9thode naturelle de d\u00e9caf\u00e9ination \u00e0 la canne \u00e0 sucre, ce caf\u00e9 conserve tout son corps et ses saveurs douces.","breadcrumb":{"@id":"https:\/\/coffeelounge.delonghi.com\/fr-be\/product\/zero\/#breadcrumb"},"inLanguage":"fr-be","potentialAction":[{"@type":"ReadAction","target":["https:\/\/coffeelounge.delonghi.com\/fr-be\/product\/zero\/"]}]},{"@type":"ImageObject","inLanguage":"fr-be","@id":"https:\/\/coffeelounge.delonghi.com\/fr-be\/product\/zero\/#primaryimage","url":"https:\/\/coffeelounge.delonghi.com\/wp-content\/uploads\/2025\/06\/zero.png","contentUrl":"https:\/\/coffeelounge.delonghi.com\/wp-content\/uploads\/2025\/06\/zero.png","width":1200,"height":1316},{"@type":"BreadcrumbList","@id":"https:\/\/coffeelounge.delonghi.com\/fr-be\/product\/zero\/#breadcrumb","itemListElement":[{"@type":"ListItem","position":1,"name":"Home","item":"https:\/\/coffeelounge.delonghi.com\/fr-be\/"},{"@type":"ListItem","position":2,"name":"Boutique","item":"https:\/\/coffeelounge.delonghi.com\/fr\/?page_id=36"},{"@type":"ListItem","position":3,"name":"ZERO"}]},{"@type":"WebSite","@id":"https:\/\/coffeelounge.delonghi.com\/fr-be\/#website","url":"https:\/\/coffeelounge.delonghi.com\/fr-be\/","name":"De&#039;Longhi","description":"Coffee Lounge","publisher":{"@id":"https:\/\/coffeelounge.delonghi.com\/fr-be\/#organization"},"potentialAction":[{"@type":"SearchAction","target":{"@type":"EntryPoint","urlTemplate":"https:\/\/coffeelounge.delonghi.com\/fr-be\/?s={search_term_string}"},"query-input":{"@type":"PropertyValueSpecification","valueRequired":true,"valueName":"search_term_string"}}],"inLanguage":"fr-be"},{"@type":"Organization","@id":"https:\/\/coffeelounge.delonghi.com\/fr-be\/#organization","name":"De'Longhi Coffee Lounge","url":"https:\/\/coffeelounge.delonghi.com\/fr-be\/","logo":{"@type":"ImageObject","inLanguage":"fr-be","@id":"https:\/\/coffeelounge.delonghi.com\/fr-be\/#\/schema\/logo\/image\/","url":"https:\/\/coffeelounge.delonghi.com\/wp-content\/uploads\/2020\/05\/delonghi-coffee-lounge-logo-nederland.png","contentUrl":"https:\/\/coffeelounge.delonghi.com\/wp-content\/uploads\/2020\/05\/delonghi-coffee-lounge-logo-nederland.png","width":2337,"height":724,"caption":"De'Longhi Coffee Lounge"},"image":{"@id":"https:\/\/coffeelounge.delonghi.com\/fr-be\/#\/schema\/logo\/image\/"}}]}},"_links":{"self":[{"href":"https:\/\/coffeelounge.delonghi.com\/fr-be\/wp-json\/wp\/v2\/product\/433612","targetHints":{"allow":["GET"]}}],"collection":[{"href":"https:\/\/coffeelounge.delonghi.com\/fr-be\/wp-json\/wp\/v2\/product"}],"about":[{"href":"https:\/\/coffeelounge.delonghi.com\/fr-be\/wp-json\/wp\/v2\/types\/product"}],"replies":[{"embeddable":true,"href":"https:\/\/coffeelounge.delonghi.com\/fr-be\/wp-json\/wp\/v2\/comments?post=433612"}],"version-history":[{"count":8,"href":"https:\/\/coffeelounge.delonghi.com\/fr-be\/wp-json\/wp\/v2\/product\/433612\/revisions"}],"predecessor-version":[{"id":433724,"href":"https:\/\/coffeelounge.delonghi.com\/fr-be\/wp-json\/wp\/v2\/product\/433612\/revisions\/433724"}],"wp:featuredmedia":[{"embeddable":true,"href":"https:\/\/coffeelounge.delonghi.com\/fr-be\/wp-json\/wp\/v2\/media\/433528"}],"wp:attachment":[{"href":"https:\/\/coffeelounge.delonghi.com\/fr-be\/wp-json\/wp\/v2\/media?parent=433612"}],"wp:term":[{"taxonomy":"product_cat","embeddable":true,"href":"https:\/\/coffeelounge.delonghi.com\/fr-be\/wp-json\/wp\/v2\/product_cat?post=433612"},{"taxonomy":"product_tag","embeddable":true,"href":"https:\/\/coffeelounge.delonghi.com\/fr-be\/wp-json\/wp\/v2\/product_tag?post=433612"}],"curies":[{"name":"wp","href":"https:\/\/api.w.org\/{rel}","templated":true}]}}