{"id":433600,"date":"2025-06-10T12:45:29","date_gmt":"2025-06-10T12:45:29","guid":{"rendered":"https:\/\/coffeelounge.delonghi.com\/?post_type=product&#038;p=433600"},"modified":"2025-06-12T08:20:38","modified_gmt":"2025-06-12T08:20:38","slug":"gold","status":"publish","type":"product","link":"https:\/\/coffeelounge.delonghi.com\/fr-be\/product\/gold\/","title":{"rendered":"GOLD"},"content":{"rendered":"<p>Les grains de caf\u00e9 de qualit\u00e9 sup\u00e9rieure GOLD de Mister Barish sont un m\u00e9lange avec beaucoup de corps. Le r\u00e9sultat est un caf\u00e9 doux et \u00e9pic\u00e9, avec des tons de chocolat et des notes de fruits rouges.<br \/>\nSi vous aimez avoir beaucoup de corps, le GOLD convient parfaitement \u00e0 l&#8217;espresso, au caf\u00e9 normal, au lungo ou \u00e0 l&#8217;americano. Son corps et son caract\u00e8re cr\u00e9meux en font \u00e9galement un m\u00e9lange id\u00e9al pour pr\u00e9parer des caf\u00e9s lact\u00e9s. Votre cappuccino aura une saveur cr\u00e9meuse et pleine. Un m\u00e9lange complet et polyvalent ! Les grains de caf\u00e9 sont sp\u00e9cialement s\u00e9lectionn\u00e9s et torr\u00e9fi\u00e9s pour \u00eatre utilis\u00e9s dans une machine \u00e0 expresso grain \u00e0 grain.<\/p>\n","protected":false},"excerpt":{"rendered":"<p>Les grains de caf\u00e9 de qualit\u00e9 sup\u00e9rieure GOLD de Mister Barish sont un m\u00e9lange avec beaucoup de corps. Le r\u00e9sultat est un caf\u00e9 doux et \u00e9pic\u00e9, avec des tons de chocolat et des notes de fruits rouges. Si vous aimez avoir beaucoup de corps, le GOLD convient parfaitement \u00e0 l&#8217;espresso, au caf\u00e9 normal, au lungo [&hellip;]<\/p>\n","protected":false},"featured_media":433486,"comment_status":"closed","ping_status":"closed","template":"","meta":{"_acf_changed":false},"product_cat":[477,478],"product_tag":[],"class_list":{"0":"post-433600","1":"product","2":"type-product","3":"status-publish","4":"has-post-thumbnail","6":"product_cat-tous-les-cafes","7":"product_cat-melanges-fr-be","9":"first","10":"instock","11":"taxable","12":"shipping-taxable","13":"purchasable","14":"product-type-variable"},"acf":[],"yoast_head":"<!-- This site is optimized with the Yoast SEO Premium plugin v24.5 (Yoast SEO v24.5) - https:\/\/yoast.com\/wordpress\/plugins\/seo\/ -->\n<title>GOLD | De&#039;Longhi<\/title>\n<meta name=\"description\" content=\"Les grains de caf\u00e9 de qualit\u00e9 sup\u00e9rieure GOLD de Mister Barish sont un m\u00e9lange avec beaucoup de corps. Le r\u00e9sultat est un caf\u00e9 doux et \u00e9pic\u00e9, avec des tons de chocolat et des notes de fruits rouges.\" \/>\n<meta name=\"robots\" content=\"index, follow, max-snippet:-1, max-image-preview:large, max-video-preview:-1\" \/>\n<meta name=\"twitter:card\" content=\"summary_large_image\" \/>\n<meta name=\"twitter:title\" content=\"GOLD | De&#039;Longhi\" \/>\n<meta name=\"twitter:description\" content=\"Les grains de caf\u00e9 de qualit\u00e9 sup\u00e9rieure GOLD de Mister Barish sont un m\u00e9lange avec beaucoup de corps. Le r\u00e9sultat est un caf\u00e9 doux et \u00e9pic\u00e9, avec des tons de chocolat et des notes de fruits rouges.\" \/>\n<meta name=\"twitter:image\" content=\"https:\/\/coffeelounge.delonghi.com\/wp-content\/uploads\/2025\/06\/gold.png\" \/>\n<script type=\"application\/ld+json\" class=\"yoast-schema-graph\">{\"@context\":\"https:\/\/schema.org\",\"@graph\":[{\"@type\":\"WebPage\",\"@id\":\"https:\/\/coffeelounge.delonghi.com\/fr-be\/product\/gold\/\",\"url\":\"https:\/\/coffeelounge.delonghi.com\/fr-be\/product\/gold\/\",\"name\":\"GOLD | De&#039;Longhi\",\"isPartOf\":{\"@id\":\"https:\/\/coffeelounge.delonghi.com\/fr-be\/#website\"},\"primaryImageOfPage\":{\"@id\":\"https:\/\/coffeelounge.delonghi.com\/fr-be\/product\/gold\/#primaryimage\"},\"image\":{\"@id\":\"https:\/\/coffeelounge.delonghi.com\/fr-be\/product\/gold\/#primaryimage\"},\"thumbnailUrl\":\"https:\/\/coffeelounge.delonghi.com\/wp-content\/uploads\/2025\/06\/gold.png\",\"datePublished\":\"2025-06-10T12:45:29+00:00\",\"dateModified\":\"2025-06-12T08:20:38+00:00\",\"description\":\"Les grains de caf\u00e9 de qualit\u00e9 sup\u00e9rieure GOLD de Mister Barish sont un m\u00e9lange avec beaucoup de corps. Le r\u00e9sultat est un caf\u00e9 doux et \u00e9pic\u00e9, avec des tons de chocolat et des notes de fruits rouges.\",\"breadcrumb\":{\"@id\":\"https:\/\/coffeelounge.delonghi.com\/fr-be\/product\/gold\/#breadcrumb\"},\"inLanguage\":\"fr-be\",\"potentialAction\":[{\"@type\":\"ReadAction\",\"target\":[\"https:\/\/coffeelounge.delonghi.com\/fr-be\/product\/gold\/\"]}]},{\"@type\":\"ImageObject\",\"inLanguage\":\"fr-be\",\"@id\":\"https:\/\/coffeelounge.delonghi.com\/fr-be\/product\/gold\/#primaryimage\",\"url\":\"https:\/\/coffeelounge.delonghi.com\/wp-content\/uploads\/2025\/06\/gold.png\",\"contentUrl\":\"https:\/\/coffeelounge.delonghi.com\/wp-content\/uploads\/2025\/06\/gold.png\",\"width\":1200,\"height\":1316},{\"@type\":\"BreadcrumbList\",\"@id\":\"https:\/\/coffeelounge.delonghi.com\/fr-be\/product\/gold\/#breadcrumb\",\"itemListElement\":[{\"@type\":\"ListItem\",\"position\":1,\"name\":\"Home\",\"item\":\"https:\/\/coffeelounge.delonghi.com\/fr-be\/\"},{\"@type\":\"ListItem\",\"position\":2,\"name\":\"Boutique\",\"item\":\"https:\/\/coffeelounge.delonghi.com\/fr\/?page_id=36\"},{\"@type\":\"ListItem\",\"position\":3,\"name\":\"GOLD\"}]},{\"@type\":\"WebSite\",\"@id\":\"https:\/\/coffeelounge.delonghi.com\/fr-be\/#website\",\"url\":\"https:\/\/coffeelounge.delonghi.com\/fr-be\/\",\"name\":\"De&#039;Longhi\",\"description\":\"Coffee Lounge\",\"publisher\":{\"@id\":\"https:\/\/coffeelounge.delonghi.com\/fr-be\/#organization\"},\"potentialAction\":[{\"@type\":\"SearchAction\",\"target\":{\"@type\":\"EntryPoint\",\"urlTemplate\":\"https:\/\/coffeelounge.delonghi.com\/fr-be\/?s={search_term_string}\"},\"query-input\":{\"@type\":\"PropertyValueSpecification\",\"valueRequired\":true,\"valueName\":\"search_term_string\"}}],\"inLanguage\":\"fr-be\"},{\"@type\":\"Organization\",\"@id\":\"https:\/\/coffeelounge.delonghi.com\/fr-be\/#organization\",\"name\":\"De'Longhi Coffee Lounge\",\"url\":\"https:\/\/coffeelounge.delonghi.com\/fr-be\/\",\"logo\":{\"@type\":\"ImageObject\",\"inLanguage\":\"fr-be\",\"@id\":\"https:\/\/coffeelounge.delonghi.com\/fr-be\/#\/schema\/logo\/image\/\",\"url\":\"https:\/\/coffeelounge.delonghi.com\/wp-content\/uploads\/2020\/05\/delonghi-coffee-lounge-logo-nederland.png\",\"contentUrl\":\"https:\/\/coffeelounge.delonghi.com\/wp-content\/uploads\/2020\/05\/delonghi-coffee-lounge-logo-nederland.png\",\"width\":2337,\"height\":724,\"caption\":\"De'Longhi Coffee Lounge\"},\"image\":{\"@id\":\"https:\/\/coffeelounge.delonghi.com\/fr-be\/#\/schema\/logo\/image\/\"}}]}<\/script>\n<!-- \/ Yoast SEO Premium plugin. -->","yoast_head_json":{"title":"GOLD | De&#039;Longhi","description":"Les grains de caf\u00e9 de qualit\u00e9 sup\u00e9rieure GOLD de Mister Barish sont un m\u00e9lange avec beaucoup de corps. Le r\u00e9sultat est un caf\u00e9 doux et \u00e9pic\u00e9, avec des tons de chocolat et des notes de fruits rouges.","robots":{"index":"index","follow":"follow","max-snippet":"max-snippet:-1","max-image-preview":"max-image-preview:large","max-video-preview":"max-video-preview:-1"},"twitter_card":"summary_large_image","twitter_title":"GOLD | De&#039;Longhi","twitter_description":"Les grains de caf\u00e9 de qualit\u00e9 sup\u00e9rieure GOLD de Mister Barish sont un m\u00e9lange avec beaucoup de corps. Le r\u00e9sultat est un caf\u00e9 doux et \u00e9pic\u00e9, avec des tons de chocolat et des notes de fruits rouges.","twitter_image":"https:\/\/coffeelounge.delonghi.com\/wp-content\/uploads\/2025\/06\/gold.png","schema":{"@context":"https:\/\/schema.org","@graph":[{"@type":"WebPage","@id":"https:\/\/coffeelounge.delonghi.com\/fr-be\/product\/gold\/","url":"https:\/\/coffeelounge.delonghi.com\/fr-be\/product\/gold\/","name":"GOLD | De&#039;Longhi","isPartOf":{"@id":"https:\/\/coffeelounge.delonghi.com\/fr-be\/#website"},"primaryImageOfPage":{"@id":"https:\/\/coffeelounge.delonghi.com\/fr-be\/product\/gold\/#primaryimage"},"image":{"@id":"https:\/\/coffeelounge.delonghi.com\/fr-be\/product\/gold\/#primaryimage"},"thumbnailUrl":"https:\/\/coffeelounge.delonghi.com\/wp-content\/uploads\/2025\/06\/gold.png","datePublished":"2025-06-10T12:45:29+00:00","dateModified":"2025-06-12T08:20:38+00:00","description":"Les grains de caf\u00e9 de qualit\u00e9 sup\u00e9rieure GOLD de Mister Barish sont un m\u00e9lange avec beaucoup de corps. Le r\u00e9sultat est un caf\u00e9 doux et \u00e9pic\u00e9, avec des tons de chocolat et des notes de fruits rouges.","breadcrumb":{"@id":"https:\/\/coffeelounge.delonghi.com\/fr-be\/product\/gold\/#breadcrumb"},"inLanguage":"fr-be","potentialAction":[{"@type":"ReadAction","target":["https:\/\/coffeelounge.delonghi.com\/fr-be\/product\/gold\/"]}]},{"@type":"ImageObject","inLanguage":"fr-be","@id":"https:\/\/coffeelounge.delonghi.com\/fr-be\/product\/gold\/#primaryimage","url":"https:\/\/coffeelounge.delonghi.com\/wp-content\/uploads\/2025\/06\/gold.png","contentUrl":"https:\/\/coffeelounge.delonghi.com\/wp-content\/uploads\/2025\/06\/gold.png","width":1200,"height":1316},{"@type":"BreadcrumbList","@id":"https:\/\/coffeelounge.delonghi.com\/fr-be\/product\/gold\/#breadcrumb","itemListElement":[{"@type":"ListItem","position":1,"name":"Home","item":"https:\/\/coffeelounge.delonghi.com\/fr-be\/"},{"@type":"ListItem","position":2,"name":"Boutique","item":"https:\/\/coffeelounge.delonghi.com\/fr\/?page_id=36"},{"@type":"ListItem","position":3,"name":"GOLD"}]},{"@type":"WebSite","@id":"https:\/\/coffeelounge.delonghi.com\/fr-be\/#website","url":"https:\/\/coffeelounge.delonghi.com\/fr-be\/","name":"De&#039;Longhi","description":"Coffee Lounge","publisher":{"@id":"https:\/\/coffeelounge.delonghi.com\/fr-be\/#organization"},"potentialAction":[{"@type":"SearchAction","target":{"@type":"EntryPoint","urlTemplate":"https:\/\/coffeelounge.delonghi.com\/fr-be\/?s={search_term_string}"},"query-input":{"@type":"PropertyValueSpecification","valueRequired":true,"valueName":"search_term_string"}}],"inLanguage":"fr-be"},{"@type":"Organization","@id":"https:\/\/coffeelounge.delonghi.com\/fr-be\/#organization","name":"De'Longhi Coffee Lounge","url":"https:\/\/coffeelounge.delonghi.com\/fr-be\/","logo":{"@type":"ImageObject","inLanguage":"fr-be","@id":"https:\/\/coffeelounge.delonghi.com\/fr-be\/#\/schema\/logo\/image\/","url":"https:\/\/coffeelounge.delonghi.com\/wp-content\/uploads\/2020\/05\/delonghi-coffee-lounge-logo-nederland.png","contentUrl":"https:\/\/coffeelounge.delonghi.com\/wp-content\/uploads\/2020\/05\/delonghi-coffee-lounge-logo-nederland.png","width":2337,"height":724,"caption":"De'Longhi Coffee Lounge"},"image":{"@id":"https:\/\/coffeelounge.delonghi.com\/fr-be\/#\/schema\/logo\/image\/"}}]}},"_links":{"self":[{"href":"https:\/\/coffeelounge.delonghi.com\/fr-be\/wp-json\/wp\/v2\/product\/433600","targetHints":{"allow":["GET"]}}],"collection":[{"href":"https:\/\/coffeelounge.delonghi.com\/fr-be\/wp-json\/wp\/v2\/product"}],"about":[{"href":"https:\/\/coffeelounge.delonghi.com\/fr-be\/wp-json\/wp\/v2\/types\/product"}],"replies":[{"embeddable":true,"href":"https:\/\/coffeelounge.delonghi.com\/fr-be\/wp-json\/wp\/v2\/comments?post=433600"}],"version-history":[{"count":3,"href":"https:\/\/coffeelounge.delonghi.com\/fr-be\/wp-json\/wp\/v2\/product\/433600\/revisions"}],"predecessor-version":[{"id":433648,"href":"https:\/\/coffeelounge.delonghi.com\/fr-be\/wp-json\/wp\/v2\/product\/433600\/revisions\/433648"}],"wp:featuredmedia":[{"embeddable":true,"href":"https:\/\/coffeelounge.delonghi.com\/fr-be\/wp-json\/wp\/v2\/media\/433486"}],"wp:attachment":[{"href":"https:\/\/coffeelounge.delonghi.com\/fr-be\/wp-json\/wp\/v2\/media?parent=433600"}],"wp:term":[{"taxonomy":"product_cat","embeddable":true,"href":"https:\/\/coffeelounge.delonghi.com\/fr-be\/wp-json\/wp\/v2\/product_cat?post=433600"},{"taxonomy":"product_tag","embeddable":true,"href":"https:\/\/coffeelounge.delonghi.com\/fr-be\/wp-json\/wp\/v2\/product_tag?post=433600"}],"curies":[{"name":"wp","href":"https:\/\/api.w.org\/{rel}","templated":true}]}}