{"id":433592,"date":"2025-06-10T12:35:17","date_gmt":"2025-06-10T12:35:17","guid":{"rendered":"https:\/\/coffeelounge.delonghi.com\/?post_type=product&#038;p=433592"},"modified":"2025-07-09T13:15:52","modified_gmt":"2025-07-09T13:15:52","slug":"easy","status":"publish","type":"product","link":"https:\/\/coffeelounge.delonghi.com\/fr-be\/product\/easy\/","title":{"rendered":"EASY"},"content":{"rendered":"<p>Les grains de caf\u00e9 de qualit\u00e9 sup\u00e9rieure EASY de Mister Barish sont un m\u00e9lange frais et agr\u00e9able. Beurr\u00e9. Floral. Subtil. Il en r\u00e9sulte un caf\u00e9 doux, \u00e9quilibr\u00e9 et surtout d\u00e9licieux. Les grains de caf\u00e9 du m\u00e9lange EASY sont sp\u00e9cialement s\u00e9lectionn\u00e9s et torr\u00e9fi\u00e9s pour les machines bean to cup : machines \u00e0 caf\u00e9 enti\u00e8rement automatiques et semi-automatiques. L&#8217;Easy est parfait pour l&#8217;espresso, le caf\u00e9 normal, le lungo ou l&#8217;americano. Mais elle est \u00e9galement id\u00e9ale pour pr\u00e9parer des caf\u00e9s au lait si vous aimez un cappuccino onctueux, par exemple. Une v\u00e9ritable machine \u00e0 tout faire ! Les grains de caf\u00e9 sont sp\u00e9cialement s\u00e9lectionn\u00e9s et torr\u00e9fi\u00e9s pour \u00eatre utilis\u00e9s dans une machine \u00e0 espresso enti\u00e8rement automatique.<\/p>\n","protected":false},"excerpt":{"rendered":"<p>Les grains de caf\u00e9 de qualit\u00e9 sup\u00e9rieure EASY de Mister Barish sont un m\u00e9lange frais et agr\u00e9able. Beurr\u00e9. Floral. Subtil. Il en r\u00e9sulte un caf\u00e9 doux, \u00e9quilibr\u00e9 et surtout d\u00e9licieux. Les grains de caf\u00e9 du m\u00e9lange EASY sont sp\u00e9cialement s\u00e9lectionn\u00e9s et torr\u00e9fi\u00e9s pour les machines bean to cup : machines \u00e0 caf\u00e9 enti\u00e8rement automatiques et [&hellip;]<\/p>\n","protected":false},"featured_media":433468,"comment_status":"closed","ping_status":"closed","template":"","meta":{"_acf_changed":false},"product_cat":[477,478],"product_tag":[],"class_list":{"0":"post-433592","1":"product","2":"type-product","3":"status-publish","4":"has-post-thumbnail","6":"product_cat-tous-les-cafes","7":"product_cat-melanges-fr-be","9":"first","10":"instock","11":"taxable","12":"shipping-taxable","13":"purchasable","14":"product-type-variable"},"acf":[],"yoast_head":"<!-- This site is optimized with the Yoast SEO Premium plugin v24.5 (Yoast SEO v24.5) - https:\/\/yoast.com\/wordpress\/plugins\/seo\/ -->\n<title>EASY | De&#039;Longhi<\/title>\n<meta name=\"description\" content=\"Les grains de caf\u00e9 de qualit\u00e9 sup\u00e9rieure EASY de Mister Barish sont un m\u00e9lange frais et agr\u00e9able. Beurr\u00e9. Floral. Subtil. Il en r\u00e9sulte un caf\u00e9 tranquille, \u00e9quilibr\u00e9 et surtout d\u00e9licieux.\" \/>\n<meta name=\"robots\" content=\"index, follow, max-snippet:-1, max-image-preview:large, max-video-preview:-1\" \/>\n<meta name=\"twitter:card\" content=\"summary_large_image\" \/>\n<meta name=\"twitter:title\" content=\"EASY | De&#039;Longhi\" \/>\n<meta name=\"twitter:description\" content=\"Les grains de caf\u00e9 de qualit\u00e9 sup\u00e9rieure EASY de Mister Barish sont un m\u00e9lange frais et agr\u00e9able. Beurr\u00e9. Floral. Subtil. Il en r\u00e9sulte un caf\u00e9 tranquille, \u00e9quilibr\u00e9 et surtout d\u00e9licieux.\" \/>\n<meta name=\"twitter:image\" content=\"https:\/\/coffeelounge.delonghi.com\/wp-content\/uploads\/2025\/06\/easy.png\" \/>\n<script type=\"application\/ld+json\" class=\"yoast-schema-graph\">{\"@context\":\"https:\/\/schema.org\",\"@graph\":[{\"@type\":\"WebPage\",\"@id\":\"https:\/\/coffeelounge.delonghi.com\/fr-be\/product\/easy\/\",\"url\":\"https:\/\/coffeelounge.delonghi.com\/fr-be\/product\/easy\/\",\"name\":\"EASY | De&#039;Longhi\",\"isPartOf\":{\"@id\":\"https:\/\/coffeelounge.delonghi.com\/fr-be\/#website\"},\"primaryImageOfPage\":{\"@id\":\"https:\/\/coffeelounge.delonghi.com\/fr-be\/product\/easy\/#primaryimage\"},\"image\":{\"@id\":\"https:\/\/coffeelounge.delonghi.com\/fr-be\/product\/easy\/#primaryimage\"},\"thumbnailUrl\":\"https:\/\/coffeelounge.delonghi.com\/wp-content\/uploads\/2025\/06\/easy.png\",\"datePublished\":\"2025-06-10T12:35:17+00:00\",\"dateModified\":\"2025-07-09T13:15:52+00:00\",\"description\":\"Les grains de caf\u00e9 de qualit\u00e9 sup\u00e9rieure EASY de Mister Barish sont un m\u00e9lange frais et agr\u00e9able. Beurr\u00e9. Floral. Subtil. Il en r\u00e9sulte un caf\u00e9 tranquille, \u00e9quilibr\u00e9 et surtout d\u00e9licieux.\",\"breadcrumb\":{\"@id\":\"https:\/\/coffeelounge.delonghi.com\/fr-be\/product\/easy\/#breadcrumb\"},\"inLanguage\":\"fr-be\",\"potentialAction\":[{\"@type\":\"ReadAction\",\"target\":[\"https:\/\/coffeelounge.delonghi.com\/fr-be\/product\/easy\/\"]}]},{\"@type\":\"ImageObject\",\"inLanguage\":\"fr-be\",\"@id\":\"https:\/\/coffeelounge.delonghi.com\/fr-be\/product\/easy\/#primaryimage\",\"url\":\"https:\/\/coffeelounge.delonghi.com\/wp-content\/uploads\/2025\/06\/easy.png\",\"contentUrl\":\"https:\/\/coffeelounge.delonghi.com\/wp-content\/uploads\/2025\/06\/easy.png\",\"width\":1200,\"height\":1316},{\"@type\":\"BreadcrumbList\",\"@id\":\"https:\/\/coffeelounge.delonghi.com\/fr-be\/product\/easy\/#breadcrumb\",\"itemListElement\":[{\"@type\":\"ListItem\",\"position\":1,\"name\":\"Home\",\"item\":\"https:\/\/coffeelounge.delonghi.com\/fr-be\/\"},{\"@type\":\"ListItem\",\"position\":2,\"name\":\"Boutique\",\"item\":\"https:\/\/coffeelounge.delonghi.com\/fr\/?page_id=36\"},{\"@type\":\"ListItem\",\"position\":3,\"name\":\"EASY\"}]},{\"@type\":\"WebSite\",\"@id\":\"https:\/\/coffeelounge.delonghi.com\/fr-be\/#website\",\"url\":\"https:\/\/coffeelounge.delonghi.com\/fr-be\/\",\"name\":\"De&#039;Longhi\",\"description\":\"Coffee Lounge\",\"publisher\":{\"@id\":\"https:\/\/coffeelounge.delonghi.com\/fr-be\/#organization\"},\"potentialAction\":[{\"@type\":\"SearchAction\",\"target\":{\"@type\":\"EntryPoint\",\"urlTemplate\":\"https:\/\/coffeelounge.delonghi.com\/fr-be\/?s={search_term_string}\"},\"query-input\":{\"@type\":\"PropertyValueSpecification\",\"valueRequired\":true,\"valueName\":\"search_term_string\"}}],\"inLanguage\":\"fr-be\"},{\"@type\":\"Organization\",\"@id\":\"https:\/\/coffeelounge.delonghi.com\/fr-be\/#organization\",\"name\":\"De'Longhi Coffee Lounge\",\"url\":\"https:\/\/coffeelounge.delonghi.com\/fr-be\/\",\"logo\":{\"@type\":\"ImageObject\",\"inLanguage\":\"fr-be\",\"@id\":\"https:\/\/coffeelounge.delonghi.com\/fr-be\/#\/schema\/logo\/image\/\",\"url\":\"https:\/\/coffeelounge.delonghi.com\/wp-content\/uploads\/2020\/05\/delonghi-coffee-lounge-logo-nederland.png\",\"contentUrl\":\"https:\/\/coffeelounge.delonghi.com\/wp-content\/uploads\/2020\/05\/delonghi-coffee-lounge-logo-nederland.png\",\"width\":2337,\"height\":724,\"caption\":\"De'Longhi Coffee Lounge\"},\"image\":{\"@id\":\"https:\/\/coffeelounge.delonghi.com\/fr-be\/#\/schema\/logo\/image\/\"}}]}<\/script>\n<!-- \/ Yoast SEO Premium plugin. -->","yoast_head_json":{"title":"EASY | De&#039;Longhi","description":"Les grains de caf\u00e9 de qualit\u00e9 sup\u00e9rieure EASY de Mister Barish sont un m\u00e9lange frais et agr\u00e9able. Beurr\u00e9. Floral. Subtil. Il en r\u00e9sulte un caf\u00e9 tranquille, \u00e9quilibr\u00e9 et surtout d\u00e9licieux.","robots":{"index":"index","follow":"follow","max-snippet":"max-snippet:-1","max-image-preview":"max-image-preview:large","max-video-preview":"max-video-preview:-1"},"twitter_card":"summary_large_image","twitter_title":"EASY | De&#039;Longhi","twitter_description":"Les grains de caf\u00e9 de qualit\u00e9 sup\u00e9rieure EASY de Mister Barish sont un m\u00e9lange frais et agr\u00e9able. Beurr\u00e9. Floral. Subtil. Il en r\u00e9sulte un caf\u00e9 tranquille, \u00e9quilibr\u00e9 et surtout d\u00e9licieux.","twitter_image":"https:\/\/coffeelounge.delonghi.com\/wp-content\/uploads\/2025\/06\/easy.png","schema":{"@context":"https:\/\/schema.org","@graph":[{"@type":"WebPage","@id":"https:\/\/coffeelounge.delonghi.com\/fr-be\/product\/easy\/","url":"https:\/\/coffeelounge.delonghi.com\/fr-be\/product\/easy\/","name":"EASY | De&#039;Longhi","isPartOf":{"@id":"https:\/\/coffeelounge.delonghi.com\/fr-be\/#website"},"primaryImageOfPage":{"@id":"https:\/\/coffeelounge.delonghi.com\/fr-be\/product\/easy\/#primaryimage"},"image":{"@id":"https:\/\/coffeelounge.delonghi.com\/fr-be\/product\/easy\/#primaryimage"},"thumbnailUrl":"https:\/\/coffeelounge.delonghi.com\/wp-content\/uploads\/2025\/06\/easy.png","datePublished":"2025-06-10T12:35:17+00:00","dateModified":"2025-07-09T13:15:52+00:00","description":"Les grains de caf\u00e9 de qualit\u00e9 sup\u00e9rieure EASY de Mister Barish sont un m\u00e9lange frais et agr\u00e9able. Beurr\u00e9. Floral. Subtil. Il en r\u00e9sulte un caf\u00e9 tranquille, \u00e9quilibr\u00e9 et surtout d\u00e9licieux.","breadcrumb":{"@id":"https:\/\/coffeelounge.delonghi.com\/fr-be\/product\/easy\/#breadcrumb"},"inLanguage":"fr-be","potentialAction":[{"@type":"ReadAction","target":["https:\/\/coffeelounge.delonghi.com\/fr-be\/product\/easy\/"]}]},{"@type":"ImageObject","inLanguage":"fr-be","@id":"https:\/\/coffeelounge.delonghi.com\/fr-be\/product\/easy\/#primaryimage","url":"https:\/\/coffeelounge.delonghi.com\/wp-content\/uploads\/2025\/06\/easy.png","contentUrl":"https:\/\/coffeelounge.delonghi.com\/wp-content\/uploads\/2025\/06\/easy.png","width":1200,"height":1316},{"@type":"BreadcrumbList","@id":"https:\/\/coffeelounge.delonghi.com\/fr-be\/product\/easy\/#breadcrumb","itemListElement":[{"@type":"ListItem","position":1,"name":"Home","item":"https:\/\/coffeelounge.delonghi.com\/fr-be\/"},{"@type":"ListItem","position":2,"name":"Boutique","item":"https:\/\/coffeelounge.delonghi.com\/fr\/?page_id=36"},{"@type":"ListItem","position":3,"name":"EASY"}]},{"@type":"WebSite","@id":"https:\/\/coffeelounge.delonghi.com\/fr-be\/#website","url":"https:\/\/coffeelounge.delonghi.com\/fr-be\/","name":"De&#039;Longhi","description":"Coffee Lounge","publisher":{"@id":"https:\/\/coffeelounge.delonghi.com\/fr-be\/#organization"},"potentialAction":[{"@type":"SearchAction","target":{"@type":"EntryPoint","urlTemplate":"https:\/\/coffeelounge.delonghi.com\/fr-be\/?s={search_term_string}"},"query-input":{"@type":"PropertyValueSpecification","valueRequired":true,"valueName":"search_term_string"}}],"inLanguage":"fr-be"},{"@type":"Organization","@id":"https:\/\/coffeelounge.delonghi.com\/fr-be\/#organization","name":"De'Longhi Coffee Lounge","url":"https:\/\/coffeelounge.delonghi.com\/fr-be\/","logo":{"@type":"ImageObject","inLanguage":"fr-be","@id":"https:\/\/coffeelounge.delonghi.com\/fr-be\/#\/schema\/logo\/image\/","url":"https:\/\/coffeelounge.delonghi.com\/wp-content\/uploads\/2020\/05\/delonghi-coffee-lounge-logo-nederland.png","contentUrl":"https:\/\/coffeelounge.delonghi.com\/wp-content\/uploads\/2020\/05\/delonghi-coffee-lounge-logo-nederland.png","width":2337,"height":724,"caption":"De'Longhi Coffee Lounge"},"image":{"@id":"https:\/\/coffeelounge.delonghi.com\/fr-be\/#\/schema\/logo\/image\/"}}]}},"_links":{"self":[{"href":"https:\/\/coffeelounge.delonghi.com\/fr-be\/wp-json\/wp\/v2\/product\/433592","targetHints":{"allow":["GET"]}}],"collection":[{"href":"https:\/\/coffeelounge.delonghi.com\/fr-be\/wp-json\/wp\/v2\/product"}],"about":[{"href":"https:\/\/coffeelounge.delonghi.com\/fr-be\/wp-json\/wp\/v2\/types\/product"}],"replies":[{"embeddable":true,"href":"https:\/\/coffeelounge.delonghi.com\/fr-be\/wp-json\/wp\/v2\/comments?post=433592"}],"version-history":[{"count":7,"href":"https:\/\/coffeelounge.delonghi.com\/fr-be\/wp-json\/wp\/v2\/product\/433592\/revisions"}],"predecessor-version":[{"id":433597,"href":"https:\/\/coffeelounge.delonghi.com\/fr-be\/wp-json\/wp\/v2\/product\/433592\/revisions\/433597"}],"wp:featuredmedia":[{"embeddable":true,"href":"https:\/\/coffeelounge.delonghi.com\/fr-be\/wp-json\/wp\/v2\/media\/433468"}],"wp:attachment":[{"href":"https:\/\/coffeelounge.delonghi.com\/fr-be\/wp-json\/wp\/v2\/media?parent=433592"}],"wp:term":[{"taxonomy":"product_cat","embeddable":true,"href":"https:\/\/coffeelounge.delonghi.com\/fr-be\/wp-json\/wp\/v2\/product_cat?post=433592"},{"taxonomy":"product_tag","embeddable":true,"href":"https:\/\/coffeelounge.delonghi.com\/fr-be\/wp-json\/wp\/v2\/product_tag?post=433592"}],"curies":[{"name":"wp","href":"https:\/\/api.w.org\/{rel}","templated":true}]}}