{"id":433587,"date":"2025-06-10T12:12:35","date_gmt":"2025-06-10T12:12:35","guid":{"rendered":"https:\/\/coffeelounge.delonghi.com\/?post_type=product&#038;p=433587"},"modified":"2025-06-12T08:18:15","modified_gmt":"2025-06-12T08:18:15","slug":"pure","status":"publish","type":"product","link":"https:\/\/coffeelounge.delonghi.com\/fr-be\/product\/pure\/","title":{"rendered":"PURE"},"content":{"rendered":"<p>Les grains de caf\u00e9 PURE de Mister Barish sont un m\u00e9lange puissant. Notes de chocolat noir. Corps plein. Tons de fruits noirs. Finale \u00e9pic\u00e9e qui s&#8217;estompe agr\u00e9ablement. Pour les amateurs d&#8217;\u00e9pices, id\u00e9al pour un cappuccino, par exemple. Pour ceux qui aiment un peu plus d&#8217;\u00e9pices, le PURE convient comme espresso, caf\u00e9 normal, lungo ou americano. L&#8217;\u00e9pice rend \u00e9galement le m\u00e9lange id\u00e9al pour les caf\u00e9s au lait si vous aimez un cappuccino plus cors\u00e9, par exemple. Un solide m\u00e9lange polyvalent ! Les grains de caf\u00e9 sont sp\u00e9cialement s\u00e9lectionn\u00e9s et torr\u00e9fi\u00e9s pour \u00eatre utilis\u00e9s dans une machine \u00e0 expresso enti\u00e8rement automatique.<\/p>\n","protected":false},"excerpt":{"rendered":"<p>Les grains de caf\u00e9 PURE de Mister Barish sont un m\u00e9lange puissant. Notes de chocolat noir. Corps plein. Tons de fruits noirs. Finale \u00e9pic\u00e9e qui s&#8217;estompe agr\u00e9ablement. Pour les amateurs d&#8217;\u00e9pices, id\u00e9al pour un cappuccino, par exemple. Pour ceux qui aiment un peu plus d&#8217;\u00e9pices, le PURE convient comme espresso, caf\u00e9 normal, lungo ou americano. [&hellip;]<\/p>\n","protected":false},"featured_media":433448,"comment_status":"closed","ping_status":"closed","template":"","meta":{"_acf_changed":false},"product_cat":[477,478],"product_tag":[],"class_list":{"0":"post-433587","1":"product","2":"type-product","3":"status-publish","4":"has-post-thumbnail","6":"product_cat-tous-les-cafes","7":"product_cat-melanges-fr-be","9":"first","10":"instock","11":"taxable","12":"shipping-taxable","13":"purchasable","14":"product-type-variable"},"acf":[],"yoast_head":"<!-- This site is optimized with the Yoast SEO Premium plugin v24.5 (Yoast SEO v24.5) - https:\/\/yoast.com\/wordpress\/plugins\/seo\/ -->\n<title>PURE | De&#039;Longhi<\/title>\n<meta name=\"description\" content=\"Les grains de caf\u00e9 de qualit\u00e9 sup\u00e9rieure RAW de Mister Barish sont un m\u00e9lange au corps agr\u00e9able. Avec une acidit\u00e9 fra\u00eeche au premier contact.\" \/>\n<meta name=\"robots\" content=\"index, follow, max-snippet:-1, max-image-preview:large, max-video-preview:-1\" \/>\n<meta name=\"twitter:card\" content=\"summary_large_image\" \/>\n<meta name=\"twitter:title\" content=\"PURE | De&#039;Longhi\" \/>\n<meta name=\"twitter:description\" content=\"Les grains de caf\u00e9 de qualit\u00e9 sup\u00e9rieure RAW de Mister Barish sont un m\u00e9lange au corps agr\u00e9able. Avec une acidit\u00e9 fra\u00eeche au premier contact.\" \/>\n<meta name=\"twitter:image\" content=\"https:\/\/coffeelounge.delonghi.com\/wp-content\/uploads\/2025\/06\/pure.png\" \/>\n<script type=\"application\/ld+json\" class=\"yoast-schema-graph\">{\"@context\":\"https:\/\/schema.org\",\"@graph\":[{\"@type\":\"WebPage\",\"@id\":\"https:\/\/coffeelounge.delonghi.com\/fr-be\/product\/pure\/\",\"url\":\"https:\/\/coffeelounge.delonghi.com\/fr-be\/product\/pure\/\",\"name\":\"PURE | De&#039;Longhi\",\"isPartOf\":{\"@id\":\"https:\/\/coffeelounge.delonghi.com\/fr-be\/#website\"},\"primaryImageOfPage\":{\"@id\":\"https:\/\/coffeelounge.delonghi.com\/fr-be\/product\/pure\/#primaryimage\"},\"image\":{\"@id\":\"https:\/\/coffeelounge.delonghi.com\/fr-be\/product\/pure\/#primaryimage\"},\"thumbnailUrl\":\"https:\/\/coffeelounge.delonghi.com\/wp-content\/uploads\/2025\/06\/pure.png\",\"datePublished\":\"2025-06-10T12:12:35+00:00\",\"dateModified\":\"2025-06-12T08:18:15+00:00\",\"description\":\"Les grains de caf\u00e9 de qualit\u00e9 sup\u00e9rieure RAW de Mister Barish sont un m\u00e9lange au corps agr\u00e9able. Avec une acidit\u00e9 fra\u00eeche au premier contact.\",\"breadcrumb\":{\"@id\":\"https:\/\/coffeelounge.delonghi.com\/fr-be\/product\/pure\/#breadcrumb\"},\"inLanguage\":\"fr-be\",\"potentialAction\":[{\"@type\":\"ReadAction\",\"target\":[\"https:\/\/coffeelounge.delonghi.com\/fr-be\/product\/pure\/\"]}]},{\"@type\":\"ImageObject\",\"inLanguage\":\"fr-be\",\"@id\":\"https:\/\/coffeelounge.delonghi.com\/fr-be\/product\/pure\/#primaryimage\",\"url\":\"https:\/\/coffeelounge.delonghi.com\/wp-content\/uploads\/2025\/06\/pure.png\",\"contentUrl\":\"https:\/\/coffeelounge.delonghi.com\/wp-content\/uploads\/2025\/06\/pure.png\",\"width\":1200,\"height\":1316},{\"@type\":\"BreadcrumbList\",\"@id\":\"https:\/\/coffeelounge.delonghi.com\/fr-be\/product\/pure\/#breadcrumb\",\"itemListElement\":[{\"@type\":\"ListItem\",\"position\":1,\"name\":\"Home\",\"item\":\"https:\/\/coffeelounge.delonghi.com\/fr-be\/\"},{\"@type\":\"ListItem\",\"position\":2,\"name\":\"Boutique\",\"item\":\"https:\/\/coffeelounge.delonghi.com\/fr\/?page_id=36\"},{\"@type\":\"ListItem\",\"position\":3,\"name\":\"PURE\"}]},{\"@type\":\"WebSite\",\"@id\":\"https:\/\/coffeelounge.delonghi.com\/fr-be\/#website\",\"url\":\"https:\/\/coffeelounge.delonghi.com\/fr-be\/\",\"name\":\"De&#039;Longhi\",\"description\":\"Coffee Lounge\",\"publisher\":{\"@id\":\"https:\/\/coffeelounge.delonghi.com\/fr-be\/#organization\"},\"potentialAction\":[{\"@type\":\"SearchAction\",\"target\":{\"@type\":\"EntryPoint\",\"urlTemplate\":\"https:\/\/coffeelounge.delonghi.com\/fr-be\/?s={search_term_string}\"},\"query-input\":{\"@type\":\"PropertyValueSpecification\",\"valueRequired\":true,\"valueName\":\"search_term_string\"}}],\"inLanguage\":\"fr-be\"},{\"@type\":\"Organization\",\"@id\":\"https:\/\/coffeelounge.delonghi.com\/fr-be\/#organization\",\"name\":\"De'Longhi Coffee Lounge\",\"url\":\"https:\/\/coffeelounge.delonghi.com\/fr-be\/\",\"logo\":{\"@type\":\"ImageObject\",\"inLanguage\":\"fr-be\",\"@id\":\"https:\/\/coffeelounge.delonghi.com\/fr-be\/#\/schema\/logo\/image\/\",\"url\":\"https:\/\/coffeelounge.delonghi.com\/wp-content\/uploads\/2020\/05\/delonghi-coffee-lounge-logo-nederland.png\",\"contentUrl\":\"https:\/\/coffeelounge.delonghi.com\/wp-content\/uploads\/2020\/05\/delonghi-coffee-lounge-logo-nederland.png\",\"width\":2337,\"height\":724,\"caption\":\"De'Longhi Coffee Lounge\"},\"image\":{\"@id\":\"https:\/\/coffeelounge.delonghi.com\/fr-be\/#\/schema\/logo\/image\/\"}}]}<\/script>\n<!-- \/ Yoast SEO Premium plugin. -->","yoast_head_json":{"title":"PURE | De&#039;Longhi","description":"Les grains de caf\u00e9 de qualit\u00e9 sup\u00e9rieure RAW de Mister Barish sont un m\u00e9lange au corps agr\u00e9able. Avec une acidit\u00e9 fra\u00eeche au premier contact.","robots":{"index":"index","follow":"follow","max-snippet":"max-snippet:-1","max-image-preview":"max-image-preview:large","max-video-preview":"max-video-preview:-1"},"twitter_card":"summary_large_image","twitter_title":"PURE | De&#039;Longhi","twitter_description":"Les grains de caf\u00e9 de qualit\u00e9 sup\u00e9rieure RAW de Mister Barish sont un m\u00e9lange au corps agr\u00e9able. Avec une acidit\u00e9 fra\u00eeche au premier contact.","twitter_image":"https:\/\/coffeelounge.delonghi.com\/wp-content\/uploads\/2025\/06\/pure.png","schema":{"@context":"https:\/\/schema.org","@graph":[{"@type":"WebPage","@id":"https:\/\/coffeelounge.delonghi.com\/fr-be\/product\/pure\/","url":"https:\/\/coffeelounge.delonghi.com\/fr-be\/product\/pure\/","name":"PURE | De&#039;Longhi","isPartOf":{"@id":"https:\/\/coffeelounge.delonghi.com\/fr-be\/#website"},"primaryImageOfPage":{"@id":"https:\/\/coffeelounge.delonghi.com\/fr-be\/product\/pure\/#primaryimage"},"image":{"@id":"https:\/\/coffeelounge.delonghi.com\/fr-be\/product\/pure\/#primaryimage"},"thumbnailUrl":"https:\/\/coffeelounge.delonghi.com\/wp-content\/uploads\/2025\/06\/pure.png","datePublished":"2025-06-10T12:12:35+00:00","dateModified":"2025-06-12T08:18:15+00:00","description":"Les grains de caf\u00e9 de qualit\u00e9 sup\u00e9rieure RAW de Mister Barish sont un m\u00e9lange au corps agr\u00e9able. Avec une acidit\u00e9 fra\u00eeche au premier contact.","breadcrumb":{"@id":"https:\/\/coffeelounge.delonghi.com\/fr-be\/product\/pure\/#breadcrumb"},"inLanguage":"fr-be","potentialAction":[{"@type":"ReadAction","target":["https:\/\/coffeelounge.delonghi.com\/fr-be\/product\/pure\/"]}]},{"@type":"ImageObject","inLanguage":"fr-be","@id":"https:\/\/coffeelounge.delonghi.com\/fr-be\/product\/pure\/#primaryimage","url":"https:\/\/coffeelounge.delonghi.com\/wp-content\/uploads\/2025\/06\/pure.png","contentUrl":"https:\/\/coffeelounge.delonghi.com\/wp-content\/uploads\/2025\/06\/pure.png","width":1200,"height":1316},{"@type":"BreadcrumbList","@id":"https:\/\/coffeelounge.delonghi.com\/fr-be\/product\/pure\/#breadcrumb","itemListElement":[{"@type":"ListItem","position":1,"name":"Home","item":"https:\/\/coffeelounge.delonghi.com\/fr-be\/"},{"@type":"ListItem","position":2,"name":"Boutique","item":"https:\/\/coffeelounge.delonghi.com\/fr\/?page_id=36"},{"@type":"ListItem","position":3,"name":"PURE"}]},{"@type":"WebSite","@id":"https:\/\/coffeelounge.delonghi.com\/fr-be\/#website","url":"https:\/\/coffeelounge.delonghi.com\/fr-be\/","name":"De&#039;Longhi","description":"Coffee Lounge","publisher":{"@id":"https:\/\/coffeelounge.delonghi.com\/fr-be\/#organization"},"potentialAction":[{"@type":"SearchAction","target":{"@type":"EntryPoint","urlTemplate":"https:\/\/coffeelounge.delonghi.com\/fr-be\/?s={search_term_string}"},"query-input":{"@type":"PropertyValueSpecification","valueRequired":true,"valueName":"search_term_string"}}],"inLanguage":"fr-be"},{"@type":"Organization","@id":"https:\/\/coffeelounge.delonghi.com\/fr-be\/#organization","name":"De'Longhi Coffee Lounge","url":"https:\/\/coffeelounge.delonghi.com\/fr-be\/","logo":{"@type":"ImageObject","inLanguage":"fr-be","@id":"https:\/\/coffeelounge.delonghi.com\/fr-be\/#\/schema\/logo\/image\/","url":"https:\/\/coffeelounge.delonghi.com\/wp-content\/uploads\/2020\/05\/delonghi-coffee-lounge-logo-nederland.png","contentUrl":"https:\/\/coffeelounge.delonghi.com\/wp-content\/uploads\/2020\/05\/delonghi-coffee-lounge-logo-nederland.png","width":2337,"height":724,"caption":"De'Longhi Coffee Lounge"},"image":{"@id":"https:\/\/coffeelounge.delonghi.com\/fr-be\/#\/schema\/logo\/image\/"}}]}},"_links":{"self":[{"href":"https:\/\/coffeelounge.delonghi.com\/fr-be\/wp-json\/wp\/v2\/product\/433587","targetHints":{"allow":["GET"]}}],"collection":[{"href":"https:\/\/coffeelounge.delonghi.com\/fr-be\/wp-json\/wp\/v2\/product"}],"about":[{"href":"https:\/\/coffeelounge.delonghi.com\/fr-be\/wp-json\/wp\/v2\/types\/product"}],"replies":[{"embeddable":true,"href":"https:\/\/coffeelounge.delonghi.com\/fr-be\/wp-json\/wp\/v2\/comments?post=433587"}],"version-history":[{"count":4,"href":"https:\/\/coffeelounge.delonghi.com\/fr-be\/wp-json\/wp\/v2\/product\/433587\/revisions"}],"predecessor-version":[{"id":433650,"href":"https:\/\/coffeelounge.delonghi.com\/fr-be\/wp-json\/wp\/v2\/product\/433587\/revisions\/433650"}],"wp:featuredmedia":[{"embeddable":true,"href":"https:\/\/coffeelounge.delonghi.com\/fr-be\/wp-json\/wp\/v2\/media\/433448"}],"wp:attachment":[{"href":"https:\/\/coffeelounge.delonghi.com\/fr-be\/wp-json\/wp\/v2\/media?parent=433587"}],"wp:term":[{"taxonomy":"product_cat","embeddable":true,"href":"https:\/\/coffeelounge.delonghi.com\/fr-be\/wp-json\/wp\/v2\/product_cat?post=433587"},{"taxonomy":"product_tag","embeddable":true,"href":"https:\/\/coffeelounge.delonghi.com\/fr-be\/wp-json\/wp\/v2\/product_tag?post=433587"}],"curies":[{"name":"wp","href":"https:\/\/api.w.org\/{rel}","templated":true}]}}