{"id":413916,"date":"2024-02-13T15:53:33","date_gmt":"2024-02-13T15:53:33","guid":{"rendered":"https:\/\/coffeelounge.delonghi.com\/?post_type=product&#038;p=413916"},"modified":"2024-03-04T14:27:57","modified_gmt":"2024-03-04T14:27:57","slug":"colombia-geisha-maceration-carbonique","status":"publish","type":"product","link":"https:\/\/coffeelounge.delonghi.com\/fr-be\/product\/colombia-geisha-maceration-carbonique\/","title":{"rendered":"Colombia Geisha &#8211; Mac\u00e9ration carbonique"},"content":{"rendered":"<p>Ce lot d&#8217;exception de la Finca Puerto Alegre (r\u00e9gion Quindio en Colombie) est cultiv\u00e9 dans les montagnes entourant la ville de Pijao \u00e0 1450 m d&#8217;altitude. Il pousse principalement \u00e0 l&#8217;ombre de petits arbres tropicaux nomm\u00e9s Leucaena, une plante qui perd son feuillage plusieurs fois par an, une bonne source de fertilisant naturel pour les caf\u00e9iers. La nouvelle g\u00e9n\u00e9ration de producteur de la famille Lopez, propri\u00e9taire de ces plantations, a mis en place de nombreuses proc\u00e9dures pour am\u00e9liorer la qualit\u00e9 des caf\u00e9s en remettant en cause chaque \u00e9tape de la production et en investissant dans les infrastructures et l&#8217;innovation.<br \/>\nLes cerises sont r\u00e9colt\u00e9es \u00e0 la main par des cueilleurs qui utilisent un r\u00e9fractom\u00e8tre pour s&#8217;assurer qu&#8217;elles sont \u00e0 parfaite maturit\u00e9. Elles subissent ensuite une mac\u00e9ration carbonique qui dure entre 60 \u00e0 72h dans des barils herm\u00e9tiques. La temp\u00e9rature est maintenue entre 15 et 17\u00b0C durant tout le process. La mac\u00e9ration carbonique doit \u00eatre r\u00e9alis\u00e9e avec beaucoup de soin et de ma\u00eetrise, l&#8217;objectif \u00e9tant que la pression cr\u00e9\u00e9e par le CO\u00b2 permette un transfert des ar\u00f4mes du fruit en fermentation vers la parche, cr\u00e9ant ainsi des ar\u00f4mes plus durables et plus intenses.<br \/>\nLa tasse regorge de notes fruit\u00e9es et florales complexes, des saveurs typiques de la fameuse vari\u00e9t\u00e9 de caf\u00e9 Gesha, intensifi\u00e9 par le processus de mac\u00e9ration carbonique. Ultra gourmande, elle laisse en bouche une d\u00e9licieuse douceur de miel.<\/p>\n","protected":false},"excerpt":{"rendered":"<p>Ce lot d&#8217;exception de la Finca Puerto Alegre (r\u00e9gion Quindio en Colombie) est cultiv\u00e9 dans les montagnes entourant la ville de Pijao \u00e0 1450 m d&#8217;altitude. Il pousse principalement \u00e0 l&#8217;ombre de petits arbres tropicaux nomm\u00e9s Leucaena, une plante qui perd son feuillage plusieurs fois par an, une bonne source de fertilisant naturel pour les [&hellip;]<\/p>\n","protected":false},"featured_media":416760,"comment_status":"closed","ping_status":"closed","template":"","meta":{"_acf_changed":false},"product_cat":[477,479],"product_tag":[],"class_list":{"0":"post-413916","1":"product","2":"type-product","3":"status-publish","4":"has-post-thumbnail","6":"product_cat-tous-les-cafes","7":"product_cat-pure-origine","9":"first","10":"instock","11":"taxable","12":"shipping-taxable","13":"purchasable","14":"product-type-variable"},"acf":[],"yoast_head":"<!-- This site is optimized with the Yoast SEO Premium plugin v24.5 (Yoast SEO v24.5) - https:\/\/yoast.com\/wordpress\/plugins\/seo\/ -->\n<title>Colombia Geisha - Mac\u00e9ration carbonique | De&#039;Longhi<\/title>\n<meta name=\"description\" content=\"Savourez ce caf\u00e9 d\u00e9licieusement \u00e9quilibr\u00e9 et cors\u00e9 aux notes florales, produit par le torr\u00e9facteur Corica.\" \/>\n<meta name=\"robots\" content=\"index, follow, max-snippet:-1, max-image-preview:large, max-video-preview:-1\" \/>\n<meta name=\"twitter:card\" content=\"summary_large_image\" \/>\n<meta name=\"twitter:title\" content=\"Colombia Geisha - Mac\u00e9ration carbonique | De&#039;Longhi\" \/>\n<meta name=\"twitter:description\" content=\"Savourez ce caf\u00e9 d\u00e9licieusement \u00e9quilibr\u00e9 et cors\u00e9 aux notes florales, produit par le torr\u00e9facteur Corica.\" \/>\n<meta name=\"twitter:image\" content=\"https:\/\/coffeelounge.delonghi.com\/wp-content\/uploads\/2024\/02\/Colombia_geisha.png\" \/>\n<script type=\"application\/ld+json\" class=\"yoast-schema-graph\">{\"@context\":\"https:\/\/schema.org\",\"@graph\":[{\"@type\":\"WebPage\",\"@id\":\"https:\/\/coffeelounge.delonghi.com\/fr-be\/product\/colombia-geisha-maceration-carbonique\/\",\"url\":\"https:\/\/coffeelounge.delonghi.com\/fr-be\/product\/colombia-geisha-maceration-carbonique\/\",\"name\":\"Colombia Geisha - Mac\u00e9ration carbonique | De&#039;Longhi\",\"isPartOf\":{\"@id\":\"https:\/\/coffeelounge.delonghi.com\/fr-be\/#website\"},\"primaryImageOfPage\":{\"@id\":\"https:\/\/coffeelounge.delonghi.com\/fr-be\/product\/colombia-geisha-maceration-carbonique\/#primaryimage\"},\"image\":{\"@id\":\"https:\/\/coffeelounge.delonghi.com\/fr-be\/product\/colombia-geisha-maceration-carbonique\/#primaryimage\"},\"thumbnailUrl\":\"https:\/\/coffeelounge.delonghi.com\/wp-content\/uploads\/2024\/02\/Colombia_geisha.png\",\"datePublished\":\"2024-02-13T15:53:33+00:00\",\"dateModified\":\"2024-03-04T14:27:57+00:00\",\"description\":\"Savourez ce caf\u00e9 d\u00e9licieusement \u00e9quilibr\u00e9 et cors\u00e9 aux notes florales, produit par le torr\u00e9facteur Corica.\",\"breadcrumb\":{\"@id\":\"https:\/\/coffeelounge.delonghi.com\/fr-be\/product\/colombia-geisha-maceration-carbonique\/#breadcrumb\"},\"inLanguage\":\"fr-be\",\"potentialAction\":[{\"@type\":\"ReadAction\",\"target\":[\"https:\/\/coffeelounge.delonghi.com\/fr-be\/product\/colombia-geisha-maceration-carbonique\/\"]}]},{\"@type\":\"ImageObject\",\"inLanguage\":\"fr-be\",\"@id\":\"https:\/\/coffeelounge.delonghi.com\/fr-be\/product\/colombia-geisha-maceration-carbonique\/#primaryimage\",\"url\":\"https:\/\/coffeelounge.delonghi.com\/wp-content\/uploads\/2024\/02\/Colombia_geisha.png\",\"contentUrl\":\"https:\/\/coffeelounge.delonghi.com\/wp-content\/uploads\/2024\/02\/Colombia_geisha.png\",\"width\":466,\"height\":535},{\"@type\":\"BreadcrumbList\",\"@id\":\"https:\/\/coffeelounge.delonghi.com\/fr-be\/product\/colombia-geisha-maceration-carbonique\/#breadcrumb\",\"itemListElement\":[{\"@type\":\"ListItem\",\"position\":1,\"name\":\"Home\",\"item\":\"https:\/\/coffeelounge.delonghi.com\/fr-be\/\"},{\"@type\":\"ListItem\",\"position\":2,\"name\":\"Boutique\",\"item\":\"https:\/\/coffeelounge.delonghi.com\/fr\/?page_id=36\"},{\"@type\":\"ListItem\",\"position\":3,\"name\":\"Colombia Geisha &#8211; Mac\u00e9ration carbonique\"}]},{\"@type\":\"WebSite\",\"@id\":\"https:\/\/coffeelounge.delonghi.com\/fr-be\/#website\",\"url\":\"https:\/\/coffeelounge.delonghi.com\/fr-be\/\",\"name\":\"De&#039;Longhi\",\"description\":\"Coffee Lounge\",\"publisher\":{\"@id\":\"https:\/\/coffeelounge.delonghi.com\/fr-be\/#organization\"},\"potentialAction\":[{\"@type\":\"SearchAction\",\"target\":{\"@type\":\"EntryPoint\",\"urlTemplate\":\"https:\/\/coffeelounge.delonghi.com\/fr-be\/?s={search_term_string}\"},\"query-input\":{\"@type\":\"PropertyValueSpecification\",\"valueRequired\":true,\"valueName\":\"search_term_string\"}}],\"inLanguage\":\"fr-be\"},{\"@type\":\"Organization\",\"@id\":\"https:\/\/coffeelounge.delonghi.com\/fr-be\/#organization\",\"name\":\"De'Longhi Coffee Lounge\",\"url\":\"https:\/\/coffeelounge.delonghi.com\/fr-be\/\",\"logo\":{\"@type\":\"ImageObject\",\"inLanguage\":\"fr-be\",\"@id\":\"https:\/\/coffeelounge.delonghi.com\/fr-be\/#\/schema\/logo\/image\/\",\"url\":\"https:\/\/coffeelounge.delonghi.com\/wp-content\/uploads\/2020\/05\/delonghi-coffee-lounge-logo-nederland.png\",\"contentUrl\":\"https:\/\/coffeelounge.delonghi.com\/wp-content\/uploads\/2020\/05\/delonghi-coffee-lounge-logo-nederland.png\",\"width\":2337,\"height\":724,\"caption\":\"De'Longhi Coffee Lounge\"},\"image\":{\"@id\":\"https:\/\/coffeelounge.delonghi.com\/fr-be\/#\/schema\/logo\/image\/\"}}]}<\/script>\n<!-- \/ Yoast SEO Premium plugin. -->","yoast_head_json":{"title":"Colombia Geisha - Mac\u00e9ration carbonique | De&#039;Longhi","description":"Savourez ce caf\u00e9 d\u00e9licieusement \u00e9quilibr\u00e9 et cors\u00e9 aux notes florales, produit par le torr\u00e9facteur Corica.","robots":{"index":"index","follow":"follow","max-snippet":"max-snippet:-1","max-image-preview":"max-image-preview:large","max-video-preview":"max-video-preview:-1"},"twitter_card":"summary_large_image","twitter_title":"Colombia Geisha - Mac\u00e9ration carbonique | De&#039;Longhi","twitter_description":"Savourez ce caf\u00e9 d\u00e9licieusement \u00e9quilibr\u00e9 et cors\u00e9 aux notes florales, produit par le torr\u00e9facteur Corica.","twitter_image":"https:\/\/coffeelounge.delonghi.com\/wp-content\/uploads\/2024\/02\/Colombia_geisha.png","schema":{"@context":"https:\/\/schema.org","@graph":[{"@type":"WebPage","@id":"https:\/\/coffeelounge.delonghi.com\/fr-be\/product\/colombia-geisha-maceration-carbonique\/","url":"https:\/\/coffeelounge.delonghi.com\/fr-be\/product\/colombia-geisha-maceration-carbonique\/","name":"Colombia Geisha - Mac\u00e9ration carbonique | De&#039;Longhi","isPartOf":{"@id":"https:\/\/coffeelounge.delonghi.com\/fr-be\/#website"},"primaryImageOfPage":{"@id":"https:\/\/coffeelounge.delonghi.com\/fr-be\/product\/colombia-geisha-maceration-carbonique\/#primaryimage"},"image":{"@id":"https:\/\/coffeelounge.delonghi.com\/fr-be\/product\/colombia-geisha-maceration-carbonique\/#primaryimage"},"thumbnailUrl":"https:\/\/coffeelounge.delonghi.com\/wp-content\/uploads\/2024\/02\/Colombia_geisha.png","datePublished":"2024-02-13T15:53:33+00:00","dateModified":"2024-03-04T14:27:57+00:00","description":"Savourez ce caf\u00e9 d\u00e9licieusement \u00e9quilibr\u00e9 et cors\u00e9 aux notes florales, produit par le torr\u00e9facteur Corica.","breadcrumb":{"@id":"https:\/\/coffeelounge.delonghi.com\/fr-be\/product\/colombia-geisha-maceration-carbonique\/#breadcrumb"},"inLanguage":"fr-be","potentialAction":[{"@type":"ReadAction","target":["https:\/\/coffeelounge.delonghi.com\/fr-be\/product\/colombia-geisha-maceration-carbonique\/"]}]},{"@type":"ImageObject","inLanguage":"fr-be","@id":"https:\/\/coffeelounge.delonghi.com\/fr-be\/product\/colombia-geisha-maceration-carbonique\/#primaryimage","url":"https:\/\/coffeelounge.delonghi.com\/wp-content\/uploads\/2024\/02\/Colombia_geisha.png","contentUrl":"https:\/\/coffeelounge.delonghi.com\/wp-content\/uploads\/2024\/02\/Colombia_geisha.png","width":466,"height":535},{"@type":"BreadcrumbList","@id":"https:\/\/coffeelounge.delonghi.com\/fr-be\/product\/colombia-geisha-maceration-carbonique\/#breadcrumb","itemListElement":[{"@type":"ListItem","position":1,"name":"Home","item":"https:\/\/coffeelounge.delonghi.com\/fr-be\/"},{"@type":"ListItem","position":2,"name":"Boutique","item":"https:\/\/coffeelounge.delonghi.com\/fr\/?page_id=36"},{"@type":"ListItem","position":3,"name":"Colombia Geisha &#8211; Mac\u00e9ration carbonique"}]},{"@type":"WebSite","@id":"https:\/\/coffeelounge.delonghi.com\/fr-be\/#website","url":"https:\/\/coffeelounge.delonghi.com\/fr-be\/","name":"De&#039;Longhi","description":"Coffee Lounge","publisher":{"@id":"https:\/\/coffeelounge.delonghi.com\/fr-be\/#organization"},"potentialAction":[{"@type":"SearchAction","target":{"@type":"EntryPoint","urlTemplate":"https:\/\/coffeelounge.delonghi.com\/fr-be\/?s={search_term_string}"},"query-input":{"@type":"PropertyValueSpecification","valueRequired":true,"valueName":"search_term_string"}}],"inLanguage":"fr-be"},{"@type":"Organization","@id":"https:\/\/coffeelounge.delonghi.com\/fr-be\/#organization","name":"De'Longhi Coffee Lounge","url":"https:\/\/coffeelounge.delonghi.com\/fr-be\/","logo":{"@type":"ImageObject","inLanguage":"fr-be","@id":"https:\/\/coffeelounge.delonghi.com\/fr-be\/#\/schema\/logo\/image\/","url":"https:\/\/coffeelounge.delonghi.com\/wp-content\/uploads\/2020\/05\/delonghi-coffee-lounge-logo-nederland.png","contentUrl":"https:\/\/coffeelounge.delonghi.com\/wp-content\/uploads\/2020\/05\/delonghi-coffee-lounge-logo-nederland.png","width":2337,"height":724,"caption":"De'Longhi Coffee Lounge"},"image":{"@id":"https:\/\/coffeelounge.delonghi.com\/fr-be\/#\/schema\/logo\/image\/"}}]}},"_links":{"self":[{"href":"https:\/\/coffeelounge.delonghi.com\/fr-be\/wp-json\/wp\/v2\/product\/413916","targetHints":{"allow":["GET"]}}],"collection":[{"href":"https:\/\/coffeelounge.delonghi.com\/fr-be\/wp-json\/wp\/v2\/product"}],"about":[{"href":"https:\/\/coffeelounge.delonghi.com\/fr-be\/wp-json\/wp\/v2\/types\/product"}],"replies":[{"embeddable":true,"href":"https:\/\/coffeelounge.delonghi.com\/fr-be\/wp-json\/wp\/v2\/comments?post=413916"}],"version-history":[{"count":5,"href":"https:\/\/coffeelounge.delonghi.com\/fr-be\/wp-json\/wp\/v2\/product\/413916\/revisions"}],"predecessor-version":[{"id":422318,"href":"https:\/\/coffeelounge.delonghi.com\/fr-be\/wp-json\/wp\/v2\/product\/413916\/revisions\/422318"}],"wp:featuredmedia":[{"embeddable":true,"href":"https:\/\/coffeelounge.delonghi.com\/fr-be\/wp-json\/wp\/v2\/media\/416760"}],"wp:attachment":[{"href":"https:\/\/coffeelounge.delonghi.com\/fr-be\/wp-json\/wp\/v2\/media?parent=413916"}],"wp:term":[{"taxonomy":"product_cat","embeddable":true,"href":"https:\/\/coffeelounge.delonghi.com\/fr-be\/wp-json\/wp\/v2\/product_cat?post=413916"},{"taxonomy":"product_tag","embeddable":true,"href":"https:\/\/coffeelounge.delonghi.com\/fr-be\/wp-json\/wp\/v2\/product_tag?post=413916"}],"curies":[{"name":"wp","href":"https:\/\/api.w.org\/{rel}","templated":true}]}}