{"id":383416,"date":"2023-04-27T15:12:57","date_gmt":"2023-04-27T15:12:57","guid":{"rendered":"https:\/\/coffeelounge.delonghi.com\/?post_type=product&#038;p=383416"},"modified":"2024-03-04T14:27:02","modified_gmt":"2024-03-04T14:27:02","slug":"sumatra-mandheling-bio","status":"publish","type":"product","link":"https:\/\/coffeelounge.delonghi.com\/fr-be\/product\/sumatra-mandheling-bio\/","title":{"rendered":"Sumatra Mandheling BIO*"},"content":{"rendered":"<p>L&#8217;histoire du caf\u00e9 en Indon\u00e9sie remonte au XVIIe si\u00e8cle et est \u00e9troitement li\u00e9e au pass\u00e9 colonial de l&#8217;archipel. Depuis l&#8217;importation des premiers grains de caf\u00e9 par les Hollandais en 1699, l&#8217;Indon\u00e9sie est devenue un march\u00e9 important. Le pays produit de nombreux grands crus exquis et est devenu le quatri\u00e8me producteur de caf\u00e9 au monde. Ce caf\u00e9 particulier provient de la province d&#8217;Aceh. Les conditions climatiques y sont id\u00e9ales pour la culture du caf\u00e9 en termes de temp\u00e9rature (environ 20\u00b0 toute l&#8217;ann\u00e9e) et de pr\u00e9cipitations. Les grains sont pr\u00e9par\u00e9s selon la m\u00e9thode dite &#8220;Wet Hulled&#8221;, une m\u00e9thode de pr\u00e9paration traditionnelle de Sumatra. En outre, ils sont \u00e9galement issus de l&#8217;agriculture biologique certifi\u00e9e.<br \/>\nD\u00e8s leur cueillette, les baies sont d\u00e9pulp\u00e9es par le producteur, puis ferment\u00e9es dans des sacs pendant la nuit. Elles sont ensuite rinc\u00e9es le lendemain matin. En raison du degr\u00e9 d&#8217;humidit\u00e9 et des pr\u00e9cipitations r\u00e9guli\u00e8res dans cette r\u00e9gion, les grains ne peuvent pas s\u00e9cher efficacement. Lorsque la parche est retir\u00e9e, le caf\u00e9 a encore un taux d&#8217;humidit\u00e9 d&#8217;environ 17-18%. Ensuite, les grains sont s\u00e9ch\u00e9s dans un entrep\u00f4t avant d&#8217;\u00eatre exp\u00e9di\u00e9s.<br \/>\nPour ce caf\u00e9, nous avons choisi une torr\u00e9faction moyenne \u00e0 fonc\u00e9e. Cela conf\u00e8re au caf\u00e9 une belle intensit\u00e9, un corps rond et sirupeux, une d\u00e9licieuse amertume et d&#8217;agr\u00e9ables notes de tabac, de beurre et de vanille.<\/p>\n","protected":false},"excerpt":{"rendered":"<p>L&#8217;histoire du caf\u00e9 en Indon\u00e9sie remonte au XVIIe si\u00e8cle et est \u00e9troitement li\u00e9e au pass\u00e9 colonial de l&#8217;archipel. Depuis l&#8217;importation des premiers grains de caf\u00e9 par les Hollandais en 1699, l&#8217;Indon\u00e9sie est devenue un march\u00e9 important. Le pays produit de nombreux grands crus exquis et est devenu le quatri\u00e8me producteur de caf\u00e9 au monde. Ce [&hellip;]<\/p>\n","protected":false},"featured_media":417135,"comment_status":"closed","ping_status":"closed","template":"","meta":{"_acf_changed":false},"product_cat":[477,479],"product_tag":[],"class_list":{"0":"post-383416","1":"product","2":"type-product","3":"status-publish","4":"has-post-thumbnail","6":"product_cat-tous-les-cafes","7":"product_cat-pure-origine","9":"first","10":"instock","11":"taxable","12":"shipping-taxable","13":"purchasable","14":"product-type-variable"},"acf":[],"yoast_head":"<!-- This site is optimized with the Yoast SEO Premium plugin v24.5 (Yoast SEO v24.5) - https:\/\/yoast.com\/wordpress\/plugins\/seo\/ -->\n<title>Sumatra Mandheling BIO* | De&#039;Longhi<\/title>\n<meta name=\"description\" content=\"Une belle intensit\u00e9, un corps rond et sirupeux, une d\u00e9licieuse amertume et d&#039;agr\u00e9ables notes de tabac, de beurre et de vanille\" \/>\n<meta name=\"robots\" content=\"index, follow, max-snippet:-1, max-image-preview:large, max-video-preview:-1\" \/>\n<meta name=\"twitter:card\" content=\"summary_large_image\" \/>\n<meta name=\"twitter:title\" content=\"Sumatra Mandheling BIO* | De&#039;Longhi\" \/>\n<meta name=\"twitter:description\" content=\"Une belle intensit\u00e9, un corps rond et sirupeux, une d\u00e9licieuse amertume et d&#039;agr\u00e9ables notes de tabac, de beurre et de vanille\" \/>\n<meta name=\"twitter:image\" content=\"https:\/\/coffeelounge.delonghi.com\/wp-content\/uploads\/2023\/04\/sumatra_mandheling_bio.png\" \/>\n<script type=\"application\/ld+json\" class=\"yoast-schema-graph\">{\"@context\":\"https:\/\/schema.org\",\"@graph\":[{\"@type\":\"WebPage\",\"@id\":\"https:\/\/coffeelounge.delonghi.com\/fr-be\/product\/sumatra-mandheling-bio\/\",\"url\":\"https:\/\/coffeelounge.delonghi.com\/fr-be\/product\/sumatra-mandheling-bio\/\",\"name\":\"Sumatra Mandheling BIO* | De&#039;Longhi\",\"isPartOf\":{\"@id\":\"https:\/\/coffeelounge.delonghi.com\/fr-be\/#website\"},\"primaryImageOfPage\":{\"@id\":\"https:\/\/coffeelounge.delonghi.com\/fr-be\/product\/sumatra-mandheling-bio\/#primaryimage\"},\"image\":{\"@id\":\"https:\/\/coffeelounge.delonghi.com\/fr-be\/product\/sumatra-mandheling-bio\/#primaryimage\"},\"thumbnailUrl\":\"https:\/\/coffeelounge.delonghi.com\/wp-content\/uploads\/2023\/04\/sumatra_mandheling_bio.png\",\"datePublished\":\"2023-04-27T15:12:57+00:00\",\"dateModified\":\"2024-03-04T14:27:02+00:00\",\"description\":\"Une belle intensit\u00e9, un corps rond et sirupeux, une d\u00e9licieuse amertume et d'agr\u00e9ables notes de tabac, de beurre et de vanille\",\"breadcrumb\":{\"@id\":\"https:\/\/coffeelounge.delonghi.com\/fr-be\/product\/sumatra-mandheling-bio\/#breadcrumb\"},\"inLanguage\":\"fr-be\",\"potentialAction\":[{\"@type\":\"ReadAction\",\"target\":[\"https:\/\/coffeelounge.delonghi.com\/fr-be\/product\/sumatra-mandheling-bio\/\"]}]},{\"@type\":\"ImageObject\",\"inLanguage\":\"fr-be\",\"@id\":\"https:\/\/coffeelounge.delonghi.com\/fr-be\/product\/sumatra-mandheling-bio\/#primaryimage\",\"url\":\"https:\/\/coffeelounge.delonghi.com\/wp-content\/uploads\/2023\/04\/sumatra_mandheling_bio.png\",\"contentUrl\":\"https:\/\/coffeelounge.delonghi.com\/wp-content\/uploads\/2023\/04\/sumatra_mandheling_bio.png\",\"width\":452,\"height\":452},{\"@type\":\"BreadcrumbList\",\"@id\":\"https:\/\/coffeelounge.delonghi.com\/fr-be\/product\/sumatra-mandheling-bio\/#breadcrumb\",\"itemListElement\":[{\"@type\":\"ListItem\",\"position\":1,\"name\":\"Home\",\"item\":\"https:\/\/coffeelounge.delonghi.com\/fr-be\/\"},{\"@type\":\"ListItem\",\"position\":2,\"name\":\"Boutique\",\"item\":\"https:\/\/coffeelounge.delonghi.com\/fr\/?page_id=36\"},{\"@type\":\"ListItem\",\"position\":3,\"name\":\"Sumatra Mandheling BIO*\"}]},{\"@type\":\"WebSite\",\"@id\":\"https:\/\/coffeelounge.delonghi.com\/fr-be\/#website\",\"url\":\"https:\/\/coffeelounge.delonghi.com\/fr-be\/\",\"name\":\"De&#039;Longhi\",\"description\":\"Coffee Lounge\",\"publisher\":{\"@id\":\"https:\/\/coffeelounge.delonghi.com\/fr-be\/#organization\"},\"potentialAction\":[{\"@type\":\"SearchAction\",\"target\":{\"@type\":\"EntryPoint\",\"urlTemplate\":\"https:\/\/coffeelounge.delonghi.com\/fr-be\/?s={search_term_string}\"},\"query-input\":{\"@type\":\"PropertyValueSpecification\",\"valueRequired\":true,\"valueName\":\"search_term_string\"}}],\"inLanguage\":\"fr-be\"},{\"@type\":\"Organization\",\"@id\":\"https:\/\/coffeelounge.delonghi.com\/fr-be\/#organization\",\"name\":\"De'Longhi Coffee Lounge\",\"url\":\"https:\/\/coffeelounge.delonghi.com\/fr-be\/\",\"logo\":{\"@type\":\"ImageObject\",\"inLanguage\":\"fr-be\",\"@id\":\"https:\/\/coffeelounge.delonghi.com\/fr-be\/#\/schema\/logo\/image\/\",\"url\":\"https:\/\/coffeelounge.delonghi.com\/wp-content\/uploads\/2020\/05\/delonghi-coffee-lounge-logo-nederland.png\",\"contentUrl\":\"https:\/\/coffeelounge.delonghi.com\/wp-content\/uploads\/2020\/05\/delonghi-coffee-lounge-logo-nederland.png\",\"width\":2337,\"height\":724,\"caption\":\"De'Longhi Coffee Lounge\"},\"image\":{\"@id\":\"https:\/\/coffeelounge.delonghi.com\/fr-be\/#\/schema\/logo\/image\/\"}}]}<\/script>\n<!-- \/ Yoast SEO Premium plugin. -->","yoast_head_json":{"title":"Sumatra Mandheling BIO* | De&#039;Longhi","description":"Une belle intensit\u00e9, un corps rond et sirupeux, une d\u00e9licieuse amertume et d'agr\u00e9ables notes de tabac, de beurre et de vanille","robots":{"index":"index","follow":"follow","max-snippet":"max-snippet:-1","max-image-preview":"max-image-preview:large","max-video-preview":"max-video-preview:-1"},"twitter_card":"summary_large_image","twitter_title":"Sumatra Mandheling BIO* | De&#039;Longhi","twitter_description":"Une belle intensit\u00e9, un corps rond et sirupeux, une d\u00e9licieuse amertume et d'agr\u00e9ables notes de tabac, de beurre et de vanille","twitter_image":"https:\/\/coffeelounge.delonghi.com\/wp-content\/uploads\/2023\/04\/sumatra_mandheling_bio.png","schema":{"@context":"https:\/\/schema.org","@graph":[{"@type":"WebPage","@id":"https:\/\/coffeelounge.delonghi.com\/fr-be\/product\/sumatra-mandheling-bio\/","url":"https:\/\/coffeelounge.delonghi.com\/fr-be\/product\/sumatra-mandheling-bio\/","name":"Sumatra Mandheling BIO* | De&#039;Longhi","isPartOf":{"@id":"https:\/\/coffeelounge.delonghi.com\/fr-be\/#website"},"primaryImageOfPage":{"@id":"https:\/\/coffeelounge.delonghi.com\/fr-be\/product\/sumatra-mandheling-bio\/#primaryimage"},"image":{"@id":"https:\/\/coffeelounge.delonghi.com\/fr-be\/product\/sumatra-mandheling-bio\/#primaryimage"},"thumbnailUrl":"https:\/\/coffeelounge.delonghi.com\/wp-content\/uploads\/2023\/04\/sumatra_mandheling_bio.png","datePublished":"2023-04-27T15:12:57+00:00","dateModified":"2024-03-04T14:27:02+00:00","description":"Une belle intensit\u00e9, un corps rond et sirupeux, une d\u00e9licieuse amertume et d'agr\u00e9ables notes de tabac, de beurre et de vanille","breadcrumb":{"@id":"https:\/\/coffeelounge.delonghi.com\/fr-be\/product\/sumatra-mandheling-bio\/#breadcrumb"},"inLanguage":"fr-be","potentialAction":[{"@type":"ReadAction","target":["https:\/\/coffeelounge.delonghi.com\/fr-be\/product\/sumatra-mandheling-bio\/"]}]},{"@type":"ImageObject","inLanguage":"fr-be","@id":"https:\/\/coffeelounge.delonghi.com\/fr-be\/product\/sumatra-mandheling-bio\/#primaryimage","url":"https:\/\/coffeelounge.delonghi.com\/wp-content\/uploads\/2023\/04\/sumatra_mandheling_bio.png","contentUrl":"https:\/\/coffeelounge.delonghi.com\/wp-content\/uploads\/2023\/04\/sumatra_mandheling_bio.png","width":452,"height":452},{"@type":"BreadcrumbList","@id":"https:\/\/coffeelounge.delonghi.com\/fr-be\/product\/sumatra-mandheling-bio\/#breadcrumb","itemListElement":[{"@type":"ListItem","position":1,"name":"Home","item":"https:\/\/coffeelounge.delonghi.com\/fr-be\/"},{"@type":"ListItem","position":2,"name":"Boutique","item":"https:\/\/coffeelounge.delonghi.com\/fr\/?page_id=36"},{"@type":"ListItem","position":3,"name":"Sumatra Mandheling BIO*"}]},{"@type":"WebSite","@id":"https:\/\/coffeelounge.delonghi.com\/fr-be\/#website","url":"https:\/\/coffeelounge.delonghi.com\/fr-be\/","name":"De&#039;Longhi","description":"Coffee Lounge","publisher":{"@id":"https:\/\/coffeelounge.delonghi.com\/fr-be\/#organization"},"potentialAction":[{"@type":"SearchAction","target":{"@type":"EntryPoint","urlTemplate":"https:\/\/coffeelounge.delonghi.com\/fr-be\/?s={search_term_string}"},"query-input":{"@type":"PropertyValueSpecification","valueRequired":true,"valueName":"search_term_string"}}],"inLanguage":"fr-be"},{"@type":"Organization","@id":"https:\/\/coffeelounge.delonghi.com\/fr-be\/#organization","name":"De'Longhi Coffee Lounge","url":"https:\/\/coffeelounge.delonghi.com\/fr-be\/","logo":{"@type":"ImageObject","inLanguage":"fr-be","@id":"https:\/\/coffeelounge.delonghi.com\/fr-be\/#\/schema\/logo\/image\/","url":"https:\/\/coffeelounge.delonghi.com\/wp-content\/uploads\/2020\/05\/delonghi-coffee-lounge-logo-nederland.png","contentUrl":"https:\/\/coffeelounge.delonghi.com\/wp-content\/uploads\/2020\/05\/delonghi-coffee-lounge-logo-nederland.png","width":2337,"height":724,"caption":"De'Longhi Coffee Lounge"},"image":{"@id":"https:\/\/coffeelounge.delonghi.com\/fr-be\/#\/schema\/logo\/image\/"}}]}},"_links":{"self":[{"href":"https:\/\/coffeelounge.delonghi.com\/fr-be\/wp-json\/wp\/v2\/product\/383416","targetHints":{"allow":["GET"]}}],"collection":[{"href":"https:\/\/coffeelounge.delonghi.com\/fr-be\/wp-json\/wp\/v2\/product"}],"about":[{"href":"https:\/\/coffeelounge.delonghi.com\/fr-be\/wp-json\/wp\/v2\/types\/product"}],"replies":[{"embeddable":true,"href":"https:\/\/coffeelounge.delonghi.com\/fr-be\/wp-json\/wp\/v2\/comments?post=383416"}],"version-history":[{"count":2,"href":"https:\/\/coffeelounge.delonghi.com\/fr-be\/wp-json\/wp\/v2\/product\/383416\/revisions"}],"predecessor-version":[{"id":422312,"href":"https:\/\/coffeelounge.delonghi.com\/fr-be\/wp-json\/wp\/v2\/product\/383416\/revisions\/422312"}],"wp:featuredmedia":[{"embeddable":true,"href":"https:\/\/coffeelounge.delonghi.com\/fr-be\/wp-json\/wp\/v2\/media\/417135"}],"wp:attachment":[{"href":"https:\/\/coffeelounge.delonghi.com\/fr-be\/wp-json\/wp\/v2\/media?parent=383416"}],"wp:term":[{"taxonomy":"product_cat","embeddable":true,"href":"https:\/\/coffeelounge.delonghi.com\/fr-be\/wp-json\/wp\/v2\/product_cat?post=383416"},{"taxonomy":"product_tag","embeddable":true,"href":"https:\/\/coffeelounge.delonghi.com\/fr-be\/wp-json\/wp\/v2\/product_tag?post=383416"}],"curies":[{"name":"wp","href":"https:\/\/api.w.org\/{rel}","templated":true}]}}