{"id":383400,"date":"2023-04-27T14:45:21","date_gmt":"2023-04-27T14:45:21","guid":{"rendered":"https:\/\/coffeelounge.delonghi.com\/?post_type=product&#038;p=383400"},"modified":"2024-03-04T14:26:55","modified_gmt":"2024-03-04T14:26:55","slug":"nepal-mount-everest","status":"publish","type":"product","link":"https:\/\/coffeelounge.delonghi.com\/fr-be\/product\/nepal-mount-everest\/","title":{"rendered":"Nepal Mount Everest"},"content":{"rendered":"<p>Les plantations de caf\u00e9 de ce Supr\u00eame du Mont Everest sont les plus septentrionales du monde. Elles sont situ\u00e9es au pied de la cha\u00eene de montagnes Ghanesh Himal, \u00e0 70 kilom\u00e8tres au nord de Kahtmandu. Non seulement ces plantations produisent des caf\u00e9s de sp\u00e9cialit\u00e9 biologique, mais elles participent \u00e9galement \u00e0 la reforestation de la r\u00e9gion et \u00e0 la pr\u00e9servation de la faune locale. Fait un peu particulier, ce caf\u00e9, qui est cueilli, tri\u00e9 et trait\u00e9 enti\u00e8rement \u00e0 la main, est 100% Caturra. Cette vari\u00e9t\u00e9 d&#8217;Arabica pousse sur un arbuste tr\u00e8s feuillu, ce qui rend la r\u00e9colte d\u00e9licate et laborieuse. La petite taille du buisson lui permet de b\u00e9n\u00e9ficier de l&#8217;ombre de la v\u00e9g\u00e9tation avoisinante. Il est ainsi assur\u00e9 de recevoir l&#8217;ombre constante dont il a besoin pour se d\u00e9velopper.<\/p>\n","protected":false},"excerpt":{"rendered":"<p>Les plantations de caf\u00e9 de ce Supr\u00eame du Mont Everest sont les plus septentrionales du monde. Elles sont situ\u00e9es au pied de la cha\u00eene de montagnes Ghanesh Himal, \u00e0 70 kilom\u00e8tres au nord de Kahtmandu. Non seulement ces plantations produisent des caf\u00e9s de sp\u00e9cialit\u00e9 biologique, mais elles participent \u00e9galement \u00e0 la reforestation de la r\u00e9gion [&hellip;]<\/p>\n","protected":false},"featured_media":417081,"comment_status":"closed","ping_status":"closed","template":"","meta":{"_acf_changed":false},"product_cat":[477,479],"product_tag":[],"class_list":{"0":"post-383400","1":"product","2":"type-product","3":"status-publish","4":"has-post-thumbnail","6":"product_cat-tous-les-cafes","7":"product_cat-pure-origine","9":"first","10":"instock","11":"taxable","12":"shipping-taxable","13":"purchasable","14":"product-type-variable"},"acf":[],"yoast_head":"<!-- This site is optimized with the Yoast SEO Premium plugin v24.5 (Yoast SEO v24.5) - https:\/\/yoast.com\/wordpress\/plugins\/seo\/ -->\n<title>Nepal Mount Everest | De&#039;Longhi<\/title>\n<meta name=\"description\" content=\"Cet caf\u00e9 est cultiv\u00e9 dans des plantations de ce Supr\u00eame du Mont Everest sont les plus septentrionales du monde.\" \/>\n<meta name=\"robots\" content=\"index, follow, max-snippet:-1, max-image-preview:large, max-video-preview:-1\" \/>\n<meta name=\"twitter:card\" content=\"summary_large_image\" \/>\n<meta name=\"twitter:title\" content=\"Nepal Mount Everest | De&#039;Longhi\" \/>\n<meta name=\"twitter:description\" content=\"Cet caf\u00e9 est cultiv\u00e9 dans des plantations de ce Supr\u00eame du Mont Everest sont les plus septentrionales du monde.\" \/>\n<meta name=\"twitter:image\" content=\"https:\/\/coffeelounge.delonghi.com\/wp-content\/uploads\/2023\/04\/nepal_mount_everest.png\" \/>\n<script type=\"application\/ld+json\" class=\"yoast-schema-graph\">{\"@context\":\"https:\/\/schema.org\",\"@graph\":[{\"@type\":\"WebPage\",\"@id\":\"https:\/\/coffeelounge.delonghi.com\/fr-be\/product\/nepal-mount-everest\/\",\"url\":\"https:\/\/coffeelounge.delonghi.com\/fr-be\/product\/nepal-mount-everest\/\",\"name\":\"Nepal Mount Everest | De&#039;Longhi\",\"isPartOf\":{\"@id\":\"https:\/\/coffeelounge.delonghi.com\/fr-be\/#website\"},\"primaryImageOfPage\":{\"@id\":\"https:\/\/coffeelounge.delonghi.com\/fr-be\/product\/nepal-mount-everest\/#primaryimage\"},\"image\":{\"@id\":\"https:\/\/coffeelounge.delonghi.com\/fr-be\/product\/nepal-mount-everest\/#primaryimage\"},\"thumbnailUrl\":\"https:\/\/coffeelounge.delonghi.com\/wp-content\/uploads\/2023\/04\/nepal_mount_everest.png\",\"datePublished\":\"2023-04-27T14:45:21+00:00\",\"dateModified\":\"2024-03-04T14:26:55+00:00\",\"description\":\"Cet caf\u00e9 est cultiv\u00e9 dans des plantations de ce Supr\u00eame du Mont Everest sont les plus septentrionales du monde.\",\"breadcrumb\":{\"@id\":\"https:\/\/coffeelounge.delonghi.com\/fr-be\/product\/nepal-mount-everest\/#breadcrumb\"},\"inLanguage\":\"fr-be\",\"potentialAction\":[{\"@type\":\"ReadAction\",\"target\":[\"https:\/\/coffeelounge.delonghi.com\/fr-be\/product\/nepal-mount-everest\/\"]}]},{\"@type\":\"ImageObject\",\"inLanguage\":\"fr-be\",\"@id\":\"https:\/\/coffeelounge.delonghi.com\/fr-be\/product\/nepal-mount-everest\/#primaryimage\",\"url\":\"https:\/\/coffeelounge.delonghi.com\/wp-content\/uploads\/2023\/04\/nepal_mount_everest.png\",\"contentUrl\":\"https:\/\/coffeelounge.delonghi.com\/wp-content\/uploads\/2023\/04\/nepal_mount_everest.png\",\"width\":452,\"height\":452},{\"@type\":\"BreadcrumbList\",\"@id\":\"https:\/\/coffeelounge.delonghi.com\/fr-be\/product\/nepal-mount-everest\/#breadcrumb\",\"itemListElement\":[{\"@type\":\"ListItem\",\"position\":1,\"name\":\"Home\",\"item\":\"https:\/\/coffeelounge.delonghi.com\/fr-be\/\"},{\"@type\":\"ListItem\",\"position\":2,\"name\":\"Boutique\",\"item\":\"https:\/\/coffeelounge.delonghi.com\/fr\/?page_id=36\"},{\"@type\":\"ListItem\",\"position\":3,\"name\":\"Nepal Mount Everest\"}]},{\"@type\":\"WebSite\",\"@id\":\"https:\/\/coffeelounge.delonghi.com\/fr-be\/#website\",\"url\":\"https:\/\/coffeelounge.delonghi.com\/fr-be\/\",\"name\":\"De&#039;Longhi\",\"description\":\"Coffee Lounge\",\"publisher\":{\"@id\":\"https:\/\/coffeelounge.delonghi.com\/fr-be\/#organization\"},\"potentialAction\":[{\"@type\":\"SearchAction\",\"target\":{\"@type\":\"EntryPoint\",\"urlTemplate\":\"https:\/\/coffeelounge.delonghi.com\/fr-be\/?s={search_term_string}\"},\"query-input\":{\"@type\":\"PropertyValueSpecification\",\"valueRequired\":true,\"valueName\":\"search_term_string\"}}],\"inLanguage\":\"fr-be\"},{\"@type\":\"Organization\",\"@id\":\"https:\/\/coffeelounge.delonghi.com\/fr-be\/#organization\",\"name\":\"De'Longhi Coffee Lounge\",\"url\":\"https:\/\/coffeelounge.delonghi.com\/fr-be\/\",\"logo\":{\"@type\":\"ImageObject\",\"inLanguage\":\"fr-be\",\"@id\":\"https:\/\/coffeelounge.delonghi.com\/fr-be\/#\/schema\/logo\/image\/\",\"url\":\"https:\/\/coffeelounge.delonghi.com\/wp-content\/uploads\/2020\/05\/delonghi-coffee-lounge-logo-nederland.png\",\"contentUrl\":\"https:\/\/coffeelounge.delonghi.com\/wp-content\/uploads\/2020\/05\/delonghi-coffee-lounge-logo-nederland.png\",\"width\":2337,\"height\":724,\"caption\":\"De'Longhi Coffee Lounge\"},\"image\":{\"@id\":\"https:\/\/coffeelounge.delonghi.com\/fr-be\/#\/schema\/logo\/image\/\"}}]}<\/script>\n<!-- \/ Yoast SEO Premium plugin. -->","yoast_head_json":{"title":"Nepal Mount Everest | De&#039;Longhi","description":"Cet caf\u00e9 est cultiv\u00e9 dans des plantations de ce Supr\u00eame du Mont Everest sont les plus septentrionales du monde.","robots":{"index":"index","follow":"follow","max-snippet":"max-snippet:-1","max-image-preview":"max-image-preview:large","max-video-preview":"max-video-preview:-1"},"twitter_card":"summary_large_image","twitter_title":"Nepal Mount Everest | De&#039;Longhi","twitter_description":"Cet caf\u00e9 est cultiv\u00e9 dans des plantations de ce Supr\u00eame du Mont Everest sont les plus septentrionales du monde.","twitter_image":"https:\/\/coffeelounge.delonghi.com\/wp-content\/uploads\/2023\/04\/nepal_mount_everest.png","schema":{"@context":"https:\/\/schema.org","@graph":[{"@type":"WebPage","@id":"https:\/\/coffeelounge.delonghi.com\/fr-be\/product\/nepal-mount-everest\/","url":"https:\/\/coffeelounge.delonghi.com\/fr-be\/product\/nepal-mount-everest\/","name":"Nepal Mount Everest | De&#039;Longhi","isPartOf":{"@id":"https:\/\/coffeelounge.delonghi.com\/fr-be\/#website"},"primaryImageOfPage":{"@id":"https:\/\/coffeelounge.delonghi.com\/fr-be\/product\/nepal-mount-everest\/#primaryimage"},"image":{"@id":"https:\/\/coffeelounge.delonghi.com\/fr-be\/product\/nepal-mount-everest\/#primaryimage"},"thumbnailUrl":"https:\/\/coffeelounge.delonghi.com\/wp-content\/uploads\/2023\/04\/nepal_mount_everest.png","datePublished":"2023-04-27T14:45:21+00:00","dateModified":"2024-03-04T14:26:55+00:00","description":"Cet caf\u00e9 est cultiv\u00e9 dans des plantations de ce Supr\u00eame du Mont Everest sont les plus septentrionales du monde.","breadcrumb":{"@id":"https:\/\/coffeelounge.delonghi.com\/fr-be\/product\/nepal-mount-everest\/#breadcrumb"},"inLanguage":"fr-be","potentialAction":[{"@type":"ReadAction","target":["https:\/\/coffeelounge.delonghi.com\/fr-be\/product\/nepal-mount-everest\/"]}]},{"@type":"ImageObject","inLanguage":"fr-be","@id":"https:\/\/coffeelounge.delonghi.com\/fr-be\/product\/nepal-mount-everest\/#primaryimage","url":"https:\/\/coffeelounge.delonghi.com\/wp-content\/uploads\/2023\/04\/nepal_mount_everest.png","contentUrl":"https:\/\/coffeelounge.delonghi.com\/wp-content\/uploads\/2023\/04\/nepal_mount_everest.png","width":452,"height":452},{"@type":"BreadcrumbList","@id":"https:\/\/coffeelounge.delonghi.com\/fr-be\/product\/nepal-mount-everest\/#breadcrumb","itemListElement":[{"@type":"ListItem","position":1,"name":"Home","item":"https:\/\/coffeelounge.delonghi.com\/fr-be\/"},{"@type":"ListItem","position":2,"name":"Boutique","item":"https:\/\/coffeelounge.delonghi.com\/fr\/?page_id=36"},{"@type":"ListItem","position":3,"name":"Nepal Mount Everest"}]},{"@type":"WebSite","@id":"https:\/\/coffeelounge.delonghi.com\/fr-be\/#website","url":"https:\/\/coffeelounge.delonghi.com\/fr-be\/","name":"De&#039;Longhi","description":"Coffee Lounge","publisher":{"@id":"https:\/\/coffeelounge.delonghi.com\/fr-be\/#organization"},"potentialAction":[{"@type":"SearchAction","target":{"@type":"EntryPoint","urlTemplate":"https:\/\/coffeelounge.delonghi.com\/fr-be\/?s={search_term_string}"},"query-input":{"@type":"PropertyValueSpecification","valueRequired":true,"valueName":"search_term_string"}}],"inLanguage":"fr-be"},{"@type":"Organization","@id":"https:\/\/coffeelounge.delonghi.com\/fr-be\/#organization","name":"De'Longhi Coffee Lounge","url":"https:\/\/coffeelounge.delonghi.com\/fr-be\/","logo":{"@type":"ImageObject","inLanguage":"fr-be","@id":"https:\/\/coffeelounge.delonghi.com\/fr-be\/#\/schema\/logo\/image\/","url":"https:\/\/coffeelounge.delonghi.com\/wp-content\/uploads\/2020\/05\/delonghi-coffee-lounge-logo-nederland.png","contentUrl":"https:\/\/coffeelounge.delonghi.com\/wp-content\/uploads\/2020\/05\/delonghi-coffee-lounge-logo-nederland.png","width":2337,"height":724,"caption":"De'Longhi Coffee Lounge"},"image":{"@id":"https:\/\/coffeelounge.delonghi.com\/fr-be\/#\/schema\/logo\/image\/"}}]}},"_links":{"self":[{"href":"https:\/\/coffeelounge.delonghi.com\/fr-be\/wp-json\/wp\/v2\/product\/383400","targetHints":{"allow":["GET"]}}],"collection":[{"href":"https:\/\/coffeelounge.delonghi.com\/fr-be\/wp-json\/wp\/v2\/product"}],"about":[{"href":"https:\/\/coffeelounge.delonghi.com\/fr-be\/wp-json\/wp\/v2\/types\/product"}],"replies":[{"embeddable":true,"href":"https:\/\/coffeelounge.delonghi.com\/fr-be\/wp-json\/wp\/v2\/comments?post=383400"}],"version-history":[{"count":2,"href":"https:\/\/coffeelounge.delonghi.com\/fr-be\/wp-json\/wp\/v2\/product\/383400\/revisions"}],"predecessor-version":[{"id":422311,"href":"https:\/\/coffeelounge.delonghi.com\/fr-be\/wp-json\/wp\/v2\/product\/383400\/revisions\/422311"}],"wp:featuredmedia":[{"embeddable":true,"href":"https:\/\/coffeelounge.delonghi.com\/fr-be\/wp-json\/wp\/v2\/media\/417081"}],"wp:attachment":[{"href":"https:\/\/coffeelounge.delonghi.com\/fr-be\/wp-json\/wp\/v2\/media?parent=383400"}],"wp:term":[{"taxonomy":"product_cat","embeddable":true,"href":"https:\/\/coffeelounge.delonghi.com\/fr-be\/wp-json\/wp\/v2\/product_cat?post=383400"},{"taxonomy":"product_tag","embeddable":true,"href":"https:\/\/coffeelounge.delonghi.com\/fr-be\/wp-json\/wp\/v2\/product_tag?post=383400"}],"curies":[{"name":"wp","href":"https:\/\/api.w.org\/{rel}","templated":true}]}}