{"id":383394,"date":"2023-04-27T14:41:43","date_gmt":"2023-04-27T14:41:43","guid":{"rendered":"https:\/\/coffeelounge.delonghi.com\/?post_type=product&#038;p=383394"},"modified":"2024-03-04T14:28:48","modified_gmt":"2024-03-04T14:28:48","slug":"peru-el-palto-bio","status":"publish","type":"product","link":"https:\/\/coffeelounge.delonghi.com\/fr-be\/product\/peru-el-palto-bio\/","title":{"rendered":"Peru El Palto BIO*"},"content":{"rendered":"<p>Le Peru El Palto que nous vous proposons est le produit d&#8217;une agriculture \u00e9cologique. La culture du caf\u00e9 a commenc\u00e9 dans les ann\u00e9es 1950 dans les Andes amazoniennes au nord du P\u00e9rou. Pendant longtemps, les techniques agricoles d\u00e9pendaient fortement de l&#8217;utilisation de produits agrochimiques. L&#8217;association des producteurs de caf\u00e9 Juan Marco El Palto &#8211; abr\u00e9g\u00e9e en espagnol &#8220;JUMARP&#8221; &#8211; a \u00e9t\u00e9 fond\u00e9e en 2003 par Jos\u00e9 Carranza Barboa en coop\u00e9ration avec 35 autres petits agriculteurs. Ils ont d\u00e9cid\u00e9 de changer les anciennes techniques et de les remplacer par un processus de production durable qui pr\u00e9serve les for\u00eats indig\u00e8nes. Tous les producteurs associ\u00e9s \u00e0 JUMARP travaillent sur de petites parcelles. Au total, 188 producteurs cultivent le caf\u00e9 sur une surface de 549 hectares dans la &#8220;Selva Alta&#8221;, au nord du P\u00e9rou. Il y r\u00e8gne un type d&#8217;\u00e9cosyst\u00e8me sp\u00e9cifique, caract\u00e9ris\u00e9 par des for\u00eats denses et humides, que l&#8217;on retrouve au P\u00e9rou et au Mexique.<\/p>\n","protected":false},"excerpt":{"rendered":"<p>Le Peru El Palto que nous vous proposons est le produit d&#8217;une agriculture \u00e9cologique. La culture du caf\u00e9 a commenc\u00e9 dans les ann\u00e9es 1950 dans les Andes amazoniennes au nord du P\u00e9rou. Pendant longtemps, les techniques agricoles d\u00e9pendaient fortement de l&#8217;utilisation de produits agrochimiques. L&#8217;association des producteurs de caf\u00e9 Juan Marco El Palto &#8211; abr\u00e9g\u00e9e [&hellip;]<\/p>\n","protected":false},"featured_media":417094,"comment_status":"closed","ping_status":"closed","template":"","meta":{"_acf_changed":false},"product_cat":[477,479],"product_tag":[],"class_list":{"0":"post-383394","1":"product","2":"type-product","3":"status-publish","4":"has-post-thumbnail","6":"product_cat-tous-les-cafes","7":"product_cat-pure-origine","9":"first","10":"instock","11":"taxable","12":"shipping-taxable","13":"purchasable","14":"product-type-variable"},"acf":[],"yoast_head":"<!-- This site is optimized with the Yoast SEO Premium plugin v24.5 (Yoast SEO v24.5) - https:\/\/yoast.com\/wordpress\/plugins\/seo\/ -->\n<title>Peru El Palto BIO* | De&#039;Longhi<\/title>\n<meta name=\"description\" content=\"Le Peru El Palto que nous vous proposons est le produit d&#039;une agriculture \u00e9cologique. La culture du caf\u00e9 a commenc\u00e9 dans les ann\u00e9es 1950.\" \/>\n<meta name=\"robots\" content=\"index, follow, max-snippet:-1, max-image-preview:large, max-video-preview:-1\" \/>\n<meta name=\"twitter:card\" content=\"summary_large_image\" \/>\n<meta name=\"twitter:title\" content=\"Peru El Palto BIO* | De&#039;Longhi\" \/>\n<meta name=\"twitter:description\" content=\"Le Peru El Palto que nous vous proposons est le produit d&#039;une agriculture \u00e9cologique. La culture du caf\u00e9 a commenc\u00e9 dans les ann\u00e9es 1950.\" \/>\n<meta name=\"twitter:image\" content=\"https:\/\/coffeelounge.delonghi.com\/wp-content\/uploads\/2023\/04\/peru_el_palto_bio.png\" \/>\n<script type=\"application\/ld+json\" class=\"yoast-schema-graph\">{\"@context\":\"https:\/\/schema.org\",\"@graph\":[{\"@type\":\"WebPage\",\"@id\":\"https:\/\/coffeelounge.delonghi.com\/fr-be\/product\/peru-el-palto-bio\/\",\"url\":\"https:\/\/coffeelounge.delonghi.com\/fr-be\/product\/peru-el-palto-bio\/\",\"name\":\"Peru El Palto BIO* | De&#039;Longhi\",\"isPartOf\":{\"@id\":\"https:\/\/coffeelounge.delonghi.com\/fr-be\/#website\"},\"primaryImageOfPage\":{\"@id\":\"https:\/\/coffeelounge.delonghi.com\/fr-be\/product\/peru-el-palto-bio\/#primaryimage\"},\"image\":{\"@id\":\"https:\/\/coffeelounge.delonghi.com\/fr-be\/product\/peru-el-palto-bio\/#primaryimage\"},\"thumbnailUrl\":\"https:\/\/coffeelounge.delonghi.com\/wp-content\/uploads\/2023\/04\/peru_el_palto_bio.png\",\"datePublished\":\"2023-04-27T14:41:43+00:00\",\"dateModified\":\"2024-03-04T14:28:48+00:00\",\"description\":\"Le Peru El Palto que nous vous proposons est le produit d'une agriculture \u00e9cologique. La culture du caf\u00e9 a commenc\u00e9 dans les ann\u00e9es 1950.\",\"breadcrumb\":{\"@id\":\"https:\/\/coffeelounge.delonghi.com\/fr-be\/product\/peru-el-palto-bio\/#breadcrumb\"},\"inLanguage\":\"fr-be\",\"potentialAction\":[{\"@type\":\"ReadAction\",\"target\":[\"https:\/\/coffeelounge.delonghi.com\/fr-be\/product\/peru-el-palto-bio\/\"]}]},{\"@type\":\"ImageObject\",\"inLanguage\":\"fr-be\",\"@id\":\"https:\/\/coffeelounge.delonghi.com\/fr-be\/product\/peru-el-palto-bio\/#primaryimage\",\"url\":\"https:\/\/coffeelounge.delonghi.com\/wp-content\/uploads\/2023\/04\/peru_el_palto_bio.png\",\"contentUrl\":\"https:\/\/coffeelounge.delonghi.com\/wp-content\/uploads\/2023\/04\/peru_el_palto_bio.png\",\"width\":452,\"height\":452},{\"@type\":\"BreadcrumbList\",\"@id\":\"https:\/\/coffeelounge.delonghi.com\/fr-be\/product\/peru-el-palto-bio\/#breadcrumb\",\"itemListElement\":[{\"@type\":\"ListItem\",\"position\":1,\"name\":\"Home\",\"item\":\"https:\/\/coffeelounge.delonghi.com\/fr-be\/\"},{\"@type\":\"ListItem\",\"position\":2,\"name\":\"Boutique\",\"item\":\"https:\/\/coffeelounge.delonghi.com\/fr\/?page_id=36\"},{\"@type\":\"ListItem\",\"position\":3,\"name\":\"Peru El Palto BIO*\"}]},{\"@type\":\"WebSite\",\"@id\":\"https:\/\/coffeelounge.delonghi.com\/fr-be\/#website\",\"url\":\"https:\/\/coffeelounge.delonghi.com\/fr-be\/\",\"name\":\"De&#039;Longhi\",\"description\":\"Coffee Lounge\",\"publisher\":{\"@id\":\"https:\/\/coffeelounge.delonghi.com\/fr-be\/#organization\"},\"potentialAction\":[{\"@type\":\"SearchAction\",\"target\":{\"@type\":\"EntryPoint\",\"urlTemplate\":\"https:\/\/coffeelounge.delonghi.com\/fr-be\/?s={search_term_string}\"},\"query-input\":{\"@type\":\"PropertyValueSpecification\",\"valueRequired\":true,\"valueName\":\"search_term_string\"}}],\"inLanguage\":\"fr-be\"},{\"@type\":\"Organization\",\"@id\":\"https:\/\/coffeelounge.delonghi.com\/fr-be\/#organization\",\"name\":\"De'Longhi Coffee Lounge\",\"url\":\"https:\/\/coffeelounge.delonghi.com\/fr-be\/\",\"logo\":{\"@type\":\"ImageObject\",\"inLanguage\":\"fr-be\",\"@id\":\"https:\/\/coffeelounge.delonghi.com\/fr-be\/#\/schema\/logo\/image\/\",\"url\":\"https:\/\/coffeelounge.delonghi.com\/wp-content\/uploads\/2020\/05\/delonghi-coffee-lounge-logo-nederland.png\",\"contentUrl\":\"https:\/\/coffeelounge.delonghi.com\/wp-content\/uploads\/2020\/05\/delonghi-coffee-lounge-logo-nederland.png\",\"width\":2337,\"height\":724,\"caption\":\"De'Longhi Coffee Lounge\"},\"image\":{\"@id\":\"https:\/\/coffeelounge.delonghi.com\/fr-be\/#\/schema\/logo\/image\/\"}}]}<\/script>\n<!-- \/ Yoast SEO Premium plugin. -->","yoast_head_json":{"title":"Peru El Palto BIO* | De&#039;Longhi","description":"Le Peru El Palto que nous vous proposons est le produit d'une agriculture \u00e9cologique. La culture du caf\u00e9 a commenc\u00e9 dans les ann\u00e9es 1950.","robots":{"index":"index","follow":"follow","max-snippet":"max-snippet:-1","max-image-preview":"max-image-preview:large","max-video-preview":"max-video-preview:-1"},"twitter_card":"summary_large_image","twitter_title":"Peru El Palto BIO* | De&#039;Longhi","twitter_description":"Le Peru El Palto que nous vous proposons est le produit d'une agriculture \u00e9cologique. La culture du caf\u00e9 a commenc\u00e9 dans les ann\u00e9es 1950.","twitter_image":"https:\/\/coffeelounge.delonghi.com\/wp-content\/uploads\/2023\/04\/peru_el_palto_bio.png","schema":{"@context":"https:\/\/schema.org","@graph":[{"@type":"WebPage","@id":"https:\/\/coffeelounge.delonghi.com\/fr-be\/product\/peru-el-palto-bio\/","url":"https:\/\/coffeelounge.delonghi.com\/fr-be\/product\/peru-el-palto-bio\/","name":"Peru El Palto BIO* | De&#039;Longhi","isPartOf":{"@id":"https:\/\/coffeelounge.delonghi.com\/fr-be\/#website"},"primaryImageOfPage":{"@id":"https:\/\/coffeelounge.delonghi.com\/fr-be\/product\/peru-el-palto-bio\/#primaryimage"},"image":{"@id":"https:\/\/coffeelounge.delonghi.com\/fr-be\/product\/peru-el-palto-bio\/#primaryimage"},"thumbnailUrl":"https:\/\/coffeelounge.delonghi.com\/wp-content\/uploads\/2023\/04\/peru_el_palto_bio.png","datePublished":"2023-04-27T14:41:43+00:00","dateModified":"2024-03-04T14:28:48+00:00","description":"Le Peru El Palto que nous vous proposons est le produit d'une agriculture \u00e9cologique. La culture du caf\u00e9 a commenc\u00e9 dans les ann\u00e9es 1950.","breadcrumb":{"@id":"https:\/\/coffeelounge.delonghi.com\/fr-be\/product\/peru-el-palto-bio\/#breadcrumb"},"inLanguage":"fr-be","potentialAction":[{"@type":"ReadAction","target":["https:\/\/coffeelounge.delonghi.com\/fr-be\/product\/peru-el-palto-bio\/"]}]},{"@type":"ImageObject","inLanguage":"fr-be","@id":"https:\/\/coffeelounge.delonghi.com\/fr-be\/product\/peru-el-palto-bio\/#primaryimage","url":"https:\/\/coffeelounge.delonghi.com\/wp-content\/uploads\/2023\/04\/peru_el_palto_bio.png","contentUrl":"https:\/\/coffeelounge.delonghi.com\/wp-content\/uploads\/2023\/04\/peru_el_palto_bio.png","width":452,"height":452},{"@type":"BreadcrumbList","@id":"https:\/\/coffeelounge.delonghi.com\/fr-be\/product\/peru-el-palto-bio\/#breadcrumb","itemListElement":[{"@type":"ListItem","position":1,"name":"Home","item":"https:\/\/coffeelounge.delonghi.com\/fr-be\/"},{"@type":"ListItem","position":2,"name":"Boutique","item":"https:\/\/coffeelounge.delonghi.com\/fr\/?page_id=36"},{"@type":"ListItem","position":3,"name":"Peru El Palto BIO*"}]},{"@type":"WebSite","@id":"https:\/\/coffeelounge.delonghi.com\/fr-be\/#website","url":"https:\/\/coffeelounge.delonghi.com\/fr-be\/","name":"De&#039;Longhi","description":"Coffee Lounge","publisher":{"@id":"https:\/\/coffeelounge.delonghi.com\/fr-be\/#organization"},"potentialAction":[{"@type":"SearchAction","target":{"@type":"EntryPoint","urlTemplate":"https:\/\/coffeelounge.delonghi.com\/fr-be\/?s={search_term_string}"},"query-input":{"@type":"PropertyValueSpecification","valueRequired":true,"valueName":"search_term_string"}}],"inLanguage":"fr-be"},{"@type":"Organization","@id":"https:\/\/coffeelounge.delonghi.com\/fr-be\/#organization","name":"De'Longhi Coffee Lounge","url":"https:\/\/coffeelounge.delonghi.com\/fr-be\/","logo":{"@type":"ImageObject","inLanguage":"fr-be","@id":"https:\/\/coffeelounge.delonghi.com\/fr-be\/#\/schema\/logo\/image\/","url":"https:\/\/coffeelounge.delonghi.com\/wp-content\/uploads\/2020\/05\/delonghi-coffee-lounge-logo-nederland.png","contentUrl":"https:\/\/coffeelounge.delonghi.com\/wp-content\/uploads\/2020\/05\/delonghi-coffee-lounge-logo-nederland.png","width":2337,"height":724,"caption":"De'Longhi Coffee Lounge"},"image":{"@id":"https:\/\/coffeelounge.delonghi.com\/fr-be\/#\/schema\/logo\/image\/"}}]}},"_links":{"self":[{"href":"https:\/\/coffeelounge.delonghi.com\/fr-be\/wp-json\/wp\/v2\/product\/383394","targetHints":{"allow":["GET"]}}],"collection":[{"href":"https:\/\/coffeelounge.delonghi.com\/fr-be\/wp-json\/wp\/v2\/product"}],"about":[{"href":"https:\/\/coffeelounge.delonghi.com\/fr-be\/wp-json\/wp\/v2\/types\/product"}],"replies":[{"embeddable":true,"href":"https:\/\/coffeelounge.delonghi.com\/fr-be\/wp-json\/wp\/v2\/comments?post=383394"}],"version-history":[{"count":2,"href":"https:\/\/coffeelounge.delonghi.com\/fr-be\/wp-json\/wp\/v2\/product\/383394\/revisions"}],"predecessor-version":[{"id":422319,"href":"https:\/\/coffeelounge.delonghi.com\/fr-be\/wp-json\/wp\/v2\/product\/383394\/revisions\/422319"}],"wp:featuredmedia":[{"embeddable":true,"href":"https:\/\/coffeelounge.delonghi.com\/fr-be\/wp-json\/wp\/v2\/media\/417094"}],"wp:attachment":[{"href":"https:\/\/coffeelounge.delonghi.com\/fr-be\/wp-json\/wp\/v2\/media?parent=383394"}],"wp:term":[{"taxonomy":"product_cat","embeddable":true,"href":"https:\/\/coffeelounge.delonghi.com\/fr-be\/wp-json\/wp\/v2\/product_cat?post=383394"},{"taxonomy":"product_tag","embeddable":true,"href":"https:\/\/coffeelounge.delonghi.com\/fr-be\/wp-json\/wp\/v2\/product_tag?post=383394"}],"curies":[{"name":"wp","href":"https:\/\/api.w.org\/{rel}","templated":true}]}}