{"id":383386,"date":"2023-04-27T14:35:38","date_gmt":"2023-04-27T14:35:38","guid":{"rendered":"https:\/\/coffeelounge.delonghi.com\/?post_type=product&#038;p=383386"},"modified":"2024-03-04T14:28:58","modified_gmt":"2024-03-04T14:28:58","slug":"deca-colombia-sugarcane","status":"publish","type":"product","link":"https:\/\/coffeelounge.delonghi.com\/fr-be\/product\/deca-colombia-sugarcane\/","title":{"rendered":"Deca Colombia Sugarcane"},"content":{"rendered":"<p>Ce superbe d\u00e9caf\u00e9in\u00e9 provient du d\u00e9partement de Caldas en Colombie. Il est situ\u00e9 en plein milieu de la r\u00e9gion de culture du caf\u00e9 : l&#8217;axe du caf\u00e9 ou &#8220;eje cafetero&#8221;. Le sol y est riche, le climat id\u00e9al et les flancs des montagnes offrent une altitude suffisamment \u00e9lev\u00e9e. Pour garantir une qualit\u00e9 optimale, plus de 3 600 producteurs collaborent avec des agronomes sous l&#8217;\u00e9gide d&#8217;une coop\u00e9rative. Au sein de cette association, une grande attention est accord\u00e9e \u00e0 l&#8217;aspect social et \u00e9cologique de la production de caf\u00e9 : relier et r\u00e9concilier l&#8217;homme avec la nature.<br \/>\nPour d\u00e9caf\u00e9iner les grains, on utilise la m\u00e9thode de la canne \u00e0 sucre. Les grains sont d&#8217;abord cuits \u00e0 la vapeur pour ouvrir leurs pores. Elles sont ensuite rinc\u00e9es avec une solution d\u00e9riv\u00e9e de la canne \u00e0 sucre et du vinaigre. De cette mani\u00e8re, les mol\u00e9cules de caf\u00e9ine contenues dans les f\u00e8ves se lient au liquide environnant. C&#8217;est ainsi que la caf\u00e9ine est \u00e9limin\u00e9e. Enfin, les grains sont mis \u00e0 s\u00e9cher jusqu&#8217;\u00e0 ce que leur taux d&#8217;humidit\u00e9 atteigne environ 10-12 %.<br \/>\nAttendez-vous \u00e0 un caf\u00e9 robuste avec des notes de chocolat et de caramel et une bouche \u00e9paisse et cr\u00e9meuse.<\/p>\n","protected":false},"excerpt":{"rendered":"<p>Ce superbe d\u00e9caf\u00e9in\u00e9 provient du d\u00e9partement de Caldas en Colombie. Il est situ\u00e9 en plein milieu de la r\u00e9gion de culture du caf\u00e9 : l&#8217;axe du caf\u00e9 ou &#8220;eje cafetero&#8221;. Le sol y est riche, le climat id\u00e9al et les flancs des montagnes offrent une altitude suffisamment \u00e9lev\u00e9e. Pour garantir une qualit\u00e9 optimale, plus de [&hellip;]<\/p>\n","protected":false},"featured_media":416787,"comment_status":"closed","ping_status":"closed","template":"","meta":{"_acf_changed":false},"product_cat":[477,479],"product_tag":[],"class_list":{"0":"post-383386","1":"product","2":"type-product","3":"status-publish","4":"has-post-thumbnail","6":"product_cat-tous-les-cafes","7":"product_cat-pure-origine","9":"first","10":"instock","11":"taxable","12":"shipping-taxable","13":"purchasable","14":"product-type-variable"},"acf":[],"yoast_head":"<!-- This site is optimized with the Yoast SEO Premium plugin v24.5 (Yoast SEO v24.5) - https:\/\/yoast.com\/wordpress\/plugins\/seo\/ -->\n<title>Deca Colombia Sugarcane | De&#039;Longhi<\/title>\n<meta name=\"description\" content=\"Attendez-vous \u00e0 un caf\u00e9 robuste avec des notes de chocolat et de caramel et une bouche \u00e9paisse et cr\u00e9meuse.\" \/>\n<meta name=\"robots\" content=\"index, follow, max-snippet:-1, max-image-preview:large, max-video-preview:-1\" \/>\n<meta name=\"twitter:card\" content=\"summary_large_image\" \/>\n<meta name=\"twitter:title\" content=\"Deca Colombia Sugarcane | De&#039;Longhi\" \/>\n<meta name=\"twitter:description\" content=\"Attendez-vous \u00e0 un caf\u00e9 robuste avec des notes de chocolat et de caramel et une bouche \u00e9paisse et cr\u00e9meuse.\" \/>\n<meta name=\"twitter:image\" content=\"https:\/\/coffeelounge.delonghi.com\/wp-content\/uploads\/2023\/04\/deca_colombia_sugarcane.png\" \/>\n<script type=\"application\/ld+json\" class=\"yoast-schema-graph\">{\"@context\":\"https:\/\/schema.org\",\"@graph\":[{\"@type\":\"WebPage\",\"@id\":\"https:\/\/coffeelounge.delonghi.com\/fr-be\/product\/deca-colombia-sugarcane\/\",\"url\":\"https:\/\/coffeelounge.delonghi.com\/fr-be\/product\/deca-colombia-sugarcane\/\",\"name\":\"Deca Colombia Sugarcane | De&#039;Longhi\",\"isPartOf\":{\"@id\":\"https:\/\/coffeelounge.delonghi.com\/fr-be\/#website\"},\"primaryImageOfPage\":{\"@id\":\"https:\/\/coffeelounge.delonghi.com\/fr-be\/product\/deca-colombia-sugarcane\/#primaryimage\"},\"image\":{\"@id\":\"https:\/\/coffeelounge.delonghi.com\/fr-be\/product\/deca-colombia-sugarcane\/#primaryimage\"},\"thumbnailUrl\":\"https:\/\/coffeelounge.delonghi.com\/wp-content\/uploads\/2023\/04\/deca_colombia_sugarcane.png\",\"datePublished\":\"2023-04-27T14:35:38+00:00\",\"dateModified\":\"2024-03-04T14:28:58+00:00\",\"description\":\"Attendez-vous \u00e0 un caf\u00e9 robuste avec des notes de chocolat et de caramel et une bouche \u00e9paisse et cr\u00e9meuse.\",\"breadcrumb\":{\"@id\":\"https:\/\/coffeelounge.delonghi.com\/fr-be\/product\/deca-colombia-sugarcane\/#breadcrumb\"},\"inLanguage\":\"fr-be\",\"potentialAction\":[{\"@type\":\"ReadAction\",\"target\":[\"https:\/\/coffeelounge.delonghi.com\/fr-be\/product\/deca-colombia-sugarcane\/\"]}]},{\"@type\":\"ImageObject\",\"inLanguage\":\"fr-be\",\"@id\":\"https:\/\/coffeelounge.delonghi.com\/fr-be\/product\/deca-colombia-sugarcane\/#primaryimage\",\"url\":\"https:\/\/coffeelounge.delonghi.com\/wp-content\/uploads\/2023\/04\/deca_colombia_sugarcane.png\",\"contentUrl\":\"https:\/\/coffeelounge.delonghi.com\/wp-content\/uploads\/2023\/04\/deca_colombia_sugarcane.png\",\"width\":452,\"height\":452},{\"@type\":\"BreadcrumbList\",\"@id\":\"https:\/\/coffeelounge.delonghi.com\/fr-be\/product\/deca-colombia-sugarcane\/#breadcrumb\",\"itemListElement\":[{\"@type\":\"ListItem\",\"position\":1,\"name\":\"Home\",\"item\":\"https:\/\/coffeelounge.delonghi.com\/fr-be\/\"},{\"@type\":\"ListItem\",\"position\":2,\"name\":\"Boutique\",\"item\":\"https:\/\/coffeelounge.delonghi.com\/fr\/?page_id=36\"},{\"@type\":\"ListItem\",\"position\":3,\"name\":\"Deca Colombia Sugarcane\"}]},{\"@type\":\"WebSite\",\"@id\":\"https:\/\/coffeelounge.delonghi.com\/fr-be\/#website\",\"url\":\"https:\/\/coffeelounge.delonghi.com\/fr-be\/\",\"name\":\"De&#039;Longhi\",\"description\":\"Coffee Lounge\",\"publisher\":{\"@id\":\"https:\/\/coffeelounge.delonghi.com\/fr-be\/#organization\"},\"potentialAction\":[{\"@type\":\"SearchAction\",\"target\":{\"@type\":\"EntryPoint\",\"urlTemplate\":\"https:\/\/coffeelounge.delonghi.com\/fr-be\/?s={search_term_string}\"},\"query-input\":{\"@type\":\"PropertyValueSpecification\",\"valueRequired\":true,\"valueName\":\"search_term_string\"}}],\"inLanguage\":\"fr-be\"},{\"@type\":\"Organization\",\"@id\":\"https:\/\/coffeelounge.delonghi.com\/fr-be\/#organization\",\"name\":\"De'Longhi Coffee Lounge\",\"url\":\"https:\/\/coffeelounge.delonghi.com\/fr-be\/\",\"logo\":{\"@type\":\"ImageObject\",\"inLanguage\":\"fr-be\",\"@id\":\"https:\/\/coffeelounge.delonghi.com\/fr-be\/#\/schema\/logo\/image\/\",\"url\":\"https:\/\/coffeelounge.delonghi.com\/wp-content\/uploads\/2020\/05\/delonghi-coffee-lounge-logo-nederland.png\",\"contentUrl\":\"https:\/\/coffeelounge.delonghi.com\/wp-content\/uploads\/2020\/05\/delonghi-coffee-lounge-logo-nederland.png\",\"width\":2337,\"height\":724,\"caption\":\"De'Longhi Coffee Lounge\"},\"image\":{\"@id\":\"https:\/\/coffeelounge.delonghi.com\/fr-be\/#\/schema\/logo\/image\/\"}}]}<\/script>\n<!-- \/ Yoast SEO Premium plugin. -->","yoast_head_json":{"title":"Deca Colombia Sugarcane | De&#039;Longhi","description":"Attendez-vous \u00e0 un caf\u00e9 robuste avec des notes de chocolat et de caramel et une bouche \u00e9paisse et cr\u00e9meuse.","robots":{"index":"index","follow":"follow","max-snippet":"max-snippet:-1","max-image-preview":"max-image-preview:large","max-video-preview":"max-video-preview:-1"},"twitter_card":"summary_large_image","twitter_title":"Deca Colombia Sugarcane | De&#039;Longhi","twitter_description":"Attendez-vous \u00e0 un caf\u00e9 robuste avec des notes de chocolat et de caramel et une bouche \u00e9paisse et cr\u00e9meuse.","twitter_image":"https:\/\/coffeelounge.delonghi.com\/wp-content\/uploads\/2023\/04\/deca_colombia_sugarcane.png","schema":{"@context":"https:\/\/schema.org","@graph":[{"@type":"WebPage","@id":"https:\/\/coffeelounge.delonghi.com\/fr-be\/product\/deca-colombia-sugarcane\/","url":"https:\/\/coffeelounge.delonghi.com\/fr-be\/product\/deca-colombia-sugarcane\/","name":"Deca Colombia Sugarcane | De&#039;Longhi","isPartOf":{"@id":"https:\/\/coffeelounge.delonghi.com\/fr-be\/#website"},"primaryImageOfPage":{"@id":"https:\/\/coffeelounge.delonghi.com\/fr-be\/product\/deca-colombia-sugarcane\/#primaryimage"},"image":{"@id":"https:\/\/coffeelounge.delonghi.com\/fr-be\/product\/deca-colombia-sugarcane\/#primaryimage"},"thumbnailUrl":"https:\/\/coffeelounge.delonghi.com\/wp-content\/uploads\/2023\/04\/deca_colombia_sugarcane.png","datePublished":"2023-04-27T14:35:38+00:00","dateModified":"2024-03-04T14:28:58+00:00","description":"Attendez-vous \u00e0 un caf\u00e9 robuste avec des notes de chocolat et de caramel et une bouche \u00e9paisse et cr\u00e9meuse.","breadcrumb":{"@id":"https:\/\/coffeelounge.delonghi.com\/fr-be\/product\/deca-colombia-sugarcane\/#breadcrumb"},"inLanguage":"fr-be","potentialAction":[{"@type":"ReadAction","target":["https:\/\/coffeelounge.delonghi.com\/fr-be\/product\/deca-colombia-sugarcane\/"]}]},{"@type":"ImageObject","inLanguage":"fr-be","@id":"https:\/\/coffeelounge.delonghi.com\/fr-be\/product\/deca-colombia-sugarcane\/#primaryimage","url":"https:\/\/coffeelounge.delonghi.com\/wp-content\/uploads\/2023\/04\/deca_colombia_sugarcane.png","contentUrl":"https:\/\/coffeelounge.delonghi.com\/wp-content\/uploads\/2023\/04\/deca_colombia_sugarcane.png","width":452,"height":452},{"@type":"BreadcrumbList","@id":"https:\/\/coffeelounge.delonghi.com\/fr-be\/product\/deca-colombia-sugarcane\/#breadcrumb","itemListElement":[{"@type":"ListItem","position":1,"name":"Home","item":"https:\/\/coffeelounge.delonghi.com\/fr-be\/"},{"@type":"ListItem","position":2,"name":"Boutique","item":"https:\/\/coffeelounge.delonghi.com\/fr\/?page_id=36"},{"@type":"ListItem","position":3,"name":"Deca Colombia Sugarcane"}]},{"@type":"WebSite","@id":"https:\/\/coffeelounge.delonghi.com\/fr-be\/#website","url":"https:\/\/coffeelounge.delonghi.com\/fr-be\/","name":"De&#039;Longhi","description":"Coffee Lounge","publisher":{"@id":"https:\/\/coffeelounge.delonghi.com\/fr-be\/#organization"},"potentialAction":[{"@type":"SearchAction","target":{"@type":"EntryPoint","urlTemplate":"https:\/\/coffeelounge.delonghi.com\/fr-be\/?s={search_term_string}"},"query-input":{"@type":"PropertyValueSpecification","valueRequired":true,"valueName":"search_term_string"}}],"inLanguage":"fr-be"},{"@type":"Organization","@id":"https:\/\/coffeelounge.delonghi.com\/fr-be\/#organization","name":"De'Longhi Coffee Lounge","url":"https:\/\/coffeelounge.delonghi.com\/fr-be\/","logo":{"@type":"ImageObject","inLanguage":"fr-be","@id":"https:\/\/coffeelounge.delonghi.com\/fr-be\/#\/schema\/logo\/image\/","url":"https:\/\/coffeelounge.delonghi.com\/wp-content\/uploads\/2020\/05\/delonghi-coffee-lounge-logo-nederland.png","contentUrl":"https:\/\/coffeelounge.delonghi.com\/wp-content\/uploads\/2020\/05\/delonghi-coffee-lounge-logo-nederland.png","width":2337,"height":724,"caption":"De'Longhi Coffee Lounge"},"image":{"@id":"https:\/\/coffeelounge.delonghi.com\/fr-be\/#\/schema\/logo\/image\/"}}]}},"_links":{"self":[{"href":"https:\/\/coffeelounge.delonghi.com\/fr-be\/wp-json\/wp\/v2\/product\/383386","targetHints":{"allow":["GET"]}}],"collection":[{"href":"https:\/\/coffeelounge.delonghi.com\/fr-be\/wp-json\/wp\/v2\/product"}],"about":[{"href":"https:\/\/coffeelounge.delonghi.com\/fr-be\/wp-json\/wp\/v2\/types\/product"}],"replies":[{"embeddable":true,"href":"https:\/\/coffeelounge.delonghi.com\/fr-be\/wp-json\/wp\/v2\/comments?post=383386"}],"version-history":[{"count":2,"href":"https:\/\/coffeelounge.delonghi.com\/fr-be\/wp-json\/wp\/v2\/product\/383386\/revisions"}],"predecessor-version":[{"id":422320,"href":"https:\/\/coffeelounge.delonghi.com\/fr-be\/wp-json\/wp\/v2\/product\/383386\/revisions\/422320"}],"wp:featuredmedia":[{"embeddable":true,"href":"https:\/\/coffeelounge.delonghi.com\/fr-be\/wp-json\/wp\/v2\/media\/416787"}],"wp:attachment":[{"href":"https:\/\/coffeelounge.delonghi.com\/fr-be\/wp-json\/wp\/v2\/media?parent=383386"}],"wp:term":[{"taxonomy":"product_cat","embeddable":true,"href":"https:\/\/coffeelounge.delonghi.com\/fr-be\/wp-json\/wp\/v2\/product_cat?post=383386"},{"taxonomy":"product_tag","embeddable":true,"href":"https:\/\/coffeelounge.delonghi.com\/fr-be\/wp-json\/wp\/v2\/product_tag?post=383386"}],"curies":[{"name":"wp","href":"https:\/\/api.w.org\/{rel}","templated":true}]}}