{"id":383378,"date":"2023-04-27T14:29:15","date_gmt":"2023-04-27T14:29:15","guid":{"rendered":"https:\/\/coffeelounge.delonghi.com\/?post_type=product&#038;p=383378"},"modified":"2024-03-04T14:29:05","modified_gmt":"2024-03-04T14:29:05","slug":"ecuador-vilcabamba","status":"publish","type":"product","link":"https:\/\/coffeelounge.delonghi.com\/fr-be\/product\/ecuador-vilcabamba\/","title":{"rendered":"Ecuador Vilcabamba"},"content":{"rendered":"<p>Le caf\u00e9 de Vilcabamba est \u00e9galement appel\u00e9 le caf\u00e9 des si\u00e8cles. Il est cultiv\u00e9 par plusieurs familles sur de petites parcelles. Les habitants du village situ\u00e9 \u00e0 1600 m\u00e8tres d&#8217;altitude consid\u00e8rent leur produit comme un breuvage de grande qualit\u00e9, qu&#8217;ils consomment eux-m\u00eames quotidiennement. C&#8217;est pourquoi ils n&#8217;en exportent que de petites quantit\u00e9s. Vilcabamba est situ\u00e9 dans une vall\u00e9e luxuriante qui se caract\u00e9rise par un climat mod\u00e9r\u00e9, avec des temp\u00e9ratures comprises entre 18 et 24 \u00b0C tout au long de l&#8217;ann\u00e9e. Ce caf\u00e9 a un ar\u00f4me floral avec des notes \u00e9pic\u00e9es et un soup\u00e7on de caramel.<\/p>\n","protected":false},"excerpt":{"rendered":"<p>Le caf\u00e9 de Vilcabamba est \u00e9galement appel\u00e9 le caf\u00e9 des si\u00e8cles. Il est cultiv\u00e9 par plusieurs familles sur de petites parcelles. Les habitants du village situ\u00e9 \u00e0 1600 m\u00e8tres d&#8217;altitude consid\u00e8rent leur produit comme un breuvage de grande qualit\u00e9, qu&#8217;ils consomment eux-m\u00eames quotidiennement. C&#8217;est pourquoi ils n&#8217;en exportent que de petites quantit\u00e9s. Vilcabamba est situ\u00e9 [&hellip;]<\/p>\n","protected":false},"featured_media":416840,"comment_status":"closed","ping_status":"closed","template":"","meta":{"_acf_changed":false},"product_cat":[477,480],"product_tag":[],"class_list":{"0":"post-383378","1":"product","2":"type-product","3":"status-publish","4":"has-post-thumbnail","6":"product_cat-tous-les-cafes","7":"product_cat-cafe-de-specialite","9":"first","10":"instock","11":"taxable","12":"shipping-taxable","13":"purchasable","14":"product-type-variable"},"acf":[],"yoast_head":"<!-- This site is optimized with the Yoast SEO Premium plugin v24.5 (Yoast SEO v24.5) - https:\/\/yoast.com\/wordpress\/plugins\/seo\/ -->\n<title>Ecuador Vilcabamba | De&#039;Longhi<\/title>\n<meta name=\"description\" content=\"Ce caf\u00e9 a un ar\u00f4me floral avec des notes \u00e9pic\u00e9es et un soup\u00e7on de caramel. Tr\u00e8s bien pour un petit pauze !\" \/>\n<meta name=\"robots\" content=\"index, follow, max-snippet:-1, max-image-preview:large, max-video-preview:-1\" \/>\n<meta name=\"twitter:card\" content=\"summary_large_image\" \/>\n<meta name=\"twitter:title\" content=\"Ecuador Vilcabamba | De&#039;Longhi\" \/>\n<meta name=\"twitter:description\" content=\"Ce caf\u00e9 a un ar\u00f4me floral avec des notes \u00e9pic\u00e9es et un soup\u00e7on de caramel. Tr\u00e8s bien pour un petit pauze !\" \/>\n<meta name=\"twitter:image\" content=\"https:\/\/coffeelounge.delonghi.com\/wp-content\/uploads\/2023\/04\/ecuador_vilcabamba.png\" \/>\n<script type=\"application\/ld+json\" class=\"yoast-schema-graph\">{\"@context\":\"https:\/\/schema.org\",\"@graph\":[{\"@type\":\"WebPage\",\"@id\":\"https:\/\/coffeelounge.delonghi.com\/fr-be\/product\/ecuador-vilcabamba\/\",\"url\":\"https:\/\/coffeelounge.delonghi.com\/fr-be\/product\/ecuador-vilcabamba\/\",\"name\":\"Ecuador Vilcabamba | De&#039;Longhi\",\"isPartOf\":{\"@id\":\"https:\/\/coffeelounge.delonghi.com\/fr-be\/#website\"},\"primaryImageOfPage\":{\"@id\":\"https:\/\/coffeelounge.delonghi.com\/fr-be\/product\/ecuador-vilcabamba\/#primaryimage\"},\"image\":{\"@id\":\"https:\/\/coffeelounge.delonghi.com\/fr-be\/product\/ecuador-vilcabamba\/#primaryimage\"},\"thumbnailUrl\":\"https:\/\/coffeelounge.delonghi.com\/wp-content\/uploads\/2023\/04\/ecuador_vilcabamba.png\",\"datePublished\":\"2023-04-27T14:29:15+00:00\",\"dateModified\":\"2024-03-04T14:29:05+00:00\",\"description\":\"Ce caf\u00e9 a un ar\u00f4me floral avec des notes \u00e9pic\u00e9es et un soup\u00e7on de caramel. Tr\u00e8s bien pour un petit pauze !\",\"breadcrumb\":{\"@id\":\"https:\/\/coffeelounge.delonghi.com\/fr-be\/product\/ecuador-vilcabamba\/#breadcrumb\"},\"inLanguage\":\"fr-be\",\"potentialAction\":[{\"@type\":\"ReadAction\",\"target\":[\"https:\/\/coffeelounge.delonghi.com\/fr-be\/product\/ecuador-vilcabamba\/\"]}]},{\"@type\":\"ImageObject\",\"inLanguage\":\"fr-be\",\"@id\":\"https:\/\/coffeelounge.delonghi.com\/fr-be\/product\/ecuador-vilcabamba\/#primaryimage\",\"url\":\"https:\/\/coffeelounge.delonghi.com\/wp-content\/uploads\/2023\/04\/ecuador_vilcabamba.png\",\"contentUrl\":\"https:\/\/coffeelounge.delonghi.com\/wp-content\/uploads\/2023\/04\/ecuador_vilcabamba.png\",\"width\":452,\"height\":452},{\"@type\":\"BreadcrumbList\",\"@id\":\"https:\/\/coffeelounge.delonghi.com\/fr-be\/product\/ecuador-vilcabamba\/#breadcrumb\",\"itemListElement\":[{\"@type\":\"ListItem\",\"position\":1,\"name\":\"Home\",\"item\":\"https:\/\/coffeelounge.delonghi.com\/fr-be\/\"},{\"@type\":\"ListItem\",\"position\":2,\"name\":\"Boutique\",\"item\":\"https:\/\/coffeelounge.delonghi.com\/fr\/?page_id=36\"},{\"@type\":\"ListItem\",\"position\":3,\"name\":\"Ecuador Vilcabamba\"}]},{\"@type\":\"WebSite\",\"@id\":\"https:\/\/coffeelounge.delonghi.com\/fr-be\/#website\",\"url\":\"https:\/\/coffeelounge.delonghi.com\/fr-be\/\",\"name\":\"De&#039;Longhi\",\"description\":\"Coffee Lounge\",\"publisher\":{\"@id\":\"https:\/\/coffeelounge.delonghi.com\/fr-be\/#organization\"},\"potentialAction\":[{\"@type\":\"SearchAction\",\"target\":{\"@type\":\"EntryPoint\",\"urlTemplate\":\"https:\/\/coffeelounge.delonghi.com\/fr-be\/?s={search_term_string}\"},\"query-input\":{\"@type\":\"PropertyValueSpecification\",\"valueRequired\":true,\"valueName\":\"search_term_string\"}}],\"inLanguage\":\"fr-be\"},{\"@type\":\"Organization\",\"@id\":\"https:\/\/coffeelounge.delonghi.com\/fr-be\/#organization\",\"name\":\"De'Longhi Coffee Lounge\",\"url\":\"https:\/\/coffeelounge.delonghi.com\/fr-be\/\",\"logo\":{\"@type\":\"ImageObject\",\"inLanguage\":\"fr-be\",\"@id\":\"https:\/\/coffeelounge.delonghi.com\/fr-be\/#\/schema\/logo\/image\/\",\"url\":\"https:\/\/coffeelounge.delonghi.com\/wp-content\/uploads\/2020\/05\/delonghi-coffee-lounge-logo-nederland.png\",\"contentUrl\":\"https:\/\/coffeelounge.delonghi.com\/wp-content\/uploads\/2020\/05\/delonghi-coffee-lounge-logo-nederland.png\",\"width\":2337,\"height\":724,\"caption\":\"De'Longhi Coffee Lounge\"},\"image\":{\"@id\":\"https:\/\/coffeelounge.delonghi.com\/fr-be\/#\/schema\/logo\/image\/\"}}]}<\/script>\n<!-- \/ Yoast SEO Premium plugin. -->","yoast_head_json":{"title":"Ecuador Vilcabamba | De&#039;Longhi","description":"Ce caf\u00e9 a un ar\u00f4me floral avec des notes \u00e9pic\u00e9es et un soup\u00e7on de caramel. Tr\u00e8s bien pour un petit pauze !","robots":{"index":"index","follow":"follow","max-snippet":"max-snippet:-1","max-image-preview":"max-image-preview:large","max-video-preview":"max-video-preview:-1"},"twitter_card":"summary_large_image","twitter_title":"Ecuador Vilcabamba | De&#039;Longhi","twitter_description":"Ce caf\u00e9 a un ar\u00f4me floral avec des notes \u00e9pic\u00e9es et un soup\u00e7on de caramel. Tr\u00e8s bien pour un petit pauze !","twitter_image":"https:\/\/coffeelounge.delonghi.com\/wp-content\/uploads\/2023\/04\/ecuador_vilcabamba.png","schema":{"@context":"https:\/\/schema.org","@graph":[{"@type":"WebPage","@id":"https:\/\/coffeelounge.delonghi.com\/fr-be\/product\/ecuador-vilcabamba\/","url":"https:\/\/coffeelounge.delonghi.com\/fr-be\/product\/ecuador-vilcabamba\/","name":"Ecuador Vilcabamba | De&#039;Longhi","isPartOf":{"@id":"https:\/\/coffeelounge.delonghi.com\/fr-be\/#website"},"primaryImageOfPage":{"@id":"https:\/\/coffeelounge.delonghi.com\/fr-be\/product\/ecuador-vilcabamba\/#primaryimage"},"image":{"@id":"https:\/\/coffeelounge.delonghi.com\/fr-be\/product\/ecuador-vilcabamba\/#primaryimage"},"thumbnailUrl":"https:\/\/coffeelounge.delonghi.com\/wp-content\/uploads\/2023\/04\/ecuador_vilcabamba.png","datePublished":"2023-04-27T14:29:15+00:00","dateModified":"2024-03-04T14:29:05+00:00","description":"Ce caf\u00e9 a un ar\u00f4me floral avec des notes \u00e9pic\u00e9es et un soup\u00e7on de caramel. Tr\u00e8s bien pour un petit pauze !","breadcrumb":{"@id":"https:\/\/coffeelounge.delonghi.com\/fr-be\/product\/ecuador-vilcabamba\/#breadcrumb"},"inLanguage":"fr-be","potentialAction":[{"@type":"ReadAction","target":["https:\/\/coffeelounge.delonghi.com\/fr-be\/product\/ecuador-vilcabamba\/"]}]},{"@type":"ImageObject","inLanguage":"fr-be","@id":"https:\/\/coffeelounge.delonghi.com\/fr-be\/product\/ecuador-vilcabamba\/#primaryimage","url":"https:\/\/coffeelounge.delonghi.com\/wp-content\/uploads\/2023\/04\/ecuador_vilcabamba.png","contentUrl":"https:\/\/coffeelounge.delonghi.com\/wp-content\/uploads\/2023\/04\/ecuador_vilcabamba.png","width":452,"height":452},{"@type":"BreadcrumbList","@id":"https:\/\/coffeelounge.delonghi.com\/fr-be\/product\/ecuador-vilcabamba\/#breadcrumb","itemListElement":[{"@type":"ListItem","position":1,"name":"Home","item":"https:\/\/coffeelounge.delonghi.com\/fr-be\/"},{"@type":"ListItem","position":2,"name":"Boutique","item":"https:\/\/coffeelounge.delonghi.com\/fr\/?page_id=36"},{"@type":"ListItem","position":3,"name":"Ecuador Vilcabamba"}]},{"@type":"WebSite","@id":"https:\/\/coffeelounge.delonghi.com\/fr-be\/#website","url":"https:\/\/coffeelounge.delonghi.com\/fr-be\/","name":"De&#039;Longhi","description":"Coffee Lounge","publisher":{"@id":"https:\/\/coffeelounge.delonghi.com\/fr-be\/#organization"},"potentialAction":[{"@type":"SearchAction","target":{"@type":"EntryPoint","urlTemplate":"https:\/\/coffeelounge.delonghi.com\/fr-be\/?s={search_term_string}"},"query-input":{"@type":"PropertyValueSpecification","valueRequired":true,"valueName":"search_term_string"}}],"inLanguage":"fr-be"},{"@type":"Organization","@id":"https:\/\/coffeelounge.delonghi.com\/fr-be\/#organization","name":"De'Longhi Coffee Lounge","url":"https:\/\/coffeelounge.delonghi.com\/fr-be\/","logo":{"@type":"ImageObject","inLanguage":"fr-be","@id":"https:\/\/coffeelounge.delonghi.com\/fr-be\/#\/schema\/logo\/image\/","url":"https:\/\/coffeelounge.delonghi.com\/wp-content\/uploads\/2020\/05\/delonghi-coffee-lounge-logo-nederland.png","contentUrl":"https:\/\/coffeelounge.delonghi.com\/wp-content\/uploads\/2020\/05\/delonghi-coffee-lounge-logo-nederland.png","width":2337,"height":724,"caption":"De'Longhi Coffee Lounge"},"image":{"@id":"https:\/\/coffeelounge.delonghi.com\/fr-be\/#\/schema\/logo\/image\/"}}]}},"_links":{"self":[{"href":"https:\/\/coffeelounge.delonghi.com\/fr-be\/wp-json\/wp\/v2\/product\/383378","targetHints":{"allow":["GET"]}}],"collection":[{"href":"https:\/\/coffeelounge.delonghi.com\/fr-be\/wp-json\/wp\/v2\/product"}],"about":[{"href":"https:\/\/coffeelounge.delonghi.com\/fr-be\/wp-json\/wp\/v2\/types\/product"}],"replies":[{"embeddable":true,"href":"https:\/\/coffeelounge.delonghi.com\/fr-be\/wp-json\/wp\/v2\/comments?post=383378"}],"version-history":[{"count":2,"href":"https:\/\/coffeelounge.delonghi.com\/fr-be\/wp-json\/wp\/v2\/product\/383378\/revisions"}],"predecessor-version":[{"id":422321,"href":"https:\/\/coffeelounge.delonghi.com\/fr-be\/wp-json\/wp\/v2\/product\/383378\/revisions\/422321"}],"wp:featuredmedia":[{"embeddable":true,"href":"https:\/\/coffeelounge.delonghi.com\/fr-be\/wp-json\/wp\/v2\/media\/416840"}],"wp:attachment":[{"href":"https:\/\/coffeelounge.delonghi.com\/fr-be\/wp-json\/wp\/v2\/media?parent=383378"}],"wp:term":[{"taxonomy":"product_cat","embeddable":true,"href":"https:\/\/coffeelounge.delonghi.com\/fr-be\/wp-json\/wp\/v2\/product_cat?post=383378"},{"taxonomy":"product_tag","embeddable":true,"href":"https:\/\/coffeelounge.delonghi.com\/fr-be\/wp-json\/wp\/v2\/product_tag?post=383378"}],"curies":[{"name":"wp","href":"https:\/\/api.w.org\/{rel}","templated":true}]}}