{"id":167472,"date":"2022-03-30T12:55:59","date_gmt":"2022-03-30T12:55:59","guid":{"rendered":"https:\/\/coffeelounge.delonghi.com\/?post_type=product&#038;p=167472"},"modified":"2024-03-04T14:29:31","modified_gmt":"2024-03-04T14:29:31","slug":"java-mokka","status":"publish","type":"product","link":"https:\/\/coffeelounge.delonghi.com\/fr-be\/product\/java-mokka\/","title":{"rendered":"Java Mokka"},"content":{"rendered":"<p>Un m\u00e9lange de grains d&#8217;Arabica,<br \/>\nVous reconna\u00eetrez notre Pastorale du Br\u00e9sil et du Guatemala Antigua.<\/p>\n<p><strong>Br\u00e9sil :<\/strong><br \/>\nLe Minas Gerais (en portugais &#8220;Mines g\u00e9n\u00e9rales&#8221;) \u00e9tait nomm\u00e9 d&#8217;apr\u00e8s le min\u00e9ral \u00e9tendu et pr\u00e9cieux trouv\u00e9s au 18\u00e8me si\u00e8cle. C&#8217;est l&#8217;\u00c9tat le plus accident\u00e9 du Br\u00e9sil, avec plus de la moiti\u00e9 de son territoire \u00e0 une altitude de plus de 600 m\u00e8tres.<br \/>\nLe sud de Minas est tr\u00e8s vallonn\u00e9 et vert, avec une grande production de caf\u00e9. Cette r\u00e9gion est remarquablement plus fra\u00eeche que le reste de l&#8217;\u00c9tat,<br \/>\net certains endroits ne sont soumis qu&#8217;\u00e0 des temp\u00e9ratures sous le point de cong\u00e9lation en hiver. Ce caf\u00e9 fin et onctueux a de bons ar\u00f4mes, une acidit\u00e9 moyenne \u00e0 faible, des notes de c\u00e9r\u00e9ales et de noisette, avec une arri\u00e8re go\u00fbt douce et fruit\u00e9e.<\/p>\n<p><strong>Guatemala Antigua Pastoral :<\/strong><br \/>\nLe Guatemala est l&#8217;un des plus grands pays producteurs de caf\u00e9 d&#8217;Am\u00e9rique centrale. largement vant\u00e9 pour ses conditions parfaites pour la culture du caf\u00e9. Huehuetenango, Coban, Fraijanes et Antigua sont les quatre principales zones de culture du caf\u00e9.<br \/>\nNotre &#8220;Guatemala Genuine Antigua Pastoral&#8221; provient d&#8217;Antigua, la r\u00e9gion qui, de ces quatre, produit peut-\u00eatre le caf\u00e9 le plus appr\u00e9ci\u00e9.<br \/>\nVall\u00e9e fertile entre 3 volcans Antigua est situ\u00e9e dans une vall\u00e9e fertile, prise en sandwich entre trois volcans. A 2200 m\u00e8tres d&#8217;altitude, les caf\u00e9iers d&#8217;Antigua Pastoral b\u00e9n\u00e9ficient d&#8217;un climat constant.\u00a0Nourris par le riche sol volcanique, les buissons prosp\u00e8rent dans la verdure luxuriante.<br \/>\nLes buissons prosp\u00e8rent dans l&#8217;abondant soleil. Les nombreux arbres qui bordent les plantations prot\u00e8gent les plantes de la chaleur et du soleil,<br \/>\nprot\u00e9ger les plantes \u00e0 la fois de la chaleur et des nuits froides de l&#8217;hiver, de d\u00e9cembre \u00e0 f\u00e9vrier.<\/p>\n","protected":false},"excerpt":{"rendered":"<p>Un m\u00e9lange de grains d&#8217;Arabica, Vous reconna\u00eetrez notre Pastorale du Br\u00e9sil et du Guatemala Antigua. Br\u00e9sil : Le Minas Gerais (en portugais &#8220;Mines g\u00e9n\u00e9rales&#8221;) \u00e9tait nomm\u00e9 d&#8217;apr\u00e8s le min\u00e9ral \u00e9tendu et pr\u00e9cieux trouv\u00e9s au 18\u00e8me si\u00e8cle. C&#8217;est l&#8217;\u00c9tat le plus accident\u00e9 du Br\u00e9sil, avec plus de la moiti\u00e9 de son territoire \u00e0 une altitude de [&hellip;]<\/p>\n","protected":false},"featured_media":166859,"comment_status":"closed","ping_status":"closed","template":"","meta":{"_acf_changed":false},"product_cat":[477,480],"product_tag":[],"class_list":{"0":"post-167472","1":"product","2":"type-product","3":"status-publish","4":"has-post-thumbnail","6":"product_cat-tous-les-cafes","7":"product_cat-cafe-de-specialite","9":"first","10":"instock","11":"taxable","12":"shipping-taxable","13":"purchasable","14":"product-type-variable"},"acf":[],"yoast_head":"<!-- This site is optimized with the Yoast SEO Premium plugin v24.5 (Yoast SEO v24.5) - https:\/\/yoast.com\/wordpress\/plugins\/seo\/ -->\n<title>Java Mokka | De&#039;Longhi<\/title>\n<meta name=\"description\" content=\"D\u00e9couvrez l&#039;ar\u00f4me des grains de caf\u00e9 Java Mokka, produits par Mokapi et voyagez avec nous pour explorer un monde de caf\u00e9 unique.\" \/>\n<meta name=\"robots\" content=\"index, follow, max-snippet:-1, max-image-preview:large, max-video-preview:-1\" \/>\n<meta name=\"twitter:card\" content=\"summary_large_image\" \/>\n<meta name=\"twitter:title\" content=\"Java Mokka | De&#039;Longhi\" \/>\n<meta name=\"twitter:description\" content=\"D\u00e9couvrez l&#039;ar\u00f4me des grains de caf\u00e9 Java Mokka, produits par Mokapi et voyagez avec nous pour explorer un monde de caf\u00e9 unique.\" \/>\n<meta name=\"twitter:image\" content=\"https:\/\/coffeelounge.delonghi.com\/wp-content\/uploads\/2022\/03\/mockup-coffee-java_1024x1024.webp\" \/>\n<script type=\"application\/ld+json\" class=\"yoast-schema-graph\">{\"@context\":\"https:\/\/schema.org\",\"@graph\":[{\"@type\":\"WebPage\",\"@id\":\"https:\/\/coffeelounge.delonghi.com\/fr-be\/product\/java-mokka\/\",\"url\":\"https:\/\/coffeelounge.delonghi.com\/fr-be\/product\/java-mokka\/\",\"name\":\"Java Mokka | De&#039;Longhi\",\"isPartOf\":{\"@id\":\"https:\/\/coffeelounge.delonghi.com\/fr-be\/#website\"},\"primaryImageOfPage\":{\"@id\":\"https:\/\/coffeelounge.delonghi.com\/fr-be\/product\/java-mokka\/#primaryimage\"},\"image\":{\"@id\":\"https:\/\/coffeelounge.delonghi.com\/fr-be\/product\/java-mokka\/#primaryimage\"},\"thumbnailUrl\":\"https:\/\/coffeelounge.delonghi.com\/wp-content\/uploads\/2022\/03\/mockup-coffee-java_1024x1024.webp\",\"datePublished\":\"2022-03-30T12:55:59+00:00\",\"dateModified\":\"2024-03-04T14:29:31+00:00\",\"description\":\"D\u00e9couvrez l'ar\u00f4me des grains de caf\u00e9 Java Mokka, produits par Mokapi et voyagez avec nous pour explorer un monde de caf\u00e9 unique.\",\"breadcrumb\":{\"@id\":\"https:\/\/coffeelounge.delonghi.com\/fr-be\/product\/java-mokka\/#breadcrumb\"},\"inLanguage\":\"fr-be\",\"potentialAction\":[{\"@type\":\"ReadAction\",\"target\":[\"https:\/\/coffeelounge.delonghi.com\/fr-be\/product\/java-mokka\/\"]}]},{\"@type\":\"ImageObject\",\"inLanguage\":\"fr-be\",\"@id\":\"https:\/\/coffeelounge.delonghi.com\/fr-be\/product\/java-mokka\/#primaryimage\",\"url\":\"https:\/\/coffeelounge.delonghi.com\/wp-content\/uploads\/2022\/03\/mockup-coffee-java_1024x1024.webp\",\"contentUrl\":\"https:\/\/coffeelounge.delonghi.com\/wp-content\/uploads\/2022\/03\/mockup-coffee-java_1024x1024.webp\",\"width\":717,\"height\":1024,\"caption\":\"Java Mokka\"},{\"@type\":\"BreadcrumbList\",\"@id\":\"https:\/\/coffeelounge.delonghi.com\/fr-be\/product\/java-mokka\/#breadcrumb\",\"itemListElement\":[{\"@type\":\"ListItem\",\"position\":1,\"name\":\"Home\",\"item\":\"https:\/\/coffeelounge.delonghi.com\/fr-be\/\"},{\"@type\":\"ListItem\",\"position\":2,\"name\":\"Boutique\",\"item\":\"https:\/\/coffeelounge.delonghi.com\/fr\/?page_id=36\"},{\"@type\":\"ListItem\",\"position\":3,\"name\":\"Java Mokka\"}]},{\"@type\":\"WebSite\",\"@id\":\"https:\/\/coffeelounge.delonghi.com\/fr-be\/#website\",\"url\":\"https:\/\/coffeelounge.delonghi.com\/fr-be\/\",\"name\":\"De&#039;Longhi\",\"description\":\"Coffee Lounge\",\"publisher\":{\"@id\":\"https:\/\/coffeelounge.delonghi.com\/fr-be\/#organization\"},\"potentialAction\":[{\"@type\":\"SearchAction\",\"target\":{\"@type\":\"EntryPoint\",\"urlTemplate\":\"https:\/\/coffeelounge.delonghi.com\/fr-be\/?s={search_term_string}\"},\"query-input\":{\"@type\":\"PropertyValueSpecification\",\"valueRequired\":true,\"valueName\":\"search_term_string\"}}],\"inLanguage\":\"fr-be\"},{\"@type\":\"Organization\",\"@id\":\"https:\/\/coffeelounge.delonghi.com\/fr-be\/#organization\",\"name\":\"De'Longhi Coffee Lounge\",\"url\":\"https:\/\/coffeelounge.delonghi.com\/fr-be\/\",\"logo\":{\"@type\":\"ImageObject\",\"inLanguage\":\"fr-be\",\"@id\":\"https:\/\/coffeelounge.delonghi.com\/fr-be\/#\/schema\/logo\/image\/\",\"url\":\"https:\/\/coffeelounge.delonghi.com\/wp-content\/uploads\/2020\/05\/delonghi-coffee-lounge-logo-nederland.png\",\"contentUrl\":\"https:\/\/coffeelounge.delonghi.com\/wp-content\/uploads\/2020\/05\/delonghi-coffee-lounge-logo-nederland.png\",\"width\":2337,\"height\":724,\"caption\":\"De'Longhi Coffee Lounge\"},\"image\":{\"@id\":\"https:\/\/coffeelounge.delonghi.com\/fr-be\/#\/schema\/logo\/image\/\"}}]}<\/script>\n<!-- \/ Yoast SEO Premium plugin. -->","yoast_head_json":{"title":"Java Mokka | De&#039;Longhi","description":"D\u00e9couvrez l'ar\u00f4me des grains de caf\u00e9 Java Mokka, produits par Mokapi et voyagez avec nous pour explorer un monde de caf\u00e9 unique.","robots":{"index":"index","follow":"follow","max-snippet":"max-snippet:-1","max-image-preview":"max-image-preview:large","max-video-preview":"max-video-preview:-1"},"twitter_card":"summary_large_image","twitter_title":"Java Mokka | De&#039;Longhi","twitter_description":"D\u00e9couvrez l'ar\u00f4me des grains de caf\u00e9 Java Mokka, produits par Mokapi et voyagez avec nous pour explorer un monde de caf\u00e9 unique.","twitter_image":"https:\/\/coffeelounge.delonghi.com\/wp-content\/uploads\/2022\/03\/mockup-coffee-java_1024x1024.webp","schema":{"@context":"https:\/\/schema.org","@graph":[{"@type":"WebPage","@id":"https:\/\/coffeelounge.delonghi.com\/fr-be\/product\/java-mokka\/","url":"https:\/\/coffeelounge.delonghi.com\/fr-be\/product\/java-mokka\/","name":"Java Mokka | De&#039;Longhi","isPartOf":{"@id":"https:\/\/coffeelounge.delonghi.com\/fr-be\/#website"},"primaryImageOfPage":{"@id":"https:\/\/coffeelounge.delonghi.com\/fr-be\/product\/java-mokka\/#primaryimage"},"image":{"@id":"https:\/\/coffeelounge.delonghi.com\/fr-be\/product\/java-mokka\/#primaryimage"},"thumbnailUrl":"https:\/\/coffeelounge.delonghi.com\/wp-content\/uploads\/2022\/03\/mockup-coffee-java_1024x1024.webp","datePublished":"2022-03-30T12:55:59+00:00","dateModified":"2024-03-04T14:29:31+00:00","description":"D\u00e9couvrez l'ar\u00f4me des grains de caf\u00e9 Java Mokka, produits par Mokapi et voyagez avec nous pour explorer un monde de caf\u00e9 unique.","breadcrumb":{"@id":"https:\/\/coffeelounge.delonghi.com\/fr-be\/product\/java-mokka\/#breadcrumb"},"inLanguage":"fr-be","potentialAction":[{"@type":"ReadAction","target":["https:\/\/coffeelounge.delonghi.com\/fr-be\/product\/java-mokka\/"]}]},{"@type":"ImageObject","inLanguage":"fr-be","@id":"https:\/\/coffeelounge.delonghi.com\/fr-be\/product\/java-mokka\/#primaryimage","url":"https:\/\/coffeelounge.delonghi.com\/wp-content\/uploads\/2022\/03\/mockup-coffee-java_1024x1024.webp","contentUrl":"https:\/\/coffeelounge.delonghi.com\/wp-content\/uploads\/2022\/03\/mockup-coffee-java_1024x1024.webp","width":717,"height":1024,"caption":"Java Mokka"},{"@type":"BreadcrumbList","@id":"https:\/\/coffeelounge.delonghi.com\/fr-be\/product\/java-mokka\/#breadcrumb","itemListElement":[{"@type":"ListItem","position":1,"name":"Home","item":"https:\/\/coffeelounge.delonghi.com\/fr-be\/"},{"@type":"ListItem","position":2,"name":"Boutique","item":"https:\/\/coffeelounge.delonghi.com\/fr\/?page_id=36"},{"@type":"ListItem","position":3,"name":"Java Mokka"}]},{"@type":"WebSite","@id":"https:\/\/coffeelounge.delonghi.com\/fr-be\/#website","url":"https:\/\/coffeelounge.delonghi.com\/fr-be\/","name":"De&#039;Longhi","description":"Coffee Lounge","publisher":{"@id":"https:\/\/coffeelounge.delonghi.com\/fr-be\/#organization"},"potentialAction":[{"@type":"SearchAction","target":{"@type":"EntryPoint","urlTemplate":"https:\/\/coffeelounge.delonghi.com\/fr-be\/?s={search_term_string}"},"query-input":{"@type":"PropertyValueSpecification","valueRequired":true,"valueName":"search_term_string"}}],"inLanguage":"fr-be"},{"@type":"Organization","@id":"https:\/\/coffeelounge.delonghi.com\/fr-be\/#organization","name":"De'Longhi Coffee Lounge","url":"https:\/\/coffeelounge.delonghi.com\/fr-be\/","logo":{"@type":"ImageObject","inLanguage":"fr-be","@id":"https:\/\/coffeelounge.delonghi.com\/fr-be\/#\/schema\/logo\/image\/","url":"https:\/\/coffeelounge.delonghi.com\/wp-content\/uploads\/2020\/05\/delonghi-coffee-lounge-logo-nederland.png","contentUrl":"https:\/\/coffeelounge.delonghi.com\/wp-content\/uploads\/2020\/05\/delonghi-coffee-lounge-logo-nederland.png","width":2337,"height":724,"caption":"De'Longhi Coffee Lounge"},"image":{"@id":"https:\/\/coffeelounge.delonghi.com\/fr-be\/#\/schema\/logo\/image\/"}}]}},"_links":{"self":[{"href":"https:\/\/coffeelounge.delonghi.com\/fr-be\/wp-json\/wp\/v2\/product\/167472","targetHints":{"allow":["GET"]}}],"collection":[{"href":"https:\/\/coffeelounge.delonghi.com\/fr-be\/wp-json\/wp\/v2\/product"}],"about":[{"href":"https:\/\/coffeelounge.delonghi.com\/fr-be\/wp-json\/wp\/v2\/types\/product"}],"replies":[{"embeddable":true,"href":"https:\/\/coffeelounge.delonghi.com\/fr-be\/wp-json\/wp\/v2\/comments?post=167472"}],"version-history":[{"count":3,"href":"https:\/\/coffeelounge.delonghi.com\/fr-be\/wp-json\/wp\/v2\/product\/167472\/revisions"}],"predecessor-version":[{"id":422324,"href":"https:\/\/coffeelounge.delonghi.com\/fr-be\/wp-json\/wp\/v2\/product\/167472\/revisions\/422324"}],"wp:featuredmedia":[{"embeddable":true,"href":"https:\/\/coffeelounge.delonghi.com\/fr-be\/wp-json\/wp\/v2\/media\/166859"}],"wp:attachment":[{"href":"https:\/\/coffeelounge.delonghi.com\/fr-be\/wp-json\/wp\/v2\/media?parent=167472"}],"wp:term":[{"taxonomy":"product_cat","embeddable":true,"href":"https:\/\/coffeelounge.delonghi.com\/fr-be\/wp-json\/wp\/v2\/product_cat?post=167472"},{"taxonomy":"product_tag","embeddable":true,"href":"https:\/\/coffeelounge.delonghi.com\/fr-be\/wp-json\/wp\/v2\/product_tag?post=167472"}],"curies":[{"name":"wp","href":"https:\/\/api.w.org\/{rel}","templated":true}]}}