{"id":140622,"date":"2022-02-20T16:19:09","date_gmt":"2022-02-20T16:19:09","guid":{"rendered":"https:\/\/coffeelounge.delonghi.com\/?post_type=product&#038;p=140622"},"modified":"2024-03-04T14:31:18","modified_gmt":"2024-03-04T14:31:18","slug":"colombia-bucaramanga","status":"publish","type":"product","link":"https:\/\/coffeelounge.delonghi.com\/fr-be\/product\/colombia-bucaramanga\/","title":{"rendered":"Colombia Bucaramanga"},"content":{"rendered":"<p>Bucaramanga est situ\u00e9e au nord de la Colombie, le Venezuela se trouvant de l&#8217;autre c\u00f4t\u00e9 de la Cordill\u00e8re des Andes. La plantation se trouve \u00e0 la m\u00eame latitude que les r\u00e9gions caf\u00e9i\u00e8res du Panama, du Costa Rica, de l&#8217;Inde ou de l&#8217;\u00c9thiopie. Ce sont des conditions id\u00e9ales pour la culture du caf\u00e9. Nous jouons beaucoup avec l&#8217;ombre sur la plantation, car la cr\u00e9er assure des temp\u00e9ratures plus fra\u00eeches et plus stables, permettant aux grains de caf\u00e9 de m\u00fbrir beaucoup plus calmement et de d\u00e9velopper des sucres plus complexes. Et cela se traduit par un caf\u00e9 d&#8217;origine d\u00e9licieuse.<\/p>\n","protected":false},"excerpt":{"rendered":"<p>Bucaramanga est situ\u00e9e au nord de la Colombie, le Venezuela se trouvant de l&#8217;autre c\u00f4t\u00e9 de la Cordill\u00e8re des Andes. La plantation se trouve \u00e0 la m\u00eame latitude que les r\u00e9gions caf\u00e9i\u00e8res du Panama, du Costa Rica, de l&#8217;Inde ou de l&#8217;\u00c9thiopie. Ce sont des conditions id\u00e9ales pour la culture du caf\u00e9. Nous jouons beaucoup [&hellip;]<\/p>\n","protected":false},"featured_media":417928,"comment_status":"closed","ping_status":"closed","template":"","meta":{"_acf_changed":false},"product_cat":[477,480],"product_tag":[],"class_list":{"0":"post-140622","1":"product","2":"type-product","3":"status-publish","4":"has-post-thumbnail","6":"product_cat-tous-les-cafes","7":"product_cat-cafe-de-specialite","9":"first","10":"instock","11":"taxable","12":"shipping-taxable","13":"purchasable","14":"product-type-variable"},"acf":[],"yoast_head":"<!-- This site is optimized with the Yoast SEO Premium plugin v24.5 (Yoast SEO v24.5) - https:\/\/yoast.com\/wordpress\/plugins\/seo\/ -->\n<title>Colombia Bucaramanga | De&#039;Longhi<\/title>\n<meta name=\"description\" content=\"D\u00e9couvrez l&#039;ar\u00f4me des grains de caf\u00e9 Colombia Bucaramanga, produits par Viva Sara et voyagez avec nous pour explorer un monde de caf\u00e9 unique.\" \/>\n<meta name=\"robots\" content=\"index, follow, max-snippet:-1, max-image-preview:large, max-video-preview:-1\" \/>\n<meta name=\"twitter:card\" content=\"summary_large_image\" \/>\n<meta name=\"twitter:title\" content=\"Colombia Bucaramanga | De&#039;Longhi\" \/>\n<meta name=\"twitter:description\" content=\"D\u00e9couvrez l&#039;ar\u00f4me des grains de caf\u00e9 Colombia Bucaramanga, produits par Viva Sara et voyagez avec nous pour explorer un monde de caf\u00e9 unique.\" \/>\n<meta name=\"twitter:image\" content=\"https:\/\/coffeelounge.delonghi.com\/wp-content\/uploads\/2022\/02\/colombia_Bucaramanga-1.png\" \/>\n<script type=\"application\/ld+json\" class=\"yoast-schema-graph\">{\"@context\":\"https:\/\/schema.org\",\"@graph\":[{\"@type\":\"WebPage\",\"@id\":\"https:\/\/coffeelounge.delonghi.com\/fr-be\/product\/colombia-bucaramanga\/\",\"url\":\"https:\/\/coffeelounge.delonghi.com\/fr-be\/product\/colombia-bucaramanga\/\",\"name\":\"Colombia Bucaramanga | De&#039;Longhi\",\"isPartOf\":{\"@id\":\"https:\/\/coffeelounge.delonghi.com\/fr-be\/#website\"},\"primaryImageOfPage\":{\"@id\":\"https:\/\/coffeelounge.delonghi.com\/fr-be\/product\/colombia-bucaramanga\/#primaryimage\"},\"image\":{\"@id\":\"https:\/\/coffeelounge.delonghi.com\/fr-be\/product\/colombia-bucaramanga\/#primaryimage\"},\"thumbnailUrl\":\"https:\/\/coffeelounge.delonghi.com\/wp-content\/uploads\/2022\/02\/colombia_Bucaramanga-1.png\",\"datePublished\":\"2022-02-20T16:19:09+00:00\",\"dateModified\":\"2024-03-04T14:31:18+00:00\",\"description\":\"D\u00e9couvrez l'ar\u00f4me des grains de caf\u00e9 Colombia Bucaramanga, produits par Viva Sara et voyagez avec nous pour explorer un monde de caf\u00e9 unique.\",\"breadcrumb\":{\"@id\":\"https:\/\/coffeelounge.delonghi.com\/fr-be\/product\/colombia-bucaramanga\/#breadcrumb\"},\"inLanguage\":\"fr-be\",\"potentialAction\":[{\"@type\":\"ReadAction\",\"target\":[\"https:\/\/coffeelounge.delonghi.com\/fr-be\/product\/colombia-bucaramanga\/\"]}]},{\"@type\":\"ImageObject\",\"inLanguage\":\"fr-be\",\"@id\":\"https:\/\/coffeelounge.delonghi.com\/fr-be\/product\/colombia-bucaramanga\/#primaryimage\",\"url\":\"https:\/\/coffeelounge.delonghi.com\/wp-content\/uploads\/2022\/02\/colombia_Bucaramanga-1.png\",\"contentUrl\":\"https:\/\/coffeelounge.delonghi.com\/wp-content\/uploads\/2022\/02\/colombia_Bucaramanga-1.png\",\"width\":612,\"height\":407},{\"@type\":\"BreadcrumbList\",\"@id\":\"https:\/\/coffeelounge.delonghi.com\/fr-be\/product\/colombia-bucaramanga\/#breadcrumb\",\"itemListElement\":[{\"@type\":\"ListItem\",\"position\":1,\"name\":\"Home\",\"item\":\"https:\/\/coffeelounge.delonghi.com\/fr-be\/\"},{\"@type\":\"ListItem\",\"position\":2,\"name\":\"Boutique\",\"item\":\"https:\/\/coffeelounge.delonghi.com\/fr\/?page_id=36\"},{\"@type\":\"ListItem\",\"position\":3,\"name\":\"Colombia Bucaramanga\"}]},{\"@type\":\"WebSite\",\"@id\":\"https:\/\/coffeelounge.delonghi.com\/fr-be\/#website\",\"url\":\"https:\/\/coffeelounge.delonghi.com\/fr-be\/\",\"name\":\"De&#039;Longhi\",\"description\":\"Coffee Lounge\",\"publisher\":{\"@id\":\"https:\/\/coffeelounge.delonghi.com\/fr-be\/#organization\"},\"potentialAction\":[{\"@type\":\"SearchAction\",\"target\":{\"@type\":\"EntryPoint\",\"urlTemplate\":\"https:\/\/coffeelounge.delonghi.com\/fr-be\/?s={search_term_string}\"},\"query-input\":{\"@type\":\"PropertyValueSpecification\",\"valueRequired\":true,\"valueName\":\"search_term_string\"}}],\"inLanguage\":\"fr-be\"},{\"@type\":\"Organization\",\"@id\":\"https:\/\/coffeelounge.delonghi.com\/fr-be\/#organization\",\"name\":\"De'Longhi Coffee Lounge\",\"url\":\"https:\/\/coffeelounge.delonghi.com\/fr-be\/\",\"logo\":{\"@type\":\"ImageObject\",\"inLanguage\":\"fr-be\",\"@id\":\"https:\/\/coffeelounge.delonghi.com\/fr-be\/#\/schema\/logo\/image\/\",\"url\":\"https:\/\/coffeelounge.delonghi.com\/wp-content\/uploads\/2020\/05\/delonghi-coffee-lounge-logo-nederland.png\",\"contentUrl\":\"https:\/\/coffeelounge.delonghi.com\/wp-content\/uploads\/2020\/05\/delonghi-coffee-lounge-logo-nederland.png\",\"width\":2337,\"height\":724,\"caption\":\"De'Longhi Coffee Lounge\"},\"image\":{\"@id\":\"https:\/\/coffeelounge.delonghi.com\/fr-be\/#\/schema\/logo\/image\/\"}}]}<\/script>\n<!-- \/ Yoast SEO Premium plugin. -->","yoast_head_json":{"title":"Colombia Bucaramanga | De&#039;Longhi","description":"D\u00e9couvrez l'ar\u00f4me des grains de caf\u00e9 Colombia Bucaramanga, produits par Viva Sara et voyagez avec nous pour explorer un monde de caf\u00e9 unique.","robots":{"index":"index","follow":"follow","max-snippet":"max-snippet:-1","max-image-preview":"max-image-preview:large","max-video-preview":"max-video-preview:-1"},"twitter_card":"summary_large_image","twitter_title":"Colombia Bucaramanga | De&#039;Longhi","twitter_description":"D\u00e9couvrez l'ar\u00f4me des grains de caf\u00e9 Colombia Bucaramanga, produits par Viva Sara et voyagez avec nous pour explorer un monde de caf\u00e9 unique.","twitter_image":"https:\/\/coffeelounge.delonghi.com\/wp-content\/uploads\/2022\/02\/colombia_Bucaramanga-1.png","schema":{"@context":"https:\/\/schema.org","@graph":[{"@type":"WebPage","@id":"https:\/\/coffeelounge.delonghi.com\/fr-be\/product\/colombia-bucaramanga\/","url":"https:\/\/coffeelounge.delonghi.com\/fr-be\/product\/colombia-bucaramanga\/","name":"Colombia Bucaramanga | De&#039;Longhi","isPartOf":{"@id":"https:\/\/coffeelounge.delonghi.com\/fr-be\/#website"},"primaryImageOfPage":{"@id":"https:\/\/coffeelounge.delonghi.com\/fr-be\/product\/colombia-bucaramanga\/#primaryimage"},"image":{"@id":"https:\/\/coffeelounge.delonghi.com\/fr-be\/product\/colombia-bucaramanga\/#primaryimage"},"thumbnailUrl":"https:\/\/coffeelounge.delonghi.com\/wp-content\/uploads\/2022\/02\/colombia_Bucaramanga-1.png","datePublished":"2022-02-20T16:19:09+00:00","dateModified":"2024-03-04T14:31:18+00:00","description":"D\u00e9couvrez l'ar\u00f4me des grains de caf\u00e9 Colombia Bucaramanga, produits par Viva Sara et voyagez avec nous pour explorer un monde de caf\u00e9 unique.","breadcrumb":{"@id":"https:\/\/coffeelounge.delonghi.com\/fr-be\/product\/colombia-bucaramanga\/#breadcrumb"},"inLanguage":"fr-be","potentialAction":[{"@type":"ReadAction","target":["https:\/\/coffeelounge.delonghi.com\/fr-be\/product\/colombia-bucaramanga\/"]}]},{"@type":"ImageObject","inLanguage":"fr-be","@id":"https:\/\/coffeelounge.delonghi.com\/fr-be\/product\/colombia-bucaramanga\/#primaryimage","url":"https:\/\/coffeelounge.delonghi.com\/wp-content\/uploads\/2022\/02\/colombia_Bucaramanga-1.png","contentUrl":"https:\/\/coffeelounge.delonghi.com\/wp-content\/uploads\/2022\/02\/colombia_Bucaramanga-1.png","width":612,"height":407},{"@type":"BreadcrumbList","@id":"https:\/\/coffeelounge.delonghi.com\/fr-be\/product\/colombia-bucaramanga\/#breadcrumb","itemListElement":[{"@type":"ListItem","position":1,"name":"Home","item":"https:\/\/coffeelounge.delonghi.com\/fr-be\/"},{"@type":"ListItem","position":2,"name":"Boutique","item":"https:\/\/coffeelounge.delonghi.com\/fr\/?page_id=36"},{"@type":"ListItem","position":3,"name":"Colombia Bucaramanga"}]},{"@type":"WebSite","@id":"https:\/\/coffeelounge.delonghi.com\/fr-be\/#website","url":"https:\/\/coffeelounge.delonghi.com\/fr-be\/","name":"De&#039;Longhi","description":"Coffee Lounge","publisher":{"@id":"https:\/\/coffeelounge.delonghi.com\/fr-be\/#organization"},"potentialAction":[{"@type":"SearchAction","target":{"@type":"EntryPoint","urlTemplate":"https:\/\/coffeelounge.delonghi.com\/fr-be\/?s={search_term_string}"},"query-input":{"@type":"PropertyValueSpecification","valueRequired":true,"valueName":"search_term_string"}}],"inLanguage":"fr-be"},{"@type":"Organization","@id":"https:\/\/coffeelounge.delonghi.com\/fr-be\/#organization","name":"De'Longhi Coffee Lounge","url":"https:\/\/coffeelounge.delonghi.com\/fr-be\/","logo":{"@type":"ImageObject","inLanguage":"fr-be","@id":"https:\/\/coffeelounge.delonghi.com\/fr-be\/#\/schema\/logo\/image\/","url":"https:\/\/coffeelounge.delonghi.com\/wp-content\/uploads\/2020\/05\/delonghi-coffee-lounge-logo-nederland.png","contentUrl":"https:\/\/coffeelounge.delonghi.com\/wp-content\/uploads\/2020\/05\/delonghi-coffee-lounge-logo-nederland.png","width":2337,"height":724,"caption":"De'Longhi Coffee Lounge"},"image":{"@id":"https:\/\/coffeelounge.delonghi.com\/fr-be\/#\/schema\/logo\/image\/"}}]}},"_links":{"self":[{"href":"https:\/\/coffeelounge.delonghi.com\/fr-be\/wp-json\/wp\/v2\/product\/140622","targetHints":{"allow":["GET"]}}],"collection":[{"href":"https:\/\/coffeelounge.delonghi.com\/fr-be\/wp-json\/wp\/v2\/product"}],"about":[{"href":"https:\/\/coffeelounge.delonghi.com\/fr-be\/wp-json\/wp\/v2\/types\/product"}],"replies":[{"embeddable":true,"href":"https:\/\/coffeelounge.delonghi.com\/fr-be\/wp-json\/wp\/v2\/comments?post=140622"}],"version-history":[{"count":2,"href":"https:\/\/coffeelounge.delonghi.com\/fr-be\/wp-json\/wp\/v2\/product\/140622\/revisions"}],"predecessor-version":[{"id":422333,"href":"https:\/\/coffeelounge.delonghi.com\/fr-be\/wp-json\/wp\/v2\/product\/140622\/revisions\/422333"}],"wp:featuredmedia":[{"embeddable":true,"href":"https:\/\/coffeelounge.delonghi.com\/fr-be\/wp-json\/wp\/v2\/media\/417928"}],"wp:attachment":[{"href":"https:\/\/coffeelounge.delonghi.com\/fr-be\/wp-json\/wp\/v2\/media?parent=140622"}],"wp:term":[{"taxonomy":"product_cat","embeddable":true,"href":"https:\/\/coffeelounge.delonghi.com\/fr-be\/wp-json\/wp\/v2\/product_cat?post=140622"},{"taxonomy":"product_tag","embeddable":true,"href":"https:\/\/coffeelounge.delonghi.com\/fr-be\/wp-json\/wp\/v2\/product_tag?post=140622"}],"curies":[{"name":"wp","href":"https:\/\/api.w.org\/{rel}","templated":true}]}}