{"id":140612,"date":"2022-02-20T16:07:50","date_gmt":"2022-02-20T16:07:50","guid":{"rendered":"https:\/\/coffeelounge.delonghi.com\/?post_type=product&#038;p=140612"},"modified":"2024-03-04T14:31:25","modified_gmt":"2024-03-04T14:31:25","slug":"brazil-sunrise","status":"publish","type":"product","link":"https:\/\/coffeelounge.delonghi.com\/fr-be\/product\/brazil-sunrise\/","title":{"rendered":"Brazil Sunrise"},"content":{"rendered":"<p>Capricornio Coffees commercialise d&#8217;excellents caf\u00e9s provenant de superbes domaines et terroirs qui sont membres du projet Four Seasons. Le projet a le but d&#8217;\u00e9tablir des relations \u00e0 long terme et de transf\u00e9rer davantage d&#8217;argent aux producteurs, en partant du principe que les partenariats doivent \u00eatre durables et offrir toujours une situation gagnant-gagnant. Le projet Four Seasons comprend du caf\u00e9 provenant de 6 r\u00e9gions diff\u00e9rentes : Norte Pioneiro, Norte Novo, dans l&#8217;\u00c9tat du Paran\u00e1, et Sorocabana, Gar\u00e7a et Mar\u00edlia, Circuito das \u00c1guas Paulistas et Alta Mogiana, dans l&#8217;\u00c9tat de S\u00e3o Paulo. Au Br\u00e9sil, avec un bureau \u00e0 Ourinhos, la soci\u00e9t\u00e9 est la seule \u00e0 proposer une large gamme de caf\u00e9s diff\u00e9rents provenant de 6 r\u00e9gions de production diff\u00e9rentes.<\/p>\n","protected":false},"excerpt":{"rendered":"<p>Capricornio Coffees commercialise d&#8217;excellents caf\u00e9s provenant de superbes domaines et terroirs qui sont membres du projet Four Seasons. Le projet a le but d&#8217;\u00e9tablir des relations \u00e0 long terme et de transf\u00e9rer davantage d&#8217;argent aux producteurs, en partant du principe que les partenariats doivent \u00eatre durables et offrir toujours une situation gagnant-gagnant. Le projet Four [&hellip;]<\/p>\n","protected":false},"featured_media":416667,"comment_status":"closed","ping_status":"closed","template":"","meta":{"_acf_changed":false},"product_cat":[477,479],"product_tag":[],"class_list":{"0":"post-140612","1":"product","2":"type-product","3":"status-publish","4":"has-post-thumbnail","6":"product_cat-tous-les-cafes","7":"product_cat-pure-origine","9":"first","10":"instock","11":"taxable","12":"shipping-taxable","13":"purchasable","14":"product-type-variable"},"acf":[],"yoast_head":"<!-- This site is optimized with the Yoast SEO Premium plugin v24.5 (Yoast SEO v24.5) - https:\/\/yoast.com\/wordpress\/plugins\/seo\/ -->\n<title>Brazil Sunrise | De&#039;Longhi<\/title>\n<meta name=\"description\" content=\"D\u00e9couvrez l&#039;ar\u00f4me des grains de caf\u00e9 Brazil Sunrise, produits par Viva Sara et voyagez avec nous pour explorer un monde de caf\u00e9 unique.\" \/>\n<meta name=\"robots\" content=\"index, follow, max-snippet:-1, max-image-preview:large, max-video-preview:-1\" \/>\n<meta name=\"twitter:card\" content=\"summary_large_image\" \/>\n<meta name=\"twitter:title\" content=\"Brazil Sunrise | De&#039;Longhi\" \/>\n<meta name=\"twitter:description\" content=\"D\u00e9couvrez l&#039;ar\u00f4me des grains de caf\u00e9 Brazil Sunrise, produits par Viva Sara et voyagez avec nous pour explorer un monde de caf\u00e9 unique.\" \/>\n<meta name=\"twitter:image\" content=\"https:\/\/coffeelounge.delonghi.com\/wp-content\/uploads\/2022\/02\/Brasil_Sunrise.png\" \/>\n<script type=\"application\/ld+json\" class=\"yoast-schema-graph\">{\"@context\":\"https:\/\/schema.org\",\"@graph\":[{\"@type\":\"WebPage\",\"@id\":\"https:\/\/coffeelounge.delonghi.com\/fr-be\/product\/brazil-sunrise\/\",\"url\":\"https:\/\/coffeelounge.delonghi.com\/fr-be\/product\/brazil-sunrise\/\",\"name\":\"Brazil Sunrise | De&#039;Longhi\",\"isPartOf\":{\"@id\":\"https:\/\/coffeelounge.delonghi.com\/fr-be\/#website\"},\"primaryImageOfPage\":{\"@id\":\"https:\/\/coffeelounge.delonghi.com\/fr-be\/product\/brazil-sunrise\/#primaryimage\"},\"image\":{\"@id\":\"https:\/\/coffeelounge.delonghi.com\/fr-be\/product\/brazil-sunrise\/#primaryimage\"},\"thumbnailUrl\":\"https:\/\/coffeelounge.delonghi.com\/wp-content\/uploads\/2022\/02\/Brasil_Sunrise.png\",\"datePublished\":\"2022-02-20T16:07:50+00:00\",\"dateModified\":\"2024-03-04T14:31:25+00:00\",\"description\":\"D\u00e9couvrez l'ar\u00f4me des grains de caf\u00e9 Brazil Sunrise, produits par Viva Sara et voyagez avec nous pour explorer un monde de caf\u00e9 unique.\",\"breadcrumb\":{\"@id\":\"https:\/\/coffeelounge.delonghi.com\/fr-be\/product\/brazil-sunrise\/#breadcrumb\"},\"inLanguage\":\"fr-be\",\"potentialAction\":[{\"@type\":\"ReadAction\",\"target\":[\"https:\/\/coffeelounge.delonghi.com\/fr-be\/product\/brazil-sunrise\/\"]}]},{\"@type\":\"ImageObject\",\"inLanguage\":\"fr-be\",\"@id\":\"https:\/\/coffeelounge.delonghi.com\/fr-be\/product\/brazil-sunrise\/#primaryimage\",\"url\":\"https:\/\/coffeelounge.delonghi.com\/wp-content\/uploads\/2022\/02\/Brasil_Sunrise.png\",\"contentUrl\":\"https:\/\/coffeelounge.delonghi.com\/wp-content\/uploads\/2022\/02\/Brasil_Sunrise.png\",\"width\":612,\"height\":407},{\"@type\":\"BreadcrumbList\",\"@id\":\"https:\/\/coffeelounge.delonghi.com\/fr-be\/product\/brazil-sunrise\/#breadcrumb\",\"itemListElement\":[{\"@type\":\"ListItem\",\"position\":1,\"name\":\"Home\",\"item\":\"https:\/\/coffeelounge.delonghi.com\/fr-be\/\"},{\"@type\":\"ListItem\",\"position\":2,\"name\":\"Boutique\",\"item\":\"https:\/\/coffeelounge.delonghi.com\/fr\/?page_id=36\"},{\"@type\":\"ListItem\",\"position\":3,\"name\":\"Brazil Sunrise\"}]},{\"@type\":\"WebSite\",\"@id\":\"https:\/\/coffeelounge.delonghi.com\/fr-be\/#website\",\"url\":\"https:\/\/coffeelounge.delonghi.com\/fr-be\/\",\"name\":\"De&#039;Longhi\",\"description\":\"Coffee Lounge\",\"publisher\":{\"@id\":\"https:\/\/coffeelounge.delonghi.com\/fr-be\/#organization\"},\"potentialAction\":[{\"@type\":\"SearchAction\",\"target\":{\"@type\":\"EntryPoint\",\"urlTemplate\":\"https:\/\/coffeelounge.delonghi.com\/fr-be\/?s={search_term_string}\"},\"query-input\":{\"@type\":\"PropertyValueSpecification\",\"valueRequired\":true,\"valueName\":\"search_term_string\"}}],\"inLanguage\":\"fr-be\"},{\"@type\":\"Organization\",\"@id\":\"https:\/\/coffeelounge.delonghi.com\/fr-be\/#organization\",\"name\":\"De'Longhi Coffee Lounge\",\"url\":\"https:\/\/coffeelounge.delonghi.com\/fr-be\/\",\"logo\":{\"@type\":\"ImageObject\",\"inLanguage\":\"fr-be\",\"@id\":\"https:\/\/coffeelounge.delonghi.com\/fr-be\/#\/schema\/logo\/image\/\",\"url\":\"https:\/\/coffeelounge.delonghi.com\/wp-content\/uploads\/2020\/05\/delonghi-coffee-lounge-logo-nederland.png\",\"contentUrl\":\"https:\/\/coffeelounge.delonghi.com\/wp-content\/uploads\/2020\/05\/delonghi-coffee-lounge-logo-nederland.png\",\"width\":2337,\"height\":724,\"caption\":\"De'Longhi Coffee Lounge\"},\"image\":{\"@id\":\"https:\/\/coffeelounge.delonghi.com\/fr-be\/#\/schema\/logo\/image\/\"}}]}<\/script>\n<!-- \/ Yoast SEO Premium plugin. -->","yoast_head_json":{"title":"Brazil Sunrise | De&#039;Longhi","description":"D\u00e9couvrez l'ar\u00f4me des grains de caf\u00e9 Brazil Sunrise, produits par Viva Sara et voyagez avec nous pour explorer un monde de caf\u00e9 unique.","robots":{"index":"index","follow":"follow","max-snippet":"max-snippet:-1","max-image-preview":"max-image-preview:large","max-video-preview":"max-video-preview:-1"},"twitter_card":"summary_large_image","twitter_title":"Brazil Sunrise | De&#039;Longhi","twitter_description":"D\u00e9couvrez l'ar\u00f4me des grains de caf\u00e9 Brazil Sunrise, produits par Viva Sara et voyagez avec nous pour explorer un monde de caf\u00e9 unique.","twitter_image":"https:\/\/coffeelounge.delonghi.com\/wp-content\/uploads\/2022\/02\/Brasil_Sunrise.png","schema":{"@context":"https:\/\/schema.org","@graph":[{"@type":"WebPage","@id":"https:\/\/coffeelounge.delonghi.com\/fr-be\/product\/brazil-sunrise\/","url":"https:\/\/coffeelounge.delonghi.com\/fr-be\/product\/brazil-sunrise\/","name":"Brazil Sunrise | De&#039;Longhi","isPartOf":{"@id":"https:\/\/coffeelounge.delonghi.com\/fr-be\/#website"},"primaryImageOfPage":{"@id":"https:\/\/coffeelounge.delonghi.com\/fr-be\/product\/brazil-sunrise\/#primaryimage"},"image":{"@id":"https:\/\/coffeelounge.delonghi.com\/fr-be\/product\/brazil-sunrise\/#primaryimage"},"thumbnailUrl":"https:\/\/coffeelounge.delonghi.com\/wp-content\/uploads\/2022\/02\/Brasil_Sunrise.png","datePublished":"2022-02-20T16:07:50+00:00","dateModified":"2024-03-04T14:31:25+00:00","description":"D\u00e9couvrez l'ar\u00f4me des grains de caf\u00e9 Brazil Sunrise, produits par Viva Sara et voyagez avec nous pour explorer un monde de caf\u00e9 unique.","breadcrumb":{"@id":"https:\/\/coffeelounge.delonghi.com\/fr-be\/product\/brazil-sunrise\/#breadcrumb"},"inLanguage":"fr-be","potentialAction":[{"@type":"ReadAction","target":["https:\/\/coffeelounge.delonghi.com\/fr-be\/product\/brazil-sunrise\/"]}]},{"@type":"ImageObject","inLanguage":"fr-be","@id":"https:\/\/coffeelounge.delonghi.com\/fr-be\/product\/brazil-sunrise\/#primaryimage","url":"https:\/\/coffeelounge.delonghi.com\/wp-content\/uploads\/2022\/02\/Brasil_Sunrise.png","contentUrl":"https:\/\/coffeelounge.delonghi.com\/wp-content\/uploads\/2022\/02\/Brasil_Sunrise.png","width":612,"height":407},{"@type":"BreadcrumbList","@id":"https:\/\/coffeelounge.delonghi.com\/fr-be\/product\/brazil-sunrise\/#breadcrumb","itemListElement":[{"@type":"ListItem","position":1,"name":"Home","item":"https:\/\/coffeelounge.delonghi.com\/fr-be\/"},{"@type":"ListItem","position":2,"name":"Boutique","item":"https:\/\/coffeelounge.delonghi.com\/fr\/?page_id=36"},{"@type":"ListItem","position":3,"name":"Brazil Sunrise"}]},{"@type":"WebSite","@id":"https:\/\/coffeelounge.delonghi.com\/fr-be\/#website","url":"https:\/\/coffeelounge.delonghi.com\/fr-be\/","name":"De&#039;Longhi","description":"Coffee Lounge","publisher":{"@id":"https:\/\/coffeelounge.delonghi.com\/fr-be\/#organization"},"potentialAction":[{"@type":"SearchAction","target":{"@type":"EntryPoint","urlTemplate":"https:\/\/coffeelounge.delonghi.com\/fr-be\/?s={search_term_string}"},"query-input":{"@type":"PropertyValueSpecification","valueRequired":true,"valueName":"search_term_string"}}],"inLanguage":"fr-be"},{"@type":"Organization","@id":"https:\/\/coffeelounge.delonghi.com\/fr-be\/#organization","name":"De'Longhi Coffee Lounge","url":"https:\/\/coffeelounge.delonghi.com\/fr-be\/","logo":{"@type":"ImageObject","inLanguage":"fr-be","@id":"https:\/\/coffeelounge.delonghi.com\/fr-be\/#\/schema\/logo\/image\/","url":"https:\/\/coffeelounge.delonghi.com\/wp-content\/uploads\/2020\/05\/delonghi-coffee-lounge-logo-nederland.png","contentUrl":"https:\/\/coffeelounge.delonghi.com\/wp-content\/uploads\/2020\/05\/delonghi-coffee-lounge-logo-nederland.png","width":2337,"height":724,"caption":"De'Longhi Coffee Lounge"},"image":{"@id":"https:\/\/coffeelounge.delonghi.com\/fr-be\/#\/schema\/logo\/image\/"}}]}},"_links":{"self":[{"href":"https:\/\/coffeelounge.delonghi.com\/fr-be\/wp-json\/wp\/v2\/product\/140612","targetHints":{"allow":["GET"]}}],"collection":[{"href":"https:\/\/coffeelounge.delonghi.com\/fr-be\/wp-json\/wp\/v2\/product"}],"about":[{"href":"https:\/\/coffeelounge.delonghi.com\/fr-be\/wp-json\/wp\/v2\/types\/product"}],"replies":[{"embeddable":true,"href":"https:\/\/coffeelounge.delonghi.com\/fr-be\/wp-json\/wp\/v2\/comments?post=140612"}],"version-history":[{"count":2,"href":"https:\/\/coffeelounge.delonghi.com\/fr-be\/wp-json\/wp\/v2\/product\/140612\/revisions"}],"predecessor-version":[{"id":422334,"href":"https:\/\/coffeelounge.delonghi.com\/fr-be\/wp-json\/wp\/v2\/product\/140612\/revisions\/422334"}],"wp:featuredmedia":[{"embeddable":true,"href":"https:\/\/coffeelounge.delonghi.com\/fr-be\/wp-json\/wp\/v2\/media\/416667"}],"wp:attachment":[{"href":"https:\/\/coffeelounge.delonghi.com\/fr-be\/wp-json\/wp\/v2\/media?parent=140612"}],"wp:term":[{"taxonomy":"product_cat","embeddable":true,"href":"https:\/\/coffeelounge.delonghi.com\/fr-be\/wp-json\/wp\/v2\/product_cat?post=140612"},{"taxonomy":"product_tag","embeddable":true,"href":"https:\/\/coffeelounge.delonghi.com\/fr-be\/wp-json\/wp\/v2\/product_tag?post=140612"}],"curies":[{"name":"wp","href":"https:\/\/api.w.org\/{rel}","templated":true}]}}