{"id":121947,"date":"2022-01-01T09:14:53","date_gmt":"2022-01-01T09:14:53","guid":{"rendered":"https:\/\/coffeelounge.delonghi.com\/?post_type=product&#038;p=121947"},"modified":"2024-03-04T14:33:28","modified_gmt":"2024-03-04T14:33:28","slug":"grains-de-cafe-brasil-santos-sunrise","status":"publish","type":"product","link":"https:\/\/coffeelounge.delonghi.com\/fr-be\/product\/grains-de-cafe-brasil-santos-sunrise\/","title":{"rendered":"Grains de caf\u00e9 Brasil Santos Sunrise"},"content":{"rendered":"<p>Ce caf\u00e9 Brasil Santos, doux et \u00e9quilibr\u00e9, a un arri\u00e8re-go\u00fbt \u00e9tonnamment rond avec des notes de noisette.<\/p>\n<p><strong>Origine<\/strong><br \/>\nBrasil Santos Sunrise est un caf\u00e9 d&#8217;origine JAVA provenant du district de Cerrado au Br\u00e9sil. La particularit\u00e9 de ce caf\u00e9 est qu&#8217;il porte le label de qualit\u00e9 Rainforest Alliance. En effet, le Cerrado est le deuxi\u00e8me plus grand \u00e9cosyst\u00e8me du Br\u00e9sil. De nombreuses esp\u00e8ces ne vivent qu&#8217;ici et sont menac\u00e9es d&#8217;extinction. La survie de ces esp\u00e8ces d\u00e9pend des efforts de conservation comme ceux des plantations de caf\u00e9 Santos Sunrise JAVA. Ils participent \u00e0 un programme de durabilit\u00e9 qui garantit la biodiversit\u00e9 et des salaires \u00e9quitables pour les agriculteurs de ces plantations de caf\u00e9. Les buissons de ces grains de caf\u00e9 poussent \u00e0 une altitude de 900 m\u00e8tres sur un sol argileux riche. Cela permet d&#8217;obtenir une l\u00e9g\u00e8re acidit\u00e9, des notes de noisette et un arri\u00e8re-go\u00fbt remarquablement rond dans le Santos Sunrise.<\/p>\n<p><strong>Processus<\/strong><br \/>\nCes grains de caf\u00e9 sont cultiv\u00e9s en longues rang\u00e9es, comme dans un vignoble, et sont r\u00e9colt\u00e9s \u00e0 la machine. Cela permet de cueillir rapidement la plupart des haricots. Les grains qui restent apr\u00e8s la machine sont ensuite r\u00e9colt\u00e9s \u00e0 la main. Les grains de caf\u00e9 sont s\u00e9ch\u00e9s au soleil, ce qui donne \u00e0 ce Br\u00e9sil son arri\u00e8re-go\u00fbt doux et rond.<\/p>\n","protected":false},"excerpt":{"rendered":"<p>Ce caf\u00e9 Brasil Santos, doux et \u00e9quilibr\u00e9, a un arri\u00e8re-go\u00fbt \u00e9tonnamment rond avec des notes de noisette. Origine Brasil Santos Sunrise est un caf\u00e9 d&#8217;origine JAVA provenant du district de Cerrado au Br\u00e9sil. La particularit\u00e9 de ce caf\u00e9 est qu&#8217;il porte le label de qualit\u00e9 Rainforest Alliance. En effet, le Cerrado est le deuxi\u00e8me plus [&hellip;]<\/p>\n","protected":false},"featured_media":416946,"comment_status":"closed","ping_status":"closed","template":"","meta":{"_acf_changed":false},"product_cat":[477,479],"product_tag":[],"class_list":{"0":"post-121947","1":"product","2":"type-product","3":"status-publish","4":"has-post-thumbnail","6":"product_cat-tous-les-cafes","7":"product_cat-pure-origine","9":"first","10":"instock","11":"taxable","12":"shipping-taxable","13":"purchasable","14":"product-type-variable"},"acf":[],"yoast_head":"<!-- This site is optimized with the Yoast SEO Premium plugin v24.5 (Yoast SEO v24.5) - https:\/\/yoast.com\/wordpress\/plugins\/seo\/ -->\n<title>Grains de caf\u00e9 Brasil Santos Sunrise | De&#039;Longhi<\/title>\n<meta name=\"description\" content=\"D\u00e9couvrez l&#039;ar\u00f4me des grains de caf\u00e9 Brasil Santos Sunrise, produits par Java et voyagez avec nous pour explorer un monde de caf\u00e9 unique.\" \/>\n<meta name=\"robots\" content=\"index, follow, max-snippet:-1, max-image-preview:large, max-video-preview:-1\" \/>\n<meta name=\"twitter:card\" content=\"summary_large_image\" \/>\n<meta name=\"twitter:title\" content=\"Grains de caf\u00e9 Brasil Santos Sunrise | De&#039;Longhi\" \/>\n<meta name=\"twitter:description\" content=\"D\u00e9couvrez l&#039;ar\u00f4me des grains de caf\u00e9 Brasil Santos Sunrise, produits par Java et voyagez avec nous pour explorer un monde de caf\u00e9 unique.\" \/>\n<meta name=\"twitter:image\" content=\"https:\/\/coffeelounge.delonghi.com\/wp-content\/uploads\/2022\/01\/grains_de_cafe_Brazil.png\" \/>\n<script type=\"application\/ld+json\" class=\"yoast-schema-graph\">{\"@context\":\"https:\/\/schema.org\",\"@graph\":[{\"@type\":\"WebPage\",\"@id\":\"https:\/\/coffeelounge.delonghi.com\/fr-be\/product\/grains-de-cafe-brasil-santos-sunrise\/\",\"url\":\"https:\/\/coffeelounge.delonghi.com\/fr-be\/product\/grains-de-cafe-brasil-santos-sunrise\/\",\"name\":\"Grains de caf\u00e9 Brasil Santos Sunrise | De&#039;Longhi\",\"isPartOf\":{\"@id\":\"https:\/\/coffeelounge.delonghi.com\/fr-be\/#website\"},\"primaryImageOfPage\":{\"@id\":\"https:\/\/coffeelounge.delonghi.com\/fr-be\/product\/grains-de-cafe-brasil-santos-sunrise\/#primaryimage\"},\"image\":{\"@id\":\"https:\/\/coffeelounge.delonghi.com\/fr-be\/product\/grains-de-cafe-brasil-santos-sunrise\/#primaryimage\"},\"thumbnailUrl\":\"https:\/\/coffeelounge.delonghi.com\/wp-content\/uploads\/2022\/01\/grains_de_cafe_Brazil.png\",\"datePublished\":\"2022-01-01T09:14:53+00:00\",\"dateModified\":\"2024-03-04T14:33:28+00:00\",\"description\":\"D\u00e9couvrez l'ar\u00f4me des grains de caf\u00e9 Brasil Santos Sunrise, produits par Java et voyagez avec nous pour explorer un monde de caf\u00e9 unique.\",\"breadcrumb\":{\"@id\":\"https:\/\/coffeelounge.delonghi.com\/fr-be\/product\/grains-de-cafe-brasil-santos-sunrise\/#breadcrumb\"},\"inLanguage\":\"fr-be\",\"potentialAction\":[{\"@type\":\"ReadAction\",\"target\":[\"https:\/\/coffeelounge.delonghi.com\/fr-be\/product\/grains-de-cafe-brasil-santos-sunrise\/\"]}]},{\"@type\":\"ImageObject\",\"inLanguage\":\"fr-be\",\"@id\":\"https:\/\/coffeelounge.delonghi.com\/fr-be\/product\/grains-de-cafe-brasil-santos-sunrise\/#primaryimage\",\"url\":\"https:\/\/coffeelounge.delonghi.com\/wp-content\/uploads\/2022\/01\/grains_de_cafe_Brazil.png\",\"contentUrl\":\"https:\/\/coffeelounge.delonghi.com\/wp-content\/uploads\/2022\/01\/grains_de_cafe_Brazil.png\",\"width\":470,\"height\":470},{\"@type\":\"BreadcrumbList\",\"@id\":\"https:\/\/coffeelounge.delonghi.com\/fr-be\/product\/grains-de-cafe-brasil-santos-sunrise\/#breadcrumb\",\"itemListElement\":[{\"@type\":\"ListItem\",\"position\":1,\"name\":\"Home\",\"item\":\"https:\/\/coffeelounge.delonghi.com\/fr-be\/\"},{\"@type\":\"ListItem\",\"position\":2,\"name\":\"Boutique\",\"item\":\"https:\/\/coffeelounge.delonghi.com\/fr\/?page_id=36\"},{\"@type\":\"ListItem\",\"position\":3,\"name\":\"Grains de caf\u00e9 Brasil Santos Sunrise\"}]},{\"@type\":\"WebSite\",\"@id\":\"https:\/\/coffeelounge.delonghi.com\/fr-be\/#website\",\"url\":\"https:\/\/coffeelounge.delonghi.com\/fr-be\/\",\"name\":\"De&#039;Longhi\",\"description\":\"Coffee Lounge\",\"publisher\":{\"@id\":\"https:\/\/coffeelounge.delonghi.com\/fr-be\/#organization\"},\"potentialAction\":[{\"@type\":\"SearchAction\",\"target\":{\"@type\":\"EntryPoint\",\"urlTemplate\":\"https:\/\/coffeelounge.delonghi.com\/fr-be\/?s={search_term_string}\"},\"query-input\":{\"@type\":\"PropertyValueSpecification\",\"valueRequired\":true,\"valueName\":\"search_term_string\"}}],\"inLanguage\":\"fr-be\"},{\"@type\":\"Organization\",\"@id\":\"https:\/\/coffeelounge.delonghi.com\/fr-be\/#organization\",\"name\":\"De'Longhi Coffee Lounge\",\"url\":\"https:\/\/coffeelounge.delonghi.com\/fr-be\/\",\"logo\":{\"@type\":\"ImageObject\",\"inLanguage\":\"fr-be\",\"@id\":\"https:\/\/coffeelounge.delonghi.com\/fr-be\/#\/schema\/logo\/image\/\",\"url\":\"https:\/\/coffeelounge.delonghi.com\/wp-content\/uploads\/2020\/05\/delonghi-coffee-lounge-logo-nederland.png\",\"contentUrl\":\"https:\/\/coffeelounge.delonghi.com\/wp-content\/uploads\/2020\/05\/delonghi-coffee-lounge-logo-nederland.png\",\"width\":2337,\"height\":724,\"caption\":\"De'Longhi Coffee Lounge\"},\"image\":{\"@id\":\"https:\/\/coffeelounge.delonghi.com\/fr-be\/#\/schema\/logo\/image\/\"}}]}<\/script>\n<!-- \/ Yoast SEO Premium plugin. -->","yoast_head_json":{"title":"Grains de caf\u00e9 Brasil Santos Sunrise | De&#039;Longhi","description":"D\u00e9couvrez l'ar\u00f4me des grains de caf\u00e9 Brasil Santos Sunrise, produits par Java et voyagez avec nous pour explorer un monde de caf\u00e9 unique.","robots":{"index":"index","follow":"follow","max-snippet":"max-snippet:-1","max-image-preview":"max-image-preview:large","max-video-preview":"max-video-preview:-1"},"twitter_card":"summary_large_image","twitter_title":"Grains de caf\u00e9 Brasil Santos Sunrise | De&#039;Longhi","twitter_description":"D\u00e9couvrez l'ar\u00f4me des grains de caf\u00e9 Brasil Santos Sunrise, produits par Java et voyagez avec nous pour explorer un monde de caf\u00e9 unique.","twitter_image":"https:\/\/coffeelounge.delonghi.com\/wp-content\/uploads\/2022\/01\/grains_de_cafe_Brazil.png","schema":{"@context":"https:\/\/schema.org","@graph":[{"@type":"WebPage","@id":"https:\/\/coffeelounge.delonghi.com\/fr-be\/product\/grains-de-cafe-brasil-santos-sunrise\/","url":"https:\/\/coffeelounge.delonghi.com\/fr-be\/product\/grains-de-cafe-brasil-santos-sunrise\/","name":"Grains de caf\u00e9 Brasil Santos Sunrise | De&#039;Longhi","isPartOf":{"@id":"https:\/\/coffeelounge.delonghi.com\/fr-be\/#website"},"primaryImageOfPage":{"@id":"https:\/\/coffeelounge.delonghi.com\/fr-be\/product\/grains-de-cafe-brasil-santos-sunrise\/#primaryimage"},"image":{"@id":"https:\/\/coffeelounge.delonghi.com\/fr-be\/product\/grains-de-cafe-brasil-santos-sunrise\/#primaryimage"},"thumbnailUrl":"https:\/\/coffeelounge.delonghi.com\/wp-content\/uploads\/2022\/01\/grains_de_cafe_Brazil.png","datePublished":"2022-01-01T09:14:53+00:00","dateModified":"2024-03-04T14:33:28+00:00","description":"D\u00e9couvrez l'ar\u00f4me des grains de caf\u00e9 Brasil Santos Sunrise, produits par Java et voyagez avec nous pour explorer un monde de caf\u00e9 unique.","breadcrumb":{"@id":"https:\/\/coffeelounge.delonghi.com\/fr-be\/product\/grains-de-cafe-brasil-santos-sunrise\/#breadcrumb"},"inLanguage":"fr-be","potentialAction":[{"@type":"ReadAction","target":["https:\/\/coffeelounge.delonghi.com\/fr-be\/product\/grains-de-cafe-brasil-santos-sunrise\/"]}]},{"@type":"ImageObject","inLanguage":"fr-be","@id":"https:\/\/coffeelounge.delonghi.com\/fr-be\/product\/grains-de-cafe-brasil-santos-sunrise\/#primaryimage","url":"https:\/\/coffeelounge.delonghi.com\/wp-content\/uploads\/2022\/01\/grains_de_cafe_Brazil.png","contentUrl":"https:\/\/coffeelounge.delonghi.com\/wp-content\/uploads\/2022\/01\/grains_de_cafe_Brazil.png","width":470,"height":470},{"@type":"BreadcrumbList","@id":"https:\/\/coffeelounge.delonghi.com\/fr-be\/product\/grains-de-cafe-brasil-santos-sunrise\/#breadcrumb","itemListElement":[{"@type":"ListItem","position":1,"name":"Home","item":"https:\/\/coffeelounge.delonghi.com\/fr-be\/"},{"@type":"ListItem","position":2,"name":"Boutique","item":"https:\/\/coffeelounge.delonghi.com\/fr\/?page_id=36"},{"@type":"ListItem","position":3,"name":"Grains de caf\u00e9 Brasil Santos Sunrise"}]},{"@type":"WebSite","@id":"https:\/\/coffeelounge.delonghi.com\/fr-be\/#website","url":"https:\/\/coffeelounge.delonghi.com\/fr-be\/","name":"De&#039;Longhi","description":"Coffee Lounge","publisher":{"@id":"https:\/\/coffeelounge.delonghi.com\/fr-be\/#organization"},"potentialAction":[{"@type":"SearchAction","target":{"@type":"EntryPoint","urlTemplate":"https:\/\/coffeelounge.delonghi.com\/fr-be\/?s={search_term_string}"},"query-input":{"@type":"PropertyValueSpecification","valueRequired":true,"valueName":"search_term_string"}}],"inLanguage":"fr-be"},{"@type":"Organization","@id":"https:\/\/coffeelounge.delonghi.com\/fr-be\/#organization","name":"De'Longhi Coffee Lounge","url":"https:\/\/coffeelounge.delonghi.com\/fr-be\/","logo":{"@type":"ImageObject","inLanguage":"fr-be","@id":"https:\/\/coffeelounge.delonghi.com\/fr-be\/#\/schema\/logo\/image\/","url":"https:\/\/coffeelounge.delonghi.com\/wp-content\/uploads\/2020\/05\/delonghi-coffee-lounge-logo-nederland.png","contentUrl":"https:\/\/coffeelounge.delonghi.com\/wp-content\/uploads\/2020\/05\/delonghi-coffee-lounge-logo-nederland.png","width":2337,"height":724,"caption":"De'Longhi Coffee Lounge"},"image":{"@id":"https:\/\/coffeelounge.delonghi.com\/fr-be\/#\/schema\/logo\/image\/"}}]}},"_links":{"self":[{"href":"https:\/\/coffeelounge.delonghi.com\/fr-be\/wp-json\/wp\/v2\/product\/121947","targetHints":{"allow":["GET"]}}],"collection":[{"href":"https:\/\/coffeelounge.delonghi.com\/fr-be\/wp-json\/wp\/v2\/product"}],"about":[{"href":"https:\/\/coffeelounge.delonghi.com\/fr-be\/wp-json\/wp\/v2\/types\/product"}],"replies":[{"embeddable":true,"href":"https:\/\/coffeelounge.delonghi.com\/fr-be\/wp-json\/wp\/v2\/comments?post=121947"}],"version-history":[{"count":2,"href":"https:\/\/coffeelounge.delonghi.com\/fr-be\/wp-json\/wp\/v2\/product\/121947\/revisions"}],"predecessor-version":[{"id":422342,"href":"https:\/\/coffeelounge.delonghi.com\/fr-be\/wp-json\/wp\/v2\/product\/121947\/revisions\/422342"}],"wp:featuredmedia":[{"embeddable":true,"href":"https:\/\/coffeelounge.delonghi.com\/fr-be\/wp-json\/wp\/v2\/media\/416946"}],"wp:attachment":[{"href":"https:\/\/coffeelounge.delonghi.com\/fr-be\/wp-json\/wp\/v2\/media?parent=121947"}],"wp:term":[{"taxonomy":"product_cat","embeddable":true,"href":"https:\/\/coffeelounge.delonghi.com\/fr-be\/wp-json\/wp\/v2\/product_cat?post=121947"},{"taxonomy":"product_tag","embeddable":true,"href":"https:\/\/coffeelounge.delonghi.com\/fr-be\/wp-json\/wp\/v2\/product_tag?post=121947"}],"curies":[{"name":"wp","href":"https:\/\/api.w.org\/{rel}","templated":true}]}}