{"id":121942,"date":"2022-01-01T09:11:10","date_gmt":"2022-01-01T09:11:10","guid":{"rendered":"https:\/\/coffeelounge.delonghi.com\/?post_type=product&#038;p=121942"},"modified":"2024-03-04T14:33:39","modified_gmt":"2024-03-04T14:33:39","slug":"grains-de-cafe-deca","status":"publish","type":"product","link":"https:\/\/coffeelounge.delonghi.com\/fr-be\/product\/grains-de-cafe-deca\/","title":{"rendered":"Grains de caf\u00e9 Deca"},"content":{"rendered":"<p>Envie d&#8217;un espresso, mais sans caf\u00e9ine ? Profitez de la pleine saveur d&#8217;une tasse de Deca.<\/p>\n<p>Ce m\u00e9lange fin avec les meilleurs grains Arabica offre le go\u00fbt complet d&#8217;un v\u00e9ritable Espresso. Vous pouvez donc d\u00e9guster plusieurs tasses d&#8217;Espresso Delight. D\u00e9licieux comme un Espresso, mais aussi comme un d\u00e9licieux Lungo \u00e9pic\u00e9.<\/p>\n","protected":false},"excerpt":{"rendered":"<p>Envie d&#8217;un espresso, mais sans caf\u00e9ine ? Profitez de la pleine saveur d&#8217;une tasse de Deca. Ce m\u00e9lange fin avec les meilleurs grains Arabica offre le go\u00fbt complet d&#8217;un v\u00e9ritable Espresso. Vous pouvez donc d\u00e9guster plusieurs tasses d&#8217;Espresso Delight. D\u00e9licieux comme un Espresso, mais aussi comme un d\u00e9licieux Lungo \u00e9pic\u00e9.<\/p>\n","protected":false},"featured_media":416959,"comment_status":"closed","ping_status":"closed","template":"","meta":{"_acf_changed":false},"product_cat":[477],"product_tag":[],"class_list":{"0":"post-121942","1":"product","2":"type-product","3":"status-publish","4":"has-post-thumbnail","6":"product_cat-tous-les-cafes","8":"first","9":"instock","10":"taxable","11":"shipping-taxable","12":"purchasable","13":"product-type-variable"},"acf":[],"yoast_head":"<!-- This site is optimized with the Yoast SEO Premium plugin v24.5 (Yoast SEO v24.5) - https:\/\/yoast.com\/wordpress\/plugins\/seo\/ -->\n<title>Grains de caf\u00e9 Deca | De&#039;Longhi<\/title>\n<meta name=\"description\" content=\"D\u00e9couvrez l&#039;ar\u00f4me des grains de caf\u00e9 Deca, produits par Java et voyagez avec nous pour explorer un monde de caf\u00e9 unique.\" \/>\n<meta name=\"robots\" content=\"index, follow, max-snippet:-1, max-image-preview:large, max-video-preview:-1\" \/>\n<meta name=\"twitter:card\" content=\"summary_large_image\" \/>\n<meta name=\"twitter:title\" content=\"Grains de caf\u00e9 Deca | De&#039;Longhi\" \/>\n<meta name=\"twitter:description\" content=\"D\u00e9couvrez l&#039;ar\u00f4me des grains de caf\u00e9 Deca, produits par Java et voyagez avec nous pour explorer un monde de caf\u00e9 unique.\" \/>\n<meta name=\"twitter:image\" content=\"https:\/\/coffeelounge.delonghi.com\/wp-content\/uploads\/2022\/01\/grains_de_cafe_Deca.png\" \/>\n<script type=\"application\/ld+json\" class=\"yoast-schema-graph\">{\"@context\":\"https:\/\/schema.org\",\"@graph\":[{\"@type\":\"WebPage\",\"@id\":\"https:\/\/coffeelounge.delonghi.com\/fr-be\/product\/grains-de-cafe-deca\/\",\"url\":\"https:\/\/coffeelounge.delonghi.com\/fr-be\/product\/grains-de-cafe-deca\/\",\"name\":\"Grains de caf\u00e9 Deca | De&#039;Longhi\",\"isPartOf\":{\"@id\":\"https:\/\/coffeelounge.delonghi.com\/fr-be\/#website\"},\"primaryImageOfPage\":{\"@id\":\"https:\/\/coffeelounge.delonghi.com\/fr-be\/product\/grains-de-cafe-deca\/#primaryimage\"},\"image\":{\"@id\":\"https:\/\/coffeelounge.delonghi.com\/fr-be\/product\/grains-de-cafe-deca\/#primaryimage\"},\"thumbnailUrl\":\"https:\/\/coffeelounge.delonghi.com\/wp-content\/uploads\/2022\/01\/grains_de_cafe_Deca.png\",\"datePublished\":\"2022-01-01T09:11:10+00:00\",\"dateModified\":\"2024-03-04T14:33:39+00:00\",\"description\":\"D\u00e9couvrez l'ar\u00f4me des grains de caf\u00e9 Deca, produits par Java et voyagez avec nous pour explorer un monde de caf\u00e9 unique.\",\"breadcrumb\":{\"@id\":\"https:\/\/coffeelounge.delonghi.com\/fr-be\/product\/grains-de-cafe-deca\/#breadcrumb\"},\"inLanguage\":\"fr-be\",\"potentialAction\":[{\"@type\":\"ReadAction\",\"target\":[\"https:\/\/coffeelounge.delonghi.com\/fr-be\/product\/grains-de-cafe-deca\/\"]}]},{\"@type\":\"ImageObject\",\"inLanguage\":\"fr-be\",\"@id\":\"https:\/\/coffeelounge.delonghi.com\/fr-be\/product\/grains-de-cafe-deca\/#primaryimage\",\"url\":\"https:\/\/coffeelounge.delonghi.com\/wp-content\/uploads\/2022\/01\/grains_de_cafe_Deca.png\",\"contentUrl\":\"https:\/\/coffeelounge.delonghi.com\/wp-content\/uploads\/2022\/01\/grains_de_cafe_Deca.png\",\"width\":470,\"height\":470},{\"@type\":\"BreadcrumbList\",\"@id\":\"https:\/\/coffeelounge.delonghi.com\/fr-be\/product\/grains-de-cafe-deca\/#breadcrumb\",\"itemListElement\":[{\"@type\":\"ListItem\",\"position\":1,\"name\":\"Home\",\"item\":\"https:\/\/coffeelounge.delonghi.com\/fr-be\/\"},{\"@type\":\"ListItem\",\"position\":2,\"name\":\"Boutique\",\"item\":\"https:\/\/coffeelounge.delonghi.com\/fr\/?page_id=36\"},{\"@type\":\"ListItem\",\"position\":3,\"name\":\"Grains de caf\u00e9 Deca\"}]},{\"@type\":\"WebSite\",\"@id\":\"https:\/\/coffeelounge.delonghi.com\/fr-be\/#website\",\"url\":\"https:\/\/coffeelounge.delonghi.com\/fr-be\/\",\"name\":\"De&#039;Longhi\",\"description\":\"Coffee Lounge\",\"publisher\":{\"@id\":\"https:\/\/coffeelounge.delonghi.com\/fr-be\/#organization\"},\"potentialAction\":[{\"@type\":\"SearchAction\",\"target\":{\"@type\":\"EntryPoint\",\"urlTemplate\":\"https:\/\/coffeelounge.delonghi.com\/fr-be\/?s={search_term_string}\"},\"query-input\":{\"@type\":\"PropertyValueSpecification\",\"valueRequired\":true,\"valueName\":\"search_term_string\"}}],\"inLanguage\":\"fr-be\"},{\"@type\":\"Organization\",\"@id\":\"https:\/\/coffeelounge.delonghi.com\/fr-be\/#organization\",\"name\":\"De'Longhi Coffee Lounge\",\"url\":\"https:\/\/coffeelounge.delonghi.com\/fr-be\/\",\"logo\":{\"@type\":\"ImageObject\",\"inLanguage\":\"fr-be\",\"@id\":\"https:\/\/coffeelounge.delonghi.com\/fr-be\/#\/schema\/logo\/image\/\",\"url\":\"https:\/\/coffeelounge.delonghi.com\/wp-content\/uploads\/2020\/05\/delonghi-coffee-lounge-logo-nederland.png\",\"contentUrl\":\"https:\/\/coffeelounge.delonghi.com\/wp-content\/uploads\/2020\/05\/delonghi-coffee-lounge-logo-nederland.png\",\"width\":2337,\"height\":724,\"caption\":\"De'Longhi Coffee Lounge\"},\"image\":{\"@id\":\"https:\/\/coffeelounge.delonghi.com\/fr-be\/#\/schema\/logo\/image\/\"}}]}<\/script>\n<!-- \/ Yoast SEO Premium plugin. -->","yoast_head_json":{"title":"Grains de caf\u00e9 Deca | De&#039;Longhi","description":"D\u00e9couvrez l'ar\u00f4me des grains de caf\u00e9 Deca, produits par Java et voyagez avec nous pour explorer un monde de caf\u00e9 unique.","robots":{"index":"index","follow":"follow","max-snippet":"max-snippet:-1","max-image-preview":"max-image-preview:large","max-video-preview":"max-video-preview:-1"},"twitter_card":"summary_large_image","twitter_title":"Grains de caf\u00e9 Deca | De&#039;Longhi","twitter_description":"D\u00e9couvrez l'ar\u00f4me des grains de caf\u00e9 Deca, produits par Java et voyagez avec nous pour explorer un monde de caf\u00e9 unique.","twitter_image":"https:\/\/coffeelounge.delonghi.com\/wp-content\/uploads\/2022\/01\/grains_de_cafe_Deca.png","schema":{"@context":"https:\/\/schema.org","@graph":[{"@type":"WebPage","@id":"https:\/\/coffeelounge.delonghi.com\/fr-be\/product\/grains-de-cafe-deca\/","url":"https:\/\/coffeelounge.delonghi.com\/fr-be\/product\/grains-de-cafe-deca\/","name":"Grains de caf\u00e9 Deca | De&#039;Longhi","isPartOf":{"@id":"https:\/\/coffeelounge.delonghi.com\/fr-be\/#website"},"primaryImageOfPage":{"@id":"https:\/\/coffeelounge.delonghi.com\/fr-be\/product\/grains-de-cafe-deca\/#primaryimage"},"image":{"@id":"https:\/\/coffeelounge.delonghi.com\/fr-be\/product\/grains-de-cafe-deca\/#primaryimage"},"thumbnailUrl":"https:\/\/coffeelounge.delonghi.com\/wp-content\/uploads\/2022\/01\/grains_de_cafe_Deca.png","datePublished":"2022-01-01T09:11:10+00:00","dateModified":"2024-03-04T14:33:39+00:00","description":"D\u00e9couvrez l'ar\u00f4me des grains de caf\u00e9 Deca, produits par Java et voyagez avec nous pour explorer un monde de caf\u00e9 unique.","breadcrumb":{"@id":"https:\/\/coffeelounge.delonghi.com\/fr-be\/product\/grains-de-cafe-deca\/#breadcrumb"},"inLanguage":"fr-be","potentialAction":[{"@type":"ReadAction","target":["https:\/\/coffeelounge.delonghi.com\/fr-be\/product\/grains-de-cafe-deca\/"]}]},{"@type":"ImageObject","inLanguage":"fr-be","@id":"https:\/\/coffeelounge.delonghi.com\/fr-be\/product\/grains-de-cafe-deca\/#primaryimage","url":"https:\/\/coffeelounge.delonghi.com\/wp-content\/uploads\/2022\/01\/grains_de_cafe_Deca.png","contentUrl":"https:\/\/coffeelounge.delonghi.com\/wp-content\/uploads\/2022\/01\/grains_de_cafe_Deca.png","width":470,"height":470},{"@type":"BreadcrumbList","@id":"https:\/\/coffeelounge.delonghi.com\/fr-be\/product\/grains-de-cafe-deca\/#breadcrumb","itemListElement":[{"@type":"ListItem","position":1,"name":"Home","item":"https:\/\/coffeelounge.delonghi.com\/fr-be\/"},{"@type":"ListItem","position":2,"name":"Boutique","item":"https:\/\/coffeelounge.delonghi.com\/fr\/?page_id=36"},{"@type":"ListItem","position":3,"name":"Grains de caf\u00e9 Deca"}]},{"@type":"WebSite","@id":"https:\/\/coffeelounge.delonghi.com\/fr-be\/#website","url":"https:\/\/coffeelounge.delonghi.com\/fr-be\/","name":"De&#039;Longhi","description":"Coffee Lounge","publisher":{"@id":"https:\/\/coffeelounge.delonghi.com\/fr-be\/#organization"},"potentialAction":[{"@type":"SearchAction","target":{"@type":"EntryPoint","urlTemplate":"https:\/\/coffeelounge.delonghi.com\/fr-be\/?s={search_term_string}"},"query-input":{"@type":"PropertyValueSpecification","valueRequired":true,"valueName":"search_term_string"}}],"inLanguage":"fr-be"},{"@type":"Organization","@id":"https:\/\/coffeelounge.delonghi.com\/fr-be\/#organization","name":"De'Longhi Coffee Lounge","url":"https:\/\/coffeelounge.delonghi.com\/fr-be\/","logo":{"@type":"ImageObject","inLanguage":"fr-be","@id":"https:\/\/coffeelounge.delonghi.com\/fr-be\/#\/schema\/logo\/image\/","url":"https:\/\/coffeelounge.delonghi.com\/wp-content\/uploads\/2020\/05\/delonghi-coffee-lounge-logo-nederland.png","contentUrl":"https:\/\/coffeelounge.delonghi.com\/wp-content\/uploads\/2020\/05\/delonghi-coffee-lounge-logo-nederland.png","width":2337,"height":724,"caption":"De'Longhi Coffee Lounge"},"image":{"@id":"https:\/\/coffeelounge.delonghi.com\/fr-be\/#\/schema\/logo\/image\/"}}]}},"_links":{"self":[{"href":"https:\/\/coffeelounge.delonghi.com\/fr-be\/wp-json\/wp\/v2\/product\/121942","targetHints":{"allow":["GET"]}}],"collection":[{"href":"https:\/\/coffeelounge.delonghi.com\/fr-be\/wp-json\/wp\/v2\/product"}],"about":[{"href":"https:\/\/coffeelounge.delonghi.com\/fr-be\/wp-json\/wp\/v2\/types\/product"}],"replies":[{"embeddable":true,"href":"https:\/\/coffeelounge.delonghi.com\/fr-be\/wp-json\/wp\/v2\/comments?post=121942"}],"version-history":[{"count":2,"href":"https:\/\/coffeelounge.delonghi.com\/fr-be\/wp-json\/wp\/v2\/product\/121942\/revisions"}],"predecessor-version":[{"id":422343,"href":"https:\/\/coffeelounge.delonghi.com\/fr-be\/wp-json\/wp\/v2\/product\/121942\/revisions\/422343"}],"wp:featuredmedia":[{"embeddable":true,"href":"https:\/\/coffeelounge.delonghi.com\/fr-be\/wp-json\/wp\/v2\/media\/416959"}],"wp:attachment":[{"href":"https:\/\/coffeelounge.delonghi.com\/fr-be\/wp-json\/wp\/v2\/media?parent=121942"}],"wp:term":[{"taxonomy":"product_cat","embeddable":true,"href":"https:\/\/coffeelounge.delonghi.com\/fr-be\/wp-json\/wp\/v2\/product_cat?post=121942"},{"taxonomy":"product_tag","embeddable":true,"href":"https:\/\/coffeelounge.delonghi.com\/fr-be\/wp-json\/wp\/v2\/product_tag?post=121942"}],"curies":[{"name":"wp","href":"https:\/\/api.w.org\/{rel}","templated":true}]}}