{"id":115688,"date":"2022-02-23T13:48:50","date_gmt":"2022-02-23T13:48:50","guid":{"rendered":"https:\/\/coffeelounge.delonghi.com\/?post_type=product&#038;p=115688"},"modified":"2024-03-04T14:29:55","modified_gmt":"2024-03-04T14:29:55","slug":"colombia-tumbaga-decaf","status":"publish","type":"product","link":"https:\/\/coffeelounge.delonghi.com\/fr-be\/product\/colombia-tumbaga-decaf\/","title":{"rendered":"Colombia &#8211; Tumbaga Decaf"},"content":{"rendered":"<p><span class=\"S1PPyQ\">Un d\u00e9caf\u00e9in\u00e9 savoureux avec un processus d\u2019extraction naturel, c\u2019est un d\u00e9fi&#8230;<br \/>\n<\/span>Notre d\u00e9caf\u00e9in\u00e9 de canne \u00e0 sucre Tumbaga est doux et \u00e9quilibr\u00e9, avec des notes de chocolat au lait, de cassonade, de caramel et de poire.<\/p>\n<p class=\"_04xlpA direction-ltr align-end para-style-body\"><span class=\"S1PPyQ\">Le d\u00e9caf\u00e9in\u00e9 \u00e0 la canne \u00e0 sucre, \u00e9galement appel\u00e9 d\u00e9caf\u00e9in\u00e9 naturel, fait passer le caf\u00e9 d\u00e9caf\u00e9in\u00e9 au niveau sup\u00e9rieur en utilisant une technique de d\u00e9caf\u00e9in\u00e9 relativement nouvelle et r\u00e9volutionnaire. Pour ce d\u00e9caf\u00e9in\u00e9, le processus est aussi naturel que possible, il utilise un compos\u00e9 naturel, l\u2019ac\u00e9tate d\u2019\u00e9thyle (EA), d\u00e9riv\u00e9 de la canne \u00e0 sucre, pour d\u00e9caf\u00e9iner le caf\u00e9.<\/span><\/p>\n<p class=\"_04xlpA direction-ltr align-end para-style-body\"><span class=\"S1PPyQ\">Le processus est relativement simple, les grains de caf\u00e9 sont humidifi\u00e9s avec de l\u2019eau et l\u2019EA circule partout. L\u2019EA se lie \u00e0 la caf\u00e9ine contenue dans le grain et extrait la caf\u00e9ine tout en laissant la plupart des autres compos\u00e9s aromatiques.<\/span><\/p>\n<p class=\"_04xlpA direction-ltr align-end para-style-body\"><span class=\"S1PPyQ\">Une tasse incroyable, m\u00eame avant le coucher!<\/span><\/p>\n","protected":false},"excerpt":{"rendered":"<p>Un d\u00e9caf\u00e9in\u00e9 savoureux avec un processus d\u2019extraction naturel, c\u2019est un d\u00e9fi&#8230; Notre d\u00e9caf\u00e9in\u00e9 de canne \u00e0 sucre Tumbaga est doux et \u00e9quilibr\u00e9, avec des notes de chocolat au lait, de cassonade, de caramel et de poire. Le d\u00e9caf\u00e9in\u00e9 \u00e0 la canne \u00e0 sucre, \u00e9galement appel\u00e9 d\u00e9caf\u00e9in\u00e9 naturel, fait passer le caf\u00e9 d\u00e9caf\u00e9in\u00e9 au niveau sup\u00e9rieur [&hellip;]<\/p>\n","protected":false},"featured_media":416734,"comment_status":"closed","ping_status":"closed","template":"","meta":{"_acf_changed":false},"product_cat":[477,479,480],"product_tag":[],"class_list":{"0":"post-115688","1":"product","2":"type-product","3":"status-publish","4":"has-post-thumbnail","6":"product_cat-tous-les-cafes","7":"product_cat-pure-origine","8":"product_cat-cafe-de-specialite","10":"first","11":"instock","12":"taxable","13":"shipping-taxable","14":"purchasable","15":"product-type-variable"},"acf":[],"yoast_head":"<!-- This site is optimized with the Yoast SEO Premium plugin v24.5 (Yoast SEO v24.5) - https:\/\/yoast.com\/wordpress\/plugins\/seo\/ -->\n<title>Colombia - Tumbaga Decaf | De&#039;Longhi<\/title>\n<meta name=\"description\" content=\"D\u00e9couvrez l&#039;ar\u00f4me des grains de caf\u00e9 Tumbaga Decaf, produits par Gust et voyagez avec nous pour explorer un monde de caf\u00e9 unique.\" \/>\n<meta name=\"robots\" content=\"index, follow, max-snippet:-1, max-image-preview:large, max-video-preview:-1\" \/>\n<meta name=\"twitter:card\" content=\"summary_large_image\" \/>\n<meta name=\"twitter:title\" content=\"Colombia - Tumbaga Decaf | De&#039;Longhi\" \/>\n<meta name=\"twitter:description\" content=\"D\u00e9couvrez l&#039;ar\u00f4me des grains de caf\u00e9 Tumbaga Decaf, produits par Gust et voyagez avec nous pour explorer un monde de caf\u00e9 unique.\" \/>\n<meta name=\"twitter:image\" content=\"https:\/\/coffeelounge.delonghi.com\/wp-content\/uploads\/2022\/02\/Colombia\u2013Tumbaga-Decaf.png\" \/>\n<script type=\"application\/ld+json\" class=\"yoast-schema-graph\">{\"@context\":\"https:\/\/schema.org\",\"@graph\":[{\"@type\":\"WebPage\",\"@id\":\"https:\/\/coffeelounge.delonghi.com\/fr-be\/product\/colombia-tumbaga-decaf\/\",\"url\":\"https:\/\/coffeelounge.delonghi.com\/fr-be\/product\/colombia-tumbaga-decaf\/\",\"name\":\"Colombia - Tumbaga Decaf | De&#039;Longhi\",\"isPartOf\":{\"@id\":\"https:\/\/coffeelounge.delonghi.com\/fr-be\/#website\"},\"primaryImageOfPage\":{\"@id\":\"https:\/\/coffeelounge.delonghi.com\/fr-be\/product\/colombia-tumbaga-decaf\/#primaryimage\"},\"image\":{\"@id\":\"https:\/\/coffeelounge.delonghi.com\/fr-be\/product\/colombia-tumbaga-decaf\/#primaryimage\"},\"thumbnailUrl\":\"https:\/\/coffeelounge.delonghi.com\/wp-content\/uploads\/2022\/02\/Colombia\u2013Tumbaga-Decaf.png\",\"datePublished\":\"2022-02-23T13:48:50+00:00\",\"dateModified\":\"2024-03-04T14:29:55+00:00\",\"description\":\"D\u00e9couvrez l'ar\u00f4me des grains de caf\u00e9 Tumbaga Decaf, produits par Gust et voyagez avec nous pour explorer un monde de caf\u00e9 unique.\",\"breadcrumb\":{\"@id\":\"https:\/\/coffeelounge.delonghi.com\/fr-be\/product\/colombia-tumbaga-decaf\/#breadcrumb\"},\"inLanguage\":\"fr-be\",\"potentialAction\":[{\"@type\":\"ReadAction\",\"target\":[\"https:\/\/coffeelounge.delonghi.com\/fr-be\/product\/colombia-tumbaga-decaf\/\"]}]},{\"@type\":\"ImageObject\",\"inLanguage\":\"fr-be\",\"@id\":\"https:\/\/coffeelounge.delonghi.com\/fr-be\/product\/colombia-tumbaga-decaf\/#primaryimage\",\"url\":\"https:\/\/coffeelounge.delonghi.com\/wp-content\/uploads\/2022\/02\/Colombia\u2013Tumbaga-Decaf.png\",\"contentUrl\":\"https:\/\/coffeelounge.delonghi.com\/wp-content\/uploads\/2022\/02\/Colombia\u2013Tumbaga-Decaf.png\",\"width\":1295,\"height\":1335},{\"@type\":\"BreadcrumbList\",\"@id\":\"https:\/\/coffeelounge.delonghi.com\/fr-be\/product\/colombia-tumbaga-decaf\/#breadcrumb\",\"itemListElement\":[{\"@type\":\"ListItem\",\"position\":1,\"name\":\"Home\",\"item\":\"https:\/\/coffeelounge.delonghi.com\/fr-be\/\"},{\"@type\":\"ListItem\",\"position\":2,\"name\":\"Boutique\",\"item\":\"https:\/\/coffeelounge.delonghi.com\/fr\/?page_id=36\"},{\"@type\":\"ListItem\",\"position\":3,\"name\":\"Colombia &#8211; Tumbaga Decaf\"}]},{\"@type\":\"WebSite\",\"@id\":\"https:\/\/coffeelounge.delonghi.com\/fr-be\/#website\",\"url\":\"https:\/\/coffeelounge.delonghi.com\/fr-be\/\",\"name\":\"De&#039;Longhi\",\"description\":\"Coffee Lounge\",\"publisher\":{\"@id\":\"https:\/\/coffeelounge.delonghi.com\/fr-be\/#organization\"},\"potentialAction\":[{\"@type\":\"SearchAction\",\"target\":{\"@type\":\"EntryPoint\",\"urlTemplate\":\"https:\/\/coffeelounge.delonghi.com\/fr-be\/?s={search_term_string}\"},\"query-input\":{\"@type\":\"PropertyValueSpecification\",\"valueRequired\":true,\"valueName\":\"search_term_string\"}}],\"inLanguage\":\"fr-be\"},{\"@type\":\"Organization\",\"@id\":\"https:\/\/coffeelounge.delonghi.com\/fr-be\/#organization\",\"name\":\"De'Longhi Coffee Lounge\",\"url\":\"https:\/\/coffeelounge.delonghi.com\/fr-be\/\",\"logo\":{\"@type\":\"ImageObject\",\"inLanguage\":\"fr-be\",\"@id\":\"https:\/\/coffeelounge.delonghi.com\/fr-be\/#\/schema\/logo\/image\/\",\"url\":\"https:\/\/coffeelounge.delonghi.com\/wp-content\/uploads\/2020\/05\/delonghi-coffee-lounge-logo-nederland.png\",\"contentUrl\":\"https:\/\/coffeelounge.delonghi.com\/wp-content\/uploads\/2020\/05\/delonghi-coffee-lounge-logo-nederland.png\",\"width\":2337,\"height\":724,\"caption\":\"De'Longhi Coffee Lounge\"},\"image\":{\"@id\":\"https:\/\/coffeelounge.delonghi.com\/fr-be\/#\/schema\/logo\/image\/\"}}]}<\/script>\n<!-- \/ Yoast SEO Premium plugin. -->","yoast_head_json":{"title":"Colombia - Tumbaga Decaf | De&#039;Longhi","description":"D\u00e9couvrez l'ar\u00f4me des grains de caf\u00e9 Tumbaga Decaf, produits par Gust et voyagez avec nous pour explorer un monde de caf\u00e9 unique.","robots":{"index":"index","follow":"follow","max-snippet":"max-snippet:-1","max-image-preview":"max-image-preview:large","max-video-preview":"max-video-preview:-1"},"twitter_card":"summary_large_image","twitter_title":"Colombia - Tumbaga Decaf | De&#039;Longhi","twitter_description":"D\u00e9couvrez l'ar\u00f4me des grains de caf\u00e9 Tumbaga Decaf, produits par Gust et voyagez avec nous pour explorer un monde de caf\u00e9 unique.","twitter_image":"https:\/\/coffeelounge.delonghi.com\/wp-content\/uploads\/2022\/02\/Colombia\u2013Tumbaga-Decaf.png","schema":{"@context":"https:\/\/schema.org","@graph":[{"@type":"WebPage","@id":"https:\/\/coffeelounge.delonghi.com\/fr-be\/product\/colombia-tumbaga-decaf\/","url":"https:\/\/coffeelounge.delonghi.com\/fr-be\/product\/colombia-tumbaga-decaf\/","name":"Colombia - Tumbaga Decaf | De&#039;Longhi","isPartOf":{"@id":"https:\/\/coffeelounge.delonghi.com\/fr-be\/#website"},"primaryImageOfPage":{"@id":"https:\/\/coffeelounge.delonghi.com\/fr-be\/product\/colombia-tumbaga-decaf\/#primaryimage"},"image":{"@id":"https:\/\/coffeelounge.delonghi.com\/fr-be\/product\/colombia-tumbaga-decaf\/#primaryimage"},"thumbnailUrl":"https:\/\/coffeelounge.delonghi.com\/wp-content\/uploads\/2022\/02\/Colombia\u2013Tumbaga-Decaf.png","datePublished":"2022-02-23T13:48:50+00:00","dateModified":"2024-03-04T14:29:55+00:00","description":"D\u00e9couvrez l'ar\u00f4me des grains de caf\u00e9 Tumbaga Decaf, produits par Gust et voyagez avec nous pour explorer un monde de caf\u00e9 unique.","breadcrumb":{"@id":"https:\/\/coffeelounge.delonghi.com\/fr-be\/product\/colombia-tumbaga-decaf\/#breadcrumb"},"inLanguage":"fr-be","potentialAction":[{"@type":"ReadAction","target":["https:\/\/coffeelounge.delonghi.com\/fr-be\/product\/colombia-tumbaga-decaf\/"]}]},{"@type":"ImageObject","inLanguage":"fr-be","@id":"https:\/\/coffeelounge.delonghi.com\/fr-be\/product\/colombia-tumbaga-decaf\/#primaryimage","url":"https:\/\/coffeelounge.delonghi.com\/wp-content\/uploads\/2022\/02\/Colombia\u2013Tumbaga-Decaf.png","contentUrl":"https:\/\/coffeelounge.delonghi.com\/wp-content\/uploads\/2022\/02\/Colombia\u2013Tumbaga-Decaf.png","width":1295,"height":1335},{"@type":"BreadcrumbList","@id":"https:\/\/coffeelounge.delonghi.com\/fr-be\/product\/colombia-tumbaga-decaf\/#breadcrumb","itemListElement":[{"@type":"ListItem","position":1,"name":"Home","item":"https:\/\/coffeelounge.delonghi.com\/fr-be\/"},{"@type":"ListItem","position":2,"name":"Boutique","item":"https:\/\/coffeelounge.delonghi.com\/fr\/?page_id=36"},{"@type":"ListItem","position":3,"name":"Colombia &#8211; Tumbaga Decaf"}]},{"@type":"WebSite","@id":"https:\/\/coffeelounge.delonghi.com\/fr-be\/#website","url":"https:\/\/coffeelounge.delonghi.com\/fr-be\/","name":"De&#039;Longhi","description":"Coffee Lounge","publisher":{"@id":"https:\/\/coffeelounge.delonghi.com\/fr-be\/#organization"},"potentialAction":[{"@type":"SearchAction","target":{"@type":"EntryPoint","urlTemplate":"https:\/\/coffeelounge.delonghi.com\/fr-be\/?s={search_term_string}"},"query-input":{"@type":"PropertyValueSpecification","valueRequired":true,"valueName":"search_term_string"}}],"inLanguage":"fr-be"},{"@type":"Organization","@id":"https:\/\/coffeelounge.delonghi.com\/fr-be\/#organization","name":"De'Longhi Coffee Lounge","url":"https:\/\/coffeelounge.delonghi.com\/fr-be\/","logo":{"@type":"ImageObject","inLanguage":"fr-be","@id":"https:\/\/coffeelounge.delonghi.com\/fr-be\/#\/schema\/logo\/image\/","url":"https:\/\/coffeelounge.delonghi.com\/wp-content\/uploads\/2020\/05\/delonghi-coffee-lounge-logo-nederland.png","contentUrl":"https:\/\/coffeelounge.delonghi.com\/wp-content\/uploads\/2020\/05\/delonghi-coffee-lounge-logo-nederland.png","width":2337,"height":724,"caption":"De'Longhi Coffee Lounge"},"image":{"@id":"https:\/\/coffeelounge.delonghi.com\/fr-be\/#\/schema\/logo\/image\/"}}]}},"_links":{"self":[{"href":"https:\/\/coffeelounge.delonghi.com\/fr-be\/wp-json\/wp\/v2\/product\/115688","targetHints":{"allow":["GET"]}}],"collection":[{"href":"https:\/\/coffeelounge.delonghi.com\/fr-be\/wp-json\/wp\/v2\/product"}],"about":[{"href":"https:\/\/coffeelounge.delonghi.com\/fr-be\/wp-json\/wp\/v2\/types\/product"}],"replies":[{"embeddable":true,"href":"https:\/\/coffeelounge.delonghi.com\/fr-be\/wp-json\/wp\/v2\/comments?post=115688"}],"version-history":[{"count":6,"href":"https:\/\/coffeelounge.delonghi.com\/fr-be\/wp-json\/wp\/v2\/product\/115688\/revisions"}],"predecessor-version":[{"id":422327,"href":"https:\/\/coffeelounge.delonghi.com\/fr-be\/wp-json\/wp\/v2\/product\/115688\/revisions\/422327"}],"wp:featuredmedia":[{"embeddable":true,"href":"https:\/\/coffeelounge.delonghi.com\/fr-be\/wp-json\/wp\/v2\/media\/416734"}],"wp:attachment":[{"href":"https:\/\/coffeelounge.delonghi.com\/fr-be\/wp-json\/wp\/v2\/media?parent=115688"}],"wp:term":[{"taxonomy":"product_cat","embeddable":true,"href":"https:\/\/coffeelounge.delonghi.com\/fr-be\/wp-json\/wp\/v2\/product_cat?post=115688"},{"taxonomy":"product_tag","embeddable":true,"href":"https:\/\/coffeelounge.delonghi.com\/fr-be\/wp-json\/wp\/v2\/product_tag?post=115688"}],"curies":[{"name":"wp","href":"https:\/\/api.w.org\/{rel}","templated":true}]}}