{"id":115660,"date":"2022-02-23T13:28:50","date_gmt":"2022-02-23T13:28:50","guid":{"rendered":"https:\/\/coffeelounge.delonghi.com\/?post_type=product&#038;p=115660"},"modified":"2024-03-04T14:31:02","modified_gmt":"2024-03-04T14:31:02","slug":"costa-rica-cordillere-de-feu","status":"publish","type":"product","link":"https:\/\/coffeelounge.delonghi.com\/fr-be\/product\/costa-rica-cordillere-de-feu\/","title":{"rendered":"Costa Rica &#8211; Cordillera de Fuego"},"content":{"rendered":"<p>Ce caf\u00e9 repr\u00e9sente tout ce que nous aimons dans les chaudes journ\u00e9es d\u2019hiver.<br \/>\nLa texture super riche et cr\u00e9meuse, et les notes sucr\u00e9es de chocolat au lait, de pain d\u2019\u00e9pices et de miel, donnent \u00e0 ce caf\u00e9 l\u2019impression d\u2019\u00eatre une brioche \u00e0 la cannelle fra\u00eechement cuite un dimanche matin!<br \/>\nN\u2019attendez plus, essayez notre SP\u00c9CIAL HIVER d\u00e8s maintenant!<\/p>\n<p>Ce Catuai lav\u00e9 provient du producteur Luis Eduardo Campos, un producteur de caf\u00e9 costaricain qui est constamment \u00e0 la recherche de moyens nouveaux et innovants pour am\u00e9liorer sa production de caf\u00e9. Depuis 1984, don Luis a exp\u00e9riment\u00e9 diff\u00e9rentes techniques de traitement du caf\u00e9 et a \u00e9t\u00e9 un v\u00e9ritable pionnier dans des m\u00e9thodes telles que le termico et le processus ana\u00e9robie.<\/p>\n<p>Don Luis n\u2019est pas seulement un transformateur de caf\u00e9 innovant, il est \u00e9galement progressiste dans ses pratiques agricoles, avec un objectif clair de r\u00e9duction drastique des \u00e9missions de gaz \u00e0 effet de serre. Avec l\u2019installation de panneaux solaires par exemple, il fournit 100 % de l\u2019\u00e9nergie du bureau principal et 50 % de l\u2019\u00e9nergie de l\u2019usine.<\/p>\n","protected":false},"excerpt":{"rendered":"<p>Ce caf\u00e9 repr\u00e9sente tout ce que nous aimons dans les chaudes journ\u00e9es d\u2019hiver. La texture super riche et cr\u00e9meuse, et les notes sucr\u00e9es de chocolat au lait, de pain d\u2019\u00e9pices et de miel, donnent \u00e0 ce caf\u00e9 l\u2019impression d\u2019\u00eatre une brioche \u00e0 la cannelle fra\u00eechement cuite un dimanche matin! N\u2019attendez plus, essayez notre SP\u00c9CIAL HIVER [&hellip;]<\/p>\n","protected":false},"featured_media":416773,"comment_status":"closed","ping_status":"closed","template":"","meta":{"_acf_changed":false},"product_cat":[477,479,480],"product_tag":[],"class_list":{"0":"post-115660","1":"product","2":"type-product","3":"status-publish","4":"has-post-thumbnail","6":"product_cat-tous-les-cafes","7":"product_cat-pure-origine","8":"product_cat-cafe-de-specialite","10":"first","11":"instock","12":"taxable","13":"shipping-taxable","14":"purchasable","15":"product-type-variable"},"acf":[],"yoast_head":"<!-- This site is optimized with the Yoast SEO Premium plugin v24.5 (Yoast SEO v24.5) - https:\/\/yoast.com\/wordpress\/plugins\/seo\/ -->\n<title>Costa Rica - Cordillera de Fuego | De&#039;Longhi<\/title>\n<meta name=\"description\" content=\"D\u00e9couvrez l&#039;ar\u00f4me des grains de caf\u00e9 Costa Rica Cordill\u00e8re de Feu, produits par Gust et voyagez avec nous pour explorer un monde de caf\u00e9 unique.\" \/>\n<meta name=\"robots\" content=\"index, follow, max-snippet:-1, max-image-preview:large, max-video-preview:-1\" \/>\n<meta name=\"twitter:card\" content=\"summary_large_image\" \/>\n<meta name=\"twitter:title\" content=\"Costa Rica - Cordillera de Fuego | De&#039;Longhi\" \/>\n<meta name=\"twitter:description\" content=\"D\u00e9couvrez l&#039;ar\u00f4me des grains de caf\u00e9 Costa Rica Cordill\u00e8re de Feu, produits par Gust et voyagez avec nous pour explorer un monde de caf\u00e9 unique.\" \/>\n<meta name=\"twitter:image\" content=\"https:\/\/coffeelounge.delonghi.com\/wp-content\/uploads\/2022\/02\/Costa_rica_cordillero.png\" \/>\n<script type=\"application\/ld+json\" class=\"yoast-schema-graph\">{\"@context\":\"https:\/\/schema.org\",\"@graph\":[{\"@type\":\"WebPage\",\"@id\":\"https:\/\/coffeelounge.delonghi.com\/fr-be\/product\/costa-rica-cordillere-de-feu\/\",\"url\":\"https:\/\/coffeelounge.delonghi.com\/fr-be\/product\/costa-rica-cordillere-de-feu\/\",\"name\":\"Costa Rica - Cordillera de Fuego | De&#039;Longhi\",\"isPartOf\":{\"@id\":\"https:\/\/coffeelounge.delonghi.com\/fr-be\/#website\"},\"primaryImageOfPage\":{\"@id\":\"https:\/\/coffeelounge.delonghi.com\/fr-be\/product\/costa-rica-cordillere-de-feu\/#primaryimage\"},\"image\":{\"@id\":\"https:\/\/coffeelounge.delonghi.com\/fr-be\/product\/costa-rica-cordillere-de-feu\/#primaryimage\"},\"thumbnailUrl\":\"https:\/\/coffeelounge.delonghi.com\/wp-content\/uploads\/2022\/02\/Costa_rica_cordillero.png\",\"datePublished\":\"2022-02-23T13:28:50+00:00\",\"dateModified\":\"2024-03-04T14:31:02+00:00\",\"description\":\"D\u00e9couvrez l'ar\u00f4me des grains de caf\u00e9 Costa Rica Cordill\u00e8re de Feu, produits par Gust et voyagez avec nous pour explorer un monde de caf\u00e9 unique.\",\"breadcrumb\":{\"@id\":\"https:\/\/coffeelounge.delonghi.com\/fr-be\/product\/costa-rica-cordillere-de-feu\/#breadcrumb\"},\"inLanguage\":\"fr-be\",\"potentialAction\":[{\"@type\":\"ReadAction\",\"target\":[\"https:\/\/coffeelounge.delonghi.com\/fr-be\/product\/costa-rica-cordillere-de-feu\/\"]}]},{\"@type\":\"ImageObject\",\"inLanguage\":\"fr-be\",\"@id\":\"https:\/\/coffeelounge.delonghi.com\/fr-be\/product\/costa-rica-cordillere-de-feu\/#primaryimage\",\"url\":\"https:\/\/coffeelounge.delonghi.com\/wp-content\/uploads\/2022\/02\/Costa_rica_cordillero.png\",\"contentUrl\":\"https:\/\/coffeelounge.delonghi.com\/wp-content\/uploads\/2022\/02\/Costa_rica_cordillero.png\",\"width\":505,\"height\":494},{\"@type\":\"BreadcrumbList\",\"@id\":\"https:\/\/coffeelounge.delonghi.com\/fr-be\/product\/costa-rica-cordillere-de-feu\/#breadcrumb\",\"itemListElement\":[{\"@type\":\"ListItem\",\"position\":1,\"name\":\"Home\",\"item\":\"https:\/\/coffeelounge.delonghi.com\/fr-be\/\"},{\"@type\":\"ListItem\",\"position\":2,\"name\":\"Boutique\",\"item\":\"https:\/\/coffeelounge.delonghi.com\/fr\/?page_id=36\"},{\"@type\":\"ListItem\",\"position\":3,\"name\":\"Costa Rica &#8211; Cordillera de Fuego\"}]},{\"@type\":\"WebSite\",\"@id\":\"https:\/\/coffeelounge.delonghi.com\/fr-be\/#website\",\"url\":\"https:\/\/coffeelounge.delonghi.com\/fr-be\/\",\"name\":\"De&#039;Longhi\",\"description\":\"Coffee Lounge\",\"publisher\":{\"@id\":\"https:\/\/coffeelounge.delonghi.com\/fr-be\/#organization\"},\"potentialAction\":[{\"@type\":\"SearchAction\",\"target\":{\"@type\":\"EntryPoint\",\"urlTemplate\":\"https:\/\/coffeelounge.delonghi.com\/fr-be\/?s={search_term_string}\"},\"query-input\":{\"@type\":\"PropertyValueSpecification\",\"valueRequired\":true,\"valueName\":\"search_term_string\"}}],\"inLanguage\":\"fr-be\"},{\"@type\":\"Organization\",\"@id\":\"https:\/\/coffeelounge.delonghi.com\/fr-be\/#organization\",\"name\":\"De'Longhi Coffee Lounge\",\"url\":\"https:\/\/coffeelounge.delonghi.com\/fr-be\/\",\"logo\":{\"@type\":\"ImageObject\",\"inLanguage\":\"fr-be\",\"@id\":\"https:\/\/coffeelounge.delonghi.com\/fr-be\/#\/schema\/logo\/image\/\",\"url\":\"https:\/\/coffeelounge.delonghi.com\/wp-content\/uploads\/2020\/05\/delonghi-coffee-lounge-logo-nederland.png\",\"contentUrl\":\"https:\/\/coffeelounge.delonghi.com\/wp-content\/uploads\/2020\/05\/delonghi-coffee-lounge-logo-nederland.png\",\"width\":2337,\"height\":724,\"caption\":\"De'Longhi Coffee Lounge\"},\"image\":{\"@id\":\"https:\/\/coffeelounge.delonghi.com\/fr-be\/#\/schema\/logo\/image\/\"}}]}<\/script>\n<!-- \/ Yoast SEO Premium plugin. -->","yoast_head_json":{"title":"Costa Rica - Cordillera de Fuego | De&#039;Longhi","description":"D\u00e9couvrez l'ar\u00f4me des grains de caf\u00e9 Costa Rica Cordill\u00e8re de Feu, produits par Gust et voyagez avec nous pour explorer un monde de caf\u00e9 unique.","robots":{"index":"index","follow":"follow","max-snippet":"max-snippet:-1","max-image-preview":"max-image-preview:large","max-video-preview":"max-video-preview:-1"},"twitter_card":"summary_large_image","twitter_title":"Costa Rica - Cordillera de Fuego | De&#039;Longhi","twitter_description":"D\u00e9couvrez l'ar\u00f4me des grains de caf\u00e9 Costa Rica Cordill\u00e8re de Feu, produits par Gust et voyagez avec nous pour explorer un monde de caf\u00e9 unique.","twitter_image":"https:\/\/coffeelounge.delonghi.com\/wp-content\/uploads\/2022\/02\/Costa_rica_cordillero.png","schema":{"@context":"https:\/\/schema.org","@graph":[{"@type":"WebPage","@id":"https:\/\/coffeelounge.delonghi.com\/fr-be\/product\/costa-rica-cordillere-de-feu\/","url":"https:\/\/coffeelounge.delonghi.com\/fr-be\/product\/costa-rica-cordillere-de-feu\/","name":"Costa Rica - Cordillera de Fuego | De&#039;Longhi","isPartOf":{"@id":"https:\/\/coffeelounge.delonghi.com\/fr-be\/#website"},"primaryImageOfPage":{"@id":"https:\/\/coffeelounge.delonghi.com\/fr-be\/product\/costa-rica-cordillere-de-feu\/#primaryimage"},"image":{"@id":"https:\/\/coffeelounge.delonghi.com\/fr-be\/product\/costa-rica-cordillere-de-feu\/#primaryimage"},"thumbnailUrl":"https:\/\/coffeelounge.delonghi.com\/wp-content\/uploads\/2022\/02\/Costa_rica_cordillero.png","datePublished":"2022-02-23T13:28:50+00:00","dateModified":"2024-03-04T14:31:02+00:00","description":"D\u00e9couvrez l'ar\u00f4me des grains de caf\u00e9 Costa Rica Cordill\u00e8re de Feu, produits par Gust et voyagez avec nous pour explorer un monde de caf\u00e9 unique.","breadcrumb":{"@id":"https:\/\/coffeelounge.delonghi.com\/fr-be\/product\/costa-rica-cordillere-de-feu\/#breadcrumb"},"inLanguage":"fr-be","potentialAction":[{"@type":"ReadAction","target":["https:\/\/coffeelounge.delonghi.com\/fr-be\/product\/costa-rica-cordillere-de-feu\/"]}]},{"@type":"ImageObject","inLanguage":"fr-be","@id":"https:\/\/coffeelounge.delonghi.com\/fr-be\/product\/costa-rica-cordillere-de-feu\/#primaryimage","url":"https:\/\/coffeelounge.delonghi.com\/wp-content\/uploads\/2022\/02\/Costa_rica_cordillero.png","contentUrl":"https:\/\/coffeelounge.delonghi.com\/wp-content\/uploads\/2022\/02\/Costa_rica_cordillero.png","width":505,"height":494},{"@type":"BreadcrumbList","@id":"https:\/\/coffeelounge.delonghi.com\/fr-be\/product\/costa-rica-cordillere-de-feu\/#breadcrumb","itemListElement":[{"@type":"ListItem","position":1,"name":"Home","item":"https:\/\/coffeelounge.delonghi.com\/fr-be\/"},{"@type":"ListItem","position":2,"name":"Boutique","item":"https:\/\/coffeelounge.delonghi.com\/fr\/?page_id=36"},{"@type":"ListItem","position":3,"name":"Costa Rica &#8211; Cordillera de Fuego"}]},{"@type":"WebSite","@id":"https:\/\/coffeelounge.delonghi.com\/fr-be\/#website","url":"https:\/\/coffeelounge.delonghi.com\/fr-be\/","name":"De&#039;Longhi","description":"Coffee Lounge","publisher":{"@id":"https:\/\/coffeelounge.delonghi.com\/fr-be\/#organization"},"potentialAction":[{"@type":"SearchAction","target":{"@type":"EntryPoint","urlTemplate":"https:\/\/coffeelounge.delonghi.com\/fr-be\/?s={search_term_string}"},"query-input":{"@type":"PropertyValueSpecification","valueRequired":true,"valueName":"search_term_string"}}],"inLanguage":"fr-be"},{"@type":"Organization","@id":"https:\/\/coffeelounge.delonghi.com\/fr-be\/#organization","name":"De'Longhi Coffee Lounge","url":"https:\/\/coffeelounge.delonghi.com\/fr-be\/","logo":{"@type":"ImageObject","inLanguage":"fr-be","@id":"https:\/\/coffeelounge.delonghi.com\/fr-be\/#\/schema\/logo\/image\/","url":"https:\/\/coffeelounge.delonghi.com\/wp-content\/uploads\/2020\/05\/delonghi-coffee-lounge-logo-nederland.png","contentUrl":"https:\/\/coffeelounge.delonghi.com\/wp-content\/uploads\/2020\/05\/delonghi-coffee-lounge-logo-nederland.png","width":2337,"height":724,"caption":"De'Longhi Coffee Lounge"},"image":{"@id":"https:\/\/coffeelounge.delonghi.com\/fr-be\/#\/schema\/logo\/image\/"}}]}},"_links":{"self":[{"href":"https:\/\/coffeelounge.delonghi.com\/fr-be\/wp-json\/wp\/v2\/product\/115660","targetHints":{"allow":["GET"]}}],"collection":[{"href":"https:\/\/coffeelounge.delonghi.com\/fr-be\/wp-json\/wp\/v2\/product"}],"about":[{"href":"https:\/\/coffeelounge.delonghi.com\/fr-be\/wp-json\/wp\/v2\/types\/product"}],"replies":[{"embeddable":true,"href":"https:\/\/coffeelounge.delonghi.com\/fr-be\/wp-json\/wp\/v2\/comments?post=115660"}],"version-history":[{"count":4,"href":"https:\/\/coffeelounge.delonghi.com\/fr-be\/wp-json\/wp\/v2\/product\/115660\/revisions"}],"predecessor-version":[{"id":422331,"href":"https:\/\/coffeelounge.delonghi.com\/fr-be\/wp-json\/wp\/v2\/product\/115660\/revisions\/422331"}],"wp:featuredmedia":[{"embeddable":true,"href":"https:\/\/coffeelounge.delonghi.com\/fr-be\/wp-json\/wp\/v2\/media\/416773"}],"wp:attachment":[{"href":"https:\/\/coffeelounge.delonghi.com\/fr-be\/wp-json\/wp\/v2\/media?parent=115660"}],"wp:term":[{"taxonomy":"product_cat","embeddable":true,"href":"https:\/\/coffeelounge.delonghi.com\/fr-be\/wp-json\/wp\/v2\/product_cat?post=115660"},{"taxonomy":"product_tag","embeddable":true,"href":"https:\/\/coffeelounge.delonghi.com\/fr-be\/wp-json\/wp\/v2\/product_tag?post=115660"}],"curies":[{"name":"wp","href":"https:\/\/api.w.org\/{rel}","templated":true}]}}