{"id":115639,"date":"2022-01-19T13:03:10","date_gmt":"2022-01-19T13:03:10","guid":{"rendered":"https:\/\/coffeelounge.delonghi.com\/?post_type=product&#038;p=115639"},"modified":"2024-03-04T14:32:09","modified_gmt":"2024-03-04T14:32:09","slug":"attikan","status":"publish","type":"product","link":"https:\/\/coffeelounge.delonghi.com\/fr-be\/product\/attikan\/","title":{"rendered":"Attikan"},"content":{"rendered":"<p>Attikan Estate est situ\u00e9 sur les Biligiri Ranjan Hills ou &#8220;collines blanches&#8221;, ce nom vient du brouillard qui y plane. La plantation est la plus haute d&#8217;Inde : les conditions id\u00e9ales pour d\u00e9velopper un caf\u00e9 aux saveurs incroyables. Fait amusant : cette plantation se trouve au milieu d&#8217;une r\u00e9serve de tigres ! Cette ferme prend \u00e9galement soin de tout le monde : elle croit fermement \u00e0 la politique sociale et offre des services m\u00e9dicaux, un logement et une \u00e9ducation gratuits \u00e0 ses employ\u00e9s et \u00e0 leurs enfants. De plus, tout ce qu&#8217;ils font se fait dans le respect de la nature.<\/p>\n<p>Pour ce caf\u00e9, nous sommes all\u00e9s en Inde, pays connu pour son profil \u00e9pic\u00e9. Nous sommes tr\u00e8s fiers de cette collaboration car il n&#8217;est pas facile de trouver du caf\u00e9 de sp\u00e9cialit\u00e9 en Inde. De plus, nous aimons leur souci du bien-\u00eatre des cueilleurs et de la nature !<\/p>\n<p>Le profil de saveur de ce caf\u00e9 est &#8220;herbac\u00e9&#8221;. Vous pouvez d\u00e9guster des ar\u00f4mes de caramel, de poivre vert et de chocolat au lait avec un corps plein. Doux et \u00e9pic\u00e9 !<\/p>\n","protected":false},"excerpt":{"rendered":"<p>Attikan Estate est situ\u00e9 sur les Biligiri Ranjan Hills ou &#8220;collines blanches&#8221;, ce nom vient du brouillard qui y plane. La plantation est la plus haute d&#8217;Inde : les conditions id\u00e9ales pour d\u00e9velopper un caf\u00e9 aux saveurs incroyables. Fait amusant : cette plantation se trouve au milieu d&#8217;une r\u00e9serve de tigres ! Cette ferme prend [&hellip;]<\/p>\n","protected":false},"featured_media":416653,"comment_status":"closed","ping_status":"closed","template":"","meta":{"_acf_changed":false},"product_cat":[477,480],"product_tag":[],"class_list":{"0":"post-115639","1":"product","2":"type-product","3":"status-publish","4":"has-post-thumbnail","6":"product_cat-tous-les-cafes","7":"product_cat-cafe-de-specialite","9":"first","10":"instock","11":"taxable","12":"shipping-taxable","13":"purchasable","14":"product-type-variable"},"acf":[],"yoast_head":"<!-- This site is optimized with the Yoast SEO Premium plugin v24.5 (Yoast SEO v24.5) - https:\/\/yoast.com\/wordpress\/plugins\/seo\/ -->\n<title>Attikan | De&#039;Longhi<\/title>\n<meta name=\"description\" content=\"D\u00e9couvrez l&#039;ar\u00f4me des grains de caf\u00e9 Attikan, produits par Cuperus et voyagez avec nous pour explorer un monde de caf\u00e9 unique.\" \/>\n<meta name=\"robots\" content=\"index, follow, max-snippet:-1, max-image-preview:large, max-video-preview:-1\" \/>\n<meta name=\"twitter:card\" content=\"summary_large_image\" \/>\n<meta name=\"twitter:title\" content=\"Attikan | De&#039;Longhi\" \/>\n<meta name=\"twitter:description\" content=\"D\u00e9couvrez l&#039;ar\u00f4me des grains de caf\u00e9 Attikan, produits par Cuperus et voyagez avec nous pour explorer un monde de caf\u00e9 unique.\" \/>\n<meta name=\"twitter:image\" content=\"https:\/\/coffeelounge.delonghi.com\/wp-content\/uploads\/2022\/01\/attikan.png\" \/>\n<script type=\"application\/ld+json\" class=\"yoast-schema-graph\">{\"@context\":\"https:\/\/schema.org\",\"@graph\":[{\"@type\":\"WebPage\",\"@id\":\"https:\/\/coffeelounge.delonghi.com\/fr-be\/product\/attikan\/\",\"url\":\"https:\/\/coffeelounge.delonghi.com\/fr-be\/product\/attikan\/\",\"name\":\"Attikan | De&#039;Longhi\",\"isPartOf\":{\"@id\":\"https:\/\/coffeelounge.delonghi.com\/fr-be\/#website\"},\"primaryImageOfPage\":{\"@id\":\"https:\/\/coffeelounge.delonghi.com\/fr-be\/product\/attikan\/#primaryimage\"},\"image\":{\"@id\":\"https:\/\/coffeelounge.delonghi.com\/fr-be\/product\/attikan\/#primaryimage\"},\"thumbnailUrl\":\"https:\/\/coffeelounge.delonghi.com\/wp-content\/uploads\/2022\/01\/attikan.png\",\"datePublished\":\"2022-01-19T13:03:10+00:00\",\"dateModified\":\"2024-03-04T14:32:09+00:00\",\"description\":\"D\u00e9couvrez l'ar\u00f4me des grains de caf\u00e9 Attikan, produits par Cuperus et voyagez avec nous pour explorer un monde de caf\u00e9 unique.\",\"breadcrumb\":{\"@id\":\"https:\/\/coffeelounge.delonghi.com\/fr-be\/product\/attikan\/#breadcrumb\"},\"inLanguage\":\"fr-be\",\"potentialAction\":[{\"@type\":\"ReadAction\",\"target\":[\"https:\/\/coffeelounge.delonghi.com\/fr-be\/product\/attikan\/\"]}]},{\"@type\":\"ImageObject\",\"inLanguage\":\"fr-be\",\"@id\":\"https:\/\/coffeelounge.delonghi.com\/fr-be\/product\/attikan\/#primaryimage\",\"url\":\"https:\/\/coffeelounge.delonghi.com\/wp-content\/uploads\/2022\/01\/attikan.png\",\"contentUrl\":\"https:\/\/coffeelounge.delonghi.com\/wp-content\/uploads\/2022\/01\/attikan.png\",\"width\":500,\"height\":500},{\"@type\":\"BreadcrumbList\",\"@id\":\"https:\/\/coffeelounge.delonghi.com\/fr-be\/product\/attikan\/#breadcrumb\",\"itemListElement\":[{\"@type\":\"ListItem\",\"position\":1,\"name\":\"Home\",\"item\":\"https:\/\/coffeelounge.delonghi.com\/fr-be\/\"},{\"@type\":\"ListItem\",\"position\":2,\"name\":\"Boutique\",\"item\":\"https:\/\/coffeelounge.delonghi.com\/fr\/?page_id=36\"},{\"@type\":\"ListItem\",\"position\":3,\"name\":\"Attikan\"}]},{\"@type\":\"WebSite\",\"@id\":\"https:\/\/coffeelounge.delonghi.com\/fr-be\/#website\",\"url\":\"https:\/\/coffeelounge.delonghi.com\/fr-be\/\",\"name\":\"De&#039;Longhi\",\"description\":\"Coffee Lounge\",\"publisher\":{\"@id\":\"https:\/\/coffeelounge.delonghi.com\/fr-be\/#organization\"},\"potentialAction\":[{\"@type\":\"SearchAction\",\"target\":{\"@type\":\"EntryPoint\",\"urlTemplate\":\"https:\/\/coffeelounge.delonghi.com\/fr-be\/?s={search_term_string}\"},\"query-input\":{\"@type\":\"PropertyValueSpecification\",\"valueRequired\":true,\"valueName\":\"search_term_string\"}}],\"inLanguage\":\"fr-be\"},{\"@type\":\"Organization\",\"@id\":\"https:\/\/coffeelounge.delonghi.com\/fr-be\/#organization\",\"name\":\"De'Longhi Coffee Lounge\",\"url\":\"https:\/\/coffeelounge.delonghi.com\/fr-be\/\",\"logo\":{\"@type\":\"ImageObject\",\"inLanguage\":\"fr-be\",\"@id\":\"https:\/\/coffeelounge.delonghi.com\/fr-be\/#\/schema\/logo\/image\/\",\"url\":\"https:\/\/coffeelounge.delonghi.com\/wp-content\/uploads\/2020\/05\/delonghi-coffee-lounge-logo-nederland.png\",\"contentUrl\":\"https:\/\/coffeelounge.delonghi.com\/wp-content\/uploads\/2020\/05\/delonghi-coffee-lounge-logo-nederland.png\",\"width\":2337,\"height\":724,\"caption\":\"De'Longhi Coffee Lounge\"},\"image\":{\"@id\":\"https:\/\/coffeelounge.delonghi.com\/fr-be\/#\/schema\/logo\/image\/\"}}]}<\/script>\n<!-- \/ Yoast SEO Premium plugin. -->","yoast_head_json":{"title":"Attikan | De&#039;Longhi","description":"D\u00e9couvrez l'ar\u00f4me des grains de caf\u00e9 Attikan, produits par Cuperus et voyagez avec nous pour explorer un monde de caf\u00e9 unique.","robots":{"index":"index","follow":"follow","max-snippet":"max-snippet:-1","max-image-preview":"max-image-preview:large","max-video-preview":"max-video-preview:-1"},"twitter_card":"summary_large_image","twitter_title":"Attikan | De&#039;Longhi","twitter_description":"D\u00e9couvrez l'ar\u00f4me des grains de caf\u00e9 Attikan, produits par Cuperus et voyagez avec nous pour explorer un monde de caf\u00e9 unique.","twitter_image":"https:\/\/coffeelounge.delonghi.com\/wp-content\/uploads\/2022\/01\/attikan.png","schema":{"@context":"https:\/\/schema.org","@graph":[{"@type":"WebPage","@id":"https:\/\/coffeelounge.delonghi.com\/fr-be\/product\/attikan\/","url":"https:\/\/coffeelounge.delonghi.com\/fr-be\/product\/attikan\/","name":"Attikan | De&#039;Longhi","isPartOf":{"@id":"https:\/\/coffeelounge.delonghi.com\/fr-be\/#website"},"primaryImageOfPage":{"@id":"https:\/\/coffeelounge.delonghi.com\/fr-be\/product\/attikan\/#primaryimage"},"image":{"@id":"https:\/\/coffeelounge.delonghi.com\/fr-be\/product\/attikan\/#primaryimage"},"thumbnailUrl":"https:\/\/coffeelounge.delonghi.com\/wp-content\/uploads\/2022\/01\/attikan.png","datePublished":"2022-01-19T13:03:10+00:00","dateModified":"2024-03-04T14:32:09+00:00","description":"D\u00e9couvrez l'ar\u00f4me des grains de caf\u00e9 Attikan, produits par Cuperus et voyagez avec nous pour explorer un monde de caf\u00e9 unique.","breadcrumb":{"@id":"https:\/\/coffeelounge.delonghi.com\/fr-be\/product\/attikan\/#breadcrumb"},"inLanguage":"fr-be","potentialAction":[{"@type":"ReadAction","target":["https:\/\/coffeelounge.delonghi.com\/fr-be\/product\/attikan\/"]}]},{"@type":"ImageObject","inLanguage":"fr-be","@id":"https:\/\/coffeelounge.delonghi.com\/fr-be\/product\/attikan\/#primaryimage","url":"https:\/\/coffeelounge.delonghi.com\/wp-content\/uploads\/2022\/01\/attikan.png","contentUrl":"https:\/\/coffeelounge.delonghi.com\/wp-content\/uploads\/2022\/01\/attikan.png","width":500,"height":500},{"@type":"BreadcrumbList","@id":"https:\/\/coffeelounge.delonghi.com\/fr-be\/product\/attikan\/#breadcrumb","itemListElement":[{"@type":"ListItem","position":1,"name":"Home","item":"https:\/\/coffeelounge.delonghi.com\/fr-be\/"},{"@type":"ListItem","position":2,"name":"Boutique","item":"https:\/\/coffeelounge.delonghi.com\/fr\/?page_id=36"},{"@type":"ListItem","position":3,"name":"Attikan"}]},{"@type":"WebSite","@id":"https:\/\/coffeelounge.delonghi.com\/fr-be\/#website","url":"https:\/\/coffeelounge.delonghi.com\/fr-be\/","name":"De&#039;Longhi","description":"Coffee Lounge","publisher":{"@id":"https:\/\/coffeelounge.delonghi.com\/fr-be\/#organization"},"potentialAction":[{"@type":"SearchAction","target":{"@type":"EntryPoint","urlTemplate":"https:\/\/coffeelounge.delonghi.com\/fr-be\/?s={search_term_string}"},"query-input":{"@type":"PropertyValueSpecification","valueRequired":true,"valueName":"search_term_string"}}],"inLanguage":"fr-be"},{"@type":"Organization","@id":"https:\/\/coffeelounge.delonghi.com\/fr-be\/#organization","name":"De'Longhi Coffee Lounge","url":"https:\/\/coffeelounge.delonghi.com\/fr-be\/","logo":{"@type":"ImageObject","inLanguage":"fr-be","@id":"https:\/\/coffeelounge.delonghi.com\/fr-be\/#\/schema\/logo\/image\/","url":"https:\/\/coffeelounge.delonghi.com\/wp-content\/uploads\/2020\/05\/delonghi-coffee-lounge-logo-nederland.png","contentUrl":"https:\/\/coffeelounge.delonghi.com\/wp-content\/uploads\/2020\/05\/delonghi-coffee-lounge-logo-nederland.png","width":2337,"height":724,"caption":"De'Longhi Coffee Lounge"},"image":{"@id":"https:\/\/coffeelounge.delonghi.com\/fr-be\/#\/schema\/logo\/image\/"}}]}},"_links":{"self":[{"href":"https:\/\/coffeelounge.delonghi.com\/fr-be\/wp-json\/wp\/v2\/product\/115639","targetHints":{"allow":["GET"]}}],"collection":[{"href":"https:\/\/coffeelounge.delonghi.com\/fr-be\/wp-json\/wp\/v2\/product"}],"about":[{"href":"https:\/\/coffeelounge.delonghi.com\/fr-be\/wp-json\/wp\/v2\/types\/product"}],"replies":[{"embeddable":true,"href":"https:\/\/coffeelounge.delonghi.com\/fr-be\/wp-json\/wp\/v2\/comments?post=115639"}],"version-history":[{"count":2,"href":"https:\/\/coffeelounge.delonghi.com\/fr-be\/wp-json\/wp\/v2\/product\/115639\/revisions"}],"predecessor-version":[{"id":422339,"href":"https:\/\/coffeelounge.delonghi.com\/fr-be\/wp-json\/wp\/v2\/product\/115639\/revisions\/422339"}],"wp:featuredmedia":[{"embeddable":true,"href":"https:\/\/coffeelounge.delonghi.com\/fr-be\/wp-json\/wp\/v2\/media\/416653"}],"wp:attachment":[{"href":"https:\/\/coffeelounge.delonghi.com\/fr-be\/wp-json\/wp\/v2\/media?parent=115639"}],"wp:term":[{"taxonomy":"product_cat","embeddable":true,"href":"https:\/\/coffeelounge.delonghi.com\/fr-be\/wp-json\/wp\/v2\/product_cat?post=115639"},{"taxonomy":"product_tag","embeddable":true,"href":"https:\/\/coffeelounge.delonghi.com\/fr-be\/wp-json\/wp\/v2\/product_tag?post=115639"}],"curies":[{"name":"wp","href":"https:\/\/api.w.org\/{rel}","templated":true}]}}