{"id":62983,"date":"2020-10-01T07:31:42","date_gmt":"2020-10-01T07:31:42","guid":{"rendered":"https:\/\/coffeelounge.delonghi.com\/reset-password\/"},"modified":"2020-10-01T07:31:42","modified_gmt":"2020-10-01T07:31:42","slug":"reset-password","status":"publish","type":"page","link":"https:\/\/coffeelounge.delonghi.com\/fr-be\/reset-password\/","title":{"rendered":"Reset password"},"content":{"rendered":"\t\t<div data-elementor-type=\"wp-page\" data-elementor-id=\"62983\" class=\"elementor elementor-62983 elementor-5886\" data-elementor-post-type=\"page\">\n\t\t\t\t\t\t<section class=\"elementor-section elementor-top-section elementor-element elementor-element-4aa9b91 elementor-section-boxed elementor-section-height-default elementor-section-height-default\" data-id=\"4aa9b91\" data-element_type=\"section\">\n\t\t\t\t\t\t<div class=\"elementor-container elementor-column-gap-default\">\n\t\t\t\t\t<div class=\"elementor-column elementor-col-100 elementor-top-column elementor-element elementor-element-12271a1\" data-id=\"12271a1\" data-element_type=\"column\">\n\t\t\t<div class=\"elementor-widget-wrap elementor-element-populated\">\n\t\t\t\t\t\t<div class=\"elementor-element elementor-element-a5ac0bf titolo_login elementor-widget elementor-widget-ucaddon_learn_intro_title\" data-id=\"a5ac0bf\" data-element_type=\"widget\" data-widget_type=\"ucaddon_learn_intro_title.default\">\n\t\t\t\t<div class=\"elementor-widget-container\">\n\t\t\t\t\t\n<!-- start Learn Intro Title -->\n<style>\/* widget: Learn Intro Title *\/\n\n.learn_intro{\n  color:black;\n  font-family: \"Futura PT Book\", Sans-serif;\n  padding:0px;\n  margin-top: 0px;\n  margin-left: 164px;    \n  text-align: left;\n  position: relative;\n}\n\n.learn_intro_title{\n  font-size: 48px;\n  font-weight: normal;\n  font-stretch: normal;\n  font-style: normal;\n  line-height: 1.13;\n  letter-spacing: normal;\n  color: #131518;\n}\n\n.learn_intro_intro{\n  font-size: 18px;\n  font-weight: normal;\n  font-stretch: normal;\n  font-style: normal;\n  line-height: 1.33;\n  letter-spacing: normal;\n  color: #131518;\n  max-width:546px;\n}\n.learn_intro_title::before {\n  display: block;\n  content: ' ';\n  position: absolute;\n  width: 88px;\n  height: 2px;\n  background-color: #d07544;\n  top: 41px;\n  \/*top: 80px;*\/\n  left: 69px;\n  left: -96px;\n}\n.centered {\n  text-align: center !important;\n  margin-left:0;\n}\n\n.centered .learn_intro_title{\n  \n}\n.centered .learn_intro_title::before {\n  display: none;\n}\n\n.centered .learn_intro_intro{\n  max-width: 700px;\n  margin:auto;\n  margin-top: 16px;\n}\n\n@media  screen and (max-width: 1280px) {\n  .learn_intro{\n    margin-left: 20%;\n  }\n  .centered {\n    margin-left:0 !important;\n  }\n}\n\n@media only screen and (max-device-width: 480px) {\n  .learn_intro{\n    margin-left: 10%;\n  }\n  .centered {\n    margin-left:0 !important;\n  }  \n  .titolo_login .learn_intro_title {\n    margin-left: 0px;\n  }\n  .learn_intro_title {  \n    font-size: 32px;\n  }\n}\n\n<\/style>\n\n  <div class=\"learn_intro\">\n\n    <h2 class=\"learn_intro_title\">Modifier le mot de passe\n    <\/h2>\n      \n    \n  <\/div>\n\n\n<!-- end Learn Intro Title -->\t\t\t\t<\/div>\n\t\t\t\t<\/div>\n\t\t\t\t\t<\/div>\n\t\t<\/div>\n\t\t\t\t\t<\/div>\n\t\t<\/section>\n\t\t\t\t<section class=\"elementor-section elementor-top-section elementor-element elementor-element-57c283a elementor-section-full_width registration_page_box elementor-section-height-default elementor-section-height-default\" data-id=\"57c283a\" data-element_type=\"section\">\n\t\t\t\t\t\t<div class=\"elementor-container elementor-column-gap-default\">\n\t\t\t\t\t<div class=\"elementor-column elementor-col-50 elementor-top-column elementor-element elementor-element-d84ebf0\" data-id=\"d84ebf0\" data-element_type=\"column\">\n\t\t\t<div class=\"elementor-widget-wrap elementor-element-populated\">\n\t\t\t\t\t\t<div class=\"elementor-element elementor-element-f4e0967 elementor-widget elementor-widget-ucaddon_coffee_mini_intestazione\" data-id=\"f4e0967\" data-element_type=\"widget\" data-widget_type=\"ucaddon_coffee_mini_intestazione.default\">\n\t\t\t\t<div class=\"elementor-widget-container\">\n\t\t\t\t\t\n<!-- start Coffee Mini Intestazione -->\n<style>\/* widget: Coffee Mini Intestazione *\/\n\n.coffee_mini_intestazione{\n  font-family: \"Futura PT Book\", Sans-serif; \n}\n.coffee_mini_intestazione .intestazione_title{\n  font-size: 18px;\n  font-weight: 900;\n  font-stretch: normal;\n  font-style: normal;\n  line-height: 1.33;\n  letter-spacing: normal;\n  text-align: left;\n  color: #131518;\n}\n.coffee_mini_intestazione .intestazione_text{\n  font-size: 18px;\n  font-weight: normal;\n  font-stretch: normal;\n  font-style: normal;\n  line-height: 1.33;\n  letter-spacing: normal;\n  text-align: left;\n  margin-bottom:40px;\n}\n\n\n<\/style>\n\n<div class=\"coffee_mini_intestazione\">\n  <h5 class=\"intestazione_title\">NOUVEAU MOT DE PASS<\/h5>\n  <p class=\"intestazione_text\">Ins\u00e9rez le nouveau mot de passe ci-dessous<\/p>\n<\/div>\n<!-- end Coffee Mini Intestazione -->\t\t\t\t<\/div>\n\t\t\t\t<\/div>\n\t\t\t\t<div class=\"elementor-element elementor-element-1688d81 elementor-widget elementor-widget-html\" data-id=\"1688d81\" data-element_type=\"widget\" data-widget_type=\"html.default\">\n\t\t\t\t<div class=\"elementor-widget-container\">\n\t\t\t\t\t<form id=\"resetpassword\"><\/form>\t\t\t\t<\/div>\n\t\t\t\t<\/div>\n\t\t\t\t\t<\/div>\n\t\t<\/div>\n\t\t\t\t<div data-dce-background-color=\"#F7F7F7\" class=\"elementor-column elementor-col-50 elementor-top-column elementor-element elementor-element-b053628 colonna_info\" data-id=\"b053628\" data-element_type=\"column\" data-settings=\"{&quot;background_background&quot;:&quot;classic&quot;}\">\n\t\t\t<div class=\"elementor-widget-wrap elementor-element-populated\">\n\t\t\t\t\t\t<div class=\"elementor-element elementor-element-ce80d91 blocco_testo_info elementor-widget elementor-widget-text-editor\" data-id=\"ce80d91\" data-element_type=\"widget\" data-widget_type=\"text-editor.default\">\n\t\t\t\t<div class=\"elementor-widget-container\">\n\t\t\t\t\t\t\t\t\t<h5><strong>Vous \u00eates un nouvel utilisateur\u00a0?<\/strong><\/h5><p><span data-sheets-value=\"{&quot;1&quot;:2,&quot;2&quot;:&quot;Inscrivez-vous pour profiter de tous les avantages De'Longhi\u00a0: &quot;}\" data-sheets-userformat=\"{&quot;2&quot;:47105,&quot;3&quot;:{&quot;1&quot;:0,&quot;3&quot;:1},&quot;14&quot;:{&quot;1&quot;:3,&quot;3&quot;:1},&quot;15&quot;:&quot;Arial&quot;,&quot;16&quot;:14,&quot;18&quot;:1}\">Inscrivez-vous pour profiter de tous les avantages De\u2019Longhi :<\/span><\/p><ul><li>Participez \u00e0 des \u00e9v\u00e9nements exclusifs et \u00e0 des Masterclass pour devenir un v\u00e9ritable expert caf\u00e9<\/li><li><span data-sheets-value=\"{&quot;1&quot;:2,&quot;2&quot;:&quot;Devenez un v\u00e9ritable barista gr\u00e2ce \u00e0 nos recettes gourmandes&quot;}\" data-sheets-userformat=\"{&quot;2&quot;:47105,&quot;3&quot;:{&quot;1&quot;:0,&quot;3&quot;:1},&quot;14&quot;:{&quot;1&quot;:3,&quot;3&quot;:1},&quot;15&quot;:&quot;Calibri&quot;,&quot;16&quot;:14,&quot;18&quot;:1}\">Devenez un v\u00e9ritable barista gr\u00e2ce \u00e0 nos recettes gourmandes<\/span><\/li><li>Enregistrez votre profil d\u2019amateur caf\u00e9 et recevez des suggestions de caf\u00e9s et de recettes<\/li><li>B\u00e9n\u00e9ficiez de remises et d\u2019offres sp\u00e9ciales<\/li><li><span data-sheets-value=\"{&quot;1&quot;:2,&quot;2&quot;:&quot;Acc\u00e9dez \u00e0 des services premium r\u00e9serv\u00e9s aux propri\u00e9taires de machines \u00e0 caf\u00e9 De'Longhi&quot;}\" data-sheets-userformat=\"{&quot;2&quot;:47105,&quot;3&quot;:{&quot;1&quot;:0,&quot;3&quot;:1},&quot;14&quot;:{&quot;1&quot;:3,&quot;3&quot;:1},&quot;15&quot;:&quot;Arial&quot;,&quot;16&quot;:14,&quot;18&quot;:1}\">Acc\u00e9dez \u00e0 des services premium r\u00e9serv\u00e9s aux propri\u00e9taires de machines \u00e0 caf\u00e9 De\u2019Longhi<\/span><\/li><\/ul>\t\t\t\t\t\t\t\t<\/div>\n\t\t\t\t<\/div>\n\t\t\t\t\t<\/div>\n\t\t<\/div>\n\t\t\t\t\t<\/div>\n\t\t<\/section>\n\t\t\t\t<section class=\"elementor-section elementor-top-section elementor-element elementor-element-b5607e1 elementor-section-boxed elementor-section-height-default elementor-section-height-default\" data-id=\"b5607e1\" data-element_type=\"section\">\n\t\t\t\t\t\t<div class=\"elementor-container elementor-column-gap-default\">\n\t\t\t\t\t<div class=\"elementor-column elementor-col-66 elementor-top-column elementor-element elementor-element-d5ad772\" data-id=\"d5ad772\" data-element_type=\"column\">\n\t\t\t<div class=\"elementor-widget-wrap\">\n\t\t\t\t\t\t\t<\/div>\n\t\t<\/div>\n\t\t\t\t<div class=\"elementor-column elementor-col-33 elementor-top-column elementor-element elementor-element-e7ed370\" data-id=\"e7ed370\" data-element_type=\"column\">\n\t\t\t<div class=\"elementor-widget-wrap\">\n\t\t\t\t\t\t\t<\/div>\n\t\t<\/div>\n\t\t\t\t\t<\/div>\n\t\t<\/section>\n\t\t\t\t<\/div>\n\t\t","protected":false},"excerpt":{"rendered":"<p>Modifier le mot de passe NOUVEAU MOT DE PASS Ins\u00e9rez le nouveau mot de passe ci-dessous Vous \u00eates un nouvel utilisateur&nbsp;? Inscrivez-vous pour profiter de tous les avantages De\u2019Longhi : Participez \u00e0 des \u00e9v\u00e9nements exclusifs et \u00e0 des Masterclass pour devenir un v\u00e9ritable expert caf\u00e9 Devenez un v\u00e9ritable barista gr\u00e2ce \u00e0 nos recettes gourmandes Enregistrez [&hellip;]<\/p>\n","protected":false},"author":1,"featured_media":0,"parent":0,"menu_order":0,"comment_status":"closed","ping_status":"closed","template":"elementor_header_footer","meta":{"_acf_changed":false,"footnotes":""},"class_list":["post-62983","page","type-page","status-publish","hentry"],"acf":[],"yoast_head":"<!-- This site is optimized with the Yoast SEO Premium plugin v24.5 (Yoast SEO v24.5) - https:\/\/yoast.com\/wordpress\/plugins\/seo\/ -->\n<title>Reset password | De&#039;Longhi<\/title>\n<meta name=\"robots\" content=\"index, follow, max-snippet:-1, max-image-preview:large, max-video-preview:-1\" \/>\n<meta name=\"twitter:card\" content=\"summary_large_image\" \/>\n<meta name=\"twitter:title\" content=\"Reset password | De&#039;Longhi\" \/>\n<meta name=\"twitter:description\" content=\"Modifier le mot de passe NOUVEAU MOT DE PASS Ins\u00e9rez le nouveau mot de passe ci-dessous Vous \u00eates un nouvel utilisateur&nbsp;? Inscrivez-vous pour profiter de tous les avantages De\u2019Longhi : Participez \u00e0 des \u00e9v\u00e9nements exclusifs et \u00e0 des Masterclass pour devenir un v\u00e9ritable expert caf\u00e9 Devenez un v\u00e9ritable barista gr\u00e2ce \u00e0 nos recettes gourmandes Enregistrez [&hellip;]\" \/>\n<script type=\"application\/ld+json\" class=\"yoast-schema-graph\">{\"@context\":\"https:\/\/schema.org\",\"@graph\":[{\"@type\":\"WebPage\",\"@id\":\"https:\/\/coffeelounge.delonghi.com\/fr-be\/reset-password\/\",\"url\":\"https:\/\/coffeelounge.delonghi.com\/fr-be\/reset-password\/\",\"name\":\"Reset password | De&#039;Longhi\",\"isPartOf\":{\"@id\":\"https:\/\/coffeelounge.delonghi.com\/fr-be\/#website\"},\"datePublished\":\"2020-10-01T07:31:42+00:00\",\"breadcrumb\":{\"@id\":\"https:\/\/coffeelounge.delonghi.com\/fr-be\/reset-password\/#breadcrumb\"},\"inLanguage\":\"fr-be\",\"potentialAction\":[{\"@type\":\"ReadAction\",\"target\":[\"https:\/\/coffeelounge.delonghi.com\/fr-be\/reset-password\/\"]}]},{\"@type\":\"BreadcrumbList\",\"@id\":\"https:\/\/coffeelounge.delonghi.com\/fr-be\/reset-password\/#breadcrumb\",\"itemListElement\":[{\"@type\":\"ListItem\",\"position\":1,\"name\":\"Home\",\"item\":\"https:\/\/coffeelounge.delonghi.com\/fr-be\/\"},{\"@type\":\"ListItem\",\"position\":2,\"name\":\"Reset password\"}]},{\"@type\":\"WebSite\",\"@id\":\"https:\/\/coffeelounge.delonghi.com\/fr-be\/#website\",\"url\":\"https:\/\/coffeelounge.delonghi.com\/fr-be\/\",\"name\":\"De&#039;Longhi\",\"description\":\"Coffee Lounge\",\"publisher\":{\"@id\":\"https:\/\/coffeelounge.delonghi.com\/fr-be\/#organization\"},\"potentialAction\":[{\"@type\":\"SearchAction\",\"target\":{\"@type\":\"EntryPoint\",\"urlTemplate\":\"https:\/\/coffeelounge.delonghi.com\/fr-be\/?s={search_term_string}\"},\"query-input\":{\"@type\":\"PropertyValueSpecification\",\"valueRequired\":true,\"valueName\":\"search_term_string\"}}],\"inLanguage\":\"fr-be\"},{\"@type\":\"Organization\",\"@id\":\"https:\/\/coffeelounge.delonghi.com\/fr-be\/#organization\",\"name\":\"De'Longhi Coffee Lounge\",\"url\":\"https:\/\/coffeelounge.delonghi.com\/fr-be\/\",\"logo\":{\"@type\":\"ImageObject\",\"inLanguage\":\"fr-be\",\"@id\":\"https:\/\/coffeelounge.delonghi.com\/fr-be\/#\/schema\/logo\/image\/\",\"url\":\"https:\/\/coffeelounge.delonghi.com\/wp-content\/uploads\/2020\/05\/delonghi-coffee-lounge-logo-nederland.png\",\"contentUrl\":\"https:\/\/coffeelounge.delonghi.com\/wp-content\/uploads\/2020\/05\/delonghi-coffee-lounge-logo-nederland.png\",\"width\":2337,\"height\":724,\"caption\":\"De'Longhi Coffee Lounge\"},\"image\":{\"@id\":\"https:\/\/coffeelounge.delonghi.com\/fr-be\/#\/schema\/logo\/image\/\"}}]}<\/script>\n<!-- \/ Yoast SEO Premium plugin. -->","yoast_head_json":{"title":"Reset password | De&#039;Longhi","robots":{"index":"index","follow":"follow","max-snippet":"max-snippet:-1","max-image-preview":"max-image-preview:large","max-video-preview":"max-video-preview:-1"},"twitter_card":"summary_large_image","twitter_title":"Reset password | De&#039;Longhi","twitter_description":"Modifier le mot de passe NOUVEAU MOT DE PASS Ins\u00e9rez le nouveau mot de passe ci-dessous Vous \u00eates un nouvel utilisateur&nbsp;? Inscrivez-vous pour profiter de tous les avantages De\u2019Longhi : Participez \u00e0 des \u00e9v\u00e9nements exclusifs et \u00e0 des Masterclass pour devenir un v\u00e9ritable expert caf\u00e9 Devenez un v\u00e9ritable barista gr\u00e2ce \u00e0 nos recettes gourmandes Enregistrez [&hellip;]","schema":{"@context":"https:\/\/schema.org","@graph":[{"@type":"WebPage","@id":"https:\/\/coffeelounge.delonghi.com\/fr-be\/reset-password\/","url":"https:\/\/coffeelounge.delonghi.com\/fr-be\/reset-password\/","name":"Reset password | De&#039;Longhi","isPartOf":{"@id":"https:\/\/coffeelounge.delonghi.com\/fr-be\/#website"},"datePublished":"2020-10-01T07:31:42+00:00","breadcrumb":{"@id":"https:\/\/coffeelounge.delonghi.com\/fr-be\/reset-password\/#breadcrumb"},"inLanguage":"fr-be","potentialAction":[{"@type":"ReadAction","target":["https:\/\/coffeelounge.delonghi.com\/fr-be\/reset-password\/"]}]},{"@type":"BreadcrumbList","@id":"https:\/\/coffeelounge.delonghi.com\/fr-be\/reset-password\/#breadcrumb","itemListElement":[{"@type":"ListItem","position":1,"name":"Home","item":"https:\/\/coffeelounge.delonghi.com\/fr-be\/"},{"@type":"ListItem","position":2,"name":"Reset password"}]},{"@type":"WebSite","@id":"https:\/\/coffeelounge.delonghi.com\/fr-be\/#website","url":"https:\/\/coffeelounge.delonghi.com\/fr-be\/","name":"De&#039;Longhi","description":"Coffee Lounge","publisher":{"@id":"https:\/\/coffeelounge.delonghi.com\/fr-be\/#organization"},"potentialAction":[{"@type":"SearchAction","target":{"@type":"EntryPoint","urlTemplate":"https:\/\/coffeelounge.delonghi.com\/fr-be\/?s={search_term_string}"},"query-input":{"@type":"PropertyValueSpecification","valueRequired":true,"valueName":"search_term_string"}}],"inLanguage":"fr-be"},{"@type":"Organization","@id":"https:\/\/coffeelounge.delonghi.com\/fr-be\/#organization","name":"De'Longhi Coffee Lounge","url":"https:\/\/coffeelounge.delonghi.com\/fr-be\/","logo":{"@type":"ImageObject","inLanguage":"fr-be","@id":"https:\/\/coffeelounge.delonghi.com\/fr-be\/#\/schema\/logo\/image\/","url":"https:\/\/coffeelounge.delonghi.com\/wp-content\/uploads\/2020\/05\/delonghi-coffee-lounge-logo-nederland.png","contentUrl":"https:\/\/coffeelounge.delonghi.com\/wp-content\/uploads\/2020\/05\/delonghi-coffee-lounge-logo-nederland.png","width":2337,"height":724,"caption":"De'Longhi Coffee Lounge"},"image":{"@id":"https:\/\/coffeelounge.delonghi.com\/fr-be\/#\/schema\/logo\/image\/"}}]}},"_links":{"self":[{"href":"https:\/\/coffeelounge.delonghi.com\/fr-be\/wp-json\/wp\/v2\/pages\/62983","targetHints":{"allow":["GET"]}}],"collection":[{"href":"https:\/\/coffeelounge.delonghi.com\/fr-be\/wp-json\/wp\/v2\/pages"}],"about":[{"href":"https:\/\/coffeelounge.delonghi.com\/fr-be\/wp-json\/wp\/v2\/types\/page"}],"author":[{"embeddable":true,"href":"https:\/\/coffeelounge.delonghi.com\/fr-be\/wp-json\/wp\/v2\/users\/1"}],"replies":[{"embeddable":true,"href":"https:\/\/coffeelounge.delonghi.com\/fr-be\/wp-json\/wp\/v2\/comments?post=62983"}],"version-history":[{"count":0,"href":"https:\/\/coffeelounge.delonghi.com\/fr-be\/wp-json\/wp\/v2\/pages\/62983\/revisions"}],"wp:attachment":[{"href":"https:\/\/coffeelounge.delonghi.com\/fr-be\/wp-json\/wp\/v2\/media?parent=62983"}],"curies":[{"name":"wp","href":"https:\/\/api.w.org\/{rel}","templated":true}]}}