{"id":62948,"date":"2020-11-09T20:16:08","date_gmt":"2020-11-09T20:16:08","guid":{"rendered":"https:\/\/coffeelounge.delonghi.com\/politique-relative-aux-cookies\/"},"modified":"2022-08-01T14:33:25","modified_gmt":"2022-08-01T14:33:25","slug":"politique-relative-aux-cookies","status":"publish","type":"page","link":"https:\/\/coffeelounge.delonghi.com\/fr-be\/politique-relative-aux-cookies\/","title":{"rendered":"Politique relative aux cookies"},"content":{"rendered":"\t\t<div data-elementor-type=\"wp-page\" data-elementor-id=\"62948\" class=\"elementor elementor-62948 elementor-15687\" data-elementor-post-type=\"page\">\n\t\t\t\t\t\t<section class=\"elementor-section elementor-top-section elementor-element elementor-element-128411c2 elementor-section-boxed elementor-section-height-default elementor-section-height-default\" data-id=\"128411c2\" data-element_type=\"section\">\n\t\t\t\t\t\t<div class=\"elementor-container elementor-column-gap-default\">\n\t\t\t\t\t<div class=\"elementor-column elementor-col-100 elementor-top-column elementor-element elementor-element-3902c048\" data-id=\"3902c048\" data-element_type=\"column\">\n\t\t\t<div class=\"elementor-widget-wrap elementor-element-populated\">\n\t\t\t\t\t\t<div class=\"elementor-element elementor-element-a882da4 elementor-widget elementor-widget-ucaddon_learn_intro_title\" data-id=\"a882da4\" data-element_type=\"widget\" data-widget_type=\"ucaddon_learn_intro_title.default\">\n\t\t\t\t<div class=\"elementor-widget-container\">\n\t\t\t\t\t\n<!-- start Learn Intro Title -->\n<style>\/* widget: Learn Intro Title *\/\n\n.learn_intro{\n  color:black;\n  font-family: \"Futura PT Book\", Sans-serif;\n  padding:0px;\n  margin-top: 0px;\n  margin-left: 164px;    \n  text-align: left;\n  position: relative;\n}\n\n.learn_intro_title{\n  font-size: 48px;\n  font-weight: normal;\n  font-stretch: normal;\n  font-style: normal;\n  line-height: 1.13;\n  letter-spacing: normal;\n  color: #131518;\n}\n\n.learn_intro_intro{\n  font-size: 18px;\n  font-weight: normal;\n  font-stretch: normal;\n  font-style: normal;\n  line-height: 1.33;\n  letter-spacing: normal;\n  color: #131518;\n  max-width:546px;\n}\n.learn_intro_title::before {\n  display: block;\n  content: ' ';\n  position: absolute;\n  width: 88px;\n  height: 2px;\n  background-color: #d07544;\n  top: 41px;\n  \/*top: 80px;*\/\n  left: 69px;\n  left: -96px;\n}\n.centered {\n  text-align: center !important;\n  margin-left:0;\n}\n\n.centered .learn_intro_title{\n  \n}\n.centered .learn_intro_title::before {\n  display: none;\n}\n\n.centered .learn_intro_intro{\n  max-width: 700px;\n  margin:auto;\n  margin-top: 16px;\n}\n\n@media  screen and (max-width: 1280px) {\n  .learn_intro{\n    margin-left: 20%;\n  }\n  .centered {\n    margin-left:0 !important;\n  }\n}\n\n@media only screen and (max-device-width: 480px) {\n  .learn_intro{\n    margin-left: 10%;\n  }\n  .centered {\n    margin-left:0 !important;\n  }  \n  .titolo_login .learn_intro_title {\n    margin-left: 0px;\n  }\n  .learn_intro_title {  \n    font-size: 32px;\n  }\n}\n\n<\/style>\n\n  <div class=\"learn_intro\">\n\n    <h2 class=\"learn_intro_title\">\n    <\/h2>\n        <div class=\"learn_intro_intro\"><h1 style=\"font-size:48px;\">Politique relative aux cookies<\/h1>\n    <\/div>\n      \n    \n  <\/div>\n\n\n<!-- end Learn Intro Title -->\t\t\t\t<\/div>\n\t\t\t\t<\/div>\n\t\t\t\t<div class=\"elementor-element elementor-element-26a394b1 testo_privacy elementor-widget elementor-widget-text-editor\" data-id=\"26a394b1\" data-element_type=\"widget\" data-widget_type=\"text-editor.default\">\n\t\t\t\t<div class=\"elementor-widget-container\">\n\t\t\t\t\t\t\t\t\t<div class=\"colMain\"><div class=\"\"><p>Le site De&#8217;Longhi Group utilise des cookies pour fournir \u00e0 l&#8217;utilisateur un acc\u00e8s personnalis\u00e9 et am\u00e9liorer sa navigation.<br \/>En acc\u00e9dant au site, et en acceptant cette politique de Cookie, vous consentez \u00e0 l&#8217;utilisation des Cookies par le Groupe\u00a0 De&#8217;Longhi conform\u00e9ment aux modalit\u00e9s indiqu\u00e9es ci-dessous.<\/p><h2><strong>Qu&#8217;est-ce qu&#8217;un Cookie?<\/strong><\/h2><p>Les Cookies sont constitu\u00e9s de petits fichiers de texte, y compris souvent des identificateurs uniques, qui sont envoy\u00e9s par les serveurs web aux navigateurs web, et qui peuvent ensuite \u00eatre envoy\u00e9s vers le serveur \u00e0 chaque fois que le navigateur demande une page du serveur.<br \/>Les Cookies sont utilis\u00e9s \u00e0 des fins diff\u00e9rentes, ont des caract\u00e9ristiques diff\u00e9rentes, et peuvent \u00eatre utilis\u00e9s \u00e0 la fois par De&#8217;Longhi Group ou par un tiers.<br \/>Les Cookies facilitent la navigation de l&#8217;utilisateur et lui fournissent des connexions s\u00e9curis\u00e9es.<br \/>L&#8217;information ci-dessous concerne les cookies install\u00e9s par ce site et les instructions n\u00e9cessaires sur la fa\u00e7on de g\u00e9rer les pr\u00e9f\u00e9rences de l&#8217;utilisateur \u00e0 leur sujet.<\/p><h2><strong>Les Cookies utilis\u00e9s sur le site Web<\/strong><\/h2><p>Les Cookies ne contiennent pas d&#8217;informations permettant d&#8217;identifier l&#8217;utilisateur.<br \/>Les informations r\u00e9sultant de la navigation de l&#8217;utilisateur sur le site, et recueilli par le Cookie, peuvent \u00eatre utilis\u00e9es par le Groupe De&#8217;Longhi dans la gestion globale du site Web.<br \/>En particulier, sur notre site internet, les Cookies suivants sont utilis\u00e9s:<\/p><h3><strong>A. Cookies techniques<\/strong><\/h3><p>Ces Cookies sp\u00e9cifiques sont li\u00e9s aux activit\u00e9s qui sont strictement n\u00e9cessaires pour le bon fonctionnement du site internet et assurer la jouissance \/ utilisation de ses services.<\/p><p>Les Cookies techniques utilis\u00e9s dans le site sont:<\/p><table class=\"Elencochiaro1\" border=\"1\" width=\"576\" cellspacing=\"0\" cellpadding=\"0\"><tbody><tr><td valign=\"top\" width=\"130\"><p><strong>Cookie<\/strong><strong>\u00a0<\/strong><\/p><\/td><td valign=\"top\" width=\"359\"><p><strong>Description<\/strong><\/p><\/td><td valign=\"top\" width=\"87\"><p><strong>Expiration<\/strong><\/p><\/td><\/tr><tr><td valign=\"top\" width=\"130\"><p><strong>.ASPXANONYMOUS<\/strong><strong>\u00a0<\/strong><\/p><\/td><td valign=\"top\" width=\"359\"><p>Utilis\u00e9 par les sites internet qui utilisent la technologie .NET, vous permet de garder une session anonyme et d&#8217;identifier les utilisateurs uniquement<\/p><\/td><td valign=\"top\" width=\"87\"><p>\u00a045 jours<\/p><\/td><\/tr><tr><td valign=\"top\" width=\"130\"><p><strong>ASP.NET_SessionId<\/strong><strong>\u00a0<\/strong><\/p><\/td><td valign=\"top\" width=\"359\"><p>Utilis\u00e9 par les sites internet qui utilisent la technologie .NET, vous permet d&#8217;identifier les demandes des utilisateurs pendant une session<\/p><\/td><td valign=\"top\" width=\"87\"><p>\u00a0Session<\/p><\/td><\/tr><tr><td valign=\"top\" width=\"130\"><p><strong>AWSELB<\/strong><strong>\u00a0<\/strong><\/p><\/td><td valign=\"top\" width=\"359\"><p>vous permet de g\u00e9rer la charge de travail du serveur dans le groupe hebergeur<\/p><\/td><td valign=\"top\" width=\"87\"><p>\u00a0Un jour<\/p><\/td><\/tr><tr><td valign=\"top\" width=\"130\"><p><strong>cookielaw<\/strong><strong>\u00a0<\/strong><\/p><\/td><td valign=\"top\" width=\"359\"><p>Vous permet d&#8217;enregistrer le consentement des utilisateurs de Cookies (par pays)<\/p><\/td><td valign=\"top\" width=\"87\"><p>\u00a06 mois<\/p><\/td><\/tr><tr><td valign=\"top\" width=\"130\"><p><strong>currencyCode<\/strong><strong>\u00a0<\/strong><\/p><\/td><td valign=\"top\" width=\"359\"><p>vous permet de d\u00e9terminer le type de devise lors des paiements de l\u2019utilisateur)<\/p><\/td><td valign=\"top\" width=\"87\"><p>\u00a01 mois<\/p><\/td><\/tr><tr><td valign=\"top\" width=\"130\"><p><strong>lastPageId<\/strong><\/p><\/td><td valign=\"top\" width=\"359\"><p>vous permet de stocker la derni\u00e8re page visit\u00e9e par l&#8217;utilisateur<\/p><\/td><td valign=\"top\" width=\"87\"><p>\u00a0Session<\/p><\/td><\/tr><\/tbody><\/table><p>Ces types de Cookies ne n\u00e9cessitent pas le consentement de l&#8217;utilisateur, mais ils sont automatiquement install\u00e9s lorsque l\u2019utilisateur acc\u00e8de au Site.<\/p><h3><strong>B. Cookies non-techniques<\/strong><\/h3><p>Les Cookies, autres que les Cookies techniques indiqu\u00e9s ci-dessus, sont install\u00e9s ou activ\u00e9s uniquement apr\u00e8s consentement de l&#8217;utilisateur lors de son premier acc\u00e8s au site Web.<br \/>L&#8217;utilisateur peut donner son consentement de deux mani\u00e8res diff\u00e9rentes: en suivant les instructions de la banni\u00e8re sur la page du Site, (en cliquant sur \u00abaccepter\u00bb ou tout autre \u00e9l\u00e9ment) ou, de mani\u00e8re s\u00e9lective, selon les instructions donn\u00e9es ci-dessous.<br \/>Si l&#8217;utilisateur n&#8217;a pas d&#8217;interaction avec le formulaire de consentement et sort de la note d&#8217;information, en la fermant ou en continuant la navigation sur le site Web, il donne son consentement pour tous les cookies.<br \/>Ce consentement est suivi lors des visites ult\u00e9rieures de l&#8217;utilisateur.<br \/>L&#8217;utilisateur aura toujours la possibilit\u00e9 de r\u00e9voquer tout ou partie de l&#8217;accord d\u00e9j\u00e0 exprim\u00e9 en suivant les instructions contenues dans la section &#8220;G\u00e9rer les Cookies utilis\u00e9s par le site&#8221;.<\/p><h4><strong>Cookies g\u00e9r\u00e9s par des \u00e9diteurs tiers<\/strong><\/h4><p class=\"Default\">Gr\u00e2ce \u00e0 ce site, les cookies g\u00e9r\u00e9s \/ exploit\u00e9s par des \u00e9diteurs tiers seront \u00e9galement install\u00e9s. Ci-apr\u00e8s, quelques conseils, et un lien vers la politique de confidentialit\u00e9 et de formulaire de consentement pour chacun d&#8217;eux. Pour l&#8217;un d&#8217;eux, l&#8217;utilisateur peut donner son consentement par la fermeture de cette page ou en passant sur une autre page du site Web.<\/p><h5 class=\"Default\"><strong>1. Cookies de ciblage publicitaire<\/strong><\/h5><p class=\"Default\">Ils sont utilis\u00e9s pour fournir des publicit\u00e9s cibl\u00e9es en fonction des int\u00e9r\u00eats montr\u00e9s lors de la navigation Internet de l\u2019utilisateur<\/p><ul><li><a href=\"http:\/\/www.addthis.com\/privacy\/privacy-policy\">Addthis<\/a><\/li><li><a href=\"http:\/\/www.google.com\/intl\/fr_ALL\/analytics\/learn\/privacy.html\">Google Analytics<\/a><\/li><li><a href=\"https:\/\/support.google.com\/analytics\/answer\/6004245\">Analytics Universal<\/a><\/li><\/ul><h5 class=\"Default\"><strong>2. Reciblage Cookies<\/strong><\/h5><p class=\"Default\">Ils sont utilis\u00e9s pour envoyer des publicit\u00e9s aux utilisateurs qui ont d\u00e9j\u00e0 visit\u00e9 le site Web.<\/p><ul><li><a href=\"http:\/\/www.google.com\/intl\/fr_ALL\/analytics\/learn\/privacy.html\">Google Analytics<\/a><\/li><li><a href=\"https:\/\/support.google.com\/analytics\/answer\/6004245\">Universal Analytics<\/a><\/li><\/ul><h5 class=\"Default\"><strong>3. Cookies de r\u00e9seaux sociaaux<\/strong><\/h5><p class=\"Default\">Ils sont utilis\u00e9s pour partager le contenu sur les r\u00e9seaux sociaux.<br \/>De&#8217;Longhi n&#8217;a aucun contr\u00f4le sur ces donn\u00e9es et leur utilisation. Trouvez ci-dessous le nom des \u00e9diteurs tiers qui les g\u00e8rent et, pour chacun, le lien vers la page o\u00f9 l&#8217;utilisateur peut trouver l&#8217;information sur leur traitement et leur donner son consentement.<\/p><ul><li><a href=\"https:\/\/fr-fr.facebook.com\/about\/privacy\" target=\"_blank\" rel=\"noopener\">Facebook<\/a><\/li><li><a href=\"http:\/\/www.google.com\/intl\/fr\/policies\/privacy\/\" target=\"_blank\" rel=\"noopener\">YouTube<\/a><\/li><li><a href=\"http:\/\/about.pinterest.com\/fr\/privacy-policy\" target=\"_blank\" rel=\"noopener\">Pinterest<\/a><\/li><li><a href=\"http:\/\/www.google.com\/intl\/fr\/policies\/privacy\/\" target=\"_blank\" rel=\"noopener\">Google+<\/a><\/li><li><a href=\"http:\/\/twitter.com\/privacy\" target=\"_blank\" rel=\"noopener\">Twitter<\/a><\/li><li><a href=\"http:\/\/instagram.com\/legal\/privacy\/\" target=\"_blank\" rel=\"noopener\">Instagram<\/a><\/li><li><a href=\"https:\/\/vine.co\/terms\" target=\"_blank\" rel=\"noopener\">Vine<\/a><\/li><\/ul><h5 class=\"Default\"><strong>4. Statistiques Cookies<\/strong><\/h5><p class=\"Default\">Ils sont utilis\u00e9s par des \u00e9diteurs tiers, \u00e9galement sous forme de fichiers, pour la gestion des statistiques.<br \/>De&#8217;Longhi Groupe utilise:<\/p><ul><li>Google Analytics, un site internet de services d&#8217;analyse fourni par Google Inc., afin de surveiller \u00e0 travers les Cookies et sous forme agr\u00e9g\u00e9e, l&#8217;utilisation que les utilisateurs font du site.<br \/>L&#8217;utilisateur peut inhiber les Cookies de Google Analytics en changeant les param\u00e8tres de navigation.<br \/>Cela peut avoir un impact n\u00e9gatif sur la pleine jouissance du site Web, limitant sa fonctionnalit\u00e9.<br \/>La Politique de confidentialit\u00e9 de Google Analytics est disponible \u00e0 l&#8217;adresse:\u00a0<a href=\"http:\/\/www.google.com\/intl\/it_ALL\/analytics\/learn\/privacy.html\">http:\/\/www.google.com\/intl\/it_ALL\/analytics\/learn\/privacy.html<\/a><\/li><\/ul><ul><li>Optimizely, un syst\u00e8me qui mesure l&#8217;activit\u00e9 de l&#8217;utilisateur et d\u00e9finit ses habitudes de navigation afin d&#8217;optimiser la structure du site et le rendre plus int\u00e9ressant.<br \/>La politique de confidentialit\u00e9 de Optimizely est disponible \u00e0 l&#8217;adresse:\u00a0<a href=\"https:\/\/www.optimizely.com\/privacy\/\">https:\/\/www.optimizely.com\/privacy\/\u00a0<\/a><\/li><\/ul><h2><strong>G\u00e9rer les cookies utilis\u00e9s par le site Web<\/strong><\/h2><p>L&#8217;utilisateur peut toujours g\u00e9rer ses pr\u00e9f\u00e9rences sur les cookies \u00e0 travers leur navigateur de la mani\u00e8re suivante. Pour en savoir plus sur le type de navigateur et la version install\u00e9e sur son ordinateur, l&#8217;utilisateur doit s\u00e9lectionner \u00abAide\u00bb en haut de la fen\u00eatre du navigateur.<\/p><h3><strong>Blocage des cookies<\/strong><\/h3><p>La plupart des navigateurs vous permettent de refuser ou d&#8217;accepter les cookies.<br \/>Par exemple:<\/p><ol><li>dans Internet Explorer, en cliquant sur &#8220;Outils&#8221;, &#8220;Options Internet&#8221;, &#8220;Confidentialit\u00e9&#8221; et en s\u00e9lectionnant &#8220;Bloquer tous les cookies&#8221;. Toutes les instructions sont disponibles sur le site\u00a0<a href=\"http:\/\/windows.microsoft.com\/fr-fr\/internet-explorer\/delete-manage-cookies#ie=ie-10-win-7\">http:\/\/windows.microsoft.com\/fr-fr\/internet-explorer\/delete-manage-cookies#ie=ie-10-win-7<\/a>;<\/li><li>dans Firefox, en cliquant sur &#8220;Outils&#8221;, &#8220;Options&#8221; et en d\u00e9cochant &#8220;Activer la lutte contre le suivi des donn\u00e9es \u00e0 caract\u00e8re personnel dans \u00ab Confidentialit\u00e9s \u00bb .Toutes les instructions sont disponibles sur le site\u00a0<a href=\"https:\/\/support.mozilla.org\/fr\/kb\/Bloccare%20i%20cookie\">https:\/\/support.mozilla.org\/fr\/kb\/Bloccare%20i%20cookie<\/a>;<\/li><li>dans Google Chrome, en suivant les instructions fournies par le site\u00a0<a href=\"https:\/\/support.google.com\/chrome\/answer\/95647?hl=it\">https:\/\/support.google.com\/chrome\/answer\/95647?hl=it<\/a>;<\/li><li>dans Apple, en suivant les instructions fournies sur le site\u00a0<a href=\"http:\/\/www.apple.com\/safari\/features.html#security\" target=\"_blank\" rel=\"noopener\">http:\/\/www.apple.com\/safari\/features.html#security<\/a>;<\/li><\/ol><h3><strong>Suppression des cookies<\/strong><\/h3><p>Les utilisateurs peuvent toujours supprimer les cookies d\u00e9j\u00e0 stock\u00e9s sur leurs ordinateurs:<\/p><ol><li>dans Internet Explorer, en cliquant sur en cliquant sur &#8220;Outils&#8221;, &#8220;Options Internet&#8221;, &#8220;Confidentialit\u00e9&#8221; et en s\u00e9lectionnant &#8220;Bloquer tous les Cookies \u00bb.Toutes les instructions sont disponibles sur le site\u00a0<a href=\"http:\/\/windows.microsoft.com\/fr-fr\/internet-explorer\/delete-manage-cookies#ie=ie-10-win-7\">http:\/\/windows.microsoft.com\/fr-fr\/internet-explorer\/delete-manage-cookies#ie=ie-10-win-7<\/a>;<\/li><li>dans Firefox, en cliquant sur &#8220;Outils&#8221;, &#8220;Options&#8221; et en d\u00e9cochant &#8220;Activer la lutte contre le suivi des donn\u00e9es \u00e0 caract\u00e8re personnel dans \u00ab Confidentialit\u00e9s \u00bb. Toutes les instructions sont disponibles sur le site\u00a0<a href=\"http:\/\/https:\/\/support.mozilla.org\/it\/kb\/Eliminare%20i%20cookie\">https:\/\/support.mozilla.org\/it\/kb\/Eliminare%20i%20cookie<\/a>;<\/li><li>dans Google Chrome, en suivant les instructions fournies par le site\u00a0<a href=\"https:\/\/support.google.com\/chrome\/answer\/95647?hl=it\">https:\/\/support.google.com\/chrome\/answer\/95647?hl=it<\/a><\/li><li>dans Apple, en suivant les instructions fournies sur le site \u00a0<a href=\"http:\/\/www.apple.com\/safari\/features.html#security\" target=\"_blank\" rel=\"noopener\">http:\/\/www.apple.com\/safari\/features.html#security<\/a><\/li><\/ol><p>Il faut se rappeler que l&#8217;a suppression des cookies, ainsi que leur blocage, peuvent avoir un impact n\u00e9gatif sur l\u2019utilisation du site internet, ce qui limite sa fonctionnalit\u00e9.<\/p><\/div><\/div>\t\t\t\t\t\t\t\t<\/div>\n\t\t\t\t<\/div>\n\t\t\t\t\t<\/div>\n\t\t<\/div>\n\t\t\t\t\t<\/div>\n\t\t<\/section>\n\t\t\t\t<\/div>\n\t\t","protected":false},"excerpt":{"rendered":"<p>Politique relative aux cookies Le site De&#8217;Longhi Group utilise des cookies pour fournir \u00e0 l&#8217;utilisateur un acc\u00e8s personnalis\u00e9 et am\u00e9liorer sa navigation. En acc\u00e9dant au site, et en acceptant cette politique de Cookie, vous consentez \u00e0 l&#8217;utilisation des Cookies par le Groupe&nbsp; De&#8217;Longhi conform\u00e9ment aux modalit\u00e9s indiqu\u00e9es ci-dessous. Qu&#8217;est-ce qu&#8217;un Cookie? Les Cookies sont constitu\u00e9s [&hellip;]<\/p>\n","protected":false},"author":76,"featured_media":0,"parent":0,"menu_order":0,"comment_status":"closed","ping_status":"closed","template":"","meta":{"_acf_changed":false,"footnotes":""},"class_list":["post-62948","page","type-page","status-publish","hentry"],"acf":[],"yoast_head":"<!-- This site is optimized with the Yoast SEO Premium plugin v24.5 (Yoast SEO v24.5) - https:\/\/yoast.com\/wordpress\/plugins\/seo\/ -->\n<title>Politique relative aux cookies | De&#039;Longhi<\/title>\n<meta name=\"description\" content=\"Le site De\u2019Longhi Group utilise des cookies pour fournir \u00e0 l\u2019utilisateur un acc\u00e8s personnalis\u00e9 et am\u00e9liorer sa navigation.\" \/>\n<meta name=\"robots\" content=\"index, follow, max-snippet:-1, max-image-preview:large, max-video-preview:-1\" \/>\n<meta name=\"twitter:card\" content=\"summary_large_image\" \/>\n<meta name=\"twitter:title\" content=\"Politique relative aux cookies | De&#039;Longhi\" \/>\n<meta name=\"twitter:description\" content=\"Le site De\u2019Longhi Group utilise des cookies pour fournir \u00e0 l\u2019utilisateur un acc\u00e8s personnalis\u00e9 et am\u00e9liorer sa navigation.\" \/>\n<script type=\"application\/ld+json\" class=\"yoast-schema-graph\">{\"@context\":\"https:\/\/schema.org\",\"@graph\":[{\"@type\":\"WebPage\",\"@id\":\"https:\/\/coffeelounge.delonghi.com\/fr-be\/politique-relative-aux-cookies\/\",\"url\":\"https:\/\/coffeelounge.delonghi.com\/fr-be\/politique-relative-aux-cookies\/\",\"name\":\"Politique relative aux cookies | De&#039;Longhi\",\"isPartOf\":{\"@id\":\"https:\/\/coffeelounge.delonghi.com\/fr-be\/#website\"},\"datePublished\":\"2020-11-09T20:16:08+00:00\",\"dateModified\":\"2022-08-01T14:33:25+00:00\",\"description\":\"Le site De\u2019Longhi Group utilise des cookies pour fournir \u00e0 l\u2019utilisateur un acc\u00e8s personnalis\u00e9 et am\u00e9liorer sa navigation.\",\"breadcrumb\":{\"@id\":\"https:\/\/coffeelounge.delonghi.com\/fr-be\/politique-relative-aux-cookies\/#breadcrumb\"},\"inLanguage\":\"fr-be\",\"potentialAction\":[{\"@type\":\"ReadAction\",\"target\":[\"https:\/\/coffeelounge.delonghi.com\/fr-be\/politique-relative-aux-cookies\/\"]}]},{\"@type\":\"BreadcrumbList\",\"@id\":\"https:\/\/coffeelounge.delonghi.com\/fr-be\/politique-relative-aux-cookies\/#breadcrumb\",\"itemListElement\":[{\"@type\":\"ListItem\",\"position\":1,\"name\":\"Home\",\"item\":\"https:\/\/coffeelounge.delonghi.com\/fr-be\/\"},{\"@type\":\"ListItem\",\"position\":2,\"name\":\"Politique relative aux cookies\"}]},{\"@type\":\"WebSite\",\"@id\":\"https:\/\/coffeelounge.delonghi.com\/fr-be\/#website\",\"url\":\"https:\/\/coffeelounge.delonghi.com\/fr-be\/\",\"name\":\"De&#039;Longhi\",\"description\":\"Coffee Lounge\",\"publisher\":{\"@id\":\"https:\/\/coffeelounge.delonghi.com\/fr-be\/#organization\"},\"potentialAction\":[{\"@type\":\"SearchAction\",\"target\":{\"@type\":\"EntryPoint\",\"urlTemplate\":\"https:\/\/coffeelounge.delonghi.com\/fr-be\/?s={search_term_string}\"},\"query-input\":{\"@type\":\"PropertyValueSpecification\",\"valueRequired\":true,\"valueName\":\"search_term_string\"}}],\"inLanguage\":\"fr-be\"},{\"@type\":\"Organization\",\"@id\":\"https:\/\/coffeelounge.delonghi.com\/fr-be\/#organization\",\"name\":\"De'Longhi Coffee Lounge\",\"url\":\"https:\/\/coffeelounge.delonghi.com\/fr-be\/\",\"logo\":{\"@type\":\"ImageObject\",\"inLanguage\":\"fr-be\",\"@id\":\"https:\/\/coffeelounge.delonghi.com\/fr-be\/#\/schema\/logo\/image\/\",\"url\":\"https:\/\/coffeelounge.delonghi.com\/wp-content\/uploads\/2020\/05\/delonghi-coffee-lounge-logo-nederland.png\",\"contentUrl\":\"https:\/\/coffeelounge.delonghi.com\/wp-content\/uploads\/2020\/05\/delonghi-coffee-lounge-logo-nederland.png\",\"width\":2337,\"height\":724,\"caption\":\"De'Longhi Coffee Lounge\"},\"image\":{\"@id\":\"https:\/\/coffeelounge.delonghi.com\/fr-be\/#\/schema\/logo\/image\/\"}}]}<\/script>\n<!-- \/ Yoast SEO Premium plugin. -->","yoast_head_json":{"title":"Politique relative aux cookies | De&#039;Longhi","description":"Le site De\u2019Longhi Group utilise des cookies pour fournir \u00e0 l\u2019utilisateur un acc\u00e8s personnalis\u00e9 et am\u00e9liorer sa navigation.","robots":{"index":"index","follow":"follow","max-snippet":"max-snippet:-1","max-image-preview":"max-image-preview:large","max-video-preview":"max-video-preview:-1"},"twitter_card":"summary_large_image","twitter_title":"Politique relative aux cookies | De&#039;Longhi","twitter_description":"Le site De\u2019Longhi Group utilise des cookies pour fournir \u00e0 l\u2019utilisateur un acc\u00e8s personnalis\u00e9 et am\u00e9liorer sa navigation.","schema":{"@context":"https:\/\/schema.org","@graph":[{"@type":"WebPage","@id":"https:\/\/coffeelounge.delonghi.com\/fr-be\/politique-relative-aux-cookies\/","url":"https:\/\/coffeelounge.delonghi.com\/fr-be\/politique-relative-aux-cookies\/","name":"Politique relative aux cookies | De&#039;Longhi","isPartOf":{"@id":"https:\/\/coffeelounge.delonghi.com\/fr-be\/#website"},"datePublished":"2020-11-09T20:16:08+00:00","dateModified":"2022-08-01T14:33:25+00:00","description":"Le site De\u2019Longhi Group utilise des cookies pour fournir \u00e0 l\u2019utilisateur un acc\u00e8s personnalis\u00e9 et am\u00e9liorer sa navigation.","breadcrumb":{"@id":"https:\/\/coffeelounge.delonghi.com\/fr-be\/politique-relative-aux-cookies\/#breadcrumb"},"inLanguage":"fr-be","potentialAction":[{"@type":"ReadAction","target":["https:\/\/coffeelounge.delonghi.com\/fr-be\/politique-relative-aux-cookies\/"]}]},{"@type":"BreadcrumbList","@id":"https:\/\/coffeelounge.delonghi.com\/fr-be\/politique-relative-aux-cookies\/#breadcrumb","itemListElement":[{"@type":"ListItem","position":1,"name":"Home","item":"https:\/\/coffeelounge.delonghi.com\/fr-be\/"},{"@type":"ListItem","position":2,"name":"Politique relative aux cookies"}]},{"@type":"WebSite","@id":"https:\/\/coffeelounge.delonghi.com\/fr-be\/#website","url":"https:\/\/coffeelounge.delonghi.com\/fr-be\/","name":"De&#039;Longhi","description":"Coffee Lounge","publisher":{"@id":"https:\/\/coffeelounge.delonghi.com\/fr-be\/#organization"},"potentialAction":[{"@type":"SearchAction","target":{"@type":"EntryPoint","urlTemplate":"https:\/\/coffeelounge.delonghi.com\/fr-be\/?s={search_term_string}"},"query-input":{"@type":"PropertyValueSpecification","valueRequired":true,"valueName":"search_term_string"}}],"inLanguage":"fr-be"},{"@type":"Organization","@id":"https:\/\/coffeelounge.delonghi.com\/fr-be\/#organization","name":"De'Longhi Coffee Lounge","url":"https:\/\/coffeelounge.delonghi.com\/fr-be\/","logo":{"@type":"ImageObject","inLanguage":"fr-be","@id":"https:\/\/coffeelounge.delonghi.com\/fr-be\/#\/schema\/logo\/image\/","url":"https:\/\/coffeelounge.delonghi.com\/wp-content\/uploads\/2020\/05\/delonghi-coffee-lounge-logo-nederland.png","contentUrl":"https:\/\/coffeelounge.delonghi.com\/wp-content\/uploads\/2020\/05\/delonghi-coffee-lounge-logo-nederland.png","width":2337,"height":724,"caption":"De'Longhi Coffee Lounge"},"image":{"@id":"https:\/\/coffeelounge.delonghi.com\/fr-be\/#\/schema\/logo\/image\/"}}]}},"_links":{"self":[{"href":"https:\/\/coffeelounge.delonghi.com\/fr-be\/wp-json\/wp\/v2\/pages\/62948","targetHints":{"allow":["GET"]}}],"collection":[{"href":"https:\/\/coffeelounge.delonghi.com\/fr-be\/wp-json\/wp\/v2\/pages"}],"about":[{"href":"https:\/\/coffeelounge.delonghi.com\/fr-be\/wp-json\/wp\/v2\/types\/page"}],"author":[{"embeddable":true,"href":"https:\/\/coffeelounge.delonghi.com\/fr-be\/wp-json\/wp\/v2\/users\/76"}],"replies":[{"embeddable":true,"href":"https:\/\/coffeelounge.delonghi.com\/fr-be\/wp-json\/wp\/v2\/comments?post=62948"}],"version-history":[{"count":0,"href":"https:\/\/coffeelounge.delonghi.com\/fr-be\/wp-json\/wp\/v2\/pages\/62948\/revisions"}],"wp:attachment":[{"href":"https:\/\/coffeelounge.delonghi.com\/fr-be\/wp-json\/wp\/v2\/media?parent=62948"}],"curies":[{"name":"wp","href":"https:\/\/api.w.org\/{rel}","templated":true}]}}