{"id":315740,"date":"2022-11-30T12:28:38","date_gmt":"2022-11-30T12:28:38","guid":{"rendered":"https:\/\/coffeelounge.delonghi.com\/?page_id=315740"},"modified":"2023-01-17T07:40:35","modified_gmt":"2023-01-17T07:40:35","slug":"landing-specialista","status":"publish","type":"page","link":"https:\/\/coffeelounge.delonghi.com\/fr-be\/landing-specialista\/","title":{"rendered":"Landing La Specialista"},"content":{"rendered":"\t\t<div data-elementor-type=\"wp-page\" data-elementor-id=\"315740\" class=\"elementor elementor-315740\" data-elementor-post-type=\"page\">\n\t\t\t\t\t\t<section data-dce-background-color=\"#C37455\" data-dce-background-overlay-color=\"rgba(19, 21, 24, 0.16)\" data-dce-background-image-url=\"https:\/\/coffeelounge.delonghi.com\/wp-content\/uploads\/2020\/05\/hero.png\" class=\"elementor-section elementor-top-section elementor-element elementor-element-7227506b elementor-section-full_width elementor-section-height-min-height elementor-section-items-stretch elementor-section-content-top static_header_container elementor-section-height-default\" data-id=\"7227506b\" data-element_type=\"section\" data-settings=\"{&quot;background_background&quot;:&quot;classic&quot;}\">\n\t\t\t\t\t\t\t<div class=\"elementor-background-overlay\"><\/div>\n\t\t\t\t\t\t\t<div class=\"elementor-container elementor-column-gap-no\">\n\t\t\t\t\t<div class=\"elementor-column elementor-col-100 elementor-top-column elementor-element elementor-element-47b1757c\" data-id=\"47b1757c\" data-element_type=\"column\" data-settings=\"{&quot;background_background&quot;:&quot;classic&quot;}\">\n\t\t\t<div class=\"elementor-widget-wrap elementor-element-populated\">\n\t\t\t\t\t\t<section class=\"elementor-section elementor-inner-section elementor-element elementor-element-22fd6257 elementor-section-boxed elementor-section-height-default elementor-section-height-default\" data-id=\"22fd6257\" data-element_type=\"section\" data-settings=\"{&quot;background_background&quot;:&quot;classic&quot;}\">\n\t\t\t\t\t\t<div class=\"elementor-container elementor-column-gap-default\">\n\t\t\t\t\t<div class=\"elementor-column elementor-col-100 elementor-inner-column elementor-element elementor-element-bce1374\" data-id=\"bce1374\" data-element_type=\"column\" data-settings=\"{&quot;background_background&quot;:&quot;classic&quot;}\">\n\t\t\t<div class=\"elementor-widget-wrap elementor-element-populated\">\n\t\t\t\t\t\t<div class=\"elementor-element elementor-element-62542d68 static_header_title elementor-widget__width-initial elementor-widget elementor-widget-heading\" data-id=\"62542d68\" data-element_type=\"widget\" data-widget_type=\"heading.default\">\n\t\t\t\t<div class=\"elementor-widget-container\">\n\t\t\t\t\t<h1 class=\"elementor-heading-title elementor-size-default\">M\u00e9ritez-vous  de devenir le<br>\n seigneur et le ma\u00eetre de<br>\n cette machine \u00e0 espresso<br>\n \u00e0 pompe La Specialista Arte ? <\/h1>\t\t\t\t<\/div>\n\t\t\t\t<\/div>\n\t\t\t\t\t<\/div>\n\t\t<\/div>\n\t\t\t\t\t<\/div>\n\t\t<\/section>\n\t\t\t\t\t<\/div>\n\t\t<\/div>\n\t\t\t\t\t<\/div>\n\t\t<\/section>\n\t\t\t\t<section data-dce-background-color=\"#EAE5DF\" class=\"elementor-section elementor-top-section elementor-element elementor-element-f9de9d1 elementor-section-full_width banner_link_container elementor-section-height-default elementor-section-height-default\" data-id=\"f9de9d1\" data-element_type=\"section\" data-settings=\"{&quot;background_background&quot;:&quot;classic&quot;}\">\n\t\t\t\t\t\t<div class=\"elementor-container elementor-column-gap-no\">\n\t\t\t\t\t<div class=\"elementor-column elementor-col-100 elementor-top-column elementor-element elementor-element-4ef8045d\" data-id=\"4ef8045d\" data-element_type=\"column\">\n\t\t\t<div class=\"elementor-widget-wrap elementor-element-populated\">\n\t\t\t\t\t\t<section class=\"elementor-section elementor-inner-section elementor-element elementor-element-7154077a elementor-section-full_width banner_link_int elementor-section-height-default elementor-section-height-default\" data-id=\"7154077a\" data-element_type=\"section\">\n\t\t\t\t\t\t<div class=\"elementor-container elementor-column-gap-no\">\n\t\t\t\t\t<div class=\"elementor-column elementor-col-50 elementor-inner-column elementor-element elementor-element-6672b781\" data-id=\"6672b781\" data-element_type=\"column\">\n\t\t\t<div class=\"elementor-widget-wrap elementor-element-populated\">\n\t\t\t\t\t\t<div class=\"elementor-element elementor-element-2d2151a9 text_wysiwyg_text elementor-widget elementor-widget-text-editor\" data-id=\"2d2151a9\" data-element_type=\"widget\" data-widget_type=\"text-editor.default\">\n\t\t\t\t<div class=\"elementor-widget-container\">\n\t\t\t\t\t\t\t\t\t<p>Connaissez-vous suffisamment le monde du caf\u00e9 pour devenir le propri\u00e9taire d\u2019une La Specialista Arte ? Testez vos connaissances sur le caf\u00e9 et gagnez !\u00a0<\/p>\t\t\t\t\t\t\t\t<\/div>\n\t\t\t\t<\/div>\n\t\t\t\t\t<\/div>\n\t\t<\/div>\n\t\t\t\t<div class=\"elementor-column elementor-col-50 elementor-inner-column elementor-element elementor-element-3d78e52c\" data-id=\"3d78e52c\" data-element_type=\"column\">\n\t\t\t<div class=\"elementor-widget-wrap elementor-element-populated\">\n\t\t\t\t<!-- dce invisible element 2cd4419c -->\t\t\t<\/div>\n\t\t<\/div>\n\t\t\t\t\t<\/div>\n\t\t<\/section>\n\t\t\t\t\t<\/div>\n\t\t<\/div>\n\t\t\t\t\t<\/div>\n\t\t<\/section>\n\t\t\t\t<section class=\"elementor-section elementor-top-section elementor-element elementor-element-37e85671 elementor-section-boxed elementor-section-height-default elementor-section-height-default\" data-id=\"37e85671\" data-element_type=\"section\">\n\t\t\t\t\t\t<div class=\"elementor-container elementor-column-gap-default\">\n\t\t\t\t\t<div class=\"elementor-column elementor-col-100 elementor-top-column elementor-element elementor-element-729312b7\" data-id=\"729312b7\" data-element_type=\"column\">\n\t\t\t<div class=\"elementor-widget-wrap elementor-element-populated\">\n\t\t\t\t\t\t<div class=\"elementor-element elementor-element-3cead3c4 elementor-widget elementor-widget-ucaddon_learn_intro_title\" data-id=\"3cead3c4\" data-element_type=\"widget\" data-widget_type=\"ucaddon_learn_intro_title.default\">\n\t\t\t\t<div class=\"elementor-widget-container\">\n\t\t\t\t\t\n<!-- start Learn Intro Title -->\n<style>\/* widget: Learn Intro Title *\/\n\n.learn_intro{\n  color:black;\n  font-family: \"Futura PT Book\", Sans-serif;\n  padding:0px;\n  margin-top: 0px;\n  margin-left: 164px;    \n  text-align: left;\n  position: relative;\n}\n\n.learn_intro_title{\n  font-size: 48px;\n  font-weight: normal;\n  font-stretch: normal;\n  font-style: normal;\n  line-height: 1.13;\n  letter-spacing: normal;\n  color: #131518;\n}\n\n.learn_intro_intro{\n  font-size: 18px;\n  font-weight: normal;\n  font-stretch: normal;\n  font-style: normal;\n  line-height: 1.33;\n  letter-spacing: normal;\n  color: #131518;\n  max-width:546px;\n}\n.learn_intro_title::before {\n  display: block;\n  content: ' ';\n  position: absolute;\n  width: 88px;\n  height: 2px;\n  background-color: #d07544;\n  top: 41px;\n  \/*top: 80px;*\/\n  left: 69px;\n  left: -96px;\n}\n.centered {\n  text-align: center !important;\n  margin-left:0;\n}\n\n.centered .learn_intro_title{\n  \n}\n.centered .learn_intro_title::before {\n  display: none;\n}\n\n.centered .learn_intro_intro{\n  max-width: 700px;\n  margin:auto;\n  margin-top: 16px;\n}\n\n@media  screen and (max-width: 1280px) {\n  .learn_intro{\n    margin-left: 20%;\n  }\n  .centered {\n    margin-left:0 !important;\n  }\n}\n\n@media only screen and (max-device-width: 480px) {\n  .learn_intro{\n    margin-left: 10%;\n  }\n  .centered {\n    margin-left:0 !important;\n  }  \n  .titolo_login .learn_intro_title {\n    margin-left: 0px;\n  }\n  .learn_intro_title {  \n    font-size: 32px;\n  }\n}\n\n<\/style>\n\n  <div class=\"learn_intro\">\n\n    <h2 class=\"learn_intro_title\">Montrez que vous avez les comp\u00e9tences n\u00e9cessaires ! \n    <\/h2>\n        <div class=\"learn_intro_intro\"><p>En tant que fid\u00e8le amateur de caf\u00e9, vous savez qu\u2019une <strong>La Specialista<\/strong> n\u2019est pas une machine \u00e0 espresso comme les autres.<\/p><p>C\u2019est une exp\u00e9rience. Vous souhaitez donc utiliser cette <strong>machine \u00e0 espresso <\/strong>uniquement dans les r\u00e8gles de l\u2019art. Dans le respect de la machine, des grains et du go\u00fbt. Parce que vous savez vraiment comment faire du caf\u00e9.<\/p><p>Vous vous reconnaissez l\u00e0-dedans ? Alors r\u00e9pondez \u00e0 notre questionnaire et vous pourrez gagner un tout nouveau La Specialista Arte de De\u2019Longhi.<\/p>\n    <\/div>\n      \n    \n  <\/div>\n\n\n<!-- end Learn Intro Title -->\t\t\t\t<\/div>\n\t\t\t\t<\/div>\n\t\t\t\t\t<\/div>\n\t\t<\/div>\n\t\t\t\t\t<\/div>\n\t\t<\/section>\n\t\t\t\t<section class=\"elementor-section elementor-top-section elementor-element elementor-element-135de4df sectionbox elementor-section-boxed elementor-section-height-default elementor-section-height-default\" data-id=\"135de4df\" data-element_type=\"section\">\n\t\t\t\t\t\t<div class=\"elementor-container elementor-column-gap-default\">\n\t\t\t\t\t<div class=\"elementor-column elementor-col-50 elementor-top-column elementor-element elementor-element-48b6a84b\" data-id=\"48b6a84b\" data-element_type=\"column\">\n\t\t\t<div class=\"elementor-widget-wrap elementor-element-populated\">\n\t\t\t\t\t\t<div class=\"elementor-element elementor-element-4b2fef62 dce_masking-none elementor-widget elementor-widget-image\" data-id=\"4b2fef62\" data-element_type=\"widget\" data-widget_type=\"image.default\">\n\t\t\t\t<div class=\"elementor-widget-container\">\n\t\t\t\t\t\t\t\t\t\t\t\t\t\t\t<img decoding=\"async\" src=\"https:\/\/coffeelounge.delonghi.com\/wp-content\/uploads\/elementor\/thumbs\/landing-banner-pyha82hi0331vmcubvles8bk5t2axojuzcmf4952q6.png\" title=\"landing-banner\" alt=\"landing-banner\" loading=\"lazy\" \/>\t\t\t\t\t\t\t\t\t\t\t\t\t\t\t<\/div>\n\t\t\t\t<\/div>\n\t\t\t\t\t<\/div>\n\t\t<\/div>\n\t\t\t\t<div class=\"elementor-column elementor-col-50 elementor-top-column elementor-element elementor-element-48324ce6\" data-id=\"48324ce6\" data-element_type=\"column\">\n\t\t\t<div class=\"elementor-widget-wrap elementor-element-populated\">\n\t\t\t\t\t\t<div class=\"elementor-element elementor-element-1f5818e elementor-widget elementor-widget-heading\" data-id=\"1f5818e\" data-element_type=\"widget\" data-widget_type=\"heading.default\">\n\t\t\t\t<div class=\"elementor-widget-container\">\n\t\t\t\t\t<h2 class=\"elementor-heading-title elementor-size-default\">Gagnez une pi\u00e8ce unique<\/h2>\t\t\t\t<\/div>\n\t\t\t\t<\/div>\n\t\t\t\t<div class=\"elementor-element elementor-element-7d17a6b5 elementor-widget__width-initial elementor-widget elementor-widget-text-editor\" data-id=\"7d17a6b5\" data-element_type=\"widget\" data-widget_type=\"text-editor.default\">\n\t\t\t\t<div class=\"elementor-widget-container\">\n\t\t\t\t\t\t\t\t\t<p>La Specialista Arte est un produit qui nous tient \u00e0 c\u0153ur. Pourquoi ? Parce qu\u2019il s\u2019agit d\u2019une machine \u00e0 espresso \u00e0 pompe qui apporte une exp\u00e9rience unique du caf\u00e9. Une qui est soutenue par la science.<\/p>\n<p>Et vous pouvez gagner cette machine ! R\u00e9pondez \u00e0 notre quiz, peut-\u00eatre que cette La Specialista Arte sera bient\u00f4t la v\u00f4tre.<\/p>\t\t\t\t\t\t\t\t<\/div>\n\t\t\t\t<\/div>\n\t\t<!-- dce invisible element 30508021 -->\t\t\t<\/div>\n\t\t<\/div>\n\t\t\t\t\t<\/div>\n\t\t<\/section>\n\t\t\t\t<section class=\"elementor-section elementor-top-section elementor-element elementor-element-3b836ea elementor-section-boxed elementor-section-height-default elementor-section-height-default\" data-id=\"3b836ea\" data-element_type=\"section\">\n\t\t\t\t\t\t<div class=\"elementor-container elementor-column-gap-default\">\n\t\t\t\t\t<div class=\"elementor-column elementor-col-100 elementor-top-column elementor-element elementor-element-54d586c8\" data-id=\"54d586c8\" data-element_type=\"column\">\n\t\t\t<div class=\"elementor-widget-wrap elementor-element-populated\">\n\t\t\t\t\t\t<div class=\"elementor-element elementor-element-673d51dc elementor-hidden-mobile elementor-widget elementor-widget-html\" data-id=\"673d51dc\" data-element_type=\"widget\" data-widget_type=\"html.default\">\n\t\t\t\t<div class=\"elementor-widget-container\">\n\t\t\t\t\t<style>\r\n    .bottonepopuplanding{\r\n        z-index:10001;\r\n        margin-top: 20px;\r\n        border: 2px solid #052645;\r\n        color: white;\r\n        background-color: #052645;\r\n    }\r\n    .bottonepopuplanding:hover{\r\n        border: 2px solid #052645;\r\n        color: white;\r\n        background-color: #052645;\r\n        border-radius: 2px;\r\n    }\r\n<\/style>\r\n<div id=\"x\" style=\"height:300px; width:350px;  box-shadow: 0 10px 5px 5px rgba(19, 21, 24, 0.1); position:fixed; right:2%; bottom:40px; z-index:10000; background-color:#EAE5DF;\">\r\n        <div style=\"margin-top:20px; margin-left:87%; cursor:pointer;\"><img decoding=\"async\" onclick=\"document.getElementById('x').style.display='none';\" src=\"https:\/\/coffeelounge.delonghi.com\/wp-content\/uploads\/2020\/05\/ICO_x.svg\" height=\"14px\" width=\"14px\">\r\n        <\/div>\r\n        <div style=\"text-align:center; margin-top:-10px\"><img decoding=\"async\" style=\"width:70px\" src=\"https:\/\/coffeelounge.delonghi.com\/wp-content\/uploads\/2020\/05\/sveglia2x.png\">\r\n        <\/div>\r\n        <div style=\"margin-top:15px; font-family: 'Futura PT Book', Sans-serif; font-style: normal;font-weight: 700;font-size: 18px;line-height: 23px;text-align: center;color: #000000;\">Oops... ce quiz est termin\u00e9!\r\n        <\/div>\r\n        <div style=\"margin-top:5px; font-family: 'Futura PT Book', Sans-serif; font-style: normal;font-weight: 400;font-size: 18px;line-height: 23px;text-align: center;color: #000000;\">Ne vous inqui\u00e9tez pas, inscrivez-vous<br> \u00e0 notre newsletter et restez inform\u00e9<br> des futures actions.\r\n        <\/div>\r\n        <div style=\"text-align:center\"><a href=\"https:\/\/coffeelounge.delonghi.com\/fr-be\/account-creation\/\"><div type=\"button\" class=\"bottonepopuplanding\" style=\"font-style: normal;font-weight: 700;font-size: 16px;line-height: 21px;text-align: center;color: #FFFFFF;width:246px !important; height:46px !important; font-family: 'Futura PT Book', Sans-serif;\" >Enregistrez<\/div><\/a>\r\n        <\/div>\r\n<\/div>\r\n\r\n\t\t\t\t<\/div>\n\t\t\t\t<\/div>\n\t\t\t\t<div class=\"elementor-element elementor-element-1fdb056f elementor-hidden-desktop elementor-hidden-tablet elementor-widget elementor-widget-html\" data-id=\"1fdb056f\" data-element_type=\"widget\" data-widget_type=\"html.default\">\n\t\t\t\t<div class=\"elementor-widget-container\">\n\t\t\t\t\t<style>\r\n    .bottonepopuplandingmobile{\r\n        z-index:10001;\r\n        margin-top: 20px;\r\n        border: 2px solid #052645;\r\n        color: white;\r\n        background-color: #052645;\r\n    }\r\n    .bottonepopuplandingmobile:hover{\r\n        border: 2px solid #052645;\r\n        color: white;\r\n        background-color: #052645;\r\n        border-radius: 2px;\r\n    }\r\n<\/style>\r\n<div id=\"x\" style=\"height:250px; width:350px;  box-shadow: 0 10px 5px 5px rgba(19, 21, 24, 0.1); position:fixed;left: 50%;\r\n    transform: translate(-50%, 0); bottom:40px; z-index:200; background-color:#EAE5DF;\">\r\n        <div style=\"margin-top:20px; margin-left:87%; cursor:pointer;\"><img decoding=\"async\" onclick=\"document.getElementById('x').style.display='none';\" src=\"https:\/\/coffeelounge.delonghi.com\/wp-content\/uploads\/2020\/05\/ICO_x.svg\" height=\"14px\" width=\"14px\">\r\n        <\/div>\r\n        <div style=\"text-align:center; margin-top:-20px\"><img decoding=\"async\" style=\"width:60px\" src=\"https:\/\/coffeelounge.delonghi.com\/wp-content\/uploads\/2020\/05\/sveglia2x.png\">\r\n        <\/div>\r\n        <div style=\"margin-top:10px; font-family: 'Futura PT Book', Sans-serif; font-style: normal;font-weight: 700;font-size: 16px;line-height: 21px;text-align: center;color: #000000;\">Oops... ce quiz est termin\u00e9!\r\n        <\/div>\r\n        <div style=\"margin-top:5px; font-family: 'Futura PT Book', Sans-serif; font-style: normal;font-weight: 400;font-size: 16px;line-height: 21px;text-align: center;color: #000000;\">Ne vous inqui\u00e9tez pas, inscrivez-vous<br> \u00e0 notre newsletter et restez inform\u00e9<br> des futures actions.\r\n        <\/div>\r\n        <div style=\"text-align:center; margin-top:-10px\"><a href=\"https:\/\/coffeelounge.delonghi.com\/fr-be\/account-creation\/\"><div type=\"button\" class=\"bottonepopuplandingmobile\" style=\"font-style: normal;font-weight: 700;font-size: 16px;line-height: 21px;text-align: center;color: #FFFFFF;width:246px !important; height:46px !important; font-family: 'Futura PT Book', Sans-serif;\" >Enregistrez<\/div><\/a>\r\n        <\/div>\r\n<\/div>\r\n\r\n\t\t\t\t<\/div>\n\t\t\t\t<\/div>\n\t\t\t\t\t<\/div>\n\t\t<\/div>\n\t\t\t\t\t<\/div>\n\t\t<\/section>\n\t\t\t\t<\/div>\n\t\t","protected":false},"excerpt":{"rendered":"<p>M\u00e9ritez-vous de devenir le seigneur et le ma\u00eetre de cette machine \u00e0 espresso \u00e0 pompe La Specialista Arte ? Connaissez-vous suffisamment le monde du caf\u00e9 pour devenir le propri\u00e9taire d\u2019une La Specialista Arte ? Testez vos connaissances sur le caf\u00e9 et gagnez !\u00a0 Oui, je participe Montrez que vous avez les comp\u00e9tences n\u00e9cessaires ! En [&hellip;]<\/p>\n","protected":false},"author":1085,"featured_media":0,"parent":0,"menu_order":0,"comment_status":"closed","ping_status":"closed","template":"","meta":{"_acf_changed":false,"footnotes":""},"class_list":["post-315740","page","type-page","status-publish","hentry"],"acf":[],"yoast_head":"<!-- This site is optimized with the Yoast SEO Premium plugin v24.5 (Yoast SEO v24.5) - https:\/\/yoast.com\/wordpress\/plugins\/seo\/ -->\n<title>Landing La Specialista | De&#039;Longhi<\/title>\n<meta name=\"robots\" content=\"index, follow, max-snippet:-1, max-image-preview:large, max-video-preview:-1\" \/>\n<meta name=\"twitter:card\" content=\"summary_large_image\" \/>\n<meta name=\"twitter:title\" content=\"Landing La Specialista | De&#039;Longhi\" \/>\n<meta name=\"twitter:description\" content=\"M\u00e9ritez-vous de devenir le seigneur et le ma\u00eetre de cette machine \u00e0 espresso \u00e0 pompe La Specialista Arte ? Connaissez-vous suffisamment le monde du caf\u00e9 pour devenir le propri\u00e9taire d\u2019une La Specialista Arte ? Testez vos connaissances sur le caf\u00e9 et gagnez !\u00a0 Oui, je participe Montrez que vous avez les comp\u00e9tences n\u00e9cessaires ! En [&hellip;]\" \/>\n<meta name=\"twitter:image\" content=\"https:\/\/coffeelounge.delonghi.com\/wp-content\/uploads\/elementor\/thumbs\/landing-banner-pyha82hi0331vmcubvles8bk5t2axojuzcmf4952q6.png\" \/>\n<script type=\"application\/ld+json\" class=\"yoast-schema-graph\">{\"@context\":\"https:\/\/schema.org\",\"@graph\":[{\"@type\":\"WebPage\",\"@id\":\"https:\/\/coffeelounge.delonghi.com\/fr-be\/landing-specialista\/\",\"url\":\"https:\/\/coffeelounge.delonghi.com\/fr-be\/landing-specialista\/\",\"name\":\"Landing La Specialista | De&#039;Longhi\",\"isPartOf\":{\"@id\":\"https:\/\/coffeelounge.delonghi.com\/fr-be\/#website\"},\"primaryImageOfPage\":{\"@id\":\"https:\/\/coffeelounge.delonghi.com\/fr-be\/landing-specialista\/#primaryimage\"},\"image\":{\"@id\":\"https:\/\/coffeelounge.delonghi.com\/fr-be\/landing-specialista\/#primaryimage\"},\"thumbnailUrl\":\"https:\/\/coffeelounge.delonghi.com\/wp-content\/uploads\/elementor\/thumbs\/landing-banner-pyha82hi0331vmcubvles8bk5t2axojuzcmf4952q6.png\",\"datePublished\":\"2022-11-30T12:28:38+00:00\",\"dateModified\":\"2023-01-17T07:40:35+00:00\",\"breadcrumb\":{\"@id\":\"https:\/\/coffeelounge.delonghi.com\/fr-be\/landing-specialista\/#breadcrumb\"},\"inLanguage\":\"fr-be\",\"potentialAction\":[{\"@type\":\"ReadAction\",\"target\":[\"https:\/\/coffeelounge.delonghi.com\/fr-be\/landing-specialista\/\"]}]},{\"@type\":\"ImageObject\",\"inLanguage\":\"fr-be\",\"@id\":\"https:\/\/coffeelounge.delonghi.com\/fr-be\/landing-specialista\/#primaryimage\",\"url\":\"https:\/\/coffeelounge.delonghi.com\/wp-content\/uploads\/elementor\/thumbs\/landing-banner-pyha82hi0331vmcubvles8bk5t2axojuzcmf4952q6.png\",\"contentUrl\":\"https:\/\/coffeelounge.delonghi.com\/wp-content\/uploads\/elementor\/thumbs\/landing-banner-pyha82hi0331vmcubvles8bk5t2axojuzcmf4952q6.png\"},{\"@type\":\"BreadcrumbList\",\"@id\":\"https:\/\/coffeelounge.delonghi.com\/fr-be\/landing-specialista\/#breadcrumb\",\"itemListElement\":[{\"@type\":\"ListItem\",\"position\":1,\"name\":\"Home\",\"item\":\"https:\/\/coffeelounge.delonghi.com\/fr-be\/\"},{\"@type\":\"ListItem\",\"position\":2,\"name\":\"Landing La Specialista\"}]},{\"@type\":\"WebSite\",\"@id\":\"https:\/\/coffeelounge.delonghi.com\/fr-be\/#website\",\"url\":\"https:\/\/coffeelounge.delonghi.com\/fr-be\/\",\"name\":\"De&#039;Longhi\",\"description\":\"Coffee Lounge\",\"publisher\":{\"@id\":\"https:\/\/coffeelounge.delonghi.com\/fr-be\/#organization\"},\"potentialAction\":[{\"@type\":\"SearchAction\",\"target\":{\"@type\":\"EntryPoint\",\"urlTemplate\":\"https:\/\/coffeelounge.delonghi.com\/fr-be\/?s={search_term_string}\"},\"query-input\":{\"@type\":\"PropertyValueSpecification\",\"valueRequired\":true,\"valueName\":\"search_term_string\"}}],\"inLanguage\":\"fr-be\"},{\"@type\":\"Organization\",\"@id\":\"https:\/\/coffeelounge.delonghi.com\/fr-be\/#organization\",\"name\":\"De'Longhi Coffee Lounge\",\"url\":\"https:\/\/coffeelounge.delonghi.com\/fr-be\/\",\"logo\":{\"@type\":\"ImageObject\",\"inLanguage\":\"fr-be\",\"@id\":\"https:\/\/coffeelounge.delonghi.com\/fr-be\/#\/schema\/logo\/image\/\",\"url\":\"https:\/\/coffeelounge.delonghi.com\/wp-content\/uploads\/2020\/05\/delonghi-coffee-lounge-logo-nederland.png\",\"contentUrl\":\"https:\/\/coffeelounge.delonghi.com\/wp-content\/uploads\/2020\/05\/delonghi-coffee-lounge-logo-nederland.png\",\"width\":2337,\"height\":724,\"caption\":\"De'Longhi Coffee Lounge\"},\"image\":{\"@id\":\"https:\/\/coffeelounge.delonghi.com\/fr-be\/#\/schema\/logo\/image\/\"}}]}<\/script>\n<!-- \/ Yoast SEO Premium plugin. -->","yoast_head_json":{"title":"Landing La Specialista | De&#039;Longhi","robots":{"index":"index","follow":"follow","max-snippet":"max-snippet:-1","max-image-preview":"max-image-preview:large","max-video-preview":"max-video-preview:-1"},"twitter_card":"summary_large_image","twitter_title":"Landing La Specialista | De&#039;Longhi","twitter_description":"M\u00e9ritez-vous de devenir le seigneur et le ma\u00eetre de cette machine \u00e0 espresso \u00e0 pompe La Specialista Arte ? Connaissez-vous suffisamment le monde du caf\u00e9 pour devenir le propri\u00e9taire d\u2019une La Specialista Arte ? Testez vos connaissances sur le caf\u00e9 et gagnez !\u00a0 Oui, je participe Montrez que vous avez les comp\u00e9tences n\u00e9cessaires ! En [&hellip;]","twitter_image":"https:\/\/coffeelounge.delonghi.com\/wp-content\/uploads\/elementor\/thumbs\/landing-banner-pyha82hi0331vmcubvles8bk5t2axojuzcmf4952q6.png","schema":{"@context":"https:\/\/schema.org","@graph":[{"@type":"WebPage","@id":"https:\/\/coffeelounge.delonghi.com\/fr-be\/landing-specialista\/","url":"https:\/\/coffeelounge.delonghi.com\/fr-be\/landing-specialista\/","name":"Landing La Specialista | De&#039;Longhi","isPartOf":{"@id":"https:\/\/coffeelounge.delonghi.com\/fr-be\/#website"},"primaryImageOfPage":{"@id":"https:\/\/coffeelounge.delonghi.com\/fr-be\/landing-specialista\/#primaryimage"},"image":{"@id":"https:\/\/coffeelounge.delonghi.com\/fr-be\/landing-specialista\/#primaryimage"},"thumbnailUrl":"https:\/\/coffeelounge.delonghi.com\/wp-content\/uploads\/elementor\/thumbs\/landing-banner-pyha82hi0331vmcubvles8bk5t2axojuzcmf4952q6.png","datePublished":"2022-11-30T12:28:38+00:00","dateModified":"2023-01-17T07:40:35+00:00","breadcrumb":{"@id":"https:\/\/coffeelounge.delonghi.com\/fr-be\/landing-specialista\/#breadcrumb"},"inLanguage":"fr-be","potentialAction":[{"@type":"ReadAction","target":["https:\/\/coffeelounge.delonghi.com\/fr-be\/landing-specialista\/"]}]},{"@type":"ImageObject","inLanguage":"fr-be","@id":"https:\/\/coffeelounge.delonghi.com\/fr-be\/landing-specialista\/#primaryimage","url":"https:\/\/coffeelounge.delonghi.com\/wp-content\/uploads\/elementor\/thumbs\/landing-banner-pyha82hi0331vmcubvles8bk5t2axojuzcmf4952q6.png","contentUrl":"https:\/\/coffeelounge.delonghi.com\/wp-content\/uploads\/elementor\/thumbs\/landing-banner-pyha82hi0331vmcubvles8bk5t2axojuzcmf4952q6.png"},{"@type":"BreadcrumbList","@id":"https:\/\/coffeelounge.delonghi.com\/fr-be\/landing-specialista\/#breadcrumb","itemListElement":[{"@type":"ListItem","position":1,"name":"Home","item":"https:\/\/coffeelounge.delonghi.com\/fr-be\/"},{"@type":"ListItem","position":2,"name":"Landing La Specialista"}]},{"@type":"WebSite","@id":"https:\/\/coffeelounge.delonghi.com\/fr-be\/#website","url":"https:\/\/coffeelounge.delonghi.com\/fr-be\/","name":"De&#039;Longhi","description":"Coffee Lounge","publisher":{"@id":"https:\/\/coffeelounge.delonghi.com\/fr-be\/#organization"},"potentialAction":[{"@type":"SearchAction","target":{"@type":"EntryPoint","urlTemplate":"https:\/\/coffeelounge.delonghi.com\/fr-be\/?s={search_term_string}"},"query-input":{"@type":"PropertyValueSpecification","valueRequired":true,"valueName":"search_term_string"}}],"inLanguage":"fr-be"},{"@type":"Organization","@id":"https:\/\/coffeelounge.delonghi.com\/fr-be\/#organization","name":"De'Longhi Coffee Lounge","url":"https:\/\/coffeelounge.delonghi.com\/fr-be\/","logo":{"@type":"ImageObject","inLanguage":"fr-be","@id":"https:\/\/coffeelounge.delonghi.com\/fr-be\/#\/schema\/logo\/image\/","url":"https:\/\/coffeelounge.delonghi.com\/wp-content\/uploads\/2020\/05\/delonghi-coffee-lounge-logo-nederland.png","contentUrl":"https:\/\/coffeelounge.delonghi.com\/wp-content\/uploads\/2020\/05\/delonghi-coffee-lounge-logo-nederland.png","width":2337,"height":724,"caption":"De'Longhi Coffee Lounge"},"image":{"@id":"https:\/\/coffeelounge.delonghi.com\/fr-be\/#\/schema\/logo\/image\/"}}]}},"_links":{"self":[{"href":"https:\/\/coffeelounge.delonghi.com\/fr-be\/wp-json\/wp\/v2\/pages\/315740","targetHints":{"allow":["GET"]}}],"collection":[{"href":"https:\/\/coffeelounge.delonghi.com\/fr-be\/wp-json\/wp\/v2\/pages"}],"about":[{"href":"https:\/\/coffeelounge.delonghi.com\/fr-be\/wp-json\/wp\/v2\/types\/page"}],"author":[{"embeddable":true,"href":"https:\/\/coffeelounge.delonghi.com\/fr-be\/wp-json\/wp\/v2\/users\/1085"}],"replies":[{"embeddable":true,"href":"https:\/\/coffeelounge.delonghi.com\/fr-be\/wp-json\/wp\/v2\/comments?post=315740"}],"version-history":[{"count":0,"href":"https:\/\/coffeelounge.delonghi.com\/fr-be\/wp-json\/wp\/v2\/pages\/315740\/revisions"}],"wp:attachment":[{"href":"https:\/\/coffeelounge.delonghi.com\/fr-be\/wp-json\/wp\/v2\/media?parent=315740"}],"curies":[{"name":"wp","href":"https:\/\/api.w.org\/{rel}","templated":true}]}}