{"id":217561,"date":"2022-09-12T14:12:30","date_gmt":"2022-09-12T14:12:30","guid":{"rendered":"https:\/\/coffeelounge.delonghi.com\/?post_type=product&#038;p=217561"},"modified":"2024-03-04T13:27:29","modified_gmt":"2024-03-04T13:27:29","slug":"etiopia-heleanna-georgalis","status":"publish","type":"product","link":"https:\/\/coffeelounge.delonghi.com\/es-es\/product\/etiopia-heleanna-georgalis\/","title":{"rendered":"Etiop\u00eda &#8211; Heleanna Georgalis"},"content":{"rendered":"<p>Al frente de la compa\u00f1\u00eda est\u00e1 Heleanna Georgalis desde el 2008, ella est\u00e1 inmersa en la tercera ola del caf\u00e9 preocup\u00e1ndose en primera persona por la calidad del caf\u00e9 que exporta. Ella contin\u00faa con el legado de su padre, y afirma sentir pasi\u00f3n por este mundo donde ella misma puede experimentar en procesos y divertirse pudiendo comprobar los resultados. Es importante resaltar que la singularidad de los caf\u00e9s et\u00edopes reside en la &#8220;no modificaci\u00f3n gen\u00e9tica&#8221; de las plantas de caf\u00e9. Es un caf\u00e9 que conserva las caracter\u00edsticas gen\u00e9ricas de los caf\u00e9s et\u00edopes, del que se obtiene un perfil de taza muy delicado e interesante con notas muy dispares que se derivan tanto de su procesado como del suelo donde crece.<\/p>\n","protected":false},"excerpt":{"rendered":"<p>Al frente de la compa\u00f1\u00eda est\u00e1 Heleanna Georgalis desde el 2008, ella est\u00e1 inmersa en la tercera ola del caf\u00e9 preocup\u00e1ndose en primera persona por la calidad del caf\u00e9 que exporta. Ella contin\u00faa con el legado de su padre, y afirma sentir pasi\u00f3n por este mundo donde ella misma puede experimentar en procesos y divertirse pudiendo comprobar los resultados. Es importante resaltar que la singularidad de los caf\u00e9s et\u00edopes reside en la &#8220;no modificaci\u00f3n gen\u00e9tica\u00b4\u00b4 de las plantas de caf\u00e9. Es un caf\u00e9 que conserva las caracter\u00edsticas gen\u00e9ricas de los caf\u00e9s et\u00edopes, del que se obtiene un perfil de taza muy delicado e interesante con notas muy dispares que se derivan tanto de su procesado como del suelo donde crece.<\/p>\n","protected":false},"featured_media":419085,"comment_status":"closed","ping_status":"closed","template":"","meta":{"_acf_changed":false},"product_cat":[692,689],"product_tag":[],"class_list":{"0":"post-217561","1":"product","2":"type-product","3":"status-publish","4":"has-post-thumbnail","6":"product_cat-especialidad","7":"product_cat-todos-los-cafes","9":"first","10":"instock","11":"taxable","12":"shipping-taxable","13":"purchasable","14":"product-type-variable"},"acf":[],"yoast_head":"<!-- This site is optimized with the Yoast SEO Premium plugin v24.5 (Yoast SEO v24.5) - https:\/\/yoast.com\/wordpress\/plugins\/seo\/ -->\n<title>Etiop\u00eda - Heleanna Georgalis, Root Caf\u00e9 | Coffee Lounge ES<\/title>\n<meta name=\"description\" content=\"Descubre la calidad y el aroma del caf\u00e9 en grano de especialidad Etiopia - Heleanna Georgalis producido por Root Caf\u00e9. \u00a1Compre ahora!\" \/>\n<meta name=\"robots\" content=\"index, follow, max-snippet:-1, max-image-preview:large, max-video-preview:-1\" \/>\n<meta name=\"twitter:card\" content=\"summary_large_image\" \/>\n<meta name=\"twitter:title\" content=\"Etiop\u00eda - Heleanna Georgalis, Root Caf\u00e9 | Coffee Lounge ES\" \/>\n<meta name=\"twitter:description\" content=\"Descubre la calidad y el aroma del caf\u00e9 en grano de especialidad Etiopia - Heleanna Georgalis producido por Root Caf\u00e9. \u00a1Compre ahora!\" \/>\n<meta name=\"twitter:image\" content=\"https:\/\/coffeelounge.delonghi.com\/wp-content\/uploads\/2022\/09\/Etiopia_heleanna_georgalis.png\" \/>\n<script type=\"application\/ld+json\" class=\"yoast-schema-graph\">{\"@context\":\"https:\/\/schema.org\",\"@graph\":[{\"@type\":\"WebPage\",\"@id\":\"https:\/\/coffeelounge.delonghi.com\/es-es\/product\/etiopia-heleanna-georgalis\/\",\"url\":\"https:\/\/coffeelounge.delonghi.com\/es-es\/product\/etiopia-heleanna-georgalis\/\",\"name\":\"Etiop\u00eda - Heleanna Georgalis, Root Caf\u00e9 | Coffee Lounge ES\",\"isPartOf\":{\"@id\":\"https:\/\/coffeelounge.delonghi.com\/es-es\/#website\"},\"primaryImageOfPage\":{\"@id\":\"https:\/\/coffeelounge.delonghi.com\/es-es\/product\/etiopia-heleanna-georgalis\/#primaryimage\"},\"image\":{\"@id\":\"https:\/\/coffeelounge.delonghi.com\/es-es\/product\/etiopia-heleanna-georgalis\/#primaryimage\"},\"thumbnailUrl\":\"https:\/\/coffeelounge.delonghi.com\/wp-content\/uploads\/2022\/09\/Etiopia_heleanna_georgalis.png\",\"datePublished\":\"2022-09-12T14:12:30+00:00\",\"dateModified\":\"2024-03-04T13:27:29+00:00\",\"description\":\"Descubre la calidad y el aroma del caf\u00e9 en grano de especialidad Etiopia - Heleanna Georgalis producido por Root Caf\u00e9. \u00a1Compre ahora!\",\"breadcrumb\":{\"@id\":\"https:\/\/coffeelounge.delonghi.com\/es-es\/product\/etiopia-heleanna-georgalis\/#breadcrumb\"},\"inLanguage\":\"es-es\",\"potentialAction\":[{\"@type\":\"ReadAction\",\"target\":[\"https:\/\/coffeelounge.delonghi.com\/es-es\/product\/etiopia-heleanna-georgalis\/\"]}]},{\"@type\":\"ImageObject\",\"inLanguage\":\"es-es\",\"@id\":\"https:\/\/coffeelounge.delonghi.com\/es-es\/product\/etiopia-heleanna-georgalis\/#primaryimage\",\"url\":\"https:\/\/coffeelounge.delonghi.com\/wp-content\/uploads\/2022\/09\/Etiopia_heleanna_georgalis.png\",\"contentUrl\":\"https:\/\/coffeelounge.delonghi.com\/wp-content\/uploads\/2022\/09\/Etiopia_heleanna_georgalis.png\",\"width\":1076,\"height\":1219},{\"@type\":\"BreadcrumbList\",\"@id\":\"https:\/\/coffeelounge.delonghi.com\/es-es\/product\/etiopia-heleanna-georgalis\/#breadcrumb\",\"itemListElement\":[{\"@type\":\"ListItem\",\"position\":1,\"name\":\"Home\",\"item\":\"https:\/\/coffeelounge.delonghi.com\/es-es\/\"},{\"@type\":\"ListItem\",\"position\":2,\"name\":\"Boutique\",\"item\":\"https:\/\/coffeelounge.delonghi.com\/fr\/?page_id=36\"},{\"@type\":\"ListItem\",\"position\":3,\"name\":\"Etiop\u00eda &#8211; Heleanna Georgalis\"}]},{\"@type\":\"WebSite\",\"@id\":\"https:\/\/coffeelounge.delonghi.com\/es-es\/#website\",\"url\":\"https:\/\/coffeelounge.delonghi.com\/es-es\/\",\"name\":\"De&#039;Longhi\",\"description\":\"Coffee Lounge\",\"publisher\":{\"@id\":\"https:\/\/coffeelounge.delonghi.com\/es-es\/#organization\"},\"potentialAction\":[{\"@type\":\"SearchAction\",\"target\":{\"@type\":\"EntryPoint\",\"urlTemplate\":\"https:\/\/coffeelounge.delonghi.com\/es-es\/?s={search_term_string}\"},\"query-input\":{\"@type\":\"PropertyValueSpecification\",\"valueRequired\":true,\"valueName\":\"search_term_string\"}}],\"inLanguage\":\"es-es\"},{\"@type\":\"Organization\",\"@id\":\"https:\/\/coffeelounge.delonghi.com\/es-es\/#organization\",\"name\":\"De'Longhi Coffee Lounge\",\"url\":\"https:\/\/coffeelounge.delonghi.com\/es-es\/\",\"logo\":{\"@type\":\"ImageObject\",\"inLanguage\":\"es-es\",\"@id\":\"https:\/\/coffeelounge.delonghi.com\/es-es\/#\/schema\/logo\/image\/\",\"url\":\"https:\/\/coffeelounge.delonghi.com\/wp-content\/uploads\/2020\/05\/delonghi-coffee-lounge-logo-nederland.png\",\"contentUrl\":\"https:\/\/coffeelounge.delonghi.com\/wp-content\/uploads\/2020\/05\/delonghi-coffee-lounge-logo-nederland.png\",\"width\":2337,\"height\":724,\"caption\":\"De'Longhi Coffee Lounge\"},\"image\":{\"@id\":\"https:\/\/coffeelounge.delonghi.com\/es-es\/#\/schema\/logo\/image\/\"}}]}<\/script>\n<!-- \/ Yoast SEO Premium plugin. -->","yoast_head_json":{"title":"Etiop\u00eda - Heleanna Georgalis, Root Caf\u00e9 | Coffee Lounge ES","description":"Descubre la calidad y el aroma del caf\u00e9 en grano de especialidad Etiopia - Heleanna Georgalis producido por Root Caf\u00e9. \u00a1Compre ahora!","robots":{"index":"index","follow":"follow","max-snippet":"max-snippet:-1","max-image-preview":"max-image-preview:large","max-video-preview":"max-video-preview:-1"},"twitter_card":"summary_large_image","twitter_title":"Etiop\u00eda - Heleanna Georgalis, Root Caf\u00e9 | Coffee Lounge ES","twitter_description":"Descubre la calidad y el aroma del caf\u00e9 en grano de especialidad Etiopia - Heleanna Georgalis producido por Root Caf\u00e9. \u00a1Compre ahora!","twitter_image":"https:\/\/coffeelounge.delonghi.com\/wp-content\/uploads\/2022\/09\/Etiopia_heleanna_georgalis.png","schema":{"@context":"https:\/\/schema.org","@graph":[{"@type":"WebPage","@id":"https:\/\/coffeelounge.delonghi.com\/es-es\/product\/etiopia-heleanna-georgalis\/","url":"https:\/\/coffeelounge.delonghi.com\/es-es\/product\/etiopia-heleanna-georgalis\/","name":"Etiop\u00eda - Heleanna Georgalis, Root Caf\u00e9 | Coffee Lounge ES","isPartOf":{"@id":"https:\/\/coffeelounge.delonghi.com\/es-es\/#website"},"primaryImageOfPage":{"@id":"https:\/\/coffeelounge.delonghi.com\/es-es\/product\/etiopia-heleanna-georgalis\/#primaryimage"},"image":{"@id":"https:\/\/coffeelounge.delonghi.com\/es-es\/product\/etiopia-heleanna-georgalis\/#primaryimage"},"thumbnailUrl":"https:\/\/coffeelounge.delonghi.com\/wp-content\/uploads\/2022\/09\/Etiopia_heleanna_georgalis.png","datePublished":"2022-09-12T14:12:30+00:00","dateModified":"2024-03-04T13:27:29+00:00","description":"Descubre la calidad y el aroma del caf\u00e9 en grano de especialidad Etiopia - Heleanna Georgalis producido por Root Caf\u00e9. \u00a1Compre ahora!","breadcrumb":{"@id":"https:\/\/coffeelounge.delonghi.com\/es-es\/product\/etiopia-heleanna-georgalis\/#breadcrumb"},"inLanguage":"es-es","potentialAction":[{"@type":"ReadAction","target":["https:\/\/coffeelounge.delonghi.com\/es-es\/product\/etiopia-heleanna-georgalis\/"]}]},{"@type":"ImageObject","inLanguage":"es-es","@id":"https:\/\/coffeelounge.delonghi.com\/es-es\/product\/etiopia-heleanna-georgalis\/#primaryimage","url":"https:\/\/coffeelounge.delonghi.com\/wp-content\/uploads\/2022\/09\/Etiopia_heleanna_georgalis.png","contentUrl":"https:\/\/coffeelounge.delonghi.com\/wp-content\/uploads\/2022\/09\/Etiopia_heleanna_georgalis.png","width":1076,"height":1219},{"@type":"BreadcrumbList","@id":"https:\/\/coffeelounge.delonghi.com\/es-es\/product\/etiopia-heleanna-georgalis\/#breadcrumb","itemListElement":[{"@type":"ListItem","position":1,"name":"Home","item":"https:\/\/coffeelounge.delonghi.com\/es-es\/"},{"@type":"ListItem","position":2,"name":"Boutique","item":"https:\/\/coffeelounge.delonghi.com\/fr\/?page_id=36"},{"@type":"ListItem","position":3,"name":"Etiop\u00eda &#8211; Heleanna Georgalis"}]},{"@type":"WebSite","@id":"https:\/\/coffeelounge.delonghi.com\/es-es\/#website","url":"https:\/\/coffeelounge.delonghi.com\/es-es\/","name":"De&#039;Longhi","description":"Coffee Lounge","publisher":{"@id":"https:\/\/coffeelounge.delonghi.com\/es-es\/#organization"},"potentialAction":[{"@type":"SearchAction","target":{"@type":"EntryPoint","urlTemplate":"https:\/\/coffeelounge.delonghi.com\/es-es\/?s={search_term_string}"},"query-input":{"@type":"PropertyValueSpecification","valueRequired":true,"valueName":"search_term_string"}}],"inLanguage":"es-es"},{"@type":"Organization","@id":"https:\/\/coffeelounge.delonghi.com\/es-es\/#organization","name":"De'Longhi Coffee Lounge","url":"https:\/\/coffeelounge.delonghi.com\/es-es\/","logo":{"@type":"ImageObject","inLanguage":"es-es","@id":"https:\/\/coffeelounge.delonghi.com\/es-es\/#\/schema\/logo\/image\/","url":"https:\/\/coffeelounge.delonghi.com\/wp-content\/uploads\/2020\/05\/delonghi-coffee-lounge-logo-nederland.png","contentUrl":"https:\/\/coffeelounge.delonghi.com\/wp-content\/uploads\/2020\/05\/delonghi-coffee-lounge-logo-nederland.png","width":2337,"height":724,"caption":"De'Longhi Coffee Lounge"},"image":{"@id":"https:\/\/coffeelounge.delonghi.com\/es-es\/#\/schema\/logo\/image\/"}}]}},"_links":{"self":[{"href":"https:\/\/coffeelounge.delonghi.com\/es-es\/wp-json\/wp\/v2\/product\/217561","targetHints":{"allow":["GET"]}}],"collection":[{"href":"https:\/\/coffeelounge.delonghi.com\/es-es\/wp-json\/wp\/v2\/product"}],"about":[{"href":"https:\/\/coffeelounge.delonghi.com\/es-es\/wp-json\/wp\/v2\/types\/product"}],"replies":[{"embeddable":true,"href":"https:\/\/coffeelounge.delonghi.com\/es-es\/wp-json\/wp\/v2\/comments?post=217561"}],"version-history":[{"count":2,"href":"https:\/\/coffeelounge.delonghi.com\/es-es\/wp-json\/wp\/v2\/product\/217561\/revisions"}],"predecessor-version":[{"id":422247,"href":"https:\/\/coffeelounge.delonghi.com\/es-es\/wp-json\/wp\/v2\/product\/217561\/revisions\/422247"}],"wp:featuredmedia":[{"embeddable":true,"href":"https:\/\/coffeelounge.delonghi.com\/es-es\/wp-json\/wp\/v2\/media\/419085"}],"wp:attachment":[{"href":"https:\/\/coffeelounge.delonghi.com\/es-es\/wp-json\/wp\/v2\/media?parent=217561"}],"wp:term":[{"taxonomy":"product_cat","embeddable":true,"href":"https:\/\/coffeelounge.delonghi.com\/es-es\/wp-json\/wp\/v2\/product_cat?post=217561"},{"taxonomy":"product_tag","embeddable":true,"href":"https:\/\/coffeelounge.delonghi.com\/es-es\/wp-json\/wp\/v2\/product_tag?post=217561"}],"curies":[{"name":"wp","href":"https:\/\/api.w.org\/{rel}","templated":true}]}}