{"id":217547,"date":"2022-09-12T14:17:43","date_gmt":"2022-09-12T14:17:43","guid":{"rendered":"https:\/\/coffeelounge.delonghi.com\/?post_type=product&#038;p=217547"},"modified":"2024-03-04T13:27:11","modified_gmt":"2024-03-04T13:27:11","slug":"brasil-reinaldo-olini","status":"publish","type":"product","link":"https:\/\/coffeelounge.delonghi.com\/es-es\/product\/brasil-reinaldo-olini\/","title":{"rendered":"Brasil &#8211; Reinaldo Olini"},"content":{"rendered":"<p>Reinaldo tiene sus or\u00edgenes en la regi\u00f3n gallega y proviene de la familia de los agricultores, el amor por la tierra y el cultivo se ha transmitido de generaci\u00f3n en generaci\u00f3n. De Galicia a Paran\u00e1, de Paran\u00e1 al Cerrado Mineiro, Reinaldo encontr\u00f3 en esta regi\u00f3n las condiciones ideales para el cultivo del caf\u00e9. El ADN pionero, el esp\u00edritu emprendedor, la persistencia para prosperar y la visi\u00f3n a largo plazo son sus valores.La Regi\u00f3n Cerrado Mineiro es una fuente de producci\u00f3n de caf\u00e9 de alta calidad, reconocida en el mundo &#8211; la primera &#8220;Denominaci\u00f3n de Origen&#8221; en Brasil, ubicada en el noroeste del estado de Minas Gerais. Las plantaciones de caf\u00e9 se cultivan en \u00e1reas con altitudes que van desde 800 a 1.300 metros como resultado, caf\u00e9s de alta calidad con una identidad \u00fanica.<\/p>\n","protected":false},"excerpt":{"rendered":"<p>Reinaldo tiene sus or\u00edgenes en la regi\u00f3n gallega y proviene de la familia de los agricultores, el amor por la tierra y el cultivo se ha transmitido de generaci\u00f3n en generaci\u00f3n. De Galicia a Paran\u00e1, de Paran\u00e1 al Cerrado Mineiro, Reinaldo encontr\u00f3 en esta regi\u00f3n las condiciones ideales para el cultivo del caf\u00e9. El ADN pionero, el esp\u00edritu emprendedor, la persistencia para prosperar y la visi\u00f3n a largo plazo son sus valores.La Regi\u00f3n Cerrado Mineiro es una fuente de producci\u00f3n de caf\u00e9 de alta calidad, reconocida en el mundo &#8211; la primera &#8220;Denominaci\u00f3n de Origen&#8221; en Brasil, ubicada en el noroeste del estado de Minas Gerais. Las plantaciones de caf\u00e9 se cultivan en \u00e1reas con altitudes que van desde 800 a 1.300 metros como resultado, caf\u00e9s de alta calidad con una identidad \u00fanica.<\/p>\n","protected":false},"featured_media":419059,"comment_status":"closed","ping_status":"closed","template":"","meta":{"_acf_changed":false},"product_cat":[692,689],"product_tag":[],"class_list":{"0":"post-217547","1":"product","2":"type-product","3":"status-publish","4":"has-post-thumbnail","6":"product_cat-especialidad","7":"product_cat-todos-los-cafes","9":"first","10":"instock","11":"taxable","12":"shipping-taxable","13":"purchasable","14":"product-type-variable","15":"has-default-attributes"},"acf":[],"yoast_head":"<!-- This site is optimized with the Yoast SEO Premium plugin v24.5 (Yoast SEO v24.5) - https:\/\/yoast.com\/wordpress\/plugins\/seo\/ -->\n<title>Brasil - Reinaldo Olini, Root Caf\u00e9| Coffee Lounge ES<\/title>\n<meta name=\"description\" content=\"Descubre la calidad y el aroma del caf\u00e9 en grano de especialidad Brasil - Reinaldo Olini producido por Root Caf\u00e9. \u00a1Compre ahora!\" \/>\n<meta name=\"robots\" content=\"index, follow, max-snippet:-1, max-image-preview:large, max-video-preview:-1\" \/>\n<meta name=\"twitter:card\" content=\"summary_large_image\" \/>\n<meta name=\"twitter:title\" content=\"Brasil - Reinaldo Olini, Root Caf\u00e9| Coffee Lounge ES\" \/>\n<meta name=\"twitter:description\" content=\"Descubre la calidad y el aroma del caf\u00e9 en grano de especialidad Brasil - Reinaldo Olini producido por Root Caf\u00e9. \u00a1Compre ahora!\" \/>\n<meta name=\"twitter:image\" content=\"https:\/\/coffeelounge.delonghi.com\/wp-content\/uploads\/2022\/09\/Brasil_Reinado_Olini.png\" \/>\n<script type=\"application\/ld+json\" class=\"yoast-schema-graph\">{\"@context\":\"https:\/\/schema.org\",\"@graph\":[{\"@type\":\"WebPage\",\"@id\":\"https:\/\/coffeelounge.delonghi.com\/es-es\/product\/brasil-reinaldo-olini\/\",\"url\":\"https:\/\/coffeelounge.delonghi.com\/es-es\/product\/brasil-reinaldo-olini\/\",\"name\":\"Brasil - Reinaldo Olini, Root Caf\u00e9| Coffee Lounge ES\",\"isPartOf\":{\"@id\":\"https:\/\/coffeelounge.delonghi.com\/es-es\/#website\"},\"primaryImageOfPage\":{\"@id\":\"https:\/\/coffeelounge.delonghi.com\/es-es\/product\/brasil-reinaldo-olini\/#primaryimage\"},\"image\":{\"@id\":\"https:\/\/coffeelounge.delonghi.com\/es-es\/product\/brasil-reinaldo-olini\/#primaryimage\"},\"thumbnailUrl\":\"https:\/\/coffeelounge.delonghi.com\/wp-content\/uploads\/2022\/09\/Brasil_Reinado_Olini.png\",\"datePublished\":\"2022-09-12T14:17:43+00:00\",\"dateModified\":\"2024-03-04T13:27:11+00:00\",\"description\":\"Descubre la calidad y el aroma del caf\u00e9 en grano de especialidad Brasil - Reinaldo Olini producido por Root Caf\u00e9. \u00a1Compre ahora!\",\"breadcrumb\":{\"@id\":\"https:\/\/coffeelounge.delonghi.com\/es-es\/product\/brasil-reinaldo-olini\/#breadcrumb\"},\"inLanguage\":\"es-es\",\"potentialAction\":[{\"@type\":\"ReadAction\",\"target\":[\"https:\/\/coffeelounge.delonghi.com\/es-es\/product\/brasil-reinaldo-olini\/\"]}]},{\"@type\":\"ImageObject\",\"inLanguage\":\"es-es\",\"@id\":\"https:\/\/coffeelounge.delonghi.com\/es-es\/product\/brasil-reinaldo-olini\/#primaryimage\",\"url\":\"https:\/\/coffeelounge.delonghi.com\/wp-content\/uploads\/2022\/09\/Brasil_Reinado_Olini.png\",\"contentUrl\":\"https:\/\/coffeelounge.delonghi.com\/wp-content\/uploads\/2022\/09\/Brasil_Reinado_Olini.png\",\"width\":1076,\"height\":1219},{\"@type\":\"BreadcrumbList\",\"@id\":\"https:\/\/coffeelounge.delonghi.com\/es-es\/product\/brasil-reinaldo-olini\/#breadcrumb\",\"itemListElement\":[{\"@type\":\"ListItem\",\"position\":1,\"name\":\"Home\",\"item\":\"https:\/\/coffeelounge.delonghi.com\/es-es\/\"},{\"@type\":\"ListItem\",\"position\":2,\"name\":\"Boutique\",\"item\":\"https:\/\/coffeelounge.delonghi.com\/fr\/?page_id=36\"},{\"@type\":\"ListItem\",\"position\":3,\"name\":\"Brasil &#8211; Reinaldo Olini\"}]},{\"@type\":\"WebSite\",\"@id\":\"https:\/\/coffeelounge.delonghi.com\/es-es\/#website\",\"url\":\"https:\/\/coffeelounge.delonghi.com\/es-es\/\",\"name\":\"De&#039;Longhi\",\"description\":\"Coffee Lounge\",\"publisher\":{\"@id\":\"https:\/\/coffeelounge.delonghi.com\/es-es\/#organization\"},\"potentialAction\":[{\"@type\":\"SearchAction\",\"target\":{\"@type\":\"EntryPoint\",\"urlTemplate\":\"https:\/\/coffeelounge.delonghi.com\/es-es\/?s={search_term_string}\"},\"query-input\":{\"@type\":\"PropertyValueSpecification\",\"valueRequired\":true,\"valueName\":\"search_term_string\"}}],\"inLanguage\":\"es-es\"},{\"@type\":\"Organization\",\"@id\":\"https:\/\/coffeelounge.delonghi.com\/es-es\/#organization\",\"name\":\"De'Longhi Coffee Lounge\",\"url\":\"https:\/\/coffeelounge.delonghi.com\/es-es\/\",\"logo\":{\"@type\":\"ImageObject\",\"inLanguage\":\"es-es\",\"@id\":\"https:\/\/coffeelounge.delonghi.com\/es-es\/#\/schema\/logo\/image\/\",\"url\":\"https:\/\/coffeelounge.delonghi.com\/wp-content\/uploads\/2020\/05\/delonghi-coffee-lounge-logo-nederland.png\",\"contentUrl\":\"https:\/\/coffeelounge.delonghi.com\/wp-content\/uploads\/2020\/05\/delonghi-coffee-lounge-logo-nederland.png\",\"width\":2337,\"height\":724,\"caption\":\"De'Longhi Coffee Lounge\"},\"image\":{\"@id\":\"https:\/\/coffeelounge.delonghi.com\/es-es\/#\/schema\/logo\/image\/\"}}]}<\/script>\n<!-- \/ Yoast SEO Premium plugin. -->","yoast_head_json":{"title":"Brasil - Reinaldo Olini, Root Caf\u00e9| Coffee Lounge ES","description":"Descubre la calidad y el aroma del caf\u00e9 en grano de especialidad Brasil - Reinaldo Olini producido por Root Caf\u00e9. \u00a1Compre ahora!","robots":{"index":"index","follow":"follow","max-snippet":"max-snippet:-1","max-image-preview":"max-image-preview:large","max-video-preview":"max-video-preview:-1"},"twitter_card":"summary_large_image","twitter_title":"Brasil - Reinaldo Olini, Root Caf\u00e9| Coffee Lounge ES","twitter_description":"Descubre la calidad y el aroma del caf\u00e9 en grano de especialidad Brasil - Reinaldo Olini producido por Root Caf\u00e9. \u00a1Compre ahora!","twitter_image":"https:\/\/coffeelounge.delonghi.com\/wp-content\/uploads\/2022\/09\/Brasil_Reinado_Olini.png","schema":{"@context":"https:\/\/schema.org","@graph":[{"@type":"WebPage","@id":"https:\/\/coffeelounge.delonghi.com\/es-es\/product\/brasil-reinaldo-olini\/","url":"https:\/\/coffeelounge.delonghi.com\/es-es\/product\/brasil-reinaldo-olini\/","name":"Brasil - Reinaldo Olini, Root Caf\u00e9| Coffee Lounge ES","isPartOf":{"@id":"https:\/\/coffeelounge.delonghi.com\/es-es\/#website"},"primaryImageOfPage":{"@id":"https:\/\/coffeelounge.delonghi.com\/es-es\/product\/brasil-reinaldo-olini\/#primaryimage"},"image":{"@id":"https:\/\/coffeelounge.delonghi.com\/es-es\/product\/brasil-reinaldo-olini\/#primaryimage"},"thumbnailUrl":"https:\/\/coffeelounge.delonghi.com\/wp-content\/uploads\/2022\/09\/Brasil_Reinado_Olini.png","datePublished":"2022-09-12T14:17:43+00:00","dateModified":"2024-03-04T13:27:11+00:00","description":"Descubre la calidad y el aroma del caf\u00e9 en grano de especialidad Brasil - Reinaldo Olini producido por Root Caf\u00e9. \u00a1Compre ahora!","breadcrumb":{"@id":"https:\/\/coffeelounge.delonghi.com\/es-es\/product\/brasil-reinaldo-olini\/#breadcrumb"},"inLanguage":"es-es","potentialAction":[{"@type":"ReadAction","target":["https:\/\/coffeelounge.delonghi.com\/es-es\/product\/brasil-reinaldo-olini\/"]}]},{"@type":"ImageObject","inLanguage":"es-es","@id":"https:\/\/coffeelounge.delonghi.com\/es-es\/product\/brasil-reinaldo-olini\/#primaryimage","url":"https:\/\/coffeelounge.delonghi.com\/wp-content\/uploads\/2022\/09\/Brasil_Reinado_Olini.png","contentUrl":"https:\/\/coffeelounge.delonghi.com\/wp-content\/uploads\/2022\/09\/Brasil_Reinado_Olini.png","width":1076,"height":1219},{"@type":"BreadcrumbList","@id":"https:\/\/coffeelounge.delonghi.com\/es-es\/product\/brasil-reinaldo-olini\/#breadcrumb","itemListElement":[{"@type":"ListItem","position":1,"name":"Home","item":"https:\/\/coffeelounge.delonghi.com\/es-es\/"},{"@type":"ListItem","position":2,"name":"Boutique","item":"https:\/\/coffeelounge.delonghi.com\/fr\/?page_id=36"},{"@type":"ListItem","position":3,"name":"Brasil &#8211; Reinaldo Olini"}]},{"@type":"WebSite","@id":"https:\/\/coffeelounge.delonghi.com\/es-es\/#website","url":"https:\/\/coffeelounge.delonghi.com\/es-es\/","name":"De&#039;Longhi","description":"Coffee Lounge","publisher":{"@id":"https:\/\/coffeelounge.delonghi.com\/es-es\/#organization"},"potentialAction":[{"@type":"SearchAction","target":{"@type":"EntryPoint","urlTemplate":"https:\/\/coffeelounge.delonghi.com\/es-es\/?s={search_term_string}"},"query-input":{"@type":"PropertyValueSpecification","valueRequired":true,"valueName":"search_term_string"}}],"inLanguage":"es-es"},{"@type":"Organization","@id":"https:\/\/coffeelounge.delonghi.com\/es-es\/#organization","name":"De'Longhi Coffee Lounge","url":"https:\/\/coffeelounge.delonghi.com\/es-es\/","logo":{"@type":"ImageObject","inLanguage":"es-es","@id":"https:\/\/coffeelounge.delonghi.com\/es-es\/#\/schema\/logo\/image\/","url":"https:\/\/coffeelounge.delonghi.com\/wp-content\/uploads\/2020\/05\/delonghi-coffee-lounge-logo-nederland.png","contentUrl":"https:\/\/coffeelounge.delonghi.com\/wp-content\/uploads\/2020\/05\/delonghi-coffee-lounge-logo-nederland.png","width":2337,"height":724,"caption":"De'Longhi Coffee Lounge"},"image":{"@id":"https:\/\/coffeelounge.delonghi.com\/es-es\/#\/schema\/logo\/image\/"}}]}},"_links":{"self":[{"href":"https:\/\/coffeelounge.delonghi.com\/es-es\/wp-json\/wp\/v2\/product\/217547","targetHints":{"allow":["GET"]}}],"collection":[{"href":"https:\/\/coffeelounge.delonghi.com\/es-es\/wp-json\/wp\/v2\/product"}],"about":[{"href":"https:\/\/coffeelounge.delonghi.com\/es-es\/wp-json\/wp\/v2\/types\/product"}],"replies":[{"embeddable":true,"href":"https:\/\/coffeelounge.delonghi.com\/es-es\/wp-json\/wp\/v2\/comments?post=217547"}],"version-history":[{"count":6,"href":"https:\/\/coffeelounge.delonghi.com\/es-es\/wp-json\/wp\/v2\/product\/217547\/revisions"}],"predecessor-version":[{"id":423516,"href":"https:\/\/coffeelounge.delonghi.com\/es-es\/wp-json\/wp\/v2\/product\/217547\/revisions\/423516"}],"wp:featuredmedia":[{"embeddable":true,"href":"https:\/\/coffeelounge.delonghi.com\/es-es\/wp-json\/wp\/v2\/media\/419059"}],"wp:attachment":[{"href":"https:\/\/coffeelounge.delonghi.com\/es-es\/wp-json\/wp\/v2\/media?parent=217547"}],"wp:term":[{"taxonomy":"product_cat","embeddable":true,"href":"https:\/\/coffeelounge.delonghi.com\/es-es\/wp-json\/wp\/v2\/product_cat?post=217547"},{"taxonomy":"product_tag","embeddable":true,"href":"https:\/\/coffeelounge.delonghi.com\/es-es\/wp-json\/wp\/v2\/product_tag?post=217547"}],"curies":[{"name":"wp","href":"https:\/\/api.w.org\/{rel}","templated":true}]}}