{"id":217540,"date":"2022-09-12T14:15:48","date_gmt":"2022-09-12T14:15:48","guid":{"rendered":"https:\/\/coffeelounge.delonghi.com\/?post_type=product&#038;p=217540"},"modified":"2024-03-04T13:27:20","modified_gmt":"2024-03-04T13:27:20","slug":"nicaragua-d-victor-robelo","status":"publish","type":"product","link":"https:\/\/coffeelounge.delonghi.com\/es-es\/product\/nicaragua-d-victor-robelo\/","title":{"rendered":"Nicaragua &#8211; D. V\u00edctor Robelo"},"content":{"rendered":"<p>Don V\u00edctor lleva a\u00f1os cultivando con mucha calma el caf\u00e9 en Finca las Morenitas, en compa\u00f1\u00eda de Jeyson, responsable de la finca. Cuando llega la cosecha los recogen gran a grano, manualmente y s\u00f3lo las mejores cerezas.Contin\u00faan con un proceso de lavado, dirigido por Williams que deja que sequen los granos bajo el sol de centroam\u00e9rica y para acabar, pasan el control de calidad de D. Ricardo Castro, que para nosotros es el mejor catador del mundo. Al llegar a Espa\u00f1a, Marcos Gonz\u00e1lez realiza el tostado para sacar lo mejor de este caf\u00e9. Descubre este caf\u00e9 de la variedad Catua\u00ed Amarillo, con aroma a cacao y frutos secos.<\/p>\n","protected":false},"excerpt":{"rendered":"<p>Don V\u00edctor lleva a\u00f1os cultivando con mucha calma el caf\u00e9 en Finca las Morenitas, en compa\u00f1\u00eda de Jeyson, responsable de la finca. Cuando llega la cosecha los recogen gran a grano, manualmente y s\u00f3lo las mejores cerezas.Contin\u00faan con un proceso de lavado, dirigido por Williams que deja que sequen los granos bajo el sol de centroam\u00e9rica y para acabar, pasan el control de calidad de D. Ricardo Castro, que para nosotros es el mejor catador del mundo. Al llegar a Espa\u00f1a, Marcos Gonz\u00e1lez realiza el tostado para sacar lo mejor de este caf\u00e9. Descubre este caf\u00e9 de la variedad Catua\u00ed Amarillo, con aroma a cacao y frutos secos.<\/p>\n","protected":false},"featured_media":419072,"comment_status":"closed","ping_status":"closed","template":"","meta":{"_acf_changed":false},"product_cat":[692,689],"product_tag":[],"class_list":{"0":"post-217540","1":"product","2":"type-product","3":"status-publish","4":"has-post-thumbnail","6":"product_cat-especialidad","7":"product_cat-todos-los-cafes","9":"first","10":"instock","11":"taxable","12":"shipping-taxable","13":"purchasable","14":"product-type-variable"},"acf":[],"yoast_head":"<!-- This site is optimized with the Yoast SEO Premium plugin v24.5 (Yoast SEO v24.5) - https:\/\/yoast.com\/wordpress\/plugins\/seo\/ -->\n<title>Nicaragua - D. V\u00edctor Robelo Root Caf\u00e9| Coffee Lounge ES<\/title>\n<meta name=\"description\" content=\"Descubre la calidad y el aroma del caf\u00e9 en grano de especialidad Nicaragua - D. Victor Robelo producido por Root Caf\u00e9. \u00a1Compre ahora!\" \/>\n<meta name=\"robots\" content=\"index, follow, max-snippet:-1, max-image-preview:large, max-video-preview:-1\" \/>\n<meta name=\"twitter:card\" content=\"summary_large_image\" \/>\n<meta name=\"twitter:title\" content=\"Nicaragua - D. V\u00edctor Robelo Root Caf\u00e9| Coffee Lounge ES\" \/>\n<meta name=\"twitter:description\" content=\"Descubre la calidad y el aroma del caf\u00e9 en grano de especialidad Nicaragua - D. Victor Robelo producido por Root Caf\u00e9. \u00a1Compre ahora!\" \/>\n<meta name=\"twitter:image\" content=\"https:\/\/coffeelounge.delonghi.com\/wp-content\/uploads\/2022\/09\/Nicaragua_dvictor_rebelo.png\" \/>\n<script type=\"application\/ld+json\" class=\"yoast-schema-graph\">{\"@context\":\"https:\/\/schema.org\",\"@graph\":[{\"@type\":\"WebPage\",\"@id\":\"https:\/\/coffeelounge.delonghi.com\/es-es\/product\/nicaragua-d-victor-robelo\/\",\"url\":\"https:\/\/coffeelounge.delonghi.com\/es-es\/product\/nicaragua-d-victor-robelo\/\",\"name\":\"Nicaragua - D. V\u00edctor Robelo Root Caf\u00e9| Coffee Lounge ES\",\"isPartOf\":{\"@id\":\"https:\/\/coffeelounge.delonghi.com\/es-es\/#website\"},\"primaryImageOfPage\":{\"@id\":\"https:\/\/coffeelounge.delonghi.com\/es-es\/product\/nicaragua-d-victor-robelo\/#primaryimage\"},\"image\":{\"@id\":\"https:\/\/coffeelounge.delonghi.com\/es-es\/product\/nicaragua-d-victor-robelo\/#primaryimage\"},\"thumbnailUrl\":\"https:\/\/coffeelounge.delonghi.com\/wp-content\/uploads\/2022\/09\/Nicaragua_dvictor_rebelo.png\",\"datePublished\":\"2022-09-12T14:15:48+00:00\",\"dateModified\":\"2024-03-04T13:27:20+00:00\",\"description\":\"Descubre la calidad y el aroma del caf\u00e9 en grano de especialidad Nicaragua - D. Victor Robelo producido por Root Caf\u00e9. \u00a1Compre ahora!\",\"breadcrumb\":{\"@id\":\"https:\/\/coffeelounge.delonghi.com\/es-es\/product\/nicaragua-d-victor-robelo\/#breadcrumb\"},\"inLanguage\":\"es-es\",\"potentialAction\":[{\"@type\":\"ReadAction\",\"target\":[\"https:\/\/coffeelounge.delonghi.com\/es-es\/product\/nicaragua-d-victor-robelo\/\"]}]},{\"@type\":\"ImageObject\",\"inLanguage\":\"es-es\",\"@id\":\"https:\/\/coffeelounge.delonghi.com\/es-es\/product\/nicaragua-d-victor-robelo\/#primaryimage\",\"url\":\"https:\/\/coffeelounge.delonghi.com\/wp-content\/uploads\/2022\/09\/Nicaragua_dvictor_rebelo.png\",\"contentUrl\":\"https:\/\/coffeelounge.delonghi.com\/wp-content\/uploads\/2022\/09\/Nicaragua_dvictor_rebelo.png\",\"width\":1076,\"height\":1219},{\"@type\":\"BreadcrumbList\",\"@id\":\"https:\/\/coffeelounge.delonghi.com\/es-es\/product\/nicaragua-d-victor-robelo\/#breadcrumb\",\"itemListElement\":[{\"@type\":\"ListItem\",\"position\":1,\"name\":\"Home\",\"item\":\"https:\/\/coffeelounge.delonghi.com\/es-es\/\"},{\"@type\":\"ListItem\",\"position\":2,\"name\":\"Boutique\",\"item\":\"https:\/\/coffeelounge.delonghi.com\/fr\/?page_id=36\"},{\"@type\":\"ListItem\",\"position\":3,\"name\":\"Nicaragua &#8211; D. V\u00edctor Robelo\"}]},{\"@type\":\"WebSite\",\"@id\":\"https:\/\/coffeelounge.delonghi.com\/es-es\/#website\",\"url\":\"https:\/\/coffeelounge.delonghi.com\/es-es\/\",\"name\":\"De&#039;Longhi\",\"description\":\"Coffee Lounge\",\"publisher\":{\"@id\":\"https:\/\/coffeelounge.delonghi.com\/es-es\/#organization\"},\"potentialAction\":[{\"@type\":\"SearchAction\",\"target\":{\"@type\":\"EntryPoint\",\"urlTemplate\":\"https:\/\/coffeelounge.delonghi.com\/es-es\/?s={search_term_string}\"},\"query-input\":{\"@type\":\"PropertyValueSpecification\",\"valueRequired\":true,\"valueName\":\"search_term_string\"}}],\"inLanguage\":\"es-es\"},{\"@type\":\"Organization\",\"@id\":\"https:\/\/coffeelounge.delonghi.com\/es-es\/#organization\",\"name\":\"De'Longhi Coffee Lounge\",\"url\":\"https:\/\/coffeelounge.delonghi.com\/es-es\/\",\"logo\":{\"@type\":\"ImageObject\",\"inLanguage\":\"es-es\",\"@id\":\"https:\/\/coffeelounge.delonghi.com\/es-es\/#\/schema\/logo\/image\/\",\"url\":\"https:\/\/coffeelounge.delonghi.com\/wp-content\/uploads\/2020\/05\/delonghi-coffee-lounge-logo-nederland.png\",\"contentUrl\":\"https:\/\/coffeelounge.delonghi.com\/wp-content\/uploads\/2020\/05\/delonghi-coffee-lounge-logo-nederland.png\",\"width\":2337,\"height\":724,\"caption\":\"De'Longhi Coffee Lounge\"},\"image\":{\"@id\":\"https:\/\/coffeelounge.delonghi.com\/es-es\/#\/schema\/logo\/image\/\"}}]}<\/script>\n<!-- \/ Yoast SEO Premium plugin. -->","yoast_head_json":{"title":"Nicaragua - D. V\u00edctor Robelo Root Caf\u00e9| Coffee Lounge ES","description":"Descubre la calidad y el aroma del caf\u00e9 en grano de especialidad Nicaragua - D. Victor Robelo producido por Root Caf\u00e9. \u00a1Compre ahora!","robots":{"index":"index","follow":"follow","max-snippet":"max-snippet:-1","max-image-preview":"max-image-preview:large","max-video-preview":"max-video-preview:-1"},"twitter_card":"summary_large_image","twitter_title":"Nicaragua - D. V\u00edctor Robelo Root Caf\u00e9| Coffee Lounge ES","twitter_description":"Descubre la calidad y el aroma del caf\u00e9 en grano de especialidad Nicaragua - D. Victor Robelo producido por Root Caf\u00e9. \u00a1Compre ahora!","twitter_image":"https:\/\/coffeelounge.delonghi.com\/wp-content\/uploads\/2022\/09\/Nicaragua_dvictor_rebelo.png","schema":{"@context":"https:\/\/schema.org","@graph":[{"@type":"WebPage","@id":"https:\/\/coffeelounge.delonghi.com\/es-es\/product\/nicaragua-d-victor-robelo\/","url":"https:\/\/coffeelounge.delonghi.com\/es-es\/product\/nicaragua-d-victor-robelo\/","name":"Nicaragua - D. V\u00edctor Robelo Root Caf\u00e9| Coffee Lounge ES","isPartOf":{"@id":"https:\/\/coffeelounge.delonghi.com\/es-es\/#website"},"primaryImageOfPage":{"@id":"https:\/\/coffeelounge.delonghi.com\/es-es\/product\/nicaragua-d-victor-robelo\/#primaryimage"},"image":{"@id":"https:\/\/coffeelounge.delonghi.com\/es-es\/product\/nicaragua-d-victor-robelo\/#primaryimage"},"thumbnailUrl":"https:\/\/coffeelounge.delonghi.com\/wp-content\/uploads\/2022\/09\/Nicaragua_dvictor_rebelo.png","datePublished":"2022-09-12T14:15:48+00:00","dateModified":"2024-03-04T13:27:20+00:00","description":"Descubre la calidad y el aroma del caf\u00e9 en grano de especialidad Nicaragua - D. Victor Robelo producido por Root Caf\u00e9. \u00a1Compre ahora!","breadcrumb":{"@id":"https:\/\/coffeelounge.delonghi.com\/es-es\/product\/nicaragua-d-victor-robelo\/#breadcrumb"},"inLanguage":"es-es","potentialAction":[{"@type":"ReadAction","target":["https:\/\/coffeelounge.delonghi.com\/es-es\/product\/nicaragua-d-victor-robelo\/"]}]},{"@type":"ImageObject","inLanguage":"es-es","@id":"https:\/\/coffeelounge.delonghi.com\/es-es\/product\/nicaragua-d-victor-robelo\/#primaryimage","url":"https:\/\/coffeelounge.delonghi.com\/wp-content\/uploads\/2022\/09\/Nicaragua_dvictor_rebelo.png","contentUrl":"https:\/\/coffeelounge.delonghi.com\/wp-content\/uploads\/2022\/09\/Nicaragua_dvictor_rebelo.png","width":1076,"height":1219},{"@type":"BreadcrumbList","@id":"https:\/\/coffeelounge.delonghi.com\/es-es\/product\/nicaragua-d-victor-robelo\/#breadcrumb","itemListElement":[{"@type":"ListItem","position":1,"name":"Home","item":"https:\/\/coffeelounge.delonghi.com\/es-es\/"},{"@type":"ListItem","position":2,"name":"Boutique","item":"https:\/\/coffeelounge.delonghi.com\/fr\/?page_id=36"},{"@type":"ListItem","position":3,"name":"Nicaragua &#8211; D. V\u00edctor Robelo"}]},{"@type":"WebSite","@id":"https:\/\/coffeelounge.delonghi.com\/es-es\/#website","url":"https:\/\/coffeelounge.delonghi.com\/es-es\/","name":"De&#039;Longhi","description":"Coffee Lounge","publisher":{"@id":"https:\/\/coffeelounge.delonghi.com\/es-es\/#organization"},"potentialAction":[{"@type":"SearchAction","target":{"@type":"EntryPoint","urlTemplate":"https:\/\/coffeelounge.delonghi.com\/es-es\/?s={search_term_string}"},"query-input":{"@type":"PropertyValueSpecification","valueRequired":true,"valueName":"search_term_string"}}],"inLanguage":"es-es"},{"@type":"Organization","@id":"https:\/\/coffeelounge.delonghi.com\/es-es\/#organization","name":"De'Longhi Coffee Lounge","url":"https:\/\/coffeelounge.delonghi.com\/es-es\/","logo":{"@type":"ImageObject","inLanguage":"es-es","@id":"https:\/\/coffeelounge.delonghi.com\/es-es\/#\/schema\/logo\/image\/","url":"https:\/\/coffeelounge.delonghi.com\/wp-content\/uploads\/2020\/05\/delonghi-coffee-lounge-logo-nederland.png","contentUrl":"https:\/\/coffeelounge.delonghi.com\/wp-content\/uploads\/2020\/05\/delonghi-coffee-lounge-logo-nederland.png","width":2337,"height":724,"caption":"De'Longhi Coffee Lounge"},"image":{"@id":"https:\/\/coffeelounge.delonghi.com\/es-es\/#\/schema\/logo\/image\/"}}]}},"_links":{"self":[{"href":"https:\/\/coffeelounge.delonghi.com\/es-es\/wp-json\/wp\/v2\/product\/217540","targetHints":{"allow":["GET"]}}],"collection":[{"href":"https:\/\/coffeelounge.delonghi.com\/es-es\/wp-json\/wp\/v2\/product"}],"about":[{"href":"https:\/\/coffeelounge.delonghi.com\/es-es\/wp-json\/wp\/v2\/types\/product"}],"replies":[{"embeddable":true,"href":"https:\/\/coffeelounge.delonghi.com\/es-es\/wp-json\/wp\/v2\/comments?post=217540"}],"version-history":[{"count":2,"href":"https:\/\/coffeelounge.delonghi.com\/es-es\/wp-json\/wp\/v2\/product\/217540\/revisions"}],"predecessor-version":[{"id":422246,"href":"https:\/\/coffeelounge.delonghi.com\/es-es\/wp-json\/wp\/v2\/product\/217540\/revisions\/422246"}],"wp:featuredmedia":[{"embeddable":true,"href":"https:\/\/coffeelounge.delonghi.com\/es-es\/wp-json\/wp\/v2\/media\/419072"}],"wp:attachment":[{"href":"https:\/\/coffeelounge.delonghi.com\/es-es\/wp-json\/wp\/v2\/media?parent=217540"}],"wp:term":[{"taxonomy":"product_cat","embeddable":true,"href":"https:\/\/coffeelounge.delonghi.com\/es-es\/wp-json\/wp\/v2\/product_cat?post=217540"},{"taxonomy":"product_tag","embeddable":true,"href":"https:\/\/coffeelounge.delonghi.com\/es-es\/wp-json\/wp\/v2\/product_tag?post=217540"}],"curies":[{"name":"wp","href":"https:\/\/api.w.org\/{rel}","templated":true}]}}