{"id":190294,"date":"2022-05-20T09:08:31","date_gmt":"2022-05-20T09:08:31","guid":{"rendered":"https:\/\/coffeelounge.delonghi.com\/?post_type=product&#038;p=190294"},"modified":"2024-03-04T13:28:06","modified_gmt":"2024-03-04T13:28:06","slug":"la-pastora-cafe-mujer","status":"publish","type":"product","link":"https:\/\/coffeelounge.delonghi.com\/es-es\/product\/la-pastora-cafe-mujer\/","title":{"rendered":"La Pastora Caf\u00e9 Mujer"},"content":{"rendered":"<p>El caf\u00e9 de Costa Rica es considerado como uno de los mejores del mundo. La altitud de conreo y la tierra volc\u00e1nica rica en minerales, le proporcionan unas cualidades excepcionales que le han hecho ganar el nombre de &#8220;el Grano de oro&#8221;. El resultado en taza es un caf\u00e9 estructurado, sedoso y balanceado con notas florales y matices dulces.<\/p>\n","protected":false},"excerpt":{"rendered":"<p>El caf\u00e9 de Costa Rica es considerado como uno de los mejores del mundo. La altitud de conreo y la tierra volc\u00e1nica rica en minerales, le proporcionan unas cualidades excepcionales que le han hecho ganar el nombre de &#8220;el Grano de oro&#8221;. El resultado en taza es un caf\u00e9 estructurado, sedoso y balanceado con notas florales y matices dulces.<\/p>\n","protected":false},"featured_media":419138,"comment_status":"closed","ping_status":"closed","template":"","meta":{"_acf_changed":false},"product_cat":[692,689],"product_tag":[],"class_list":{"0":"post-190294","1":"product","2":"type-product","3":"status-publish","4":"has-post-thumbnail","6":"product_cat-especialidad","7":"product_cat-todos-los-cafes","9":"first","10":"instock","11":"taxable","12":"shipping-taxable","13":"purchasable","14":"product-type-variable"},"acf":[],"yoast_head":"<!-- This site is optimized with the Yoast SEO Premium plugin v24.5 (Yoast SEO v24.5) - https:\/\/yoast.com\/wordpress\/plugins\/seo\/ -->\n<title>La Pastora Caf\u00e9 Mujer Cafes Batalla| Coffee Lounge ES<\/title>\n<meta name=\"description\" content=\"Descubre la calidad y el aroma del caf\u00e9 en grano La Pastora Caf\u00e9 Mujer, el caf\u00e9 de especialidad producido por Cafes Batalla. \u00a1Compre ahora!\" \/>\n<meta name=\"robots\" content=\"index, follow, max-snippet:-1, max-image-preview:large, max-video-preview:-1\" \/>\n<meta name=\"twitter:card\" content=\"summary_large_image\" \/>\n<meta name=\"twitter:title\" content=\"La Pastora Caf\u00e9 Mujer Cafes Batalla| Coffee Lounge ES\" \/>\n<meta name=\"twitter:description\" content=\"Descubre la calidad y el aroma del caf\u00e9 en grano La Pastora Caf\u00e9 Mujer, el caf\u00e9 de especialidad producido por Cafes Batalla. \u00a1Compre ahora!\" \/>\n<meta name=\"twitter:image\" content=\"https:\/\/coffeelounge.delonghi.com\/wp-content\/uploads\/2022\/05\/la_pastora_CAFE_MUJER.png\" \/>\n<script type=\"application\/ld+json\" class=\"yoast-schema-graph\">{\"@context\":\"https:\/\/schema.org\",\"@graph\":[{\"@type\":\"WebPage\",\"@id\":\"https:\/\/coffeelounge.delonghi.com\/es-es\/product\/la-pastora-cafe-mujer\/\",\"url\":\"https:\/\/coffeelounge.delonghi.com\/es-es\/product\/la-pastora-cafe-mujer\/\",\"name\":\"La Pastora Caf\u00e9 Mujer Cafes Batalla| Coffee Lounge ES\",\"isPartOf\":{\"@id\":\"https:\/\/coffeelounge.delonghi.com\/es-es\/#website\"},\"primaryImageOfPage\":{\"@id\":\"https:\/\/coffeelounge.delonghi.com\/es-es\/product\/la-pastora-cafe-mujer\/#primaryimage\"},\"image\":{\"@id\":\"https:\/\/coffeelounge.delonghi.com\/es-es\/product\/la-pastora-cafe-mujer\/#primaryimage\"},\"thumbnailUrl\":\"https:\/\/coffeelounge.delonghi.com\/wp-content\/uploads\/2022\/05\/la_pastora_CAFE_MUJER.png\",\"datePublished\":\"2022-05-20T09:08:31+00:00\",\"dateModified\":\"2024-03-04T13:28:06+00:00\",\"description\":\"Descubre la calidad y el aroma del caf\u00e9 en grano La Pastora Caf\u00e9 Mujer, el caf\u00e9 de especialidad producido por Cafes Batalla. \u00a1Compre ahora!\",\"breadcrumb\":{\"@id\":\"https:\/\/coffeelounge.delonghi.com\/es-es\/product\/la-pastora-cafe-mujer\/#breadcrumb\"},\"inLanguage\":\"es-es\",\"potentialAction\":[{\"@type\":\"ReadAction\",\"target\":[\"https:\/\/coffeelounge.delonghi.com\/es-es\/product\/la-pastora-cafe-mujer\/\"]}]},{\"@type\":\"ImageObject\",\"inLanguage\":\"es-es\",\"@id\":\"https:\/\/coffeelounge.delonghi.com\/es-es\/product\/la-pastora-cafe-mujer\/#primaryimage\",\"url\":\"https:\/\/coffeelounge.delonghi.com\/wp-content\/uploads\/2022\/05\/la_pastora_CAFE_MUJER.png\",\"contentUrl\":\"https:\/\/coffeelounge.delonghi.com\/wp-content\/uploads\/2022\/05\/la_pastora_CAFE_MUJER.png\",\"width\":500,\"height\":500},{\"@type\":\"BreadcrumbList\",\"@id\":\"https:\/\/coffeelounge.delonghi.com\/es-es\/product\/la-pastora-cafe-mujer\/#breadcrumb\",\"itemListElement\":[{\"@type\":\"ListItem\",\"position\":1,\"name\":\"Home\",\"item\":\"https:\/\/coffeelounge.delonghi.com\/es-es\/\"},{\"@type\":\"ListItem\",\"position\":2,\"name\":\"Boutique\",\"item\":\"https:\/\/coffeelounge.delonghi.com\/fr\/?page_id=36\"},{\"@type\":\"ListItem\",\"position\":3,\"name\":\"La Pastora Caf\u00e9 Mujer\"}]},{\"@type\":\"WebSite\",\"@id\":\"https:\/\/coffeelounge.delonghi.com\/es-es\/#website\",\"url\":\"https:\/\/coffeelounge.delonghi.com\/es-es\/\",\"name\":\"De&#039;Longhi\",\"description\":\"Coffee Lounge\",\"publisher\":{\"@id\":\"https:\/\/coffeelounge.delonghi.com\/es-es\/#organization\"},\"potentialAction\":[{\"@type\":\"SearchAction\",\"target\":{\"@type\":\"EntryPoint\",\"urlTemplate\":\"https:\/\/coffeelounge.delonghi.com\/es-es\/?s={search_term_string}\"},\"query-input\":{\"@type\":\"PropertyValueSpecification\",\"valueRequired\":true,\"valueName\":\"search_term_string\"}}],\"inLanguage\":\"es-es\"},{\"@type\":\"Organization\",\"@id\":\"https:\/\/coffeelounge.delonghi.com\/es-es\/#organization\",\"name\":\"De'Longhi Coffee Lounge\",\"url\":\"https:\/\/coffeelounge.delonghi.com\/es-es\/\",\"logo\":{\"@type\":\"ImageObject\",\"inLanguage\":\"es-es\",\"@id\":\"https:\/\/coffeelounge.delonghi.com\/es-es\/#\/schema\/logo\/image\/\",\"url\":\"https:\/\/coffeelounge.delonghi.com\/wp-content\/uploads\/2020\/05\/delonghi-coffee-lounge-logo-nederland.png\",\"contentUrl\":\"https:\/\/coffeelounge.delonghi.com\/wp-content\/uploads\/2020\/05\/delonghi-coffee-lounge-logo-nederland.png\",\"width\":2337,\"height\":724,\"caption\":\"De'Longhi Coffee Lounge\"},\"image\":{\"@id\":\"https:\/\/coffeelounge.delonghi.com\/es-es\/#\/schema\/logo\/image\/\"}}]}<\/script>\n<!-- \/ Yoast SEO Premium plugin. -->","yoast_head_json":{"title":"La Pastora Caf\u00e9 Mujer Cafes Batalla| Coffee Lounge ES","description":"Descubre la calidad y el aroma del caf\u00e9 en grano La Pastora Caf\u00e9 Mujer, el caf\u00e9 de especialidad producido por Cafes Batalla. \u00a1Compre ahora!","robots":{"index":"index","follow":"follow","max-snippet":"max-snippet:-1","max-image-preview":"max-image-preview:large","max-video-preview":"max-video-preview:-1"},"twitter_card":"summary_large_image","twitter_title":"La Pastora Caf\u00e9 Mujer Cafes Batalla| Coffee Lounge ES","twitter_description":"Descubre la calidad y el aroma del caf\u00e9 en grano La Pastora Caf\u00e9 Mujer, el caf\u00e9 de especialidad producido por Cafes Batalla. \u00a1Compre ahora!","twitter_image":"https:\/\/coffeelounge.delonghi.com\/wp-content\/uploads\/2022\/05\/la_pastora_CAFE_MUJER.png","schema":{"@context":"https:\/\/schema.org","@graph":[{"@type":"WebPage","@id":"https:\/\/coffeelounge.delonghi.com\/es-es\/product\/la-pastora-cafe-mujer\/","url":"https:\/\/coffeelounge.delonghi.com\/es-es\/product\/la-pastora-cafe-mujer\/","name":"La Pastora Caf\u00e9 Mujer Cafes Batalla| Coffee Lounge ES","isPartOf":{"@id":"https:\/\/coffeelounge.delonghi.com\/es-es\/#website"},"primaryImageOfPage":{"@id":"https:\/\/coffeelounge.delonghi.com\/es-es\/product\/la-pastora-cafe-mujer\/#primaryimage"},"image":{"@id":"https:\/\/coffeelounge.delonghi.com\/es-es\/product\/la-pastora-cafe-mujer\/#primaryimage"},"thumbnailUrl":"https:\/\/coffeelounge.delonghi.com\/wp-content\/uploads\/2022\/05\/la_pastora_CAFE_MUJER.png","datePublished":"2022-05-20T09:08:31+00:00","dateModified":"2024-03-04T13:28:06+00:00","description":"Descubre la calidad y el aroma del caf\u00e9 en grano La Pastora Caf\u00e9 Mujer, el caf\u00e9 de especialidad producido por Cafes Batalla. \u00a1Compre ahora!","breadcrumb":{"@id":"https:\/\/coffeelounge.delonghi.com\/es-es\/product\/la-pastora-cafe-mujer\/#breadcrumb"},"inLanguage":"es-es","potentialAction":[{"@type":"ReadAction","target":["https:\/\/coffeelounge.delonghi.com\/es-es\/product\/la-pastora-cafe-mujer\/"]}]},{"@type":"ImageObject","inLanguage":"es-es","@id":"https:\/\/coffeelounge.delonghi.com\/es-es\/product\/la-pastora-cafe-mujer\/#primaryimage","url":"https:\/\/coffeelounge.delonghi.com\/wp-content\/uploads\/2022\/05\/la_pastora_CAFE_MUJER.png","contentUrl":"https:\/\/coffeelounge.delonghi.com\/wp-content\/uploads\/2022\/05\/la_pastora_CAFE_MUJER.png","width":500,"height":500},{"@type":"BreadcrumbList","@id":"https:\/\/coffeelounge.delonghi.com\/es-es\/product\/la-pastora-cafe-mujer\/#breadcrumb","itemListElement":[{"@type":"ListItem","position":1,"name":"Home","item":"https:\/\/coffeelounge.delonghi.com\/es-es\/"},{"@type":"ListItem","position":2,"name":"Boutique","item":"https:\/\/coffeelounge.delonghi.com\/fr\/?page_id=36"},{"@type":"ListItem","position":3,"name":"La Pastora Caf\u00e9 Mujer"}]},{"@type":"WebSite","@id":"https:\/\/coffeelounge.delonghi.com\/es-es\/#website","url":"https:\/\/coffeelounge.delonghi.com\/es-es\/","name":"De&#039;Longhi","description":"Coffee Lounge","publisher":{"@id":"https:\/\/coffeelounge.delonghi.com\/es-es\/#organization"},"potentialAction":[{"@type":"SearchAction","target":{"@type":"EntryPoint","urlTemplate":"https:\/\/coffeelounge.delonghi.com\/es-es\/?s={search_term_string}"},"query-input":{"@type":"PropertyValueSpecification","valueRequired":true,"valueName":"search_term_string"}}],"inLanguage":"es-es"},{"@type":"Organization","@id":"https:\/\/coffeelounge.delonghi.com\/es-es\/#organization","name":"De'Longhi Coffee Lounge","url":"https:\/\/coffeelounge.delonghi.com\/es-es\/","logo":{"@type":"ImageObject","inLanguage":"es-es","@id":"https:\/\/coffeelounge.delonghi.com\/es-es\/#\/schema\/logo\/image\/","url":"https:\/\/coffeelounge.delonghi.com\/wp-content\/uploads\/2020\/05\/delonghi-coffee-lounge-logo-nederland.png","contentUrl":"https:\/\/coffeelounge.delonghi.com\/wp-content\/uploads\/2020\/05\/delonghi-coffee-lounge-logo-nederland.png","width":2337,"height":724,"caption":"De'Longhi Coffee Lounge"},"image":{"@id":"https:\/\/coffeelounge.delonghi.com\/es-es\/#\/schema\/logo\/image\/"}}]}},"_links":{"self":[{"href":"https:\/\/coffeelounge.delonghi.com\/es-es\/wp-json\/wp\/v2\/product\/190294","targetHints":{"allow":["GET"]}}],"collection":[{"href":"https:\/\/coffeelounge.delonghi.com\/es-es\/wp-json\/wp\/v2\/product"}],"about":[{"href":"https:\/\/coffeelounge.delonghi.com\/es-es\/wp-json\/wp\/v2\/types\/product"}],"replies":[{"embeddable":true,"href":"https:\/\/coffeelounge.delonghi.com\/es-es\/wp-json\/wp\/v2\/comments?post=190294"}],"version-history":[{"count":2,"href":"https:\/\/coffeelounge.delonghi.com\/es-es\/wp-json\/wp\/v2\/product\/190294\/revisions"}],"predecessor-version":[{"id":422251,"href":"https:\/\/coffeelounge.delonghi.com\/es-es\/wp-json\/wp\/v2\/product\/190294\/revisions\/422251"}],"wp:featuredmedia":[{"embeddable":true,"href":"https:\/\/coffeelounge.delonghi.com\/es-es\/wp-json\/wp\/v2\/media\/419138"}],"wp:attachment":[{"href":"https:\/\/coffeelounge.delonghi.com\/es-es\/wp-json\/wp\/v2\/media?parent=190294"}],"wp:term":[{"taxonomy":"product_cat","embeddable":true,"href":"https:\/\/coffeelounge.delonghi.com\/es-es\/wp-json\/wp\/v2\/product_cat?post=190294"},{"taxonomy":"product_tag","embeddable":true,"href":"https:\/\/coffeelounge.delonghi.com\/es-es\/wp-json\/wp\/v2\/product_tag?post=190294"}],"curies":[{"name":"wp","href":"https:\/\/api.w.org\/{rel}","templated":true}]}}