{"id":188168,"date":"2022-05-19T10:24:05","date_gmt":"2022-05-19T10:24:05","guid":{"rendered":"https:\/\/coffeelounge.delonghi.com\/?post_type=product&#038;p=188168"},"modified":"2024-03-04T13:29:07","modified_gmt":"2024-03-04T13:29:07","slug":"etiopia","status":"publish","type":"product","link":"https:\/\/coffeelounge.delonghi.com\/es-es\/product\/etiopia\/","title":{"rendered":"Etiop\u00eda"},"content":{"rendered":"<p><span data-sheets-formula-bar-text-style=\"font-size:13px;color:#000000;font-weight:normal;text-decoration:none;font-family:'Arial';font-style:normal;text-decoration-skip-ink:none;\">Etiop\u00eda se considera la cuna del caf\u00e9 (antigua Abisinia) y Sidamo es la principal regi\u00f3n productora. Heirloom es un nombre generico, no define a la variedad si no que los granos provienen de combinaciones de m\u00e1s de 10000 variedades distintas. Con un aroma de gran intensidad destacan <\/span><span data-sheets-formula-bar-text-style=\"font-size:13px;color:#000000;font-weight:bold;text-decoration:none;font-family:''Arial'';font-style:normal;text-decoration-skip-ink:none;\">notas florales (flor de azahar), dulces (miel) y frutales (melocot\u00f3n)<\/span><span data-sheets-formula-bar-text-style=\"font-size:13px;color:#000000;font-weight:normal;text-decoration:none;font-family:'Arial';font-style:normal;text-decoration-skip-ink:none;\">.<\/span><\/p>\n","protected":false},"excerpt":{"rendered":"<p><span data-sheets-formula-bar-text-style=\"font-size:13px;color:#000000;font-weight:normal;text-decoration:none;font-family:'Arial';font-style:normal;text-decoration-skip-ink:none;\">Etiop\u00eda se considera la cuna del caf\u00e9 (antigua Abisinia) y Sidamo es la principal regi\u00f3n productora. Heirloom es un nombre generico, no define a la variedad si no que los granos provienen de combinaciones de m\u00e1s de 10000 variedades distintas. Con un aroma de gran intensidad destacan <\/span><span data-sheets-formula-bar-text-style=\"font-size:13px;color:#000000;font-weight:bold;text-decoration:none;font-family:''Arial'';font-style:normal;text-decoration-skip-ink:none;\">notas florales (flor de azahar), dulces (miel) y frutales (melocot\u00f3n)<\/span><span data-sheets-formula-bar-text-style=\"font-size:13px;color:#000000;font-weight:normal;text-decoration:none;font-family:'Arial';font-style:normal;text-decoration-skip-ink:none;\">.<\/span><\/p>\n","protected":false},"featured_media":419218,"comment_status":"closed","ping_status":"closed","template":"","meta":{"_acf_changed":false},"product_cat":[692,689],"product_tag":[],"class_list":{"0":"post-188168","1":"product","2":"type-product","3":"status-publish","4":"has-post-thumbnail","6":"product_cat-especialidad","7":"product_cat-todos-los-cafes","9":"first","10":"instock","11":"taxable","12":"shipping-taxable","13":"purchasable","14":"product-type-variable"},"acf":[],"yoast_head":"<!-- This site is optimized with the Yoast SEO Premium plugin v24.5 (Yoast SEO v24.5) - https:\/\/yoast.com\/wordpress\/plugins\/seo\/ -->\n<title>Etiop\u00eda Cero Coffee Roasters | Coffee Lounge ES<\/title>\n<meta name=\"description\" content=\"Descubre la calidad y el aroma del caf\u00e9 en grano Etiop\u00eda, el caf\u00e9 de especialidad producido por Cero Coffee Roasters. \u00a1Compre ahora!\" \/>\n<meta name=\"robots\" content=\"index, follow, max-snippet:-1, max-image-preview:large, max-video-preview:-1\" \/>\n<meta name=\"twitter:card\" content=\"summary_large_image\" \/>\n<meta name=\"twitter:title\" content=\"Etiop\u00eda Cero Coffee Roasters | Coffee Lounge ES\" \/>\n<meta name=\"twitter:description\" content=\"Descubre la calidad y el aroma del caf\u00e9 en grano Etiop\u00eda, el caf\u00e9 de especialidad producido por Cero Coffee Roasters. \u00a1Compre ahora!\" \/>\n<meta name=\"twitter:image\" content=\"https:\/\/coffeelounge.delonghi.com\/wp-content\/uploads\/2022\/05\/Etiopia.png\" \/>\n<script type=\"application\/ld+json\" class=\"yoast-schema-graph\">{\"@context\":\"https:\/\/schema.org\",\"@graph\":[{\"@type\":\"WebPage\",\"@id\":\"https:\/\/coffeelounge.delonghi.com\/es-es\/product\/etiopia\/\",\"url\":\"https:\/\/coffeelounge.delonghi.com\/es-es\/product\/etiopia\/\",\"name\":\"Etiop\u00eda Cero Coffee Roasters | Coffee Lounge ES\",\"isPartOf\":{\"@id\":\"https:\/\/coffeelounge.delonghi.com\/es-es\/#website\"},\"primaryImageOfPage\":{\"@id\":\"https:\/\/coffeelounge.delonghi.com\/es-es\/product\/etiopia\/#primaryimage\"},\"image\":{\"@id\":\"https:\/\/coffeelounge.delonghi.com\/es-es\/product\/etiopia\/#primaryimage\"},\"thumbnailUrl\":\"https:\/\/coffeelounge.delonghi.com\/wp-content\/uploads\/2022\/05\/Etiopia.png\",\"datePublished\":\"2022-05-19T10:24:05+00:00\",\"dateModified\":\"2024-03-04T13:29:07+00:00\",\"description\":\"Descubre la calidad y el aroma del caf\u00e9 en grano Etiop\u00eda, el caf\u00e9 de especialidad producido por Cero Coffee Roasters. \u00a1Compre ahora!\",\"breadcrumb\":{\"@id\":\"https:\/\/coffeelounge.delonghi.com\/es-es\/product\/etiopia\/#breadcrumb\"},\"inLanguage\":\"es-es\",\"potentialAction\":[{\"@type\":\"ReadAction\",\"target\":[\"https:\/\/coffeelounge.delonghi.com\/es-es\/product\/etiopia\/\"]}]},{\"@type\":\"ImageObject\",\"inLanguage\":\"es-es\",\"@id\":\"https:\/\/coffeelounge.delonghi.com\/es-es\/product\/etiopia\/#primaryimage\",\"url\":\"https:\/\/coffeelounge.delonghi.com\/wp-content\/uploads\/2022\/05\/Etiopia.png\",\"contentUrl\":\"https:\/\/coffeelounge.delonghi.com\/wp-content\/uploads\/2022\/05\/Etiopia.png\",\"width\":500,\"height\":500},{\"@type\":\"BreadcrumbList\",\"@id\":\"https:\/\/coffeelounge.delonghi.com\/es-es\/product\/etiopia\/#breadcrumb\",\"itemListElement\":[{\"@type\":\"ListItem\",\"position\":1,\"name\":\"Home\",\"item\":\"https:\/\/coffeelounge.delonghi.com\/es-es\/\"},{\"@type\":\"ListItem\",\"position\":2,\"name\":\"Boutique\",\"item\":\"https:\/\/coffeelounge.delonghi.com\/fr\/?page_id=36\"},{\"@type\":\"ListItem\",\"position\":3,\"name\":\"Etiop\u00eda\"}]},{\"@type\":\"WebSite\",\"@id\":\"https:\/\/coffeelounge.delonghi.com\/es-es\/#website\",\"url\":\"https:\/\/coffeelounge.delonghi.com\/es-es\/\",\"name\":\"De&#039;Longhi\",\"description\":\"Coffee Lounge\",\"publisher\":{\"@id\":\"https:\/\/coffeelounge.delonghi.com\/es-es\/#organization\"},\"potentialAction\":[{\"@type\":\"SearchAction\",\"target\":{\"@type\":\"EntryPoint\",\"urlTemplate\":\"https:\/\/coffeelounge.delonghi.com\/es-es\/?s={search_term_string}\"},\"query-input\":{\"@type\":\"PropertyValueSpecification\",\"valueRequired\":true,\"valueName\":\"search_term_string\"}}],\"inLanguage\":\"es-es\"},{\"@type\":\"Organization\",\"@id\":\"https:\/\/coffeelounge.delonghi.com\/es-es\/#organization\",\"name\":\"De'Longhi Coffee Lounge\",\"url\":\"https:\/\/coffeelounge.delonghi.com\/es-es\/\",\"logo\":{\"@type\":\"ImageObject\",\"inLanguage\":\"es-es\",\"@id\":\"https:\/\/coffeelounge.delonghi.com\/es-es\/#\/schema\/logo\/image\/\",\"url\":\"https:\/\/coffeelounge.delonghi.com\/wp-content\/uploads\/2020\/05\/delonghi-coffee-lounge-logo-nederland.png\",\"contentUrl\":\"https:\/\/coffeelounge.delonghi.com\/wp-content\/uploads\/2020\/05\/delonghi-coffee-lounge-logo-nederland.png\",\"width\":2337,\"height\":724,\"caption\":\"De'Longhi Coffee Lounge\"},\"image\":{\"@id\":\"https:\/\/coffeelounge.delonghi.com\/es-es\/#\/schema\/logo\/image\/\"}}]}<\/script>\n<!-- \/ Yoast SEO Premium plugin. -->","yoast_head_json":{"title":"Etiop\u00eda Cero Coffee Roasters | Coffee Lounge ES","description":"Descubre la calidad y el aroma del caf\u00e9 en grano Etiop\u00eda, el caf\u00e9 de especialidad producido por Cero Coffee Roasters. \u00a1Compre ahora!","robots":{"index":"index","follow":"follow","max-snippet":"max-snippet:-1","max-image-preview":"max-image-preview:large","max-video-preview":"max-video-preview:-1"},"twitter_card":"summary_large_image","twitter_title":"Etiop\u00eda Cero Coffee Roasters | Coffee Lounge ES","twitter_description":"Descubre la calidad y el aroma del caf\u00e9 en grano Etiop\u00eda, el caf\u00e9 de especialidad producido por Cero Coffee Roasters. \u00a1Compre ahora!","twitter_image":"https:\/\/coffeelounge.delonghi.com\/wp-content\/uploads\/2022\/05\/Etiopia.png","schema":{"@context":"https:\/\/schema.org","@graph":[{"@type":"WebPage","@id":"https:\/\/coffeelounge.delonghi.com\/es-es\/product\/etiopia\/","url":"https:\/\/coffeelounge.delonghi.com\/es-es\/product\/etiopia\/","name":"Etiop\u00eda Cero Coffee Roasters | Coffee Lounge ES","isPartOf":{"@id":"https:\/\/coffeelounge.delonghi.com\/es-es\/#website"},"primaryImageOfPage":{"@id":"https:\/\/coffeelounge.delonghi.com\/es-es\/product\/etiopia\/#primaryimage"},"image":{"@id":"https:\/\/coffeelounge.delonghi.com\/es-es\/product\/etiopia\/#primaryimage"},"thumbnailUrl":"https:\/\/coffeelounge.delonghi.com\/wp-content\/uploads\/2022\/05\/Etiopia.png","datePublished":"2022-05-19T10:24:05+00:00","dateModified":"2024-03-04T13:29:07+00:00","description":"Descubre la calidad y el aroma del caf\u00e9 en grano Etiop\u00eda, el caf\u00e9 de especialidad producido por Cero Coffee Roasters. \u00a1Compre ahora!","breadcrumb":{"@id":"https:\/\/coffeelounge.delonghi.com\/es-es\/product\/etiopia\/#breadcrumb"},"inLanguage":"es-es","potentialAction":[{"@type":"ReadAction","target":["https:\/\/coffeelounge.delonghi.com\/es-es\/product\/etiopia\/"]}]},{"@type":"ImageObject","inLanguage":"es-es","@id":"https:\/\/coffeelounge.delonghi.com\/es-es\/product\/etiopia\/#primaryimage","url":"https:\/\/coffeelounge.delonghi.com\/wp-content\/uploads\/2022\/05\/Etiopia.png","contentUrl":"https:\/\/coffeelounge.delonghi.com\/wp-content\/uploads\/2022\/05\/Etiopia.png","width":500,"height":500},{"@type":"BreadcrumbList","@id":"https:\/\/coffeelounge.delonghi.com\/es-es\/product\/etiopia\/#breadcrumb","itemListElement":[{"@type":"ListItem","position":1,"name":"Home","item":"https:\/\/coffeelounge.delonghi.com\/es-es\/"},{"@type":"ListItem","position":2,"name":"Boutique","item":"https:\/\/coffeelounge.delonghi.com\/fr\/?page_id=36"},{"@type":"ListItem","position":3,"name":"Etiop\u00eda"}]},{"@type":"WebSite","@id":"https:\/\/coffeelounge.delonghi.com\/es-es\/#website","url":"https:\/\/coffeelounge.delonghi.com\/es-es\/","name":"De&#039;Longhi","description":"Coffee Lounge","publisher":{"@id":"https:\/\/coffeelounge.delonghi.com\/es-es\/#organization"},"potentialAction":[{"@type":"SearchAction","target":{"@type":"EntryPoint","urlTemplate":"https:\/\/coffeelounge.delonghi.com\/es-es\/?s={search_term_string}"},"query-input":{"@type":"PropertyValueSpecification","valueRequired":true,"valueName":"search_term_string"}}],"inLanguage":"es-es"},{"@type":"Organization","@id":"https:\/\/coffeelounge.delonghi.com\/es-es\/#organization","name":"De'Longhi Coffee Lounge","url":"https:\/\/coffeelounge.delonghi.com\/es-es\/","logo":{"@type":"ImageObject","inLanguage":"es-es","@id":"https:\/\/coffeelounge.delonghi.com\/es-es\/#\/schema\/logo\/image\/","url":"https:\/\/coffeelounge.delonghi.com\/wp-content\/uploads\/2020\/05\/delonghi-coffee-lounge-logo-nederland.png","contentUrl":"https:\/\/coffeelounge.delonghi.com\/wp-content\/uploads\/2020\/05\/delonghi-coffee-lounge-logo-nederland.png","width":2337,"height":724,"caption":"De'Longhi Coffee Lounge"},"image":{"@id":"https:\/\/coffeelounge.delonghi.com\/es-es\/#\/schema\/logo\/image\/"}}]}},"_links":{"self":[{"href":"https:\/\/coffeelounge.delonghi.com\/es-es\/wp-json\/wp\/v2\/product\/188168","targetHints":{"allow":["GET"]}}],"collection":[{"href":"https:\/\/coffeelounge.delonghi.com\/es-es\/wp-json\/wp\/v2\/product"}],"about":[{"href":"https:\/\/coffeelounge.delonghi.com\/es-es\/wp-json\/wp\/v2\/types\/product"}],"replies":[{"embeddable":true,"href":"https:\/\/coffeelounge.delonghi.com\/es-es\/wp-json\/wp\/v2\/comments?post=188168"}],"version-history":[{"count":2,"href":"https:\/\/coffeelounge.delonghi.com\/es-es\/wp-json\/wp\/v2\/product\/188168\/revisions"}],"predecessor-version":[{"id":422257,"href":"https:\/\/coffeelounge.delonghi.com\/es-es\/wp-json\/wp\/v2\/product\/188168\/revisions\/422257"}],"wp:featuredmedia":[{"embeddable":true,"href":"https:\/\/coffeelounge.delonghi.com\/es-es\/wp-json\/wp\/v2\/media\/419218"}],"wp:attachment":[{"href":"https:\/\/coffeelounge.delonghi.com\/es-es\/wp-json\/wp\/v2\/media?parent=188168"}],"wp:term":[{"taxonomy":"product_cat","embeddable":true,"href":"https:\/\/coffeelounge.delonghi.com\/es-es\/wp-json\/wp\/v2\/product_cat?post=188168"},{"taxonomy":"product_tag","embeddable":true,"href":"https:\/\/coffeelounge.delonghi.com\/es-es\/wp-json\/wp\/v2\/product_tag?post=188168"}],"curies":[{"name":"wp","href":"https:\/\/api.w.org\/{rel}","templated":true}]}}