{"id":188018,"date":"2022-06-01T10:12:31","date_gmt":"2022-06-01T10:12:31","guid":{"rendered":"https:\/\/coffeelounge.delonghi.com\/?post_type=product&#038;p=188018"},"modified":"2024-03-04T13:27:37","modified_gmt":"2024-03-04T13:27:37","slug":"descafeinado","status":"publish","type":"product","link":"https:\/\/coffeelounge.delonghi.com\/es-es\/product\/descafeinado\/","title":{"rendered":"Descafeinado"},"content":{"rendered":"<p>Blend de caf\u00e9 100% descafeinado natural seleccionados y auditados en las propias fincas de origen, cuidando el proceso de elaboraci\u00f3n y garantizando una trazabilidad absoluta del producto en cada una de sus fases productivas. Contienen caf\u00e9 tostado de dos especialidades: Ar\u00e1bica y Robusta. Durante a\u00f1os, han sido un gran \u00e9xito entre los caf\u00e9s naturales 100% porque ser muy bien balanceados y cremosos. Muy valorados por los amantes de caf\u00e9s ristrettos o cortos y, de gran cuerpo para bebidas con leche, cappuccino o caf\u00e9 con leche tradicional.<\/p>\n","protected":false},"excerpt":{"rendered":"<p>Blend de caf\u00e9 descafeinado 100% natural seleccionados y auditados en las propias fincas de origen, cuidando el proceso de elaboraci\u00f3n y garantizando una trazabilidad absoluta del producto en cada una de sus fases productivas. Contienen caf\u00e9 tostado de dos especialidades: Ar\u00e1bica y Robusta. Durante a\u00f1os, han sido un gran \u00e9xito entre los caf\u00e9s naturales 100% porque ser muy bien balanceados y cremosos. Muy valorados por los amantes de caf\u00e9s ristrettos o cortos y, de gran cuerpo para bebidas con leche, cappuccino o caf\u00e9 con leche tradicional.<\/p>\n","protected":false},"featured_media":419098,"comment_status":"closed","ping_status":"closed","template":"","meta":{"_acf_changed":false},"product_cat":[693,689],"product_tag":[],"class_list":{"0":"post-188018","1":"product","2":"type-product","3":"status-publish","4":"has-post-thumbnail","6":"product_cat-descafeinado","7":"product_cat-todos-los-cafes","9":"first","10":"instock","11":"taxable","12":"shipping-taxable","13":"purchasable","14":"product-type-variable"},"acf":[],"yoast_head":"<!-- This site is optimized with the Yoast SEO Premium plugin v24.5 (Yoast SEO v24.5) - https:\/\/yoast.com\/wordpress\/plugins\/seo\/ -->\n<title>Descafeinado Caf\u00e9 Crem | Coffee Lounge ES<\/title>\n<meta name=\"description\" content=\"Descubre la calidad y el aroma del caf\u00e9 en grano descafeinado producido por Caf\u00e9 Crem. \u00a1Compre ahora!\" \/>\n<meta name=\"robots\" content=\"index, follow, max-snippet:-1, max-image-preview:large, max-video-preview:-1\" \/>\n<meta name=\"twitter:card\" content=\"summary_large_image\" \/>\n<meta name=\"twitter:title\" content=\"Descafeinado Caf\u00e9 Crem | Coffee Lounge ES\" \/>\n<meta name=\"twitter:description\" content=\"Descubre la calidad y el aroma del caf\u00e9 en grano descafeinado producido por Caf\u00e9 Crem. \u00a1Compre ahora!\" \/>\n<meta name=\"twitter:image\" content=\"https:\/\/coffeelounge.delonghi.com\/wp-content\/uploads\/2022\/06\/DESCAFEINADO.png\" \/>\n<script type=\"application\/ld+json\" class=\"yoast-schema-graph\">{\"@context\":\"https:\/\/schema.org\",\"@graph\":[{\"@type\":\"WebPage\",\"@id\":\"https:\/\/coffeelounge.delonghi.com\/es-es\/product\/descafeinado\/\",\"url\":\"https:\/\/coffeelounge.delonghi.com\/es-es\/product\/descafeinado\/\",\"name\":\"Descafeinado Caf\u00e9 Crem | Coffee Lounge ES\",\"isPartOf\":{\"@id\":\"https:\/\/coffeelounge.delonghi.com\/es-es\/#website\"},\"primaryImageOfPage\":{\"@id\":\"https:\/\/coffeelounge.delonghi.com\/es-es\/product\/descafeinado\/#primaryimage\"},\"image\":{\"@id\":\"https:\/\/coffeelounge.delonghi.com\/es-es\/product\/descafeinado\/#primaryimage\"},\"thumbnailUrl\":\"https:\/\/coffeelounge.delonghi.com\/wp-content\/uploads\/2022\/06\/DESCAFEINADO.png\",\"datePublished\":\"2022-06-01T10:12:31+00:00\",\"dateModified\":\"2024-03-04T13:27:37+00:00\",\"description\":\"Descubre la calidad y el aroma del caf\u00e9 en grano descafeinado producido por Caf\u00e9 Crem. \u00a1Compre ahora!\",\"breadcrumb\":{\"@id\":\"https:\/\/coffeelounge.delonghi.com\/es-es\/product\/descafeinado\/#breadcrumb\"},\"inLanguage\":\"es-es\",\"potentialAction\":[{\"@type\":\"ReadAction\",\"target\":[\"https:\/\/coffeelounge.delonghi.com\/es-es\/product\/descafeinado\/\"]}]},{\"@type\":\"ImageObject\",\"inLanguage\":\"es-es\",\"@id\":\"https:\/\/coffeelounge.delonghi.com\/es-es\/product\/descafeinado\/#primaryimage\",\"url\":\"https:\/\/coffeelounge.delonghi.com\/wp-content\/uploads\/2022\/06\/DESCAFEINADO.png\",\"contentUrl\":\"https:\/\/coffeelounge.delonghi.com\/wp-content\/uploads\/2022\/06\/DESCAFEINADO.png\",\"width\":1717,\"height\":1717},{\"@type\":\"BreadcrumbList\",\"@id\":\"https:\/\/coffeelounge.delonghi.com\/es-es\/product\/descafeinado\/#breadcrumb\",\"itemListElement\":[{\"@type\":\"ListItem\",\"position\":1,\"name\":\"Home\",\"item\":\"https:\/\/coffeelounge.delonghi.com\/es-es\/\"},{\"@type\":\"ListItem\",\"position\":2,\"name\":\"Boutique\",\"item\":\"https:\/\/coffeelounge.delonghi.com\/fr\/?page_id=36\"},{\"@type\":\"ListItem\",\"position\":3,\"name\":\"Descafeinado\"}]},{\"@type\":\"WebSite\",\"@id\":\"https:\/\/coffeelounge.delonghi.com\/es-es\/#website\",\"url\":\"https:\/\/coffeelounge.delonghi.com\/es-es\/\",\"name\":\"De&#039;Longhi\",\"description\":\"Coffee Lounge\",\"publisher\":{\"@id\":\"https:\/\/coffeelounge.delonghi.com\/es-es\/#organization\"},\"potentialAction\":[{\"@type\":\"SearchAction\",\"target\":{\"@type\":\"EntryPoint\",\"urlTemplate\":\"https:\/\/coffeelounge.delonghi.com\/es-es\/?s={search_term_string}\"},\"query-input\":{\"@type\":\"PropertyValueSpecification\",\"valueRequired\":true,\"valueName\":\"search_term_string\"}}],\"inLanguage\":\"es-es\"},{\"@type\":\"Organization\",\"@id\":\"https:\/\/coffeelounge.delonghi.com\/es-es\/#organization\",\"name\":\"De'Longhi Coffee Lounge\",\"url\":\"https:\/\/coffeelounge.delonghi.com\/es-es\/\",\"logo\":{\"@type\":\"ImageObject\",\"inLanguage\":\"es-es\",\"@id\":\"https:\/\/coffeelounge.delonghi.com\/es-es\/#\/schema\/logo\/image\/\",\"url\":\"https:\/\/coffeelounge.delonghi.com\/wp-content\/uploads\/2020\/05\/delonghi-coffee-lounge-logo-nederland.png\",\"contentUrl\":\"https:\/\/coffeelounge.delonghi.com\/wp-content\/uploads\/2020\/05\/delonghi-coffee-lounge-logo-nederland.png\",\"width\":2337,\"height\":724,\"caption\":\"De'Longhi Coffee Lounge\"},\"image\":{\"@id\":\"https:\/\/coffeelounge.delonghi.com\/es-es\/#\/schema\/logo\/image\/\"}}]}<\/script>\n<!-- \/ Yoast SEO Premium plugin. -->","yoast_head_json":{"title":"Descafeinado Caf\u00e9 Crem | Coffee Lounge ES","description":"Descubre la calidad y el aroma del caf\u00e9 en grano descafeinado producido por Caf\u00e9 Crem. \u00a1Compre ahora!","robots":{"index":"index","follow":"follow","max-snippet":"max-snippet:-1","max-image-preview":"max-image-preview:large","max-video-preview":"max-video-preview:-1"},"twitter_card":"summary_large_image","twitter_title":"Descafeinado Caf\u00e9 Crem | Coffee Lounge ES","twitter_description":"Descubre la calidad y el aroma del caf\u00e9 en grano descafeinado producido por Caf\u00e9 Crem. \u00a1Compre ahora!","twitter_image":"https:\/\/coffeelounge.delonghi.com\/wp-content\/uploads\/2022\/06\/DESCAFEINADO.png","schema":{"@context":"https:\/\/schema.org","@graph":[{"@type":"WebPage","@id":"https:\/\/coffeelounge.delonghi.com\/es-es\/product\/descafeinado\/","url":"https:\/\/coffeelounge.delonghi.com\/es-es\/product\/descafeinado\/","name":"Descafeinado Caf\u00e9 Crem | Coffee Lounge ES","isPartOf":{"@id":"https:\/\/coffeelounge.delonghi.com\/es-es\/#website"},"primaryImageOfPage":{"@id":"https:\/\/coffeelounge.delonghi.com\/es-es\/product\/descafeinado\/#primaryimage"},"image":{"@id":"https:\/\/coffeelounge.delonghi.com\/es-es\/product\/descafeinado\/#primaryimage"},"thumbnailUrl":"https:\/\/coffeelounge.delonghi.com\/wp-content\/uploads\/2022\/06\/DESCAFEINADO.png","datePublished":"2022-06-01T10:12:31+00:00","dateModified":"2024-03-04T13:27:37+00:00","description":"Descubre la calidad y el aroma del caf\u00e9 en grano descafeinado producido por Caf\u00e9 Crem. \u00a1Compre ahora!","breadcrumb":{"@id":"https:\/\/coffeelounge.delonghi.com\/es-es\/product\/descafeinado\/#breadcrumb"},"inLanguage":"es-es","potentialAction":[{"@type":"ReadAction","target":["https:\/\/coffeelounge.delonghi.com\/es-es\/product\/descafeinado\/"]}]},{"@type":"ImageObject","inLanguage":"es-es","@id":"https:\/\/coffeelounge.delonghi.com\/es-es\/product\/descafeinado\/#primaryimage","url":"https:\/\/coffeelounge.delonghi.com\/wp-content\/uploads\/2022\/06\/DESCAFEINADO.png","contentUrl":"https:\/\/coffeelounge.delonghi.com\/wp-content\/uploads\/2022\/06\/DESCAFEINADO.png","width":1717,"height":1717},{"@type":"BreadcrumbList","@id":"https:\/\/coffeelounge.delonghi.com\/es-es\/product\/descafeinado\/#breadcrumb","itemListElement":[{"@type":"ListItem","position":1,"name":"Home","item":"https:\/\/coffeelounge.delonghi.com\/es-es\/"},{"@type":"ListItem","position":2,"name":"Boutique","item":"https:\/\/coffeelounge.delonghi.com\/fr\/?page_id=36"},{"@type":"ListItem","position":3,"name":"Descafeinado"}]},{"@type":"WebSite","@id":"https:\/\/coffeelounge.delonghi.com\/es-es\/#website","url":"https:\/\/coffeelounge.delonghi.com\/es-es\/","name":"De&#039;Longhi","description":"Coffee Lounge","publisher":{"@id":"https:\/\/coffeelounge.delonghi.com\/es-es\/#organization"},"potentialAction":[{"@type":"SearchAction","target":{"@type":"EntryPoint","urlTemplate":"https:\/\/coffeelounge.delonghi.com\/es-es\/?s={search_term_string}"},"query-input":{"@type":"PropertyValueSpecification","valueRequired":true,"valueName":"search_term_string"}}],"inLanguage":"es-es"},{"@type":"Organization","@id":"https:\/\/coffeelounge.delonghi.com\/es-es\/#organization","name":"De'Longhi Coffee Lounge","url":"https:\/\/coffeelounge.delonghi.com\/es-es\/","logo":{"@type":"ImageObject","inLanguage":"es-es","@id":"https:\/\/coffeelounge.delonghi.com\/es-es\/#\/schema\/logo\/image\/","url":"https:\/\/coffeelounge.delonghi.com\/wp-content\/uploads\/2020\/05\/delonghi-coffee-lounge-logo-nederland.png","contentUrl":"https:\/\/coffeelounge.delonghi.com\/wp-content\/uploads\/2020\/05\/delonghi-coffee-lounge-logo-nederland.png","width":2337,"height":724,"caption":"De'Longhi Coffee Lounge"},"image":{"@id":"https:\/\/coffeelounge.delonghi.com\/es-es\/#\/schema\/logo\/image\/"}}]}},"_links":{"self":[{"href":"https:\/\/coffeelounge.delonghi.com\/es-es\/wp-json\/wp\/v2\/product\/188018","targetHints":{"allow":["GET"]}}],"collection":[{"href":"https:\/\/coffeelounge.delonghi.com\/es-es\/wp-json\/wp\/v2\/product"}],"about":[{"href":"https:\/\/coffeelounge.delonghi.com\/es-es\/wp-json\/wp\/v2\/types\/product"}],"replies":[{"embeddable":true,"href":"https:\/\/coffeelounge.delonghi.com\/es-es\/wp-json\/wp\/v2\/comments?post=188018"}],"version-history":[{"count":2,"href":"https:\/\/coffeelounge.delonghi.com\/es-es\/wp-json\/wp\/v2\/product\/188018\/revisions"}],"predecessor-version":[{"id":422248,"href":"https:\/\/coffeelounge.delonghi.com\/es-es\/wp-json\/wp\/v2\/product\/188018\/revisions\/422248"}],"wp:featuredmedia":[{"embeddable":true,"href":"https:\/\/coffeelounge.delonghi.com\/es-es\/wp-json\/wp\/v2\/media\/419098"}],"wp:attachment":[{"href":"https:\/\/coffeelounge.delonghi.com\/es-es\/wp-json\/wp\/v2\/media?parent=188018"}],"wp:term":[{"taxonomy":"product_cat","embeddable":true,"href":"https:\/\/coffeelounge.delonghi.com\/es-es\/wp-json\/wp\/v2\/product_cat?post=188018"},{"taxonomy":"product_tag","embeddable":true,"href":"https:\/\/coffeelounge.delonghi.com\/es-es\/wp-json\/wp\/v2\/product_tag?post=188018"}],"curies":[{"name":"wp","href":"https:\/\/api.w.org\/{rel}","templated":true}]}}