{"id":187673,"date":"2022-05-19T08:55:17","date_gmt":"2022-05-19T08:55:17","guid":{"rendered":"https:\/\/coffeelounge.delonghi.com\/?post_type=product&#038;p=187673"},"modified":"2024-03-04T13:29:57","modified_gmt":"2024-03-04T13:29:57","slug":"colombia-descafeinado","status":"publish","type":"product","link":"https:\/\/coffeelounge.delonghi.com\/es-es\/product\/colombia-descafeinado\/","title":{"rendered":"Colombia Descafeinado"},"content":{"rendered":"<p>Este Colombia 100% Ar\u00e1bica, cultivado a 1600 metros de altitud y descafeinado con el proceso Swiss Water, es venerado por todos los amantes del caf\u00e9 que quieren tomar descafeinado sin renunciar al sabor de un buen caf\u00e9. Para conservar al m\u00e1ximo el sabor del caf\u00e9, la cafe\u00edna se extrae a trav\u00e9s de un proceso libre de productos qu\u00edmicos en el que el agua hidrata el grano verde, expandiendo su estructura celular y facilitando que la cafe\u00edna se disuelva en el agua, extrayendo m\u00e1s del 99% de la misma. El resultado es un descafeinado que ofrece una buena intensidad de aromas y mucho equilibrio. Con sensaciones florales y c\u00edtricas y total ausencia de sabor al proceso de descafeinizaci\u00f3n. Su calidad y gran sabor han sido premiados con una Medalla de Oro en el International Coffee Tasting de 2020.<\/p>\n","protected":false},"excerpt":{"rendered":"<p>Este Colombia 100% Ar\u00e1bica, cultivado a 1600 metros de altitud y descafeinado con el proceso Swiss Water, es venerado por todos los amantes del caf\u00e9 que quieren tomar descafeinado sin renunciar al sabor de un buen caf\u00e9. Para conservar al m\u00e1ximo el sabor del caf\u00e9, la cafe\u00edna se extrae a trav\u00e9s de un proceso libre de productos qu\u00edmicos en el que el agua hidrata el grano verde, expandiendo su estructura celular y facilitando que la cafe\u00edna se disuelva en el agua, extrayendo m\u00e1s del 99% de la misma. El resultado es un descafeinado que ofrece una buena intensidad de aromas y mucho equilibrio. Con sensaciones florales y c\u00edtricas y total ausencia de sabor al proceso de descafeinizaci\u00f3n. Su calidad y gran sabor han sido premiados con una Medalla de Oro en el International Coffee Tasting de 2020.<\/p>\n","protected":false},"featured_media":419297,"comment_status":"closed","ping_status":"closed","template":"","meta":{"_acf_changed":false},"product_cat":[693,689],"product_tag":[],"class_list":{"0":"post-187673","1":"product","2":"type-product","3":"status-publish","4":"has-post-thumbnail","6":"product_cat-descafeinado","7":"product_cat-todos-los-cafes","9":"first","10":"instock","11":"taxable","12":"shipping-taxable","13":"purchasable","14":"product-type-variable"},"acf":[],"yoast_head":"<!-- This site is optimized with the Yoast SEO Premium plugin v24.5 (Yoast SEO v24.5) - https:\/\/yoast.com\/wordpress\/plugins\/seo\/ -->\n<title>Colombia Descafeinado Caf\u00e9 Dromedario | Coffee Lounge ES<\/title>\n<meta name=\"description\" content=\"Descubre la calidad y el aroma del caf\u00e9 en grano Colombia Descafeinado, el caf\u00e9 descafeinado producido por Caf\u00e9 Dromedario. \u00a1Compre ahora!\" \/>\n<meta name=\"robots\" content=\"index, follow, max-snippet:-1, max-image-preview:large, max-video-preview:-1\" \/>\n<meta name=\"twitter:card\" content=\"summary_large_image\" \/>\n<meta name=\"twitter:title\" content=\"Colombia Descafeinado Caf\u00e9 Dromedario | Coffee Lounge ES\" \/>\n<meta name=\"twitter:description\" content=\"Descubre la calidad y el aroma del caf\u00e9 en grano Colombia Descafeinado, el caf\u00e9 descafeinado producido por Caf\u00e9 Dromedario. \u00a1Compre ahora!\" \/>\n<meta name=\"twitter:image\" content=\"https:\/\/coffeelounge.delonghi.com\/wp-content\/uploads\/2022\/05\/colombia_descafeinado.png\" \/>\n<script type=\"application\/ld+json\" class=\"yoast-schema-graph\">{\"@context\":\"https:\/\/schema.org\",\"@graph\":[{\"@type\":\"WebPage\",\"@id\":\"https:\/\/coffeelounge.delonghi.com\/es-es\/product\/colombia-descafeinado\/\",\"url\":\"https:\/\/coffeelounge.delonghi.com\/es-es\/product\/colombia-descafeinado\/\",\"name\":\"Colombia Descafeinado Caf\u00e9 Dromedario | Coffee Lounge ES\",\"isPartOf\":{\"@id\":\"https:\/\/coffeelounge.delonghi.com\/es-es\/#website\"},\"primaryImageOfPage\":{\"@id\":\"https:\/\/coffeelounge.delonghi.com\/es-es\/product\/colombia-descafeinado\/#primaryimage\"},\"image\":{\"@id\":\"https:\/\/coffeelounge.delonghi.com\/es-es\/product\/colombia-descafeinado\/#primaryimage\"},\"thumbnailUrl\":\"https:\/\/coffeelounge.delonghi.com\/wp-content\/uploads\/2022\/05\/colombia_descafeinado.png\",\"datePublished\":\"2022-05-19T08:55:17+00:00\",\"dateModified\":\"2024-03-04T13:29:57+00:00\",\"description\":\"Descubre la calidad y el aroma del caf\u00e9 en grano Colombia Descafeinado, el caf\u00e9 descafeinado producido por Caf\u00e9 Dromedario. \u00a1Compre ahora!\",\"breadcrumb\":{\"@id\":\"https:\/\/coffeelounge.delonghi.com\/es-es\/product\/colombia-descafeinado\/#breadcrumb\"},\"inLanguage\":\"es-es\",\"potentialAction\":[{\"@type\":\"ReadAction\",\"target\":[\"https:\/\/coffeelounge.delonghi.com\/es-es\/product\/colombia-descafeinado\/\"]}]},{\"@type\":\"ImageObject\",\"inLanguage\":\"es-es\",\"@id\":\"https:\/\/coffeelounge.delonghi.com\/es-es\/product\/colombia-descafeinado\/#primaryimage\",\"url\":\"https:\/\/coffeelounge.delonghi.com\/wp-content\/uploads\/2022\/05\/colombia_descafeinado.png\",\"contentUrl\":\"https:\/\/coffeelounge.delonghi.com\/wp-content\/uploads\/2022\/05\/colombia_descafeinado.png\",\"width\":1725,\"height\":1725},{\"@type\":\"BreadcrumbList\",\"@id\":\"https:\/\/coffeelounge.delonghi.com\/es-es\/product\/colombia-descafeinado\/#breadcrumb\",\"itemListElement\":[{\"@type\":\"ListItem\",\"position\":1,\"name\":\"Home\",\"item\":\"https:\/\/coffeelounge.delonghi.com\/es-es\/\"},{\"@type\":\"ListItem\",\"position\":2,\"name\":\"Boutique\",\"item\":\"https:\/\/coffeelounge.delonghi.com\/fr\/?page_id=36\"},{\"@type\":\"ListItem\",\"position\":3,\"name\":\"Colombia Descafeinado\"}]},{\"@type\":\"WebSite\",\"@id\":\"https:\/\/coffeelounge.delonghi.com\/es-es\/#website\",\"url\":\"https:\/\/coffeelounge.delonghi.com\/es-es\/\",\"name\":\"De&#039;Longhi\",\"description\":\"Coffee Lounge\",\"publisher\":{\"@id\":\"https:\/\/coffeelounge.delonghi.com\/es-es\/#organization\"},\"potentialAction\":[{\"@type\":\"SearchAction\",\"target\":{\"@type\":\"EntryPoint\",\"urlTemplate\":\"https:\/\/coffeelounge.delonghi.com\/es-es\/?s={search_term_string}\"},\"query-input\":{\"@type\":\"PropertyValueSpecification\",\"valueRequired\":true,\"valueName\":\"search_term_string\"}}],\"inLanguage\":\"es-es\"},{\"@type\":\"Organization\",\"@id\":\"https:\/\/coffeelounge.delonghi.com\/es-es\/#organization\",\"name\":\"De'Longhi Coffee Lounge\",\"url\":\"https:\/\/coffeelounge.delonghi.com\/es-es\/\",\"logo\":{\"@type\":\"ImageObject\",\"inLanguage\":\"es-es\",\"@id\":\"https:\/\/coffeelounge.delonghi.com\/es-es\/#\/schema\/logo\/image\/\",\"url\":\"https:\/\/coffeelounge.delonghi.com\/wp-content\/uploads\/2020\/05\/delonghi-coffee-lounge-logo-nederland.png\",\"contentUrl\":\"https:\/\/coffeelounge.delonghi.com\/wp-content\/uploads\/2020\/05\/delonghi-coffee-lounge-logo-nederland.png\",\"width\":2337,\"height\":724,\"caption\":\"De'Longhi Coffee Lounge\"},\"image\":{\"@id\":\"https:\/\/coffeelounge.delonghi.com\/es-es\/#\/schema\/logo\/image\/\"}}]}<\/script>\n<!-- \/ Yoast SEO Premium plugin. -->","yoast_head_json":{"title":"Colombia Descafeinado Caf\u00e9 Dromedario | Coffee Lounge ES","description":"Descubre la calidad y el aroma del caf\u00e9 en grano Colombia Descafeinado, el caf\u00e9 descafeinado producido por Caf\u00e9 Dromedario. \u00a1Compre ahora!","robots":{"index":"index","follow":"follow","max-snippet":"max-snippet:-1","max-image-preview":"max-image-preview:large","max-video-preview":"max-video-preview:-1"},"twitter_card":"summary_large_image","twitter_title":"Colombia Descafeinado Caf\u00e9 Dromedario | Coffee Lounge ES","twitter_description":"Descubre la calidad y el aroma del caf\u00e9 en grano Colombia Descafeinado, el caf\u00e9 descafeinado producido por Caf\u00e9 Dromedario. \u00a1Compre ahora!","twitter_image":"https:\/\/coffeelounge.delonghi.com\/wp-content\/uploads\/2022\/05\/colombia_descafeinado.png","schema":{"@context":"https:\/\/schema.org","@graph":[{"@type":"WebPage","@id":"https:\/\/coffeelounge.delonghi.com\/es-es\/product\/colombia-descafeinado\/","url":"https:\/\/coffeelounge.delonghi.com\/es-es\/product\/colombia-descafeinado\/","name":"Colombia Descafeinado Caf\u00e9 Dromedario | Coffee Lounge ES","isPartOf":{"@id":"https:\/\/coffeelounge.delonghi.com\/es-es\/#website"},"primaryImageOfPage":{"@id":"https:\/\/coffeelounge.delonghi.com\/es-es\/product\/colombia-descafeinado\/#primaryimage"},"image":{"@id":"https:\/\/coffeelounge.delonghi.com\/es-es\/product\/colombia-descafeinado\/#primaryimage"},"thumbnailUrl":"https:\/\/coffeelounge.delonghi.com\/wp-content\/uploads\/2022\/05\/colombia_descafeinado.png","datePublished":"2022-05-19T08:55:17+00:00","dateModified":"2024-03-04T13:29:57+00:00","description":"Descubre la calidad y el aroma del caf\u00e9 en grano Colombia Descafeinado, el caf\u00e9 descafeinado producido por Caf\u00e9 Dromedario. \u00a1Compre ahora!","breadcrumb":{"@id":"https:\/\/coffeelounge.delonghi.com\/es-es\/product\/colombia-descafeinado\/#breadcrumb"},"inLanguage":"es-es","potentialAction":[{"@type":"ReadAction","target":["https:\/\/coffeelounge.delonghi.com\/es-es\/product\/colombia-descafeinado\/"]}]},{"@type":"ImageObject","inLanguage":"es-es","@id":"https:\/\/coffeelounge.delonghi.com\/es-es\/product\/colombia-descafeinado\/#primaryimage","url":"https:\/\/coffeelounge.delonghi.com\/wp-content\/uploads\/2022\/05\/colombia_descafeinado.png","contentUrl":"https:\/\/coffeelounge.delonghi.com\/wp-content\/uploads\/2022\/05\/colombia_descafeinado.png","width":1725,"height":1725},{"@type":"BreadcrumbList","@id":"https:\/\/coffeelounge.delonghi.com\/es-es\/product\/colombia-descafeinado\/#breadcrumb","itemListElement":[{"@type":"ListItem","position":1,"name":"Home","item":"https:\/\/coffeelounge.delonghi.com\/es-es\/"},{"@type":"ListItem","position":2,"name":"Boutique","item":"https:\/\/coffeelounge.delonghi.com\/fr\/?page_id=36"},{"@type":"ListItem","position":3,"name":"Colombia Descafeinado"}]},{"@type":"WebSite","@id":"https:\/\/coffeelounge.delonghi.com\/es-es\/#website","url":"https:\/\/coffeelounge.delonghi.com\/es-es\/","name":"De&#039;Longhi","description":"Coffee Lounge","publisher":{"@id":"https:\/\/coffeelounge.delonghi.com\/es-es\/#organization"},"potentialAction":[{"@type":"SearchAction","target":{"@type":"EntryPoint","urlTemplate":"https:\/\/coffeelounge.delonghi.com\/es-es\/?s={search_term_string}"},"query-input":{"@type":"PropertyValueSpecification","valueRequired":true,"valueName":"search_term_string"}}],"inLanguage":"es-es"},{"@type":"Organization","@id":"https:\/\/coffeelounge.delonghi.com\/es-es\/#organization","name":"De'Longhi Coffee Lounge","url":"https:\/\/coffeelounge.delonghi.com\/es-es\/","logo":{"@type":"ImageObject","inLanguage":"es-es","@id":"https:\/\/coffeelounge.delonghi.com\/es-es\/#\/schema\/logo\/image\/","url":"https:\/\/coffeelounge.delonghi.com\/wp-content\/uploads\/2020\/05\/delonghi-coffee-lounge-logo-nederland.png","contentUrl":"https:\/\/coffeelounge.delonghi.com\/wp-content\/uploads\/2020\/05\/delonghi-coffee-lounge-logo-nederland.png","width":2337,"height":724,"caption":"De'Longhi Coffee Lounge"},"image":{"@id":"https:\/\/coffeelounge.delonghi.com\/es-es\/#\/schema\/logo\/image\/"}}]}},"_links":{"self":[{"href":"https:\/\/coffeelounge.delonghi.com\/es-es\/wp-json\/wp\/v2\/product\/187673","targetHints":{"allow":["GET"]}}],"collection":[{"href":"https:\/\/coffeelounge.delonghi.com\/es-es\/wp-json\/wp\/v2\/product"}],"about":[{"href":"https:\/\/coffeelounge.delonghi.com\/es-es\/wp-json\/wp\/v2\/types\/product"}],"replies":[{"embeddable":true,"href":"https:\/\/coffeelounge.delonghi.com\/es-es\/wp-json\/wp\/v2\/comments?post=187673"}],"version-history":[{"count":2,"href":"https:\/\/coffeelounge.delonghi.com\/es-es\/wp-json\/wp\/v2\/product\/187673\/revisions"}],"predecessor-version":[{"id":422263,"href":"https:\/\/coffeelounge.delonghi.com\/es-es\/wp-json\/wp\/v2\/product\/187673\/revisions\/422263"}],"wp:featuredmedia":[{"embeddable":true,"href":"https:\/\/coffeelounge.delonghi.com\/es-es\/wp-json\/wp\/v2\/media\/419297"}],"wp:attachment":[{"href":"https:\/\/coffeelounge.delonghi.com\/es-es\/wp-json\/wp\/v2\/media?parent=187673"}],"wp:term":[{"taxonomy":"product_cat","embeddable":true,"href":"https:\/\/coffeelounge.delonghi.com\/es-es\/wp-json\/wp\/v2\/product_cat?post=187673"},{"taxonomy":"product_tag","embeddable":true,"href":"https:\/\/coffeelounge.delonghi.com\/es-es\/wp-json\/wp\/v2\/product_tag?post=187673"}],"curies":[{"name":"wp","href":"https:\/\/api.w.org\/{rel}","templated":true}]}}