{"id":187655,"date":"2022-05-19T08:51:34","date_gmt":"2022-05-19T08:51:34","guid":{"rendered":"https:\/\/coffeelounge.delonghi.com\/?post_type=product&#038;p=187655"},"modified":"2024-03-04T13:30:03","modified_gmt":"2024-03-04T13:30:03","slug":"etiopia-yirgacheffe-natural-aramo","status":"publish","type":"product","link":"https:\/\/coffeelounge.delonghi.com\/es-es\/product\/etiopia-yirgacheffe-natural-aramo\/","title":{"rendered":"Etiop\u00eda Yirgacheffe Natural Aramo"},"content":{"rendered":"<p>En las verdes monta\u00f1as del Valle del Rift, en Etiop\u00eda meridional, a una altitud de m\u00e1s de 2.000 sobre el nivel del mar, se cultiva este Caf\u00e9 natural de especialidad. Proviene de la regi\u00f3n de Yirgacheffe, concretamente de la peque\u00f1a ciudad de Aricha. Su grano 100% Ar\u00e1bica, variedad Heirloom, es secado al sol sin lavar, hasta que la piel y la pulpa de la cereza se secan quedando adheridas al grano, lo que le confiere un sabor y unos matices \u00fanicos. Se trata de un caf\u00e9 con un aroma especial, con toques a frutas del bosque: fresas, grosella, ar\u00e1ndanos, y con una acidez vinosa. Con buen cuerpo y final dulce y persistente. Gracias a su calidad y caracter\u00edsticas diferenciadoras ha obtenido una puntuaci\u00f3n SCA de 87 y ha sido distinguido con 2 estrellas Great Taste en 2018.<\/p>\n","protected":false},"excerpt":{"rendered":"<p>En las verdes monta\u00f1as del Valle del Rift, en Etiop\u00eda meridional, a una altitud de m\u00e1s de 2.000 sobre el nivel del mar, se cultiva este Caf\u00e9 natural de especialidad. Proviene de la regi\u00f3n de Yirgacheffe, concretamente de la peque\u00f1a ciudad de Aricha. Su grano 100% Ar\u00e1bica, variedad Heirloom, es secado al sol sin lavar, hasta que la piel y la pulpa de la cereza se secan quedando adheridas al grano, lo que le confiere un sabor y unos matices \u00fanicos. Se trata de un caf\u00e9 con un aroma especial, con toques a frutas del bosque: fresas, grosella, ar\u00e1ndanos, y con una acidez vinosa. Con buen cuerpo y final dulce y persistente. Gracias a su calidad y caracter\u00edsticas diferenciadoras ha obtenido una puntuaci\u00f3n SCA de 87 y ha sido distinguido con 2 estrellas Great Taste en 2018.<\/p>\n","protected":false},"featured_media":419310,"comment_status":"closed","ping_status":"closed","template":"","meta":{"_acf_changed":false},"product_cat":[692,689],"product_tag":[],"class_list":{"0":"post-187655","1":"product","2":"type-product","3":"status-publish","4":"has-post-thumbnail","6":"product_cat-especialidad","7":"product_cat-todos-los-cafes","9":"first","10":"instock","11":"taxable","12":"shipping-taxable","13":"purchasable","14":"product-type-variable"},"acf":[],"yoast_head":"<!-- This site is optimized with the Yoast SEO Premium plugin v24.5 (Yoast SEO v24.5) - https:\/\/yoast.com\/wordpress\/plugins\/seo\/ -->\n<title>Etiop\u00eda Yirgacheffe Natural Aramo Caf\u00e9 Dromedario | Coffee Lounge ES<\/title>\n<meta name=\"description\" content=\"Descubre la calidad y el aroma del caf\u00e9 en grano Etiop\u00eda Yirgacheffe Natural Aramo, el caf\u00e9 de especialidad producido por Caf\u00e9 Dromedario. \u00a1Compre ahora!\" \/>\n<meta name=\"robots\" content=\"index, follow, max-snippet:-1, max-image-preview:large, max-video-preview:-1\" \/>\n<meta name=\"twitter:card\" content=\"summary_large_image\" \/>\n<meta name=\"twitter:title\" content=\"Etiop\u00eda Yirgacheffe Natural Aramo Caf\u00e9 Dromedario | Coffee Lounge ES\" \/>\n<meta name=\"twitter:description\" content=\"Descubre la calidad y el aroma del caf\u00e9 en grano Etiop\u00eda Yirgacheffe Natural Aramo, el caf\u00e9 de especialidad producido por Caf\u00e9 Dromedario. \u00a1Compre ahora!\" \/>\n<meta name=\"twitter:image\" content=\"https:\/\/coffeelounge.delonghi.com\/wp-content\/uploads\/2022\/05\/etiopia_yirgacheffe_natural.png\" \/>\n<script type=\"application\/ld+json\" class=\"yoast-schema-graph\">{\"@context\":\"https:\/\/schema.org\",\"@graph\":[{\"@type\":\"WebPage\",\"@id\":\"https:\/\/coffeelounge.delonghi.com\/es-es\/product\/etiopia-yirgacheffe-natural-aramo\/\",\"url\":\"https:\/\/coffeelounge.delonghi.com\/es-es\/product\/etiopia-yirgacheffe-natural-aramo\/\",\"name\":\"Etiop\u00eda Yirgacheffe Natural Aramo Caf\u00e9 Dromedario | Coffee Lounge ES\",\"isPartOf\":{\"@id\":\"https:\/\/coffeelounge.delonghi.com\/es-es\/#website\"},\"primaryImageOfPage\":{\"@id\":\"https:\/\/coffeelounge.delonghi.com\/es-es\/product\/etiopia-yirgacheffe-natural-aramo\/#primaryimage\"},\"image\":{\"@id\":\"https:\/\/coffeelounge.delonghi.com\/es-es\/product\/etiopia-yirgacheffe-natural-aramo\/#primaryimage\"},\"thumbnailUrl\":\"https:\/\/coffeelounge.delonghi.com\/wp-content\/uploads\/2022\/05\/etiopia_yirgacheffe_natural.png\",\"datePublished\":\"2022-05-19T08:51:34+00:00\",\"dateModified\":\"2024-03-04T13:30:03+00:00\",\"description\":\"Descubre la calidad y el aroma del caf\u00e9 en grano Etiop\u00eda Yirgacheffe Natural Aramo, el caf\u00e9 de especialidad producido por Caf\u00e9 Dromedario. \u00a1Compre ahora!\",\"breadcrumb\":{\"@id\":\"https:\/\/coffeelounge.delonghi.com\/es-es\/product\/etiopia-yirgacheffe-natural-aramo\/#breadcrumb\"},\"inLanguage\":\"es-es\",\"potentialAction\":[{\"@type\":\"ReadAction\",\"target\":[\"https:\/\/coffeelounge.delonghi.com\/es-es\/product\/etiopia-yirgacheffe-natural-aramo\/\"]}]},{\"@type\":\"ImageObject\",\"inLanguage\":\"es-es\",\"@id\":\"https:\/\/coffeelounge.delonghi.com\/es-es\/product\/etiopia-yirgacheffe-natural-aramo\/#primaryimage\",\"url\":\"https:\/\/coffeelounge.delonghi.com\/wp-content\/uploads\/2022\/05\/etiopia_yirgacheffe_natural.png\",\"contentUrl\":\"https:\/\/coffeelounge.delonghi.com\/wp-content\/uploads\/2022\/05\/etiopia_yirgacheffe_natural.png\",\"width\":1725,\"height\":1725},{\"@type\":\"BreadcrumbList\",\"@id\":\"https:\/\/coffeelounge.delonghi.com\/es-es\/product\/etiopia-yirgacheffe-natural-aramo\/#breadcrumb\",\"itemListElement\":[{\"@type\":\"ListItem\",\"position\":1,\"name\":\"Home\",\"item\":\"https:\/\/coffeelounge.delonghi.com\/es-es\/\"},{\"@type\":\"ListItem\",\"position\":2,\"name\":\"Boutique\",\"item\":\"https:\/\/coffeelounge.delonghi.com\/fr\/?page_id=36\"},{\"@type\":\"ListItem\",\"position\":3,\"name\":\"Etiop\u00eda Yirgacheffe Natural Aramo\"}]},{\"@type\":\"WebSite\",\"@id\":\"https:\/\/coffeelounge.delonghi.com\/es-es\/#website\",\"url\":\"https:\/\/coffeelounge.delonghi.com\/es-es\/\",\"name\":\"De&#039;Longhi\",\"description\":\"Coffee Lounge\",\"publisher\":{\"@id\":\"https:\/\/coffeelounge.delonghi.com\/es-es\/#organization\"},\"potentialAction\":[{\"@type\":\"SearchAction\",\"target\":{\"@type\":\"EntryPoint\",\"urlTemplate\":\"https:\/\/coffeelounge.delonghi.com\/es-es\/?s={search_term_string}\"},\"query-input\":{\"@type\":\"PropertyValueSpecification\",\"valueRequired\":true,\"valueName\":\"search_term_string\"}}],\"inLanguage\":\"es-es\"},{\"@type\":\"Organization\",\"@id\":\"https:\/\/coffeelounge.delonghi.com\/es-es\/#organization\",\"name\":\"De'Longhi Coffee Lounge\",\"url\":\"https:\/\/coffeelounge.delonghi.com\/es-es\/\",\"logo\":{\"@type\":\"ImageObject\",\"inLanguage\":\"es-es\",\"@id\":\"https:\/\/coffeelounge.delonghi.com\/es-es\/#\/schema\/logo\/image\/\",\"url\":\"https:\/\/coffeelounge.delonghi.com\/wp-content\/uploads\/2020\/05\/delonghi-coffee-lounge-logo-nederland.png\",\"contentUrl\":\"https:\/\/coffeelounge.delonghi.com\/wp-content\/uploads\/2020\/05\/delonghi-coffee-lounge-logo-nederland.png\",\"width\":2337,\"height\":724,\"caption\":\"De'Longhi Coffee Lounge\"},\"image\":{\"@id\":\"https:\/\/coffeelounge.delonghi.com\/es-es\/#\/schema\/logo\/image\/\"}}]}<\/script>\n<!-- \/ Yoast SEO Premium plugin. -->","yoast_head_json":{"title":"Etiop\u00eda Yirgacheffe Natural Aramo Caf\u00e9 Dromedario | Coffee Lounge ES","description":"Descubre la calidad y el aroma del caf\u00e9 en grano Etiop\u00eda Yirgacheffe Natural Aramo, el caf\u00e9 de especialidad producido por Caf\u00e9 Dromedario. \u00a1Compre ahora!","robots":{"index":"index","follow":"follow","max-snippet":"max-snippet:-1","max-image-preview":"max-image-preview:large","max-video-preview":"max-video-preview:-1"},"twitter_card":"summary_large_image","twitter_title":"Etiop\u00eda Yirgacheffe Natural Aramo Caf\u00e9 Dromedario | Coffee Lounge ES","twitter_description":"Descubre la calidad y el aroma del caf\u00e9 en grano Etiop\u00eda Yirgacheffe Natural Aramo, el caf\u00e9 de especialidad producido por Caf\u00e9 Dromedario. \u00a1Compre ahora!","twitter_image":"https:\/\/coffeelounge.delonghi.com\/wp-content\/uploads\/2022\/05\/etiopia_yirgacheffe_natural.png","schema":{"@context":"https:\/\/schema.org","@graph":[{"@type":"WebPage","@id":"https:\/\/coffeelounge.delonghi.com\/es-es\/product\/etiopia-yirgacheffe-natural-aramo\/","url":"https:\/\/coffeelounge.delonghi.com\/es-es\/product\/etiopia-yirgacheffe-natural-aramo\/","name":"Etiop\u00eda Yirgacheffe Natural Aramo Caf\u00e9 Dromedario | Coffee Lounge ES","isPartOf":{"@id":"https:\/\/coffeelounge.delonghi.com\/es-es\/#website"},"primaryImageOfPage":{"@id":"https:\/\/coffeelounge.delonghi.com\/es-es\/product\/etiopia-yirgacheffe-natural-aramo\/#primaryimage"},"image":{"@id":"https:\/\/coffeelounge.delonghi.com\/es-es\/product\/etiopia-yirgacheffe-natural-aramo\/#primaryimage"},"thumbnailUrl":"https:\/\/coffeelounge.delonghi.com\/wp-content\/uploads\/2022\/05\/etiopia_yirgacheffe_natural.png","datePublished":"2022-05-19T08:51:34+00:00","dateModified":"2024-03-04T13:30:03+00:00","description":"Descubre la calidad y el aroma del caf\u00e9 en grano Etiop\u00eda Yirgacheffe Natural Aramo, el caf\u00e9 de especialidad producido por Caf\u00e9 Dromedario. \u00a1Compre ahora!","breadcrumb":{"@id":"https:\/\/coffeelounge.delonghi.com\/es-es\/product\/etiopia-yirgacheffe-natural-aramo\/#breadcrumb"},"inLanguage":"es-es","potentialAction":[{"@type":"ReadAction","target":["https:\/\/coffeelounge.delonghi.com\/es-es\/product\/etiopia-yirgacheffe-natural-aramo\/"]}]},{"@type":"ImageObject","inLanguage":"es-es","@id":"https:\/\/coffeelounge.delonghi.com\/es-es\/product\/etiopia-yirgacheffe-natural-aramo\/#primaryimage","url":"https:\/\/coffeelounge.delonghi.com\/wp-content\/uploads\/2022\/05\/etiopia_yirgacheffe_natural.png","contentUrl":"https:\/\/coffeelounge.delonghi.com\/wp-content\/uploads\/2022\/05\/etiopia_yirgacheffe_natural.png","width":1725,"height":1725},{"@type":"BreadcrumbList","@id":"https:\/\/coffeelounge.delonghi.com\/es-es\/product\/etiopia-yirgacheffe-natural-aramo\/#breadcrumb","itemListElement":[{"@type":"ListItem","position":1,"name":"Home","item":"https:\/\/coffeelounge.delonghi.com\/es-es\/"},{"@type":"ListItem","position":2,"name":"Boutique","item":"https:\/\/coffeelounge.delonghi.com\/fr\/?page_id=36"},{"@type":"ListItem","position":3,"name":"Etiop\u00eda Yirgacheffe Natural Aramo"}]},{"@type":"WebSite","@id":"https:\/\/coffeelounge.delonghi.com\/es-es\/#website","url":"https:\/\/coffeelounge.delonghi.com\/es-es\/","name":"De&#039;Longhi","description":"Coffee Lounge","publisher":{"@id":"https:\/\/coffeelounge.delonghi.com\/es-es\/#organization"},"potentialAction":[{"@type":"SearchAction","target":{"@type":"EntryPoint","urlTemplate":"https:\/\/coffeelounge.delonghi.com\/es-es\/?s={search_term_string}"},"query-input":{"@type":"PropertyValueSpecification","valueRequired":true,"valueName":"search_term_string"}}],"inLanguage":"es-es"},{"@type":"Organization","@id":"https:\/\/coffeelounge.delonghi.com\/es-es\/#organization","name":"De'Longhi Coffee Lounge","url":"https:\/\/coffeelounge.delonghi.com\/es-es\/","logo":{"@type":"ImageObject","inLanguage":"es-es","@id":"https:\/\/coffeelounge.delonghi.com\/es-es\/#\/schema\/logo\/image\/","url":"https:\/\/coffeelounge.delonghi.com\/wp-content\/uploads\/2020\/05\/delonghi-coffee-lounge-logo-nederland.png","contentUrl":"https:\/\/coffeelounge.delonghi.com\/wp-content\/uploads\/2020\/05\/delonghi-coffee-lounge-logo-nederland.png","width":2337,"height":724,"caption":"De'Longhi Coffee Lounge"},"image":{"@id":"https:\/\/coffeelounge.delonghi.com\/es-es\/#\/schema\/logo\/image\/"}}]}},"_links":{"self":[{"href":"https:\/\/coffeelounge.delonghi.com\/es-es\/wp-json\/wp\/v2\/product\/187655","targetHints":{"allow":["GET"]}}],"collection":[{"href":"https:\/\/coffeelounge.delonghi.com\/es-es\/wp-json\/wp\/v2\/product"}],"about":[{"href":"https:\/\/coffeelounge.delonghi.com\/es-es\/wp-json\/wp\/v2\/types\/product"}],"replies":[{"embeddable":true,"href":"https:\/\/coffeelounge.delonghi.com\/es-es\/wp-json\/wp\/v2\/comments?post=187655"}],"version-history":[{"count":2,"href":"https:\/\/coffeelounge.delonghi.com\/es-es\/wp-json\/wp\/v2\/product\/187655\/revisions"}],"predecessor-version":[{"id":422264,"href":"https:\/\/coffeelounge.delonghi.com\/es-es\/wp-json\/wp\/v2\/product\/187655\/revisions\/422264"}],"wp:featuredmedia":[{"embeddable":true,"href":"https:\/\/coffeelounge.delonghi.com\/es-es\/wp-json\/wp\/v2\/media\/419310"}],"wp:attachment":[{"href":"https:\/\/coffeelounge.delonghi.com\/es-es\/wp-json\/wp\/v2\/media?parent=187655"}],"wp:term":[{"taxonomy":"product_cat","embeddable":true,"href":"https:\/\/coffeelounge.delonghi.com\/es-es\/wp-json\/wp\/v2\/product_cat?post=187655"},{"taxonomy":"product_tag","embeddable":true,"href":"https:\/\/coffeelounge.delonghi.com\/es-es\/wp-json\/wp\/v2\/product_tag?post=187655"}],"curies":[{"name":"wp","href":"https:\/\/api.w.org\/{rel}","templated":true}]}}