{"id":187605,"date":"2022-05-19T08:31:01","date_gmt":"2022-05-19T08:31:01","guid":{"rendered":"https:\/\/coffeelounge.delonghi.com\/?post_type=product&#038;p=187605"},"modified":"2024-03-04T13:31:41","modified_gmt":"2024-03-04T13:31:41","slug":"colombia-tambo","status":"publish","type":"product","link":"https:\/\/coffeelounge.delonghi.com\/es-es\/product\/colombia-tambo\/","title":{"rendered":"Colombia Tambo"},"content":{"rendered":"<p>Este excepcional Caf\u00e9 proviene de la mejor selecci\u00f3n de caf\u00e9s \u201cSupremos\u201d de las peque\u00f1as fincas del municipio de El Tambo, en Colombia. Es considerado como el caf\u00e9 cultivado a mayor altitud del mundo, lo que le confiere una personalidad inconfundible. De grano lavado 100% ar\u00e1bica, variedades typica y caturra, y tueste natural, tiene una acidez que puede recordar a la naranja dulce dejando despu\u00e9s una sensaci\u00f3n de frescura, toques a vainilla y chocolate con leche. Con buen balance en cuerpo y acidez, la sensaci\u00f3n final es muy agradable dejando un gusto a avellana tostada, sabores dulces y chocolatosos. Se trata de un caf\u00e9 con gran reconocimiento internacional y multitud de premios, como las estrellas Great Taste en 2014, 2016 y 2017, y la Medalla de Oro de ICT en 2008, 2012, 2014, 2016, 2020 y 2021.<\/p>\n","protected":false},"excerpt":{"rendered":"<p>Este excepcional Caf\u00e9 proviene de la mejor selecci\u00f3n de caf\u00e9s \u201cSupremos\u201d de las peque\u00f1as fincas del municipio de El Tambo, en Colombia. Es considerado como el caf\u00e9 cultivado a mayor altitud del mundo, lo que le confiere una personalidad inconfundible. De grano lavado 100% ar\u00e1bica, variedades typica y caturra, y tueste natural, tiene una acidez que puede recordar a la naranja dulce dejando despu\u00e9s una sensaci\u00f3n de frescura, toques a vainilla y chocolate con leche. Con buen balance en cuerpo y acidez, la sensaci\u00f3n final es muy agradable dejando un gusto a avellana tostada, sabores dulces y chocolatosos. Se trata de un caf\u00e9 con gran reconocimiento internacional y multitud de premios, como las estrellas Great Taste en 2014, 2016 y 2017, y la Medalla de Oro de ICT en 2008, 2012, 2014, 2016, 2020 y 2021.<\/p>\n","protected":false},"featured_media":419012,"comment_status":"closed","ping_status":"closed","template":"","meta":{"_acf_changed":false},"product_cat":[691,689],"product_tag":[],"class_list":{"0":"post-187605","1":"product","2":"type-product","3":"status-publish","4":"has-post-thumbnail","6":"product_cat-origen-unico","7":"product_cat-todos-los-cafes","9":"first","10":"instock","11":"taxable","12":"shipping-taxable","13":"purchasable","14":"product-type-variable"},"acf":[],"yoast_head":"<!-- This site is optimized with the Yoast SEO Premium plugin v24.5 (Yoast SEO v24.5) - https:\/\/yoast.com\/wordpress\/plugins\/seo\/ -->\n<title>Colombia Tambo Caf\u00e9 Dromedario | Coffee Lounge ES<\/title>\n<meta name=\"description\" content=\"Descubre la calidad y el aroma del caf\u00e9 en grano Colombia Tambo, el caf\u00e9 de origen \u00fanico producido por Caf\u00e9 Dromedario. \u00a1Compre ahora!\" \/>\n<meta name=\"robots\" content=\"index, follow, max-snippet:-1, max-image-preview:large, max-video-preview:-1\" \/>\n<meta name=\"twitter:card\" content=\"summary_large_image\" \/>\n<meta name=\"twitter:title\" content=\"Colombia Tambo Caf\u00e9 Dromedario | Coffee Lounge ES\" \/>\n<meta name=\"twitter:description\" content=\"Descubre la calidad y el aroma del caf\u00e9 en grano Colombia Tambo, el caf\u00e9 de origen \u00fanico producido por Caf\u00e9 Dromedario. \u00a1Compre ahora!\" \/>\n<meta name=\"twitter:image\" content=\"https:\/\/coffeelounge.delonghi.com\/wp-content\/uploads\/2022\/05\/colombia_tambo.png\" \/>\n<script type=\"application\/ld+json\" class=\"yoast-schema-graph\">{\"@context\":\"https:\/\/schema.org\",\"@graph\":[{\"@type\":\"WebPage\",\"@id\":\"https:\/\/coffeelounge.delonghi.com\/es-es\/product\/colombia-tambo\/\",\"url\":\"https:\/\/coffeelounge.delonghi.com\/es-es\/product\/colombia-tambo\/\",\"name\":\"Colombia Tambo Caf\u00e9 Dromedario | Coffee Lounge ES\",\"isPartOf\":{\"@id\":\"https:\/\/coffeelounge.delonghi.com\/es-es\/#website\"},\"primaryImageOfPage\":{\"@id\":\"https:\/\/coffeelounge.delonghi.com\/es-es\/product\/colombia-tambo\/#primaryimage\"},\"image\":{\"@id\":\"https:\/\/coffeelounge.delonghi.com\/es-es\/product\/colombia-tambo\/#primaryimage\"},\"thumbnailUrl\":\"https:\/\/coffeelounge.delonghi.com\/wp-content\/uploads\/2022\/05\/colombia_tambo.png\",\"datePublished\":\"2022-05-19T08:31:01+00:00\",\"dateModified\":\"2024-03-04T13:31:41+00:00\",\"description\":\"Descubre la calidad y el aroma del caf\u00e9 en grano Colombia Tambo, el caf\u00e9 de origen \u00fanico producido por Caf\u00e9 Dromedario. \u00a1Compre ahora!\",\"breadcrumb\":{\"@id\":\"https:\/\/coffeelounge.delonghi.com\/es-es\/product\/colombia-tambo\/#breadcrumb\"},\"inLanguage\":\"es-es\",\"potentialAction\":[{\"@type\":\"ReadAction\",\"target\":[\"https:\/\/coffeelounge.delonghi.com\/es-es\/product\/colombia-tambo\/\"]}]},{\"@type\":\"ImageObject\",\"inLanguage\":\"es-es\",\"@id\":\"https:\/\/coffeelounge.delonghi.com\/es-es\/product\/colombia-tambo\/#primaryimage\",\"url\":\"https:\/\/coffeelounge.delonghi.com\/wp-content\/uploads\/2022\/05\/colombia_tambo.png\",\"contentUrl\":\"https:\/\/coffeelounge.delonghi.com\/wp-content\/uploads\/2022\/05\/colombia_tambo.png\",\"width\":1725,\"height\":1725},{\"@type\":\"BreadcrumbList\",\"@id\":\"https:\/\/coffeelounge.delonghi.com\/es-es\/product\/colombia-tambo\/#breadcrumb\",\"itemListElement\":[{\"@type\":\"ListItem\",\"position\":1,\"name\":\"Home\",\"item\":\"https:\/\/coffeelounge.delonghi.com\/es-es\/\"},{\"@type\":\"ListItem\",\"position\":2,\"name\":\"Boutique\",\"item\":\"https:\/\/coffeelounge.delonghi.com\/fr\/?page_id=36\"},{\"@type\":\"ListItem\",\"position\":3,\"name\":\"Colombia Tambo\"}]},{\"@type\":\"WebSite\",\"@id\":\"https:\/\/coffeelounge.delonghi.com\/es-es\/#website\",\"url\":\"https:\/\/coffeelounge.delonghi.com\/es-es\/\",\"name\":\"De&#039;Longhi\",\"description\":\"Coffee Lounge\",\"publisher\":{\"@id\":\"https:\/\/coffeelounge.delonghi.com\/es-es\/#organization\"},\"potentialAction\":[{\"@type\":\"SearchAction\",\"target\":{\"@type\":\"EntryPoint\",\"urlTemplate\":\"https:\/\/coffeelounge.delonghi.com\/es-es\/?s={search_term_string}\"},\"query-input\":{\"@type\":\"PropertyValueSpecification\",\"valueRequired\":true,\"valueName\":\"search_term_string\"}}],\"inLanguage\":\"es-es\"},{\"@type\":\"Organization\",\"@id\":\"https:\/\/coffeelounge.delonghi.com\/es-es\/#organization\",\"name\":\"De'Longhi Coffee Lounge\",\"url\":\"https:\/\/coffeelounge.delonghi.com\/es-es\/\",\"logo\":{\"@type\":\"ImageObject\",\"inLanguage\":\"es-es\",\"@id\":\"https:\/\/coffeelounge.delonghi.com\/es-es\/#\/schema\/logo\/image\/\",\"url\":\"https:\/\/coffeelounge.delonghi.com\/wp-content\/uploads\/2020\/05\/delonghi-coffee-lounge-logo-nederland.png\",\"contentUrl\":\"https:\/\/coffeelounge.delonghi.com\/wp-content\/uploads\/2020\/05\/delonghi-coffee-lounge-logo-nederland.png\",\"width\":2337,\"height\":724,\"caption\":\"De'Longhi Coffee Lounge\"},\"image\":{\"@id\":\"https:\/\/coffeelounge.delonghi.com\/es-es\/#\/schema\/logo\/image\/\"}}]}<\/script>\n<!-- \/ Yoast SEO Premium plugin. -->","yoast_head_json":{"title":"Colombia Tambo Caf\u00e9 Dromedario | Coffee Lounge ES","description":"Descubre la calidad y el aroma del caf\u00e9 en grano Colombia Tambo, el caf\u00e9 de origen \u00fanico producido por Caf\u00e9 Dromedario. \u00a1Compre ahora!","robots":{"index":"index","follow":"follow","max-snippet":"max-snippet:-1","max-image-preview":"max-image-preview:large","max-video-preview":"max-video-preview:-1"},"twitter_card":"summary_large_image","twitter_title":"Colombia Tambo Caf\u00e9 Dromedario | Coffee Lounge ES","twitter_description":"Descubre la calidad y el aroma del caf\u00e9 en grano Colombia Tambo, el caf\u00e9 de origen \u00fanico producido por Caf\u00e9 Dromedario. \u00a1Compre ahora!","twitter_image":"https:\/\/coffeelounge.delonghi.com\/wp-content\/uploads\/2022\/05\/colombia_tambo.png","schema":{"@context":"https:\/\/schema.org","@graph":[{"@type":"WebPage","@id":"https:\/\/coffeelounge.delonghi.com\/es-es\/product\/colombia-tambo\/","url":"https:\/\/coffeelounge.delonghi.com\/es-es\/product\/colombia-tambo\/","name":"Colombia Tambo Caf\u00e9 Dromedario | Coffee Lounge ES","isPartOf":{"@id":"https:\/\/coffeelounge.delonghi.com\/es-es\/#website"},"primaryImageOfPage":{"@id":"https:\/\/coffeelounge.delonghi.com\/es-es\/product\/colombia-tambo\/#primaryimage"},"image":{"@id":"https:\/\/coffeelounge.delonghi.com\/es-es\/product\/colombia-tambo\/#primaryimage"},"thumbnailUrl":"https:\/\/coffeelounge.delonghi.com\/wp-content\/uploads\/2022\/05\/colombia_tambo.png","datePublished":"2022-05-19T08:31:01+00:00","dateModified":"2024-03-04T13:31:41+00:00","description":"Descubre la calidad y el aroma del caf\u00e9 en grano Colombia Tambo, el caf\u00e9 de origen \u00fanico producido por Caf\u00e9 Dromedario. \u00a1Compre ahora!","breadcrumb":{"@id":"https:\/\/coffeelounge.delonghi.com\/es-es\/product\/colombia-tambo\/#breadcrumb"},"inLanguage":"es-es","potentialAction":[{"@type":"ReadAction","target":["https:\/\/coffeelounge.delonghi.com\/es-es\/product\/colombia-tambo\/"]}]},{"@type":"ImageObject","inLanguage":"es-es","@id":"https:\/\/coffeelounge.delonghi.com\/es-es\/product\/colombia-tambo\/#primaryimage","url":"https:\/\/coffeelounge.delonghi.com\/wp-content\/uploads\/2022\/05\/colombia_tambo.png","contentUrl":"https:\/\/coffeelounge.delonghi.com\/wp-content\/uploads\/2022\/05\/colombia_tambo.png","width":1725,"height":1725},{"@type":"BreadcrumbList","@id":"https:\/\/coffeelounge.delonghi.com\/es-es\/product\/colombia-tambo\/#breadcrumb","itemListElement":[{"@type":"ListItem","position":1,"name":"Home","item":"https:\/\/coffeelounge.delonghi.com\/es-es\/"},{"@type":"ListItem","position":2,"name":"Boutique","item":"https:\/\/coffeelounge.delonghi.com\/fr\/?page_id=36"},{"@type":"ListItem","position":3,"name":"Colombia Tambo"}]},{"@type":"WebSite","@id":"https:\/\/coffeelounge.delonghi.com\/es-es\/#website","url":"https:\/\/coffeelounge.delonghi.com\/es-es\/","name":"De&#039;Longhi","description":"Coffee Lounge","publisher":{"@id":"https:\/\/coffeelounge.delonghi.com\/es-es\/#organization"},"potentialAction":[{"@type":"SearchAction","target":{"@type":"EntryPoint","urlTemplate":"https:\/\/coffeelounge.delonghi.com\/es-es\/?s={search_term_string}"},"query-input":{"@type":"PropertyValueSpecification","valueRequired":true,"valueName":"search_term_string"}}],"inLanguage":"es-es"},{"@type":"Organization","@id":"https:\/\/coffeelounge.delonghi.com\/es-es\/#organization","name":"De'Longhi Coffee Lounge","url":"https:\/\/coffeelounge.delonghi.com\/es-es\/","logo":{"@type":"ImageObject","inLanguage":"es-es","@id":"https:\/\/coffeelounge.delonghi.com\/es-es\/#\/schema\/logo\/image\/","url":"https:\/\/coffeelounge.delonghi.com\/wp-content\/uploads\/2020\/05\/delonghi-coffee-lounge-logo-nederland.png","contentUrl":"https:\/\/coffeelounge.delonghi.com\/wp-content\/uploads\/2020\/05\/delonghi-coffee-lounge-logo-nederland.png","width":2337,"height":724,"caption":"De'Longhi Coffee Lounge"},"image":{"@id":"https:\/\/coffeelounge.delonghi.com\/es-es\/#\/schema\/logo\/image\/"}}]}},"_links":{"self":[{"href":"https:\/\/coffeelounge.delonghi.com\/es-es\/wp-json\/wp\/v2\/product\/187605","targetHints":{"allow":["GET"]}}],"collection":[{"href":"https:\/\/coffeelounge.delonghi.com\/es-es\/wp-json\/wp\/v2\/product"}],"about":[{"href":"https:\/\/coffeelounge.delonghi.com\/es-es\/wp-json\/wp\/v2\/types\/product"}],"replies":[{"embeddable":true,"href":"https:\/\/coffeelounge.delonghi.com\/es-es\/wp-json\/wp\/v2\/comments?post=187605"}],"version-history":[{"count":3,"href":"https:\/\/coffeelounge.delonghi.com\/es-es\/wp-json\/wp\/v2\/product\/187605\/revisions"}],"predecessor-version":[{"id":422269,"href":"https:\/\/coffeelounge.delonghi.com\/es-es\/wp-json\/wp\/v2\/product\/187605\/revisions\/422269"}],"wp:featuredmedia":[{"embeddable":true,"href":"https:\/\/coffeelounge.delonghi.com\/es-es\/wp-json\/wp\/v2\/media\/419012"}],"wp:attachment":[{"href":"https:\/\/coffeelounge.delonghi.com\/es-es\/wp-json\/wp\/v2\/media?parent=187605"}],"wp:term":[{"taxonomy":"product_cat","embeddable":true,"href":"https:\/\/coffeelounge.delonghi.com\/es-es\/wp-json\/wp\/v2\/product_cat?post=187605"},{"taxonomy":"product_tag","embeddable":true,"href":"https:\/\/coffeelounge.delonghi.com\/es-es\/wp-json\/wp\/v2\/product_tag?post=187605"}],"curies":[{"name":"wp","href":"https:\/\/api.w.org\/{rel}","templated":true}]}}