{"id":170424,"date":"2020-11-09T20:16:08","date_gmt":"2020-11-09T20:16:08","guid":{"rendered":"https:\/\/coffeelounge.delonghi.com\/cookies-policy\/"},"modified":"2022-06-28T10:05:49","modified_gmt":"2022-06-28T10:05:49","slug":"cookies-policy","status":"publish","type":"page","link":"https:\/\/coffeelounge.delonghi.com\/es-es\/cookies-policy\/","title":{"rendered":"Cookies policy"},"content":{"rendered":"\t\t<div data-elementor-type=\"wp-page\" data-elementor-id=\"170424\" class=\"elementor elementor-170424 elementor-15687\" data-elementor-post-type=\"page\">\n\t\t\t\t\t\t<section class=\"elementor-section elementor-top-section elementor-element elementor-element-128411c2 elementor-section-boxed elementor-section-height-default elementor-section-height-default\" data-id=\"128411c2\" data-element_type=\"section\">\n\t\t\t\t\t\t<div class=\"elementor-container elementor-column-gap-default\">\n\t\t\t\t\t<div class=\"elementor-column elementor-col-100 elementor-top-column elementor-element elementor-element-3902c048\" data-id=\"3902c048\" data-element_type=\"column\">\n\t\t\t<div class=\"elementor-widget-wrap elementor-element-populated\">\n\t\t\t\t\t\t<div class=\"elementor-element elementor-element-a882da4 elementor-widget elementor-widget-ucaddon_learn_intro_title\" data-id=\"a882da4\" data-element_type=\"widget\" data-widget_type=\"ucaddon_learn_intro_title.default\">\n\t\t\t\t<div class=\"elementor-widget-container\">\n\t\t\t\t\t\n<!-- start Learn Intro Title -->\n<style>\/* widget: Learn Intro Title *\/\n\n.learn_intro{\n  color:black;\n  font-family: \"Futura PT Book\", Sans-serif;\n  padding:0px;\n  margin-top: 0px;\n  margin-left: 164px;    \n  text-align: left;\n  position: relative;\n}\n\n.learn_intro_title{\n  font-size: 48px;\n  font-weight: normal;\n  font-stretch: normal;\n  font-style: normal;\n  line-height: 1.13;\n  letter-spacing: normal;\n  color: #131518;\n}\n\n.learn_intro_intro{\n  font-size: 18px;\n  font-weight: normal;\n  font-stretch: normal;\n  font-style: normal;\n  line-height: 1.33;\n  letter-spacing: normal;\n  color: #131518;\n  max-width:546px;\n}\n.learn_intro_title::before {\n  display: block;\n  content: ' ';\n  position: absolute;\n  width: 88px;\n  height: 2px;\n  background-color: #d07544;\n  top: 41px;\n  \/*top: 80px;*\/\n  left: 69px;\n  left: -96px;\n}\n.centered {\n  text-align: center !important;\n  margin-left:0;\n}\n\n.centered .learn_intro_title{\n  \n}\n.centered .learn_intro_title::before {\n  display: none;\n}\n\n.centered .learn_intro_intro{\n  max-width: 700px;\n  margin:auto;\n  margin-top: 16px;\n}\n\n@media  screen and (max-width: 1280px) {\n  .learn_intro{\n    margin-left: 20%;\n  }\n  .centered {\n    margin-left:0 !important;\n  }\n}\n\n@media only screen and (max-device-width: 480px) {\n  .learn_intro{\n    margin-left: 10%;\n  }\n  .centered {\n    margin-left:0 !important;\n  }  \n  .titolo_login .learn_intro_title {\n    margin-left: 0px;\n  }\n  .learn_intro_title {  \n    font-size: 32px;\n  }\n}\n\n<\/style>\n\n  <div class=\"learn_intro\">\n\n    <h2 class=\"learn_intro_title\">Pol\u00edtica de Cookies\n    <\/h2>\n      \n    \n  <\/div>\n\n\n<!-- end Learn Intro Title -->\t\t\t\t<\/div>\n\t\t\t\t<\/div>\n\t\t\t\t<div class=\"elementor-element elementor-element-26a394b1 testo_privacy elementor-widget elementor-widget-text-editor\" data-id=\"26a394b1\" data-element_type=\"widget\" data-widget_type=\"text-editor.default\">\n\t\t\t\t<div class=\"elementor-widget-container\">\n\t\t\t\t\t\t\t\t\t<div class=\"yCmsContentSlot dln-terms__content\"><div class=\"dln-terms__block\"><div class=\"dln-terms__paragraph\"><p><\/p><p>El sitio web del Grupo De&#8217;Longhi utiliza\u00a0<em>cookies<\/em>\u00a0para proporcionar al usuario acceso personalizado y mejorar su experiencia.<\/p><p>De\u2019Longhi Electrodom\u00e9sticos Espa\u00f1a, S.L., (en lo sucesivo, \u00abDe&#8217;Longhi\u00bb o la \u00abSociedad\u00bb) informa acerca de las\u00a0<em>cookies<\/em>\u00a0utilizadas en el sitio web https:\/\/www.delonghi.com\/ (en lo sucesivo, el \u00abSitio\u00bb) de conformidad con lo establecido en el Reglamento General de Protecci\u00f3n de Datos 2016\/679 (en lo sucesivo, \u00abRGPD\u00bb).<\/p><p>Este documento se refiere \u00fanicamente al sitio web de la Sociedad y no a los de terceros que el Usuario pudiera consultar por medio de enlaces. Puede consultar m\u00e1s informaci\u00f3n sobre la gesti\u00f3n del Sitio en la Pol\u00edtica de Privacidad de De&#8217;Longhi disponible en el siguiente enlace.<\/p><p>Finalidad del tratamiento de datos<\/p><p>La Sociedad podr\u00e1 recopilar y tratar autom\u00e1ticamente, mientras se navegue por el Sitio, cierta informaci\u00f3n mediante la instalaci\u00f3n de\u00a0<em>cookies<\/em>\u00a0en el dispositivo del cliente o del Usuario, con el objeto de prestar e integrar los servicios y caracter\u00edsticas que ofrece el Sitio (p.ej., gestionar las interacciones con el Usuario, mejorar su experiencia, enviar comunicaciones comerciales en respuesta a las necesidades y expectativas de los Usuarios).<\/p><p>La Sociedad podr\u00e1 tratar la citada informaci\u00f3n para medir la efectividad de las campa\u00f1as de publicidad o para hacer un seguimiento de las visitas que hagan los Usuarios al Sitio. A tal efecto, la Sociedad podr\u00e1 instalar\u00a0<em>cookies<\/em>\u00a0de terceros.<\/p><p>M\u00e1s abajo se ofrecen detalles de los distintos m\u00e9todos de tratamiento.<\/p><p>\u00bfQu\u00e9 es una\u00a0<em>cookie<\/em>?<\/p><p>Son ficheros de texto peque\u00f1os, que a menudo incluyen identificadores \u00fanicos, que env\u00edan los servidores web a los navegadores y que, posteriormente, pueden regresar al servidor cada vez que el navegador solicite una p\u00e1gina del servidor. Se utilizan con distintos fines, tienen caracter\u00edsticas diferentes y las pueden utilizar tanto el propietario del Sitio (\u00ab<em>cookies<\/em>\u00a0propias\u00bb) como por terceros (\u00ab<em>cookies<\/em>\u00a0de terceros\u00bb).<\/p><p>Las\u00a0<em>cookies<\/em>\u00a0permiten que un sitio web reconozca su dispositivo. Sus fines son varios, por ejemplo, le permitir\u00e1n navegar bien entre p\u00e1ginas, recordar sus sitios favoritos y, en general, mejorar su experiencia de navegaci\u00f3n. Tambi\u00e9n sirven para dirigirle mejor el contenido publicitario.<\/p><p>La informaci\u00f3n registrada en el dispositivo del Usuario se puede reutilizar durante la misma visita al Sitio (\u00ab<em>cookies<\/em>\u00a0de sesi\u00f3n\u00bb) o m\u00e1s tarde, incluso al cabo de unos d\u00edas (\u00ab<em>cookies<\/em>\u00a0persistentes\u00bb). Seg\u00fan las preferencias del Usuario, el navegador guardar\u00e1 las\u00a0<em>cookies<\/em>\u00a0en el dispositivo utilizado (ordenador, tableta, tel\u00e9fono inteligente).<\/p><p>La siguiente informaci\u00f3n se refiere a las\u00a0<em>cookies<\/em>\u00a0instaladas por el Sitio y qu\u00e9 instrucciones se necesitan para gestionar las preferencias del usuario respecto de ellas.<\/p><p><em>Cookies<\/em>\u00a0utilizadas en el Sitio<\/p><p>Se pueden clasificar en\u00a0<em>cookies<\/em>\u00a0propias y de terceros.<\/p><p>A.\u00a0<em>Cookies<\/em>\u00a0t\u00e9cnicas<\/p><p>Se refieren a actividades que son estrictamente necesarias para un correcto funcionamiento del Sitio y garantizan la utilizaci\u00f3n de sus servicios.<\/p><p>No requieren el consentimiento del Usuario. Se instalan autom\u00e1ticamente cuando el Usuario accede al Sitio. Aunque no se pueden deshabilitar utilizando las funciones del Sitio, la mayor\u00eda de los actuales navegadores permiten cambiar las preferencias y los valores de las\u00a0<em>cookies<\/em>. Puede consultar dichos valores en el men\u00fa \u00abopciones\u00bb o \u00abpreferencias\u00bb de su navegador o utilizar la opci\u00f3n \u00abAyuda\u00bb del navegador para m\u00e1s informaci\u00f3n.<\/p><p>Si se bloquea el uso de estas\u00a0<em>cookies<\/em>\u00a0espec\u00edficas, el servicio que se ofrezca al Usuario por medio del Sitio ser\u00e1 limitado, por lo que se ver\u00e1 afectada su experiencia de navegaci\u00f3n. Si desea m\u00e1s informaci\u00f3n consulte la secci\u00f3n \u00abGestionar las\u00a0<em>cookies<\/em>\u00a0del Sitio\u00bb de este documento.<\/p><p>En este caso, sirve de base jur\u00eddica el Art\u00edculo 6, p\u00e1rrafo 1, letra f del RGPD, ya que se trata de un tratamiento necesario para salvaguardar nuestros intereses leg\u00edtimos. A tal efecto, hacemos valer un inter\u00e9s leg\u00edtimo de personalizar el Sitio para que el usuario pueda visitarlo y utilizarlo.<\/p><p>Puede consultar m\u00e1s informaci\u00f3n sobre las\u00a0<em>cookies<\/em>\u00a0t\u00e9cnicas (p.ej., nombre, prop\u00f3sito de empleo y tiempo de almacenamiento) en el siguiente enlace.<\/p><p>B.\u00a0<em>Cookies<\/em>\u00a0funcionales<\/p><p>Se utilizan para recopilar informaci\u00f3n sobre c\u00f3mo se utiliza el Sitio. Se recoge informaci\u00f3n sobre, por ejemplo, qu\u00e9 p\u00e1ginas del Sitio visitan con m\u00e1s frecuencia los Usuarios o si estos reciben o no mensajes de error.<\/p><p>Entre las\u00a0<em>cookies<\/em>\u00a0funcionales configuradas en el Sitio tambi\u00e9n hay\u00a0<em>cookies<\/em>\u00a0de terceros. La Sociedad utiliza Google Analytics, un servicio de an\u00e1lisis de sitios web de Google Inc., para hacer un seguimiento del uso del Sitio de forma agregada por medio de\u00a0<em>cookies<\/em>. El Usuario puede deshabilitar el uso que hace Google Analytics de las\u00a0<em>cookies<\/em>\u00a0cambiando los valores de su navegador (si desea m\u00e1s informaci\u00f3n consulte el apartado \u00abGestionar las\u00a0<em>cookies<\/em>\u00a0del Sitio\u00bb), sin embargo, hacerlo repercutir\u00e1 negativamente porque limitar\u00e1 las funcionalidades del Sitio. Puede consultar la pol\u00edtica de privacidad de Google Analytics&#8217; en http:\/\/www.google.com\/intl\/it_ALL\/analytics\/learn\/privacy.html.<\/p><p>Conviene tener en cuenta, no obstante, que las\u00a0<em>cookies<\/em>\u00a0funcionales no permiten identificar directamente al Usuario del sitio. Los datos personales recopilados son adecuadamente anonimizados y agregados para definir estad\u00edsticas cuya finalidad es optimizar el rendimiento del Sitio y la experiencia del Usuario.<\/p><p>La instalaci\u00f3n de estas\u00a0<em>cookies<\/em>\u00a0requiere el consentimiento previo, libre y expl\u00edcito del Usuario, que el Sitio recaba por medio del anuncio que aparece en el Sitio la primera vez que se visita. Para m\u00e1s detalles acerca de las modalidades a las que el Usuario puede dar o retirar el consentimiento, visite el apartado \u00abGestionar las\u00a0<em>cookies<\/em>\u00a0del Sitio\u00bb. Denegar el consentimiento al uso de\u00a0<em>cookies<\/em>\u00a0funcionales no impedir\u00e1 acceder al Sitio en general, pero s\u00ed a las funciones o contenido que emplean dichas\u00a0<em>cookies<\/em>.<\/p><p>En este caso sirve de base jur\u00eddica el Art\u00edculo\u00a0 6, p\u00e1rrafo 1, letra a del RGPD, si el usuario ha dado su consentimiento.<\/p><p>Puede consultar m\u00e1s informaci\u00f3n sobre las\u00a0<em>cookies<\/em>\u00a0funcionales (p.ej., nombre, prop\u00f3sito de empleo y tiempo de almacenamiento, posibles terceros) en el siguiente enlace.<\/p><p>C.\u00a0<em>Cookies<\/em>\u00a0publicitarias<\/p><p>El Sitio tambi\u00e9n utiliza\u00a0<em>cookies<\/em>\u00a0publicitarias que permiten analizar el comportamiento del Usuario con fines de marketing. Se emplean para mostrar al Usuario los anuncios m\u00e1s relevantes e interesantes, tanto de las webs de De\u2019Longhi como otras ajenas.<\/p><p>Esta categor\u00eda de\u00a0<em>cookies<\/em>\u00a0incluye las gestionadas directamente por terceros por medio de las cuales dichos terceros pueden recabar informaci\u00f3n relacionada con su visita al Sitio. M\u00e1s abajo se enumeran los distintos tipos de\u00a0<em>cookies<\/em>\u00a0publicitarias:<\/p><ul><li><em>Cookies<\/em>\u00a0publicitarias: se emplean para hacer publicidad en base a los intereses manifestados en la navegaci\u00f3n por internet.<\/li><li><em>Cookies<\/em>\u00a0de reasignaci\u00f3n: se emplean para enviar anuncios a Usuarios que previamente hayan visitado el Sitio.<\/li><li><em>Cookies<\/em>\u00a0de redes sociales: se emplean para integrar las redes sociales en el Sitio de manera que el Usuario pueda indicar \u00abMe gusta\u00bb o compartir una p\u00e1gina o producto en su red social preferida.<\/li><\/ul><p>La instalaci\u00f3n y el posterior uso de estas\u00a0<em>cookies<\/em>\u00a0requiere el consentimiento previo, libre y expl\u00edcito del Usuario, que el Sitio recaba por medio del anuncio que aparece en el Sitio la primera vez que se visita. Para m\u00e1s detalles acerca de las modalidades a las que el Usuario puede dar o retirar el consentimiento, visite el apartado \u00abGestionar las\u00a0<em>cookies<\/em>\u00a0del Sitio\u00bb. Denegar el consentimiento al uso de\u00a0<em>cookies<\/em>\u00a0publicitarias no impedir\u00e1 acceder al Sitio en general, pero s\u00ed a las funciones o contenido que emplean dichas\u00a0<em>cookies<\/em>.<\/p><p>En este caso sirve de base jur\u00eddica el Art\u00edculo 6, p\u00e1rrafo 1, letra a del RGPD, si el Usuario ha dado su consentimiento.<\/p><p>Puede consultar m\u00e1s informaci\u00f3n sobre las\u00a0<em>cookies<\/em>\u00a0publicitarias (p.ej., nombre, prop\u00f3sito de empleo y tiempo de almacenamiento, posibles terceros) en el siguiente enlace.<\/p><p>Gestionar las\u00a0<em>cookies<\/em>\u00a0del Sitio<\/p><p>El Usuario puede dar su consentimiento de tres formas:<\/p><ul><li>Siguiendo la informaci\u00f3n indicada en el anuncio de\u00a0<em>cookies<\/em>\u00a0que aparece en la p\u00e1gina en la que se aterriza cuando se visita el Sitio (haciendo clic en el bot\u00f3n \u00abAcepto\u00bb). De este modo, el Usuario da su consentimiento al uso de todo tipo de\u00a0<em>cookies<\/em>, sin importar a qu\u00e9 categor\u00eda pertenezcan.<\/li><li>Si el Usuario hace clic en el bot\u00f3n \u00abGestionar las preferencias\u00bb, al que se accede a trav\u00e9s del anuncio de\u00a0<em>cookies<\/em>\u00a0(o por medio del siguiente enlace), podr\u00e1 expresar su consentimiento a una categor\u00eda espec\u00edfica de\u00a0<em>cookies<\/em>. Si coloca el cursor en la secci\u00f3n\u00a0<em>cookies<\/em>\u00a0funcionales y hace clic en el bot\u00f3n \u00abEnviar preferencias\u00bb expresar\u00e1 su consentimiento a todas las\u00a0<em>cookies<\/em>\u00a0de esta categor\u00eda. Si coloca el cursor en la secci\u00f3n\u00a0<em>cookies<\/em>\u00a0publicitarias y pulsa el bot\u00f3n \u00abEnviar preferencias\u00bb expresar\u00e1 su consentimiento a todas las\u00a0<em>cookies<\/em>\u00a0funcionales y publicitarias.<\/li><li>Si hace clic en el bot\u00f3n \u00abAjustes avanzados\u00bb (enlace) podr\u00e1 comprobar la informaci\u00f3n detallada de todas las\u00a0<em>cookies<\/em>\u00a0de cada categor\u00eda y autorizar o rechazar determinadas\u00a0<em>cookies<\/em>.<\/li><\/ul><p>Se rastrear\u00e1 este consentimiento en posteriores visitas. Si el Usuario desease revocar su consentimiento deber\u00e1 seguir las siguientes instrucciones:<\/p><ul><li>hacer clic en el bot\u00f3n \u00abGestionar preferencias\u00bb y especificar las categor\u00edas de\u00a0<em>cookies<\/em>\u00a0a las que no desee dar su consentimiento; o<\/li><li>hacer clic en el bot\u00f3n \u00abAjustes avanzados\u00bb y especificar las categor\u00edas de\u00a0<em>cookies<\/em>\u00a0a las que no desee dar su consentimiento.<\/li><\/ul><p>Tenga en cuenta que, como se indica en la secci\u00f3n \u00ab<em>Cookies<\/em>\u00a0del Sitio: A.\u00a0<em>Cookies<\/em>\u00a0t\u00e9cnicas\u00bb, ajustar las\u00a0<em>cookies<\/em>\u00a0del Sitio no permite borrar las\u00a0<em>cookies<\/em>\u00a0t\u00e9cnicas que ya hayan sido instaladas.<\/p><p>Tambi\u00e9n puede gestionar las\u00a0<em>cookies<\/em>\u00a0por medio de los ajustes de su navegador. La funci\u00f3n \u00abayuda\u00bb de la mayor\u00eda de los navegadores explica c\u00f3mo evitar que el navegador acepte nuevas\u00a0<em>cookies<\/em>, c\u00f3mo el navegador le puede advertir cada vez que reciba una nueva\u00a0<em>cookie<\/em>, c\u00f3mo deshabilitarlas y cu\u00e1ndo expiran. Si deshabilita todas las\u00a0<em>cookies<\/em>\u00a0de su navegador, ni De\u2019Longhi ni terceros le enviar\u00e1n\u00a0<em>cookies<\/em>\u00a0a su navegador.<\/p><p>Si desea conocer el tipo de navegador y la versi\u00f3n que tiene instalada en su ordenador, consulte la secci\u00f3n \u00abAyuda\u00bb que aparezca en la parte superior de la ventana de su navegador.<\/p><p>La mayor\u00eda de los navegadores permiten rechazar o aceptar\u00a0<em>cookies<\/em>:<\/p><ul><li>en Internet Explorer, haga clic en \u00abHerramientas\u00bb, \u00abOpciones de internet\u00bb, \u00abPrivacidad\u00bb y seleccione \u00abBloquear todas las\u00a0<em>cookies<\/em>\u00bb.\u00a0 Puede consultar todas las instrucciones en el siguiente enlace:<\/li><\/ul><p>http:\/\/windows.microsoft.com\/it-it\/internet-explorer\/delete-manage-cookies#ie=ie-10-win-7<\/p><ul><li>en Firefox, haga clic en \u00abHerramientas\u00bb, \u00abOpciones\u00bb y borre la selecci\u00f3n \u00abHabilitar el antirrastreo de datos personales\u00bb en la secci\u00f3n \u00abPrivacidad\u00bb.\u00a0 Puede consultar todas las instrucciones en el siguiente enlace:\u00a0https:\/\/support.mozilla.org\/it\/kb\/Bloccare%20i%20cookie<\/li><li>en Google Chrome, siga las instrucciones que ofrece el sitio\u00a0https:\/\/support.google.com\/chrome\/answer\/95647?hl=it<\/li><li>en Apple, siga las instrucciones que ofrece el sitio\u00a0http:\/\/www.apple.com\/safari\/features.html#security<\/li><\/ul><p>El Usuario siempre podr\u00e1 borrar las\u00a0<em>cookies<\/em>\u00a0que ya tenga guardadas en su ordenador:<\/p><ul><li>en Internet Explorer, haga clic en \u00abHerramientas\u00bb, \u00abOpciones de internet\u00bb, \u00abPrivacidad\u00bb y seleccione \u00abBloquear todas las\u00a0<em>cookies<\/em>\u00bb. Puede consultar todas las instrucciones en el siguiente enlace:<\/li><\/ul><p><a href=\"http:\/\/windows.microsoft.com\/it-it\/internet-explorer\/delete-manage-cookies#ie=ie-10-win-7\">http:\/\/windows.microsoft.com\/it-it\/internet-explorer\/delete-manage-cookies#ie=ie-10-win-7<\/a><\/p><ul><li>en Firefox, haga clic en \u00abHerramientas\u00bb, \u00abOpciones\u00bb y borre la selecci\u00f3n \u00abHabilitar el antirrastreo de datos personales\u00bb en la secci\u00f3n \u00abPrivacidad\u00bb. Puede consultar las instrucciones en el siguiente enlace<a href=\"https:\/\/support.mozilla.org\/it\/kb\/Bloccare%20i%20cookie\">https:\/\/support.mozilla.org\/it\/kb\/Bloccare%20i%20cookie<\/a><\/li><li>en Google Chrome, siga las instrucciones que ofrece el sitio\u00a0\u00a0https:\/\/support.google.com\/chrome\/answer\/95647?hl=it<\/li><li>en Apple, siga las instrucciones que ofrece el sitio\u00a0\u00a0http:\/\/www.apple.com\/safari\/features.html#security<\/li><\/ul><p>Recuerde que borrar y bloquear\u00a0<em>cookies<\/em>\u00a0puede repercutir negativamente en el uso que haga del Sitio, es decir, puede limitar su funcionalidad. Es posible que tenga que cambiar manualmente algunos valores cada vez que visite el Sitio y tambi\u00e9n que algunas caracter\u00edsticas y servicios no funcionen.<\/p><\/div><\/div><\/div>\t\t\t\t\t\t\t\t<\/div>\n\t\t\t\t<\/div>\n\t\t\t\t\t<\/div>\n\t\t<\/div>\n\t\t\t\t\t<\/div>\n\t\t<\/section>\n\t\t\t\t<\/div>\n\t\t","protected":false},"excerpt":{"rendered":"<p>Pol\u00edtica de Cookies El sitio web del Grupo De&#8217;Longhi utiliza\u00a0cookies\u00a0para proporcionar al usuario acceso personalizado y mejorar su experiencia. De\u2019Longhi Electrodom\u00e9sticos Espa\u00f1a, S.L., (en lo sucesivo, \u00abDe&#8217;Longhi\u00bb o la \u00abSociedad\u00bb) informa acerca de las\u00a0cookies\u00a0utilizadas en el sitio web https:\/\/www.delonghi.com\/ (en lo sucesivo, el \u00abSitio\u00bb) de conformidad con lo establecido en el Reglamento General de Protecci\u00f3n [&hellip;]<\/p>\n","protected":false},"author":76,"featured_media":0,"parent":0,"menu_order":0,"comment_status":"closed","ping_status":"closed","template":"","meta":{"_acf_changed":false,"footnotes":""},"class_list":["post-170424","page","type-page","status-publish","hentry"],"acf":[],"yoast_head":"<!-- This site is optimized with the Yoast SEO Premium plugin v24.5 (Yoast SEO v24.5) - https:\/\/yoast.com\/wordpress\/plugins\/seo\/ -->\n<title>Cookies policy | De&#039;Longhi<\/title>\n<meta name=\"robots\" content=\"index, follow, max-snippet:-1, max-image-preview:large, max-video-preview:-1\" \/>\n<meta name=\"twitter:card\" content=\"summary_large_image\" \/>\n<meta name=\"twitter:title\" content=\"Cookies policy | De&#039;Longhi\" \/>\n<meta name=\"twitter:description\" content=\"Pol\u00edtica de Cookies El sitio web del Grupo De&#8217;Longhi utiliza\u00a0cookies\u00a0para proporcionar al usuario acceso personalizado y mejorar su experiencia. De\u2019Longhi Electrodom\u00e9sticos Espa\u00f1a, S.L., (en lo sucesivo, \u00abDe&#8217;Longhi\u00bb o la \u00abSociedad\u00bb) informa acerca de las\u00a0cookies\u00a0utilizadas en el sitio web https:\/\/www.delonghi.com\/ (en lo sucesivo, el \u00abSitio\u00bb) de conformidad con lo establecido en el Reglamento General de Protecci\u00f3n [&hellip;]\" \/>\n<script type=\"application\/ld+json\" class=\"yoast-schema-graph\">{\"@context\":\"https:\/\/schema.org\",\"@graph\":[{\"@type\":\"WebPage\",\"@id\":\"https:\/\/coffeelounge.delonghi.com\/es-es\/cookies-policy\/\",\"url\":\"https:\/\/coffeelounge.delonghi.com\/es-es\/cookies-policy\/\",\"name\":\"Cookies policy | De&#039;Longhi\",\"isPartOf\":{\"@id\":\"https:\/\/coffeelounge.delonghi.com\/es-es\/#website\"},\"datePublished\":\"2020-11-09T20:16:08+00:00\",\"dateModified\":\"2022-06-28T10:05:49+00:00\",\"breadcrumb\":{\"@id\":\"https:\/\/coffeelounge.delonghi.com\/es-es\/cookies-policy\/#breadcrumb\"},\"inLanguage\":\"es-es\",\"potentialAction\":[{\"@type\":\"ReadAction\",\"target\":[\"https:\/\/coffeelounge.delonghi.com\/es-es\/cookies-policy\/\"]}]},{\"@type\":\"BreadcrumbList\",\"@id\":\"https:\/\/coffeelounge.delonghi.com\/es-es\/cookies-policy\/#breadcrumb\",\"itemListElement\":[{\"@type\":\"ListItem\",\"position\":1,\"name\":\"Home\",\"item\":\"https:\/\/coffeelounge.delonghi.com\/es-es\/\"},{\"@type\":\"ListItem\",\"position\":2,\"name\":\"Cookies policy\"}]},{\"@type\":\"WebSite\",\"@id\":\"https:\/\/coffeelounge.delonghi.com\/es-es\/#website\",\"url\":\"https:\/\/coffeelounge.delonghi.com\/es-es\/\",\"name\":\"De&#039;Longhi\",\"description\":\"Coffee Lounge\",\"publisher\":{\"@id\":\"https:\/\/coffeelounge.delonghi.com\/es-es\/#organization\"},\"potentialAction\":[{\"@type\":\"SearchAction\",\"target\":{\"@type\":\"EntryPoint\",\"urlTemplate\":\"https:\/\/coffeelounge.delonghi.com\/es-es\/?s={search_term_string}\"},\"query-input\":{\"@type\":\"PropertyValueSpecification\",\"valueRequired\":true,\"valueName\":\"search_term_string\"}}],\"inLanguage\":\"es-es\"},{\"@type\":\"Organization\",\"@id\":\"https:\/\/coffeelounge.delonghi.com\/es-es\/#organization\",\"name\":\"De'Longhi Coffee Lounge\",\"url\":\"https:\/\/coffeelounge.delonghi.com\/es-es\/\",\"logo\":{\"@type\":\"ImageObject\",\"inLanguage\":\"es-es\",\"@id\":\"https:\/\/coffeelounge.delonghi.com\/es-es\/#\/schema\/logo\/image\/\",\"url\":\"https:\/\/coffeelounge.delonghi.com\/wp-content\/uploads\/2020\/05\/delonghi-coffee-lounge-logo-nederland.png\",\"contentUrl\":\"https:\/\/coffeelounge.delonghi.com\/wp-content\/uploads\/2020\/05\/delonghi-coffee-lounge-logo-nederland.png\",\"width\":2337,\"height\":724,\"caption\":\"De'Longhi Coffee Lounge\"},\"image\":{\"@id\":\"https:\/\/coffeelounge.delonghi.com\/es-es\/#\/schema\/logo\/image\/\"}}]}<\/script>\n<!-- \/ Yoast SEO Premium plugin. -->","yoast_head_json":{"title":"Cookies policy | De&#039;Longhi","robots":{"index":"index","follow":"follow","max-snippet":"max-snippet:-1","max-image-preview":"max-image-preview:large","max-video-preview":"max-video-preview:-1"},"twitter_card":"summary_large_image","twitter_title":"Cookies policy | De&#039;Longhi","twitter_description":"Pol\u00edtica de Cookies El sitio web del Grupo De&#8217;Longhi utiliza\u00a0cookies\u00a0para proporcionar al usuario acceso personalizado y mejorar su experiencia. De\u2019Longhi Electrodom\u00e9sticos Espa\u00f1a, S.L., (en lo sucesivo, \u00abDe&#8217;Longhi\u00bb o la \u00abSociedad\u00bb) informa acerca de las\u00a0cookies\u00a0utilizadas en el sitio web https:\/\/www.delonghi.com\/ (en lo sucesivo, el \u00abSitio\u00bb) de conformidad con lo establecido en el Reglamento General de Protecci\u00f3n [&hellip;]","schema":{"@context":"https:\/\/schema.org","@graph":[{"@type":"WebPage","@id":"https:\/\/coffeelounge.delonghi.com\/es-es\/cookies-policy\/","url":"https:\/\/coffeelounge.delonghi.com\/es-es\/cookies-policy\/","name":"Cookies policy | De&#039;Longhi","isPartOf":{"@id":"https:\/\/coffeelounge.delonghi.com\/es-es\/#website"},"datePublished":"2020-11-09T20:16:08+00:00","dateModified":"2022-06-28T10:05:49+00:00","breadcrumb":{"@id":"https:\/\/coffeelounge.delonghi.com\/es-es\/cookies-policy\/#breadcrumb"},"inLanguage":"es-es","potentialAction":[{"@type":"ReadAction","target":["https:\/\/coffeelounge.delonghi.com\/es-es\/cookies-policy\/"]}]},{"@type":"BreadcrumbList","@id":"https:\/\/coffeelounge.delonghi.com\/es-es\/cookies-policy\/#breadcrumb","itemListElement":[{"@type":"ListItem","position":1,"name":"Home","item":"https:\/\/coffeelounge.delonghi.com\/es-es\/"},{"@type":"ListItem","position":2,"name":"Cookies policy"}]},{"@type":"WebSite","@id":"https:\/\/coffeelounge.delonghi.com\/es-es\/#website","url":"https:\/\/coffeelounge.delonghi.com\/es-es\/","name":"De&#039;Longhi","description":"Coffee Lounge","publisher":{"@id":"https:\/\/coffeelounge.delonghi.com\/es-es\/#organization"},"potentialAction":[{"@type":"SearchAction","target":{"@type":"EntryPoint","urlTemplate":"https:\/\/coffeelounge.delonghi.com\/es-es\/?s={search_term_string}"},"query-input":{"@type":"PropertyValueSpecification","valueRequired":true,"valueName":"search_term_string"}}],"inLanguage":"es-es"},{"@type":"Organization","@id":"https:\/\/coffeelounge.delonghi.com\/es-es\/#organization","name":"De'Longhi Coffee Lounge","url":"https:\/\/coffeelounge.delonghi.com\/es-es\/","logo":{"@type":"ImageObject","inLanguage":"es-es","@id":"https:\/\/coffeelounge.delonghi.com\/es-es\/#\/schema\/logo\/image\/","url":"https:\/\/coffeelounge.delonghi.com\/wp-content\/uploads\/2020\/05\/delonghi-coffee-lounge-logo-nederland.png","contentUrl":"https:\/\/coffeelounge.delonghi.com\/wp-content\/uploads\/2020\/05\/delonghi-coffee-lounge-logo-nederland.png","width":2337,"height":724,"caption":"De'Longhi Coffee Lounge"},"image":{"@id":"https:\/\/coffeelounge.delonghi.com\/es-es\/#\/schema\/logo\/image\/"}}]}},"_links":{"self":[{"href":"https:\/\/coffeelounge.delonghi.com\/es-es\/wp-json\/wp\/v2\/pages\/170424","targetHints":{"allow":["GET"]}}],"collection":[{"href":"https:\/\/coffeelounge.delonghi.com\/es-es\/wp-json\/wp\/v2\/pages"}],"about":[{"href":"https:\/\/coffeelounge.delonghi.com\/es-es\/wp-json\/wp\/v2\/types\/page"}],"author":[{"embeddable":true,"href":"https:\/\/coffeelounge.delonghi.com\/es-es\/wp-json\/wp\/v2\/users\/76"}],"replies":[{"embeddable":true,"href":"https:\/\/coffeelounge.delonghi.com\/es-es\/wp-json\/wp\/v2\/comments?post=170424"}],"version-history":[{"count":0,"href":"https:\/\/coffeelounge.delonghi.com\/es-es\/wp-json\/wp\/v2\/pages\/170424\/revisions"}],"wp:attachment":[{"href":"https:\/\/coffeelounge.delonghi.com\/es-es\/wp-json\/wp\/v2\/media?parent=170424"}],"curies":[{"name":"wp","href":"https:\/\/api.w.org\/{rel}","templated":true}]}}