{"id":32886,"date":"2021-05-20T15:11:33","date_gmt":"2021-05-20T15:11:33","guid":{"rendered":"https:\/\/coffeelounge.delonghi.com\/?post_type=product&#038;p=32886"},"modified":"2024-03-04T09:19:40","modified_gmt":"2024-03-04T09:19:40","slug":"obenauf-temple-mountain-espresso","status":"publish","type":"product","link":"https:\/\/coffeelounge.delonghi.com\/de\/produkt\/obenauf-temple-mountain-espresso\/","title":{"rendered":"Temple Mountain Espresso"},"content":{"rendered":"<p>Der Temple Mountain ist ein sehr au\u00dfergew\u00f6hnlicher und exklusiver Espresso. Er bietet eine balancierte Tasse mit einem kr\u00e4ftigen K\u00f6rper und feinen Fruchtnoten. Der Temple Mountain hat eine mittlere Verweildauer mit Noten von Pfirsich und Aprikose.<\/p>\n<p>Die Bohnen werden h\u00e4ndisch im Langzeit-R\u00f6stverfahren ger\u00f6stet. Durch die perforierte Kupfertrommel erhalten die Bohnen tiefe und komplexe R\u00f6staromen, ohne dabei zu verbrennen. Durch das schonende R\u00f6stverfahren entsteht ein sehr bek\u00f6mmlicher und aromatischer Kaffee.<\/p>\n<p>Dies ist ein ganz besonderer Kaffee. Die Variet\u00e4t Catimor (BBTC) ist eine sog. Arabicoid, eine Keuzgattung aus Arabica und Canephora. Sie ist das Resultat einer 70-j\u00e4hrigen andauernden Kultivierung und Kreuzung aus einem Hibrido de Timor und einem Caturra. Diese Variet\u00e4t wird weltweit exklusiv bei Obenauf gef\u00fchrt und weist eine Weltjahresernte von 300 Kilogramm auf.<br \/>\nGeschmacklich vereinen Sie die Charaktere der verschiedenen Gattungen und zeichnet sich durch liebliche Steinobstnoten gepaart mit einem kr\u00e4ftigen K\u00f6rper aus. Dieses Geschmacksprofil w\u00e4re sonst nur durch aufwendigste Mischungen m\u00f6glich.<\/p>\n<p>Die Aufbereitung ist eine aufwendige Zwischenform des Ausbaus. Zun\u00e4chst werden die Kirschen gr\u00fcndlich gewaschen, bevor sie in einem Honey Process weiterverarbeitet werden.<br \/>\nDie Pflanzen werden in den Baba Budan Giri Hills angebaut. Mitten im indischen Dschungel w\u00e4chst der Kaffee umgeben von unber\u00fchrte Natur, im Schatten von einer Vielzahl an Gew\u00fcrzb\u00e4umen, wie z.B. von Nelken-, Muskat-, und Pfeffer. Die Kaffeepflanzen nehmen deutlich die Noten der umstehenden Gew\u00fcrzb\u00e4ume an.<\/p>\n<p>Die Badra Estates von unserem Partner Jacob Mammen sind seit 1936 in Familienbesitz und wurden mehrfach als beste Farm Indiens pr\u00e4miert.<\/p>\n<p>Wir verfolgen den Ansatz des Direct Trades. Das hei\u00dft, dass wir unsere Farmer pers\u00f6nlich kennen und auch auf der Farm vor Ort waren. Die Farmer erhalten \u00fcber Langzeitkontrakte einen fixen Preis, unabh\u00e4ngig vom stark schwankenden B\u00f6rsenkurs. Durch den weitaus h\u00f6heren Preis abseits des regul\u00e4ren Marktes erfahren die Farmer \u00fcber einen langen Zeitraum Planungssicherheit und erhalten einen wirklich \u201efairen\u201c Lohn. Wir arbeiten mit unseren Partnern auf Augenh\u00f6he \u2013 als Ergebnis erhalten wir daf\u00fcr die weltbeste Qualit\u00e4t.<\/p>\n","protected":false},"excerpt":{"rendered":"<p>Der Temple Mountain ist ein sehr au\u00dfergew\u00f6hnlicher und exklusiver Espresso. Er bietet eine balancierte Tasse mit einem kr\u00e4ftigen K\u00f6rper und feinen Fruchtnoten. Der Temple Mountain hat eine mittlere Verweildauer mit Noten von Pfirsich und Aprikose. Die Bohnen werden h\u00e4ndisch im Langzeit-R\u00f6stverfahren ger\u00f6stet. Durch die perforierte Kupfertrommel erhalten die Bohnen tiefe und komplexe R\u00f6staromen, ohne dabei [&hellip;]<\/p>\n","protected":false},"featured_media":421456,"comment_status":"closed","ping_status":"closed","template":"","meta":{"_acf_changed":false},"product_cat":[262,261,277],"product_tag":[],"class_list":{"0":"post-32886","1":"product","2":"type-product","3":"status-publish","4":"has-post-thumbnail","6":"product_cat-alle-kaffees","7":"product_cat-single-origin","8":"product_cat-spezialitaetenkaffee","10":"first","11":"instock","12":"taxable","13":"shipping-taxable","14":"purchasable","15":"product-type-variable","16":"has-default-attributes"},"acf":[],"yoast_head":"<!-- This site is optimized with the Yoast SEO Premium plugin v24.5 (Yoast SEO v24.5) - https:\/\/yoast.com\/wordpress\/plugins\/seo\/ -->\n<title>Temple Mountain Espresso | Coffee Lounge De&#039;Longhi<\/title>\n<meta name=\"description\" content=\"Temple Mountain ist ein exklusiver Espresso der R\u00f6sterei Obenauf aus einer Kreuzung von Arabica und Canephora: Arabicoid. Mehr dazu in der Coffee Lounge.\" \/>\n<meta name=\"robots\" content=\"index, follow, max-snippet:-1, max-image-preview:large, max-video-preview:-1\" \/>\n<meta name=\"twitter:card\" content=\"summary_large_image\" \/>\n<meta name=\"twitter:title\" content=\"Temple Mountain Espresso | Coffee Lounge De&#039;Longhi\" \/>\n<meta name=\"twitter:description\" content=\"Temple Mountain ist ein exklusiver Espresso der R\u00f6sterei Obenauf aus einer Kreuzung von Arabica und Canephora: Arabicoid. Mehr dazu in der Coffee Lounge.\" \/>\n<meta name=\"twitter:image\" content=\"https:\/\/coffeelounge.delonghi.com\/wp-content\/uploads\/2021\/05\/temple_mountain_espresso.png\" \/>\n<script type=\"application\/ld+json\" class=\"yoast-schema-graph\">{\"@context\":\"https:\/\/schema.org\",\"@graph\":[{\"@type\":\"WebPage\",\"@id\":\"https:\/\/coffeelounge.delonghi.com\/de\/produkt\/obenauf-temple-mountain-espresso\/\",\"url\":\"https:\/\/coffeelounge.delonghi.com\/de\/produkt\/obenauf-temple-mountain-espresso\/\",\"name\":\"Temple Mountain Espresso | Coffee Lounge De&#039;Longhi\",\"isPartOf\":{\"@id\":\"https:\/\/coffeelounge.delonghi.com\/de\/#website\"},\"primaryImageOfPage\":{\"@id\":\"https:\/\/coffeelounge.delonghi.com\/de\/produkt\/obenauf-temple-mountain-espresso\/#primaryimage\"},\"image\":{\"@id\":\"https:\/\/coffeelounge.delonghi.com\/de\/produkt\/obenauf-temple-mountain-espresso\/#primaryimage\"},\"thumbnailUrl\":\"https:\/\/coffeelounge.delonghi.com\/wp-content\/uploads\/2021\/05\/temple_mountain_espresso.png\",\"datePublished\":\"2021-05-20T15:11:33+00:00\",\"dateModified\":\"2024-03-04T09:19:40+00:00\",\"description\":\"Temple Mountain ist ein exklusiver Espresso der R\u00f6sterei Obenauf aus einer Kreuzung von Arabica und Canephora: Arabicoid. Mehr dazu in der Coffee Lounge.\",\"breadcrumb\":{\"@id\":\"https:\/\/coffeelounge.delonghi.com\/de\/produkt\/obenauf-temple-mountain-espresso\/#breadcrumb\"},\"inLanguage\":\"de\",\"potentialAction\":[{\"@type\":\"ReadAction\",\"target\":[\"https:\/\/coffeelounge.delonghi.com\/de\/produkt\/obenauf-temple-mountain-espresso\/\"]}]},{\"@type\":\"ImageObject\",\"inLanguage\":\"de\",\"@id\":\"https:\/\/coffeelounge.delonghi.com\/de\/produkt\/obenauf-temple-mountain-espresso\/#primaryimage\",\"url\":\"https:\/\/coffeelounge.delonghi.com\/wp-content\/uploads\/2021\/05\/temple_mountain_espresso.png\",\"contentUrl\":\"https:\/\/coffeelounge.delonghi.com\/wp-content\/uploads\/2021\/05\/temple_mountain_espresso.png\",\"width\":450,\"height\":450},{\"@type\":\"BreadcrumbList\",\"@id\":\"https:\/\/coffeelounge.delonghi.com\/de\/produkt\/obenauf-temple-mountain-espresso\/#breadcrumb\",\"itemListElement\":[{\"@type\":\"ListItem\",\"position\":1,\"name\":\"Home\",\"item\":\"https:\/\/coffeelounge.delonghi.com\/de\/\"},{\"@type\":\"ListItem\",\"position\":2,\"name\":\"Produkte\",\"item\":\"https:\/\/coffeelounge.delonghi.com\/de\/produkte\/\"},{\"@type\":\"ListItem\",\"position\":3,\"name\":\"Temple Mountain Espresso\"}]},{\"@type\":\"WebSite\",\"@id\":\"https:\/\/coffeelounge.delonghi.com\/de\/#website\",\"url\":\"https:\/\/coffeelounge.delonghi.com\/de\/\",\"name\":\"De&#039;Longhi\",\"description\":\"Coffee Lounge\",\"publisher\":{\"@id\":\"https:\/\/coffeelounge.delonghi.com\/de\/#organization\"},\"potentialAction\":[{\"@type\":\"SearchAction\",\"target\":{\"@type\":\"EntryPoint\",\"urlTemplate\":\"https:\/\/coffeelounge.delonghi.com\/de\/?s={search_term_string}\"},\"query-input\":{\"@type\":\"PropertyValueSpecification\",\"valueRequired\":true,\"valueName\":\"search_term_string\"}}],\"inLanguage\":\"de\"},{\"@type\":\"Organization\",\"@id\":\"https:\/\/coffeelounge.delonghi.com\/de\/#organization\",\"name\":\"De'Longhi Coffee Lounge\",\"url\":\"https:\/\/coffeelounge.delonghi.com\/de\/\",\"logo\":{\"@type\":\"ImageObject\",\"inLanguage\":\"de\",\"@id\":\"https:\/\/coffeelounge.delonghi.com\/de\/#\/schema\/logo\/image\/\",\"url\":\"https:\/\/coffeelounge.delonghi.com\/wp-content\/uploads\/2020\/05\/delonghi-coffee-lounge-logo-nederland.png\",\"contentUrl\":\"https:\/\/coffeelounge.delonghi.com\/wp-content\/uploads\/2020\/05\/delonghi-coffee-lounge-logo-nederland.png\",\"width\":2337,\"height\":724,\"caption\":\"De'Longhi Coffee Lounge\"},\"image\":{\"@id\":\"https:\/\/coffeelounge.delonghi.com\/de\/#\/schema\/logo\/image\/\"}}]}<\/script>\n<!-- \/ Yoast SEO Premium plugin. -->","yoast_head_json":{"title":"Temple Mountain Espresso | Coffee Lounge De&#039;Longhi","description":"Temple Mountain ist ein exklusiver Espresso der R\u00f6sterei Obenauf aus einer Kreuzung von Arabica und Canephora: Arabicoid. Mehr dazu in der Coffee Lounge.","robots":{"index":"index","follow":"follow","max-snippet":"max-snippet:-1","max-image-preview":"max-image-preview:large","max-video-preview":"max-video-preview:-1"},"twitter_card":"summary_large_image","twitter_title":"Temple Mountain Espresso | Coffee Lounge De&#039;Longhi","twitter_description":"Temple Mountain ist ein exklusiver Espresso der R\u00f6sterei Obenauf aus einer Kreuzung von Arabica und Canephora: Arabicoid. Mehr dazu in der Coffee Lounge.","twitter_image":"https:\/\/coffeelounge.delonghi.com\/wp-content\/uploads\/2021\/05\/temple_mountain_espresso.png","schema":{"@context":"https:\/\/schema.org","@graph":[{"@type":"WebPage","@id":"https:\/\/coffeelounge.delonghi.com\/de\/produkt\/obenauf-temple-mountain-espresso\/","url":"https:\/\/coffeelounge.delonghi.com\/de\/produkt\/obenauf-temple-mountain-espresso\/","name":"Temple Mountain Espresso | Coffee Lounge De&#039;Longhi","isPartOf":{"@id":"https:\/\/coffeelounge.delonghi.com\/de\/#website"},"primaryImageOfPage":{"@id":"https:\/\/coffeelounge.delonghi.com\/de\/produkt\/obenauf-temple-mountain-espresso\/#primaryimage"},"image":{"@id":"https:\/\/coffeelounge.delonghi.com\/de\/produkt\/obenauf-temple-mountain-espresso\/#primaryimage"},"thumbnailUrl":"https:\/\/coffeelounge.delonghi.com\/wp-content\/uploads\/2021\/05\/temple_mountain_espresso.png","datePublished":"2021-05-20T15:11:33+00:00","dateModified":"2024-03-04T09:19:40+00:00","description":"Temple Mountain ist ein exklusiver Espresso der R\u00f6sterei Obenauf aus einer Kreuzung von Arabica und Canephora: Arabicoid. Mehr dazu in der Coffee Lounge.","breadcrumb":{"@id":"https:\/\/coffeelounge.delonghi.com\/de\/produkt\/obenauf-temple-mountain-espresso\/#breadcrumb"},"inLanguage":"de","potentialAction":[{"@type":"ReadAction","target":["https:\/\/coffeelounge.delonghi.com\/de\/produkt\/obenauf-temple-mountain-espresso\/"]}]},{"@type":"ImageObject","inLanguage":"de","@id":"https:\/\/coffeelounge.delonghi.com\/de\/produkt\/obenauf-temple-mountain-espresso\/#primaryimage","url":"https:\/\/coffeelounge.delonghi.com\/wp-content\/uploads\/2021\/05\/temple_mountain_espresso.png","contentUrl":"https:\/\/coffeelounge.delonghi.com\/wp-content\/uploads\/2021\/05\/temple_mountain_espresso.png","width":450,"height":450},{"@type":"BreadcrumbList","@id":"https:\/\/coffeelounge.delonghi.com\/de\/produkt\/obenauf-temple-mountain-espresso\/#breadcrumb","itemListElement":[{"@type":"ListItem","position":1,"name":"Home","item":"https:\/\/coffeelounge.delonghi.com\/de\/"},{"@type":"ListItem","position":2,"name":"Produkte","item":"https:\/\/coffeelounge.delonghi.com\/de\/produkte\/"},{"@type":"ListItem","position":3,"name":"Temple Mountain Espresso"}]},{"@type":"WebSite","@id":"https:\/\/coffeelounge.delonghi.com\/de\/#website","url":"https:\/\/coffeelounge.delonghi.com\/de\/","name":"De&#039;Longhi","description":"Coffee Lounge","publisher":{"@id":"https:\/\/coffeelounge.delonghi.com\/de\/#organization"},"potentialAction":[{"@type":"SearchAction","target":{"@type":"EntryPoint","urlTemplate":"https:\/\/coffeelounge.delonghi.com\/de\/?s={search_term_string}"},"query-input":{"@type":"PropertyValueSpecification","valueRequired":true,"valueName":"search_term_string"}}],"inLanguage":"de"},{"@type":"Organization","@id":"https:\/\/coffeelounge.delonghi.com\/de\/#organization","name":"De'Longhi Coffee Lounge","url":"https:\/\/coffeelounge.delonghi.com\/de\/","logo":{"@type":"ImageObject","inLanguage":"de","@id":"https:\/\/coffeelounge.delonghi.com\/de\/#\/schema\/logo\/image\/","url":"https:\/\/coffeelounge.delonghi.com\/wp-content\/uploads\/2020\/05\/delonghi-coffee-lounge-logo-nederland.png","contentUrl":"https:\/\/coffeelounge.delonghi.com\/wp-content\/uploads\/2020\/05\/delonghi-coffee-lounge-logo-nederland.png","width":2337,"height":724,"caption":"De'Longhi Coffee Lounge"},"image":{"@id":"https:\/\/coffeelounge.delonghi.com\/de\/#\/schema\/logo\/image\/"}}]}},"_links":{"self":[{"href":"https:\/\/coffeelounge.delonghi.com\/de\/wp-json\/wp\/v2\/product\/32886","targetHints":{"allow":["GET"]}}],"collection":[{"href":"https:\/\/coffeelounge.delonghi.com\/de\/wp-json\/wp\/v2\/product"}],"about":[{"href":"https:\/\/coffeelounge.delonghi.com\/de\/wp-json\/wp\/v2\/types\/product"}],"replies":[{"embeddable":true,"href":"https:\/\/coffeelounge.delonghi.com\/de\/wp-json\/wp\/v2\/comments?post=32886"}],"version-history":[{"count":3,"href":"https:\/\/coffeelounge.delonghi.com\/de\/wp-json\/wp\/v2\/product\/32886\/revisions"}],"predecessor-version":[{"id":422118,"href":"https:\/\/coffeelounge.delonghi.com\/de\/wp-json\/wp\/v2\/product\/32886\/revisions\/422118"}],"wp:featuredmedia":[{"embeddable":true,"href":"https:\/\/coffeelounge.delonghi.com\/de\/wp-json\/wp\/v2\/media\/421456"}],"wp:attachment":[{"href":"https:\/\/coffeelounge.delonghi.com\/de\/wp-json\/wp\/v2\/media?parent=32886"}],"wp:term":[{"taxonomy":"product_cat","embeddable":true,"href":"https:\/\/coffeelounge.delonghi.com\/de\/wp-json\/wp\/v2\/product_cat?post=32886"},{"taxonomy":"product_tag","embeddable":true,"href":"https:\/\/coffeelounge.delonghi.com\/de\/wp-json\/wp\/v2\/product_tag?post=32886"}],"curies":[{"name":"wp","href":"https:\/\/api.w.org\/{rel}","templated":true}]}}