{"id":32222,"date":"2021-05-18T16:03:52","date_gmt":"2021-05-18T16:03:52","guid":{"rendered":"https:\/\/coffeelounge.delonghi.com\/?post_type=product&#038;p=32222"},"modified":"2024-03-04T09:21:47","modified_gmt":"2024-03-04T09:21:47","slug":"mokuska-san-felipe","status":"publish","type":"product","link":"https:\/\/coffeelounge.delonghi.com\/de\/produkt\/mokuska-san-felipe\/","title":{"rendered":"San Felipe"},"content":{"rendered":"<p>Der San Felipe ist unsere kr\u00e4ftigste Filterkaffeer\u00f6stung, ist Blend aus Bourbon, Catua\u00ed und Caturra, von der Rancho San Felipe (Mexiko) und schmeckt unglaublich s\u00fc\u00df und vollmundig. Mit etwas Milch kommen seine feinen Zitrusnoten und sein voller K\u00f6rper, mit Aromen nach Zartbitterschokolade und Kandis, noch s\u00fc\u00dfer zum Vorschein. Ein Filterkaffee, der sich f\u00fcr ein sanftes Aufwachen am Morgen eignet, oder als Muntermacher am Nachmittag. Ein sanfter und hilfsbereiter Begleiter ohne den ganzen Tag.<\/p>\n<p>Seit 1924 ist die Familie de Gasperin auf der Rancho San Felipe in Cordoba, Mexiko im Kaffee t\u00e4tig. Aufgrund von Kaffeerost und dem immer weiter fallenden B\u00f6rsenpreis ist eine Weiterf\u00fchrung mit konventionellem Kaffee jedoch unm\u00f6glich geworden. In der Region wurden nahezu alle Beneficios aufgegeben und auch die Mehrheit der Produzent*innen hat den Kaffeeanbau ganz oder teils auf Zuckerrohr und andere lukrativere Erzeugnisse umgestellt. Um die Ranch nicht aufgeben zu m\u00fcssen, hat die Familie, sowie einige andere Produzent*innen im Umkreis, komplett auf den Anbau von Specialty Coffee umgestellt. Dieser erfordert mehr Sorgfalt im Anbau und in der Verarbeitung und kann h\u00f6here Preise auf dem Markt erzielen. Seit knapp drei Jahren arbeiten wir nun mit der Rancho San Felipe zusammen und sch\u00e4tzen die Familie de Gasperin als zuverl\u00e4ssigen Partner in Sachen Kaffeehandel und Qualit\u00e4t des Rohkaffees.<\/p>\n<p>Unser Hauptziel als M\u00f3kuska Kaffeer\u00f6sterei ist es, Kaffeehandel nachhaltig zu gestalten. Unser Ansatz beruht dabei auf langfristigen Beziehungen zu Kaffeeproduzent*innen, auf Preisen, die es jedem und jeder in der Wertsch\u00f6pfungskette erm\u00f6glichen, ein gutes Leben zu f\u00fchren und darauf, die Qualit\u00e4t des Specialty Coffees hervorzuheben. Daf\u00fcr entwickelt Stefan Dachale, Gr\u00fcnder der M\u00f3kuska Kaffeer\u00f6sterei und Head Roaster, alle R\u00f6stprofile gezielt f\u00fcr jeden Rohkaffee. Sein Ziel ist es, den charakteristischen Geschmack des Rohkaffees auf geeignete Weise hervorzuheben, damit Du zu Hause oder auf Reisen die perfekte Tasse M\u00f3kuska Specialty Coffee genie\u00dfen kannst.<\/p>\n","protected":false},"excerpt":{"rendered":"<p>Der San Felipe ist unsere kr\u00e4ftigste Filterkaffeer\u00f6stung, ist Blend aus Bourbon, Catua\u00ed und Caturra, von der Rancho San Felipe (Mexiko) und schmeckt unglaublich s\u00fc\u00df und vollmundig. Mit etwas Milch kommen seine feinen Zitrusnoten und sein voller K\u00f6rper, mit Aromen nach Zartbitterschokolade und Kandis, noch s\u00fc\u00dfer zum Vorschein. Ein Filterkaffee, der sich f\u00fcr ein sanftes Aufwachen [&hellip;]<\/p>\n","protected":false},"featured_media":421324,"comment_status":"closed","ping_status":"closed","template":"","meta":{"_acf_changed":false},"product_cat":[262,364,277],"product_tag":[],"class_list":{"0":"post-32222","1":"product","2":"type-product","3":"status-publish","4":"has-post-thumbnail","6":"product_cat-alle-kaffees","7":"product_cat-blend","8":"product_cat-spezialitaetenkaffee","10":"first","11":"instock","12":"taxable","13":"shipping-taxable","14":"purchasable","15":"product-type-variable","16":"has-default-attributes"},"acf":[],"yoast_head":"<!-- This site is optimized with the Yoast SEO Premium plugin v24.5 (Yoast SEO v24.5) - https:\/\/yoast.com\/wordpress\/plugins\/seo\/ -->\n<title>San Felipe | Coffee Lounge De&#039;Longhi<\/title>\n<meta name=\"description\" content=\"Der San Felipe von M\u00f3kuska ist ein unglaublich s\u00fc\u00df und vollmundig schmeckender Blend f\u00fcr Filtermaschinen. Mehr dazu in der Coffee Lounge.\" \/>\n<meta name=\"robots\" content=\"index, follow, max-snippet:-1, max-image-preview:large, max-video-preview:-1\" \/>\n<meta name=\"twitter:card\" content=\"summary_large_image\" \/>\n<meta name=\"twitter:title\" content=\"San Felipe | Coffee Lounge De&#039;Longhi\" \/>\n<meta name=\"twitter:description\" content=\"Der San Felipe von M\u00f3kuska ist ein unglaublich s\u00fc\u00df und vollmundig schmeckender Blend f\u00fcr Filtermaschinen. Mehr dazu in der Coffee Lounge.\" \/>\n<meta name=\"twitter:image\" content=\"https:\/\/coffeelounge.delonghi.com\/wp-content\/uploads\/2021\/05\/san_felipe.png\" \/>\n<script type=\"application\/ld+json\" class=\"yoast-schema-graph\">{\"@context\":\"https:\/\/schema.org\",\"@graph\":[{\"@type\":\"WebPage\",\"@id\":\"https:\/\/coffeelounge.delonghi.com\/de\/produkt\/mokuska-san-felipe\/\",\"url\":\"https:\/\/coffeelounge.delonghi.com\/de\/produkt\/mokuska-san-felipe\/\",\"name\":\"San Felipe | Coffee Lounge De&#039;Longhi\",\"isPartOf\":{\"@id\":\"https:\/\/coffeelounge.delonghi.com\/de\/#website\"},\"primaryImageOfPage\":{\"@id\":\"https:\/\/coffeelounge.delonghi.com\/de\/produkt\/mokuska-san-felipe\/#primaryimage\"},\"image\":{\"@id\":\"https:\/\/coffeelounge.delonghi.com\/de\/produkt\/mokuska-san-felipe\/#primaryimage\"},\"thumbnailUrl\":\"https:\/\/coffeelounge.delonghi.com\/wp-content\/uploads\/2021\/05\/san_felipe.png\",\"datePublished\":\"2021-05-18T16:03:52+00:00\",\"dateModified\":\"2024-03-04T09:21:47+00:00\",\"description\":\"Der San Felipe von M\u00f3kuska ist ein unglaublich s\u00fc\u00df und vollmundig schmeckender Blend f\u00fcr Filtermaschinen. Mehr dazu in der Coffee Lounge.\",\"breadcrumb\":{\"@id\":\"https:\/\/coffeelounge.delonghi.com\/de\/produkt\/mokuska-san-felipe\/#breadcrumb\"},\"inLanguage\":\"de\",\"potentialAction\":[{\"@type\":\"ReadAction\",\"target\":[\"https:\/\/coffeelounge.delonghi.com\/de\/produkt\/mokuska-san-felipe\/\"]}]},{\"@type\":\"ImageObject\",\"inLanguage\":\"de\",\"@id\":\"https:\/\/coffeelounge.delonghi.com\/de\/produkt\/mokuska-san-felipe\/#primaryimage\",\"url\":\"https:\/\/coffeelounge.delonghi.com\/wp-content\/uploads\/2021\/05\/san_felipe.png\",\"contentUrl\":\"https:\/\/coffeelounge.delonghi.com\/wp-content\/uploads\/2021\/05\/san_felipe.png\",\"width\":450,\"height\":450},{\"@type\":\"BreadcrumbList\",\"@id\":\"https:\/\/coffeelounge.delonghi.com\/de\/produkt\/mokuska-san-felipe\/#breadcrumb\",\"itemListElement\":[{\"@type\":\"ListItem\",\"position\":1,\"name\":\"Home\",\"item\":\"https:\/\/coffeelounge.delonghi.com\/de\/\"},{\"@type\":\"ListItem\",\"position\":2,\"name\":\"Produkte\",\"item\":\"https:\/\/coffeelounge.delonghi.com\/de\/produkte\/\"},{\"@type\":\"ListItem\",\"position\":3,\"name\":\"San Felipe\"}]},{\"@type\":\"WebSite\",\"@id\":\"https:\/\/coffeelounge.delonghi.com\/de\/#website\",\"url\":\"https:\/\/coffeelounge.delonghi.com\/de\/\",\"name\":\"De&#039;Longhi\",\"description\":\"Coffee Lounge\",\"publisher\":{\"@id\":\"https:\/\/coffeelounge.delonghi.com\/de\/#organization\"},\"potentialAction\":[{\"@type\":\"SearchAction\",\"target\":{\"@type\":\"EntryPoint\",\"urlTemplate\":\"https:\/\/coffeelounge.delonghi.com\/de\/?s={search_term_string}\"},\"query-input\":{\"@type\":\"PropertyValueSpecification\",\"valueRequired\":true,\"valueName\":\"search_term_string\"}}],\"inLanguage\":\"de\"},{\"@type\":\"Organization\",\"@id\":\"https:\/\/coffeelounge.delonghi.com\/de\/#organization\",\"name\":\"De'Longhi Coffee Lounge\",\"url\":\"https:\/\/coffeelounge.delonghi.com\/de\/\",\"logo\":{\"@type\":\"ImageObject\",\"inLanguage\":\"de\",\"@id\":\"https:\/\/coffeelounge.delonghi.com\/de\/#\/schema\/logo\/image\/\",\"url\":\"https:\/\/coffeelounge.delonghi.com\/wp-content\/uploads\/2020\/05\/delonghi-coffee-lounge-logo-nederland.png\",\"contentUrl\":\"https:\/\/coffeelounge.delonghi.com\/wp-content\/uploads\/2020\/05\/delonghi-coffee-lounge-logo-nederland.png\",\"width\":2337,\"height\":724,\"caption\":\"De'Longhi Coffee Lounge\"},\"image\":{\"@id\":\"https:\/\/coffeelounge.delonghi.com\/de\/#\/schema\/logo\/image\/\"}}]}<\/script>\n<!-- \/ Yoast SEO Premium plugin. -->","yoast_head_json":{"title":"San Felipe | Coffee Lounge De&#039;Longhi","description":"Der San Felipe von M\u00f3kuska ist ein unglaublich s\u00fc\u00df und vollmundig schmeckender Blend f\u00fcr Filtermaschinen. Mehr dazu in der Coffee Lounge.","robots":{"index":"index","follow":"follow","max-snippet":"max-snippet:-1","max-image-preview":"max-image-preview:large","max-video-preview":"max-video-preview:-1"},"twitter_card":"summary_large_image","twitter_title":"San Felipe | Coffee Lounge De&#039;Longhi","twitter_description":"Der San Felipe von M\u00f3kuska ist ein unglaublich s\u00fc\u00df und vollmundig schmeckender Blend f\u00fcr Filtermaschinen. Mehr dazu in der Coffee Lounge.","twitter_image":"https:\/\/coffeelounge.delonghi.com\/wp-content\/uploads\/2021\/05\/san_felipe.png","schema":{"@context":"https:\/\/schema.org","@graph":[{"@type":"WebPage","@id":"https:\/\/coffeelounge.delonghi.com\/de\/produkt\/mokuska-san-felipe\/","url":"https:\/\/coffeelounge.delonghi.com\/de\/produkt\/mokuska-san-felipe\/","name":"San Felipe | Coffee Lounge De&#039;Longhi","isPartOf":{"@id":"https:\/\/coffeelounge.delonghi.com\/de\/#website"},"primaryImageOfPage":{"@id":"https:\/\/coffeelounge.delonghi.com\/de\/produkt\/mokuska-san-felipe\/#primaryimage"},"image":{"@id":"https:\/\/coffeelounge.delonghi.com\/de\/produkt\/mokuska-san-felipe\/#primaryimage"},"thumbnailUrl":"https:\/\/coffeelounge.delonghi.com\/wp-content\/uploads\/2021\/05\/san_felipe.png","datePublished":"2021-05-18T16:03:52+00:00","dateModified":"2024-03-04T09:21:47+00:00","description":"Der San Felipe von M\u00f3kuska ist ein unglaublich s\u00fc\u00df und vollmundig schmeckender Blend f\u00fcr Filtermaschinen. Mehr dazu in der Coffee Lounge.","breadcrumb":{"@id":"https:\/\/coffeelounge.delonghi.com\/de\/produkt\/mokuska-san-felipe\/#breadcrumb"},"inLanguage":"de","potentialAction":[{"@type":"ReadAction","target":["https:\/\/coffeelounge.delonghi.com\/de\/produkt\/mokuska-san-felipe\/"]}]},{"@type":"ImageObject","inLanguage":"de","@id":"https:\/\/coffeelounge.delonghi.com\/de\/produkt\/mokuska-san-felipe\/#primaryimage","url":"https:\/\/coffeelounge.delonghi.com\/wp-content\/uploads\/2021\/05\/san_felipe.png","contentUrl":"https:\/\/coffeelounge.delonghi.com\/wp-content\/uploads\/2021\/05\/san_felipe.png","width":450,"height":450},{"@type":"BreadcrumbList","@id":"https:\/\/coffeelounge.delonghi.com\/de\/produkt\/mokuska-san-felipe\/#breadcrumb","itemListElement":[{"@type":"ListItem","position":1,"name":"Home","item":"https:\/\/coffeelounge.delonghi.com\/de\/"},{"@type":"ListItem","position":2,"name":"Produkte","item":"https:\/\/coffeelounge.delonghi.com\/de\/produkte\/"},{"@type":"ListItem","position":3,"name":"San Felipe"}]},{"@type":"WebSite","@id":"https:\/\/coffeelounge.delonghi.com\/de\/#website","url":"https:\/\/coffeelounge.delonghi.com\/de\/","name":"De&#039;Longhi","description":"Coffee Lounge","publisher":{"@id":"https:\/\/coffeelounge.delonghi.com\/de\/#organization"},"potentialAction":[{"@type":"SearchAction","target":{"@type":"EntryPoint","urlTemplate":"https:\/\/coffeelounge.delonghi.com\/de\/?s={search_term_string}"},"query-input":{"@type":"PropertyValueSpecification","valueRequired":true,"valueName":"search_term_string"}}],"inLanguage":"de"},{"@type":"Organization","@id":"https:\/\/coffeelounge.delonghi.com\/de\/#organization","name":"De'Longhi Coffee Lounge","url":"https:\/\/coffeelounge.delonghi.com\/de\/","logo":{"@type":"ImageObject","inLanguage":"de","@id":"https:\/\/coffeelounge.delonghi.com\/de\/#\/schema\/logo\/image\/","url":"https:\/\/coffeelounge.delonghi.com\/wp-content\/uploads\/2020\/05\/delonghi-coffee-lounge-logo-nederland.png","contentUrl":"https:\/\/coffeelounge.delonghi.com\/wp-content\/uploads\/2020\/05\/delonghi-coffee-lounge-logo-nederland.png","width":2337,"height":724,"caption":"De'Longhi Coffee Lounge"},"image":{"@id":"https:\/\/coffeelounge.delonghi.com\/de\/#\/schema\/logo\/image\/"}}]}},"_links":{"self":[{"href":"https:\/\/coffeelounge.delonghi.com\/de\/wp-json\/wp\/v2\/product\/32222","targetHints":{"allow":["GET"]}}],"collection":[{"href":"https:\/\/coffeelounge.delonghi.com\/de\/wp-json\/wp\/v2\/product"}],"about":[{"href":"https:\/\/coffeelounge.delonghi.com\/de\/wp-json\/wp\/v2\/types\/product"}],"replies":[{"embeddable":true,"href":"https:\/\/coffeelounge.delonghi.com\/de\/wp-json\/wp\/v2\/comments?post=32222"}],"version-history":[{"count":3,"href":"https:\/\/coffeelounge.delonghi.com\/de\/wp-json\/wp\/v2\/product\/32222\/revisions"}],"predecessor-version":[{"id":422123,"href":"https:\/\/coffeelounge.delonghi.com\/de\/wp-json\/wp\/v2\/product\/32222\/revisions\/422123"}],"wp:featuredmedia":[{"embeddable":true,"href":"https:\/\/coffeelounge.delonghi.com\/de\/wp-json\/wp\/v2\/media\/421324"}],"wp:attachment":[{"href":"https:\/\/coffeelounge.delonghi.com\/de\/wp-json\/wp\/v2\/media?parent=32222"}],"wp:term":[{"taxonomy":"product_cat","embeddable":true,"href":"https:\/\/coffeelounge.delonghi.com\/de\/wp-json\/wp\/v2\/product_cat?post=32222"},{"taxonomy":"product_tag","embeddable":true,"href":"https:\/\/coffeelounge.delonghi.com\/de\/wp-json\/wp\/v2\/product_tag?post=32222"}],"curies":[{"name":"wp","href":"https:\/\/api.w.org\/{rel}","templated":true}]}}