{"id":32217,"date":"2021-05-18T15:58:58","date_gmt":"2021-05-18T15:58:58","guid":{"rendered":"https:\/\/coffeelounge.delonghi.com\/?post_type=product&#038;p=32217"},"modified":"2024-03-04T09:21:56","modified_gmt":"2024-03-04T09:21:56","slug":"mokuska-mokuska-no-3","status":"publish","type":"product","link":"https:\/\/coffeelounge.delonghi.com\/de\/produkt\/mokuska-mokuska-no-3\/","title":{"rendered":"M\u00f3kuska No 3"},"content":{"rendered":"<p>Der M\u00f3kuska No 3 ist ein Espressoblend mit mittlerem R\u00f6stgrad, aus drei verschiedenen Kaffees: Brazilien (40 %), Kolumbien (40 %) und \u00c4thiopien (20 % ). Sein s\u00fc\u00dfer, cremiger und vollmundiger Charakter wird durch ein ausgeglichenes Aromenprofil erg\u00e4nzt, das auf beim Trinken Anwandlungen von Milchschokolade, Marzipan, Roten Beeren und Kandiszucker erkennen l\u00e4sst. Hier l\u00e4sst sich eindrucksvoll erleben, wie sich die einzelnen Kaffeevariet\u00e4ten in einem gelungenen Blend geschmacklich erg\u00e4nzen. Nicht umsonst bieten wir den M\u00f3kuska No 3 unseren Caf\u00e9g\u00e4sten jeden Tag als Hausmischung an. Die durchweg positiven R\u00fcckmeldungen best\u00e4rken uns in unserer Einsch\u00e4tzung, dass diese Espressor\u00f6stung wunderbar sowohl mit als auch ohne Milch getrunken werden kann. Probier es aus!<\/p>\n<p>Im M\u00f3kuska No 3 haben wir drei Kaffeel\u00e4nder vereint, die uns geschmacklich sehr am Herzen liegen: Durch den trocken aufbereiteten Catua\u00ed der Fazenda Pedra Bonita (geh\u00f6rt zu den Fazendas Dutra, Brasilien) haben wir eine tolle Grunds\u00fc\u00dfe erreicht. Diese wird noch etwas verst\u00e4rkt durch den exlusiv f\u00fcr uns halbtrocken aufbereiteten Castillo-Colombia-Anteil der Finca Capilla de Rosario, aus Kolumbien, welcher zudem eine wahnsinnig tolle Schokoladennote und Cremigkeit erg\u00e4nzt. Als i-T\u00fcpfelchen haben wir noch einen trocken aufbereiteten Heirloom, aus \u00c4thiopien, von der Washingstation Hambela hinzugef\u00fcgt. Die feine Zitruss\u00e4ure und das komplex Aroma von dunklen roten Beeren rundet diesen Blend ab und l\u00e4sst unser Herz vor Freude etwas h\u00f6her schlagen. Zudem ist dieser Rohkaffee ein Teil unseres Direktimports aus 2020.<\/p>\n<p>Unser Hauptziel als M\u00f3kuska Kaffeer\u00f6sterei ist es, Kaffeehandel nachhaltig zu gestalten. Unser Ansatz beruht dabei auf langfristigen Beziehungen zu Kaffeeproduzent*innen, auf Preisen, die es jedem und jeder in der Wertsch\u00f6pfungskette erm\u00f6glichen, ein gutes Leben zu f\u00fchren und darauf, die Qualit\u00e4t des Specialty Coffees hervorzuheben. Daf\u00fcr entwickelt Stefan Dachale, Gr\u00fcnder der M\u00f3kuska Kaffeer\u00f6sterei und Head Roaster, alle R\u00f6stprofile gezielt f\u00fcr jeden Rohkaffee. Sein Ziel ist es, den charakteristischen Geschmack des Rohkaffees auf geeignete Weise hervorzuheben, damit Du zu Hause oder auf Reisen die perfekte Tasse M\u00f3kuska Specialty Coffee genie\u00dfen kannst.<\/p>\n","protected":false},"excerpt":{"rendered":"<p>Der M\u00f3kuska No 3 ist ein Espressoblend mit mittlerem R\u00f6stgrad, aus drei verschiedenen Kaffees: Brazilien (40 %), Kolumbien (40 %) und \u00c4thiopien (20 % ). Sein s\u00fc\u00dfer, cremiger und vollmundiger Charakter wird durch ein ausgeglichenes Aromenprofil erg\u00e4nzt, das auf beim Trinken Anwandlungen von Milchschokolade, Marzipan, Roten Beeren und Kandiszucker erkennen l\u00e4sst. Hier l\u00e4sst sich eindrucksvoll [&hellip;]<\/p>\n","protected":false},"featured_media":421337,"comment_status":"closed","ping_status":"closed","template":"","meta":{"_acf_changed":false},"product_cat":[262,364],"product_tag":[],"class_list":{"0":"post-32217","1":"product","2":"type-product","3":"status-publish","4":"has-post-thumbnail","6":"product_cat-alle-kaffees","7":"product_cat-blend","9":"first","10":"instock","11":"taxable","12":"shipping-taxable","13":"purchasable","14":"product-type-variable","15":"has-default-attributes"},"acf":[],"yoast_head":"<!-- This site is optimized with the Yoast SEO Premium plugin v24.5 (Yoast SEO v24.5) - https:\/\/yoast.com\/wordpress\/plugins\/seo\/ -->\n<title>M\u00f3kuska No 3 | Coffee Lounge De&#039;Longhi<\/title>\n<meta name=\"description\" content=\"M\u00f3kuska No 3 ist die Hausmischung der R\u00f6sterei M\u00f3kuska, und das mit gutem Grund! Mehr dazu in der Coffee Lounge.\" \/>\n<meta name=\"robots\" content=\"index, follow, max-snippet:-1, max-image-preview:large, max-video-preview:-1\" \/>\n<meta name=\"twitter:card\" content=\"summary_large_image\" \/>\n<meta name=\"twitter:title\" content=\"M\u00f3kuska No 3 | Coffee Lounge De&#039;Longhi\" \/>\n<meta name=\"twitter:description\" content=\"M\u00f3kuska No 3 ist die Hausmischung der R\u00f6sterei M\u00f3kuska, und das mit gutem Grund! Mehr dazu in der Coffee Lounge.\" \/>\n<meta name=\"twitter:image\" content=\"https:\/\/coffeelounge.delonghi.com\/wp-content\/uploads\/2021\/05\/mokuska_No3.png\" \/>\n<script type=\"application\/ld+json\" class=\"yoast-schema-graph\">{\"@context\":\"https:\/\/schema.org\",\"@graph\":[{\"@type\":\"WebPage\",\"@id\":\"https:\/\/coffeelounge.delonghi.com\/de\/produkt\/mokuska-mokuska-no-3\/\",\"url\":\"https:\/\/coffeelounge.delonghi.com\/de\/produkt\/mokuska-mokuska-no-3\/\",\"name\":\"M\u00f3kuska No 3 | Coffee Lounge De&#039;Longhi\",\"isPartOf\":{\"@id\":\"https:\/\/coffeelounge.delonghi.com\/de\/#website\"},\"primaryImageOfPage\":{\"@id\":\"https:\/\/coffeelounge.delonghi.com\/de\/produkt\/mokuska-mokuska-no-3\/#primaryimage\"},\"image\":{\"@id\":\"https:\/\/coffeelounge.delonghi.com\/de\/produkt\/mokuska-mokuska-no-3\/#primaryimage\"},\"thumbnailUrl\":\"https:\/\/coffeelounge.delonghi.com\/wp-content\/uploads\/2021\/05\/mokuska_No3.png\",\"datePublished\":\"2021-05-18T15:58:58+00:00\",\"dateModified\":\"2024-03-04T09:21:56+00:00\",\"description\":\"M\u00f3kuska No 3 ist die Hausmischung der R\u00f6sterei M\u00f3kuska, und das mit gutem Grund! Mehr dazu in der Coffee Lounge.\",\"breadcrumb\":{\"@id\":\"https:\/\/coffeelounge.delonghi.com\/de\/produkt\/mokuska-mokuska-no-3\/#breadcrumb\"},\"inLanguage\":\"de\",\"potentialAction\":[{\"@type\":\"ReadAction\",\"target\":[\"https:\/\/coffeelounge.delonghi.com\/de\/produkt\/mokuska-mokuska-no-3\/\"]}]},{\"@type\":\"ImageObject\",\"inLanguage\":\"de\",\"@id\":\"https:\/\/coffeelounge.delonghi.com\/de\/produkt\/mokuska-mokuska-no-3\/#primaryimage\",\"url\":\"https:\/\/coffeelounge.delonghi.com\/wp-content\/uploads\/2021\/05\/mokuska_No3.png\",\"contentUrl\":\"https:\/\/coffeelounge.delonghi.com\/wp-content\/uploads\/2021\/05\/mokuska_No3.png\",\"width\":450,\"height\":450},{\"@type\":\"BreadcrumbList\",\"@id\":\"https:\/\/coffeelounge.delonghi.com\/de\/produkt\/mokuska-mokuska-no-3\/#breadcrumb\",\"itemListElement\":[{\"@type\":\"ListItem\",\"position\":1,\"name\":\"Home\",\"item\":\"https:\/\/coffeelounge.delonghi.com\/de\/\"},{\"@type\":\"ListItem\",\"position\":2,\"name\":\"Produkte\",\"item\":\"https:\/\/coffeelounge.delonghi.com\/de\/produkte\/\"},{\"@type\":\"ListItem\",\"position\":3,\"name\":\"M\u00f3kuska No 3\"}]},{\"@type\":\"WebSite\",\"@id\":\"https:\/\/coffeelounge.delonghi.com\/de\/#website\",\"url\":\"https:\/\/coffeelounge.delonghi.com\/de\/\",\"name\":\"De&#039;Longhi\",\"description\":\"Coffee Lounge\",\"publisher\":{\"@id\":\"https:\/\/coffeelounge.delonghi.com\/de\/#organization\"},\"potentialAction\":[{\"@type\":\"SearchAction\",\"target\":{\"@type\":\"EntryPoint\",\"urlTemplate\":\"https:\/\/coffeelounge.delonghi.com\/de\/?s={search_term_string}\"},\"query-input\":{\"@type\":\"PropertyValueSpecification\",\"valueRequired\":true,\"valueName\":\"search_term_string\"}}],\"inLanguage\":\"de\"},{\"@type\":\"Organization\",\"@id\":\"https:\/\/coffeelounge.delonghi.com\/de\/#organization\",\"name\":\"De'Longhi Coffee Lounge\",\"url\":\"https:\/\/coffeelounge.delonghi.com\/de\/\",\"logo\":{\"@type\":\"ImageObject\",\"inLanguage\":\"de\",\"@id\":\"https:\/\/coffeelounge.delonghi.com\/de\/#\/schema\/logo\/image\/\",\"url\":\"https:\/\/coffeelounge.delonghi.com\/wp-content\/uploads\/2020\/05\/delonghi-coffee-lounge-logo-nederland.png\",\"contentUrl\":\"https:\/\/coffeelounge.delonghi.com\/wp-content\/uploads\/2020\/05\/delonghi-coffee-lounge-logo-nederland.png\",\"width\":2337,\"height\":724,\"caption\":\"De'Longhi Coffee Lounge\"},\"image\":{\"@id\":\"https:\/\/coffeelounge.delonghi.com\/de\/#\/schema\/logo\/image\/\"}}]}<\/script>\n<!-- \/ Yoast SEO Premium plugin. -->","yoast_head_json":{"title":"M\u00f3kuska No 3 | Coffee Lounge De&#039;Longhi","description":"M\u00f3kuska No 3 ist die Hausmischung der R\u00f6sterei M\u00f3kuska, und das mit gutem Grund! Mehr dazu in der Coffee Lounge.","robots":{"index":"index","follow":"follow","max-snippet":"max-snippet:-1","max-image-preview":"max-image-preview:large","max-video-preview":"max-video-preview:-1"},"twitter_card":"summary_large_image","twitter_title":"M\u00f3kuska No 3 | Coffee Lounge De&#039;Longhi","twitter_description":"M\u00f3kuska No 3 ist die Hausmischung der R\u00f6sterei M\u00f3kuska, und das mit gutem Grund! Mehr dazu in der Coffee Lounge.","twitter_image":"https:\/\/coffeelounge.delonghi.com\/wp-content\/uploads\/2021\/05\/mokuska_No3.png","schema":{"@context":"https:\/\/schema.org","@graph":[{"@type":"WebPage","@id":"https:\/\/coffeelounge.delonghi.com\/de\/produkt\/mokuska-mokuska-no-3\/","url":"https:\/\/coffeelounge.delonghi.com\/de\/produkt\/mokuska-mokuska-no-3\/","name":"M\u00f3kuska No 3 | Coffee Lounge De&#039;Longhi","isPartOf":{"@id":"https:\/\/coffeelounge.delonghi.com\/de\/#website"},"primaryImageOfPage":{"@id":"https:\/\/coffeelounge.delonghi.com\/de\/produkt\/mokuska-mokuska-no-3\/#primaryimage"},"image":{"@id":"https:\/\/coffeelounge.delonghi.com\/de\/produkt\/mokuska-mokuska-no-3\/#primaryimage"},"thumbnailUrl":"https:\/\/coffeelounge.delonghi.com\/wp-content\/uploads\/2021\/05\/mokuska_No3.png","datePublished":"2021-05-18T15:58:58+00:00","dateModified":"2024-03-04T09:21:56+00:00","description":"M\u00f3kuska No 3 ist die Hausmischung der R\u00f6sterei M\u00f3kuska, und das mit gutem Grund! Mehr dazu in der Coffee Lounge.","breadcrumb":{"@id":"https:\/\/coffeelounge.delonghi.com\/de\/produkt\/mokuska-mokuska-no-3\/#breadcrumb"},"inLanguage":"de","potentialAction":[{"@type":"ReadAction","target":["https:\/\/coffeelounge.delonghi.com\/de\/produkt\/mokuska-mokuska-no-3\/"]}]},{"@type":"ImageObject","inLanguage":"de","@id":"https:\/\/coffeelounge.delonghi.com\/de\/produkt\/mokuska-mokuska-no-3\/#primaryimage","url":"https:\/\/coffeelounge.delonghi.com\/wp-content\/uploads\/2021\/05\/mokuska_No3.png","contentUrl":"https:\/\/coffeelounge.delonghi.com\/wp-content\/uploads\/2021\/05\/mokuska_No3.png","width":450,"height":450},{"@type":"BreadcrumbList","@id":"https:\/\/coffeelounge.delonghi.com\/de\/produkt\/mokuska-mokuska-no-3\/#breadcrumb","itemListElement":[{"@type":"ListItem","position":1,"name":"Home","item":"https:\/\/coffeelounge.delonghi.com\/de\/"},{"@type":"ListItem","position":2,"name":"Produkte","item":"https:\/\/coffeelounge.delonghi.com\/de\/produkte\/"},{"@type":"ListItem","position":3,"name":"M\u00f3kuska No 3"}]},{"@type":"WebSite","@id":"https:\/\/coffeelounge.delonghi.com\/de\/#website","url":"https:\/\/coffeelounge.delonghi.com\/de\/","name":"De&#039;Longhi","description":"Coffee Lounge","publisher":{"@id":"https:\/\/coffeelounge.delonghi.com\/de\/#organization"},"potentialAction":[{"@type":"SearchAction","target":{"@type":"EntryPoint","urlTemplate":"https:\/\/coffeelounge.delonghi.com\/de\/?s={search_term_string}"},"query-input":{"@type":"PropertyValueSpecification","valueRequired":true,"valueName":"search_term_string"}}],"inLanguage":"de"},{"@type":"Organization","@id":"https:\/\/coffeelounge.delonghi.com\/de\/#organization","name":"De'Longhi Coffee Lounge","url":"https:\/\/coffeelounge.delonghi.com\/de\/","logo":{"@type":"ImageObject","inLanguage":"de","@id":"https:\/\/coffeelounge.delonghi.com\/de\/#\/schema\/logo\/image\/","url":"https:\/\/coffeelounge.delonghi.com\/wp-content\/uploads\/2020\/05\/delonghi-coffee-lounge-logo-nederland.png","contentUrl":"https:\/\/coffeelounge.delonghi.com\/wp-content\/uploads\/2020\/05\/delonghi-coffee-lounge-logo-nederland.png","width":2337,"height":724,"caption":"De'Longhi Coffee Lounge"},"image":{"@id":"https:\/\/coffeelounge.delonghi.com\/de\/#\/schema\/logo\/image\/"}}]}},"_links":{"self":[{"href":"https:\/\/coffeelounge.delonghi.com\/de\/wp-json\/wp\/v2\/product\/32217","targetHints":{"allow":["GET"]}}],"collection":[{"href":"https:\/\/coffeelounge.delonghi.com\/de\/wp-json\/wp\/v2\/product"}],"about":[{"href":"https:\/\/coffeelounge.delonghi.com\/de\/wp-json\/wp\/v2\/types\/product"}],"replies":[{"embeddable":true,"href":"https:\/\/coffeelounge.delonghi.com\/de\/wp-json\/wp\/v2\/comments?post=32217"}],"version-history":[{"count":2,"href":"https:\/\/coffeelounge.delonghi.com\/de\/wp-json\/wp\/v2\/product\/32217\/revisions"}],"predecessor-version":[{"id":422124,"href":"https:\/\/coffeelounge.delonghi.com\/de\/wp-json\/wp\/v2\/product\/32217\/revisions\/422124"}],"wp:featuredmedia":[{"embeddable":true,"href":"https:\/\/coffeelounge.delonghi.com\/de\/wp-json\/wp\/v2\/media\/421337"}],"wp:attachment":[{"href":"https:\/\/coffeelounge.delonghi.com\/de\/wp-json\/wp\/v2\/media?parent=32217"}],"wp:term":[{"taxonomy":"product_cat","embeddable":true,"href":"https:\/\/coffeelounge.delonghi.com\/de\/wp-json\/wp\/v2\/product_cat?post=32217"},{"taxonomy":"product_tag","embeddable":true,"href":"https:\/\/coffeelounge.delonghi.com\/de\/wp-json\/wp\/v2\/product_tag?post=32217"}],"curies":[{"name":"wp","href":"https:\/\/api.w.org\/{rel}","templated":true}]}}