{"id":32210,"date":"2021-05-18T15:51:58","date_gmt":"2021-05-18T15:51:58","guid":{"rendered":"https:\/\/coffeelounge.delonghi.com\/?post_type=product&#038;p=32210"},"modified":"2024-03-04T09:22:11","modified_gmt":"2024-03-04T09:22:11","slug":"mokuska-kuntu","status":"publish","type":"product","link":"https:\/\/coffeelounge.delonghi.com\/de\/produkt\/mokuska-kuntu\/","title":{"rendered":"Kuntu"},"content":{"rendered":"<p>Der Kuntu ist eine intensiv-s\u00fc\u00dfe und schokoladige dunkle R\u00f6stung, mit Rohkaffee der Peruanischen Kooperative Aproeco. Mit Milch verbindet sich dieser Espresso perfekt zu einem leckeren Cappuccino oder Latte Macchiato. Dabei kommen unter dem Einfluss von Milch die dem Kaffee eigenen Aromen nach Zartbitterschokolade, getrockneten Fr\u00fcchten, Marzipan und Melasse noch st\u00e4rker hervor. Der Kuntu ist ein Blend der Variet\u00e4ten Catimor, Caturra, Pache und Tipica und unsere dunkelste R\u00f6stung. Trotzdem ist sie noch weit weg von der klassischen Italienischen R\u00f6stung und ergibt auch aus dem Vollautomaten einen aromatischen Espresso.<\/p>\n<p>Diesen Arabica-Kaffee haben wir gemeinsam mit unseren Freunden von Cumpa, mit Sitz in Herrenberg, importiert. Die basisdemokratische Kooperative Aproeco wurde 1999 gegr\u00fcndet und umfasst gerade einmal 300 Kaffeefarmer*innen. Unter der Leitung von Jimmy Rojas produzieren und kommerzialisieren die Produzent*innen Kaffee von den H\u00fcgeln der Region Alto Mayo. Aufgrund ihrer hohen sozialen und \u00f6kologischen Verantwortung, l\u00e4sst sich die Kooperative von Fair Trade, Organic und Rainforest Alliance zertifizieren. F\u00fcr unseren Importeur Cumpa wurde unter dem Namen Kuntu ein gemischtes Lot zusammengestellt, welches mit nur 5 Defekten auf 100g Rohkaffee blitzsauber ist.<br \/>\nVon einzelnen Farmer*innen der Kooperative beziehen wir noch ein paar weitere sehr hochwertige Microlots, die alle ebenfalls im Bergregenwald am Rand zum Amazonasbecken liegen. Erstklassig selektiert, professionell aufbereitet und zwischen 86 und 88 Punkten der SCA (Specialty Coffee Association) bewertet.<\/p>\n<p>Unser Hauptziel als M\u00f3kuska Kaffeer\u00f6sterei ist es, Kaffeehandel nachhaltig zu gestalten. Unser Ansatz beruht dabei auf langfristigen Beziehungen zu Kaffeeproduzent*innen, auf Preisen, die es jedem und jeder in der Wertsch\u00f6pfungskette erm\u00f6glichen, ein gutes Leben zu f\u00fchren und darauf, die Qualit\u00e4t des Specialty Coffees hervorzuheben. Daf\u00fcr entwickelt Stefan Dachale, Gr\u00fcnder der M\u00f3kuska Kaffeer\u00f6sterei und Head Roaster, alle R\u00f6stprofile gezielt f\u00fcr jeden Rohkaffee. Sein Ziel ist es, den charakteristischen Geschmack des Rohkaffees auf geeignete Weise hervorzuheben, damit Du zu Hause oder auf Reisen die perfekte Tasse M\u00f3kuska Specialty Coffee genie\u00dfen kannst.<\/p>\n","protected":false},"excerpt":{"rendered":"<p>Der Kuntu ist eine intensiv-s\u00fc\u00dfe und schokoladige dunkle R\u00f6stung, mit Rohkaffee der Peruanischen Kooperative Aproeco. Mit Milch verbindet sich dieser Espresso perfekt zu einem leckeren Cappuccino oder Latte Macchiato. Dabei kommen unter dem Einfluss von Milch die dem Kaffee eigenen Aromen nach Zartbitterschokolade, getrockneten Fr\u00fcchten, Marzipan und Melasse noch st\u00e4rker hervor. Der Kuntu ist ein [&hellip;]<\/p>\n","protected":false},"featured_media":421350,"comment_status":"closed","ping_status":"closed","template":"","meta":{"_acf_changed":false},"product_cat":[262,364,277],"product_tag":[],"class_list":{"0":"post-32210","1":"product","2":"type-product","3":"status-publish","4":"has-post-thumbnail","6":"product_cat-alle-kaffees","7":"product_cat-blend","8":"product_cat-spezialitaetenkaffee","10":"first","11":"instock","12":"taxable","13":"shipping-taxable","14":"purchasable","15":"product-type-variable","16":"has-default-attributes"},"acf":[],"yoast_head":"<!-- This site is optimized with the Yoast SEO Premium plugin v24.5 (Yoast SEO v24.5) - https:\/\/yoast.com\/wordpress\/plugins\/seo\/ -->\n<title>Kuntu | Coffee Lounge De&#039;Longhi<\/title>\n<meta name=\"description\" content=\"Der Kuntu ist eine intensiv-s\u00fc\u00dfe und schokoladige dunkle R\u00f6stung der R\u00f6sterei M\u00f3kuska. Mehr dazu in der Coffee Lounge\" \/>\n<meta name=\"robots\" content=\"index, follow, max-snippet:-1, max-image-preview:large, max-video-preview:-1\" \/>\n<meta name=\"twitter:card\" content=\"summary_large_image\" \/>\n<meta name=\"twitter:title\" content=\"Kuntu | Coffee Lounge De&#039;Longhi\" \/>\n<meta name=\"twitter:description\" content=\"Der Kuntu ist eine intensiv-s\u00fc\u00dfe und schokoladige dunkle R\u00f6stung der R\u00f6sterei M\u00f3kuska. Mehr dazu in der Coffee Lounge\" \/>\n<meta name=\"twitter:image\" content=\"https:\/\/coffeelounge.delonghi.com\/wp-content\/uploads\/2021\/05\/kuntu.png\" \/>\n<script type=\"application\/ld+json\" class=\"yoast-schema-graph\">{\"@context\":\"https:\/\/schema.org\",\"@graph\":[{\"@type\":\"WebPage\",\"@id\":\"https:\/\/coffeelounge.delonghi.com\/de\/produkt\/mokuska-kuntu\/\",\"url\":\"https:\/\/coffeelounge.delonghi.com\/de\/produkt\/mokuska-kuntu\/\",\"name\":\"Kuntu | Coffee Lounge De&#039;Longhi\",\"isPartOf\":{\"@id\":\"https:\/\/coffeelounge.delonghi.com\/de\/#website\"},\"primaryImageOfPage\":{\"@id\":\"https:\/\/coffeelounge.delonghi.com\/de\/produkt\/mokuska-kuntu\/#primaryimage\"},\"image\":{\"@id\":\"https:\/\/coffeelounge.delonghi.com\/de\/produkt\/mokuska-kuntu\/#primaryimage\"},\"thumbnailUrl\":\"https:\/\/coffeelounge.delonghi.com\/wp-content\/uploads\/2021\/05\/kuntu.png\",\"datePublished\":\"2021-05-18T15:51:58+00:00\",\"dateModified\":\"2024-03-04T09:22:11+00:00\",\"description\":\"Der Kuntu ist eine intensiv-s\u00fc\u00dfe und schokoladige dunkle R\u00f6stung der R\u00f6sterei M\u00f3kuska. Mehr dazu in der Coffee Lounge\",\"breadcrumb\":{\"@id\":\"https:\/\/coffeelounge.delonghi.com\/de\/produkt\/mokuska-kuntu\/#breadcrumb\"},\"inLanguage\":\"de\",\"potentialAction\":[{\"@type\":\"ReadAction\",\"target\":[\"https:\/\/coffeelounge.delonghi.com\/de\/produkt\/mokuska-kuntu\/\"]}]},{\"@type\":\"ImageObject\",\"inLanguage\":\"de\",\"@id\":\"https:\/\/coffeelounge.delonghi.com\/de\/produkt\/mokuska-kuntu\/#primaryimage\",\"url\":\"https:\/\/coffeelounge.delonghi.com\/wp-content\/uploads\/2021\/05\/kuntu.png\",\"contentUrl\":\"https:\/\/coffeelounge.delonghi.com\/wp-content\/uploads\/2021\/05\/kuntu.png\",\"width\":450,\"height\":450},{\"@type\":\"BreadcrumbList\",\"@id\":\"https:\/\/coffeelounge.delonghi.com\/de\/produkt\/mokuska-kuntu\/#breadcrumb\",\"itemListElement\":[{\"@type\":\"ListItem\",\"position\":1,\"name\":\"Home\",\"item\":\"https:\/\/coffeelounge.delonghi.com\/de\/\"},{\"@type\":\"ListItem\",\"position\":2,\"name\":\"Produkte\",\"item\":\"https:\/\/coffeelounge.delonghi.com\/de\/produkte\/\"},{\"@type\":\"ListItem\",\"position\":3,\"name\":\"Kuntu\"}]},{\"@type\":\"WebSite\",\"@id\":\"https:\/\/coffeelounge.delonghi.com\/de\/#website\",\"url\":\"https:\/\/coffeelounge.delonghi.com\/de\/\",\"name\":\"De&#039;Longhi\",\"description\":\"Coffee Lounge\",\"publisher\":{\"@id\":\"https:\/\/coffeelounge.delonghi.com\/de\/#organization\"},\"potentialAction\":[{\"@type\":\"SearchAction\",\"target\":{\"@type\":\"EntryPoint\",\"urlTemplate\":\"https:\/\/coffeelounge.delonghi.com\/de\/?s={search_term_string}\"},\"query-input\":{\"@type\":\"PropertyValueSpecification\",\"valueRequired\":true,\"valueName\":\"search_term_string\"}}],\"inLanguage\":\"de\"},{\"@type\":\"Organization\",\"@id\":\"https:\/\/coffeelounge.delonghi.com\/de\/#organization\",\"name\":\"De'Longhi Coffee Lounge\",\"url\":\"https:\/\/coffeelounge.delonghi.com\/de\/\",\"logo\":{\"@type\":\"ImageObject\",\"inLanguage\":\"de\",\"@id\":\"https:\/\/coffeelounge.delonghi.com\/de\/#\/schema\/logo\/image\/\",\"url\":\"https:\/\/coffeelounge.delonghi.com\/wp-content\/uploads\/2020\/05\/delonghi-coffee-lounge-logo-nederland.png\",\"contentUrl\":\"https:\/\/coffeelounge.delonghi.com\/wp-content\/uploads\/2020\/05\/delonghi-coffee-lounge-logo-nederland.png\",\"width\":2337,\"height\":724,\"caption\":\"De'Longhi Coffee Lounge\"},\"image\":{\"@id\":\"https:\/\/coffeelounge.delonghi.com\/de\/#\/schema\/logo\/image\/\"}}]}<\/script>\n<!-- \/ Yoast SEO Premium plugin. -->","yoast_head_json":{"title":"Kuntu | Coffee Lounge De&#039;Longhi","description":"Der Kuntu ist eine intensiv-s\u00fc\u00dfe und schokoladige dunkle R\u00f6stung der R\u00f6sterei M\u00f3kuska. Mehr dazu in der Coffee Lounge","robots":{"index":"index","follow":"follow","max-snippet":"max-snippet:-1","max-image-preview":"max-image-preview:large","max-video-preview":"max-video-preview:-1"},"twitter_card":"summary_large_image","twitter_title":"Kuntu | Coffee Lounge De&#039;Longhi","twitter_description":"Der Kuntu ist eine intensiv-s\u00fc\u00dfe und schokoladige dunkle R\u00f6stung der R\u00f6sterei M\u00f3kuska. Mehr dazu in der Coffee Lounge","twitter_image":"https:\/\/coffeelounge.delonghi.com\/wp-content\/uploads\/2021\/05\/kuntu.png","schema":{"@context":"https:\/\/schema.org","@graph":[{"@type":"WebPage","@id":"https:\/\/coffeelounge.delonghi.com\/de\/produkt\/mokuska-kuntu\/","url":"https:\/\/coffeelounge.delonghi.com\/de\/produkt\/mokuska-kuntu\/","name":"Kuntu | Coffee Lounge De&#039;Longhi","isPartOf":{"@id":"https:\/\/coffeelounge.delonghi.com\/de\/#website"},"primaryImageOfPage":{"@id":"https:\/\/coffeelounge.delonghi.com\/de\/produkt\/mokuska-kuntu\/#primaryimage"},"image":{"@id":"https:\/\/coffeelounge.delonghi.com\/de\/produkt\/mokuska-kuntu\/#primaryimage"},"thumbnailUrl":"https:\/\/coffeelounge.delonghi.com\/wp-content\/uploads\/2021\/05\/kuntu.png","datePublished":"2021-05-18T15:51:58+00:00","dateModified":"2024-03-04T09:22:11+00:00","description":"Der Kuntu ist eine intensiv-s\u00fc\u00dfe und schokoladige dunkle R\u00f6stung der R\u00f6sterei M\u00f3kuska. Mehr dazu in der Coffee Lounge","breadcrumb":{"@id":"https:\/\/coffeelounge.delonghi.com\/de\/produkt\/mokuska-kuntu\/#breadcrumb"},"inLanguage":"de","potentialAction":[{"@type":"ReadAction","target":["https:\/\/coffeelounge.delonghi.com\/de\/produkt\/mokuska-kuntu\/"]}]},{"@type":"ImageObject","inLanguage":"de","@id":"https:\/\/coffeelounge.delonghi.com\/de\/produkt\/mokuska-kuntu\/#primaryimage","url":"https:\/\/coffeelounge.delonghi.com\/wp-content\/uploads\/2021\/05\/kuntu.png","contentUrl":"https:\/\/coffeelounge.delonghi.com\/wp-content\/uploads\/2021\/05\/kuntu.png","width":450,"height":450},{"@type":"BreadcrumbList","@id":"https:\/\/coffeelounge.delonghi.com\/de\/produkt\/mokuska-kuntu\/#breadcrumb","itemListElement":[{"@type":"ListItem","position":1,"name":"Home","item":"https:\/\/coffeelounge.delonghi.com\/de\/"},{"@type":"ListItem","position":2,"name":"Produkte","item":"https:\/\/coffeelounge.delonghi.com\/de\/produkte\/"},{"@type":"ListItem","position":3,"name":"Kuntu"}]},{"@type":"WebSite","@id":"https:\/\/coffeelounge.delonghi.com\/de\/#website","url":"https:\/\/coffeelounge.delonghi.com\/de\/","name":"De&#039;Longhi","description":"Coffee Lounge","publisher":{"@id":"https:\/\/coffeelounge.delonghi.com\/de\/#organization"},"potentialAction":[{"@type":"SearchAction","target":{"@type":"EntryPoint","urlTemplate":"https:\/\/coffeelounge.delonghi.com\/de\/?s={search_term_string}"},"query-input":{"@type":"PropertyValueSpecification","valueRequired":true,"valueName":"search_term_string"}}],"inLanguage":"de"},{"@type":"Organization","@id":"https:\/\/coffeelounge.delonghi.com\/de\/#organization","name":"De'Longhi Coffee Lounge","url":"https:\/\/coffeelounge.delonghi.com\/de\/","logo":{"@type":"ImageObject","inLanguage":"de","@id":"https:\/\/coffeelounge.delonghi.com\/de\/#\/schema\/logo\/image\/","url":"https:\/\/coffeelounge.delonghi.com\/wp-content\/uploads\/2020\/05\/delonghi-coffee-lounge-logo-nederland.png","contentUrl":"https:\/\/coffeelounge.delonghi.com\/wp-content\/uploads\/2020\/05\/delonghi-coffee-lounge-logo-nederland.png","width":2337,"height":724,"caption":"De'Longhi Coffee Lounge"},"image":{"@id":"https:\/\/coffeelounge.delonghi.com\/de\/#\/schema\/logo\/image\/"}}]}},"_links":{"self":[{"href":"https:\/\/coffeelounge.delonghi.com\/de\/wp-json\/wp\/v2\/product\/32210","targetHints":{"allow":["GET"]}}],"collection":[{"href":"https:\/\/coffeelounge.delonghi.com\/de\/wp-json\/wp\/v2\/product"}],"about":[{"href":"https:\/\/coffeelounge.delonghi.com\/de\/wp-json\/wp\/v2\/types\/product"}],"replies":[{"embeddable":true,"href":"https:\/\/coffeelounge.delonghi.com\/de\/wp-json\/wp\/v2\/comments?post=32210"}],"version-history":[{"count":4,"href":"https:\/\/coffeelounge.delonghi.com\/de\/wp-json\/wp\/v2\/product\/32210\/revisions"}],"predecessor-version":[{"id":422125,"href":"https:\/\/coffeelounge.delonghi.com\/de\/wp-json\/wp\/v2\/product\/32210\/revisions\/422125"}],"wp:featuredmedia":[{"embeddable":true,"href":"https:\/\/coffeelounge.delonghi.com\/de\/wp-json\/wp\/v2\/media\/421350"}],"wp:attachment":[{"href":"https:\/\/coffeelounge.delonghi.com\/de\/wp-json\/wp\/v2\/media?parent=32210"}],"wp:term":[{"taxonomy":"product_cat","embeddable":true,"href":"https:\/\/coffeelounge.delonghi.com\/de\/wp-json\/wp\/v2\/product_cat?post=32210"},{"taxonomy":"product_tag","embeddable":true,"href":"https:\/\/coffeelounge.delonghi.com\/de\/wp-json\/wp\/v2\/product_tag?post=32210"}],"curies":[{"name":"wp","href":"https:\/\/api.w.org\/{rel}","templated":true}]}}