{"id":32194,"date":"2021-05-18T15:36:46","date_gmt":"2021-05-18T15:36:46","guid":{"rendered":"https:\/\/coffeelounge.delonghi.com\/?post_type=product&#038;p=32194"},"modified":"2024-03-04T09:22:19","modified_gmt":"2024-03-04T09:22:19","slug":"mokuska-brazilian-gold","status":"publish","type":"product","link":"https:\/\/coffeelounge.delonghi.com\/de\/produkt\/mokuska-brazilian-gold\/","title":{"rendered":"Brazilian Gold"},"content":{"rendered":"<p>Der Brazilian Gold ist ein milder, s\u00fc\u00dfer und sehr ausgewogener Espresso von den Fazendas Dutra mit einem mittleren R\u00f6stgrad. Dieser trocken aufbereitete Blend besteht aus der Variet\u00e4t Gelber und Roter Catua\u00ed. Er bringt die f\u00fcr brasilianische Kaffees typischen Aromen wie Haselnuss und Milchschokolade mit und hat durch die Aufbereitung eine relative hohe Grunds\u00fc\u00dfe. Durch die mittelkr\u00e4ftige R\u00f6stung bleibt aber auch noch gen\u00fcgend Raum f\u00fcr seine zarten, fruchtigen Nuancen von Blutorange und Kirsche. Wie alle Brasilianischen Kaffees schmeckt er sehr balanciert und harmoniert hervorragend mit Milch.<\/p>\n<p>Alle zwei Variet\u00e4ten dieses Blend stammen von den drei Fazendas Dutra: In den fr\u00fchen 50er Jahren erbte der Familienpatriarch Jos\u00e9 Dutra Sobrinho (Zeca Dutra) eine kleine Farm, die er in \u00fcber 40 Jahren zu einem sehr erfolgreichen Unternehmen ausbaute. Doch die gro\u00dfe Kaffeekrise im Jahr 1986 ging auch an den Dutras nicht spurlos vorbei. Nach dem Tod ihres Vaters, im Jahr 1999, lag es an den beiden Br\u00fcdern, sich um das Wohl der Farm und seiner vielz\u00e4hligen Mitarbeiter*innen zu k\u00fcmmern. Mit gro\u00dfem Engagement und Wissensdurst vertieften sie ihre Arbeit und vergr\u00f6\u00dferten die Fazendas Dutra sukzessive auf \u00fcber 1.000 Hektar.<br \/>\nAuf rund 700 Hektar wird heute ausschlie\u00dflich Spezialit\u00e4tenkaffee angebaut. Die verbleibende Fl\u00e4che von 300 Hektar wird als Naturschutzgebiet betrieben, d.h. diese Landfl\u00e4chen werden nicht bewirtschaftet und bieten ein gesch\u00fctztes Habitat f\u00fcr einheimische Pflanzen und Tiere. Dies, gekoppelt mit hohen sozialen Standards, hat zu diversen Zertifizierungen wie Rainforest Alliance, UTZ, 4C Association, Certifica Minas and BSCA (Brazilian Specialty Coffee Association) gef\u00fchrt. Seit 2000 z\u00e4hlt Rohkaffee der Fazendas Dutra zu den besten Kaffees des Landes und hat bereits zahlreiche Preise und Nominierungen im Bereich Spezialit\u00e4tenkaffee gewonnen.<\/p>\n<p>Unser Hauptziel als M\u00f3kuska Kaffeer\u00f6sterei ist es, Kaffeehandel nachhaltig zu gestalten. Unser Ansatz beruht dabei auf langfristigen Beziehungen zu Kaffeeproduzent*innen, auf Preisen, die es jedem und jeder in der Wertsch\u00f6pfungskette erm\u00f6glichen, ein gutes Leben zu f\u00fchren und darauf, die Qualit\u00e4t des Specialty Coffees hervorzuheben. Daf\u00fcr entwickelt Stefan Dachale, Gr\u00fcnder der M\u00f3kuska Kaffeer\u00f6sterei und Head Roaster, alle R\u00f6stprofile gezielt f\u00fcr jeden Rohkaffee. Sein Ziel ist es, den charakteristischen Geschmack des Rohkaffees auf geeignete Weise hervorzuheben, damit Du zu Hause oder auf Reisen die perfekte Tasse M\u00f3kuska Specialty Coffee genie\u00dfen kannst.<\/p>\n","protected":false},"excerpt":{"rendered":"<p>Der Brazilian Gold ist ein milder, s\u00fc\u00dfer und sehr ausgewogener Espresso von den Fazendas Dutra mit einem mittleren R\u00f6stgrad. Dieser trocken aufbereitete Blend besteht aus der Variet\u00e4t Gelber und Roter Catua\u00ed. Er bringt die f\u00fcr brasilianische Kaffees typischen Aromen wie Haselnuss und Milchschokolade mit und hat durch die Aufbereitung eine relative hohe Grunds\u00fc\u00dfe. Durch die [&hellip;]<\/p>\n","protected":false},"featured_media":32681,"comment_status":"closed","ping_status":"closed","template":"","meta":{"_acf_changed":false},"product_cat":[262,364,277],"product_tag":[],"class_list":{"0":"post-32194","1":"product","2":"type-product","3":"status-publish","4":"has-post-thumbnail","6":"product_cat-alle-kaffees","7":"product_cat-blend","8":"product_cat-spezialitaetenkaffee","10":"first","11":"instock","12":"taxable","13":"shipping-taxable","14":"purchasable","15":"product-type-variable","16":"has-default-attributes"},"acf":[],"yoast_head":"<!-- This site is optimized with the Yoast SEO Premium plugin v24.5 (Yoast SEO v24.5) - https:\/\/yoast.com\/wordpress\/plugins\/seo\/ -->\n<title>Brazilian Gold | Coffee Lounge De&#039;Longhi<\/title>\n<meta name=\"description\" content=\"Der Brazilian Gold ist ein milder, s\u00fc\u00dfer und sehr ausgewogener Espresso der R\u00f6sterei M\u00f3kuska. Mehr dazu in der Coffee Lounge.\" \/>\n<meta name=\"robots\" content=\"index, follow, max-snippet:-1, max-image-preview:large, max-video-preview:-1\" \/>\n<meta name=\"twitter:card\" content=\"summary_large_image\" \/>\n<meta name=\"twitter:title\" content=\"Brazilian Gold | Coffee Lounge De&#039;Longhi\" \/>\n<meta name=\"twitter:description\" content=\"Der Brazilian Gold ist ein milder, s\u00fc\u00dfer und sehr ausgewogener Espresso der R\u00f6sterei M\u00f3kuska. Mehr dazu in der Coffee Lounge.\" \/>\n<meta name=\"twitter:image\" content=\"https:\/\/coffeelounge.delonghi.com\/wp-content\/uploads\/2021\/05\/mokuska_02_coffee-pack_450x450.png\" \/>\n<script type=\"application\/ld+json\" class=\"yoast-schema-graph\">{\"@context\":\"https:\/\/schema.org\",\"@graph\":[{\"@type\":\"WebPage\",\"@id\":\"https:\/\/coffeelounge.delonghi.com\/de\/produkt\/mokuska-brazilian-gold\/\",\"url\":\"https:\/\/coffeelounge.delonghi.com\/de\/produkt\/mokuska-brazilian-gold\/\",\"name\":\"Brazilian Gold | Coffee Lounge De&#039;Longhi\",\"isPartOf\":{\"@id\":\"https:\/\/coffeelounge.delonghi.com\/de\/#website\"},\"primaryImageOfPage\":{\"@id\":\"https:\/\/coffeelounge.delonghi.com\/de\/produkt\/mokuska-brazilian-gold\/#primaryimage\"},\"image\":{\"@id\":\"https:\/\/coffeelounge.delonghi.com\/de\/produkt\/mokuska-brazilian-gold\/#primaryimage\"},\"thumbnailUrl\":\"https:\/\/coffeelounge.delonghi.com\/wp-content\/uploads\/2021\/05\/mokuska_02_coffee-pack_450x450.png\",\"datePublished\":\"2021-05-18T15:36:46+00:00\",\"dateModified\":\"2024-03-04T09:22:19+00:00\",\"description\":\"Der Brazilian Gold ist ein milder, s\u00fc\u00dfer und sehr ausgewogener Espresso der R\u00f6sterei M\u00f3kuska. Mehr dazu in der Coffee Lounge.\",\"breadcrumb\":{\"@id\":\"https:\/\/coffeelounge.delonghi.com\/de\/produkt\/mokuska-brazilian-gold\/#breadcrumb\"},\"inLanguage\":\"de\",\"potentialAction\":[{\"@type\":\"ReadAction\",\"target\":[\"https:\/\/coffeelounge.delonghi.com\/de\/produkt\/mokuska-brazilian-gold\/\"]}]},{\"@type\":\"ImageObject\",\"inLanguage\":\"de\",\"@id\":\"https:\/\/coffeelounge.delonghi.com\/de\/produkt\/mokuska-brazilian-gold\/#primaryimage\",\"url\":\"https:\/\/coffeelounge.delonghi.com\/wp-content\/uploads\/2021\/05\/mokuska_02_coffee-pack_450x450.png\",\"contentUrl\":\"https:\/\/coffeelounge.delonghi.com\/wp-content\/uploads\/2021\/05\/mokuska_02_coffee-pack_450x450.png\",\"width\":450,\"height\":450,\"caption\":\"M\u00f3kuska Brazilian Gold\"},{\"@type\":\"BreadcrumbList\",\"@id\":\"https:\/\/coffeelounge.delonghi.com\/de\/produkt\/mokuska-brazilian-gold\/#breadcrumb\",\"itemListElement\":[{\"@type\":\"ListItem\",\"position\":1,\"name\":\"Home\",\"item\":\"https:\/\/coffeelounge.delonghi.com\/de\/\"},{\"@type\":\"ListItem\",\"position\":2,\"name\":\"Produkte\",\"item\":\"https:\/\/coffeelounge.delonghi.com\/de\/produkte\/\"},{\"@type\":\"ListItem\",\"position\":3,\"name\":\"Brazilian Gold\"}]},{\"@type\":\"WebSite\",\"@id\":\"https:\/\/coffeelounge.delonghi.com\/de\/#website\",\"url\":\"https:\/\/coffeelounge.delonghi.com\/de\/\",\"name\":\"De&#039;Longhi\",\"description\":\"Coffee Lounge\",\"publisher\":{\"@id\":\"https:\/\/coffeelounge.delonghi.com\/de\/#organization\"},\"potentialAction\":[{\"@type\":\"SearchAction\",\"target\":{\"@type\":\"EntryPoint\",\"urlTemplate\":\"https:\/\/coffeelounge.delonghi.com\/de\/?s={search_term_string}\"},\"query-input\":{\"@type\":\"PropertyValueSpecification\",\"valueRequired\":true,\"valueName\":\"search_term_string\"}}],\"inLanguage\":\"de\"},{\"@type\":\"Organization\",\"@id\":\"https:\/\/coffeelounge.delonghi.com\/de\/#organization\",\"name\":\"De'Longhi Coffee Lounge\",\"url\":\"https:\/\/coffeelounge.delonghi.com\/de\/\",\"logo\":{\"@type\":\"ImageObject\",\"inLanguage\":\"de\",\"@id\":\"https:\/\/coffeelounge.delonghi.com\/de\/#\/schema\/logo\/image\/\",\"url\":\"https:\/\/coffeelounge.delonghi.com\/wp-content\/uploads\/2020\/05\/delonghi-coffee-lounge-logo-nederland.png\",\"contentUrl\":\"https:\/\/coffeelounge.delonghi.com\/wp-content\/uploads\/2020\/05\/delonghi-coffee-lounge-logo-nederland.png\",\"width\":2337,\"height\":724,\"caption\":\"De'Longhi Coffee Lounge\"},\"image\":{\"@id\":\"https:\/\/coffeelounge.delonghi.com\/de\/#\/schema\/logo\/image\/\"}}]}<\/script>\n<!-- \/ Yoast SEO Premium plugin. -->","yoast_head_json":{"title":"Brazilian Gold | Coffee Lounge De&#039;Longhi","description":"Der Brazilian Gold ist ein milder, s\u00fc\u00dfer und sehr ausgewogener Espresso der R\u00f6sterei M\u00f3kuska. Mehr dazu in der Coffee Lounge.","robots":{"index":"index","follow":"follow","max-snippet":"max-snippet:-1","max-image-preview":"max-image-preview:large","max-video-preview":"max-video-preview:-1"},"twitter_card":"summary_large_image","twitter_title":"Brazilian Gold | Coffee Lounge De&#039;Longhi","twitter_description":"Der Brazilian Gold ist ein milder, s\u00fc\u00dfer und sehr ausgewogener Espresso der R\u00f6sterei M\u00f3kuska. Mehr dazu in der Coffee Lounge.","twitter_image":"https:\/\/coffeelounge.delonghi.com\/wp-content\/uploads\/2021\/05\/mokuska_02_coffee-pack_450x450.png","schema":{"@context":"https:\/\/schema.org","@graph":[{"@type":"WebPage","@id":"https:\/\/coffeelounge.delonghi.com\/de\/produkt\/mokuska-brazilian-gold\/","url":"https:\/\/coffeelounge.delonghi.com\/de\/produkt\/mokuska-brazilian-gold\/","name":"Brazilian Gold | Coffee Lounge De&#039;Longhi","isPartOf":{"@id":"https:\/\/coffeelounge.delonghi.com\/de\/#website"},"primaryImageOfPage":{"@id":"https:\/\/coffeelounge.delonghi.com\/de\/produkt\/mokuska-brazilian-gold\/#primaryimage"},"image":{"@id":"https:\/\/coffeelounge.delonghi.com\/de\/produkt\/mokuska-brazilian-gold\/#primaryimage"},"thumbnailUrl":"https:\/\/coffeelounge.delonghi.com\/wp-content\/uploads\/2021\/05\/mokuska_02_coffee-pack_450x450.png","datePublished":"2021-05-18T15:36:46+00:00","dateModified":"2024-03-04T09:22:19+00:00","description":"Der Brazilian Gold ist ein milder, s\u00fc\u00dfer und sehr ausgewogener Espresso der R\u00f6sterei M\u00f3kuska. Mehr dazu in der Coffee Lounge.","breadcrumb":{"@id":"https:\/\/coffeelounge.delonghi.com\/de\/produkt\/mokuska-brazilian-gold\/#breadcrumb"},"inLanguage":"de","potentialAction":[{"@type":"ReadAction","target":["https:\/\/coffeelounge.delonghi.com\/de\/produkt\/mokuska-brazilian-gold\/"]}]},{"@type":"ImageObject","inLanguage":"de","@id":"https:\/\/coffeelounge.delonghi.com\/de\/produkt\/mokuska-brazilian-gold\/#primaryimage","url":"https:\/\/coffeelounge.delonghi.com\/wp-content\/uploads\/2021\/05\/mokuska_02_coffee-pack_450x450.png","contentUrl":"https:\/\/coffeelounge.delonghi.com\/wp-content\/uploads\/2021\/05\/mokuska_02_coffee-pack_450x450.png","width":450,"height":450,"caption":"M\u00f3kuska Brazilian Gold"},{"@type":"BreadcrumbList","@id":"https:\/\/coffeelounge.delonghi.com\/de\/produkt\/mokuska-brazilian-gold\/#breadcrumb","itemListElement":[{"@type":"ListItem","position":1,"name":"Home","item":"https:\/\/coffeelounge.delonghi.com\/de\/"},{"@type":"ListItem","position":2,"name":"Produkte","item":"https:\/\/coffeelounge.delonghi.com\/de\/produkte\/"},{"@type":"ListItem","position":3,"name":"Brazilian Gold"}]},{"@type":"WebSite","@id":"https:\/\/coffeelounge.delonghi.com\/de\/#website","url":"https:\/\/coffeelounge.delonghi.com\/de\/","name":"De&#039;Longhi","description":"Coffee Lounge","publisher":{"@id":"https:\/\/coffeelounge.delonghi.com\/de\/#organization"},"potentialAction":[{"@type":"SearchAction","target":{"@type":"EntryPoint","urlTemplate":"https:\/\/coffeelounge.delonghi.com\/de\/?s={search_term_string}"},"query-input":{"@type":"PropertyValueSpecification","valueRequired":true,"valueName":"search_term_string"}}],"inLanguage":"de"},{"@type":"Organization","@id":"https:\/\/coffeelounge.delonghi.com\/de\/#organization","name":"De'Longhi Coffee Lounge","url":"https:\/\/coffeelounge.delonghi.com\/de\/","logo":{"@type":"ImageObject","inLanguage":"de","@id":"https:\/\/coffeelounge.delonghi.com\/de\/#\/schema\/logo\/image\/","url":"https:\/\/coffeelounge.delonghi.com\/wp-content\/uploads\/2020\/05\/delonghi-coffee-lounge-logo-nederland.png","contentUrl":"https:\/\/coffeelounge.delonghi.com\/wp-content\/uploads\/2020\/05\/delonghi-coffee-lounge-logo-nederland.png","width":2337,"height":724,"caption":"De'Longhi Coffee Lounge"},"image":{"@id":"https:\/\/coffeelounge.delonghi.com\/de\/#\/schema\/logo\/image\/"}}]}},"_links":{"self":[{"href":"https:\/\/coffeelounge.delonghi.com\/de\/wp-json\/wp\/v2\/product\/32194","targetHints":{"allow":["GET"]}}],"collection":[{"href":"https:\/\/coffeelounge.delonghi.com\/de\/wp-json\/wp\/v2\/product"}],"about":[{"href":"https:\/\/coffeelounge.delonghi.com\/de\/wp-json\/wp\/v2\/types\/product"}],"replies":[{"embeddable":true,"href":"https:\/\/coffeelounge.delonghi.com\/de\/wp-json\/wp\/v2\/comments?post=32194"}],"version-history":[{"count":2,"href":"https:\/\/coffeelounge.delonghi.com\/de\/wp-json\/wp\/v2\/product\/32194\/revisions"}],"predecessor-version":[{"id":422126,"href":"https:\/\/coffeelounge.delonghi.com\/de\/wp-json\/wp\/v2\/product\/32194\/revisions\/422126"}],"wp:featuredmedia":[{"embeddable":true,"href":"https:\/\/coffeelounge.delonghi.com\/de\/wp-json\/wp\/v2\/media\/32681"}],"wp:attachment":[{"href":"https:\/\/coffeelounge.delonghi.com\/de\/wp-json\/wp\/v2\/media?parent=32194"}],"wp:term":[{"taxonomy":"product_cat","embeddable":true,"href":"https:\/\/coffeelounge.delonghi.com\/de\/wp-json\/wp\/v2\/product_cat?post=32194"},{"taxonomy":"product_tag","embeddable":true,"href":"https:\/\/coffeelounge.delonghi.com\/de\/wp-json\/wp\/v2\/product_tag?post=32194"}],"curies":[{"name":"wp","href":"https:\/\/api.w.org\/{rel}","templated":true}]}}