{"id":32049,"date":"2021-05-18T14:18:04","date_gmt":"2021-05-18T14:18:04","guid":{"rendered":"https:\/\/coffeelounge.delonghi.com\/?post_type=product&#038;p=32049"},"modified":"2024-03-04T09:23:57","modified_gmt":"2024-03-04T09:23:57","slug":"black-delight-colombia-planadas-washed-decaf","status":"publish","type":"product","link":"https:\/\/coffeelounge.delonghi.com\/de\/produkt\/black-delight-colombia-planadas-washed-decaf\/","title":{"rendered":"Colombia Planadas Washed Decaf"},"content":{"rendered":"<p>Dieser entkoffeinierte Kaffee wird von einer Gruppe Farmern in Planadas, Tolima produziert. Es ist eine kleine Region im S\u00fcden Kolumbiens inmitten der West- und Zentral-Anden und sie ist fast unerreichbar f\u00fcr Touristen durch die schwierigen Bergpfade und der unsicheren Region in S\u00fcd Huila, die teilweise von Paramilit\u00e4rs kontrolliert wird.<\/p>\n<p>Der Kaffee w\u00e4chst auf lehm- und tonreichem vulkanischem Ascheboden. Nach der Ernte und dem Trocknen wird der Kaffee nach Manizales verschifft, wo er mit dem \u201esugarcane\u201d-processing entkoffeiniert wird.<\/p>\n","protected":false},"excerpt":{"rendered":"<p>Dieser entkoffeinierte Kaffee wird von einer Gruppe Farmern in Planadas, Tolima produziert. Es ist eine kleine Region im S\u00fcden Kolumbiens inmitten der West- und Zentral-Anden und sie ist fast unerreichbar f\u00fcr Touristen durch die schwierigen Bergpfade und der unsicheren Region in S\u00fcd Huila, die teilweise von Paramilit\u00e4rs kontrolliert wird. Der Kaffee w\u00e4chst auf lehm- und [&hellip;]<\/p>\n","protected":false},"featured_media":413598,"comment_status":"closed","ping_status":"closed","template":"","meta":{"_acf_changed":false},"product_cat":[262,279,261,277],"product_tag":[],"class_list":{"0":"post-32049","1":"product","2":"type-product","3":"status-publish","4":"has-post-thumbnail","6":"product_cat-alle-kaffees","7":"product_cat-entkoffeiniert","8":"product_cat-single-origin","9":"product_cat-spezialitaetenkaffee","11":"first","12":"instock","13":"taxable","14":"shipping-taxable","15":"purchasable","16":"product-type-variable","17":"has-default-attributes"},"acf":[],"yoast_head":"<!-- This site is optimized with the Yoast SEO Premium plugin v24.5 (Yoast SEO v24.5) - https:\/\/yoast.com\/wordpress\/plugins\/seo\/ -->\n<title>Colombia Planadas Washed Decaf | Coffee Lounge De&#039;Longhi<\/title>\n<meta name=\"description\" content=\"Der kolombianische Planadas Washed Decaf von Black Delight ist mit seiner Herkunft im Hinterland der Anden ein Unikat unter den koffeinfreien Kaffees.\" \/>\n<meta name=\"robots\" content=\"index, follow, max-snippet:-1, max-image-preview:large, max-video-preview:-1\" \/>\n<meta name=\"twitter:card\" content=\"summary_large_image\" \/>\n<meta name=\"twitter:title\" content=\"Colombia Planadas Washed Decaf | Coffee Lounge De&#039;Longhi\" \/>\n<meta name=\"twitter:description\" content=\"Der kolombianische Planadas Washed Decaf von Black Delight ist mit seiner Herkunft im Hinterland der Anden ein Unikat unter den koffeinfreien Kaffees.\" \/>\n<meta name=\"twitter:image\" content=\"https:\/\/coffeelounge.delonghi.com\/wp-content\/uploads\/2021\/05\/bdl_packshot_2021_doppel_decaf_wht-scaled-600x600-removebg-preview_480.png\" \/>\n<script type=\"application\/ld+json\" class=\"yoast-schema-graph\">{\"@context\":\"https:\/\/schema.org\",\"@graph\":[{\"@type\":\"WebPage\",\"@id\":\"https:\/\/coffeelounge.delonghi.com\/de\/produkt\/black-delight-colombia-planadas-washed-decaf\/\",\"url\":\"https:\/\/coffeelounge.delonghi.com\/de\/produkt\/black-delight-colombia-planadas-washed-decaf\/\",\"name\":\"Colombia Planadas Washed Decaf | Coffee Lounge De&#039;Longhi\",\"isPartOf\":{\"@id\":\"https:\/\/coffeelounge.delonghi.com\/de\/#website\"},\"primaryImageOfPage\":{\"@id\":\"https:\/\/coffeelounge.delonghi.com\/de\/produkt\/black-delight-colombia-planadas-washed-decaf\/#primaryimage\"},\"image\":{\"@id\":\"https:\/\/coffeelounge.delonghi.com\/de\/produkt\/black-delight-colombia-planadas-washed-decaf\/#primaryimage\"},\"thumbnailUrl\":\"https:\/\/coffeelounge.delonghi.com\/wp-content\/uploads\/2021\/05\/bdl_packshot_2021_doppel_decaf_wht-scaled-600x600-removebg-preview_480.png\",\"datePublished\":\"2021-05-18T14:18:04+00:00\",\"dateModified\":\"2024-03-04T09:23:57+00:00\",\"description\":\"Der kolombianische Planadas Washed Decaf von Black Delight ist mit seiner Herkunft im Hinterland der Anden ein Unikat unter den koffeinfreien Kaffees.\",\"breadcrumb\":{\"@id\":\"https:\/\/coffeelounge.delonghi.com\/de\/produkt\/black-delight-colombia-planadas-washed-decaf\/#breadcrumb\"},\"inLanguage\":\"de\",\"potentialAction\":[{\"@type\":\"ReadAction\",\"target\":[\"https:\/\/coffeelounge.delonghi.com\/de\/produkt\/black-delight-colombia-planadas-washed-decaf\/\"]}]},{\"@type\":\"ImageObject\",\"inLanguage\":\"de\",\"@id\":\"https:\/\/coffeelounge.delonghi.com\/de\/produkt\/black-delight-colombia-planadas-washed-decaf\/#primaryimage\",\"url\":\"https:\/\/coffeelounge.delonghi.com\/wp-content\/uploads\/2021\/05\/bdl_packshot_2021_doppel_decaf_wht-scaled-600x600-removebg-preview_480.png\",\"contentUrl\":\"https:\/\/coffeelounge.delonghi.com\/wp-content\/uploads\/2021\/05\/bdl_packshot_2021_doppel_decaf_wht-scaled-600x600-removebg-preview_480.png\",\"width\":480,\"height\":480},{\"@type\":\"BreadcrumbList\",\"@id\":\"https:\/\/coffeelounge.delonghi.com\/de\/produkt\/black-delight-colombia-planadas-washed-decaf\/#breadcrumb\",\"itemListElement\":[{\"@type\":\"ListItem\",\"position\":1,\"name\":\"Home\",\"item\":\"https:\/\/coffeelounge.delonghi.com\/de\/\"},{\"@type\":\"ListItem\",\"position\":2,\"name\":\"Produkte\",\"item\":\"https:\/\/coffeelounge.delonghi.com\/de\/produkte\/\"},{\"@type\":\"ListItem\",\"position\":3,\"name\":\"Colombia Planadas Washed Decaf\"}]},{\"@type\":\"WebSite\",\"@id\":\"https:\/\/coffeelounge.delonghi.com\/de\/#website\",\"url\":\"https:\/\/coffeelounge.delonghi.com\/de\/\",\"name\":\"De&#039;Longhi\",\"description\":\"Coffee Lounge\",\"publisher\":{\"@id\":\"https:\/\/coffeelounge.delonghi.com\/de\/#organization\"},\"potentialAction\":[{\"@type\":\"SearchAction\",\"target\":{\"@type\":\"EntryPoint\",\"urlTemplate\":\"https:\/\/coffeelounge.delonghi.com\/de\/?s={search_term_string}\"},\"query-input\":{\"@type\":\"PropertyValueSpecification\",\"valueRequired\":true,\"valueName\":\"search_term_string\"}}],\"inLanguage\":\"de\"},{\"@type\":\"Organization\",\"@id\":\"https:\/\/coffeelounge.delonghi.com\/de\/#organization\",\"name\":\"De'Longhi Coffee Lounge\",\"url\":\"https:\/\/coffeelounge.delonghi.com\/de\/\",\"logo\":{\"@type\":\"ImageObject\",\"inLanguage\":\"de\",\"@id\":\"https:\/\/coffeelounge.delonghi.com\/de\/#\/schema\/logo\/image\/\",\"url\":\"https:\/\/coffeelounge.delonghi.com\/wp-content\/uploads\/2020\/05\/delonghi-coffee-lounge-logo-nederland.png\",\"contentUrl\":\"https:\/\/coffeelounge.delonghi.com\/wp-content\/uploads\/2020\/05\/delonghi-coffee-lounge-logo-nederland.png\",\"width\":2337,\"height\":724,\"caption\":\"De'Longhi Coffee Lounge\"},\"image\":{\"@id\":\"https:\/\/coffeelounge.delonghi.com\/de\/#\/schema\/logo\/image\/\"}}]}<\/script>\n<!-- \/ Yoast SEO Premium plugin. -->","yoast_head_json":{"title":"Colombia Planadas Washed Decaf | Coffee Lounge De&#039;Longhi","description":"Der kolombianische Planadas Washed Decaf von Black Delight ist mit seiner Herkunft im Hinterland der Anden ein Unikat unter den koffeinfreien Kaffees.","robots":{"index":"index","follow":"follow","max-snippet":"max-snippet:-1","max-image-preview":"max-image-preview:large","max-video-preview":"max-video-preview:-1"},"twitter_card":"summary_large_image","twitter_title":"Colombia Planadas Washed Decaf | Coffee Lounge De&#039;Longhi","twitter_description":"Der kolombianische Planadas Washed Decaf von Black Delight ist mit seiner Herkunft im Hinterland der Anden ein Unikat unter den koffeinfreien Kaffees.","twitter_image":"https:\/\/coffeelounge.delonghi.com\/wp-content\/uploads\/2021\/05\/bdl_packshot_2021_doppel_decaf_wht-scaled-600x600-removebg-preview_480.png","schema":{"@context":"https:\/\/schema.org","@graph":[{"@type":"WebPage","@id":"https:\/\/coffeelounge.delonghi.com\/de\/produkt\/black-delight-colombia-planadas-washed-decaf\/","url":"https:\/\/coffeelounge.delonghi.com\/de\/produkt\/black-delight-colombia-planadas-washed-decaf\/","name":"Colombia Planadas Washed Decaf | Coffee Lounge De&#039;Longhi","isPartOf":{"@id":"https:\/\/coffeelounge.delonghi.com\/de\/#website"},"primaryImageOfPage":{"@id":"https:\/\/coffeelounge.delonghi.com\/de\/produkt\/black-delight-colombia-planadas-washed-decaf\/#primaryimage"},"image":{"@id":"https:\/\/coffeelounge.delonghi.com\/de\/produkt\/black-delight-colombia-planadas-washed-decaf\/#primaryimage"},"thumbnailUrl":"https:\/\/coffeelounge.delonghi.com\/wp-content\/uploads\/2021\/05\/bdl_packshot_2021_doppel_decaf_wht-scaled-600x600-removebg-preview_480.png","datePublished":"2021-05-18T14:18:04+00:00","dateModified":"2024-03-04T09:23:57+00:00","description":"Der kolombianische Planadas Washed Decaf von Black Delight ist mit seiner Herkunft im Hinterland der Anden ein Unikat unter den koffeinfreien Kaffees.","breadcrumb":{"@id":"https:\/\/coffeelounge.delonghi.com\/de\/produkt\/black-delight-colombia-planadas-washed-decaf\/#breadcrumb"},"inLanguage":"de","potentialAction":[{"@type":"ReadAction","target":["https:\/\/coffeelounge.delonghi.com\/de\/produkt\/black-delight-colombia-planadas-washed-decaf\/"]}]},{"@type":"ImageObject","inLanguage":"de","@id":"https:\/\/coffeelounge.delonghi.com\/de\/produkt\/black-delight-colombia-planadas-washed-decaf\/#primaryimage","url":"https:\/\/coffeelounge.delonghi.com\/wp-content\/uploads\/2021\/05\/bdl_packshot_2021_doppel_decaf_wht-scaled-600x600-removebg-preview_480.png","contentUrl":"https:\/\/coffeelounge.delonghi.com\/wp-content\/uploads\/2021\/05\/bdl_packshot_2021_doppel_decaf_wht-scaled-600x600-removebg-preview_480.png","width":480,"height":480},{"@type":"BreadcrumbList","@id":"https:\/\/coffeelounge.delonghi.com\/de\/produkt\/black-delight-colombia-planadas-washed-decaf\/#breadcrumb","itemListElement":[{"@type":"ListItem","position":1,"name":"Home","item":"https:\/\/coffeelounge.delonghi.com\/de\/"},{"@type":"ListItem","position":2,"name":"Produkte","item":"https:\/\/coffeelounge.delonghi.com\/de\/produkte\/"},{"@type":"ListItem","position":3,"name":"Colombia Planadas Washed Decaf"}]},{"@type":"WebSite","@id":"https:\/\/coffeelounge.delonghi.com\/de\/#website","url":"https:\/\/coffeelounge.delonghi.com\/de\/","name":"De&#039;Longhi","description":"Coffee Lounge","publisher":{"@id":"https:\/\/coffeelounge.delonghi.com\/de\/#organization"},"potentialAction":[{"@type":"SearchAction","target":{"@type":"EntryPoint","urlTemplate":"https:\/\/coffeelounge.delonghi.com\/de\/?s={search_term_string}"},"query-input":{"@type":"PropertyValueSpecification","valueRequired":true,"valueName":"search_term_string"}}],"inLanguage":"de"},{"@type":"Organization","@id":"https:\/\/coffeelounge.delonghi.com\/de\/#organization","name":"De'Longhi Coffee Lounge","url":"https:\/\/coffeelounge.delonghi.com\/de\/","logo":{"@type":"ImageObject","inLanguage":"de","@id":"https:\/\/coffeelounge.delonghi.com\/de\/#\/schema\/logo\/image\/","url":"https:\/\/coffeelounge.delonghi.com\/wp-content\/uploads\/2020\/05\/delonghi-coffee-lounge-logo-nederland.png","contentUrl":"https:\/\/coffeelounge.delonghi.com\/wp-content\/uploads\/2020\/05\/delonghi-coffee-lounge-logo-nederland.png","width":2337,"height":724,"caption":"De'Longhi Coffee Lounge"},"image":{"@id":"https:\/\/coffeelounge.delonghi.com\/de\/#\/schema\/logo\/image\/"}}]}},"_links":{"self":[{"href":"https:\/\/coffeelounge.delonghi.com\/de\/wp-json\/wp\/v2\/product\/32049","targetHints":{"allow":["GET"]}}],"collection":[{"href":"https:\/\/coffeelounge.delonghi.com\/de\/wp-json\/wp\/v2\/product"}],"about":[{"href":"https:\/\/coffeelounge.delonghi.com\/de\/wp-json\/wp\/v2\/types\/product"}],"replies":[{"embeddable":true,"href":"https:\/\/coffeelounge.delonghi.com\/de\/wp-json\/wp\/v2\/comments?post=32049"}],"version-history":[{"count":3,"href":"https:\/\/coffeelounge.delonghi.com\/de\/wp-json\/wp\/v2\/product\/32049\/revisions"}],"predecessor-version":[{"id":422131,"href":"https:\/\/coffeelounge.delonghi.com\/de\/wp-json\/wp\/v2\/product\/32049\/revisions\/422131"}],"wp:featuredmedia":[{"embeddable":true,"href":"https:\/\/coffeelounge.delonghi.com\/de\/wp-json\/wp\/v2\/media\/413598"}],"wp:attachment":[{"href":"https:\/\/coffeelounge.delonghi.com\/de\/wp-json\/wp\/v2\/media?parent=32049"}],"wp:term":[{"taxonomy":"product_cat","embeddable":true,"href":"https:\/\/coffeelounge.delonghi.com\/de\/wp-json\/wp\/v2\/product_cat?post=32049"},{"taxonomy":"product_tag","embeddable":true,"href":"https:\/\/coffeelounge.delonghi.com\/de\/wp-json\/wp\/v2\/product_tag?post=32049"}],"curies":[{"name":"wp","href":"https:\/\/api.w.org\/{rel}","templated":true}]}}